{"id":161,"date":"2025-10-01T10:46:22","date_gmt":"2025-10-01T08:46:22","guid":{"rendered":"https:\/\/www.abf.se\/aros\/?page_id=161"},"modified":"2025-10-07T16:47:32","modified_gmt":"2025-10-07T14:47:32","slug":"studiehem-fagersta","status":"publish","type":"page","link":"https:\/\/www.abf.se\/aros\/studiehem-fagersta\/","title":{"rendered":"Studiehem Fagersta"},"content":{"rendered":"<div\n    class=\"acf-hero-block container-lg no-padding mb-12 js-geolocation\"\n    data-block=\"hero-block\"\n    data-index=\"0\"\n>\n    <div class=\"h-[548px]  relative rounded-[32px] overflow-hidden flex bg-gray-light\">\n        <div class=\"relative z-10 mt-auto h-auto w-full md:h-full\">\n            <div class=\"flex w-full h-full flex-col flex-wrap justify-end w-full md:w-7\/12 lg:w-1\/2 md:justify-center\">\n                <div class=\"flex flex-col gap-3 md:gap-[18px] md:transparent pt-16 pb-36 md:py-8 px-4 w-full md:max-w-[620px] mx-auto px-8\">\n\n                    <h1 class=\"hero-heading hero-heading--red-text\"><span>Studiehem Fagersta<\/span><\/h1>\n\n                    \n                                    <\/div>\n            <\/div>\n        <\/div>\n\n                    <picture class=\"as-background-image mix-blend-multiply bg-black\/40\"><img decoding=\"async\" src=\"https:\/\/www.abf.se\/aros\/resized\/?url=https%3A%2F%2Fwww.abf.se%2Fwp-content%2Fuploads%2Fsites%2F71%2F2025%2F09%2Ffagersta.webp&#038;fit=crop&#038;w=1440&#038;s=ea1393f8eab9e62e9687308e881ff64c\" srcset=\"https:\/\/www.abf.se\/aros\/resized\/?url=https%3A%2F%2Fwww.abf.se%2Fwp-content%2Fuploads%2Fsites%2F71%2F2025%2F09%2Ffagersta.webp&#038;fit=crop&#038;w=375&#038;h=540&#038;s=9e1ce7e25df5c1d8a3edd9151f58e315 375w, https:\/\/www.abf.se\/aros\/resized\/?url=https%3A%2F%2Fwww.abf.se%2Fwp-content%2Fuploads%2Fsites%2F71%2F2025%2F09%2Ffagersta.webp&#038;fit=crop&#038;w=447&#038;h=540&#038;s=f26bcf301c66c00ddc20e241e260cf04 447w, https:\/\/www.abf.se\/aros\/resized\/?url=https%3A%2F%2Fwww.abf.se%2Fwp-content%2Fuploads%2Fsites%2F71%2F2025%2F09%2Ffagersta.webp&#038;fit=crop&#038;w=519&#038;h=540&#038;s=71709ebfb0df11c860640eb237af2300 519w, https:\/\/www.abf.se\/aros\/resized\/?url=https%3A%2F%2Fwww.abf.se%2Fwp-content%2Fuploads%2Fsites%2F71%2F2025%2F09%2Ffagersta.webp&#038;fit=crop&#038;w=591&#038;h=540&#038;s=c6483775dffa44cf934c2ead2627f6e2 591w, https:\/\/www.abf.se\/aros\/resized\/?url=https%3A%2F%2Fwww.abf.se%2Fwp-content%2Fuploads%2Fsites%2F71%2F2025%2F09%2Ffagersta.webp&#038;fit=crop&#038;w=663&#038;h=540&#038;s=a4f8c7228248d3e7c4cb038f83ebdf9a 663w, https:\/\/www.abf.se\/aros\/resized\/?url=https%3A%2F%2Fwww.abf.se%2Fwp-content%2Fuploads%2Fsites%2F71%2F2025%2F09%2Ffagersta.webp&#038;fit=crop&#038;w=750&#038;h=540&#038;s=cce670381b1497a96008113e2a135f78 750w, https:\/\/www.abf.se\/aros\/resized\/?url=https%3A%2F%2Fwww.abf.se%2Fwp-content%2Fuploads%2Fsites%2F71%2F2025%2F09%2Ffagersta.webp&#038;fit=crop&#038;w=894&#038;h=540&#038;s=c6d6c4a925a9b04b18dc43cb62e61faa 894w, https:\/\/www.abf.se\/aros\/resized\/?url=https%3A%2F%2Fwww.abf.se%2Fwp-content%2Fuploads%2Fsites%2F71%2F2025%2F09%2Ffagersta.webp&#038;fit=crop&#038;w=1038&#038;h=540&#038;s=b90718758ac0f8ea7b87fa02e0f04384 1038w, https:\/\/www.abf.se\/aros\/resized\/?url=https%3A%2F%2Fwww.abf.se%2Fwp-content%2Fuploads%2Fsites%2F71%2F2025%2F09%2Ffagersta.webp&#038;fit=crop&#038;w=1182&#038;h=540&#038;s=598b0773e559a0e657f584b4122c63fb 1182w, https:\/\/www.abf.se\/aros\/resized\/?url=https%3A%2F%2Fwww.abf.se%2Fwp-content%2Fuploads%2Fsites%2F71%2F2025%2F09%2Ffagersta.webp&#038;fit=crop&#038;w=1326&#038;h=540&#038;s=de5a2667a872a51281b8eb544174dcc9 1326w, https:\/\/www.abf.se\/aros\/resized\/?url=https%3A%2F%2Fwww.abf.se%2Fwp-content%2Fuploads%2Fsites%2F71%2F2025%2F09%2Ffagersta.webp&#038;fit=crop&#038;w=1440&#038;h=540&#038;s=311a236209426ba3622a0f97743affdc 1440w\" alt=\"\" height=\"540\" width=\"1440\" sizes=\"(max-width: 1440px) calc(100vw - 32px), 1440px\" loading=\"eager\" fetchpriority=\"high\" aria-hidden=\"true\" role=\"presentation\" \/><\/picture>\n        \n\n            <\/div>\n\n    <\/div>\n\n<div\n    class=\"acf-text-image-block container my-12 md:my-15\"\n    data-block=\"text-image-block\"\n>\n    <div\n    class=\"flex flex-col items-center md:flex-row gap-8 md:gap-0 justify-between\">\n                        <div class=\"w-full md:w-1\/2 md:order-2\">\n            <picture><img decoding=\"async\" src=\"https:\/\/www.abf.se\/aros\/resized\/?url=https%3A%2F%2Fwww.abf.se%2Fwp-content%2Fuploads%2Fsites%2F71%2F2025%2F09%2Ffagersta.webp&#038;fit=crop&#038;w=578&#038;s=890bd01bd59461d507eda68a693206d6\" srcset=\"https:\/\/www.abf.se\/aros\/resized\/?url=https%3A%2F%2Fwww.abf.se%2Fwp-content%2Fuploads%2Fsites%2F71%2F2025%2F09%2Ffagersta.webp&#038;fit=crop&#038;w=144&#038;h=126&#038;s=9302e4ad7ed3c5c86c9ed21853ae9c17 144w, https:\/\/www.abf.se\/aros\/resized\/?url=https%3A%2F%2Fwww.abf.se%2Fwp-content%2Fuploads%2Fsites%2F71%2F2025%2F09%2Ffagersta.webp&#038;fit=crop&#038;w=240&#038;h=211&#038;s=0f8f180941fe8ec2fa4110e345f067f5 240w, https:\/\/www.abf.se\/aros\/resized\/?url=https%3A%2F%2Fwww.abf.se%2Fwp-content%2Fuploads%2Fsites%2F71%2F2025%2F09%2Ffagersta.webp&#038;fit=crop&#038;w=288&#038;h=253&#038;s=88609dd9458c3de975822bd4fd979369 288w, https:\/\/www.abf.se\/aros\/resized\/?url=https%3A%2F%2Fwww.abf.se%2Fwp-content%2Fuploads%2Fsites%2F71%2F2025%2F09%2Ffagersta.webp&#038;fit=crop&#038;w=336&#038;h=295&#038;s=7a8e64cd3c3b63cde37be93f918a3400 336w, https:\/\/www.abf.se\/aros\/resized\/?url=https%3A%2F%2Fwww.abf.se%2Fwp-content%2Fuploads%2Fsites%2F71%2F2025%2F09%2Ffagersta.webp&#038;fit=crop&#038;w=432&#038;h=380&#038;s=f213482648099f85e01ae69f00da60b9 432w, https:\/\/www.abf.se\/aros\/resized\/?url=https%3A%2F%2Fwww.abf.se%2Fwp-content%2Fuploads%2Fsites%2F71%2F2025%2F09%2Ffagersta.webp&#038;fit=crop&#038;w=480&#038;h=422&#038;s=5a6961487e40d016a5ae46be04fa95f8 480w, https:\/\/www.abf.se\/aros\/resized\/?url=https%3A%2F%2Fwww.abf.se%2Fwp-content%2Fuploads%2Fsites%2F71%2F2025%2F09%2Ffagersta.webp&#038;fit=crop&#038;w=528&#038;h=464&#038;s=6ec8c6ac595b9aadaa8782d629e9891b 528w, https:\/\/www.abf.se\/aros\/resized\/?url=https%3A%2F%2Fwww.abf.se%2Fwp-content%2Fuploads%2Fsites%2F71%2F2025%2F09%2Ffagersta.webp&#038;fit=crop&#038;w=578&#038;h=509&#038;s=758530443bd08c34624adb304694e7cc 578w, https:\/\/www.abf.se\/aros\/resized\/?url=https%3A%2F%2Fwww.abf.se%2Fwp-content%2Fuploads%2Fsites%2F71%2F2025%2F09%2Ffagersta.webp&#038;fit=crop&#038;w=672&#038;h=591&#038;s=1ef67a8056965848db65bef85866c7a4 672w, https:\/\/www.abf.se\/aros\/resized\/?url=https%3A%2F%2Fwww.abf.se%2Fwp-content%2Fuploads%2Fsites%2F71%2F2025%2F09%2Ffagersta.webp&#038;fit=crop&#038;w=864&#038;h=760&#038;s=74e2d7ffe3ba25ceddd7243bbd22a3b4 864w, https:\/\/www.abf.se\/aros\/resized\/?url=https%3A%2F%2Fwww.abf.se%2Fwp-content%2Fuploads%2Fsites%2F71%2F2025%2F09%2Ffagersta.webp&#038;fit=crop&#038;w=1056&#038;h=929&#038;s=804d8da7a40ff9bb6caf4dfcf2db9563 1056w\" alt=\"Entr&eacute;n till ABFs studiehem i Fagersta.\" height=\"509\" width=\"578\" sizes=\"auto, (max-width: 768px) 100vw,\n                (max-width: 1280px) 50vw, 578px\" loading=\"lazy\" fetchpriority=\"low\" \/><\/picture>\n\n        <\/div>\n        \n        <div class=\"w-full md:w-1\/2 md:order-1\">\n        <div class=\"mx-auto md:max-w-[368px]\">\n            <h2 class=\"heading-lg\">V\u00e4lkommen hit!<\/h2>\n            <div class=\"mb-6 mt-4 wysiwyg\">\n                <div class=\"mb-6 mt-4 wysiwyg\"><strong>Bes\u00f6ksadress:<br \/>\n<\/strong>Stationsv\u00e4gen 12<br \/>\n737 40 Fagersta<br \/>\n<strong>Telefon:\u00a0<\/strong>021-470 75 00<br \/>\n\u2013\u2013\u2013\u2013\u2013<\/p>\n<p><strong>\u00d6ppettider:<\/strong><br \/>\nDrop-in: m\u00e5ndagar 13.00\u201317.00. \u00d6vriga dagar tidsbokning. Kontakta din\u00a0verksamhetsutvecklare f\u00f6r att boka en tid.<\/p>\n<\/div>\n\n            <\/div>\n                                            <a href='https:\/\/www.google.com\/maps\/place\/Stationsv%C3%A4gen+12,+737+40+Fagersta\/@60.0037963,15.7904714,447m\/data=!3m2!1e3!4b1!4m6!3m5!1s0x465dc20142894fff:0x6c77910ddb2a49a!8m2!3d60.0037963!4d15.7930517!16s%2Fg%2F11bw3zf_jq?entry=ttu&amp;amp;g_ep=EgoyMDI1MDkxNi4wIKXMDSoASAFQAw%3D%3D' class=\"default-button\" target=\"_blank\">\u00d6ppna i Google maps<\/a>\n                    <\/div>\n        <\/div>\n    <\/div>\n<\/div><ul\n    class=\"acf-article-accordion-block accordion-group grid gap-4 my-12 article-container--wide\"\n    data-block=\"article-accordion-block \"\n    data-ui-accordion-group\n>\n\n            <li class=\"accordion\" data-ui-accordion data-ui-accordion-open=\"false\">\n        <h3>\n        <button data-ui-accordion-button class=\"accordion-toggle font-bold\" aria-expanded=\"false\" aria-controls=\"row-tillganglighet-0\" id=\"tillganglighet-0\">\n            Tillg\u00e4nglighet\n            \n            <figure class=\"w-4.5 h-4.5\" aria-hidden=\"true\">\n            <svg width=\"20\" height=\"20\" viewBox=\"0 0 20 20\" fill=\"none\"\nclass=\"SvgIconElement\">\n<path d=\"M15.8333 7.16667L9.99992 13L4.16659 7.16667\" stroke=\"currentColor\"\/>\n<\/svg>\n            <\/figure>\n        <\/button>\n        \n                <\/h3>\n        <div class=\"accordion-content\">\n            <div id=\"row-tillganglighet-0\" role=\"region\" class=\"accordion-content-wrap\" aria-labelledby=\"tillganglighet-0\">\n                                            <div class=\"wysiwyg\">\n                    <div class=\"accordion-content\">\n<div id=\"row-tillganglighet-0\" class=\"accordion-content-wrap\" role=\"region\" aria-labelledby=\"tillganglighet-0\">\n<div class=\"wysiwyg\">\n<p>Lokalen ligger p\u00e5 v\u00e5ning tv\u00e5 och g\u00e5r att n\u00e5 via trappor och hiss. Kontakta oss f\u00f6r ytterligare information om lokalens tillg\u00e4nglighet.<\/p>\n<\/div>\n<\/div>\n<\/div>\n\n                <\/div>\n                                        <\/div>\n        <\/div>\n    <\/li>\n            <li class=\"accordion\" data-ui-accordion data-ui-accordion-open=\"false\">\n        <h3>\n        <button data-ui-accordion-button class=\"accordion-toggle font-bold\" aria-expanded=\"false\" aria-controls=\"row-personal-1\" id=\"personal-1\">\n            Personal\n            \n            <figure class=\"w-4.5 h-4.5\" aria-hidden=\"true\">\n            <svg width=\"20\" height=\"20\" viewBox=\"0 0 20 20\" fill=\"none\"\nclass=\"SvgIconElement\">\n<path d=\"M15.8333 7.16667L9.99992 13L4.16659 7.16667\" stroke=\"currentColor\"\/>\n<\/svg>\n            <\/figure>\n        <\/button>\n        \n                <\/h3>\n        <div class=\"accordion-content\">\n            <div id=\"row-personal-1\" role=\"region\" class=\"accordion-content-wrap\" aria-labelledby=\"personal-1\">\n                                                <div class=\"grid md:grid-cols-3 gap-y-10 mt-10\">\n                        \n                                                        <div class=\"contact flex flex-col gap-3\">\n                                <div class=\"md:max-w-[160px]\">\n                                    \n                                <\/div>\n                                <div class=\"\">\n                                    <h4 class=\"heading-lg\">Rikard Eriksson<\/h4>\n                                    <p class=\"body-md\">Verksamhetsutvecklare<\/p>\n                                                                    <\/div>\n                                                                <div class=\"flex gap flex-col label-md gap-1\">\n                                                                        <div class=\"flex gap-3\">\n                                        <svg width=\"20\" height=\"20\" viewBox=\"0 0 20 20\" fill=\"none\" xmlns=\"http:\/\/www.w3.org\/2000\/svg\">\n<path d=\"M16.625 17.5C14.8333 17.5 13.0868 17.1007 11.3854 16.3021C9.68403 15.5035 8.17708 14.4479 6.86458 13.1354C5.55208 11.8229 4.49653 10.316 3.69792 8.61458C2.89931 6.91319 2.5 5.16667 2.5 3.375C2.5 3.125 2.58333 2.91667 2.75 2.75C2.91667 2.58333 3.125 2.5 3.375 2.5H6.75C6.94444 2.5 7.11806 2.5625 7.27083 2.6875C7.42361 2.8125 7.51389 2.97222 7.54167 3.16667L8.08333 6.08333C8.11111 6.27778 8.10764 6.45486 8.07292 6.61458C8.03819 6.77431 7.95833 6.91667 7.83333 7.04167L5.8125 9.08333C6.39583 10.0833 7.12847 11.0208 8.01042 11.8958C8.89236 12.7708 9.86111 13.5278 10.9167 14.1667L12.875 12.2083C13 12.0833 13.1632 11.9896 13.3646 11.9271C13.566 11.8646 13.7639 11.8472 13.9583 11.875L16.8333 12.4583C17.0278 12.5 17.1875 12.5938 17.3125 12.7396C17.4375 12.8854 17.5 13.0556 17.5 13.25V16.625C17.5 16.875 17.4167 17.0833 17.25 17.25C17.0833 17.4167 16.875 17.5 16.625 17.5ZM5.02083 7.5L6.39583 6.125L6.04167 4.16667H4.1875C4.25694 4.73611 4.35417 5.29861 4.47917 5.85417C4.60417 6.40972 4.78472 6.95833 5.02083 7.5ZM15.8333 15.7917V13.9583L13.875 13.5625L12.4792 14.9583C13.0208 15.1944 13.5729 15.3819 14.1354 15.5208C14.6979 15.6597 15.2639 15.75 15.8333 15.7917Z\" fill=\"black\"\/>\n<\/svg>\n                                        <p>\n                                                                                                                               <a href=\"callto:021-470 75 26\">021-470 75 26<\/a>\n                                                                                                                                     <\/p>\n                                    <\/div>\n                                                                                                            <div class=\"flex gap-3\">\n                                        <svg width=\"20\" height=\"20\" viewBox=\"0 0 20 20\" fill=\"none\" xmlns=\"http:\/\/www.w3.org\/2000\/svg\">\n<path d=\"M3.33366 16.6666C2.87533 16.6666 2.48296 16.5035 2.15658 16.1771C1.83019 15.8507 1.66699 15.4583 1.66699 15V4.99998C1.66699 4.54165 1.83019 4.14929 2.15658 3.8229C2.48296 3.49651 2.87533 3.33331 3.33366 3.33331H16.667C17.1253 3.33331 17.5177 3.49651 17.8441 3.8229C18.1705 4.14929 18.3337 4.54165 18.3337 4.99998V15C18.3337 15.4583 18.1705 15.8507 17.8441 16.1771C17.5177 16.5035 17.1253 16.6666 16.667 16.6666H3.33366ZM16.667 6.66665L10.4378 10.5625C10.3684 10.6041 10.2955 10.6354 10.2191 10.6562C10.1427 10.6771 10.0698 10.6875 10.0003 10.6875C9.93088 10.6875 9.85797 10.6771 9.78158 10.6562C9.70519 10.6354 9.63227 10.6041 9.56283 10.5625L3.33366 6.66665V15H16.667V6.66665ZM10.0003 9.16665L16.667 4.99998H3.33366L10.0003 9.16665ZM3.33366 6.87498V5.64581V5.66665V5.65623V6.87498Z\" fill=\"black\"\/>\n<\/svg>\n                                        <p><a href=\"mailto:rikard.eriksson@abf.se\">rikard.eriksson@abf.se<\/a><\/p>\n                                    <\/div>\n                                                                    <\/div>\n                                                            <\/div>\n                        \n                                                        <div class=\"contact flex flex-col gap-3\">\n                                <div class=\"md:max-w-[160px]\">\n                                    \n                                <\/div>\n                                <div class=\"\">\n                                    <h4 class=\"heading-lg\">Annelie \u00c5lund<\/h4>\n                                    <p class=\"body-md\">Administration<\/p>\n                                                                    <\/div>\n                                                                <div class=\"flex gap flex-col label-md gap-1\">\n                                                                        <div class=\"flex gap-3\">\n                                        <svg width=\"20\" height=\"20\" viewBox=\"0 0 20 20\" fill=\"none\" xmlns=\"http:\/\/www.w3.org\/2000\/svg\">\n<path d=\"M16.625 17.5C14.8333 17.5 13.0868 17.1007 11.3854 16.3021C9.68403 15.5035 8.17708 14.4479 6.86458 13.1354C5.55208 11.8229 4.49653 10.316 3.69792 8.61458C2.89931 6.91319 2.5 5.16667 2.5 3.375C2.5 3.125 2.58333 2.91667 2.75 2.75C2.91667 2.58333 3.125 2.5 3.375 2.5H6.75C6.94444 2.5 7.11806 2.5625 7.27083 2.6875C7.42361 2.8125 7.51389 2.97222 7.54167 3.16667L8.08333 6.08333C8.11111 6.27778 8.10764 6.45486 8.07292 6.61458C8.03819 6.77431 7.95833 6.91667 7.83333 7.04167L5.8125 9.08333C6.39583 10.0833 7.12847 11.0208 8.01042 11.8958C8.89236 12.7708 9.86111 13.5278 10.9167 14.1667L12.875 12.2083C13 12.0833 13.1632 11.9896 13.3646 11.9271C13.566 11.8646 13.7639 11.8472 13.9583 11.875L16.8333 12.4583C17.0278 12.5 17.1875 12.5938 17.3125 12.7396C17.4375 12.8854 17.5 13.0556 17.5 13.25V16.625C17.5 16.875 17.4167 17.0833 17.25 17.25C17.0833 17.4167 16.875 17.5 16.625 17.5ZM5.02083 7.5L6.39583 6.125L6.04167 4.16667H4.1875C4.25694 4.73611 4.35417 5.29861 4.47917 5.85417C4.60417 6.40972 4.78472 6.95833 5.02083 7.5ZM15.8333 15.7917V13.9583L13.875 13.5625L12.4792 14.9583C13.0208 15.1944 13.5729 15.3819 14.1354 15.5208C14.6979 15.6597 15.2639 15.75 15.8333 15.7917Z\" fill=\"black\"\/>\n<\/svg>\n                                        <p>\n                                                                                                                               <a href=\"callto:021-470 75 62\">021-470 75 62<\/a>\n                                                                                                                                     <\/p>\n                                    <\/div>\n                                                                                                            <div class=\"flex gap-3\">\n                                        <svg width=\"20\" height=\"20\" viewBox=\"0 0 20 20\" fill=\"none\" xmlns=\"http:\/\/www.w3.org\/2000\/svg\">\n<path d=\"M3.33366 16.6666C2.87533 16.6666 2.48296 16.5035 2.15658 16.1771C1.83019 15.8507 1.66699 15.4583 1.66699 15V4.99998C1.66699 4.54165 1.83019 4.14929 2.15658 3.8229C2.48296 3.49651 2.87533 3.33331 3.33366 3.33331H16.667C17.1253 3.33331 17.5177 3.49651 17.8441 3.8229C18.1705 4.14929 18.3337 4.54165 18.3337 4.99998V15C18.3337 15.4583 18.1705 15.8507 17.8441 16.1771C17.5177 16.5035 17.1253 16.6666 16.667 16.6666H3.33366ZM16.667 6.66665L10.4378 10.5625C10.3684 10.6041 10.2955 10.6354 10.2191 10.6562C10.1427 10.6771 10.0698 10.6875 10.0003 10.6875C9.93088 10.6875 9.85797 10.6771 9.78158 10.6562C9.70519 10.6354 9.63227 10.6041 9.56283 10.5625L3.33366 6.66665V15H16.667V6.66665ZM10.0003 9.16665L16.667 4.99998H3.33366L10.0003 9.16665ZM3.33366 6.87498V5.64581V5.66665V5.65623V6.87498Z\" fill=\"black\"\/>\n<\/svg>\n                                        <p><a href=\"mailto:annelie.alund@abf.se\">annelie.alund@abf.se<\/a><\/p>\n                                    <\/div>\n                                                                    <\/div>\n                                                            <\/div>\n                                            <\/div>\n                                        <\/div>\n        <\/div>\n    <\/li>\n    <\/ul>\n","protected":false},"excerpt":{"rendered":"","protected":false},"author":131,"featured_media":0,"parent":0,"menu_order":0,"comment_status":"closed","ping_status":"closed","template":"","meta":{"_acf_changed":false,"footnotes":""},"class_list":["post-161","page","type-page","status-publish","hentry"],"acf":[],"yoast_head":"<!-- This site is optimized with the Yoast SEO plugin v27.0 - https:\/\/yoast.com\/product\/yoast-seo-wordpress\/ -->\n<title>Studiehem Fagersta - Aros<\/title>\n<meta name=\"robots\" content=\"index, follow, max-snippet:-1, max-image-preview:large, max-video-preview:-1\" \/>\n<link rel=\"canonical\" href=\"https:\/\/www.abf.se\/aros\/studiehem-fagersta\/\" \/>\n<meta property=\"og:locale\" content=\"sv_SE\" \/>\n<meta property=\"og:type\" content=\"article\" \/>\n<meta property=\"og:title\" content=\"Studiehem Fagersta - Aros\" \/>\n<meta property=\"og:url\" content=\"https:\/\/www.abf.se\/aros\/studiehem-fagersta\/\" \/>\n<meta property=\"og:site_name\" content=\"Aros\" \/>\n<meta property=\"article:modified_time\" content=\"2025-10-07T14:47:32+00:00\" \/>\n<meta name=\"twitter:card\" content=\"summary_large_image\" \/>\n<script type=\"application\/ld+json\" class=\"yoast-schema-graph\">{\"@context\":\"https:\/\/schema.org\",\"@graph\":[{\"@type\":\"WebPage\",\"@id\":\"https:\/\/www.abf.se\/aros\/studiehem-fagersta\/\",\"url\":\"https:\/\/www.abf.se\/aros\/studiehem-fagersta\/\",\"name\":\"Studiehem Fagersta - Aros\",\"isPartOf\":{\"@id\":\"https:\/\/www.abf.se\/aros\/#website\"},\"datePublished\":\"2025-10-01T08:46:22+00:00\",\"dateModified\":\"2025-10-07T14:47:32+00:00\",\"breadcrumb\":{\"@id\":\"https:\/\/www.abf.se\/aros\/studiehem-fagersta\/#breadcrumb\"},\"inLanguage\":\"sv-SE\",\"potentialAction\":[{\"@type\":\"ReadAction\",\"target\":[\"https:\/\/www.abf.se\/aros\/studiehem-fagersta\/\"]}]},{\"@type\":\"BreadcrumbList\",\"@id\":\"https:\/\/www.abf.se\/aros\/studiehem-fagersta\/#breadcrumb\",\"itemListElement\":[{\"@type\":\"ListItem\",\"position\":1,\"name\":\"Home\",\"item\":\"https:\/\/www.abf.se\/aros\/\"},{\"@type\":\"ListItem\",\"position\":2,\"name\":\"Studiehem Fagersta\"}]},{\"@type\":\"WebSite\",\"@id\":\"https:\/\/www.abf.se\/aros\/#website\",\"url\":\"https:\/\/www.abf.se\/aros\/\",\"name\":\"Aros\",\"description\":\"\",\"potentialAction\":[{\"@type\":\"SearchAction\",\"target\":{\"@type\":\"EntryPoint\",\"urlTemplate\":\"https:\/\/www.abf.se\/aros\/?s={search_term_string}\"},\"query-input\":{\"@type\":\"PropertyValueSpecification\",\"valueRequired\":true,\"valueName\":\"search_term_string\"}}],\"inLanguage\":\"sv-SE\"}]}<\/script>\n<!-- \/ Yoast SEO plugin. -->","yoast_head_json":{"title":"Studiehem Fagersta - Aros","robots":{"index":"index","follow":"follow","max-snippet":"max-snippet:-1","max-image-preview":"max-image-preview:large","max-video-preview":"max-video-preview:-1"},"canonical":"https:\/\/www.abf.se\/aros\/studiehem-fagersta\/","og_locale":"sv_SE","og_type":"article","og_title":"Studiehem Fagersta - Aros","og_url":"https:\/\/www.abf.se\/aros\/studiehem-fagersta\/","og_site_name":"Aros","article_modified_time":"2025-10-07T14:47:32+00:00","twitter_card":"summary_large_image","schema":{"@context":"https:\/\/schema.org","@graph":[{"@type":"WebPage","@id":"https:\/\/www.abf.se\/aros\/studiehem-fagersta\/","url":"https:\/\/www.abf.se\/aros\/studiehem-fagersta\/","name":"Studiehem Fagersta - Aros","isPartOf":{"@id":"https:\/\/www.abf.se\/aros\/#website"},"datePublished":"2025-10-01T08:46:22+00:00","dateModified":"2025-10-07T14:47:32+00:00","breadcrumb":{"@id":"https:\/\/www.abf.se\/aros\/studiehem-fagersta\/#breadcrumb"},"inLanguage":"sv-SE","potentialAction":[{"@type":"ReadAction","target":["https:\/\/www.abf.se\/aros\/studiehem-fagersta\/"]}]},{"@type":"BreadcrumbList","@id":"https:\/\/www.abf.se\/aros\/studiehem-fagersta\/#breadcrumb","itemListElement":[{"@type":"ListItem","position":1,"name":"Home","item":"https:\/\/www.abf.se\/aros\/"},{"@type":"ListItem","position":2,"name":"Studiehem Fagersta"}]},{"@type":"WebSite","@id":"https:\/\/www.abf.se\/aros\/#website","url":"https:\/\/www.abf.se\/aros\/","name":"Aros","description":"","potentialAction":[{"@type":"SearchAction","target":{"@type":"EntryPoint","urlTemplate":"https:\/\/www.abf.se\/aros\/?s={search_term_string}"},"query-input":{"@type":"PropertyValueSpecification","valueRequired":true,"valueName":"search_term_string"}}],"inLanguage":"sv-SE"}]}},"_links":{"self":[{"href":"https:\/\/www.abf.se\/aros\/wp-json\/wp\/v2\/pages\/161","targetHints":{"allow":["GET"]}}],"collection":[{"href":"https:\/\/www.abf.se\/aros\/wp-json\/wp\/v2\/pages"}],"about":[{"href":"https:\/\/www.abf.se\/aros\/wp-json\/wp\/v2\/types\/page"}],"author":[{"embeddable":true,"href":"https:\/\/www.abf.se\/aros\/wp-json\/wp\/v2\/users\/131"}],"replies":[{"embeddable":true,"href":"https:\/\/www.abf.se\/aros\/wp-json\/wp\/v2\/comments?post=161"}],"version-history":[{"count":9,"href":"https:\/\/www.abf.se\/aros\/wp-json\/wp\/v2\/pages\/161\/revisions"}],"predecessor-version":[{"id":346,"href":"https:\/\/www.abf.se\/aros\/wp-json\/wp\/v2\/pages\/161\/revisions\/346"}],"wp:attachment":[{"href":"https:\/\/www.abf.se\/aros\/wp-json\/wp\/v2\/media?parent=161"}],"curies":[{"name":"wp","href":"https:\/\/api.w.org\/{rel}","templated":true}]}}