{"id":171,"date":"2025-10-01T10:48:36","date_gmt":"2025-10-01T08:48:36","guid":{"rendered":"https:\/\/www.abf.se\/aros\/?page_id=171"},"modified":"2025-11-04T09:00:06","modified_gmt":"2025-11-04T08:00:06","slug":"studiehem-tierp","status":"publish","type":"page","link":"https:\/\/www.abf.se\/aros\/studiehem-tierp\/","title":{"rendered":"Studiehem Tierp"},"content":{"rendered":"<div\n    class=\"acf-hero-block container-lg no-padding mb-12 js-geolocation\"\n    data-block=\"hero-block\"\n    data-index=\"0\"\n>\n    <div class=\"h-[548px]  relative rounded-[32px] overflow-hidden flex bg-gray-light\">\n        <div class=\"relative z-10 mt-auto h-auto w-full md:h-full\">\n            <div class=\"flex w-full h-full flex-col flex-wrap justify-end w-full md:w-7\/12 lg:w-1\/2 md:justify-center\">\n                <div class=\"flex flex-col gap-3 md:gap-[18px] md:transparent pt-16 pb-36 md:py-8 px-4 w-full md:max-w-[620px] mx-auto px-8\">\n\n                    <h1 class=\"hero-heading hero-heading--red-text\"><span>Studiehem Tierp<\/span><\/h1>\n\n                    \n                                    <\/div>\n            <\/div>\n        <\/div>\n\n                    <picture class=\"as-background-image mix-blend-multiply bg-black\/40\"><img decoding=\"async\" src=\"https:\/\/www.abf.se\/aros\/resized\/?url=https%3A%2F%2Fwww.abf.se%2Fwp-content%2Fuploads%2Fsites%2F71%2F2025%2F11%2FFixad_fasad_googlemaps-scaled.jpg&#038;fit=crop&#038;w=1440&#038;s=c73d9106b31864692624b5217e042424\" srcset=\"https:\/\/www.abf.se\/aros\/resized\/?url=https%3A%2F%2Fwww.abf.se%2Fwp-content%2Fuploads%2Fsites%2F71%2F2025%2F11%2FFixad_fasad_googlemaps-scaled.jpg&#038;fit=crop&#038;w=375&#038;h=540&#038;s=bccb33c6e57a2ba9e626c934790e55f6 375w, https:\/\/www.abf.se\/aros\/resized\/?url=https%3A%2F%2Fwww.abf.se%2Fwp-content%2Fuploads%2Fsites%2F71%2F2025%2F11%2FFixad_fasad_googlemaps-scaled.jpg&#038;fit=crop&#038;w=447&#038;h=540&#038;s=b194f0c38485d31d3c12958b2b41a371 447w, https:\/\/www.abf.se\/aros\/resized\/?url=https%3A%2F%2Fwww.abf.se%2Fwp-content%2Fuploads%2Fsites%2F71%2F2025%2F11%2FFixad_fasad_googlemaps-scaled.jpg&#038;fit=crop&#038;w=519&#038;h=540&#038;s=69a4ee43ad06cb70e059def1d44fb87f 519w, https:\/\/www.abf.se\/aros\/resized\/?url=https%3A%2F%2Fwww.abf.se%2Fwp-content%2Fuploads%2Fsites%2F71%2F2025%2F11%2FFixad_fasad_googlemaps-scaled.jpg&#038;fit=crop&#038;w=591&#038;h=540&#038;s=92eaa8849fd7afdfa57288f58236c278 591w, https:\/\/www.abf.se\/aros\/resized\/?url=https%3A%2F%2Fwww.abf.se%2Fwp-content%2Fuploads%2Fsites%2F71%2F2025%2F11%2FFixad_fasad_googlemaps-scaled.jpg&#038;fit=crop&#038;w=663&#038;h=540&#038;s=f1285df01c5442c511c84eb6d457e576 663w, https:\/\/www.abf.se\/aros\/resized\/?url=https%3A%2F%2Fwww.abf.se%2Fwp-content%2Fuploads%2Fsites%2F71%2F2025%2F11%2FFixad_fasad_googlemaps-scaled.jpg&#038;fit=crop&#038;w=750&#038;h=540&#038;s=27a77f526b58e99cb78c074e11d886bd 750w, https:\/\/www.abf.se\/aros\/resized\/?url=https%3A%2F%2Fwww.abf.se%2Fwp-content%2Fuploads%2Fsites%2F71%2F2025%2F11%2FFixad_fasad_googlemaps-scaled.jpg&#038;fit=crop&#038;w=894&#038;h=540&#038;s=d7d2dcc6f041f7fc52d6097e2c5167bd 894w, https:\/\/www.abf.se\/aros\/resized\/?url=https%3A%2F%2Fwww.abf.se%2Fwp-content%2Fuploads%2Fsites%2F71%2F2025%2F11%2FFixad_fasad_googlemaps-scaled.jpg&#038;fit=crop&#038;w=1038&#038;h=540&#038;s=f133f825072e69a2cc21d72d9a1c64fb 1038w, https:\/\/www.abf.se\/aros\/resized\/?url=https%3A%2F%2Fwww.abf.se%2Fwp-content%2Fuploads%2Fsites%2F71%2F2025%2F11%2FFixad_fasad_googlemaps-scaled.jpg&#038;fit=crop&#038;w=1182&#038;h=540&#038;s=08d3ad7dbd0bf13d5560ce172ca0672c 1182w, https:\/\/www.abf.se\/aros\/resized\/?url=https%3A%2F%2Fwww.abf.se%2Fwp-content%2Fuploads%2Fsites%2F71%2F2025%2F11%2FFixad_fasad_googlemaps-scaled.jpg&#038;fit=crop&#038;w=1326&#038;h=540&#038;s=f8e39eb1f53105c69e092150fc591876 1326w, https:\/\/www.abf.se\/aros\/resized\/?url=https%3A%2F%2Fwww.abf.se%2Fwp-content%2Fuploads%2Fsites%2F71%2F2025%2F11%2FFixad_fasad_googlemaps-scaled.jpg&#038;fit=crop&#038;w=1440&#038;h=540&#038;s=a3ae811ee939743e39846f55453699ae 1440w\" alt=\"\" height=\"540\" width=\"1440\" sizes=\"(max-width: 1440px) calc(100vw - 32px), 1440px\" loading=\"eager\" fetchpriority=\"high\" aria-hidden=\"true\" role=\"presentation\" \/><\/picture>\n        \n\n            <\/div>\n\n    <\/div>\n\n<div\n    class=\"acf-plain-heading-block container my-16\"\n    data-block=\"plain-heading-block\"\n>\n    <div class=\"max-w-[658px] mx-auto\">\n                            <p class=\"mt-8 body-xl text-black\">\n                ABFs studiehem i Tierp ligger ca tio minuters promenad fr\u00e5n centrum, med n\u00e4rhet till buss- och t\u00e5gstationen. H\u00e4r finns f\u00f6rutom studierum och datasal f\u00f6r cirklar och f\u00f6reningar en fullt utrustad keramiksal samt ett stort k\u00f6k. Lokalerna \u00e4r utrustade med h\u00f6rslingor och mikrofoner. Lokalerna \u00e4r rullstolsv\u00e4nliga och vi har en rymlig WC med installerade handtag. ABFs studiehem i Tierp \u00e4r bemannat minst en dag per vecka \u2013 \u00f6vrig tid \u00e4r kontoret obemannat och vi n\u00e5s via e-post eller telefon.\n            <\/p>\n            <\/div>\n<\/div>\n<div\n    class=\"acf-text-image-block container my-12 md:my-15\"\n    data-block=\"text-image-block\"\n>\n    <div\n    class=\"flex flex-col items-center md:flex-row gap-8 md:gap-0 justify-between\">\n                        <div class=\"w-full md:w-1\/2 md:order-2\">\n            <picture><img decoding=\"async\" src=\"https:\/\/www.abf.se\/aros\/resized\/?url=https%3A%2F%2Fwww.abf.se%2Fwp-content%2Fuploads%2Fsites%2F71%2F2025%2F11%2FDSC_4388-scaled.jpg&#038;fit=crop&#038;w=578&#038;s=8c9552c10f93778562eae67f7deaa410\" srcset=\"https:\/\/www.abf.se\/aros\/resized\/?url=https%3A%2F%2Fwww.abf.se%2Fwp-content%2Fuploads%2Fsites%2F71%2F2025%2F11%2FDSC_4388-scaled.jpg&#038;fit=crop&#038;w=144&#038;h=126&#038;s=2bf679a9177062fb18450bf1e22dff06 144w, https:\/\/www.abf.se\/aros\/resized\/?url=https%3A%2F%2Fwww.abf.se%2Fwp-content%2Fuploads%2Fsites%2F71%2F2025%2F11%2FDSC_4388-scaled.jpg&#038;fit=crop&#038;w=240&#038;h=211&#038;s=037e635df209077ab1578fd166318f8f 240w, https:\/\/www.abf.se\/aros\/resized\/?url=https%3A%2F%2Fwww.abf.se%2Fwp-content%2Fuploads%2Fsites%2F71%2F2025%2F11%2FDSC_4388-scaled.jpg&#038;fit=crop&#038;w=288&#038;h=253&#038;s=af2503b8089b6a3d9029a50d0d506954 288w, https:\/\/www.abf.se\/aros\/resized\/?url=https%3A%2F%2Fwww.abf.se%2Fwp-content%2Fuploads%2Fsites%2F71%2F2025%2F11%2FDSC_4388-scaled.jpg&#038;fit=crop&#038;w=336&#038;h=295&#038;s=7676579cd5d58bd9e66da2eefdf1e34c 336w, https:\/\/www.abf.se\/aros\/resized\/?url=https%3A%2F%2Fwww.abf.se%2Fwp-content%2Fuploads%2Fsites%2F71%2F2025%2F11%2FDSC_4388-scaled.jpg&#038;fit=crop&#038;w=432&#038;h=380&#038;s=1f765a6f8dbfad1743ba556176e020fb 432w, https:\/\/www.abf.se\/aros\/resized\/?url=https%3A%2F%2Fwww.abf.se%2Fwp-content%2Fuploads%2Fsites%2F71%2F2025%2F11%2FDSC_4388-scaled.jpg&#038;fit=crop&#038;w=480&#038;h=422&#038;s=f895c6c34d3d102029cf40fc219e5e76 480w, https:\/\/www.abf.se\/aros\/resized\/?url=https%3A%2F%2Fwww.abf.se%2Fwp-content%2Fuploads%2Fsites%2F71%2F2025%2F11%2FDSC_4388-scaled.jpg&#038;fit=crop&#038;w=528&#038;h=464&#038;s=e2b8d1b8c48146e83e1baa7423b53d24 528w, https:\/\/www.abf.se\/aros\/resized\/?url=https%3A%2F%2Fwww.abf.se%2Fwp-content%2Fuploads%2Fsites%2F71%2F2025%2F11%2FDSC_4388-scaled.jpg&#038;fit=crop&#038;w=578&#038;h=509&#038;s=869eaea48990667ab7b90126ad003696 578w, https:\/\/www.abf.se\/aros\/resized\/?url=https%3A%2F%2Fwww.abf.se%2Fwp-content%2Fuploads%2Fsites%2F71%2F2025%2F11%2FDSC_4388-scaled.jpg&#038;fit=crop&#038;w=672&#038;h=591&#038;s=f10cd6f7a121715951cb8c2dac551b62 672w, https:\/\/www.abf.se\/aros\/resized\/?url=https%3A%2F%2Fwww.abf.se%2Fwp-content%2Fuploads%2Fsites%2F71%2F2025%2F11%2FDSC_4388-scaled.jpg&#038;fit=crop&#038;w=864&#038;h=760&#038;s=b82b4e08033256cd93fa931159884761 864w, https:\/\/www.abf.se\/aros\/resized\/?url=https%3A%2F%2Fwww.abf.se%2Fwp-content%2Fuploads%2Fsites%2F71%2F2025%2F11%2FDSC_4388-scaled.jpg&#038;fit=crop&#038;w=1056&#038;h=929&#038;s=bad507f0f9e1207b2707075e5adcc21f 1056w\" alt=\"ABFs studiehem i Tierp, baksidan\" height=\"509\" width=\"578\" sizes=\"auto, (max-width: 768px) 100vw,\n                (max-width: 1280px) 50vw, 578px\" loading=\"lazy\" fetchpriority=\"low\" \/><\/picture>\n\n        <\/div>\n        \n        <div class=\"w-full md:w-1\/2 md:order-1\">\n        <div class=\"mx-auto md:max-w-[368px]\">\n            <h2 class=\"heading-lg\">V\u00e4lkommen hit!<\/h2>\n            <div class=\"mb-6 mt-4 wysiwyg\">\n                <p><strong>Bes\u00f6ksadress:<\/strong><br \/>\nBondegatan 2<br \/>\n815 36 Tierp<\/p>\n\n            <\/div>\n                                            <a href='https:\/\/www.google.com\/maps\/place\/Bondegatan+2,+815+36+Tierp\/@60.3448297,17.5025411,443m\/data=!3m2!1e3!4b1!4m6!3m5!1s0x46609ab3d6a6320f:0x2cb3c64539216204!8m2!3d60.3448297!4d17.5051214!16s%2Fg%2F11c4r7dm83?entry=ttu&amp;amp;g_ep=EgoyMDI1MDkxNi4wIKXMDSoASAFQAw%3D%3D' class=\"default-button\" target=\"_blank\">\u00d6ppna i Google maps<\/a>\n                    <\/div>\n        <\/div>\n    <\/div>\n<\/div>","protected":false},"excerpt":{"rendered":"","protected":false},"author":131,"featured_media":0,"parent":0,"menu_order":0,"comment_status":"closed","ping_status":"closed","template":"","meta":{"_acf_changed":false,"footnotes":""},"class_list":["post-171","page","type-page","status-publish","hentry"],"acf":[],"yoast_head":"<!-- This site is optimized with the Yoast SEO plugin v27.0 - https:\/\/yoast.com\/product\/yoast-seo-wordpress\/ -->\n<title>Studiehem Tierp - Aros<\/title>\n<meta name=\"robots\" content=\"index, follow, max-snippet:-1, max-image-preview:large, max-video-preview:-1\" \/>\n<link rel=\"canonical\" href=\"https:\/\/www.abf.se\/aros\/studiehem-tierp\/\" \/>\n<meta property=\"og:locale\" content=\"sv_SE\" \/>\n<meta property=\"og:type\" content=\"article\" \/>\n<meta property=\"og:title\" content=\"Studiehem Tierp - Aros\" \/>\n<meta property=\"og:url\" content=\"https:\/\/www.abf.se\/aros\/studiehem-tierp\/\" \/>\n<meta property=\"og:site_name\" content=\"Aros\" \/>\n<meta property=\"article:modified_time\" content=\"2025-11-04T08:00:06+00:00\" \/>\n<meta name=\"twitter:card\" content=\"summary_large_image\" \/>\n<script type=\"application\/ld+json\" class=\"yoast-schema-graph\">{\"@context\":\"https:\/\/schema.org\",\"@graph\":[{\"@type\":\"WebPage\",\"@id\":\"https:\/\/www.abf.se\/aros\/studiehem-tierp\/\",\"url\":\"https:\/\/www.abf.se\/aros\/studiehem-tierp\/\",\"name\":\"Studiehem Tierp - Aros\",\"isPartOf\":{\"@id\":\"https:\/\/www.abf.se\/aros\/#website\"},\"datePublished\":\"2025-10-01T08:48:36+00:00\",\"dateModified\":\"2025-11-04T08:00:06+00:00\",\"breadcrumb\":{\"@id\":\"https:\/\/www.abf.se\/aros\/studiehem-tierp\/#breadcrumb\"},\"inLanguage\":\"sv-SE\",\"potentialAction\":[{\"@type\":\"ReadAction\",\"target\":[\"https:\/\/www.abf.se\/aros\/studiehem-tierp\/\"]}]},{\"@type\":\"BreadcrumbList\",\"@id\":\"https:\/\/www.abf.se\/aros\/studiehem-tierp\/#breadcrumb\",\"itemListElement\":[{\"@type\":\"ListItem\",\"position\":1,\"name\":\"Home\",\"item\":\"https:\/\/www.abf.se\/aros\/\"},{\"@type\":\"ListItem\",\"position\":2,\"name\":\"Studiehem Tierp\"}]},{\"@type\":\"WebSite\",\"@id\":\"https:\/\/www.abf.se\/aros\/#website\",\"url\":\"https:\/\/www.abf.se\/aros\/\",\"name\":\"Aros\",\"description\":\"\",\"potentialAction\":[{\"@type\":\"SearchAction\",\"target\":{\"@type\":\"EntryPoint\",\"urlTemplate\":\"https:\/\/www.abf.se\/aros\/?s={search_term_string}\"},\"query-input\":{\"@type\":\"PropertyValueSpecification\",\"valueRequired\":true,\"valueName\":\"search_term_string\"}}],\"inLanguage\":\"sv-SE\"}]}<\/script>\n<!-- \/ Yoast SEO plugin. -->","yoast_head_json":{"title":"Studiehem Tierp - Aros","robots":{"index":"index","follow":"follow","max-snippet":"max-snippet:-1","max-image-preview":"max-image-preview:large","max-video-preview":"max-video-preview:-1"},"canonical":"https:\/\/www.abf.se\/aros\/studiehem-tierp\/","og_locale":"sv_SE","og_type":"article","og_title":"Studiehem Tierp - Aros","og_url":"https:\/\/www.abf.se\/aros\/studiehem-tierp\/","og_site_name":"Aros","article_modified_time":"2025-11-04T08:00:06+00:00","twitter_card":"summary_large_image","schema":{"@context":"https:\/\/schema.org","@graph":[{"@type":"WebPage","@id":"https:\/\/www.abf.se\/aros\/studiehem-tierp\/","url":"https:\/\/www.abf.se\/aros\/studiehem-tierp\/","name":"Studiehem Tierp - Aros","isPartOf":{"@id":"https:\/\/www.abf.se\/aros\/#website"},"datePublished":"2025-10-01T08:48:36+00:00","dateModified":"2025-11-04T08:00:06+00:00","breadcrumb":{"@id":"https:\/\/www.abf.se\/aros\/studiehem-tierp\/#breadcrumb"},"inLanguage":"sv-SE","potentialAction":[{"@type":"ReadAction","target":["https:\/\/www.abf.se\/aros\/studiehem-tierp\/"]}]},{"@type":"BreadcrumbList","@id":"https:\/\/www.abf.se\/aros\/studiehem-tierp\/#breadcrumb","itemListElement":[{"@type":"ListItem","position":1,"name":"Home","item":"https:\/\/www.abf.se\/aros\/"},{"@type":"ListItem","position":2,"name":"Studiehem Tierp"}]},{"@type":"WebSite","@id":"https:\/\/www.abf.se\/aros\/#website","url":"https:\/\/www.abf.se\/aros\/","name":"Aros","description":"","potentialAction":[{"@type":"SearchAction","target":{"@type":"EntryPoint","urlTemplate":"https:\/\/www.abf.se\/aros\/?s={search_term_string}"},"query-input":{"@type":"PropertyValueSpecification","valueRequired":true,"valueName":"search_term_string"}}],"inLanguage":"sv-SE"}]}},"_links":{"self":[{"href":"https:\/\/www.abf.se\/aros\/wp-json\/wp\/v2\/pages\/171","targetHints":{"allow":["GET"]}}],"collection":[{"href":"https:\/\/www.abf.se\/aros\/wp-json\/wp\/v2\/pages"}],"about":[{"href":"https:\/\/www.abf.se\/aros\/wp-json\/wp\/v2\/types\/page"}],"author":[{"embeddable":true,"href":"https:\/\/www.abf.se\/aros\/wp-json\/wp\/v2\/users\/131"}],"replies":[{"embeddable":true,"href":"https:\/\/www.abf.se\/aros\/wp-json\/wp\/v2\/comments?post=171"}],"version-history":[{"count":6,"href":"https:\/\/www.abf.se\/aros\/wp-json\/wp\/v2\/pages\/171\/revisions"}],"predecessor-version":[{"id":376,"href":"https:\/\/www.abf.se\/aros\/wp-json\/wp\/v2\/pages\/171\/revisions\/376"}],"wp:attachment":[{"href":"https:\/\/www.abf.se\/aros\/wp-json\/wp\/v2\/media?parent=171"}],"curies":[{"name":"wp","href":"https:\/\/api.w.org\/{rel}","templated":true}]}}