{"id":180,"date":"2025-10-01T10:48:18","date_gmt":"2025-10-01T08:48:18","guid":{"rendered":"https:\/\/www.abf.se\/aros\/?page_id=180"},"modified":"2025-10-01T10:48:18","modified_gmt":"2025-10-01T08:48:18","slug":"studiehem-gimo","status":"publish","type":"page","link":"https:\/\/www.abf.se\/aros\/studiehem-gimo\/","title":{"rendered":"Studiehem Gimo"},"content":{"rendered":"<div\n    class=\"acf-hero-block container-lg no-padding mb-12 js-geolocation\"\n    data-block=\"hero-block\"\n    data-index=\"0\"\n>\n    <div class=\"h-[548px]  relative rounded-[32px] overflow-hidden flex bg-gray-light\">\n        <div class=\"relative z-10 mt-auto h-auto w-full md:h-full\">\n            <div class=\"flex w-full h-full flex-col flex-wrap justify-end w-full md:w-7\/12 lg:w-1\/2 md:justify-center\">\n                <div class=\"flex flex-col gap-3 md:gap-[18px] md:transparent pt-16 pb-36 md:py-8 px-4 w-full md:max-w-[620px] mx-auto px-8\">\n\n                    <h1 class=\"hero-heading hero-heading--red-text\"><span>Studiehem Gimo<\/span><\/h1>\n\n                    \n                                    <\/div>\n            <\/div>\n        <\/div>\n\n                    <picture class=\"as-background-image mix-blend-multiply bg-black\/40\"><img decoding=\"async\" src=\"https:\/\/www.abf.se\/aros\/resized\/?url=https%3A%2F%2Fwww.abf.se%2Fwp-content%2Fuploads%2Fsites%2F71%2F2025%2F09%2FDSC_4025-scaled.jpg&#038;fit=crop&#038;w=1440&#038;s=015c246f6b1539854bbd74fccdaabc9d\" srcset=\"https:\/\/www.abf.se\/aros\/resized\/?url=https%3A%2F%2Fwww.abf.se%2Fwp-content%2Fuploads%2Fsites%2F71%2F2025%2F09%2FDSC_4025-scaled.jpg&#038;fit=crop&#038;w=375&#038;h=540&#038;s=98b75b7e2c17e80b4b2abf04cac61e92 375w, https:\/\/www.abf.se\/aros\/resized\/?url=https%3A%2F%2Fwww.abf.se%2Fwp-content%2Fuploads%2Fsites%2F71%2F2025%2F09%2FDSC_4025-scaled.jpg&#038;fit=crop&#038;w=447&#038;h=540&#038;s=6d438e1c3269460337479c7868cf3e08 447w, https:\/\/www.abf.se\/aros\/resized\/?url=https%3A%2F%2Fwww.abf.se%2Fwp-content%2Fuploads%2Fsites%2F71%2F2025%2F09%2FDSC_4025-scaled.jpg&#038;fit=crop&#038;w=519&#038;h=540&#038;s=aa17f7a221b8a862f58f003a6c75469d 519w, https:\/\/www.abf.se\/aros\/resized\/?url=https%3A%2F%2Fwww.abf.se%2Fwp-content%2Fuploads%2Fsites%2F71%2F2025%2F09%2FDSC_4025-scaled.jpg&#038;fit=crop&#038;w=591&#038;h=540&#038;s=fe1af08019fe5f9833e521c9bbc914a4 591w, https:\/\/www.abf.se\/aros\/resized\/?url=https%3A%2F%2Fwww.abf.se%2Fwp-content%2Fuploads%2Fsites%2F71%2F2025%2F09%2FDSC_4025-scaled.jpg&#038;fit=crop&#038;w=663&#038;h=540&#038;s=d01dbfff173f1ad02a4577aac4d45e6a 663w, https:\/\/www.abf.se\/aros\/resized\/?url=https%3A%2F%2Fwww.abf.se%2Fwp-content%2Fuploads%2Fsites%2F71%2F2025%2F09%2FDSC_4025-scaled.jpg&#038;fit=crop&#038;w=750&#038;h=540&#038;s=3a0b63ebc447819db3227be2113d68ab 750w, https:\/\/www.abf.se\/aros\/resized\/?url=https%3A%2F%2Fwww.abf.se%2Fwp-content%2Fuploads%2Fsites%2F71%2F2025%2F09%2FDSC_4025-scaled.jpg&#038;fit=crop&#038;w=894&#038;h=540&#038;s=51d2b97428d1cb808013d5053f1d33f9 894w, https:\/\/www.abf.se\/aros\/resized\/?url=https%3A%2F%2Fwww.abf.se%2Fwp-content%2Fuploads%2Fsites%2F71%2F2025%2F09%2FDSC_4025-scaled.jpg&#038;fit=crop&#038;w=1038&#038;h=540&#038;s=fe8980b742a2b3679008d657910129c0 1038w, https:\/\/www.abf.se\/aros\/resized\/?url=https%3A%2F%2Fwww.abf.se%2Fwp-content%2Fuploads%2Fsites%2F71%2F2025%2F09%2FDSC_4025-scaled.jpg&#038;fit=crop&#038;w=1182&#038;h=540&#038;s=0cc3ccebc79f552bdf959f3cb9195e09 1182w, https:\/\/www.abf.se\/aros\/resized\/?url=https%3A%2F%2Fwww.abf.se%2Fwp-content%2Fuploads%2Fsites%2F71%2F2025%2F09%2FDSC_4025-scaled.jpg&#038;fit=crop&#038;w=1326&#038;h=540&#038;s=b6eed1c355288f19c57221abf2cadde5 1326w, https:\/\/www.abf.se\/aros\/resized\/?url=https%3A%2F%2Fwww.abf.se%2Fwp-content%2Fuploads%2Fsites%2F71%2F2025%2F09%2FDSC_4025-scaled.jpg&#038;fit=crop&#038;w=1440&#038;h=540&#038;s=6c4bbc71d0d2151b998bbcf82ec07e89 1440w\" alt=\"\" height=\"540\" width=\"1440\" sizes=\"(max-width: 1440px) calc(100vw - 32px), 1440px\" loading=\"eager\" fetchpriority=\"high\" aria-hidden=\"true\" role=\"presentation\" \/><\/picture>\n        \n\n            <\/div>\n\n    <\/div>\n\n<div\n    class=\"acf-plain-heading-block container my-16\"\n    data-block=\"plain-heading-block\"\n>\n    <div class=\"max-w-[658px] mx-auto\">\n                            <p class=\"mt-8 body-xl text-black\">\n                Centralt bel\u00e4get p\u00e5 Gimo torg finner du ABFs studiehem \u2013 h\u00e4r bedrivs cirklar i allt ifr\u00e5n rollspel till sl\u00e4ktforskning och politiska sammantr\u00e4den. H\u00e4r finns ett rymligt konferensrum och en datasal. B\u00e5da rummen \u00e4r utrustade med projektor och whiteboard. H\u00e4r finns ocks\u00e5 ett fullt utrustat k\u00f6k. Lokalerna \u00e4r bel\u00e4gna p\u00e5 markplan och har en rullstolsv\u00e4nlig WC. ABFs studiehem i Gimo \u00e4r bemannat minst en dag per vecka \u2013 \u00f6vrig tid \u00e4r kontoret obemannat och vi n\u00e5s via e-post eller telefon.\n            <\/p>\n            <\/div>\n<\/div>\n<div\n    class=\"acf-text-image-block container my-12 md:my-15\"\n    data-block=\"text-image-block\"\n>\n    <div\n    class=\"flex flex-col items-center md:flex-row gap-8 md:gap-0 justify-between\">\n                        <div class=\"w-full md:w-1\/2 md:order-2\">\n            <picture><img decoding=\"async\" src=\"https:\/\/www.abf.se\/aros\/resized\/?url=https%3A%2F%2Fwww.abf.se%2Fwp-content%2Fuploads%2Fsites%2F71%2F2025%2F09%2FDSC_4025-scaled.jpg&#038;fit=crop&#038;w=578&#038;s=fca2f9e0cb13a6b76fd63dbc8abe8fab\" srcset=\"https:\/\/www.abf.se\/aros\/resized\/?url=https%3A%2F%2Fwww.abf.se%2Fwp-content%2Fuploads%2Fsites%2F71%2F2025%2F09%2FDSC_4025-scaled.jpg&#038;fit=crop&#038;w=144&#038;h=126&#038;s=b2ca74faebe51e55ca3d6f66ccc40996 144w, https:\/\/www.abf.se\/aros\/resized\/?url=https%3A%2F%2Fwww.abf.se%2Fwp-content%2Fuploads%2Fsites%2F71%2F2025%2F09%2FDSC_4025-scaled.jpg&#038;fit=crop&#038;w=240&#038;h=211&#038;s=a3220ce0897438cab856ca6a247782bd 240w, https:\/\/www.abf.se\/aros\/resized\/?url=https%3A%2F%2Fwww.abf.se%2Fwp-content%2Fuploads%2Fsites%2F71%2F2025%2F09%2FDSC_4025-scaled.jpg&#038;fit=crop&#038;w=288&#038;h=253&#038;s=6b947dca034b7da4570f1750fce89f55 288w, https:\/\/www.abf.se\/aros\/resized\/?url=https%3A%2F%2Fwww.abf.se%2Fwp-content%2Fuploads%2Fsites%2F71%2F2025%2F09%2FDSC_4025-scaled.jpg&#038;fit=crop&#038;w=336&#038;h=295&#038;s=b0c51a4a395ab290cde1ffa9a419fd78 336w, https:\/\/www.abf.se\/aros\/resized\/?url=https%3A%2F%2Fwww.abf.se%2Fwp-content%2Fuploads%2Fsites%2F71%2F2025%2F09%2FDSC_4025-scaled.jpg&#038;fit=crop&#038;w=432&#038;h=380&#038;s=df79cdd48e18c8bd0d92f59d9d62bbf2 432w, https:\/\/www.abf.se\/aros\/resized\/?url=https%3A%2F%2Fwww.abf.se%2Fwp-content%2Fuploads%2Fsites%2F71%2F2025%2F09%2FDSC_4025-scaled.jpg&#038;fit=crop&#038;w=480&#038;h=422&#038;s=3720283ac9a76c33f1cba4305495a5a4 480w, https:\/\/www.abf.se\/aros\/resized\/?url=https%3A%2F%2Fwww.abf.se%2Fwp-content%2Fuploads%2Fsites%2F71%2F2025%2F09%2FDSC_4025-scaled.jpg&#038;fit=crop&#038;w=528&#038;h=464&#038;s=fc88dd0ba01d556bbbf620c4038883fa 528w, https:\/\/www.abf.se\/aros\/resized\/?url=https%3A%2F%2Fwww.abf.se%2Fwp-content%2Fuploads%2Fsites%2F71%2F2025%2F09%2FDSC_4025-scaled.jpg&#038;fit=crop&#038;w=578&#038;h=509&#038;s=a06a9dd195d9e709a5ac69e43e542892 578w, https:\/\/www.abf.se\/aros\/resized\/?url=https%3A%2F%2Fwww.abf.se%2Fwp-content%2Fuploads%2Fsites%2F71%2F2025%2F09%2FDSC_4025-scaled.jpg&#038;fit=crop&#038;w=672&#038;h=591&#038;s=d19da37bd101080958ee7d2d506ec764 672w, https:\/\/www.abf.se\/aros\/resized\/?url=https%3A%2F%2Fwww.abf.se%2Fwp-content%2Fuploads%2Fsites%2F71%2F2025%2F09%2FDSC_4025-scaled.jpg&#038;fit=crop&#038;w=864&#038;h=760&#038;s=9549a08d611fcb985e0a9a6210ee7fba 864w, https:\/\/www.abf.se\/aros\/resized\/?url=https%3A%2F%2Fwww.abf.se%2Fwp-content%2Fuploads%2Fsites%2F71%2F2025%2F09%2FDSC_4025-scaled.jpg&#038;fit=crop&#038;w=1056&#038;h=929&#038;s=b346acf74e36bb28762fee8ea4a75f4e 1056w\" alt=\"ABFs studiehem i Gimo\" height=\"509\" width=\"578\" sizes=\"auto, (max-width: 768px) 100vw,\n                (max-width: 1280px) 50vw, 578px\" loading=\"lazy\" fetchpriority=\"low\" \/><\/picture>\n\n        <\/div>\n        \n        <div class=\"w-full md:w-1\/2 md:order-1\">\n        <div class=\"mx-auto md:max-w-[368px]\">\n            <h2 class=\"heading-lg\">V\u00e4lkommen hit!<\/h2>\n            <div class=\"mb-6 mt-4 wysiwyg\">\n                <p><strong>Bes\u00f6ksadress:<\/strong><br \/>\nK\u00f6pmangatan 2<br \/>\n747 43 Gimo<\/p>\n\n            <\/div>\n                                            <a href='https:\/\/www.google.com\/maps\/place\/K%C3%B6pmangatan+2,+747+43+Gimo\/@60.1734254,18.1821459,445m\/data=!3m2!1e3!4b1!4m6!3m5!1s0x466071345a23b767:0x8fe9ef8b13a30a1f!8m2!3d60.1734254!4d18.1847262!16s%2Fg%2F11cnd7vrv_?entry=ttu&amp;amp;g_ep=EgoyMDI1MDkxNi4wIKXMDSoASAFQAw%3D%3D' class=\"default-button\" target=\"_blank\">\u00d6ppna i Google maps<\/a>\n                    <\/div>\n        <\/div>\n    <\/div>\n<\/div>","protected":false},"excerpt":{"rendered":"","protected":false},"author":131,"featured_media":0,"parent":0,"menu_order":0,"comment_status":"closed","ping_status":"closed","template":"","meta":{"_acf_changed":false,"footnotes":""},"class_list":["post-180","page","type-page","status-publish","hentry"],"acf":[],"yoast_head":"<!-- This site is optimized with the Yoast SEO plugin v27.0 - https:\/\/yoast.com\/product\/yoast-seo-wordpress\/ -->\n<title>Studiehem Gimo - Aros<\/title>\n<meta name=\"robots\" content=\"index, follow, max-snippet:-1, max-image-preview:large, max-video-preview:-1\" \/>\n<link rel=\"canonical\" href=\"https:\/\/www.abf.se\/aros\/studiehem-gimo\/\" \/>\n<meta property=\"og:locale\" content=\"sv_SE\" \/>\n<meta property=\"og:type\" content=\"article\" \/>\n<meta property=\"og:title\" content=\"Studiehem Gimo - Aros\" \/>\n<meta property=\"og:url\" content=\"https:\/\/www.abf.se\/aros\/studiehem-gimo\/\" \/>\n<meta property=\"og:site_name\" content=\"Aros\" \/>\n<meta name=\"twitter:card\" content=\"summary_large_image\" \/>\n<script type=\"application\/ld+json\" class=\"yoast-schema-graph\">{\"@context\":\"https:\/\/schema.org\",\"@graph\":[{\"@type\":\"WebPage\",\"@id\":\"https:\/\/www.abf.se\/aros\/studiehem-gimo\/\",\"url\":\"https:\/\/www.abf.se\/aros\/studiehem-gimo\/\",\"name\":\"Studiehem Gimo - Aros\",\"isPartOf\":{\"@id\":\"https:\/\/www.abf.se\/aros\/#website\"},\"datePublished\":\"2025-10-01T08:48:18+00:00\",\"breadcrumb\":{\"@id\":\"https:\/\/www.abf.se\/aros\/studiehem-gimo\/#breadcrumb\"},\"inLanguage\":\"sv-SE\",\"potentialAction\":[{\"@type\":\"ReadAction\",\"target\":[\"https:\/\/www.abf.se\/aros\/studiehem-gimo\/\"]}]},{\"@type\":\"BreadcrumbList\",\"@id\":\"https:\/\/www.abf.se\/aros\/studiehem-gimo\/#breadcrumb\",\"itemListElement\":[{\"@type\":\"ListItem\",\"position\":1,\"name\":\"Home\",\"item\":\"https:\/\/www.abf.se\/aros\/\"},{\"@type\":\"ListItem\",\"position\":2,\"name\":\"Studiehem Gimo\"}]},{\"@type\":\"WebSite\",\"@id\":\"https:\/\/www.abf.se\/aros\/#website\",\"url\":\"https:\/\/www.abf.se\/aros\/\",\"name\":\"Aros\",\"description\":\"\",\"potentialAction\":[{\"@type\":\"SearchAction\",\"target\":{\"@type\":\"EntryPoint\",\"urlTemplate\":\"https:\/\/www.abf.se\/aros\/?s={search_term_string}\"},\"query-input\":{\"@type\":\"PropertyValueSpecification\",\"valueRequired\":true,\"valueName\":\"search_term_string\"}}],\"inLanguage\":\"sv-SE\"}]}<\/script>\n<!-- \/ Yoast SEO plugin. -->","yoast_head_json":{"title":"Studiehem Gimo - Aros","robots":{"index":"index","follow":"follow","max-snippet":"max-snippet:-1","max-image-preview":"max-image-preview:large","max-video-preview":"max-video-preview:-1"},"canonical":"https:\/\/www.abf.se\/aros\/studiehem-gimo\/","og_locale":"sv_SE","og_type":"article","og_title":"Studiehem Gimo - Aros","og_url":"https:\/\/www.abf.se\/aros\/studiehem-gimo\/","og_site_name":"Aros","twitter_card":"summary_large_image","schema":{"@context":"https:\/\/schema.org","@graph":[{"@type":"WebPage","@id":"https:\/\/www.abf.se\/aros\/studiehem-gimo\/","url":"https:\/\/www.abf.se\/aros\/studiehem-gimo\/","name":"Studiehem Gimo - Aros","isPartOf":{"@id":"https:\/\/www.abf.se\/aros\/#website"},"datePublished":"2025-10-01T08:48:18+00:00","breadcrumb":{"@id":"https:\/\/www.abf.se\/aros\/studiehem-gimo\/#breadcrumb"},"inLanguage":"sv-SE","potentialAction":[{"@type":"ReadAction","target":["https:\/\/www.abf.se\/aros\/studiehem-gimo\/"]}]},{"@type":"BreadcrumbList","@id":"https:\/\/www.abf.se\/aros\/studiehem-gimo\/#breadcrumb","itemListElement":[{"@type":"ListItem","position":1,"name":"Home","item":"https:\/\/www.abf.se\/aros\/"},{"@type":"ListItem","position":2,"name":"Studiehem Gimo"}]},{"@type":"WebSite","@id":"https:\/\/www.abf.se\/aros\/#website","url":"https:\/\/www.abf.se\/aros\/","name":"Aros","description":"","potentialAction":[{"@type":"SearchAction","target":{"@type":"EntryPoint","urlTemplate":"https:\/\/www.abf.se\/aros\/?s={search_term_string}"},"query-input":{"@type":"PropertyValueSpecification","valueRequired":true,"valueName":"search_term_string"}}],"inLanguage":"sv-SE"}]}},"_links":{"self":[{"href":"https:\/\/www.abf.se\/aros\/wp-json\/wp\/v2\/pages\/180","targetHints":{"allow":["GET"]}}],"collection":[{"href":"https:\/\/www.abf.se\/aros\/wp-json\/wp\/v2\/pages"}],"about":[{"href":"https:\/\/www.abf.se\/aros\/wp-json\/wp\/v2\/types\/page"}],"author":[{"embeddable":true,"href":"https:\/\/www.abf.se\/aros\/wp-json\/wp\/v2\/users\/131"}],"replies":[{"embeddable":true,"href":"https:\/\/www.abf.se\/aros\/wp-json\/wp\/v2\/comments?post=180"}],"version-history":[{"count":2,"href":"https:\/\/www.abf.se\/aros\/wp-json\/wp\/v2\/pages\/180\/revisions"}],"predecessor-version":[{"id":183,"href":"https:\/\/www.abf.se\/aros\/wp-json\/wp\/v2\/pages\/180\/revisions\/183"}],"wp:attachment":[{"href":"https:\/\/www.abf.se\/aros\/wp-json\/wp\/v2\/media?parent=180"}],"curies":[{"name":"wp","href":"https:\/\/api.w.org\/{rel}","templated":true}]}}