{"id":184,"date":"2025-10-01T11:13:15","date_gmt":"2025-10-01T09:13:15","guid":{"rendered":"https:\/\/www.abf.se\/aros\/?page_id=184"},"modified":"2025-10-01T11:13:15","modified_gmt":"2025-10-01T09:13:15","slug":"projekt","status":"publish","type":"page","link":"https:\/\/www.abf.se\/aros\/projekt\/","title":{"rendered":"Projekt"},"content":{"rendered":"<div\n    class=\"acf-hero-block container-lg no-padding mb-12 js-geolocation\"\n    data-block=\"hero-block\"\n    data-index=\"0\"\n>\n    <div class=\"h-[548px]  relative rounded-[32px] overflow-hidden flex bg-gray-light\">\n        <div class=\"relative z-10 mt-auto h-auto w-full md:h-full\">\n            <div class=\"flex w-full h-full flex-col flex-wrap justify-end w-full md:w-7\/12 lg:w-1\/2 md:justify-center\">\n                <div class=\"flex flex-col gap-3 md:gap-[18px] md:transparent pt-16 pb-36 md:py-8 px-4 w-full md:max-w-[620px] mx-auto px-8\">\n\n                    <h1 class=\"hero-heading hero-heading--red-text\"><span>Projekt<\/span><\/h1>\n\n                    \n                                    <\/div>\n            <\/div>\n        <\/div>\n\n                    <picture class=\"as-background-image mix-blend-multiply bg-black\/40\"><img decoding=\"async\" src=\"https:\/\/www.abf.se\/aros\/resized\/?url=https%3A%2F%2Fwww.abf.se%2Fwp-content%2Fuploads%2Fsites%2F71%2F2025%2F09%2FNa-fram-liggande-scaled.jpg&#038;fit=crop&#038;w=1440&#038;s=96eea9881920faf3d5fb55a061f5e643\" srcset=\"https:\/\/www.abf.se\/aros\/resized\/?url=https%3A%2F%2Fwww.abf.se%2Fwp-content%2Fuploads%2Fsites%2F71%2F2025%2F09%2FNa-fram-liggande-scaled.jpg&#038;fit=crop&#038;w=375&#038;h=540&#038;s=0902e20ee797416d42aa1b9ee4d4ca07 375w, https:\/\/www.abf.se\/aros\/resized\/?url=https%3A%2F%2Fwww.abf.se%2Fwp-content%2Fuploads%2Fsites%2F71%2F2025%2F09%2FNa-fram-liggande-scaled.jpg&#038;fit=crop&#038;w=447&#038;h=540&#038;s=d624ab2cffa977a7d9a0d1acccea5eb4 447w, https:\/\/www.abf.se\/aros\/resized\/?url=https%3A%2F%2Fwww.abf.se%2Fwp-content%2Fuploads%2Fsites%2F71%2F2025%2F09%2FNa-fram-liggande-scaled.jpg&#038;fit=crop&#038;w=519&#038;h=540&#038;s=6d91d99ccf374b725a7ead7ef1638033 519w, https:\/\/www.abf.se\/aros\/resized\/?url=https%3A%2F%2Fwww.abf.se%2Fwp-content%2Fuploads%2Fsites%2F71%2F2025%2F09%2FNa-fram-liggande-scaled.jpg&#038;fit=crop&#038;w=591&#038;h=540&#038;s=35329b1d0f267521a424c1d44c8b1674 591w, https:\/\/www.abf.se\/aros\/resized\/?url=https%3A%2F%2Fwww.abf.se%2Fwp-content%2Fuploads%2Fsites%2F71%2F2025%2F09%2FNa-fram-liggande-scaled.jpg&#038;fit=crop&#038;w=663&#038;h=540&#038;s=77c19462d629930f7e4e74a2110e69cd 663w, https:\/\/www.abf.se\/aros\/resized\/?url=https%3A%2F%2Fwww.abf.se%2Fwp-content%2Fuploads%2Fsites%2F71%2F2025%2F09%2FNa-fram-liggande-scaled.jpg&#038;fit=crop&#038;w=750&#038;h=540&#038;s=4ffa95cc6b17d359af432a45da90b9c5 750w, https:\/\/www.abf.se\/aros\/resized\/?url=https%3A%2F%2Fwww.abf.se%2Fwp-content%2Fuploads%2Fsites%2F71%2F2025%2F09%2FNa-fram-liggande-scaled.jpg&#038;fit=crop&#038;w=894&#038;h=540&#038;s=9bace8eb798aafdfeceff123049048cc 894w, https:\/\/www.abf.se\/aros\/resized\/?url=https%3A%2F%2Fwww.abf.se%2Fwp-content%2Fuploads%2Fsites%2F71%2F2025%2F09%2FNa-fram-liggande-scaled.jpg&#038;fit=crop&#038;w=1038&#038;h=540&#038;s=1d35bfad797ea6366ea630dadd6fcc2a 1038w, https:\/\/www.abf.se\/aros\/resized\/?url=https%3A%2F%2Fwww.abf.se%2Fwp-content%2Fuploads%2Fsites%2F71%2F2025%2F09%2FNa-fram-liggande-scaled.jpg&#038;fit=crop&#038;w=1182&#038;h=540&#038;s=07adff31df69e2c41069c93defc2e27b 1182w, https:\/\/www.abf.se\/aros\/resized\/?url=https%3A%2F%2Fwww.abf.se%2Fwp-content%2Fuploads%2Fsites%2F71%2F2025%2F09%2FNa-fram-liggande-scaled.jpg&#038;fit=crop&#038;w=1326&#038;h=540&#038;s=f1009093c2eef31c14e2f442a60448c4 1326w, https:\/\/www.abf.se\/aros\/resized\/?url=https%3A%2F%2Fwww.abf.se%2Fwp-content%2Fuploads%2Fsites%2F71%2F2025%2F09%2FNa-fram-liggande-scaled.jpg&#038;fit=crop&#038;w=1440&#038;h=540&#038;s=42c699dbcdaffb02969a2534ea6b2076 1440w\" alt=\"\" height=\"540\" width=\"1440\" sizes=\"(max-width: 1440px) calc(100vw - 32px), 1440px\" loading=\"eager\" fetchpriority=\"high\" aria-hidden=\"true\" role=\"presentation\" \/><\/picture>\n        \n\n            <\/div>\n\n    <\/div>\n\n<div\n    class=\"acf-article-text-block article-container my-12\"\n    data-block=\"article-text-block\"\n>\n    <div class=\"wysiwyg\">\n        <h2>Internationell verksamhet<\/h2>\n<p class=\"x_elementtoproof\">Det vi g\u00f6r h\u00e4r hemma p\u00e5verkar m\u00e4nniskor i andra l\u00e4nder och det som h\u00e4nder i andra delar av v\u00e4rlden p\u00e5verkar oss i Sverige. ABF:s folkbildningsarbete f\u00f6renar lokala vardagsfr\u00e5gor och globala utmaningar. Vi mobiliserar m\u00e4nniskors kunskaper, kraft och medskapande f\u00f6r h\u00e5llbar och j\u00e4mlik utveckling, fred och solidaritet. ABF deltar p\u00e5 nationell niv\u00e5 d\u00e4rf\u00f6r i demokrati- och folkbildningsprojekt och samarbetar med folkbildningsv\u00e4nner i l\u00e4nder i Asien s\u00e5v\u00e4l som Sydamerika och Afrika.<\/p>\n<p class=\"x_elementtoproof\">Med v\u00e5r internationella verksamhet visar vi solidaritet, vi sprider folkbildning och vi folkbildar om v\u00e4rlden i Sverige. Folkbildning beh\u00f6vs f\u00f6r att motverka klassklyftor och fr\u00e4mja demokratisk utveckling.<\/p>\n<p class=\"x_elementtoproof\">Majoriteten av ABF:s\u00a0internationella projekt finansieras av\u00a0<a href=\"https:\/\/www.sida.se\/\" data-auth=\"NotApplicable\" data-linkindex=\"0\">Sida<\/a>. Verksamheten bedrivs genom arbetarr\u00f6relsens samarbetsorganisation f\u00f6r internationell solidaritet,\u00a0<a href=\"https:\/\/www.palmecenter.se\/\" data-auth=\"NotApplicable\" data-linkindex=\"1\">Olof Palmes Internationella Center.<\/a><\/p>\n<p>&nbsp;<\/p>\n<h3><span lang=\"EN-US\">CLR \u2013 The Center for Labour Rights<\/span><\/h3>\n<p class=\"x_elementtoproof\">P\u00e5 lokal niv\u00e5 bedriver ABF V\u00e4ster\u00e5s ett internationellt projekt tillsammans med\u00a0<a href=\"https:\/\/clr.al\/\" target=\"_blank\" rel=\"noopener\">CLR \u2013 Center for Labour Rights<\/a>\u00a0i Albanien. Projektet medfinansieras av Svenska Institutet. B\u00e5de ABF och CLR har ocks\u00e5 ett n\u00e4ra samarbete med Olof Palmes Internationella Center.<\/p>\n<p class=\"x_elementtoproof\">Syftet med projektet \u00e4r utveckla kompetensen hos fackf\u00f6reningar och civilsamh\u00e4llet i Albanien s\u00e5 att dom b\u00e4ttre kan tj\u00e4na sitt syfte. Utbytet sker genom bland annat den Labour Academy som CLR grundat. ABF:s insats \u00e4r att bist\u00e5 med kompetens b\u00e5de inom folkbildning och det fackliga arbetet.<\/p>\n<p><a href=\"mailto:info.aros@abf.se\">Kontakta oss<\/a>\u00a0om du vill veta mer om projektet.<\/p>\n\n    <\/div>\n<\/div>\n<div\n    class=\"acf-article-image-block mb-12 article-container-lg\"\n    data-block=\"article-image-block\"\n>\n<div class=\"\">\n\n        <figure>\n        \n            <picture class=\"round-corners-lg w-full\"><img decoding=\"async\" src=\"https:\/\/www.abf.se\/aros\/resized\/?url=https%3A%2F%2Fwww.abf.se%2Fwp-content%2Fuploads%2Fsites%2F71%2F2025%2F09%2Falbanien.webp&#038;fit=contain&#038;w=788&#038;s=4b8708b7ccb9308419c7b40b188b8c53\" srcset=\"https:\/\/www.abf.se\/aros\/resized\/?url=https%3A%2F%2Fwww.abf.se%2Fwp-content%2Fuploads%2Fsites%2F71%2F2025%2F09%2Falbanien.webp&#038;fit=contain&#038;w=375&#038;h=326&#038;s=2cf06347712d98ec0224852c54b42fd0 375w, https:\/\/www.abf.se\/aros\/resized\/?url=https%3A%2F%2Fwww.abf.se%2Fwp-content%2Fuploads%2Fsites%2F71%2F2025%2F09%2Falbanien.webp&#038;fit=contain&#038;w=447&#038;h=389&#038;s=176d1febd31b07a7d9cb5b8503721a78 447w, https:\/\/www.abf.se\/aros\/resized\/?url=https%3A%2F%2Fwww.abf.se%2Fwp-content%2Fuploads%2Fsites%2F71%2F2025%2F09%2Falbanien.webp&#038;fit=contain&#038;w=519&#038;h=452&#038;s=a54bf1ecdcf187d9a345142f6ce8e9d0 519w, https:\/\/www.abf.se\/aros\/resized\/?url=https%3A%2F%2Fwww.abf.se%2Fwp-content%2Fuploads%2Fsites%2F71%2F2025%2F09%2Falbanien.webp&#038;fit=contain&#038;w=591&#038;h=515&#038;s=5da5f231f1000388e24d26e97bdbfca2 591w, https:\/\/www.abf.se\/aros\/resized\/?url=https%3A%2F%2Fwww.abf.se%2Fwp-content%2Fuploads%2Fsites%2F71%2F2025%2F09%2Falbanien.webp&#038;fit=contain&#038;w=663&#038;h=578&#038;s=4d54fc80746b745daa7df2b83600e833 663w, https:\/\/www.abf.se\/aros\/resized\/?url=https%3A%2F%2Fwww.abf.se%2Fwp-content%2Fuploads%2Fsites%2F71%2F2025%2F09%2Falbanien.webp&#038;fit=contain&#038;w=735&#038;h=640&#038;s=2733ee360ec354cfe62d79cf459968de 735w, https:\/\/www.abf.se\/aros\/resized\/?url=https%3A%2F%2Fwww.abf.se%2Fwp-content%2Fuploads%2Fsites%2F71%2F2025%2F09%2Falbanien.webp&#038;fit=contain&#038;w=750&#038;h=653&#038;s=01e55bd2c319efbb712c9e8abeeda7a9 750w, https:\/\/www.abf.se\/aros\/resized\/?url=https%3A%2F%2Fwww.abf.se%2Fwp-content%2Fuploads%2Fsites%2F71%2F2025%2F09%2Falbanien.webp&#038;fit=contain&#038;w=788&#038;s=4b8708b7ccb9308419c7b40b188b8c53 788w, https:\/\/www.abf.se\/aros\/resized\/?url=https%3A%2F%2Fwww.abf.se%2Fwp-content%2Fuploads%2Fsites%2F71%2F2025%2F09%2Falbanien.webp&#038;fit=contain&#038;w=894&#038;h=779&#038;s=e16e88f87dea019aa53138abaab484e1 894w, https:\/\/www.abf.se\/aros\/resized\/?url=https%3A%2F%2Fwww.abf.se%2Fwp-content%2Fuploads%2Fsites%2F71%2F2025%2F09%2Falbanien.webp&#038;fit=contain&#038;w=1038&#038;h=904&#038;s=77c5626f77f64aea58dfbb5f4c7c78a7 1038w, https:\/\/www.abf.se\/aros\/resized\/?url=https%3A%2F%2Fwww.abf.se%2Fwp-content%2Fuploads%2Fsites%2F71%2F2025%2F09%2Falbanien.webp&#038;fit=contain&#038;w=1182&#038;h=1030&#038;s=c62599447f2dc4a967136202df9201f5 1182w, https:\/\/www.abf.se\/aros\/resized\/?url=https%3A%2F%2Fwww.abf.se%2Fwp-content%2Fuploads%2Fsites%2F71%2F2025%2F09%2Falbanien.webp&#038;fit=contain&#038;w=1326&#038;h=1156&#038;s=5d6ff183ecb536a18f597bad3763887d 1326w, https:\/\/www.abf.se\/aros\/resized\/?url=https%3A%2F%2Fwww.abf.se%2Fwp-content%2Fuploads%2Fsites%2F71%2F2025%2F09%2Falbanien.webp&#038;fit=contain&#038;w=1470&#038;h=1281&#038;s=3bc0600c3af2e9e8c5b6f89710106862 1470w\" alt=\"\" height=\"687\" width=\"788\" sizes=\"auto, (max-width: 768px) calc(100vw - 40px), 788px\" loading=\"lazy\" fetchpriority=\"low\" class=\"round-corners-lg w-full\" \/><\/picture>\n                            <figcaption class=\"my-2 body-md text-gray-text\">\n                    Representanter fr\u00e5n CLR, ABF, LO och IF Metall bes\u00f6ker \u00c5sa Eriksson (S) i Riksdagen.\n                <\/figcaption>\n                        <\/figure>\n        <\/div>\n\n<\/div>\n<div\n    class=\"acf-article-text-block article-container my-12\"\n    data-block=\"article-text-block\"\n>\n    <div class=\"wysiwyg\">\n        <h2>N\u00e4tverket Uppsala<\/h2>\n<p><strong>N\u00e4tverket Uppsala<\/strong> drivs av ABF i Uppsala l\u00e4n i samverkan med Uppsala kommun. Vi finns till f\u00f6r att hj\u00e4lpa dig som bor i Gottsunda eller S\u00e4vja och som s\u00f6ker en v\u00e4g in i studier, arbetsliv eller f\u00f6reningsengagemang. H\u00e4r st\u00f6ttar vi utifr\u00e5n dina behov och \u00f6nskem\u00e5l, och ger m\u00f6jlighet till nya erfaren\u00adheter och kunskaper tillsammans med likasinnade. Tillsammans skapar vi f\u00f6r\u00e4ndring p\u00e5 riktigt. Vill du veta mer? Kontakta <a href=\"mailto:andrea.hillgren@abf.se\"><strong>Andrea Hillgren<\/strong><\/a><\/p>\n<h2>\nTrygga m\u00f6tesplatser<\/h2>\n<p>Projektet <strong>Trygga m\u00f6tesplatser<\/strong> sker i samverkan med Socialstyrelsen och Regionen med syfte att motverka ofrivillig ensamhet och skapa trygga och inkluderande m\u00f6tesplatser med fokus p\u00e5 kreativ verksamhet. Vi arrangerar kurser och aktiviteter l\u00f6pande i Uppsala kommun samt i Norduppland, med erfarna och representativa ledare. Ingen tidigare erfarenhet beh\u00f6vs, och verksamheten \u00e4r kostnadsfri f\u00f6r deltagarna. Vill du veta mer? Kontakta <a href=\"mailto:andrea.hillgren@abf.se\"><strong>Andrea Hillgren<\/strong><\/a><\/p>\n\n    <\/div>\n<\/div>\n","protected":false},"excerpt":{"rendered":"","protected":false},"author":131,"featured_media":0,"parent":0,"menu_order":0,"comment_status":"closed","ping_status":"closed","template":"","meta":{"_acf_changed":false,"footnotes":""},"class_list":["post-184","page","type-page","status-publish","hentry"],"acf":[],"yoast_head":"<!-- This site is optimized with the Yoast SEO plugin v27.0 - https:\/\/yoast.com\/product\/yoast-seo-wordpress\/ -->\n<title>Projekt - Aros<\/title>\n<meta name=\"robots\" content=\"index, follow, max-snippet:-1, max-image-preview:large, max-video-preview:-1\" \/>\n<link rel=\"canonical\" href=\"https:\/\/www.abf.se\/aros\/projekt\/\" \/>\n<meta property=\"og:locale\" content=\"sv_SE\" \/>\n<meta property=\"og:type\" content=\"article\" \/>\n<meta property=\"og:title\" content=\"Projekt - Aros\" \/>\n<meta property=\"og:url\" content=\"https:\/\/www.abf.se\/aros\/projekt\/\" \/>\n<meta property=\"og:site_name\" content=\"Aros\" \/>\n<meta name=\"twitter:card\" content=\"summary_large_image\" \/>\n<script type=\"application\/ld+json\" class=\"yoast-schema-graph\">{\"@context\":\"https:\/\/schema.org\",\"@graph\":[{\"@type\":\"WebPage\",\"@id\":\"https:\/\/www.abf.se\/aros\/projekt\/\",\"url\":\"https:\/\/www.abf.se\/aros\/projekt\/\",\"name\":\"Projekt - Aros\",\"isPartOf\":{\"@id\":\"https:\/\/www.abf.se\/aros\/#website\"},\"datePublished\":\"2025-10-01T09:13:15+00:00\",\"breadcrumb\":{\"@id\":\"https:\/\/www.abf.se\/aros\/projekt\/#breadcrumb\"},\"inLanguage\":\"sv-SE\",\"potentialAction\":[{\"@type\":\"ReadAction\",\"target\":[\"https:\/\/www.abf.se\/aros\/projekt\/\"]}]},{\"@type\":\"BreadcrumbList\",\"@id\":\"https:\/\/www.abf.se\/aros\/projekt\/#breadcrumb\",\"itemListElement\":[{\"@type\":\"ListItem\",\"position\":1,\"name\":\"Home\",\"item\":\"https:\/\/www.abf.se\/aros\/\"},{\"@type\":\"ListItem\",\"position\":2,\"name\":\"Projekt\"}]},{\"@type\":\"WebSite\",\"@id\":\"https:\/\/www.abf.se\/aros\/#website\",\"url\":\"https:\/\/www.abf.se\/aros\/\",\"name\":\"Aros\",\"description\":\"\",\"potentialAction\":[{\"@type\":\"SearchAction\",\"target\":{\"@type\":\"EntryPoint\",\"urlTemplate\":\"https:\/\/www.abf.se\/aros\/?s={search_term_string}\"},\"query-input\":{\"@type\":\"PropertyValueSpecification\",\"valueRequired\":true,\"valueName\":\"search_term_string\"}}],\"inLanguage\":\"sv-SE\"}]}<\/script>\n<!-- \/ Yoast SEO plugin. -->","yoast_head_json":{"title":"Projekt - Aros","robots":{"index":"index","follow":"follow","max-snippet":"max-snippet:-1","max-image-preview":"max-image-preview:large","max-video-preview":"max-video-preview:-1"},"canonical":"https:\/\/www.abf.se\/aros\/projekt\/","og_locale":"sv_SE","og_type":"article","og_title":"Projekt - Aros","og_url":"https:\/\/www.abf.se\/aros\/projekt\/","og_site_name":"Aros","twitter_card":"summary_large_image","schema":{"@context":"https:\/\/schema.org","@graph":[{"@type":"WebPage","@id":"https:\/\/www.abf.se\/aros\/projekt\/","url":"https:\/\/www.abf.se\/aros\/projekt\/","name":"Projekt - Aros","isPartOf":{"@id":"https:\/\/www.abf.se\/aros\/#website"},"datePublished":"2025-10-01T09:13:15+00:00","breadcrumb":{"@id":"https:\/\/www.abf.se\/aros\/projekt\/#breadcrumb"},"inLanguage":"sv-SE","potentialAction":[{"@type":"ReadAction","target":["https:\/\/www.abf.se\/aros\/projekt\/"]}]},{"@type":"BreadcrumbList","@id":"https:\/\/www.abf.se\/aros\/projekt\/#breadcrumb","itemListElement":[{"@type":"ListItem","position":1,"name":"Home","item":"https:\/\/www.abf.se\/aros\/"},{"@type":"ListItem","position":2,"name":"Projekt"}]},{"@type":"WebSite","@id":"https:\/\/www.abf.se\/aros\/#website","url":"https:\/\/www.abf.se\/aros\/","name":"Aros","description":"","potentialAction":[{"@type":"SearchAction","target":{"@type":"EntryPoint","urlTemplate":"https:\/\/www.abf.se\/aros\/?s={search_term_string}"},"query-input":{"@type":"PropertyValueSpecification","valueRequired":true,"valueName":"search_term_string"}}],"inLanguage":"sv-SE"}]}},"_links":{"self":[{"href":"https:\/\/www.abf.se\/aros\/wp-json\/wp\/v2\/pages\/184","targetHints":{"allow":["GET"]}}],"collection":[{"href":"https:\/\/www.abf.se\/aros\/wp-json\/wp\/v2\/pages"}],"about":[{"href":"https:\/\/www.abf.se\/aros\/wp-json\/wp\/v2\/types\/page"}],"author":[{"embeddable":true,"href":"https:\/\/www.abf.se\/aros\/wp-json\/wp\/v2\/users\/131"}],"replies":[{"embeddable":true,"href":"https:\/\/www.abf.se\/aros\/wp-json\/wp\/v2\/comments?post=184"}],"version-history":[{"count":6,"href":"https:\/\/www.abf.se\/aros\/wp-json\/wp\/v2\/pages\/184\/revisions"}],"predecessor-version":[{"id":192,"href":"https:\/\/www.abf.se\/aros\/wp-json\/wp\/v2\/pages\/184\/revisions\/192"}],"wp:attachment":[{"href":"https:\/\/www.abf.se\/aros\/wp-json\/wp\/v2\/media?parent=184"}],"curies":[{"name":"wp","href":"https:\/\/api.w.org\/{rel}","templated":true}]}}