{"id":201,"date":"2025-10-01T10:45:56","date_gmt":"2025-10-01T08:45:56","guid":{"rendered":"https:\/\/www.abf.se\/aros\/?page_id=201"},"modified":"2025-10-01T10:45:56","modified_gmt":"2025-10-01T08:45:56","slug":"abf-kallaren","status":"publish","type":"page","link":"https:\/\/www.abf.se\/aros\/abf-kallaren\/","title":{"rendered":"ABF-k\u00e4llaren"},"content":{"rendered":"<div\n    class=\"acf-hero-block container-lg no-padding mb-12 js-geolocation\"\n    data-block=\"hero-block\"\n    data-index=\"0\"\n>\n    <div class=\"h-[548px]  relative rounded-[32px] overflow-hidden flex bg-gray-light\">\n        <div class=\"relative z-10 mt-auto h-auto w-full md:h-full\">\n            <div class=\"flex w-full h-full flex-col flex-wrap justify-end w-full md:w-7\/12 lg:w-1\/2 md:justify-center\">\n                <div class=\"flex flex-col gap-3 md:gap-[18px] md:transparent pt-16 pb-36 md:py-8 px-4 w-full md:max-w-[620px] mx-auto px-8\">\n\n                    <h1 class=\"hero-heading hero-heading--red-text\"><span>ABF-k\u00e4llaren p\u00e5 V\u00e4xhuset<\/span><\/h1>\n\n                                            <p class=\"mt-4 max-w-[48ch] text-white\">\n                            Replokaler och fullt utrustad scen i k\u00e4llarv\u00e5ningen p\u00e5 V\u00e4xhuset i V\u00e4ster\u00e5s!\n                        <\/p>\n                    \n                                    <\/div>\n            <\/div>\n        <\/div>\n\n                    <picture class=\"as-background-image mix-blend-multiply bg-black\/40\"><img decoding=\"async\" src=\"https:\/\/www.abf.se\/aros\/resized\/?url=https%3A%2F%2Fwww.abf.se%2Fwp-content%2Fuploads%2Fsites%2F71%2F2025%2F09%2Fvaxhuset.webp&#038;fit=crop&#038;w=1440&#038;s=99b5e37906c39e6f5dd620b5086cf944\" srcset=\"https:\/\/www.abf.se\/aros\/resized\/?url=https%3A%2F%2Fwww.abf.se%2Fwp-content%2Fuploads%2Fsites%2F71%2F2025%2F09%2Fvaxhuset.webp&#038;fit=crop&#038;w=375&#038;h=540&#038;s=2f1134b4fe51de8881d54430250aeacc 375w, https:\/\/www.abf.se\/aros\/resized\/?url=https%3A%2F%2Fwww.abf.se%2Fwp-content%2Fuploads%2Fsites%2F71%2F2025%2F09%2Fvaxhuset.webp&#038;fit=crop&#038;w=447&#038;h=540&#038;s=54436117c84d379475f1703cc7b7518f 447w, https:\/\/www.abf.se\/aros\/resized\/?url=https%3A%2F%2Fwww.abf.se%2Fwp-content%2Fuploads%2Fsites%2F71%2F2025%2F09%2Fvaxhuset.webp&#038;fit=crop&#038;w=519&#038;h=540&#038;s=4ea89bbd23cec6b9c2f0e73f8543b203 519w, https:\/\/www.abf.se\/aros\/resized\/?url=https%3A%2F%2Fwww.abf.se%2Fwp-content%2Fuploads%2Fsites%2F71%2F2025%2F09%2Fvaxhuset.webp&#038;fit=crop&#038;w=591&#038;h=540&#038;s=b6dac6ba12d376df62dcf0c33d5768f4 591w, https:\/\/www.abf.se\/aros\/resized\/?url=https%3A%2F%2Fwww.abf.se%2Fwp-content%2Fuploads%2Fsites%2F71%2F2025%2F09%2Fvaxhuset.webp&#038;fit=crop&#038;w=663&#038;h=540&#038;s=a8167f536e61fbad022eb577c542af7c 663w, https:\/\/www.abf.se\/aros\/resized\/?url=https%3A%2F%2Fwww.abf.se%2Fwp-content%2Fuploads%2Fsites%2F71%2F2025%2F09%2Fvaxhuset.webp&#038;fit=crop&#038;w=750&#038;h=540&#038;s=3f3596823550b069c40b78e00445788d 750w, https:\/\/www.abf.se\/aros\/resized\/?url=https%3A%2F%2Fwww.abf.se%2Fwp-content%2Fuploads%2Fsites%2F71%2F2025%2F09%2Fvaxhuset.webp&#038;fit=crop&#038;w=894&#038;h=540&#038;s=54eca40f85f2b22d1fa675b55537a9a4 894w, https:\/\/www.abf.se\/aros\/resized\/?url=https%3A%2F%2Fwww.abf.se%2Fwp-content%2Fuploads%2Fsites%2F71%2F2025%2F09%2Fvaxhuset.webp&#038;fit=crop&#038;w=1038&#038;h=540&#038;s=b112d5c27f551a2ec0cf4306378dce1d 1038w, https:\/\/www.abf.se\/aros\/resized\/?url=https%3A%2F%2Fwww.abf.se%2Fwp-content%2Fuploads%2Fsites%2F71%2F2025%2F09%2Fvaxhuset.webp&#038;fit=crop&#038;w=1182&#038;h=540&#038;s=491d55f563db05f7a50bb1b7a2f2c01d 1182w, https:\/\/www.abf.se\/aros\/resized\/?url=https%3A%2F%2Fwww.abf.se%2Fwp-content%2Fuploads%2Fsites%2F71%2F2025%2F09%2Fvaxhuset.webp&#038;fit=crop&#038;w=1326&#038;h=540&#038;s=7ddc414d4e1f58967e276a1ec3bfd4da 1326w, https:\/\/www.abf.se\/aros\/resized\/?url=https%3A%2F%2Fwww.abf.se%2Fwp-content%2Fuploads%2Fsites%2F71%2F2025%2F09%2Fvaxhuset.webp&#038;fit=crop&#038;w=1440&#038;h=540&#038;s=6cef30b13e5bc020834105915650e8b4 1440w\" alt=\"\" height=\"540\" width=\"1440\" sizes=\"(max-width: 1440px) calc(100vw - 32px), 1440px\" loading=\"eager\" fetchpriority=\"high\" aria-hidden=\"true\" role=\"presentation\" \/><\/picture>\n        \n\n            <\/div>\n\n    <\/div>\n\n<div\n    class=\"acf-text-image-block container my-12 md:my-15\"\n    data-block=\"text-image-block\"\n>\n    <div\n    class=\"flex flex-col items-center md:flex-row gap-8 md:gap-0 justify-between\">\n                        <div class=\"w-full md:w-1\/2 md:order-2\">\n            <picture><img decoding=\"async\" src=\"https:\/\/www.abf.se\/aros\/resized\/?url=https%3A%2F%2Fwww.abf.se%2Fwp-content%2Fuploads%2Fsites%2F71%2F2025%2F09%2Fvaxhuset.webp&#038;fit=crop&#038;w=578&#038;s=f6747bb07d5ec6d2e16e98902cf8df0f\" srcset=\"https:\/\/www.abf.se\/aros\/resized\/?url=https%3A%2F%2Fwww.abf.se%2Fwp-content%2Fuploads%2Fsites%2F71%2F2025%2F09%2Fvaxhuset.webp&#038;fit=crop&#038;w=144&#038;h=126&#038;s=f9a91cafde72312a914c91416c1340ec 144w, https:\/\/www.abf.se\/aros\/resized\/?url=https%3A%2F%2Fwww.abf.se%2Fwp-content%2Fuploads%2Fsites%2F71%2F2025%2F09%2Fvaxhuset.webp&#038;fit=crop&#038;w=240&#038;h=211&#038;s=3c2ba273f560193cfd094c96ef95a506 240w, https:\/\/www.abf.se\/aros\/resized\/?url=https%3A%2F%2Fwww.abf.se%2Fwp-content%2Fuploads%2Fsites%2F71%2F2025%2F09%2Fvaxhuset.webp&#038;fit=crop&#038;w=288&#038;h=253&#038;s=4dbee66373919e3292976e8aac1ed222 288w, https:\/\/www.abf.se\/aros\/resized\/?url=https%3A%2F%2Fwww.abf.se%2Fwp-content%2Fuploads%2Fsites%2F71%2F2025%2F09%2Fvaxhuset.webp&#038;fit=crop&#038;w=336&#038;h=295&#038;s=ace74437a1b9ad46ea2e3014d57d99bc 336w, https:\/\/www.abf.se\/aros\/resized\/?url=https%3A%2F%2Fwww.abf.se%2Fwp-content%2Fuploads%2Fsites%2F71%2F2025%2F09%2Fvaxhuset.webp&#038;fit=crop&#038;w=432&#038;h=380&#038;s=13923c69c0f1f09650f5bb93970abc33 432w, https:\/\/www.abf.se\/aros\/resized\/?url=https%3A%2F%2Fwww.abf.se%2Fwp-content%2Fuploads%2Fsites%2F71%2F2025%2F09%2Fvaxhuset.webp&#038;fit=crop&#038;w=480&#038;h=422&#038;s=be46aca0c51b15323e24e8498aa2374b 480w, https:\/\/www.abf.se\/aros\/resized\/?url=https%3A%2F%2Fwww.abf.se%2Fwp-content%2Fuploads%2Fsites%2F71%2F2025%2F09%2Fvaxhuset.webp&#038;fit=crop&#038;w=528&#038;h=464&#038;s=ac37b902d7c99426dca54f5f0fc1f727 528w, https:\/\/www.abf.se\/aros\/resized\/?url=https%3A%2F%2Fwww.abf.se%2Fwp-content%2Fuploads%2Fsites%2F71%2F2025%2F09%2Fvaxhuset.webp&#038;fit=crop&#038;w=578&#038;h=509&#038;s=57fdb338a326f813dab039264cfb0a0b 578w, https:\/\/www.abf.se\/aros\/resized\/?url=https%3A%2F%2Fwww.abf.se%2Fwp-content%2Fuploads%2Fsites%2F71%2F2025%2F09%2Fvaxhuset.webp&#038;fit=crop&#038;w=672&#038;h=591&#038;s=21ccd09ac1f54857d58199bfa10ff85f 672w, https:\/\/www.abf.se\/aros\/resized\/?url=https%3A%2F%2Fwww.abf.se%2Fwp-content%2Fuploads%2Fsites%2F71%2F2025%2F09%2Fvaxhuset.webp&#038;fit=crop&#038;w=864&#038;h=760&#038;s=1d2896d8c83a2e4a688d790fd1f78c5f 864w, https:\/\/www.abf.se\/aros\/resized\/?url=https%3A%2F%2Fwww.abf.se%2Fwp-content%2Fuploads%2Fsites%2F71%2F2025%2F09%2Fvaxhuset.webp&#038;fit=crop&#038;w=1056&#038;h=929&#038;s=a3efeb5041f8e0ab936cc5683581cba8 1056w\" alt=\"trumset p&aring; en scen.\" height=\"509\" width=\"578\" sizes=\"auto, (max-width: 768px) 100vw,\n                (max-width: 1280px) 50vw, 578px\" loading=\"lazy\" fetchpriority=\"low\" \/><\/picture>\n\n        <\/div>\n        \n        <div class=\"w-full md:w-1\/2 md:order-1\">\n        <div class=\"mx-auto md:max-w-[368px]\">\n            <h2 class=\"heading-lg\">V\u00e4lkommen hit!<\/h2>\n            <div class=\"mb-6 mt-4 wysiwyg\">\n                <p>Viktor Larssons plats 1<br \/>\n722 14 V\u00e4ster\u00e5s<br \/>\n<em>(entr\u00e9 fr\u00e5n Utanbygatan)<\/p>\n<p>\u2013\u2013\u2013\u2013\u2013<\/em><\/p>\n\n            <\/div>\n                                            <a href='https:\/\/www.google.com\/maps\/place\/V%C3%A4xhuset+ekonomisk+f%C3%B6rening\/@59.6125565,16.5467637,453m\/data=!3m2!1e3!4b1!4m6!3m5!1s0x465e61396bb2c39b:0xfda0bfb78cf46f9b!8m2!3d59.6125565!4d16.549344!16s%2Fg%2F11dyk3kqh?entry=ttu&amp;amp;g_ep=EgoyMDI1MDkyMS4wIKXMDSoASAFQAw%3D%3D' class=\"default-button\" target=\"\">\u00d6ppna i Google maps<\/a>\n                    <\/div>\n        <\/div>\n    <\/div>\n<\/div><ul\n    class=\"acf-article-accordion-block accordion-group grid gap-4 my-12 article-container--wide\"\n    data-block=\"article-accordion-block \"\n    data-ui-accordion-group\n>\n\n            <li class=\"accordion\" data-ui-accordion data-ui-accordion-open=\"false\">\n        <h3>\n        <button data-ui-accordion-button class=\"accordion-toggle font-bold\" aria-expanded=\"false\" aria-controls=\"row-tillganglighet-0\" id=\"tillganglighet-0\">\n            Tillg\u00e4nglighet\n            \n            <figure class=\"w-4.5 h-4.5\" aria-hidden=\"true\">\n            <svg width=\"20\" height=\"20\" viewBox=\"0 0 20 20\" fill=\"none\"\nclass=\"SvgIconElement\">\n<path d=\"M15.8333 7.16667L9.99992 13L4.16659 7.16667\" stroke=\"currentColor\"\/>\n<\/svg>\n            <\/figure>\n        <\/button>\n        \n                <\/h3>\n        <div class=\"accordion-content\">\n            <div id=\"row-tillganglighet-0\" role=\"region\" class=\"accordion-content-wrap\" aria-labelledby=\"tillganglighet-0\">\n                                            <div class=\"wysiwyg\">\n                    <p>Lokalen ligger i V\u00e4xhusets k\u00e4llarv\u00e5ning och g\u00e5r att n\u00e5s genom hiss via huvudentr\u00e9n, trappor via sidoentr\u00e9n mot Utanbygatan samt plan entr\u00e9 fr\u00e5n husets framsida.<\/p>\n\n                <\/div>\n                                        <\/div>\n        <\/div>\n    <\/li>\n            <li class=\"accordion\" data-ui-accordion data-ui-accordion-open=\"false\">\n        <h3>\n        <button data-ui-accordion-button class=\"accordion-toggle font-bold\" aria-expanded=\"false\" aria-controls=\"row-personal-1\" id=\"personal-1\">\n            Personal\n            \n            <figure class=\"w-4.5 h-4.5\" aria-hidden=\"true\">\n            <svg width=\"20\" height=\"20\" viewBox=\"0 0 20 20\" fill=\"none\"\nclass=\"SvgIconElement\">\n<path d=\"M15.8333 7.16667L9.99992 13L4.16659 7.16667\" stroke=\"currentColor\"\/>\n<\/svg>\n            <\/figure>\n        <\/button>\n        \n                <\/h3>\n        <div class=\"accordion-content\">\n            <div id=\"row-personal-1\" role=\"region\" class=\"accordion-content-wrap\" aria-labelledby=\"personal-1\">\n                                                <div class=\"grid md:grid-cols-3 gap-y-10 mt-10\">\n                        \n                                                        <div class=\"contact flex flex-col gap-3\">\n                                <div class=\"md:max-w-[160px]\">\n                                    \n                                <\/div>\n                                <div class=\"\">\n                                    <h4 class=\"heading-lg\">Wiking Ytterholm<\/h4>\n                                    <p class=\"body-md\">Musikverksamheten, replokaler<\/p>\n                                                                    <\/div>\n                                                                <div class=\"flex gap flex-col label-md gap-1\">\n                                                                        <div class=\"flex gap-3\">\n                                        <svg width=\"20\" height=\"20\" viewBox=\"0 0 20 20\" fill=\"none\" xmlns=\"http:\/\/www.w3.org\/2000\/svg\">\n<path d=\"M16.625 17.5C14.8333 17.5 13.0868 17.1007 11.3854 16.3021C9.68403 15.5035 8.17708 14.4479 6.86458 13.1354C5.55208 11.8229 4.49653 10.316 3.69792 8.61458C2.89931 6.91319 2.5 5.16667 2.5 3.375C2.5 3.125 2.58333 2.91667 2.75 2.75C2.91667 2.58333 3.125 2.5 3.375 2.5H6.75C6.94444 2.5 7.11806 2.5625 7.27083 2.6875C7.42361 2.8125 7.51389 2.97222 7.54167 3.16667L8.08333 6.08333C8.11111 6.27778 8.10764 6.45486 8.07292 6.61458C8.03819 6.77431 7.95833 6.91667 7.83333 7.04167L5.8125 9.08333C6.39583 10.0833 7.12847 11.0208 8.01042 11.8958C8.89236 12.7708 9.86111 13.5278 10.9167 14.1667L12.875 12.2083C13 12.0833 13.1632 11.9896 13.3646 11.9271C13.566 11.8646 13.7639 11.8472 13.9583 11.875L16.8333 12.4583C17.0278 12.5 17.1875 12.5938 17.3125 12.7396C17.4375 12.8854 17.5 13.0556 17.5 13.25V16.625C17.5 16.875 17.4167 17.0833 17.25 17.25C17.0833 17.4167 16.875 17.5 16.625 17.5ZM5.02083 7.5L6.39583 6.125L6.04167 4.16667H4.1875C4.25694 4.73611 4.35417 5.29861 4.47917 5.85417C4.60417 6.40972 4.78472 6.95833 5.02083 7.5ZM15.8333 15.7917V13.9583L13.875 13.5625L12.4792 14.9583C13.0208 15.1944 13.5729 15.3819 14.1354 15.5208C14.6979 15.6597 15.2639 15.75 15.8333 15.7917Z\" fill=\"black\"\/>\n<\/svg>\n                                        <p>\n                                                                                                                               <a href=\"callto:073-961 96 71\">073-961 96 71<\/a>\n                                                                                                                                     <\/p>\n                                    <\/div>\n                                                                                                            <div class=\"flex gap-3\">\n                                        <svg width=\"20\" height=\"20\" viewBox=\"0 0 20 20\" fill=\"none\" xmlns=\"http:\/\/www.w3.org\/2000\/svg\">\n<path d=\"M3.33366 16.6666C2.87533 16.6666 2.48296 16.5035 2.15658 16.1771C1.83019 15.8507 1.66699 15.4583 1.66699 15V4.99998C1.66699 4.54165 1.83019 4.14929 2.15658 3.8229C2.48296 3.49651 2.87533 3.33331 3.33366 3.33331H16.667C17.1253 3.33331 17.5177 3.49651 17.8441 3.8229C18.1705 4.14929 18.3337 4.54165 18.3337 4.99998V15C18.3337 15.4583 18.1705 15.8507 17.8441 16.1771C17.5177 16.5035 17.1253 16.6666 16.667 16.6666H3.33366ZM16.667 6.66665L10.4378 10.5625C10.3684 10.6041 10.2955 10.6354 10.2191 10.6562C10.1427 10.6771 10.0698 10.6875 10.0003 10.6875C9.93088 10.6875 9.85797 10.6771 9.78158 10.6562C9.70519 10.6354 9.63227 10.6041 9.56283 10.5625L3.33366 6.66665V15H16.667V6.66665ZM10.0003 9.16665L16.667 4.99998H3.33366L10.0003 9.16665ZM3.33366 6.87498V5.64581V5.66665V5.65623V6.87498Z\" fill=\"black\"\/>\n<\/svg>\n                                        <p><a href=\"mailto:wiking.ytterholm@abf.se\">wiking.ytterholm@abf.se<\/a><\/p>\n                                    <\/div>\n                                                                    <\/div>\n                                                            <\/div>\n                                            <\/div>\n                                        <\/div>\n        <\/div>\n    <\/li>\n    <\/ul>\n","protected":false},"excerpt":{"rendered":"","protected":false},"author":131,"featured_media":0,"parent":0,"menu_order":0,"comment_status":"closed","ping_status":"closed","template":"","meta":{"_acf_changed":false,"footnotes":""},"class_list":["post-201","page","type-page","status-publish","hentry"],"acf":[],"yoast_head":"<!-- This site is optimized with the Yoast SEO plugin v27.0 - https:\/\/yoast.com\/product\/yoast-seo-wordpress\/ -->\n<title>ABF-k\u00e4llaren - Aros<\/title>\n<meta name=\"robots\" content=\"index, follow, max-snippet:-1, max-image-preview:large, max-video-preview:-1\" \/>\n<link rel=\"canonical\" href=\"https:\/\/www.abf.se\/aros\/abf-kallaren\/\" \/>\n<meta property=\"og:locale\" content=\"sv_SE\" \/>\n<meta property=\"og:type\" content=\"article\" \/>\n<meta property=\"og:title\" content=\"ABF-k\u00e4llaren - Aros\" \/>\n<meta property=\"og:url\" content=\"https:\/\/www.abf.se\/aros\/abf-kallaren\/\" \/>\n<meta property=\"og:site_name\" content=\"Aros\" \/>\n<meta name=\"twitter:card\" content=\"summary_large_image\" \/>\n<script type=\"application\/ld+json\" class=\"yoast-schema-graph\">{\"@context\":\"https:\/\/schema.org\",\"@graph\":[{\"@type\":\"WebPage\",\"@id\":\"https:\/\/www.abf.se\/aros\/abf-kallaren\/\",\"url\":\"https:\/\/www.abf.se\/aros\/abf-kallaren\/\",\"name\":\"ABF-k\u00e4llaren - Aros\",\"isPartOf\":{\"@id\":\"https:\/\/www.abf.se\/aros\/#website\"},\"datePublished\":\"2025-10-01T08:45:56+00:00\",\"breadcrumb\":{\"@id\":\"https:\/\/www.abf.se\/aros\/abf-kallaren\/#breadcrumb\"},\"inLanguage\":\"sv-SE\",\"potentialAction\":[{\"@type\":\"ReadAction\",\"target\":[\"https:\/\/www.abf.se\/aros\/abf-kallaren\/\"]}]},{\"@type\":\"BreadcrumbList\",\"@id\":\"https:\/\/www.abf.se\/aros\/abf-kallaren\/#breadcrumb\",\"itemListElement\":[{\"@type\":\"ListItem\",\"position\":1,\"name\":\"Home\",\"item\":\"https:\/\/www.abf.se\/aros\/\"},{\"@type\":\"ListItem\",\"position\":2,\"name\":\"ABF-k\u00e4llaren\"}]},{\"@type\":\"WebSite\",\"@id\":\"https:\/\/www.abf.se\/aros\/#website\",\"url\":\"https:\/\/www.abf.se\/aros\/\",\"name\":\"Aros\",\"description\":\"\",\"potentialAction\":[{\"@type\":\"SearchAction\",\"target\":{\"@type\":\"EntryPoint\",\"urlTemplate\":\"https:\/\/www.abf.se\/aros\/?s={search_term_string}\"},\"query-input\":{\"@type\":\"PropertyValueSpecification\",\"valueRequired\":true,\"valueName\":\"search_term_string\"}}],\"inLanguage\":\"sv-SE\"}]}<\/script>\n<!-- \/ Yoast SEO plugin. -->","yoast_head_json":{"title":"ABF-k\u00e4llaren - Aros","robots":{"index":"index","follow":"follow","max-snippet":"max-snippet:-1","max-image-preview":"max-image-preview:large","max-video-preview":"max-video-preview:-1"},"canonical":"https:\/\/www.abf.se\/aros\/abf-kallaren\/","og_locale":"sv_SE","og_type":"article","og_title":"ABF-k\u00e4llaren - Aros","og_url":"https:\/\/www.abf.se\/aros\/abf-kallaren\/","og_site_name":"Aros","twitter_card":"summary_large_image","schema":{"@context":"https:\/\/schema.org","@graph":[{"@type":"WebPage","@id":"https:\/\/www.abf.se\/aros\/abf-kallaren\/","url":"https:\/\/www.abf.se\/aros\/abf-kallaren\/","name":"ABF-k\u00e4llaren - Aros","isPartOf":{"@id":"https:\/\/www.abf.se\/aros\/#website"},"datePublished":"2025-10-01T08:45:56+00:00","breadcrumb":{"@id":"https:\/\/www.abf.se\/aros\/abf-kallaren\/#breadcrumb"},"inLanguage":"sv-SE","potentialAction":[{"@type":"ReadAction","target":["https:\/\/www.abf.se\/aros\/abf-kallaren\/"]}]},{"@type":"BreadcrumbList","@id":"https:\/\/www.abf.se\/aros\/abf-kallaren\/#breadcrumb","itemListElement":[{"@type":"ListItem","position":1,"name":"Home","item":"https:\/\/www.abf.se\/aros\/"},{"@type":"ListItem","position":2,"name":"ABF-k\u00e4llaren"}]},{"@type":"WebSite","@id":"https:\/\/www.abf.se\/aros\/#website","url":"https:\/\/www.abf.se\/aros\/","name":"Aros","description":"","potentialAction":[{"@type":"SearchAction","target":{"@type":"EntryPoint","urlTemplate":"https:\/\/www.abf.se\/aros\/?s={search_term_string}"},"query-input":{"@type":"PropertyValueSpecification","valueRequired":true,"valueName":"search_term_string"}}],"inLanguage":"sv-SE"}]}},"_links":{"self":[{"href":"https:\/\/www.abf.se\/aros\/wp-json\/wp\/v2\/pages\/201","targetHints":{"allow":["GET"]}}],"collection":[{"href":"https:\/\/www.abf.se\/aros\/wp-json\/wp\/v2\/pages"}],"about":[{"href":"https:\/\/www.abf.se\/aros\/wp-json\/wp\/v2\/types\/page"}],"author":[{"embeddable":true,"href":"https:\/\/www.abf.se\/aros\/wp-json\/wp\/v2\/users\/131"}],"replies":[{"embeddable":true,"href":"https:\/\/www.abf.se\/aros\/wp-json\/wp\/v2\/comments?post=201"}],"version-history":[{"count":7,"href":"https:\/\/www.abf.se\/aros\/wp-json\/wp\/v2\/pages\/201\/revisions"}],"predecessor-version":[{"id":229,"href":"https:\/\/www.abf.se\/aros\/wp-json\/wp\/v2\/pages\/201\/revisions\/229"}],"wp:attachment":[{"href":"https:\/\/www.abf.se\/aros\/wp-json\/wp\/v2\/media?parent=201"}],"curies":[{"name":"wp","href":"https:\/\/api.w.org\/{rel}","templated":true}]}}