{"id":453,"date":"2025-11-05T14:21:26","date_gmt":"2025-11-05T13:21:26","guid":{"rendered":"https:\/\/www.abf.se\/aros\/?page_id=453"},"modified":"2025-11-05T14:38:17","modified_gmt":"2025-11-05T13:38:17","slug":"starta-en-egen-studiecirkel","status":"publish","type":"page","link":"https:\/\/www.abf.se\/aros\/starta-en-egen-studiecirkel\/","title":{"rendered":"Starta en egen studiecirkel!"},"content":{"rendered":"<div\n    class=\"acf-plain-heading-block container my-16\"\n    data-block=\"plain-heading-block\"\n>\n    <div class=\"max-w-[658px] mx-auto\">\n                <h1 class=\"hero-heading\"><span>Starta en egen studiecirkel!<\/span><\/h1>\n                            <p class=\"mt-8 body-xl text-black\">\n                Har du n\u00e5gon kul kursid\u00e9 i \u00e5tanke? Vill du l\u00e4ra dig n\u00e5got nytt tillsammans med andra? Du vet v\u00e4l om att du kan starta en egen studie\u00adcirkel med dina kompisar? S\u00e5 h\u00e4r l\u00e4tt \u00e4r det:\n            <\/p>\n            <\/div>\n<\/div>\n<div\n    class=\"acf-text-image-block container my-12 md:my-15\"\n    data-block=\"text-image-block\"\n>\n    <div\n    class=\"flex flex-col items-center md:flex-row gap-8 md:gap-0 justify-between\">\n                        <div class=\"w-full md:w-1\/2 md:order-2\">\n            <picture><img decoding=\"async\" src=\"https:\/\/www.abf.se\/aros\/resized\/?url=https%3A%2F%2Fwww.abf.se%2Fwp-content%2Fuploads%2Fsites%2F71%2F2025%2F11%2Fgubbar_1.png&#038;fit=crop&#038;w=578&#038;s=57ac246b6f984bf3c5bf63945cf7dede\" srcset=\"https:\/\/www.abf.se\/aros\/resized\/?url=https%3A%2F%2Fwww.abf.se%2Fwp-content%2Fuploads%2Fsites%2F71%2F2025%2F11%2Fgubbar_1.png&#038;fit=crop&#038;w=144&#038;h=126&#038;s=0bca284491e9fbfb9e9cef6bbd6e5b48 144w, https:\/\/www.abf.se\/aros\/resized\/?url=https%3A%2F%2Fwww.abf.se%2Fwp-content%2Fuploads%2Fsites%2F71%2F2025%2F11%2Fgubbar_1.png&#038;fit=crop&#038;w=240&#038;h=211&#038;s=881ba39c5ba01baa97508d5541370171 240w, https:\/\/www.abf.se\/aros\/resized\/?url=https%3A%2F%2Fwww.abf.se%2Fwp-content%2Fuploads%2Fsites%2F71%2F2025%2F11%2Fgubbar_1.png&#038;fit=crop&#038;w=288&#038;h=253&#038;s=5d6712a0da319107227da39d8b3c82ea 288w, https:\/\/www.abf.se\/aros\/resized\/?url=https%3A%2F%2Fwww.abf.se%2Fwp-content%2Fuploads%2Fsites%2F71%2F2025%2F11%2Fgubbar_1.png&#038;fit=crop&#038;w=336&#038;h=295&#038;s=be281898f36ae49a4fbe9e693a976d77 336w, https:\/\/www.abf.se\/aros\/resized\/?url=https%3A%2F%2Fwww.abf.se%2Fwp-content%2Fuploads%2Fsites%2F71%2F2025%2F11%2Fgubbar_1.png&#038;fit=crop&#038;w=432&#038;h=380&#038;s=4f4073b0bddd88905c5f924baf9a48c9 432w, https:\/\/www.abf.se\/aros\/resized\/?url=https%3A%2F%2Fwww.abf.se%2Fwp-content%2Fuploads%2Fsites%2F71%2F2025%2F11%2Fgubbar_1.png&#038;fit=crop&#038;w=480&#038;h=422&#038;s=ed3f1854fa289c5a0a6b9c00f565b0e2 480w, https:\/\/www.abf.se\/aros\/resized\/?url=https%3A%2F%2Fwww.abf.se%2Fwp-content%2Fuploads%2Fsites%2F71%2F2025%2F11%2Fgubbar_1.png&#038;fit=crop&#038;w=528&#038;h=464&#038;s=1f5fb9b51f139d93560e6da206136337 528w, https:\/\/www.abf.se\/aros\/resized\/?url=https%3A%2F%2Fwww.abf.se%2Fwp-content%2Fuploads%2Fsites%2F71%2F2025%2F11%2Fgubbar_1.png&#038;fit=crop&#038;w=578&#038;h=509&#038;s=ca490b4fba3b67c15c353b556c44e48f 578w, https:\/\/www.abf.se\/aros\/resized\/?url=https%3A%2F%2Fwww.abf.se%2Fwp-content%2Fuploads%2Fsites%2F71%2F2025%2F11%2Fgubbar_1.png&#038;fit=crop&#038;w=672&#038;h=591&#038;s=32d2c522930dbd01fd2efec889d6cf3b 672w, https:\/\/www.abf.se\/aros\/resized\/?url=https%3A%2F%2Fwww.abf.se%2Fwp-content%2Fuploads%2Fsites%2F71%2F2025%2F11%2Fgubbar_1.png&#038;fit=crop&#038;w=864&#038;h=760&#038;s=98b9b4bb3fb22af64fe92e13f4d0eb59 864w, https:\/\/www.abf.se\/aros\/resized\/?url=https%3A%2F%2Fwww.abf.se%2Fwp-content%2Fuploads%2Fsites%2F71%2F2025%2F11%2Fgubbar_1.png&#038;fit=crop&#038;w=1056&#038;h=929&#038;s=c48e4b3dcb9617b92aa6f8cefed01aed 1056w\" alt=\"Illustration med 3 figurer som tittar p&aring; varandra\" height=\"509\" width=\"578\" sizes=\"auto, (max-width: 768px) 100vw,\n                (max-width: 1280px) 50vw, 578px\" loading=\"lazy\" fetchpriority=\"low\" \/><\/picture>\n\n        <\/div>\n        \n        <div class=\"w-full md:w-1\/2 md:order-1\">\n        <div class=\"mx-auto md:max-w-[368px]\">\n            <h2 class=\"heading-lg\"><\/h2>\n            <div class=\"mb-6 mt-4 wysiwyg\">\n                <p>1. Hitta minst tv\u00e5 v\u00e4nner.<\/p>\n\n            <\/div>\n                    <\/div>\n        <\/div>\n    <\/div>\n<\/div><div\n    class=\"acf-text-image-block container my-12 md:my-15\"\n    data-block=\"text-image-block\"\n>\n    <div\n    class=\"flex flex-col items-center md:flex-row gap-8 md:gap-0 justify-between\">\n                        <div class=\"w-full md:w-1\/2 md:order-1\">\n            <picture><img decoding=\"async\" src=\"https:\/\/www.abf.se\/aros\/resized\/?url=https%3A%2F%2Fwww.abf.se%2Fwp-content%2Fuploads%2Fsites%2F71%2F2025%2F11%2Fgubbe2-copy.jpg&#038;fit=crop&#038;w=578&#038;s=e7e012184b3252dc892d26f740b870e1\" srcset=\"https:\/\/www.abf.se\/aros\/resized\/?url=https%3A%2F%2Fwww.abf.se%2Fwp-content%2Fuploads%2Fsites%2F71%2F2025%2F11%2Fgubbe2-copy.jpg&#038;fit=crop&#038;w=144&#038;h=126&#038;s=19cf4f2552342dd46a3489602616a479 144w, https:\/\/www.abf.se\/aros\/resized\/?url=https%3A%2F%2Fwww.abf.se%2Fwp-content%2Fuploads%2Fsites%2F71%2F2025%2F11%2Fgubbe2-copy.jpg&#038;fit=crop&#038;w=240&#038;h=211&#038;s=6ef3205f64be8b31eca72b9ea7158ce1 240w, https:\/\/www.abf.se\/aros\/resized\/?url=https%3A%2F%2Fwww.abf.se%2Fwp-content%2Fuploads%2Fsites%2F71%2F2025%2F11%2Fgubbe2-copy.jpg&#038;fit=crop&#038;w=288&#038;h=253&#038;s=a05ba0e04e197b60b4ee5a5fd59c2cb2 288w, https:\/\/www.abf.se\/aros\/resized\/?url=https%3A%2F%2Fwww.abf.se%2Fwp-content%2Fuploads%2Fsites%2F71%2F2025%2F11%2Fgubbe2-copy.jpg&#038;fit=crop&#038;w=336&#038;h=295&#038;s=ae4891a0e7ab7456aba1ac4882d87c18 336w, https:\/\/www.abf.se\/aros\/resized\/?url=https%3A%2F%2Fwww.abf.se%2Fwp-content%2Fuploads%2Fsites%2F71%2F2025%2F11%2Fgubbe2-copy.jpg&#038;fit=crop&#038;w=432&#038;h=380&#038;s=8a2a4bd4cbd44da9dfff633cfe315918 432w, https:\/\/www.abf.se\/aros\/resized\/?url=https%3A%2F%2Fwww.abf.se%2Fwp-content%2Fuploads%2Fsites%2F71%2F2025%2F11%2Fgubbe2-copy.jpg&#038;fit=crop&#038;w=480&#038;h=422&#038;s=4cd2d2983806b5ca8c3dcaca20ebe605 480w, https:\/\/www.abf.se\/aros\/resized\/?url=https%3A%2F%2Fwww.abf.se%2Fwp-content%2Fuploads%2Fsites%2F71%2F2025%2F11%2Fgubbe2-copy.jpg&#038;fit=crop&#038;w=528&#038;h=464&#038;s=e9bdd0fa1b3c209b3d287740a7f94a72 528w, https:\/\/www.abf.se\/aros\/resized\/?url=https%3A%2F%2Fwww.abf.se%2Fwp-content%2Fuploads%2Fsites%2F71%2F2025%2F11%2Fgubbe2-copy.jpg&#038;fit=crop&#038;w=578&#038;h=509&#038;s=79641032f687ccbd41c92e17a553f23e 578w, https:\/\/www.abf.se\/aros\/resized\/?url=https%3A%2F%2Fwww.abf.se%2Fwp-content%2Fuploads%2Fsites%2F71%2F2025%2F11%2Fgubbe2-copy.jpg&#038;fit=crop&#038;w=672&#038;h=591&#038;s=8e57fc7b6e0e7b0441cdeb96d2107493 672w, https:\/\/www.abf.se\/aros\/resized\/?url=https%3A%2F%2Fwww.abf.se%2Fwp-content%2Fuploads%2Fsites%2F71%2F2025%2F11%2Fgubbe2-copy.jpg&#038;fit=crop&#038;w=864&#038;h=760&#038;s=36db91941d5bc64dc19dcd9093a6bbd8 864w, https:\/\/www.abf.se\/aros\/resized\/?url=https%3A%2F%2Fwww.abf.se%2Fwp-content%2Fuploads%2Fsites%2F71%2F2025%2F11%2Fgubbe2-copy.jpg&#038;fit=crop&#038;w=1056&#038;h=929&#038;s=7b79f889fbcf4312cb9f1ea606f03ee1 1056w\" alt=\"Illustration med 1 figur som skriver p&aring; ett papper\" height=\"509\" width=\"578\" sizes=\"auto, (max-width: 768px) 100vw,\n                (max-width: 1280px) 50vw, 578px\" loading=\"lazy\" fetchpriority=\"low\" \/><\/picture>\n\n        <\/div>\n        \n        <div class=\"w-full md:w-1\/2 md:order-2\">\n        <div class=\"mx-auto md:max-w-[368px]\">\n            <h2 class=\"heading-lg\"><\/h2>\n            <div class=\"mb-6 mt-4 wysiwyg\">\n                <p><span class=\"s1\">2. Utse en cirkelledare och skriv en arbetsplan.<\/span><\/p>\n\n            <\/div>\n                    <\/div>\n        <\/div>\n    <\/div>\n<\/div><div\n    class=\"acf-text-image-block container my-12 md:my-15\"\n    data-block=\"text-image-block\"\n>\n    <div\n    class=\"flex flex-col items-center md:flex-row gap-8 md:gap-0 justify-between\">\n                        <div class=\"w-full md:w-1\/2 md:order-2\">\n            <picture><img decoding=\"async\" src=\"https:\/\/www.abf.se\/aros\/resized\/?url=https%3A%2F%2Fwww.abf.se%2Fwp-content%2Fuploads%2Fsites%2F71%2F2025%2F11%2Fgubbe3-copy.jpg&#038;fit=crop&#038;w=578&#038;s=c8802d75fa0c4fb81e68c350e81a856d\" srcset=\"https:\/\/www.abf.se\/aros\/resized\/?url=https%3A%2F%2Fwww.abf.se%2Fwp-content%2Fuploads%2Fsites%2F71%2F2025%2F11%2Fgubbe3-copy.jpg&#038;fit=crop&#038;w=144&#038;h=126&#038;s=69b9aa91d6f952fbc495a7b78b725e96 144w, https:\/\/www.abf.se\/aros\/resized\/?url=https%3A%2F%2Fwww.abf.se%2Fwp-content%2Fuploads%2Fsites%2F71%2F2025%2F11%2Fgubbe3-copy.jpg&#038;fit=crop&#038;w=240&#038;h=211&#038;s=454df2368c8a95e953814d0048ee3922 240w, https:\/\/www.abf.se\/aros\/resized\/?url=https%3A%2F%2Fwww.abf.se%2Fwp-content%2Fuploads%2Fsites%2F71%2F2025%2F11%2Fgubbe3-copy.jpg&#038;fit=crop&#038;w=288&#038;h=253&#038;s=999caeb0d7a8adc8981f43545c953ad1 288w, https:\/\/www.abf.se\/aros\/resized\/?url=https%3A%2F%2Fwww.abf.se%2Fwp-content%2Fuploads%2Fsites%2F71%2F2025%2F11%2Fgubbe3-copy.jpg&#038;fit=crop&#038;w=336&#038;h=295&#038;s=f0e9b68d3072b1e15064dc20b4476181 336w, https:\/\/www.abf.se\/aros\/resized\/?url=https%3A%2F%2Fwww.abf.se%2Fwp-content%2Fuploads%2Fsites%2F71%2F2025%2F11%2Fgubbe3-copy.jpg&#038;fit=crop&#038;w=432&#038;h=380&#038;s=d6c567895ae59de522ff6950a40b4c12 432w, https:\/\/www.abf.se\/aros\/resized\/?url=https%3A%2F%2Fwww.abf.se%2Fwp-content%2Fuploads%2Fsites%2F71%2F2025%2F11%2Fgubbe3-copy.jpg&#038;fit=crop&#038;w=480&#038;h=422&#038;s=2a99d46b3b8f72cffca2e3d50a7daf6d 480w, https:\/\/www.abf.se\/aros\/resized\/?url=https%3A%2F%2Fwww.abf.se%2Fwp-content%2Fuploads%2Fsites%2F71%2F2025%2F11%2Fgubbe3-copy.jpg&#038;fit=crop&#038;w=528&#038;h=464&#038;s=f39fa77183e06ad6d9a834b1251aeff8 528w, https:\/\/www.abf.se\/aros\/resized\/?url=https%3A%2F%2Fwww.abf.se%2Fwp-content%2Fuploads%2Fsites%2F71%2F2025%2F11%2Fgubbe3-copy.jpg&#038;fit=crop&#038;w=578&#038;h=509&#038;s=e958c16211f2324e66909dacd4edd353 578w, https:\/\/www.abf.se\/aros\/resized\/?url=https%3A%2F%2Fwww.abf.se%2Fwp-content%2Fuploads%2Fsites%2F71%2F2025%2F11%2Fgubbe3-copy.jpg&#038;fit=crop&#038;w=672&#038;h=591&#038;s=e902cb3dd3e71557b92156440990457c 672w, https:\/\/www.abf.se\/aros\/resized\/?url=https%3A%2F%2Fwww.abf.se%2Fwp-content%2Fuploads%2Fsites%2F71%2F2025%2F11%2Fgubbe3-copy.jpg&#038;fit=crop&#038;w=864&#038;h=760&#038;s=5283ccabeec2bc80f59416744f6f65e4 864w, https:\/\/www.abf.se\/aros\/resized\/?url=https%3A%2F%2Fwww.abf.se%2Fwp-content%2Fuploads%2Fsites%2F71%2F2025%2F11%2Fgubbe3-copy.jpg&#038;fit=crop&#038;w=1056&#038;h=929&#038;s=d3802b8611ff5e915256ce5268e4f2a3 1056w\" alt=\"Illustration av en figur som pratar i telefon.\" height=\"509\" width=\"578\" sizes=\"auto, (max-width: 768px) 100vw,\n                (max-width: 1280px) 50vw, 578px\" loading=\"lazy\" fetchpriority=\"low\" \/><\/picture>\n\n        <\/div>\n        \n        <div class=\"w-full md:w-1\/2 md:order-1\">\n        <div class=\"mx-auto md:max-w-[368px]\">\n            <h2 class=\"heading-lg\"><\/h2>\n            <div class=\"mb-6 mt-4 wysiwyg\">\n                <p class=\"p1\"><span class=\"s1\">3. H\u00f6r av er till ABF som hj\u00e4lper er vidare.<br \/>\n<\/span><\/p>\n<blockquote>\n<p class=\"p1\">V\u00e5rt st\u00f6d till er beror p\u00e5 vad ni beh\u00f6ver hj\u00e4lp med. Det kan till exempel handla om lokaler, utrustning, <span class=\"s2\">studiematerial eller marknadsf\u00f6ring. Vi erbjuder ocks\u00e5 pedagogiska kurser, vidareutbildningar och n\u00e4tverks<\/span>tr\u00e4ffar. Och vill ni starta en helt egen f\u00f6rening s\u00e5 har vi verktygen! ABF \u00e4r Sveriges st\u00f6rsta studief\u00f6rbund och med mer \u00e4n 100 \u00e5rs erfarenhet i ryggen kan vi allt om folkbildning.<\/p>\n<\/blockquote>\n\n            <\/div>\n                    <\/div>\n        <\/div>\n    <\/div>\n<\/div><div\n    class=\"acf-text-image-block container my-12 md:my-15\"\n    data-block=\"text-image-block\"\n>\n    <div\n    class=\"flex flex-col items-center md:flex-row gap-8 md:gap-0 justify-between\">\n                        <div class=\"w-full md:w-1\/2 md:order-1\">\n            <picture><img decoding=\"async\" src=\"https:\/\/www.abf.se\/aros\/resized\/?url=https%3A%2F%2Fwww.abf.se%2Fwp-content%2Fuploads%2Fsites%2F71%2F2025%2F11%2Fgubbe4-copy.jpg&#038;fit=crop&#038;w=578&#038;s=d8d4ab33632a1e68777eaa80d8f977ff\" srcset=\"https:\/\/www.abf.se\/aros\/resized\/?url=https%3A%2F%2Fwww.abf.se%2Fwp-content%2Fuploads%2Fsites%2F71%2F2025%2F11%2Fgubbe4-copy.jpg&#038;fit=crop&#038;w=144&#038;h=126&#038;s=61e88e2f158022aeeed3dc6990c1d09d 144w, https:\/\/www.abf.se\/aros\/resized\/?url=https%3A%2F%2Fwww.abf.se%2Fwp-content%2Fuploads%2Fsites%2F71%2F2025%2F11%2Fgubbe4-copy.jpg&#038;fit=crop&#038;w=240&#038;h=211&#038;s=50cdf969543b962b5072764722ac0a26 240w, https:\/\/www.abf.se\/aros\/resized\/?url=https%3A%2F%2Fwww.abf.se%2Fwp-content%2Fuploads%2Fsites%2F71%2F2025%2F11%2Fgubbe4-copy.jpg&#038;fit=crop&#038;w=288&#038;h=253&#038;s=25519037b872704ee18c0a57ef1d8c49 288w, https:\/\/www.abf.se\/aros\/resized\/?url=https%3A%2F%2Fwww.abf.se%2Fwp-content%2Fuploads%2Fsites%2F71%2F2025%2F11%2Fgubbe4-copy.jpg&#038;fit=crop&#038;w=336&#038;h=295&#038;s=580bcaf642481523334217da2323c4a2 336w, https:\/\/www.abf.se\/aros\/resized\/?url=https%3A%2F%2Fwww.abf.se%2Fwp-content%2Fuploads%2Fsites%2F71%2F2025%2F11%2Fgubbe4-copy.jpg&#038;fit=crop&#038;w=432&#038;h=380&#038;s=3bd7a0fb7ebc600c2b4ed762d98f555e 432w, https:\/\/www.abf.se\/aros\/resized\/?url=https%3A%2F%2Fwww.abf.se%2Fwp-content%2Fuploads%2Fsites%2F71%2F2025%2F11%2Fgubbe4-copy.jpg&#038;fit=crop&#038;w=480&#038;h=422&#038;s=d4a608bb9f1a11364b478c3ef94aeefc 480w, https:\/\/www.abf.se\/aros\/resized\/?url=https%3A%2F%2Fwww.abf.se%2Fwp-content%2Fuploads%2Fsites%2F71%2F2025%2F11%2Fgubbe4-copy.jpg&#038;fit=crop&#038;w=528&#038;h=464&#038;s=0e6f8db9de210f94bc96f789464518eb 528w, https:\/\/www.abf.se\/aros\/resized\/?url=https%3A%2F%2Fwww.abf.se%2Fwp-content%2Fuploads%2Fsites%2F71%2F2025%2F11%2Fgubbe4-copy.jpg&#038;fit=crop&#038;w=578&#038;h=509&#038;s=9d36e30d80c11e2814f6b92c08edfdaf 578w, https:\/\/www.abf.se\/aros\/resized\/?url=https%3A%2F%2Fwww.abf.se%2Fwp-content%2Fuploads%2Fsites%2F71%2F2025%2F11%2Fgubbe4-copy.jpg&#038;fit=crop&#038;w=672&#038;h=591&#038;s=1a6f3433a9da65dc1b4d6d50e979a3ca 672w, https:\/\/www.abf.se\/aros\/resized\/?url=https%3A%2F%2Fwww.abf.se%2Fwp-content%2Fuploads%2Fsites%2F71%2F2025%2F11%2Fgubbe4-copy.jpg&#038;fit=crop&#038;w=864&#038;h=760&#038;s=5cf646f61639eb3cf75b3148cb7336b5 864w, https:\/\/www.abf.se\/aros\/resized\/?url=https%3A%2F%2Fwww.abf.se%2Fwp-content%2Fuploads%2Fsites%2F71%2F2025%2F11%2Fgubbe4-copy.jpg&#038;fit=crop&#038;w=1056&#038;h=929&#038;s=dc3eb0ddb250fc430333e5657767177a 1056w\" alt=\"Illustration med figur som jublar.\" height=\"509\" width=\"578\" sizes=\"auto, (max-width: 768px) 100vw,\n                (max-width: 1280px) 50vw, 578px\" loading=\"lazy\" fetchpriority=\"low\" \/><\/picture>\n\n        <\/div>\n        \n        <div class=\"w-full md:w-1\/2 md:order-2\">\n        <div class=\"mx-auto md:max-w-[368px]\">\n            <h2 class=\"heading-lg\"><\/h2>\n            <div class=\"mb-6 mt-4 wysiwyg\">\n                <p class=\"p1\"><span class=\"s1\">4. Starta cirkeln och l\u00e4r er tillsammans.<br \/>\n<\/span><\/p>\n\n            <\/div>\n                                            <a href='https:\/\/www.abf.se\/aros\/kontakt\/' class=\"default-button\" target=\"\">L\u00e4tt va? H\u00f6r av er till oss s\u00e5 s\u00e4tter vi ig\u00e5ng!<\/a>\n                    <\/div>\n        <\/div>\n    <\/div>\n<\/div>","protected":false},"excerpt":{"rendered":"","protected":false},"author":131,"featured_media":0,"parent":0,"menu_order":0,"comment_status":"closed","ping_status":"closed","template":"","meta":{"_acf_changed":false,"footnotes":""},"class_list":["post-453","page","type-page","status-publish","hentry"],"acf":[],"yoast_head":"<!-- This site is optimized with the Yoast SEO plugin v27.0 - https:\/\/yoast.com\/product\/yoast-seo-wordpress\/ -->\n<title>Starta en egen studiecirkel! - Aros<\/title>\n<meta name=\"robots\" content=\"index, follow, max-snippet:-1, max-image-preview:large, max-video-preview:-1\" \/>\n<link rel=\"canonical\" href=\"https:\/\/www.abf.se\/aros\/starta-en-egen-studiecirkel\/\" \/>\n<meta property=\"og:locale\" content=\"sv_SE\" \/>\n<meta property=\"og:type\" content=\"article\" \/>\n<meta property=\"og:title\" content=\"Starta en egen studiecirkel! - Aros\" \/>\n<meta property=\"og:url\" content=\"https:\/\/www.abf.se\/aros\/starta-en-egen-studiecirkel\/\" \/>\n<meta property=\"og:site_name\" content=\"Aros\" \/>\n<meta property=\"article:modified_time\" content=\"2025-11-05T13:38:17+00:00\" \/>\n<meta name=\"twitter:card\" content=\"summary_large_image\" \/>\n<script type=\"application\/ld+json\" class=\"yoast-schema-graph\">{\"@context\":\"https:\/\/schema.org\",\"@graph\":[{\"@type\":\"WebPage\",\"@id\":\"https:\/\/www.abf.se\/aros\/starta-en-egen-studiecirkel\/\",\"url\":\"https:\/\/www.abf.se\/aros\/starta-en-egen-studiecirkel\/\",\"name\":\"Starta en egen studiecirkel! - Aros\",\"isPartOf\":{\"@id\":\"https:\/\/www.abf.se\/aros\/#website\"},\"datePublished\":\"2025-11-05T13:21:26+00:00\",\"dateModified\":\"2025-11-05T13:38:17+00:00\",\"breadcrumb\":{\"@id\":\"https:\/\/www.abf.se\/aros\/starta-en-egen-studiecirkel\/#breadcrumb\"},\"inLanguage\":\"sv-SE\",\"potentialAction\":[{\"@type\":\"ReadAction\",\"target\":[\"https:\/\/www.abf.se\/aros\/starta-en-egen-studiecirkel\/\"]}]},{\"@type\":\"BreadcrumbList\",\"@id\":\"https:\/\/www.abf.se\/aros\/starta-en-egen-studiecirkel\/#breadcrumb\",\"itemListElement\":[{\"@type\":\"ListItem\",\"position\":1,\"name\":\"Home\",\"item\":\"https:\/\/www.abf.se\/aros\/\"},{\"@type\":\"ListItem\",\"position\":2,\"name\":\"Starta en egen studiecirkel!\"}]},{\"@type\":\"WebSite\",\"@id\":\"https:\/\/www.abf.se\/aros\/#website\",\"url\":\"https:\/\/www.abf.se\/aros\/\",\"name\":\"Aros\",\"description\":\"\",\"potentialAction\":[{\"@type\":\"SearchAction\",\"target\":{\"@type\":\"EntryPoint\",\"urlTemplate\":\"https:\/\/www.abf.se\/aros\/?s={search_term_string}\"},\"query-input\":{\"@type\":\"PropertyValueSpecification\",\"valueRequired\":true,\"valueName\":\"search_term_string\"}}],\"inLanguage\":\"sv-SE\"}]}<\/script>\n<!-- \/ Yoast SEO plugin. -->","yoast_head_json":{"title":"Starta en egen studiecirkel! - Aros","robots":{"index":"index","follow":"follow","max-snippet":"max-snippet:-1","max-image-preview":"max-image-preview:large","max-video-preview":"max-video-preview:-1"},"canonical":"https:\/\/www.abf.se\/aros\/starta-en-egen-studiecirkel\/","og_locale":"sv_SE","og_type":"article","og_title":"Starta en egen studiecirkel! - Aros","og_url":"https:\/\/www.abf.se\/aros\/starta-en-egen-studiecirkel\/","og_site_name":"Aros","article_modified_time":"2025-11-05T13:38:17+00:00","twitter_card":"summary_large_image","schema":{"@context":"https:\/\/schema.org","@graph":[{"@type":"WebPage","@id":"https:\/\/www.abf.se\/aros\/starta-en-egen-studiecirkel\/","url":"https:\/\/www.abf.se\/aros\/starta-en-egen-studiecirkel\/","name":"Starta en egen studiecirkel! - Aros","isPartOf":{"@id":"https:\/\/www.abf.se\/aros\/#website"},"datePublished":"2025-11-05T13:21:26+00:00","dateModified":"2025-11-05T13:38:17+00:00","breadcrumb":{"@id":"https:\/\/www.abf.se\/aros\/starta-en-egen-studiecirkel\/#breadcrumb"},"inLanguage":"sv-SE","potentialAction":[{"@type":"ReadAction","target":["https:\/\/www.abf.se\/aros\/starta-en-egen-studiecirkel\/"]}]},{"@type":"BreadcrumbList","@id":"https:\/\/www.abf.se\/aros\/starta-en-egen-studiecirkel\/#breadcrumb","itemListElement":[{"@type":"ListItem","position":1,"name":"Home","item":"https:\/\/www.abf.se\/aros\/"},{"@type":"ListItem","position":2,"name":"Starta en egen studiecirkel!"}]},{"@type":"WebSite","@id":"https:\/\/www.abf.se\/aros\/#website","url":"https:\/\/www.abf.se\/aros\/","name":"Aros","description":"","potentialAction":[{"@type":"SearchAction","target":{"@type":"EntryPoint","urlTemplate":"https:\/\/www.abf.se\/aros\/?s={search_term_string}"},"query-input":{"@type":"PropertyValueSpecification","valueRequired":true,"valueName":"search_term_string"}}],"inLanguage":"sv-SE"}]}},"_links":{"self":[{"href":"https:\/\/www.abf.se\/aros\/wp-json\/wp\/v2\/pages\/453","targetHints":{"allow":["GET"]}}],"collection":[{"href":"https:\/\/www.abf.se\/aros\/wp-json\/wp\/v2\/pages"}],"about":[{"href":"https:\/\/www.abf.se\/aros\/wp-json\/wp\/v2\/types\/page"}],"author":[{"embeddable":true,"href":"https:\/\/www.abf.se\/aros\/wp-json\/wp\/v2\/users\/131"}],"replies":[{"embeddable":true,"href":"https:\/\/www.abf.se\/aros\/wp-json\/wp\/v2\/comments?post=453"}],"version-history":[{"count":16,"href":"https:\/\/www.abf.se\/aros\/wp-json\/wp\/v2\/pages\/453\/revisions"}],"predecessor-version":[{"id":482,"href":"https:\/\/www.abf.se\/aros\/wp-json\/wp\/v2\/pages\/453\/revisions\/482"}],"wp:attachment":[{"href":"https:\/\/www.abf.se\/aros\/wp-json\/wp\/v2\/media?parent=453"}],"curies":[{"name":"wp","href":"https:\/\/api.w.org\/{rel}","templated":true}]}}