{"id":639,"date":"2026-03-02T14:44:24","date_gmt":"2026-03-02T13:44:24","guid":{"rendered":"https:\/\/www.abf.se\/aros\/?page_id=639"},"modified":"2026-03-02T15:31:14","modified_gmt":"2026-03-02T14:31:14","slug":"dromfabriken","status":"publish","type":"page","link":"https:\/\/www.abf.se\/aros\/dromfabriken\/","title":{"rendered":"Verksamhet p\u00e5 Dr\u00f6mfabriken i Skultuna"},"content":{"rendered":"<div\n    class=\"acf-plain-heading-block container my-16\"\n    data-block=\"plain-heading-block\"\n>\n    <div class=\"max-w-[658px] mx-auto\">\n                <h1 class=\"hero-heading\"><span>ABFs kurser p\u00e5 Dr\u00f6mfabriken i Skultuna<\/span><\/h1>\n                            <p class=\"mt-8 body-xl text-black\">\n                Dr\u00f6mfabriken \u00e4r en plats f\u00f6r alla i Skultuna d\u00e4r m\u00e4nniskor kan m\u00f6tas och utvecklas. H\u00e4r f\u00e5r vi saker att h\u00e4nda, tillsammans. Nu kan ABF erbjuda nya kurser i Skultunas egen inv\u00e5nararena! Saknar du n\u00e5got, eller har du en egen kul kursid\u00e9? H\u00f6r av dig till oss!\n            <\/p>\n            <\/div>\n<\/div>\n<form id=\"CourseSearch\" action=\"https:\/\/www.abf.se\/aros\/kurs-sok\/\" hx-boost=\"true\" hx-target=\"#search-results\" hx-replace-url=\"false\" hx-headers='{\"HX-Action\": \"render_search\"}'>\n    \n            <div class=\"container mb-8\">\n            <div id=\"search-results\">\n                <div class=\"mb-6\">\n    \n    <div class=\"flex flex-col gap-4 md:gap-0 md:flex-row\">\n        <div class=\"inline-flex justify-between md:justify-start items-start gap-2\">\n            <input type=\"hidden\" id=\"type\" name=\"type\" value=\"course\">\n            <a href=\"\/aros\/wp-json\/wp\/v2\/pages\/639?type=course\" class=\"py-3 px-[26px] rounded-3xl border border-red-dark font-medium text-white bg-red-dark\" href=\"\">Kurser (0)<\/a>\n            <a href=\"\/aros\/wp-json\/wp\/v2\/pages\/639?type=event\" class=\"py-3 px-[26px] rounded-3xl border border-red-dark font-medium text-red-dark bg-white\" href=\"\">Evenemang (0)<\/a>\n        <\/div>\n        <div class=\"inline-flex items-center align-center justify-end self-center ml-auto gap-7\">\n            <input type=\"hidden\" name=\"lat\" value=\"\" disabled>\n            <input type=\"hidden\" name=\"lon\" value=\"\" disabled>\n            <div>\n                <select name=\"sort\" class=\"InputField-minimal-select\" data-sort-dropdown aria-label=\"V\u00e4lj sortering f\u00f6r resultaten\">\n                    <option value=\"\"  selected  disabled>Sortera efter<\/option>\n                                            <option value=\"date\" >Startdatum<\/option>\n                                            <option value=\"date_desc\" >Senast startdatum<\/option>\n                                            <option value=\"relevance\" >Relevans<\/option>\n                                            <option value=\"name\" >Alfabetisk ordning<\/option>\n                                            <option value=\"price\" >Pris l\u00e5gt &#8211; h\u00f6gt<\/option>\n                                            <option value=\"price_desc\" >Pris h\u00f6gt &#8211; l\u00e5gt<\/option>\n                                            <option value=\"geo\" >N\u00e4ra mig<\/option>\n                                    <\/select>\n            <\/div>\n\n                        <div class=\"hidden md:flex flex-row items-center gap-2\">\n                <a href=\"\/aros\/wp-json\/wp\/v2\/pages\/639?type=course&amp;display=grid\" class=\"[&#038;_svg]:fill-red-dark\">\n                    <span class=\"sr-only\">\n                        Visa resultaten i ett rutn\u00e4t\n                    <\/span>\n                    <svg width=\"18\" height=\"18\" viewBox=\"0 0 18 18\" fill=\"none\" xmlns=\"http:\/\/www.w3.org\/2000\/svg\">\n<rect x=\"11\" width=\"7\" height=\"7\" rx=\"2\" fill=\"\"\/>\n<rect width=\"7\" height=\"7\" rx=\"2\" fill=\"\"\/>\n<rect x=\"11\" y=\"11\" width=\"7\" height=\"7\" rx=\"2\" fill=\"\"\/>\n<rect y=\"11\" width=\"7\" height=\"7\" rx=\"2\" fill=\"\"\/>\n<\/svg>\n<\/a>\n                <a href=\"\/aros\/wp-json\/wp\/v2\/pages\/639?type=course&amp;display=list\" class=\"[&#038;_svg]:stroke-gray\">\n                    <span class=\"sr-only\">\n                        Visa resultaten som en lista\n                    <\/span>\n                    <svg width=\"32\" height=\"32\" viewBox=\"0 0 32 32\" fill=\"none\" xmlns=\"http:\/\/www.w3.org\/2000\/svg\">\n<path d=\"M12 8.5H27\" stroke-width=\"3\" stroke-linecap=\"round\" stroke-linejoin=\"round\"\/>\n<path d=\"M12 16H26.9992\" stroke-width=\"3\" stroke-linecap=\"round\" stroke-linejoin=\"round\"\/>\n<path d=\"M12 23.5H26.9992\" stroke-width=\"3\" stroke-linecap=\"round\" stroke-linejoin=\"round\"\/>\n<path d=\"M5 8.5H7\" stroke-width=\"3\" stroke-linecap=\"round\" stroke-linejoin=\"round\"\/>\n<path d=\"M5 16H6.99923\" stroke-width=\"3\" stroke-linecap=\"round\" stroke-linejoin=\"round\"\/>\n<path d=\"M5 23.5H6.99923\" stroke-width=\"3\" stroke-linecap=\"round\" stroke-linejoin=\"round\"\/>\n<\/svg>\n<\/a>\n            <\/div>\n        <\/div>\n    <\/div>\n<\/div>\n<div>\n    <div hx-boost=\"false\">\n        <div class=\"grid grid-cols-1 gap-x-4 gap-y-8 sm:grid-cols-2 md:grid-cols-3 mb-8\">\n    <\/div>\n    <\/div>\n\n    <\/div>\n            <\/div>\n        <\/div>\n    <\/form>","protected":false},"excerpt":{"rendered":"","protected":false},"author":131,"featured_media":0,"parent":0,"menu_order":0,"comment_status":"closed","ping_status":"closed","template":"","meta":{"_acf_changed":false,"footnotes":""},"class_list":["post-639","page","type-page","status-publish","hentry"],"acf":[],"yoast_head":"<!-- This site is optimized with the Yoast SEO plugin v27.0 - https:\/\/yoast.com\/product\/yoast-seo-wordpress\/ -->\n<title>Verksamhet p\u00e5 Dr\u00f6mfabriken i Skultuna - Aros<\/title>\n<meta name=\"robots\" content=\"index, follow, max-snippet:-1, max-image-preview:large, max-video-preview:-1\" \/>\n<link rel=\"canonical\" href=\"https:\/\/www.abf.se\/aros\/dromfabriken\/\" \/>\n<meta property=\"og:locale\" content=\"sv_SE\" \/>\n<meta property=\"og:type\" content=\"article\" \/>\n<meta property=\"og:title\" content=\"Verksamhet p\u00e5 Dr\u00f6mfabriken i Skultuna - Aros\" \/>\n<meta property=\"og:url\" content=\"https:\/\/www.abf.se\/aros\/dromfabriken\/\" \/>\n<meta property=\"og:site_name\" content=\"Aros\" \/>\n<meta property=\"article:modified_time\" content=\"2026-03-02T14:31:14+00:00\" \/>\n<meta name=\"twitter:card\" content=\"summary_large_image\" \/>\n<script type=\"application\/ld+json\" class=\"yoast-schema-graph\">{\"@context\":\"https:\/\/schema.org\",\"@graph\":[{\"@type\":\"WebPage\",\"@id\":\"https:\/\/www.abf.se\/aros\/dromfabriken\/\",\"url\":\"https:\/\/www.abf.se\/aros\/dromfabriken\/\",\"name\":\"Verksamhet p\u00e5 Dr\u00f6mfabriken i Skultuna - Aros\",\"isPartOf\":{\"@id\":\"https:\/\/www.abf.se\/aros\/#website\"},\"datePublished\":\"2026-03-02T13:44:24+00:00\",\"dateModified\":\"2026-03-02T14:31:14+00:00\",\"breadcrumb\":{\"@id\":\"https:\/\/www.abf.se\/aros\/dromfabriken\/#breadcrumb\"},\"inLanguage\":\"sv-SE\",\"potentialAction\":[{\"@type\":\"ReadAction\",\"target\":[\"https:\/\/www.abf.se\/aros\/dromfabriken\/\"]}]},{\"@type\":\"BreadcrumbList\",\"@id\":\"https:\/\/www.abf.se\/aros\/dromfabriken\/#breadcrumb\",\"itemListElement\":[{\"@type\":\"ListItem\",\"position\":1,\"name\":\"Home\",\"item\":\"https:\/\/www.abf.se\/aros\/\"},{\"@type\":\"ListItem\",\"position\":2,\"name\":\"Verksamhet p\u00e5 Dr\u00f6mfabriken i Skultuna\"}]},{\"@type\":\"WebSite\",\"@id\":\"https:\/\/www.abf.se\/aros\/#website\",\"url\":\"https:\/\/www.abf.se\/aros\/\",\"name\":\"Aros\",\"description\":\"\",\"potentialAction\":[{\"@type\":\"SearchAction\",\"target\":{\"@type\":\"EntryPoint\",\"urlTemplate\":\"https:\/\/www.abf.se\/aros\/?s={search_term_string}\"},\"query-input\":{\"@type\":\"PropertyValueSpecification\",\"valueRequired\":true,\"valueName\":\"search_term_string\"}}],\"inLanguage\":\"sv-SE\"}]}<\/script>\n<!-- \/ Yoast SEO plugin. -->","yoast_head_json":{"title":"Verksamhet p\u00e5 Dr\u00f6mfabriken i Skultuna - Aros","robots":{"index":"index","follow":"follow","max-snippet":"max-snippet:-1","max-image-preview":"max-image-preview:large","max-video-preview":"max-video-preview:-1"},"canonical":"https:\/\/www.abf.se\/aros\/dromfabriken\/","og_locale":"sv_SE","og_type":"article","og_title":"Verksamhet p\u00e5 Dr\u00f6mfabriken i Skultuna - Aros","og_url":"https:\/\/www.abf.se\/aros\/dromfabriken\/","og_site_name":"Aros","article_modified_time":"2026-03-02T14:31:14+00:00","twitter_card":"summary_large_image","schema":{"@context":"https:\/\/schema.org","@graph":[{"@type":"WebPage","@id":"https:\/\/www.abf.se\/aros\/dromfabriken\/","url":"https:\/\/www.abf.se\/aros\/dromfabriken\/","name":"Verksamhet p\u00e5 Dr\u00f6mfabriken i Skultuna - Aros","isPartOf":{"@id":"https:\/\/www.abf.se\/aros\/#website"},"datePublished":"2026-03-02T13:44:24+00:00","dateModified":"2026-03-02T14:31:14+00:00","breadcrumb":{"@id":"https:\/\/www.abf.se\/aros\/dromfabriken\/#breadcrumb"},"inLanguage":"sv-SE","potentialAction":[{"@type":"ReadAction","target":["https:\/\/www.abf.se\/aros\/dromfabriken\/"]}]},{"@type":"BreadcrumbList","@id":"https:\/\/www.abf.se\/aros\/dromfabriken\/#breadcrumb","itemListElement":[{"@type":"ListItem","position":1,"name":"Home","item":"https:\/\/www.abf.se\/aros\/"},{"@type":"ListItem","position":2,"name":"Verksamhet p\u00e5 Dr\u00f6mfabriken i Skultuna"}]},{"@type":"WebSite","@id":"https:\/\/www.abf.se\/aros\/#website","url":"https:\/\/www.abf.se\/aros\/","name":"Aros","description":"","potentialAction":[{"@type":"SearchAction","target":{"@type":"EntryPoint","urlTemplate":"https:\/\/www.abf.se\/aros\/?s={search_term_string}"},"query-input":{"@type":"PropertyValueSpecification","valueRequired":true,"valueName":"search_term_string"}}],"inLanguage":"sv-SE"}]}},"_links":{"self":[{"href":"https:\/\/www.abf.se\/aros\/wp-json\/wp\/v2\/pages\/639","targetHints":{"allow":["GET"]}}],"collection":[{"href":"https:\/\/www.abf.se\/aros\/wp-json\/wp\/v2\/pages"}],"about":[{"href":"https:\/\/www.abf.se\/aros\/wp-json\/wp\/v2\/types\/page"}],"author":[{"embeddable":true,"href":"https:\/\/www.abf.se\/aros\/wp-json\/wp\/v2\/users\/131"}],"replies":[{"embeddable":true,"href":"https:\/\/www.abf.se\/aros\/wp-json\/wp\/v2\/comments?post=639"}],"version-history":[{"count":5,"href":"https:\/\/www.abf.se\/aros\/wp-json\/wp\/v2\/pages\/639\/revisions"}],"predecessor-version":[{"id":645,"href":"https:\/\/www.abf.se\/aros\/wp-json\/wp\/v2\/pages\/639\/revisions\/645"}],"wp:attachment":[{"href":"https:\/\/www.abf.se\/aros\/wp-json\/wp\/v2\/media?parent=639"}],"curies":[{"name":"wp","href":"https:\/\/api.w.org\/{rel}","templated":true}]}}