{"id":138,"date":"2024-03-18T14:33:05","date_gmt":"2024-03-18T13:33:05","guid":{"rendered":"https:\/\/www.abf.se\/blekinge\/?page_id=138"},"modified":"2025-01-30T11:15:22","modified_gmt":"2025-01-30T10:15:22","slug":"regional-verksamhet","status":"publish","type":"page","link":"https:\/\/www.abf.se\/blekinge\/regional-verksamhet\/","title":{"rendered":"Regional verksamhet"},"content":{"rendered":"<div\n    class=\"acf-hero-block container-lg no-padding mb-12 js-geolocation\"\n    data-block=\"hero-block\"\n    data-index=\"0\"\n>\n    <div class=\"h-[548px]  relative rounded-[32px] overflow-hidden flex bg-gray-light\">\n        <div class=\"relative z-10 mt-auto h-auto w-full md:h-full\">\n            <div class=\"flex w-full h-full flex-col flex-wrap justify-end w-full md:w-7\/12 lg:w-1\/2 md:justify-center\">\n                <div class=\"flex flex-col gap-3 md:gap-[18px] md:transparent pt-16 pb-36 md:py-8 px-4 w-full md:max-w-[620px] mx-auto px-8\">\n\n                    <h1 class=\"hero-heading hero-heading--red-text\"><span>Regional verksamhet<\/span><\/h1>\n\n                    \n                                    <\/div>\n            <\/div>\n        <\/div>\n\n                    <picture class=\"as-background-image mix-blend-multiply bg-black\/40\"><img decoding=\"async\" src=\"https:\/\/www.abf.se\/blekinge\/resized\/?url=https%3A%2F%2Fwww.abf.se%2Fwp-content%2Fuploads%2F2023%2F11%2Fcare-for-u-1_foto-istock_IMGP.jpg&#038;fit=crop&#038;w=1440&#038;s=07d09afde1276563498b53e3d3f067ce\" srcset=\"https:\/\/www.abf.se\/blekinge\/resized\/?url=https%3A%2F%2Fwww.abf.se%2Fwp-content%2Fuploads%2F2023%2F11%2Fcare-for-u-1_foto-istock_IMGP.jpg&#038;fit=crop&#038;w=375&#038;h=540&#038;s=4adee5624d76f0fdd851edbaec997350 375w, https:\/\/www.abf.se\/blekinge\/resized\/?url=https%3A%2F%2Fwww.abf.se%2Fwp-content%2Fuploads%2F2023%2F11%2Fcare-for-u-1_foto-istock_IMGP.jpg&#038;fit=crop&#038;w=447&#038;h=540&#038;s=2d2ea28aaa2bd3642b85f0941a034cb6 447w, https:\/\/www.abf.se\/blekinge\/resized\/?url=https%3A%2F%2Fwww.abf.se%2Fwp-content%2Fuploads%2F2023%2F11%2Fcare-for-u-1_foto-istock_IMGP.jpg&#038;fit=crop&#038;w=519&#038;h=540&#038;s=9a011af8462ffce6a590216badfc1272 519w, https:\/\/www.abf.se\/blekinge\/resized\/?url=https%3A%2F%2Fwww.abf.se%2Fwp-content%2Fuploads%2F2023%2F11%2Fcare-for-u-1_foto-istock_IMGP.jpg&#038;fit=crop&#038;w=591&#038;h=540&#038;s=b4aa3caef9902211b6910be4bd1bea93 591w, https:\/\/www.abf.se\/blekinge\/resized\/?url=https%3A%2F%2Fwww.abf.se%2Fwp-content%2Fuploads%2F2023%2F11%2Fcare-for-u-1_foto-istock_IMGP.jpg&#038;fit=crop&#038;w=663&#038;h=540&#038;s=9ba76a62300ed56a44b22eff046caf0d 663w, https:\/\/www.abf.se\/blekinge\/resized\/?url=https%3A%2F%2Fwww.abf.se%2Fwp-content%2Fuploads%2F2023%2F11%2Fcare-for-u-1_foto-istock_IMGP.jpg&#038;fit=crop&#038;w=750&#038;h=540&#038;s=1a2f7ee2a25a6ea17137010da3d8a505 750w, https:\/\/www.abf.se\/blekinge\/resized\/?url=https%3A%2F%2Fwww.abf.se%2Fwp-content%2Fuploads%2F2023%2F11%2Fcare-for-u-1_foto-istock_IMGP.jpg&#038;fit=crop&#038;w=894&#038;h=540&#038;s=4db284979fcc0209c9759a3203506d86 894w, https:\/\/www.abf.se\/blekinge\/resized\/?url=https%3A%2F%2Fwww.abf.se%2Fwp-content%2Fuploads%2F2023%2F11%2Fcare-for-u-1_foto-istock_IMGP.jpg&#038;fit=crop&#038;w=1038&#038;h=540&#038;s=a6b9aa179bd589f4aef279271d992863 1038w, https:\/\/www.abf.se\/blekinge\/resized\/?url=https%3A%2F%2Fwww.abf.se%2Fwp-content%2Fuploads%2F2023%2F11%2Fcare-for-u-1_foto-istock_IMGP.jpg&#038;fit=crop&#038;w=1182&#038;h=540&#038;s=af0dd4b974886527fe8fc83e487b6e9b 1182w, https:\/\/www.abf.se\/blekinge\/resized\/?url=https%3A%2F%2Fwww.abf.se%2Fwp-content%2Fuploads%2F2023%2F11%2Fcare-for-u-1_foto-istock_IMGP.jpg&#038;fit=crop&#038;w=1326&#038;h=540&#038;s=3178536ab9fd51e9e5f08cd80faf9981 1326w, https:\/\/www.abf.se\/blekinge\/resized\/?url=https%3A%2F%2Fwww.abf.se%2Fwp-content%2Fuploads%2F2023%2F11%2Fcare-for-u-1_foto-istock_IMGP.jpg&#038;fit=crop&#038;w=1440&#038;h=540&#038;s=3660e52cff4e03393fc4505d7936c3a6 1440w\" alt=\"\" height=\"540\" width=\"1440\" sizes=\"(max-width: 1440px) calc(100vw - 32px), 1440px\" loading=\"eager\" fetchpriority=\"high\" aria-hidden=\"true\" role=\"presentation\" \/><\/picture>\n        \n\n            <\/div>\n\n    <\/div>\n\n<div\n    class=\"acf-plain-heading-block container my-16\"\n    data-block=\"plain-heading-block\"\n>\n    <div class=\"max-w-[658px] mx-auto\">\n                            <p class=\"mt-8 body-xl text-black\">\n                V\u00e5r regionala verksamhet arbetar med att ge st\u00f6d och utveckla v\u00e5ra regionala medlemsorganisationer och deras medlemmar. Vi genomf\u00f6r olika utbildningar f\u00f6r cirkelledare, kulturledare och handledare och \u00e4ven tv\u00e4rfackliga utbildningar tillsammans med LO. Vi erbjuder \u00e4ven styrelseutveckling genom v\u00e5ra olika funktionsutbildningar f\u00f6r f\u00f6rtroendevalda i v\u00e5ra medlemsorganisationer. Runt om i Blekinge jobbar vi med riktade utvecklingsinsatser och kulturverksamhet.\n            <\/p>\n            <\/div>\n<\/div>\n<div\n    class=\"acf-quick-link-block bg-red py-12 md:py-20\"\n    data-block=\"quick-link-block\"\n>\n    <div class=\"container\">\n                    <h2 class=\"heading-lg mb-7 text-center text-white\">\n                Regionala utbildningar\n            <\/h2>\n        \n        <div\n            class=\"px-5 content:px-0 grid grid-cols-1 gap-8 lg:grid-cols-3\">\n            \n            <article\nclass=\"round-corners-sm p-6 relative group grid grid-rows-[subgrid] row-[span_3] gap-4 bg-white text-red\"\n>\n            <h3\n        class=\"heading-sm group-hover:underline text-red\">\n            <a href=\"https:\/\/www.abf.se\/blekinge\/funktionsutbildningar\/\" class=\"expanded-hit-area\" target=\"\">\n                Funktionsutbildningar\n            <\/a>\n        <\/h3>\n                <p class=\"body-md text-gray-text\">\n            H\u00e4r hittar du information om de styrelseutbildningar som vi erbjuder v\u00e5ra medlemsorganisationer och samverkansparter.\n        <\/p>\n        <figure\n    class=\"w-[38px] h-[38px] rounded-full p-2 group-hover:scale-110 transition-transform duration-300 self-end pointer-events-none bg-red text-white\">\n        <svg width=\"20\" height=\"20\" viewBox=\"0 0 20 20\" fill=\"none\" class=\"SvgIconElement\">\n<path d=\"M4.16659 10L15.8333 10\" stroke=\"currentColor\"\/>\n<path d=\"M9.99992 4.1665L15.8333 9.99984L9.99992 15.8332\" stroke=\"currentColor\"\/>\n<\/svg>\n    <\/figure>\n<\/article>            \n            <article\nclass=\"round-corners-sm p-6 relative group grid grid-rows-[subgrid] row-[span_3] gap-4 bg-white text-red\"\n>\n            <h3\n        class=\"heading-sm group-hover:underline text-red\">\n            <a href=\"https:\/\/www.abf.se\/blekinge\/tvarfackliga-studier\/\" class=\"expanded-hit-area\" target=\"\">\n                Tv\u00e4rfackliga studier\n            <\/a>\n        <\/h3>\n                <p class=\"body-md text-gray-text\">\n            H\u00e4r hittar du information om de tv\u00e4rfackliga utbildningar som vi genomf\u00f6r tillsammans med v\u00e5ra fackliga medlemsorganisationer.\n        <\/p>\n        <figure\n    class=\"w-[38px] h-[38px] rounded-full p-2 group-hover:scale-110 transition-transform duration-300 self-end pointer-events-none bg-red text-white\">\n        <svg width=\"20\" height=\"20\" viewBox=\"0 0 20 20\" fill=\"none\" class=\"SvgIconElement\">\n<path d=\"M4.16659 10L15.8333 10\" stroke=\"currentColor\"\/>\n<path d=\"M9.99992 4.1665L15.8333 9.99984L9.99992 15.8332\" stroke=\"currentColor\"\/>\n<\/svg>\n    <\/figure>\n<\/article>            \n            <article\nclass=\"round-corners-sm p-6 relative group grid grid-rows-[subgrid] row-[span_3] gap-4 bg-white text-red\"\n>\n            <h3\n        class=\"heading-sm group-hover:underline text-red\">\n            <a href=\"https:\/\/www.abf.se\/blekinge\/cirkelledarutbildningar\/\" class=\"expanded-hit-area\" target=\"\">\n                Utbildning f\u00f6r cirkelledare och kulturprogramsledare\n            <\/a>\n        <\/h3>\n                <p class=\"body-md text-gray-text\">\n            H\u00e4r hittar du information om de utbildningar som vi genomf\u00f6r f\u00f6r v\u00e5ra cirkelledare och kulturprogramsledare.\n        <\/p>\n        <figure\n    class=\"w-[38px] h-[38px] rounded-full p-2 group-hover:scale-110 transition-transform duration-300 self-end pointer-events-none bg-red text-white\">\n        <svg width=\"20\" height=\"20\" viewBox=\"0 0 20 20\" fill=\"none\" class=\"SvgIconElement\">\n<path d=\"M4.16659 10L15.8333 10\" stroke=\"currentColor\"\/>\n<path d=\"M9.99992 4.1665L15.8333 9.99984L9.99992 15.8332\" stroke=\"currentColor\"\/>\n<\/svg>\n    <\/figure>\n<\/article>                    <\/div>\n    <\/div>\n<\/div>\n","protected":false},"excerpt":{"rendered":"","protected":false},"author":43,"featured_media":0,"parent":0,"menu_order":0,"comment_status":"closed","ping_status":"closed","template":"","meta":{"_acf_changed":false,"footnotes":""},"class_list":["post-138","page","type-page","status-publish","hentry"],"acf":[],"yoast_head":"<!-- This site is optimized with the Yoast SEO plugin v27.0 - https:\/\/yoast.com\/product\/yoast-seo-wordpress\/ -->\n<title>Regional verksamhet - Blekinge<\/title>\n<meta name=\"robots\" content=\"index, follow, max-snippet:-1, max-image-preview:large, max-video-preview:-1\" \/>\n<link rel=\"canonical\" href=\"https:\/\/www.abf.se\/blekinge\/regional-verksamhet\/\" \/>\n<meta property=\"og:locale\" content=\"sv_SE\" \/>\n<meta property=\"og:type\" content=\"article\" \/>\n<meta property=\"og:title\" content=\"Regional verksamhet - Blekinge\" \/>\n<meta property=\"og:url\" content=\"https:\/\/www.abf.se\/blekinge\/regional-verksamhet\/\" \/>\n<meta property=\"og:site_name\" content=\"Blekinge\" \/>\n<meta property=\"article:modified_time\" content=\"2025-01-30T10:15:22+00:00\" \/>\n<meta property=\"og:image\" content=\"https:\/\/www.abf.se\/wp-content\/uploads\/sites\/66\/2024\/02\/dsc_0503.jpg\" \/>\n\t<meta property=\"og:image:width\" content=\"2483\" \/>\n\t<meta property=\"og:image:height\" content=\"1649\" \/>\n\t<meta property=\"og:image:type\" content=\"image\/jpeg\" \/>\n<meta name=\"twitter:card\" content=\"summary_large_image\" \/>\n<script type=\"application\/ld+json\" class=\"yoast-schema-graph\">{\"@context\":\"https:\/\/schema.org\",\"@graph\":[{\"@type\":\"WebPage\",\"@id\":\"https:\/\/www.abf.se\/blekinge\/regional-verksamhet\/\",\"url\":\"https:\/\/www.abf.se\/blekinge\/regional-verksamhet\/\",\"name\":\"Regional verksamhet - Blekinge\",\"isPartOf\":{\"@id\":\"https:\/\/www.abf.se\/blekinge\/#website\"},\"datePublished\":\"2024-03-18T13:33:05+00:00\",\"dateModified\":\"2025-01-30T10:15:22+00:00\",\"breadcrumb\":{\"@id\":\"https:\/\/www.abf.se\/blekinge\/regional-verksamhet\/#breadcrumb\"},\"inLanguage\":\"sv-SE\",\"potentialAction\":[{\"@type\":\"ReadAction\",\"target\":[\"https:\/\/www.abf.se\/blekinge\/regional-verksamhet\/\"]}]},{\"@type\":\"BreadcrumbList\",\"@id\":\"https:\/\/www.abf.se\/blekinge\/regional-verksamhet\/#breadcrumb\",\"itemListElement\":[{\"@type\":\"ListItem\",\"position\":1,\"name\":\"Home\",\"item\":\"https:\/\/www.abf.se\/blekinge\/\"},{\"@type\":\"ListItem\",\"position\":2,\"name\":\"Regional verksamhet\"}]},{\"@type\":\"WebSite\",\"@id\":\"https:\/\/www.abf.se\/blekinge\/#website\",\"url\":\"https:\/\/www.abf.se\/blekinge\/\",\"name\":\"Blekinge\",\"description\":\"\",\"potentialAction\":[{\"@type\":\"SearchAction\",\"target\":{\"@type\":\"EntryPoint\",\"urlTemplate\":\"https:\/\/www.abf.se\/blekinge\/?s={search_term_string}\"},\"query-input\":{\"@type\":\"PropertyValueSpecification\",\"valueRequired\":true,\"valueName\":\"search_term_string\"}}],\"inLanguage\":\"sv-SE\"}]}<\/script>\n<!-- \/ Yoast SEO plugin. -->","yoast_head_json":{"title":"Regional verksamhet - Blekinge","robots":{"index":"index","follow":"follow","max-snippet":"max-snippet:-1","max-image-preview":"max-image-preview:large","max-video-preview":"max-video-preview:-1"},"canonical":"https:\/\/www.abf.se\/blekinge\/regional-verksamhet\/","og_locale":"sv_SE","og_type":"article","og_title":"Regional verksamhet - Blekinge","og_url":"https:\/\/www.abf.se\/blekinge\/regional-verksamhet\/","og_site_name":"Blekinge","article_modified_time":"2025-01-30T10:15:22+00:00","og_image":[{"width":2483,"height":1649,"url":"https:\/\/www.abf.se\/wp-content\/uploads\/sites\/66\/2024\/02\/dsc_0503.jpg","type":"image\/jpeg"}],"twitter_card":"summary_large_image","schema":{"@context":"https:\/\/schema.org","@graph":[{"@type":"WebPage","@id":"https:\/\/www.abf.se\/blekinge\/regional-verksamhet\/","url":"https:\/\/www.abf.se\/blekinge\/regional-verksamhet\/","name":"Regional verksamhet - Blekinge","isPartOf":{"@id":"https:\/\/www.abf.se\/blekinge\/#website"},"datePublished":"2024-03-18T13:33:05+00:00","dateModified":"2025-01-30T10:15:22+00:00","breadcrumb":{"@id":"https:\/\/www.abf.se\/blekinge\/regional-verksamhet\/#breadcrumb"},"inLanguage":"sv-SE","potentialAction":[{"@type":"ReadAction","target":["https:\/\/www.abf.se\/blekinge\/regional-verksamhet\/"]}]},{"@type":"BreadcrumbList","@id":"https:\/\/www.abf.se\/blekinge\/regional-verksamhet\/#breadcrumb","itemListElement":[{"@type":"ListItem","position":1,"name":"Home","item":"https:\/\/www.abf.se\/blekinge\/"},{"@type":"ListItem","position":2,"name":"Regional verksamhet"}]},{"@type":"WebSite","@id":"https:\/\/www.abf.se\/blekinge\/#website","url":"https:\/\/www.abf.se\/blekinge\/","name":"Blekinge","description":"","potentialAction":[{"@type":"SearchAction","target":{"@type":"EntryPoint","urlTemplate":"https:\/\/www.abf.se\/blekinge\/?s={search_term_string}"},"query-input":{"@type":"PropertyValueSpecification","valueRequired":true,"valueName":"search_term_string"}}],"inLanguage":"sv-SE"}]}},"_links":{"self":[{"href":"https:\/\/www.abf.se\/blekinge\/wp-json\/wp\/v2\/pages\/138","targetHints":{"allow":["GET"]}}],"collection":[{"href":"https:\/\/www.abf.se\/blekinge\/wp-json\/wp\/v2\/pages"}],"about":[{"href":"https:\/\/www.abf.se\/blekinge\/wp-json\/wp\/v2\/types\/page"}],"author":[{"embeddable":true,"href":"https:\/\/www.abf.se\/blekinge\/wp-json\/wp\/v2\/users\/43"}],"replies":[{"embeddable":true,"href":"https:\/\/www.abf.se\/blekinge\/wp-json\/wp\/v2\/comments?post=138"}],"version-history":[{"count":21,"href":"https:\/\/www.abf.se\/blekinge\/wp-json\/wp\/v2\/pages\/138\/revisions"}],"predecessor-version":[{"id":726,"href":"https:\/\/www.abf.se\/blekinge\/wp-json\/wp\/v2\/pages\/138\/revisions\/726"}],"wp:attachment":[{"href":"https:\/\/www.abf.se\/blekinge\/wp-json\/wp\/v2\/media?parent=138"}],"curies":[{"name":"wp","href":"https:\/\/api.w.org\/{rel}","templated":true}]}}