{"id":250,"date":"2024-04-16T10:54:03","date_gmt":"2024-04-16T08:54:03","guid":{"rendered":"https:\/\/www.abf.se\/blekinge\/?page_id=250"},"modified":"2025-05-26T13:48:42","modified_gmt":"2025-05-26T11:48:42","slug":"cirkelledarutbildningar","status":"publish","type":"page","link":"https:\/\/www.abf.se\/blekinge\/cirkelledare\/cirkelledarutbildningar\/","title":{"rendered":"Utbildning f\u00f6r cirkelledare och kulturledare"},"content":{"rendered":"<div\n    class=\"acf-hero-block container-lg no-padding mb-12 js-geolocation\"\n    data-block=\"hero-block\"\n    data-index=\"0\"\n>\n    <div class=\"h-[548px]  relative rounded-[32px] overflow-hidden flex bg-gray-light\">\n        <div class=\"relative z-10 mt-auto h-auto w-full md:h-full\">\n            <div class=\"flex w-full h-full flex-col flex-wrap justify-end w-full md:w-7\/12 lg:w-1\/2 md:justify-center\">\n                <div class=\"flex flex-col gap-3 md:gap-[18px] md:transparent pt-16 pb-36 md:py-8 px-4 w-full md:max-w-[620px] mx-auto px-8\">\n\n                    <h1 class=\"hero-heading hero-heading--red-text\"><span>Utbildning f\u00f6r cirkelledare och kulturprogramsledare<\/span><\/h1>\n\n                    \n                                    <\/div>\n            <\/div>\n        <\/div>\n\n                    <picture class=\"as-background-image mix-blend-multiply bg-black\/40\"><img decoding=\"async\" src=\"https:\/\/www.abf.se\/blekinge\/resized\/?url=https%3A%2F%2Fwww.abf.se%2Fwp-content%2Fuploads%2F2024%2F04%2FABF_header_1805-5952.jpg&#038;fit=crop&#038;w=1440&#038;s=8180ed898f8a69fc676b34173bbcf79c\" srcset=\"https:\/\/www.abf.se\/blekinge\/resized\/?url=https%3A%2F%2Fwww.abf.se%2Fwp-content%2Fuploads%2F2024%2F04%2FABF_header_1805-5952.jpg&#038;fit=crop&#038;w=375&#038;h=540&#038;s=5820fbd588c8e7e2e02985db5902be5e 375w, https:\/\/www.abf.se\/blekinge\/resized\/?url=https%3A%2F%2Fwww.abf.se%2Fwp-content%2Fuploads%2F2024%2F04%2FABF_header_1805-5952.jpg&#038;fit=crop&#038;w=447&#038;h=540&#038;s=d580b6c0b7f76aad360cb0869bdcde7e 447w, https:\/\/www.abf.se\/blekinge\/resized\/?url=https%3A%2F%2Fwww.abf.se%2Fwp-content%2Fuploads%2F2024%2F04%2FABF_header_1805-5952.jpg&#038;fit=crop&#038;w=519&#038;h=540&#038;s=79d400fe6740b4c4cf5e761948cb01f7 519w, https:\/\/www.abf.se\/blekinge\/resized\/?url=https%3A%2F%2Fwww.abf.se%2Fwp-content%2Fuploads%2F2024%2F04%2FABF_header_1805-5952.jpg&#038;fit=crop&#038;w=591&#038;h=540&#038;s=303e5c14f5274e0b71a72a65cac6fc95 591w, https:\/\/www.abf.se\/blekinge\/resized\/?url=https%3A%2F%2Fwww.abf.se%2Fwp-content%2Fuploads%2F2024%2F04%2FABF_header_1805-5952.jpg&#038;fit=crop&#038;w=663&#038;h=540&#038;s=98ed8e62ad497007455befb411ef2f0d 663w, https:\/\/www.abf.se\/blekinge\/resized\/?url=https%3A%2F%2Fwww.abf.se%2Fwp-content%2Fuploads%2F2024%2F04%2FABF_header_1805-5952.jpg&#038;fit=crop&#038;w=750&#038;h=540&#038;s=4564686dc4610782df403d9c8a6e6b74 750w, https:\/\/www.abf.se\/blekinge\/resized\/?url=https%3A%2F%2Fwww.abf.se%2Fwp-content%2Fuploads%2F2024%2F04%2FABF_header_1805-5952.jpg&#038;fit=crop&#038;w=894&#038;h=540&#038;s=47de1ec01b1c23bfc48d2ea90578a6a2 894w, https:\/\/www.abf.se\/blekinge\/resized\/?url=https%3A%2F%2Fwww.abf.se%2Fwp-content%2Fuploads%2F2024%2F04%2FABF_header_1805-5952.jpg&#038;fit=crop&#038;w=1038&#038;h=540&#038;s=ad2f0b767a98d2e481a7438267652a6c 1038w, https:\/\/www.abf.se\/blekinge\/resized\/?url=https%3A%2F%2Fwww.abf.se%2Fwp-content%2Fuploads%2F2024%2F04%2FABF_header_1805-5952.jpg&#038;fit=crop&#038;w=1182&#038;h=540&#038;s=a288bc8895466129ce18aa601ada2884 1182w, https:\/\/www.abf.se\/blekinge\/resized\/?url=https%3A%2F%2Fwww.abf.se%2Fwp-content%2Fuploads%2F2024%2F04%2FABF_header_1805-5952.jpg&#038;fit=crop&#038;w=1326&#038;h=540&#038;s=cd1e517d155e286299d71c8bb741c6e5 1326w, https:\/\/www.abf.se\/blekinge\/resized\/?url=https%3A%2F%2Fwww.abf.se%2Fwp-content%2Fuploads%2F2024%2F04%2FABF_header_1805-5952.jpg&#038;fit=crop&#038;w=1440&#038;h=540&#038;s=b380ce918f61b98895c5ba93818a747d 1440w\" alt=\"\" height=\"540\" width=\"1440\" sizes=\"(max-width: 1440px) calc(100vw - 32px), 1440px\" loading=\"eager\" fetchpriority=\"high\" aria-hidden=\"true\" role=\"presentation\" \/><\/picture>\n        \n\n            <\/div>\n\n    <\/div>\n\n<div\n    class=\"acf-plain-heading-block container my-16\"\n    data-block=\"plain-heading-block\"\n>\n    <div class=\"max-w-[658px] mx-auto\">\n                <h1 class=\"hero-heading hero-heading--red-text\"><span>Cirkelledarutbildning<\/span><\/h1>\n                            <p class=\"mt-8 body-xl text-black\">\n                Som cirkelledare \u00e4r du en ambassad\u00f6r f\u00f6r ABF och vi tycker att det \u00e4r viktigt att du har m\u00f6jlighet att forts\u00e4tta utvecklas som ledare.\n            <\/p>\n            <\/div>\n<\/div>\n<div\n    class=\"acf-article-text-block article-container my-12\"\n    data-block=\"article-text-block\"\n>\n    <div class=\"wysiwyg\">\n        <h3>Hur ska jag g\u00f6ra f\u00f6r att g\u00e5 en cirkelledarutbildning?<\/h3>\n<p>Du kommer att bjudas in till ABFs cirkelledarutbildning GRUND som vi genomf\u00f6r fyra g\u00e5nger om \u00e5ret. Den \u00e4r f\u00f6rsta steget i v\u00e5r utbildningstrappa och vi vill med utbildningen skapa ett intresse och en f\u00f6rst\u00e5else f\u00f6r vad ABF och folkbildningen egentligen \u00e4r. H\u00e4r f\u00e5r du mer kunskap om folkbildning, studiepedagogik med mera.<\/p>\n<p>GRUND \u00e4r bara b\u00f6rjan och n\u00e4r du g\u00e5tt den finns flera forts\u00e4ttnings och f\u00f6rdjupningsutbildningar som du kan delta i. H\u00e4r diskuteras sp\u00e4nnande \u00e4mnen som ledarskap, gruppdynamik, folkbildingshistoria med mera.<\/p>\n<p><a href=\"https:\/\/www.abf.se\/blekinge\/kontakt-abf-blekinge\/\">Kontakta oss s\u00e5 ber\u00e4ttar vi mer.<\/a><\/p>\n<hr \/>\n<p>&nbsp;<\/p>\n\n    <\/div>\n<\/div>\n<div\n    class=\"acf-plain-heading-block container my-16\"\n    data-block=\"plain-heading-block\"\n>\n    <div class=\"max-w-[658px] mx-auto\">\n                <h1 class=\"hero-heading hero-heading--red-text\"><span>Kulturprogramsledarutbildning<\/span><\/h1>\n                            <p class=\"mt-8 body-xl text-black\">\n                Som kulturprogramsledare p\u00e5 v\u00e5ra kulturarrangemang \u00e4r du en ambassad\u00f6r f\u00f6r ABF och vi tycker det \u00e4r viktigt att du f\u00e5r utbildning i din roll som kulturprogramsledare.\n            <\/p>\n            <\/div>\n<\/div>\n<div\n    class=\"acf-article-text-block article-container my-12\"\n    data-block=\"article-text-block\"\n>\n    <div class=\"wysiwyg\">\n        <h3>Hur ska jag g\u00f6ra f\u00f6r att g\u00e5 en kulturprogramsledarutbildning?<\/h3>\n<p>Som kulturprogramsledare kommer du att bjudas in till ABF Blekinges &#8216;Kulturprogramsledarutbildning&#8217; som vi genomf\u00f6r tv\u00e5 g\u00e5nger om \u00e5ret. Vi vill med utbildningen st\u00e4rka dig i din roll som kulturprogramsledare och ge dig m\u00f6jlighet att tr\u00e4ffa kulturprogramsledare i v\u00e5ra medlemsorganisationer och samverkansparter.<\/p>\n<p><a href=\"https:\/\/www.abf.se\/blekinge\/kontakt-abf-blekinge\/\">Kontakta oss s\u00e5 ber\u00e4ttar vi mer.<\/a><\/p>\n\n    <\/div>\n<\/div>\n","protected":false},"excerpt":{"rendered":"","protected":false},"author":43,"featured_media":0,"parent":119,"menu_order":0,"comment_status":"closed","ping_status":"closed","template":"","meta":{"_acf_changed":false,"footnotes":""},"class_list":["post-250","page","type-page","status-publish","hentry"],"acf":[],"yoast_head":"<!-- This site is optimized with the Yoast SEO plugin v27.0 - https:\/\/yoast.com\/product\/yoast-seo-wordpress\/ -->\n<title>Utbildning f\u00f6r cirkelledare och kulturledare - Blekinge<\/title>\n<meta name=\"description\" content=\"Varje \u00e5r erbjuder vi en cirkelledarutbildningar f\u00f6r ledare och kulturledare.\" \/>\n<meta name=\"robots\" content=\"index, follow, max-snippet:-1, max-image-preview:large, max-video-preview:-1\" \/>\n<link rel=\"canonical\" href=\"https:\/\/www.abf.se\/blekinge\/cirkelledare\/cirkelledarutbildningar\/\" \/>\n<meta property=\"og:locale\" content=\"sv_SE\" \/>\n<meta property=\"og:type\" content=\"article\" \/>\n<meta property=\"og:title\" content=\"Utbildning f\u00f6r cirkelledare och kulturledare - Blekinge\" \/>\n<meta property=\"og:description\" content=\"Varje \u00e5r erbjuder vi en cirkelledarutbildningar f\u00f6r ledare och kulturledare.\" \/>\n<meta property=\"og:url\" content=\"https:\/\/www.abf.se\/blekinge\/cirkelledare\/cirkelledarutbildningar\/\" \/>\n<meta property=\"og:site_name\" content=\"Blekinge\" \/>\n<meta property=\"article:modified_time\" content=\"2025-05-26T11:48:42+00:00\" \/>\n<meta property=\"og:image\" content=\"https:\/\/www.abf.se\/wp-content\/uploads\/sites\/66\/2024\/02\/dsc_0503.jpg\" \/>\n\t<meta property=\"og:image:width\" content=\"2483\" \/>\n\t<meta property=\"og:image:height\" content=\"1649\" \/>\n\t<meta property=\"og:image:type\" content=\"image\/jpeg\" \/>\n<meta name=\"twitter:card\" content=\"summary_large_image\" \/>\n<script type=\"application\/ld+json\" class=\"yoast-schema-graph\">{\"@context\":\"https:\/\/schema.org\",\"@graph\":[{\"@type\":\"WebPage\",\"@id\":\"https:\/\/www.abf.se\/blekinge\/cirkelledare\/cirkelledarutbildningar\/\",\"url\":\"https:\/\/www.abf.se\/blekinge\/cirkelledare\/cirkelledarutbildningar\/\",\"name\":\"Utbildning f\u00f6r cirkelledare och kulturledare - Blekinge\",\"isPartOf\":{\"@id\":\"https:\/\/www.abf.se\/blekinge\/#website\"},\"datePublished\":\"2024-04-16T08:54:03+00:00\",\"dateModified\":\"2025-05-26T11:48:42+00:00\",\"description\":\"Varje \u00e5r erbjuder vi en cirkelledarutbildningar f\u00f6r ledare och kulturledare.\",\"breadcrumb\":{\"@id\":\"https:\/\/www.abf.se\/blekinge\/cirkelledare\/cirkelledarutbildningar\/#breadcrumb\"},\"inLanguage\":\"sv-SE\",\"potentialAction\":[{\"@type\":\"ReadAction\",\"target\":[\"https:\/\/www.abf.se\/blekinge\/cirkelledare\/cirkelledarutbildningar\/\"]}]},{\"@type\":\"BreadcrumbList\",\"@id\":\"https:\/\/www.abf.se\/blekinge\/cirkelledare\/cirkelledarutbildningar\/#breadcrumb\",\"itemListElement\":[{\"@type\":\"ListItem\",\"position\":1,\"name\":\"Home\",\"item\":\"https:\/\/www.abf.se\/blekinge\/\"},{\"@type\":\"ListItem\",\"position\":2,\"name\":\"Cirkelledare\",\"item\":\"https:\/\/www.abf.se\/blekinge\/cirkelledare\/\"},{\"@type\":\"ListItem\",\"position\":3,\"name\":\"Utbildning f\u00f6r cirkelledare och kulturledare\"}]},{\"@type\":\"WebSite\",\"@id\":\"https:\/\/www.abf.se\/blekinge\/#website\",\"url\":\"https:\/\/www.abf.se\/blekinge\/\",\"name\":\"Blekinge\",\"description\":\"\",\"potentialAction\":[{\"@type\":\"SearchAction\",\"target\":{\"@type\":\"EntryPoint\",\"urlTemplate\":\"https:\/\/www.abf.se\/blekinge\/?s={search_term_string}\"},\"query-input\":{\"@type\":\"PropertyValueSpecification\",\"valueRequired\":true,\"valueName\":\"search_term_string\"}}],\"inLanguage\":\"sv-SE\"}]}<\/script>\n<!-- \/ Yoast SEO plugin. -->","yoast_head_json":{"title":"Utbildning f\u00f6r cirkelledare och kulturledare - Blekinge","description":"Varje \u00e5r erbjuder vi en cirkelledarutbildningar f\u00f6r ledare och kulturledare.","robots":{"index":"index","follow":"follow","max-snippet":"max-snippet:-1","max-image-preview":"max-image-preview:large","max-video-preview":"max-video-preview:-1"},"canonical":"https:\/\/www.abf.se\/blekinge\/cirkelledare\/cirkelledarutbildningar\/","og_locale":"sv_SE","og_type":"article","og_title":"Utbildning f\u00f6r cirkelledare och kulturledare - Blekinge","og_description":"Varje \u00e5r erbjuder vi en cirkelledarutbildningar f\u00f6r ledare och kulturledare.","og_url":"https:\/\/www.abf.se\/blekinge\/cirkelledare\/cirkelledarutbildningar\/","og_site_name":"Blekinge","article_modified_time":"2025-05-26T11:48:42+00:00","og_image":[{"width":2483,"height":1649,"url":"https:\/\/www.abf.se\/wp-content\/uploads\/sites\/66\/2024\/02\/dsc_0503.jpg","type":"image\/jpeg"}],"twitter_card":"summary_large_image","schema":{"@context":"https:\/\/schema.org","@graph":[{"@type":"WebPage","@id":"https:\/\/www.abf.se\/blekinge\/cirkelledare\/cirkelledarutbildningar\/","url":"https:\/\/www.abf.se\/blekinge\/cirkelledare\/cirkelledarutbildningar\/","name":"Utbildning f\u00f6r cirkelledare och kulturledare - Blekinge","isPartOf":{"@id":"https:\/\/www.abf.se\/blekinge\/#website"},"datePublished":"2024-04-16T08:54:03+00:00","dateModified":"2025-05-26T11:48:42+00:00","description":"Varje \u00e5r erbjuder vi en cirkelledarutbildningar f\u00f6r ledare och kulturledare.","breadcrumb":{"@id":"https:\/\/www.abf.se\/blekinge\/cirkelledare\/cirkelledarutbildningar\/#breadcrumb"},"inLanguage":"sv-SE","potentialAction":[{"@type":"ReadAction","target":["https:\/\/www.abf.se\/blekinge\/cirkelledare\/cirkelledarutbildningar\/"]}]},{"@type":"BreadcrumbList","@id":"https:\/\/www.abf.se\/blekinge\/cirkelledare\/cirkelledarutbildningar\/#breadcrumb","itemListElement":[{"@type":"ListItem","position":1,"name":"Home","item":"https:\/\/www.abf.se\/blekinge\/"},{"@type":"ListItem","position":2,"name":"Cirkelledare","item":"https:\/\/www.abf.se\/blekinge\/cirkelledare\/"},{"@type":"ListItem","position":3,"name":"Utbildning f\u00f6r cirkelledare och kulturledare"}]},{"@type":"WebSite","@id":"https:\/\/www.abf.se\/blekinge\/#website","url":"https:\/\/www.abf.se\/blekinge\/","name":"Blekinge","description":"","potentialAction":[{"@type":"SearchAction","target":{"@type":"EntryPoint","urlTemplate":"https:\/\/www.abf.se\/blekinge\/?s={search_term_string}"},"query-input":{"@type":"PropertyValueSpecification","valueRequired":true,"valueName":"search_term_string"}}],"inLanguage":"sv-SE"}]}},"_links":{"self":[{"href":"https:\/\/www.abf.se\/blekinge\/wp-json\/wp\/v2\/pages\/250","targetHints":{"allow":["GET"]}}],"collection":[{"href":"https:\/\/www.abf.se\/blekinge\/wp-json\/wp\/v2\/pages"}],"about":[{"href":"https:\/\/www.abf.se\/blekinge\/wp-json\/wp\/v2\/types\/page"}],"author":[{"embeddable":true,"href":"https:\/\/www.abf.se\/blekinge\/wp-json\/wp\/v2\/users\/43"}],"replies":[{"embeddable":true,"href":"https:\/\/www.abf.se\/blekinge\/wp-json\/wp\/v2\/comments?post=250"}],"version-history":[{"count":15,"href":"https:\/\/www.abf.se\/blekinge\/wp-json\/wp\/v2\/pages\/250\/revisions"}],"predecessor-version":[{"id":720,"href":"https:\/\/www.abf.se\/blekinge\/wp-json\/wp\/v2\/pages\/250\/revisions\/720"}],"up":[{"embeddable":true,"href":"https:\/\/www.abf.se\/blekinge\/wp-json\/wp\/v2\/pages\/119"}],"wp:attachment":[{"href":"https:\/\/www.abf.se\/blekinge\/wp-json\/wp\/v2\/media?parent=250"}],"curies":[{"name":"wp","href":"https:\/\/api.w.org\/{rel}","templated":true}]}}