{"id":321,"date":"2024-04-17T19:06:38","date_gmt":"2024-04-17T17:06:38","guid":{"rendered":"https:\/\/www.abf.se\/blekinge\/?page_id=321"},"modified":"2026-01-19T11:45:37","modified_gmt":"2026-01-19T10:45:37","slug":"tvarfackliga-studier","status":"publish","type":"page","link":"https:\/\/www.abf.se\/blekinge\/regional-verksamhet\/tvarfackliga-studier\/","title":{"rendered":"Tv\u00e4rfackliga studier"},"content":{"rendered":"<div\n    class=\"acf-hero-block container-lg no-padding mb-12 js-geolocation\"\n    data-block=\"hero-block\"\n    data-index=\"0\"\n>\n    <div class=\"h-[548px]  relative rounded-[32px] overflow-hidden flex bg-gray-light\">\n        <div class=\"relative z-10 mt-auto h-auto w-full md:h-full\">\n            <div class=\"flex w-full h-full flex-col flex-wrap justify-end w-full md:w-7\/12 lg:w-1\/2 md:justify-center\">\n                <div class=\"flex flex-col gap-3 md:gap-[18px] md:transparent pt-16 pb-36 md:py-8 px-4 w-full md:max-w-[620px] mx-auto px-8\">\n\n                    <h1 class=\"hero-heading hero-heading--red-text\"><span>Tv\u00e4rfackliga studier<\/span><\/h1>\n\n                    \n                                    <\/div>\n            <\/div>\n        <\/div>\n\n                    <picture class=\"as-background-image mix-blend-multiply bg-black\/40\"><img decoding=\"async\" src=\"https:\/\/www.abf.se\/blekinge\/resized\/?url=https%3A%2F%2Fwww.abf.se%2Fwp-content%2Fuploads%2F2023%2F11%2Fcare-for-u-1_foto-istock_IMGP.jpg&#038;fit=crop&#038;w=1440&#038;s=07d09afde1276563498b53e3d3f067ce\" srcset=\"https:\/\/www.abf.se\/blekinge\/resized\/?url=https%3A%2F%2Fwww.abf.se%2Fwp-content%2Fuploads%2F2023%2F11%2Fcare-for-u-1_foto-istock_IMGP.jpg&#038;fit=crop&#038;w=375&#038;h=540&#038;s=4adee5624d76f0fdd851edbaec997350 375w, https:\/\/www.abf.se\/blekinge\/resized\/?url=https%3A%2F%2Fwww.abf.se%2Fwp-content%2Fuploads%2F2023%2F11%2Fcare-for-u-1_foto-istock_IMGP.jpg&#038;fit=crop&#038;w=447&#038;h=540&#038;s=2d2ea28aaa2bd3642b85f0941a034cb6 447w, https:\/\/www.abf.se\/blekinge\/resized\/?url=https%3A%2F%2Fwww.abf.se%2Fwp-content%2Fuploads%2F2023%2F11%2Fcare-for-u-1_foto-istock_IMGP.jpg&#038;fit=crop&#038;w=519&#038;h=540&#038;s=9a011af8462ffce6a590216badfc1272 519w, https:\/\/www.abf.se\/blekinge\/resized\/?url=https%3A%2F%2Fwww.abf.se%2Fwp-content%2Fuploads%2F2023%2F11%2Fcare-for-u-1_foto-istock_IMGP.jpg&#038;fit=crop&#038;w=591&#038;h=540&#038;s=b4aa3caef9902211b6910be4bd1bea93 591w, https:\/\/www.abf.se\/blekinge\/resized\/?url=https%3A%2F%2Fwww.abf.se%2Fwp-content%2Fuploads%2F2023%2F11%2Fcare-for-u-1_foto-istock_IMGP.jpg&#038;fit=crop&#038;w=663&#038;h=540&#038;s=9ba76a62300ed56a44b22eff046caf0d 663w, https:\/\/www.abf.se\/blekinge\/resized\/?url=https%3A%2F%2Fwww.abf.se%2Fwp-content%2Fuploads%2F2023%2F11%2Fcare-for-u-1_foto-istock_IMGP.jpg&#038;fit=crop&#038;w=750&#038;h=540&#038;s=1a2f7ee2a25a6ea17137010da3d8a505 750w, https:\/\/www.abf.se\/blekinge\/resized\/?url=https%3A%2F%2Fwww.abf.se%2Fwp-content%2Fuploads%2F2023%2F11%2Fcare-for-u-1_foto-istock_IMGP.jpg&#038;fit=crop&#038;w=894&#038;h=540&#038;s=4db284979fcc0209c9759a3203506d86 894w, https:\/\/www.abf.se\/blekinge\/resized\/?url=https%3A%2F%2Fwww.abf.se%2Fwp-content%2Fuploads%2F2023%2F11%2Fcare-for-u-1_foto-istock_IMGP.jpg&#038;fit=crop&#038;w=1038&#038;h=540&#038;s=a6b9aa179bd589f4aef279271d992863 1038w, https:\/\/www.abf.se\/blekinge\/resized\/?url=https%3A%2F%2Fwww.abf.se%2Fwp-content%2Fuploads%2F2023%2F11%2Fcare-for-u-1_foto-istock_IMGP.jpg&#038;fit=crop&#038;w=1182&#038;h=540&#038;s=af0dd4b974886527fe8fc83e487b6e9b 1182w, https:\/\/www.abf.se\/blekinge\/resized\/?url=https%3A%2F%2Fwww.abf.se%2Fwp-content%2Fuploads%2F2023%2F11%2Fcare-for-u-1_foto-istock_IMGP.jpg&#038;fit=crop&#038;w=1326&#038;h=540&#038;s=3178536ab9fd51e9e5f08cd80faf9981 1326w, https:\/\/www.abf.se\/blekinge\/resized\/?url=https%3A%2F%2Fwww.abf.se%2Fwp-content%2Fuploads%2F2023%2F11%2Fcare-for-u-1_foto-istock_IMGP.jpg&#038;fit=crop&#038;w=1440&#038;h=540&#038;s=3660e52cff4e03393fc4505d7936c3a6 1440w\" alt=\"\" height=\"540\" width=\"1440\" sizes=\"(max-width: 1440px) calc(100vw - 32px), 1440px\" loading=\"eager\" fetchpriority=\"high\" aria-hidden=\"true\" role=\"presentation\" \/><\/picture>\n        \n\n            <\/div>\n\n    <\/div>\n\n<div\n    class=\"acf-plain-heading-block container my-16\"\n    data-block=\"plain-heading-block\"\n>\n    <div class=\"max-w-[658px] mx-auto\">\n                <h1 class=\"hero-heading hero-heading--red-text\"><span>Ta steget och utbilda <br \/>\r\ndig fackligt!<\/span><\/h1>\n                            <p class=\"mt-8 body-xl text-black\">\n                ABF Blekinge erbjuder flera utbildningar som l\u00e4r dig mer om dina fackliga r\u00e4ttigheter. Oavsett om du bara \u00e4r nyfiken p\u00e5 facket, har valts till skyddsombud eller \u00e4r f\u00f6rtroendevald p\u00e5 din arbetsplats. Vi har kursen f\u00f6r dig! V\u00e5ra tv\u00e4rfackliga kurser anordnas i samverkan med LO-distriktet i Syd\u00f6stra Sverige och riktar sig till dig som \u00e4r medlem i ett LO-anslutet fackf\u00f6rbund.\n            <\/p>\n            <\/div>\n<\/div>\n<div\n    class=\"acf-article-text-block article-container my-12\"\n    data-block=\"article-text-block\"\n>\n    <div class=\"wysiwyg\">\n        <p><span data-teams=\"true\">Fackliga studier \u00e4r en f\u00f6ruts\u00e4ttning b\u00e5de f\u00f6r att uppr\u00e4tth\u00e5lla en h\u00f6g organisationsgrad, men \u00e4ven f\u00f6r att fylla p\u00e5 med fackligt f\u00f6rtroendevalda i framtiden.<\/span><\/p>\n<p><a href=\"https:\/\/www.abf.se\/blekinge\/sok-tvarfackliga-studier\/\">S\u00f6k aktuella tv\u00e4rfackliga studier hos oss<\/a><\/p>\n<p><a href=\"https:\/\/sydostrasverige.lo.se\/sydostrasverige\/facklig_utbildning\/fackliga_studier\" target=\"_blank\" rel=\"noopener\">L\u00e4s p\u00e5 LO-distriktet i Syd\u00f6stra Sverige om tv\u00e4rfackliga studier<\/a><\/p>\n<hr \/>\n<p>&nbsp;<\/p>\n\n    <\/div>\n<\/div>\n<div\n    class=\"acf-text-image-block container my-12 md:my-15\"\n    data-block=\"text-image-block\"\n>\n    <div\n    class=\"flex flex-col items-center md:flex-row gap-8 md:gap-0 justify-between\">\n                        <div class=\"w-full md:w-1\/2 md:order-2\">\n            <picture><img decoding=\"async\" src=\"https:\/\/www.abf.se\/blekinge\/resized\/?url=https%3A%2F%2Fwww.abf.se%2Fwp-content%2Fuploads%2Fsites%2F66%2F2024%2F04%2FTvarfakliga-studiekatalogen.png&#038;fit=crop&#038;w=578&#038;s=5bb926e035ef227e409db7d46312ef16\" srcset=\"https:\/\/www.abf.se\/blekinge\/resized\/?url=https%3A%2F%2Fwww.abf.se%2Fwp-content%2Fuploads%2Fsites%2F66%2F2024%2F04%2FTvarfakliga-studiekatalogen.png&#038;fit=crop&#038;w=144&#038;h=126&#038;s=b828be8343754e6e0431747bd61acab6 144w, https:\/\/www.abf.se\/blekinge\/resized\/?url=https%3A%2F%2Fwww.abf.se%2Fwp-content%2Fuploads%2Fsites%2F66%2F2024%2F04%2FTvarfakliga-studiekatalogen.png&#038;fit=crop&#038;w=240&#038;h=211&#038;s=2f3531f1eb9abd05d49d759925efdd85 240w, https:\/\/www.abf.se\/blekinge\/resized\/?url=https%3A%2F%2Fwww.abf.se%2Fwp-content%2Fuploads%2Fsites%2F66%2F2024%2F04%2FTvarfakliga-studiekatalogen.png&#038;fit=crop&#038;w=288&#038;h=253&#038;s=0a629fd75e086136a625a014e15481e8 288w, https:\/\/www.abf.se\/blekinge\/resized\/?url=https%3A%2F%2Fwww.abf.se%2Fwp-content%2Fuploads%2Fsites%2F66%2F2024%2F04%2FTvarfakliga-studiekatalogen.png&#038;fit=crop&#038;w=336&#038;h=295&#038;s=689df26a86a4b01ef8fb51a206e5d403 336w, https:\/\/www.abf.se\/blekinge\/resized\/?url=https%3A%2F%2Fwww.abf.se%2Fwp-content%2Fuploads%2Fsites%2F66%2F2024%2F04%2FTvarfakliga-studiekatalogen.png&#038;fit=crop&#038;w=432&#038;h=380&#038;s=78df3b4054a3d1f3787a6a3faa33d834 432w, https:\/\/www.abf.se\/blekinge\/resized\/?url=https%3A%2F%2Fwww.abf.se%2Fwp-content%2Fuploads%2Fsites%2F66%2F2024%2F04%2FTvarfakliga-studiekatalogen.png&#038;fit=crop&#038;w=480&#038;h=422&#038;s=b475d64f48c8f02e12568b982fda51c4 480w, https:\/\/www.abf.se\/blekinge\/resized\/?url=https%3A%2F%2Fwww.abf.se%2Fwp-content%2Fuploads%2Fsites%2F66%2F2024%2F04%2FTvarfakliga-studiekatalogen.png&#038;fit=crop&#038;w=528&#038;h=464&#038;s=921f7015131847218a1440ffa6a1b778 528w, https:\/\/www.abf.se\/blekinge\/resized\/?url=https%3A%2F%2Fwww.abf.se%2Fwp-content%2Fuploads%2Fsites%2F66%2F2024%2F04%2FTvarfakliga-studiekatalogen.png&#038;fit=crop&#038;w=578&#038;h=509&#038;s=2adc865f8ad61cc1ee1be62ab334fbe7 578w, https:\/\/www.abf.se\/blekinge\/resized\/?url=https%3A%2F%2Fwww.abf.se%2Fwp-content%2Fuploads%2Fsites%2F66%2F2024%2F04%2FTvarfakliga-studiekatalogen.png&#038;fit=crop&#038;w=672&#038;h=591&#038;s=98d67290d002276cd904dd074affdc67 672w, https:\/\/www.abf.se\/blekinge\/resized\/?url=https%3A%2F%2Fwww.abf.se%2Fwp-content%2Fuploads%2Fsites%2F66%2F2024%2F04%2FTvarfakliga-studiekatalogen.png&#038;fit=crop&#038;w=864&#038;h=760&#038;s=42ded1a28d73c9636287000114b6673f 864w, https:\/\/www.abf.se\/blekinge\/resized\/?url=https%3A%2F%2Fwww.abf.se%2Fwp-content%2Fuploads%2Fsites%2F66%2F2024%2F04%2FTvarfakliga-studiekatalogen.png&#038;fit=crop&#038;w=1056&#038;h=929&#038;s=cf58a8c280a5bcb8123bcc2706dcca66 1056w\" alt=\"\" height=\"509\" width=\"578\" sizes=\"auto, (max-width: 768px) 100vw,\n                (max-width: 1280px) 50vw, 578px\" loading=\"lazy\" fetchpriority=\"low\" \/><\/picture>\n\n        <\/div>\n        \n        <div class=\"w-full md:w-1\/2 md:order-1\">\n        <div class=\"mx-auto md:max-w-[368px]\">\n            <h2 class=\"heading-lg\">Tv\u00e4rfackliga studiekatalogen<\/h2>\n            <div class=\"mb-6 mt-4 wysiwyg\">\n                <p>I katalogen hittar du utbildningar som Om facket, LOs Maktutbildning, Vald p\u00e5 jobbet, B\u00e4ttre Arbetsmilj\u00f6 och mycket mer!<\/p>\n<p><a href=\"https:\/\/www.lo.se\/media\/eifhjjeb\/utbildningskatalog-2026-v20251201_webb.pdf\" target=\"_blank\" rel=\"noopener\">Tv\u00e4rfackliga studier i Syd\u00f6stra Sverige 2026<\/a><\/p>\n\n            <\/div>\n                    <\/div>\n        <\/div>\n    <\/div>\n<\/div><div\n    class=\"acf-article-facts-block article-container  my-8 \"\n    data-block=\"article-facts-block\"\n>\n<div class=\"bg-teal-light border border-teal p-8 rounded-corners-sm\">\n<header>\n        <h2 class=\"heading-md text-teal-dark mb-3\">\n            Praktiskt kring tv\u00e4rfackliga studier och bra att veta:\n        <\/h2>\n    <\/header>\n    <div class=\"wysiwyg\">\n        <p><span style=\"color: #000000\"><strong>Anm\u00e4lan:<br \/>\n<\/strong><em><strong>Du anm\u00e4ler dig till ditt fackf\u00f6rbund<\/strong><\/em> senast fyra veckor innan kursstart. Facket skickar sedan vidare din anm\u00e4lan till ABF Blekinge.<\/span><\/p>\n<p><span style=\"color: #000000\"><strong>Ledighet f\u00f6r tv\u00e4rfackliga studier:<\/strong><br \/>\nAns\u00f6kan om ledighet ska g\u00f6ras till arbetsgivaren senast 14 dagar f\u00f6re utbildningens start. Vi rekommenderar att du anm\u00e4ler detta till arbetsgivaren i samband med anm\u00e4lan till kursen som ska ske senast en m\u00e5nad f\u00f6re utbildningsstarten.<\/span><\/p>\n<p><span style=\"color: #000000\"><strong>Ers\u00e4ttning vid tv\u00e4rfackliga studier:<\/strong><br \/>\nErs\u00e4ttning ser olika ut mellan fackf\u00f6rbunden, men f\u00f6r icke f\u00f6rtroendevalda ges ett skattefritt stipendium. N\u00e4r det g\u00e4ller f\u00f6rtroendevalda kan viss utbildning betalas av arbetsgivaren. Har du fr\u00e5gor, kontakta ditt eget fackf\u00f6rbund.<\/span><\/p>\n<p><span style=\"color: #000000\"><strong>Kursavgift:<br \/>\n<\/strong>Beroende p\u00e5 vilken kurs du anm\u00e4ler dig till s\u00e5 \u00e4r det antingen ditt fackf\u00f6rbund, din arbetsgivare eller din klubb\/sektion\/avdelning som bekostar din medverkan. Faktura skickas vid utbildningens start.<\/span><\/p>\n<p><span style=\"color: #000000\"><strong>Efter anm\u00e4lan:<br \/>\n<\/strong>N\u00e4r ABF erh\u00e5llit anm\u00e4lan, skickas en kallelse till deltagaren. Detta sker senast tv\u00e5 veckor innan kursstart. I kallelsen f\u00e5r du veta allt du beh\u00f6ver inf\u00f6r kursstart.<\/span><\/p>\n<p><span style=\"color: #000000\"><strong>Under kursen:<br \/>\n<\/strong><em><strong>Material:<\/strong> <\/em>Det material som du beh\u00f6ver under kursen tillhandah\u00e5ller alltid ABF och LO.<\/span><br \/>\n<span style=\"color: #000000\"><em><strong>Mat och fika:<\/strong><\/em> Du f\u00e5r alltid sm\u00f6rg\u00e5s, lunch och fika under tv\u00e4rfacklig utbildning. OBS! Ej vid kurs p\u00e5 distans.<\/span><\/p>\n<p><span style=\"color: #000000\"><strong>Efter kursen:<br \/>\n<\/strong>N\u00e4r kursen \u00e4r genomf\u00f6rd registreras din medverkan hos ditt fackf\u00f6rbund och du f\u00e5r ers\u00e4ttning fr\u00e5n antingen LO, facket eller din arbetsgivare.<\/span><\/p>\n<p><span style=\"color: #000000\"><strong>LO samlar bland annat f\u00f6ljande fackf\u00f6rbund:<\/strong><br \/>\n<span class=\"TextRun SCXW245980212 BCX8\" lang=\"SV-SE\" xml:lang=\"SV-SE\" data-contrast=\"auto\"><span class=\"NormalTextRun SCXW245980212 BCX8\">Byggnads, <\/span><span class=\"NormalTextRun SCXW245980212 BCX8\">Elektrikerna, Fastighet<\/span><span class=\"NormalTextRun SCXW245980212 BCX8\">, Handels<\/span><span class=\"NormalTextRun SCXW245980212 BCX8\">, Hotell och restaurang<\/span><span class=\"NormalTextRun SCXW245980212 BCX8\">, IF Metall, Kommunal, Livs<\/span><span class=\"NormalTextRun SCXW245980212 BCX8\">, Seko, <\/span><span class=\"NormalTextRun SCXW245980212 BCX8\">Transport<\/span><span class=\"NormalTextRun SCXW245980212 BCX8\">, Pappers och<\/span><span class=\"NormalTextRun SCXW245980212 BCX8\"> GS<\/span><span class=\"NormalTextRun SCXW245980212 BCX8\">.<\/span><\/span><\/span><\/p>\n\n    <\/div>\n<\/div>\n\n<\/div>\n","protected":false},"excerpt":{"rendered":"","protected":false},"author":43,"featured_media":0,"parent":138,"menu_order":0,"comment_status":"closed","ping_status":"closed","template":"","meta":{"_acf_changed":false,"footnotes":""},"class_list":["post-321","page","type-page","status-publish","hentry"],"acf":[],"yoast_head":"<!-- This site is optimized with the Yoast SEO plugin v27.0 - https:\/\/yoast.com\/product\/yoast-seo-wordpress\/ -->\n<title>Tv\u00e4rfackliga studier - Blekinge<\/title>\n<meta name=\"robots\" content=\"index, follow, max-snippet:-1, max-image-preview:large, max-video-preview:-1\" \/>\n<link rel=\"canonical\" href=\"https:\/\/www.abf.se\/blekinge\/regional-verksamhet\/tvarfackliga-studier\/\" \/>\n<meta property=\"og:locale\" content=\"sv_SE\" \/>\n<meta property=\"og:type\" content=\"article\" \/>\n<meta property=\"og:title\" content=\"Tv\u00e4rfackliga studier - Blekinge\" \/>\n<meta property=\"og:url\" content=\"https:\/\/www.abf.se\/blekinge\/regional-verksamhet\/tvarfackliga-studier\/\" \/>\n<meta property=\"og:site_name\" content=\"Blekinge\" \/>\n<meta property=\"article:modified_time\" content=\"2026-01-19T10:45:37+00:00\" \/>\n<meta property=\"og:image\" content=\"https:\/\/www.abf.se\/wp-content\/uploads\/sites\/66\/2024\/02\/dsc_0503.jpg\" \/>\n\t<meta property=\"og:image:width\" content=\"2483\" \/>\n\t<meta property=\"og:image:height\" content=\"1649\" \/>\n\t<meta property=\"og:image:type\" content=\"image\/jpeg\" \/>\n<meta name=\"twitter:card\" content=\"summary_large_image\" \/>\n<script type=\"application\/ld+json\" class=\"yoast-schema-graph\">{\"@context\":\"https:\/\/schema.org\",\"@graph\":[{\"@type\":\"WebPage\",\"@id\":\"https:\/\/www.abf.se\/blekinge\/regional-verksamhet\/tvarfackliga-studier\/\",\"url\":\"https:\/\/www.abf.se\/blekinge\/regional-verksamhet\/tvarfackliga-studier\/\",\"name\":\"Tv\u00e4rfackliga studier - Blekinge\",\"isPartOf\":{\"@id\":\"https:\/\/www.abf.se\/blekinge\/#website\"},\"datePublished\":\"2024-04-17T17:06:38+00:00\",\"dateModified\":\"2026-01-19T10:45:37+00:00\",\"breadcrumb\":{\"@id\":\"https:\/\/www.abf.se\/blekinge\/regional-verksamhet\/tvarfackliga-studier\/#breadcrumb\"},\"inLanguage\":\"sv-SE\",\"potentialAction\":[{\"@type\":\"ReadAction\",\"target\":[\"https:\/\/www.abf.se\/blekinge\/regional-verksamhet\/tvarfackliga-studier\/\"]}]},{\"@type\":\"BreadcrumbList\",\"@id\":\"https:\/\/www.abf.se\/blekinge\/regional-verksamhet\/tvarfackliga-studier\/#breadcrumb\",\"itemListElement\":[{\"@type\":\"ListItem\",\"position\":1,\"name\":\"Home\",\"item\":\"https:\/\/www.abf.se\/blekinge\/\"},{\"@type\":\"ListItem\",\"position\":2,\"name\":\"Regional verksamhet\",\"item\":\"https:\/\/www.abf.se\/blekinge\/regional-verksamhet\/\"},{\"@type\":\"ListItem\",\"position\":3,\"name\":\"Tv\u00e4rfackliga studier\"}]},{\"@type\":\"WebSite\",\"@id\":\"https:\/\/www.abf.se\/blekinge\/#website\",\"url\":\"https:\/\/www.abf.se\/blekinge\/\",\"name\":\"Blekinge\",\"description\":\"\",\"potentialAction\":[{\"@type\":\"SearchAction\",\"target\":{\"@type\":\"EntryPoint\",\"urlTemplate\":\"https:\/\/www.abf.se\/blekinge\/?s={search_term_string}\"},\"query-input\":{\"@type\":\"PropertyValueSpecification\",\"valueRequired\":true,\"valueName\":\"search_term_string\"}}],\"inLanguage\":\"sv-SE\"}]}<\/script>\n<!-- \/ Yoast SEO plugin. -->","yoast_head_json":{"title":"Tv\u00e4rfackliga studier - Blekinge","robots":{"index":"index","follow":"follow","max-snippet":"max-snippet:-1","max-image-preview":"max-image-preview:large","max-video-preview":"max-video-preview:-1"},"canonical":"https:\/\/www.abf.se\/blekinge\/regional-verksamhet\/tvarfackliga-studier\/","og_locale":"sv_SE","og_type":"article","og_title":"Tv\u00e4rfackliga studier - Blekinge","og_url":"https:\/\/www.abf.se\/blekinge\/regional-verksamhet\/tvarfackliga-studier\/","og_site_name":"Blekinge","article_modified_time":"2026-01-19T10:45:37+00:00","og_image":[{"width":2483,"height":1649,"url":"https:\/\/www.abf.se\/wp-content\/uploads\/sites\/66\/2024\/02\/dsc_0503.jpg","type":"image\/jpeg"}],"twitter_card":"summary_large_image","schema":{"@context":"https:\/\/schema.org","@graph":[{"@type":"WebPage","@id":"https:\/\/www.abf.se\/blekinge\/regional-verksamhet\/tvarfackliga-studier\/","url":"https:\/\/www.abf.se\/blekinge\/regional-verksamhet\/tvarfackliga-studier\/","name":"Tv\u00e4rfackliga studier - Blekinge","isPartOf":{"@id":"https:\/\/www.abf.se\/blekinge\/#website"},"datePublished":"2024-04-17T17:06:38+00:00","dateModified":"2026-01-19T10:45:37+00:00","breadcrumb":{"@id":"https:\/\/www.abf.se\/blekinge\/regional-verksamhet\/tvarfackliga-studier\/#breadcrumb"},"inLanguage":"sv-SE","potentialAction":[{"@type":"ReadAction","target":["https:\/\/www.abf.se\/blekinge\/regional-verksamhet\/tvarfackliga-studier\/"]}]},{"@type":"BreadcrumbList","@id":"https:\/\/www.abf.se\/blekinge\/regional-verksamhet\/tvarfackliga-studier\/#breadcrumb","itemListElement":[{"@type":"ListItem","position":1,"name":"Home","item":"https:\/\/www.abf.se\/blekinge\/"},{"@type":"ListItem","position":2,"name":"Regional verksamhet","item":"https:\/\/www.abf.se\/blekinge\/regional-verksamhet\/"},{"@type":"ListItem","position":3,"name":"Tv\u00e4rfackliga studier"}]},{"@type":"WebSite","@id":"https:\/\/www.abf.se\/blekinge\/#website","url":"https:\/\/www.abf.se\/blekinge\/","name":"Blekinge","description":"","potentialAction":[{"@type":"SearchAction","target":{"@type":"EntryPoint","urlTemplate":"https:\/\/www.abf.se\/blekinge\/?s={search_term_string}"},"query-input":{"@type":"PropertyValueSpecification","valueRequired":true,"valueName":"search_term_string"}}],"inLanguage":"sv-SE"}]}},"_links":{"self":[{"href":"https:\/\/www.abf.se\/blekinge\/wp-json\/wp\/v2\/pages\/321","targetHints":{"allow":["GET"]}}],"collection":[{"href":"https:\/\/www.abf.se\/blekinge\/wp-json\/wp\/v2\/pages"}],"about":[{"href":"https:\/\/www.abf.se\/blekinge\/wp-json\/wp\/v2\/types\/page"}],"author":[{"embeddable":true,"href":"https:\/\/www.abf.se\/blekinge\/wp-json\/wp\/v2\/users\/43"}],"replies":[{"embeddable":true,"href":"https:\/\/www.abf.se\/blekinge\/wp-json\/wp\/v2\/comments?post=321"}],"version-history":[{"count":55,"href":"https:\/\/www.abf.se\/blekinge\/wp-json\/wp\/v2\/pages\/321\/revisions"}],"predecessor-version":[{"id":912,"href":"https:\/\/www.abf.se\/blekinge\/wp-json\/wp\/v2\/pages\/321\/revisions\/912"}],"up":[{"embeddable":true,"href":"https:\/\/www.abf.se\/blekinge\/wp-json\/wp\/v2\/pages\/138"}],"wp:attachment":[{"href":"https:\/\/www.abf.se\/blekinge\/wp-json\/wp\/v2\/media?parent=321"}],"curies":[{"name":"wp","href":"https:\/\/api.w.org\/{rel}","templated":true}]}}