{"id":448,"date":"2024-04-18T14:21:53","date_gmt":"2024-04-18T12:21:53","guid":{"rendered":"https:\/\/www.abf.se\/blekinge\/?page_id=448"},"modified":"2024-04-18T14:21:53","modified_gmt":"2024-04-18T12:21:53","slug":"villkor-for-anmalan-cirklar-kurs-och-arrangemang","status":"publish","type":"page","link":"https:\/\/www.abf.se\/blekinge\/villkor-for-anmalan-cirklar-kurs-och-arrangemang\/","title":{"rendered":"Villkor f\u00f6r anm\u00e4lan cirklar, kurs och arrangemang"},"content":{"rendered":"<div\n    class=\"acf-hero-block container-lg no-padding mb-12 js-geolocation\"\n    data-block=\"hero-block\"\n    data-index=\"0\"\n>\n    <div class=\"h-[548px]  relative rounded-[32px] overflow-hidden flex bg-gray-light\">\n        <div class=\"relative z-10 mt-auto h-auto w-full md:h-full\">\n            <div class=\"flex w-full h-full flex-col flex-wrap justify-end w-full md:w-7\/12 lg:w-1\/2 md:justify-center\">\n                <div class=\"flex flex-col gap-3 md:gap-[18px] md:transparent pt-16 pb-36 md:py-8 px-4 w-full md:max-w-[620px] mx-auto px-8\">\n\n                    <h1 class=\"hero-heading hero-heading--red-text\"><span>Villkor f\u00f6r anm\u00e4lan cirklar, kurs och arrangemang<\/span><\/h1>\n\n                    \n                                    <\/div>\n            <\/div>\n        <\/div>\n\n                    <picture class=\"as-background-image mix-blend-multiply bg-black\/40\"><img decoding=\"async\" src=\"https:\/\/www.abf.se\/blekinge\/resized\/?url=https%3A%2F%2Fwww.abf.se%2Fwp-content%2Fuploads%2F2023%2F11%2FUt-i-naturen-liggande_IMGP.jpg&#038;fit=crop&#038;w=1440&#038;s=a08c367a64fbef04c8e13a33b6a24461\" srcset=\"https:\/\/www.abf.se\/blekinge\/resized\/?url=https%3A%2F%2Fwww.abf.se%2Fwp-content%2Fuploads%2F2023%2F11%2FUt-i-naturen-liggande_IMGP.jpg&#038;fit=crop&#038;w=375&#038;h=540&#038;s=fb047e68e983e139ad86186d61e6134d 375w, https:\/\/www.abf.se\/blekinge\/resized\/?url=https%3A%2F%2Fwww.abf.se%2Fwp-content%2Fuploads%2F2023%2F11%2FUt-i-naturen-liggande_IMGP.jpg&#038;fit=crop&#038;w=447&#038;h=540&#038;s=c0bc59b406f168dc20115965874b35cd 447w, https:\/\/www.abf.se\/blekinge\/resized\/?url=https%3A%2F%2Fwww.abf.se%2Fwp-content%2Fuploads%2F2023%2F11%2FUt-i-naturen-liggande_IMGP.jpg&#038;fit=crop&#038;w=519&#038;h=540&#038;s=fbd629550256106713a0f85a9ddc839c 519w, https:\/\/www.abf.se\/blekinge\/resized\/?url=https%3A%2F%2Fwww.abf.se%2Fwp-content%2Fuploads%2F2023%2F11%2FUt-i-naturen-liggande_IMGP.jpg&#038;fit=crop&#038;w=591&#038;h=540&#038;s=795d5bd9d8e03bfc375e50af522fa498 591w, https:\/\/www.abf.se\/blekinge\/resized\/?url=https%3A%2F%2Fwww.abf.se%2Fwp-content%2Fuploads%2F2023%2F11%2FUt-i-naturen-liggande_IMGP.jpg&#038;fit=crop&#038;w=663&#038;h=540&#038;s=45d93a85687769cc64f1a5bcc549030c 663w, https:\/\/www.abf.se\/blekinge\/resized\/?url=https%3A%2F%2Fwww.abf.se%2Fwp-content%2Fuploads%2F2023%2F11%2FUt-i-naturen-liggande_IMGP.jpg&#038;fit=crop&#038;w=750&#038;h=540&#038;s=1ecdd368d07791ec33e3e5043c48b79d 750w, https:\/\/www.abf.se\/blekinge\/resized\/?url=https%3A%2F%2Fwww.abf.se%2Fwp-content%2Fuploads%2F2023%2F11%2FUt-i-naturen-liggande_IMGP.jpg&#038;fit=crop&#038;w=894&#038;h=540&#038;s=db1d809cb4201837282da4ea59e675ee 894w, https:\/\/www.abf.se\/blekinge\/resized\/?url=https%3A%2F%2Fwww.abf.se%2Fwp-content%2Fuploads%2F2023%2F11%2FUt-i-naturen-liggande_IMGP.jpg&#038;fit=crop&#038;w=1038&#038;h=540&#038;s=156f3926a250767fb12ea733f1a7c758 1038w, https:\/\/www.abf.se\/blekinge\/resized\/?url=https%3A%2F%2Fwww.abf.se%2Fwp-content%2Fuploads%2F2023%2F11%2FUt-i-naturen-liggande_IMGP.jpg&#038;fit=crop&#038;w=1182&#038;h=540&#038;s=543b315218ddf344ecea20c3142ab3e1 1182w, https:\/\/www.abf.se\/blekinge\/resized\/?url=https%3A%2F%2Fwww.abf.se%2Fwp-content%2Fuploads%2F2023%2F11%2FUt-i-naturen-liggande_IMGP.jpg&#038;fit=crop&#038;w=1326&#038;h=540&#038;s=dd0631b9ba8482e619357e8554f50c30 1326w, https:\/\/www.abf.se\/blekinge\/resized\/?url=https%3A%2F%2Fwww.abf.se%2Fwp-content%2Fuploads%2F2023%2F11%2FUt-i-naturen-liggande_IMGP.jpg&#038;fit=crop&#038;w=1440&#038;h=540&#038;s=89968077cd947019f168aa6bf2ef7230 1440w\" alt=\"\" height=\"540\" width=\"1440\" sizes=\"(max-width: 1440px) calc(100vw - 32px), 1440px\" loading=\"eager\" fetchpriority=\"high\" aria-hidden=\"true\" role=\"presentation\" \/><\/picture>\n        \n\n            <\/div>\n\n    <\/div>\n\n<div\n    class=\"acf-plain-heading-block container my-16\"\n    data-block=\"plain-heading-block\"\n>\n    <div class=\"max-w-[658px] mx-auto\">\n                <h1 class=\"hero-heading hero-heading--red-text\"><span>Bra att veta inf\u00f6r din anm\u00e4lan<\/span><\/h1>\n                            <p class=\"mt-8 body-xl text-black\">\n                Det \u00e4r viktigt att du k\u00e4nner till villkoren n\u00e4r du ska delta i en verksamhet hos oss. L\u00e4s igenom detta s\u00e5 lovar vi att du kommer f\u00e5 koll p\u00e5 allt eller det mesta.\n            <\/p>\n            <\/div>\n<\/div>\n<div\n    class=\"acf-article-text-block article-container my-12\"\n    data-block=\"article-text-block\"\n>\n    <div class=\"wysiwyg\">\n        <h3>Anm\u00e4lan<\/h3>\n<p>Anm\u00e4l dig via v\u00e5r hemsida, mail, telefon eller bes\u00f6k. Anm\u00e4lan \u00e4r bindande d\u00e5 ett startdatum finns. Om inget startdatum finns vid anm\u00e4lan, ses din anm\u00e4lan som intresseanm\u00e4lan. Vi kommer kontakta dig n\u00e4r startdatum finns och fr\u00e5ga om du fortfarande \u00e4r intresserad och vill beh\u00e5lla din plats.<\/p>\n<h3>Avbokning<\/h3>\n<p>Du har r\u00e4tt att avboka cirkeln tre dagar f\u00f6re cirkelstart. Om du avanm\u00e4ler dig senare \u00e4n tre dagar f\u00f6re cirkelstart debiteras en avgift motsvarande halva deltagaravgiften. Vid avbokning n\u00e4r cirkeln redan har startat \u00e4r du skyldig att betala full avgift. Om du m\u00e5ste avbryta cirkeln p\u00e5 grund av varaktigt studiehinder som sjukdom eller flyttat fr\u00e5n orten betalar du f\u00f6r de g\u00e5nger du deltagit samt en administrationsavgift.<\/p>\n<h3>Cirkelstart<\/h3>\n<p>Cirklarna startar s\u00e5 snart vi har \u00e5tta anm\u00e4lda deltagare.<\/p>\n<h3>Studietimme<\/h3>\n<p>En studietimme \u00e4r 45 minuter.<\/p>\n<h3>Delbetalning<\/h3>\n<p>\u00d6nskar du dela upp din betalning av kursavgiften? Meddela oss detta n\u00e4r du anm\u00e4ler dig s\u00e5 l\u00e4gger vi upp det s\u00e5 det passar dig.<\/p>\n<h3>Rabatt<\/h3>\n<p>\u00c4r du medlem i n\u00e5got LO-fack \u00e4r det m\u00f6jligt att du f\u00e5r rabatt p\u00e5 deltagaravgiften. Tag kontakt med din fackliga organisation, det kan l\u00f6na sig.<br \/>\n\u00c4r du medlem i n\u00e5gon funktionsneds\u00e4ttningsorganisation eller pension\u00e4rsf\u00f6rening och vill vara med i studieverksamheten? Kontakta dinf\u00f6rening.<\/p>\n<h3>Studie- och arbetsmaterial<\/h3>\n<p>Kostnaden f\u00f6r litteratur och material ing\u00e5r ej i deltagaravgiften.<\/p>\n<h3>Olycksfallsf\u00f6rs\u00e4kring<\/h3>\n<p>Som deltagare \u00e4r du f\u00f6rs\u00e4krad f\u00f6r olycksfall under studietiden, samt under f\u00e4rd till och fr\u00e5n studielokalen.<\/p>\n<h3>Personnummer<\/h3>\n<p>Personnummer \u00e4r en obligatorisk uppgift f\u00f6r v\u00e5r rapportering till Folkbildningsr\u00e5det. Vi m\u00e5ste d\u00e4rf\u00f6r ha personnummer p\u00e5 alla som deltar i v\u00e5r studieverksamhet.<\/p>\n\n    <\/div>\n<\/div>\n","protected":false},"excerpt":{"rendered":"","protected":false},"author":43,"featured_media":0,"parent":0,"menu_order":0,"comment_status":"closed","ping_status":"closed","template":"","meta":{"_acf_changed":false,"footnotes":""},"class_list":["post-448","page","type-page","status-publish","hentry"],"acf":[],"yoast_head":"<!-- This site is optimized with the Yoast SEO plugin v27.0 - https:\/\/yoast.com\/product\/yoast-seo-wordpress\/ -->\n<title>Villkor f\u00f6r anm\u00e4lan cirklar, kurs och arrangemang - Blekinge<\/title>\n<meta name=\"robots\" content=\"index, follow, max-snippet:-1, max-image-preview:large, max-video-preview:-1\" \/>\n<link rel=\"canonical\" href=\"https:\/\/www.abf.se\/blekinge\/villkor-for-anmalan-cirklar-kurs-och-arrangemang\/\" \/>\n<meta property=\"og:locale\" content=\"sv_SE\" \/>\n<meta property=\"og:type\" content=\"article\" \/>\n<meta property=\"og:title\" content=\"Villkor f\u00f6r anm\u00e4lan cirklar, kurs och arrangemang - Blekinge\" \/>\n<meta property=\"og:url\" content=\"https:\/\/www.abf.se\/blekinge\/villkor-for-anmalan-cirklar-kurs-och-arrangemang\/\" \/>\n<meta property=\"og:site_name\" content=\"Blekinge\" \/>\n<meta property=\"og:image\" content=\"https:\/\/www.abf.se\/wp-content\/uploads\/sites\/66\/2024\/02\/dsc_0503.jpg\" \/>\n\t<meta property=\"og:image:width\" content=\"2483\" \/>\n\t<meta property=\"og:image:height\" content=\"1649\" \/>\n\t<meta property=\"og:image:type\" content=\"image\/jpeg\" \/>\n<meta name=\"twitter:card\" content=\"summary_large_image\" \/>\n<script type=\"application\/ld+json\" class=\"yoast-schema-graph\">{\"@context\":\"https:\/\/schema.org\",\"@graph\":[{\"@type\":\"WebPage\",\"@id\":\"https:\/\/www.abf.se\/blekinge\/villkor-for-anmalan-cirklar-kurs-och-arrangemang\/\",\"url\":\"https:\/\/www.abf.se\/blekinge\/villkor-for-anmalan-cirklar-kurs-och-arrangemang\/\",\"name\":\"Villkor f\u00f6r anm\u00e4lan cirklar, kurs och arrangemang - Blekinge\",\"isPartOf\":{\"@id\":\"https:\/\/www.abf.se\/blekinge\/#website\"},\"datePublished\":\"2024-04-18T12:21:53+00:00\",\"breadcrumb\":{\"@id\":\"https:\/\/www.abf.se\/blekinge\/villkor-for-anmalan-cirklar-kurs-och-arrangemang\/#breadcrumb\"},\"inLanguage\":\"sv-SE\",\"potentialAction\":[{\"@type\":\"ReadAction\",\"target\":[\"https:\/\/www.abf.se\/blekinge\/villkor-for-anmalan-cirklar-kurs-och-arrangemang\/\"]}]},{\"@type\":\"BreadcrumbList\",\"@id\":\"https:\/\/www.abf.se\/blekinge\/villkor-for-anmalan-cirklar-kurs-och-arrangemang\/#breadcrumb\",\"itemListElement\":[{\"@type\":\"ListItem\",\"position\":1,\"name\":\"Home\",\"item\":\"https:\/\/www.abf.se\/blekinge\/\"},{\"@type\":\"ListItem\",\"position\":2,\"name\":\"Villkor f\u00f6r anm\u00e4lan cirklar, kurs och arrangemang\"}]},{\"@type\":\"WebSite\",\"@id\":\"https:\/\/www.abf.se\/blekinge\/#website\",\"url\":\"https:\/\/www.abf.se\/blekinge\/\",\"name\":\"Blekinge\",\"description\":\"\",\"potentialAction\":[{\"@type\":\"SearchAction\",\"target\":{\"@type\":\"EntryPoint\",\"urlTemplate\":\"https:\/\/www.abf.se\/blekinge\/?s={search_term_string}\"},\"query-input\":{\"@type\":\"PropertyValueSpecification\",\"valueRequired\":true,\"valueName\":\"search_term_string\"}}],\"inLanguage\":\"sv-SE\"}]}<\/script>\n<!-- \/ Yoast SEO plugin. -->","yoast_head_json":{"title":"Villkor f\u00f6r anm\u00e4lan cirklar, kurs och arrangemang - Blekinge","robots":{"index":"index","follow":"follow","max-snippet":"max-snippet:-1","max-image-preview":"max-image-preview:large","max-video-preview":"max-video-preview:-1"},"canonical":"https:\/\/www.abf.se\/blekinge\/villkor-for-anmalan-cirklar-kurs-och-arrangemang\/","og_locale":"sv_SE","og_type":"article","og_title":"Villkor f\u00f6r anm\u00e4lan cirklar, kurs och arrangemang - Blekinge","og_url":"https:\/\/www.abf.se\/blekinge\/villkor-for-anmalan-cirklar-kurs-och-arrangemang\/","og_site_name":"Blekinge","og_image":[{"width":2483,"height":1649,"url":"https:\/\/www.abf.se\/wp-content\/uploads\/sites\/66\/2024\/02\/dsc_0503.jpg","type":"image\/jpeg"}],"twitter_card":"summary_large_image","schema":{"@context":"https:\/\/schema.org","@graph":[{"@type":"WebPage","@id":"https:\/\/www.abf.se\/blekinge\/villkor-for-anmalan-cirklar-kurs-och-arrangemang\/","url":"https:\/\/www.abf.se\/blekinge\/villkor-for-anmalan-cirklar-kurs-och-arrangemang\/","name":"Villkor f\u00f6r anm\u00e4lan cirklar, kurs och arrangemang - Blekinge","isPartOf":{"@id":"https:\/\/www.abf.se\/blekinge\/#website"},"datePublished":"2024-04-18T12:21:53+00:00","breadcrumb":{"@id":"https:\/\/www.abf.se\/blekinge\/villkor-for-anmalan-cirklar-kurs-och-arrangemang\/#breadcrumb"},"inLanguage":"sv-SE","potentialAction":[{"@type":"ReadAction","target":["https:\/\/www.abf.se\/blekinge\/villkor-for-anmalan-cirklar-kurs-och-arrangemang\/"]}]},{"@type":"BreadcrumbList","@id":"https:\/\/www.abf.se\/blekinge\/villkor-for-anmalan-cirklar-kurs-och-arrangemang\/#breadcrumb","itemListElement":[{"@type":"ListItem","position":1,"name":"Home","item":"https:\/\/www.abf.se\/blekinge\/"},{"@type":"ListItem","position":2,"name":"Villkor f\u00f6r anm\u00e4lan cirklar, kurs och arrangemang"}]},{"@type":"WebSite","@id":"https:\/\/www.abf.se\/blekinge\/#website","url":"https:\/\/www.abf.se\/blekinge\/","name":"Blekinge","description":"","potentialAction":[{"@type":"SearchAction","target":{"@type":"EntryPoint","urlTemplate":"https:\/\/www.abf.se\/blekinge\/?s={search_term_string}"},"query-input":{"@type":"PropertyValueSpecification","valueRequired":true,"valueName":"search_term_string"}}],"inLanguage":"sv-SE"}]}},"_links":{"self":[{"href":"https:\/\/www.abf.se\/blekinge\/wp-json\/wp\/v2\/pages\/448","targetHints":{"allow":["GET"]}}],"collection":[{"href":"https:\/\/www.abf.se\/blekinge\/wp-json\/wp\/v2\/pages"}],"about":[{"href":"https:\/\/www.abf.se\/blekinge\/wp-json\/wp\/v2\/types\/page"}],"author":[{"embeddable":true,"href":"https:\/\/www.abf.se\/blekinge\/wp-json\/wp\/v2\/users\/43"}],"replies":[{"embeddable":true,"href":"https:\/\/www.abf.se\/blekinge\/wp-json\/wp\/v2\/comments?post=448"}],"version-history":[{"count":4,"href":"https:\/\/www.abf.se\/blekinge\/wp-json\/wp\/v2\/pages\/448\/revisions"}],"predecessor-version":[{"id":594,"href":"https:\/\/www.abf.se\/blekinge\/wp-json\/wp\/v2\/pages\/448\/revisions\/594"}],"wp:attachment":[{"href":"https:\/\/www.abf.se\/blekinge\/wp-json\/wp\/v2\/media?parent=448"}],"curies":[{"name":"wp","href":"https:\/\/api.w.org\/{rel}","templated":true}]}}