{"id":525,"date":"2024-04-26T08:32:33","date_gmt":"2024-04-26T06:32:33","guid":{"rendered":"https:\/\/www.abf.se\/blekinge\/?page_id=525"},"modified":"2025-01-28T14:46:23","modified_gmt":"2025-01-28T13:46:23","slug":"for-dig-som-ar-cirkelledare","status":"publish","type":"page","link":"https:\/\/www.abf.se\/blekinge\/cirkelledare\/for-dig-som-ar-cirkelledare\/","title":{"rendered":"F\u00f6r dig som \u00e4r cirkelledare"},"content":{"rendered":"<div\n    class=\"acf-hero-block container-lg no-padding mb-12 js-geolocation\"\n    data-block=\"hero-block\"\n    data-index=\"0\"\n>\n    <div class=\"h-[548px]  relative rounded-[32px] overflow-hidden flex bg-gray-light\">\n        <div class=\"relative z-10 mt-auto h-auto w-full md:h-full\">\n            <div class=\"flex w-full h-full flex-col flex-wrap justify-end w-full md:w-7\/12 lg:w-1\/2 md:justify-center\">\n                <div class=\"flex flex-col gap-3 md:gap-[18px] md:transparent pt-16 pb-36 md:py-8 px-4 w-full md:max-w-[620px] mx-auto px-8\">\n\n                    <h1 class=\"hero-heading hero-heading--red-text\"><span>F\u00f6r dig som \u00e4r cirkelledare<\/span><\/h1>\n\n                    \n                                    <\/div>\n            <\/div>\n        <\/div>\n\n                    <picture class=\"as-background-image mix-blend-multiply bg-black\/40\"><img decoding=\"async\" src=\"https:\/\/www.abf.se\/blekinge\/resized\/?url=https%3A%2F%2Fwww.abf.se%2Fwp-content%2Fuploads%2F2024%2F04%2FSkrattar-ihop-foto-iStock-scaled.jpg&#038;fit=crop&#038;w=1440&#038;s=5abdfbbda6a3ac060dde46f2cf3b4a2b\" srcset=\"https:\/\/www.abf.se\/blekinge\/resized\/?url=https%3A%2F%2Fwww.abf.se%2Fwp-content%2Fuploads%2F2024%2F04%2FSkrattar-ihop-foto-iStock-scaled.jpg&#038;fit=crop&#038;w=375&#038;h=540&#038;s=0fe534802c8d0037d5a5074e2153f95e 375w, https:\/\/www.abf.se\/blekinge\/resized\/?url=https%3A%2F%2Fwww.abf.se%2Fwp-content%2Fuploads%2F2024%2F04%2FSkrattar-ihop-foto-iStock-scaled.jpg&#038;fit=crop&#038;w=447&#038;h=540&#038;s=ca4b2e9ef6154ffb430bc25792e76e25 447w, https:\/\/www.abf.se\/blekinge\/resized\/?url=https%3A%2F%2Fwww.abf.se%2Fwp-content%2Fuploads%2F2024%2F04%2FSkrattar-ihop-foto-iStock-scaled.jpg&#038;fit=crop&#038;w=519&#038;h=540&#038;s=43afb78426da971393c46312f891380f 519w, https:\/\/www.abf.se\/blekinge\/resized\/?url=https%3A%2F%2Fwww.abf.se%2Fwp-content%2Fuploads%2F2024%2F04%2FSkrattar-ihop-foto-iStock-scaled.jpg&#038;fit=crop&#038;w=591&#038;h=540&#038;s=38a5dd22a95f4377ea505c8b1848467b 591w, https:\/\/www.abf.se\/blekinge\/resized\/?url=https%3A%2F%2Fwww.abf.se%2Fwp-content%2Fuploads%2F2024%2F04%2FSkrattar-ihop-foto-iStock-scaled.jpg&#038;fit=crop&#038;w=663&#038;h=540&#038;s=8063157d233a248083ede3dc2d339b60 663w, https:\/\/www.abf.se\/blekinge\/resized\/?url=https%3A%2F%2Fwww.abf.se%2Fwp-content%2Fuploads%2F2024%2F04%2FSkrattar-ihop-foto-iStock-scaled.jpg&#038;fit=crop&#038;w=750&#038;h=540&#038;s=33b6aad889be645229585e74c5400f77 750w, https:\/\/www.abf.se\/blekinge\/resized\/?url=https%3A%2F%2Fwww.abf.se%2Fwp-content%2Fuploads%2F2024%2F04%2FSkrattar-ihop-foto-iStock-scaled.jpg&#038;fit=crop&#038;w=894&#038;h=540&#038;s=799dae0ee590821f74d01c03c1c57a48 894w, https:\/\/www.abf.se\/blekinge\/resized\/?url=https%3A%2F%2Fwww.abf.se%2Fwp-content%2Fuploads%2F2024%2F04%2FSkrattar-ihop-foto-iStock-scaled.jpg&#038;fit=crop&#038;w=1038&#038;h=540&#038;s=0b5a73d70b12dbbe7cf075d96701620e 1038w, https:\/\/www.abf.se\/blekinge\/resized\/?url=https%3A%2F%2Fwww.abf.se%2Fwp-content%2Fuploads%2F2024%2F04%2FSkrattar-ihop-foto-iStock-scaled.jpg&#038;fit=crop&#038;w=1182&#038;h=540&#038;s=388ef9723786482ef632f98ed5d3256c 1182w, https:\/\/www.abf.se\/blekinge\/resized\/?url=https%3A%2F%2Fwww.abf.se%2Fwp-content%2Fuploads%2F2024%2F04%2FSkrattar-ihop-foto-iStock-scaled.jpg&#038;fit=crop&#038;w=1326&#038;h=540&#038;s=1aaf3d37f431fd1b81b8cdf786431eb9 1326w, https:\/\/www.abf.se\/blekinge\/resized\/?url=https%3A%2F%2Fwww.abf.se%2Fwp-content%2Fuploads%2F2024%2F04%2FSkrattar-ihop-foto-iStock-scaled.jpg&#038;fit=crop&#038;w=1440&#038;h=540&#038;s=e12f123f91af554c5b839b5ac867274f 1440w\" alt=\"\" height=\"540\" width=\"1440\" sizes=\"(max-width: 1440px) calc(100vw - 32px), 1440px\" loading=\"eager\" fetchpriority=\"high\" aria-hidden=\"true\" role=\"presentation\" \/><\/picture>\n        \n\n            <\/div>\n\n    <\/div>\n\n<div\n    class=\"acf-plain-heading-block container my-16\"\n    data-block=\"plain-heading-block\"\n>\n    <div class=\"max-w-[658px] mx-auto\">\n                            <p class=\"mt-8 body-xl text-black\">\n                Som cirkelledare \u00e4r du en viktig kugge i det st\u00e4ndigt p\u00e5g\u00e5ende folkbildningsarbetet hos ABF. Folkbildningen \u00e4r ett s\u00e4tt att g\u00f6ra kunskap tillg\u00e4nglig f\u00f6r alla m\u00e4nniskor i v\u00e5rt samh\u00e4lle och \u00e4r en viktig del av cirkelledarrollen. <br \/>\r\n<br \/>\r\nP\u00e5 denna sidan hittar du information, bra l\u00e4nkar och guider f\u00f6r dig som \u00e4r cirkelledare hos oss. \n            <\/p>\n            <\/div>\n<\/div>\n<div\n    class=\"acf-quick-link-block bg-red py-12 md:py-20\"\n    data-block=\"quick-link-block\"\n>\n    <div class=\"container\">\n        \n        <div\n            class=\"px-5 content:px-0 grid grid-cols-1 gap-8 md:grid-cols-2 lg:grid-cols-4\">\n            \n            <article\nclass=\"round-corners-sm p-6 relative group grid grid-rows-[subgrid] row-[span_3] gap-4 bg-white text-red\"\n>\n            <h3\n        class=\"heading-sm group-hover:underline text-red\">\n            <a href=\"https:\/\/arretjanst.abf.se\/\" class=\"expanded-hit-area\" target=\"_blank\">\n                Rapportera n\u00e4rvaro (l\u00e4mnar sidan)\n            <\/a>\n        <\/h3>\n            <figure\n    class=\"w-[38px] h-[38px] rounded-full p-2 group-hover:scale-110 transition-transform duration-300 self-end pointer-events-none bg-red text-white\">\n        <svg width=\"20\" height=\"20\" viewBox=\"0 0 20 20\" fill=\"none\" class=\"SvgIconElement\">\n<path d=\"M4.16659 10L15.8333 10\" stroke=\"currentColor\"\/>\n<path d=\"M9.99992 4.1665L15.8333 9.99984L9.99992 15.8332\" stroke=\"currentColor\"\/>\n<\/svg>\n    <\/figure>\n<\/article>            \n            <article\nclass=\"round-corners-sm p-6 relative group grid grid-rows-[subgrid] row-[span_3] gap-4 bg-white text-red\"\n>\n            <h3\n        class=\"heading-sm group-hover:underline text-red\">\n            <a href=\"https:\/\/www.abf.se\/wp-content\/uploads\/2024\/03\/abfs-e-tjanst-kort-lathund.pdf\" class=\"expanded-hit-area\" target=\"_blank\">\n                Guide f\u00f6r n\u00e4rvarorapportering (PDF)\n            <\/a>\n        <\/h3>\n            <figure\n    class=\"w-[38px] h-[38px] rounded-full p-2 group-hover:scale-110 transition-transform duration-300 self-end pointer-events-none bg-red text-white\">\n        <svg width=\"20\" height=\"20\" viewBox=\"0 0 20 20\" fill=\"none\" class=\"SvgIconElement\">\n<path d=\"M4.16659 10L15.8333 10\" stroke=\"currentColor\"\/>\n<path d=\"M9.99992 4.1665L15.8333 9.99984L9.99992 15.8332\" stroke=\"currentColor\"\/>\n<\/svg>\n    <\/figure>\n<\/article>            \n            <article\nclass=\"round-corners-sm p-6 relative group grid grid-rows-[subgrid] row-[span_3] gap-4 bg-white text-red\"\n>\n            <h3\n        class=\"heading-sm group-hover:underline text-red\">\n            <a href=\"https:\/\/www.abf.se\/blekinge\/cirkelledare\/cirkelledarutbildningar\/\" class=\"expanded-hit-area\" target=\"\">\n                Cirkel- och kulturprogramsledarutbildningar\n            <\/a>\n        <\/h3>\n            <figure\n    class=\"w-[38px] h-[38px] rounded-full p-2 group-hover:scale-110 transition-transform duration-300 self-end pointer-events-none bg-red text-white\">\n        <svg width=\"20\" height=\"20\" viewBox=\"0 0 20 20\" fill=\"none\" class=\"SvgIconElement\">\n<path d=\"M4.16659 10L15.8333 10\" stroke=\"currentColor\"\/>\n<path d=\"M9.99992 4.1665L15.8333 9.99984L9.99992 15.8332\" stroke=\"currentColor\"\/>\n<\/svg>\n    <\/figure>\n<\/article>            \n            <article\nclass=\"round-corners-sm p-6 relative group grid grid-rows-[subgrid] row-[span_3] gap-4 bg-white text-red\"\n>\n            <h3\n        class=\"heading-sm group-hover:underline text-red\">\n            <a href=\"https:\/\/www.abf.se\/wp-content\/uploads\/sites\/66\/2024\/04\/verktygslada-for-cirkelledare-1.pdf\" class=\"expanded-hit-area\" target=\"_blank\">\n                Verktygsl\u00e5dan f\u00f6r ledare (PDF)\n            <\/a>\n        <\/h3>\n            <figure\n    class=\"w-[38px] h-[38px] rounded-full p-2 group-hover:scale-110 transition-transform duration-300 self-end pointer-events-none bg-red text-white\">\n        <svg width=\"20\" height=\"20\" viewBox=\"0 0 20 20\" fill=\"none\" class=\"SvgIconElement\">\n<path d=\"M4.16659 10L15.8333 10\" stroke=\"currentColor\"\/>\n<path d=\"M9.99992 4.1665L15.8333 9.99984L9.99992 15.8332\" stroke=\"currentColor\"\/>\n<\/svg>\n    <\/figure>\n<\/article>                    <\/div>\n    <\/div>\n<\/div>\n","protected":false},"excerpt":{"rendered":"","protected":false},"author":43,"featured_media":0,"parent":119,"menu_order":0,"comment_status":"closed","ping_status":"closed","template":"","meta":{"_acf_changed":false,"footnotes":""},"class_list":["post-525","page","type-page","status-publish","hentry"],"acf":[],"yoast_head":"<!-- This site is optimized with the Yoast SEO plugin v27.0 - https:\/\/yoast.com\/product\/yoast-seo-wordpress\/ -->\n<title>F\u00f6r dig som \u00e4r cirkelledare - Blekinge<\/title>\n<meta name=\"robots\" content=\"index, follow, max-snippet:-1, max-image-preview:large, max-video-preview:-1\" \/>\n<link rel=\"canonical\" href=\"https:\/\/www.abf.se\/blekinge\/cirkelledare\/for-dig-som-ar-cirkelledare\/\" \/>\n<meta property=\"og:locale\" content=\"sv_SE\" \/>\n<meta property=\"og:type\" content=\"article\" \/>\n<meta property=\"og:title\" content=\"F\u00f6r dig som \u00e4r cirkelledare - Blekinge\" \/>\n<meta property=\"og:url\" content=\"https:\/\/www.abf.se\/blekinge\/cirkelledare\/for-dig-som-ar-cirkelledare\/\" \/>\n<meta property=\"og:site_name\" content=\"Blekinge\" \/>\n<meta property=\"article:modified_time\" content=\"2025-01-28T13:46:23+00:00\" \/>\n<meta property=\"og:image\" content=\"https:\/\/www.abf.se\/wp-content\/uploads\/sites\/66\/2024\/02\/dsc_0503.jpg\" \/>\n\t<meta property=\"og:image:width\" content=\"2483\" \/>\n\t<meta property=\"og:image:height\" content=\"1649\" \/>\n\t<meta property=\"og:image:type\" content=\"image\/jpeg\" \/>\n<meta name=\"twitter:card\" content=\"summary_large_image\" \/>\n<script type=\"application\/ld+json\" class=\"yoast-schema-graph\">{\"@context\":\"https:\/\/schema.org\",\"@graph\":[{\"@type\":\"WebPage\",\"@id\":\"https:\/\/www.abf.se\/blekinge\/cirkelledare\/for-dig-som-ar-cirkelledare\/\",\"url\":\"https:\/\/www.abf.se\/blekinge\/cirkelledare\/for-dig-som-ar-cirkelledare\/\",\"name\":\"F\u00f6r dig som \u00e4r cirkelledare - Blekinge\",\"isPartOf\":{\"@id\":\"https:\/\/www.abf.se\/blekinge\/#website\"},\"datePublished\":\"2024-04-26T06:32:33+00:00\",\"dateModified\":\"2025-01-28T13:46:23+00:00\",\"breadcrumb\":{\"@id\":\"https:\/\/www.abf.se\/blekinge\/cirkelledare\/for-dig-som-ar-cirkelledare\/#breadcrumb\"},\"inLanguage\":\"sv-SE\",\"potentialAction\":[{\"@type\":\"ReadAction\",\"target\":[\"https:\/\/www.abf.se\/blekinge\/cirkelledare\/for-dig-som-ar-cirkelledare\/\"]}]},{\"@type\":\"BreadcrumbList\",\"@id\":\"https:\/\/www.abf.se\/blekinge\/cirkelledare\/for-dig-som-ar-cirkelledare\/#breadcrumb\",\"itemListElement\":[{\"@type\":\"ListItem\",\"position\":1,\"name\":\"Home\",\"item\":\"https:\/\/www.abf.se\/blekinge\/\"},{\"@type\":\"ListItem\",\"position\":2,\"name\":\"Cirkelledare\",\"item\":\"https:\/\/www.abf.se\/blekinge\/cirkelledare\/\"},{\"@type\":\"ListItem\",\"position\":3,\"name\":\"F\u00f6r dig som \u00e4r cirkelledare\"}]},{\"@type\":\"WebSite\",\"@id\":\"https:\/\/www.abf.se\/blekinge\/#website\",\"url\":\"https:\/\/www.abf.se\/blekinge\/\",\"name\":\"Blekinge\",\"description\":\"\",\"potentialAction\":[{\"@type\":\"SearchAction\",\"target\":{\"@type\":\"EntryPoint\",\"urlTemplate\":\"https:\/\/www.abf.se\/blekinge\/?s={search_term_string}\"},\"query-input\":{\"@type\":\"PropertyValueSpecification\",\"valueRequired\":true,\"valueName\":\"search_term_string\"}}],\"inLanguage\":\"sv-SE\"}]}<\/script>\n<!-- \/ Yoast SEO plugin. -->","yoast_head_json":{"title":"F\u00f6r dig som \u00e4r cirkelledare - Blekinge","robots":{"index":"index","follow":"follow","max-snippet":"max-snippet:-1","max-image-preview":"max-image-preview:large","max-video-preview":"max-video-preview:-1"},"canonical":"https:\/\/www.abf.se\/blekinge\/cirkelledare\/for-dig-som-ar-cirkelledare\/","og_locale":"sv_SE","og_type":"article","og_title":"F\u00f6r dig som \u00e4r cirkelledare - Blekinge","og_url":"https:\/\/www.abf.se\/blekinge\/cirkelledare\/for-dig-som-ar-cirkelledare\/","og_site_name":"Blekinge","article_modified_time":"2025-01-28T13:46:23+00:00","og_image":[{"width":2483,"height":1649,"url":"https:\/\/www.abf.se\/wp-content\/uploads\/sites\/66\/2024\/02\/dsc_0503.jpg","type":"image\/jpeg"}],"twitter_card":"summary_large_image","schema":{"@context":"https:\/\/schema.org","@graph":[{"@type":"WebPage","@id":"https:\/\/www.abf.se\/blekinge\/cirkelledare\/for-dig-som-ar-cirkelledare\/","url":"https:\/\/www.abf.se\/blekinge\/cirkelledare\/for-dig-som-ar-cirkelledare\/","name":"F\u00f6r dig som \u00e4r cirkelledare - Blekinge","isPartOf":{"@id":"https:\/\/www.abf.se\/blekinge\/#website"},"datePublished":"2024-04-26T06:32:33+00:00","dateModified":"2025-01-28T13:46:23+00:00","breadcrumb":{"@id":"https:\/\/www.abf.se\/blekinge\/cirkelledare\/for-dig-som-ar-cirkelledare\/#breadcrumb"},"inLanguage":"sv-SE","potentialAction":[{"@type":"ReadAction","target":["https:\/\/www.abf.se\/blekinge\/cirkelledare\/for-dig-som-ar-cirkelledare\/"]}]},{"@type":"BreadcrumbList","@id":"https:\/\/www.abf.se\/blekinge\/cirkelledare\/for-dig-som-ar-cirkelledare\/#breadcrumb","itemListElement":[{"@type":"ListItem","position":1,"name":"Home","item":"https:\/\/www.abf.se\/blekinge\/"},{"@type":"ListItem","position":2,"name":"Cirkelledare","item":"https:\/\/www.abf.se\/blekinge\/cirkelledare\/"},{"@type":"ListItem","position":3,"name":"F\u00f6r dig som \u00e4r cirkelledare"}]},{"@type":"WebSite","@id":"https:\/\/www.abf.se\/blekinge\/#website","url":"https:\/\/www.abf.se\/blekinge\/","name":"Blekinge","description":"","potentialAction":[{"@type":"SearchAction","target":{"@type":"EntryPoint","urlTemplate":"https:\/\/www.abf.se\/blekinge\/?s={search_term_string}"},"query-input":{"@type":"PropertyValueSpecification","valueRequired":true,"valueName":"search_term_string"}}],"inLanguage":"sv-SE"}]}},"_links":{"self":[{"href":"https:\/\/www.abf.se\/blekinge\/wp-json\/wp\/v2\/pages\/525","targetHints":{"allow":["GET"]}}],"collection":[{"href":"https:\/\/www.abf.se\/blekinge\/wp-json\/wp\/v2\/pages"}],"about":[{"href":"https:\/\/www.abf.se\/blekinge\/wp-json\/wp\/v2\/types\/page"}],"author":[{"embeddable":true,"href":"https:\/\/www.abf.se\/blekinge\/wp-json\/wp\/v2\/users\/43"}],"replies":[{"embeddable":true,"href":"https:\/\/www.abf.se\/blekinge\/wp-json\/wp\/v2\/comments?post=525"}],"version-history":[{"count":11,"href":"https:\/\/www.abf.se\/blekinge\/wp-json\/wp\/v2\/pages\/525\/revisions"}],"predecessor-version":[{"id":721,"href":"https:\/\/www.abf.se\/blekinge\/wp-json\/wp\/v2\/pages\/525\/revisions\/721"}],"up":[{"embeddable":true,"href":"https:\/\/www.abf.se\/blekinge\/wp-json\/wp\/v2\/pages\/119"}],"wp:attachment":[{"href":"https:\/\/www.abf.se\/blekinge\/wp-json\/wp\/v2\/media?parent=525"}],"curies":[{"name":"wp","href":"https:\/\/api.w.org\/{rel}","templated":true}]}}