{"id":311,"date":"2025-12-03T12:15:56","date_gmt":"2025-12-03T11:15:56","guid":{"rendered":"https:\/\/www.abf.se\/distriktet-i-stockholmsregionen\/?page_id=311"},"modified":"2026-01-20T15:27:06","modified_gmt":"2026-01-20T14:27:06","slug":"styrelsens-olika-roller-pa-distans","status":"publish","type":"page","link":"https:\/\/www.abf.se\/distriktet-i-stockholmsregionen\/styrelsens-olika-roller-pa-distans\/","title":{"rendered":"Styrelsens olika roller p\u00e5 distans"},"content":{"rendered":"<div\n    class=\"acf-article-image-block mb-12 article-container-lg\"\n    data-block=\"article-image-block\"\n>\n<div class=\"\">\n\n        <figure>\n        \n            <picture class=\"round-corners-lg w-full\"><img decoding=\"async\" src=\"https:\/\/www.abf.se\/distriktet-i-stockholmsregionen\/resized\/?url=https%3A%2F%2Fwww.abf.se%2Fwp-content%2Fuploads%2Fsites%2F15%2F2025%2F01%2Fdigital-folkbildning-abf.png&#038;fit=contain&#038;w=788&#038;s=7555b094b945a41051b43a1aea887a3a\" srcset=\"https:\/\/www.abf.se\/distriktet-i-stockholmsregionen\/resized\/?url=https%3A%2F%2Fwww.abf.se%2Fwp-content%2Fuploads%2Fsites%2F15%2F2025%2F01%2Fdigital-folkbildning-abf.png&#038;fit=contain&#038;w=375&#038;h=249&#038;s=cee8d748fc5ee8afc35342eb452551ad 375w, https:\/\/www.abf.se\/distriktet-i-stockholmsregionen\/resized\/?url=https%3A%2F%2Fwww.abf.se%2Fwp-content%2Fuploads%2Fsites%2F15%2F2025%2F01%2Fdigital-folkbildning-abf.png&#038;fit=contain&#038;w=447&#038;h=297&#038;s=70a18811f323e734684ed87dc24f8397 447w, https:\/\/www.abf.se\/distriktet-i-stockholmsregionen\/resized\/?url=https%3A%2F%2Fwww.abf.se%2Fwp-content%2Fuploads%2Fsites%2F15%2F2025%2F01%2Fdigital-folkbildning-abf.png&#038;fit=contain&#038;w=519&#038;h=345&#038;s=6453b600c4c71771fc3383d14c90e277 519w, https:\/\/www.abf.se\/distriktet-i-stockholmsregionen\/resized\/?url=https%3A%2F%2Fwww.abf.se%2Fwp-content%2Fuploads%2Fsites%2F15%2F2025%2F01%2Fdigital-folkbildning-abf.png&#038;fit=contain&#038;w=591&#038;h=393&#038;s=3913a5bd45bddc5c73baeca4e115a852 591w, https:\/\/www.abf.se\/distriktet-i-stockholmsregionen\/resized\/?url=https%3A%2F%2Fwww.abf.se%2Fwp-content%2Fuploads%2Fsites%2F15%2F2025%2F01%2Fdigital-folkbildning-abf.png&#038;fit=contain&#038;w=663&#038;h=441&#038;s=f1c25e790b9e6d3da250d5a50fbdc4c5 663w, https:\/\/www.abf.se\/distriktet-i-stockholmsregionen\/resized\/?url=https%3A%2F%2Fwww.abf.se%2Fwp-content%2Fuploads%2Fsites%2F15%2F2025%2F01%2Fdigital-folkbildning-abf.png&#038;fit=contain&#038;w=735&#038;h=489&#038;s=d759fc96f2495e259e3b064092f0e806 735w, https:\/\/www.abf.se\/distriktet-i-stockholmsregionen\/resized\/?url=https%3A%2F%2Fwww.abf.se%2Fwp-content%2Fuploads%2Fsites%2F15%2F2025%2F01%2Fdigital-folkbildning-abf.png&#038;fit=contain&#038;w=750&#038;h=499&#038;s=120ba1601fa4eff103cf9af029713647 750w, https:\/\/www.abf.se\/distriktet-i-stockholmsregionen\/resized\/?url=https%3A%2F%2Fwww.abf.se%2Fwp-content%2Fuploads%2Fsites%2F15%2F2025%2F01%2Fdigital-folkbildning-abf.png&#038;fit=contain&#038;w=788&#038;s=7555b094b945a41051b43a1aea887a3a 788w, https:\/\/www.abf.se\/distriktet-i-stockholmsregionen\/resized\/?url=https%3A%2F%2Fwww.abf.se%2Fwp-content%2Fuploads%2Fsites%2F15%2F2025%2F01%2Fdigital-folkbildning-abf.png&#038;fit=contain&#038;w=894&#038;h=595&#038;s=2ee724ea3118cf1373d8541e935edf63 894w, https:\/\/www.abf.se\/distriktet-i-stockholmsregionen\/resized\/?url=https%3A%2F%2Fwww.abf.se%2Fwp-content%2Fuploads%2Fsites%2F15%2F2025%2F01%2Fdigital-folkbildning-abf.png&#038;fit=contain&#038;w=1038&#038;h=691&#038;s=62642612518ac928875d6318801296f5 1038w, https:\/\/www.abf.se\/distriktet-i-stockholmsregionen\/resized\/?url=https%3A%2F%2Fwww.abf.se%2Fwp-content%2Fuploads%2Fsites%2F15%2F2025%2F01%2Fdigital-folkbildning-abf.png&#038;fit=contain&#038;w=1182&#038;h=787&#038;s=898bfae78e054af888309806135a9432 1182w, https:\/\/www.abf.se\/distriktet-i-stockholmsregionen\/resized\/?url=https%3A%2F%2Fwww.abf.se%2Fwp-content%2Fuploads%2Fsites%2F15%2F2025%2F01%2Fdigital-folkbildning-abf.png&#038;fit=contain&#038;w=1326&#038;h=883&#038;s=af07cdeedbee834278bf5a654aa427d5 1326w, https:\/\/www.abf.se\/distriktet-i-stockholmsregionen\/resized\/?url=https%3A%2F%2Fwww.abf.se%2Fwp-content%2Fuploads%2Fsites%2F15%2F2025%2F01%2Fdigital-folkbildning-abf.png&#038;fit=contain&#038;w=1470&#038;h=979&#038;s=110b20f34efb3822a9c59d8da7a0b204 1470w\" alt=\"Illustration av en datorsk&auml;rm\" height=\"525\" width=\"788\" sizes=\"auto, (max-width: 768px) calc(100vw - 40px), 788px\" loading=\"lazy\" fetchpriority=\"low\" class=\"round-corners-lg w-full\" \/><\/picture>\n                        <\/figure>\n        <\/div>\n\n<\/div>\n<div\n    class=\"acf-plain-heading-block container my-16\"\n    data-block=\"plain-heading-block\"\n>\n    <div class=\"max-w-[658px] mx-auto\">\n                <h1 class=\"hero-heading\"><span>Styrelsens olika roller<br \/>\r\np\u00e5 distans<\/span><\/h1>\n                            <p class=\"mt-8 body-xl text-black\">\n                En av ABFs viktigaste uppdrag \u00e4r att st\u00e4rka folkr\u00f6relserna! En del i det arbetet \u00e4r att utbilda v\u00e5ra medlems- och samarbetsorganisationer i f\u00f6reningskunskap. F\u00f6rutom fokus p\u00e5 respektive styrelseroll ges h\u00e4r \u00e4ven en bra m\u00f6jlighet att m\u00f6ta andra f\u00f6rtroendevalda och utbyta erfarenheter.\n            <\/p>\n            <\/div>\n<\/div>\n<div\n    class=\"acf-article-text-block article-container my-12\"\n    data-block=\"article-text-block\"\n>\n    <div class=\"wysiwyg\">\n        <p>Tid: 18 april 2026 10.00-15.00<br \/>\nPlats: distansutbildning Teams<br \/>\nM\u00e5lgrupp: Du som \u00e4r nyvald eller saknar utbildning f\u00f6r ditt f\u00f6rtroendeuppdrag.<br \/>\nAvgift: 300 kr<\/p>\n<p>Vem betalar deltagaravgiften? Kolla med din f\u00f6rening eller ABF-avdelning.<br \/>\nUtbildning f\u00f6r f\u00f6rtroendevalda i f\u00f6reningar som \u00e4r medlem i ABF eller samverkar med ABF. Meddela vilken f\u00f6rening du \u00e4r medlem i n\u00e4r du anm\u00e4ler dig.<\/p>\n<p>Anm\u00e4lan:<br \/>\n<a href=\"https:\/\/forms.office.com\/pages\/responsepage.aspx?id=wFwFk5ly40uJZxzPObTyd5qEP8q2QaBNvaaextjifw9UQTZFSERXNVJWR04xQ1AwRFg3NlhMOUMxSS4u&amp;route=shorturl\">Ordf\u00f6rande<\/a><br \/>\n<a href=\"https:\/\/forms.office.com\/pages\/responsepage.aspx?id=wFwFk5ly40uJZxzPObTyd5qEP8q2QaBNvaaextjifw9UQTZFSERXNVJWR04xQ1AwRFg3NlhMOUMxSS4u&amp;route=shorturl\">Sekreterare<\/a><br \/>\n<a href=\"https:\/\/forms.office.com\/pages\/responsepage.aspx?id=wFwFk5ly40uJZxzPObTyd5qEP8q2QaBNvaaextjifw9UQTZFSERXNVJWR04xQ1AwRFg3NlhMOUMxSS4u&amp;route=shorturl\">Ledamot<\/a><br \/>\n<a href=\"https:\/\/forms.office.com\/pages\/responsepage.aspx?id=wFwFk5ly40uJZxzPObTyd5qEP8q2QaBNvaaextjifw9UQTZFSERXNVJWR04xQ1AwRFg3NlhMOUMxSS4u&amp;route=shorturl\">Kass\u00f6r<\/a><\/p>\n<p>&nbsp;<\/p>\n\n    <\/div>\n<\/div>\n<div class=\"my-8 container-lg acf-link-block\" data-block=\"link-block\" class=\"acf-link-block\" data-block=\"link-block\">\n    <div class=\"w-full bg-red  round-corners-lg px-4 md:px-8 py-11 md:py-16\">\n        <h2 class=\"heading-lg mb-7 text-center text-white\">\n            Fler f\u00f6reningsutbildningar!\n        <\/h2>\n            <ul class=\"grid grid-cols-1 gap-x-4 gap-y-3 md:grid-cols-2\">\n                                                        <li>\n                        <a\n    class=\"large-button-link\"\n    href=\"https:\/\/www.abf.se\/distriktet-i-stockholmsregionen\/styrelsens-olika-roller-9-maj\/\"\n    target=\"_blank\"\n>\n    <span class=\"flex-1\">Styrelsens olika roller 9 maj p\u00e5 ABF-huset<\/span>\n\n    <figure\n        aria-hidden=\"true\"\n        class=\"w-5\"\n    >\n                    <svg width=\"20\" height=\"20\" viewBox=\"0 0 20 20\" fill=\"none\" class=\"SvgIconElement\">\n<path d=\"M4.16659 10L15.8333 10\" stroke=\"currentColor\"\/>\n<path d=\"M9.99992 4.1665L15.8333 9.99984L9.99992 15.8332\" stroke=\"currentColor\"\/>\n<\/svg>\n            <\/figure>\n<\/a>\n                    <\/li>\n                                                        <li>\n                        <a\n    class=\"large-button-link\"\n    href=\"https:\/\/www.abf.se\/distriktet-i-stockholmsregionen\/fler-foreningskurser\/\"\n    target=\"_blank\"\n>\n    <span class=\"flex-1\">Fler f\u00f6reningskurser t.ex. s\u00f6ka projektmedel och starta ny f\u00f6rening<\/span>\n\n    <figure\n        aria-hidden=\"true\"\n        class=\"w-5\"\n    >\n                    <svg width=\"20\" height=\"20\" viewBox=\"0 0 20 20\" fill=\"none\" class=\"SvgIconElement\">\n<path d=\"M4.16659 10L15.8333 10\" stroke=\"currentColor\"\/>\n<path d=\"M9.99992 4.1665L15.8333 9.99984L9.99992 15.8332\" stroke=\"currentColor\"\/>\n<\/svg>\n            <\/figure>\n<\/a>\n                    <\/li>\n                            <\/ul>\n        <\/ul>\n    <\/div>\n<\/div><div\n    class=\"acf-quick-link-block bg-red py-12 md:py-20\"\n    data-block=\"quick-link-block\"\n>\n    <div class=\"container\">\n                    <h2 class=\"heading-lg mb-7 text-center text-white\">\n                Ladda ner och sprid!\n            <\/h2>\n        \n        <div\n            class=\"px-5 content:px-0 grid grid-cols-1 gap-8 md:grid-cols-2\">\n            \n            <article\nclass=\"round-corners-sm p-6 relative group grid grid-rows-[subgrid] row-[span_3] gap-4 bg-white text-red\"\n>\n            <h3\n        class=\"heading-sm group-hover:underline text-red\">\n            <a href=\"https:\/\/www.abf.se\/wp-content\/uploads\/sites\/15\/2025\/12\/Foreningsutbildningar-affisch-a3.pdf\" class=\"expanded-hit-area\" target=\"_blank\">\n                F\u00f6reningsutbildningar Affisch med QR-kod\n            <\/a>\n        <\/h3>\n                <p class=\"body-md text-gray-text\">\n            H\u00e4r hittar du en affisch (a3) som har en QR-kod som tar dig till hemsidan! Du kan skriva ut och s\u00e4tta upp i f\u00f6reningslokalen eller sprida l\u00e4nken via digitala kanaler.\n        <\/p>\n        <figure\n    class=\"w-[38px] h-[38px] rounded-full p-2 group-hover:scale-110 transition-transform duration-300 self-end pointer-events-none bg-red text-white\">\n        <svg width=\"20\" height=\"20\" viewBox=\"0 0 20 20\" fill=\"none\" class=\"SvgIconElement\">\n<path d=\"M4.16659 10L15.8333 10\" stroke=\"currentColor\"\/>\n<path d=\"M9.99992 4.1665L15.8333 9.99984L9.99992 15.8332\" stroke=\"currentColor\"\/>\n<\/svg>\n    <\/figure>\n<\/article>            \n            <article\nclass=\"round-corners-sm p-6 relative group grid grid-rows-[subgrid] row-[span_3] gap-4 bg-white text-red\"\n>\n            <h3\n        class=\"heading-sm group-hover:underline text-red\">\n            <a href=\"https:\/\/www.abf.se\/wp-content\/uploads\/sites\/15\/2025\/12\/Foreningsutbildningar-flyer-a5.pdf\" class=\"expanded-hit-area\" target=\"_blank\">\n                F\u00f6reningsutbildningar Flyer med QR-kod\n            <\/a>\n        <\/h3>\n                <p class=\"body-md text-gray-text\">\n            H\u00e4r hittar du en flyer (a5) som har en QR-kod som tar dig till hemsidan! Du kan skriva ut och dela ut p\u00e5 \u00e5rsm\u00f6tet eller sprida l\u00e4nken via digitala kanaler.\n        <\/p>\n        <figure\n    class=\"w-[38px] h-[38px] rounded-full p-2 group-hover:scale-110 transition-transform duration-300 self-end pointer-events-none bg-red text-white\">\n        <svg width=\"20\" height=\"20\" viewBox=\"0 0 20 20\" fill=\"none\" class=\"SvgIconElement\">\n<path d=\"M4.16659 10L15.8333 10\" stroke=\"currentColor\"\/>\n<path d=\"M9.99992 4.1665L15.8333 9.99984L9.99992 15.8332\" stroke=\"currentColor\"\/>\n<\/svg>\n    <\/figure>\n<\/article>                    <\/div>\n    <\/div>\n<\/div>\n","protected":false},"excerpt":{"rendered":"","protected":false},"author":28,"featured_media":0,"parent":0,"menu_order":0,"comment_status":"closed","ping_status":"closed","template":"","meta":{"_acf_changed":false,"footnotes":""},"class_list":["post-311","page","type-page","status-publish","hentry"],"acf":[],"yoast_head":"<!-- This site is optimized with the Yoast SEO plugin v27.0 - https:\/\/yoast.com\/product\/yoast-seo-wordpress\/ -->\n<title>Styrelsens olika roller p\u00e5 distans - Distriktet i Stockholmsregionen<\/title>\n<meta name=\"robots\" content=\"index, follow, max-snippet:-1, max-image-preview:large, max-video-preview:-1\" \/>\n<link rel=\"canonical\" href=\"https:\/\/www.abf.se\/distriktet-i-stockholmsregionen\/styrelsens-olika-roller-pa-distans\/\" \/>\n<meta property=\"og:locale\" content=\"sv_SE\" \/>\n<meta property=\"og:type\" content=\"article\" \/>\n<meta property=\"og:title\" content=\"Styrelsens olika roller p\u00e5 distans - Distriktet i Stockholmsregionen\" \/>\n<meta property=\"og:url\" content=\"https:\/\/www.abf.se\/distriktet-i-stockholmsregionen\/styrelsens-olika-roller-pa-distans\/\" \/>\n<meta property=\"og:site_name\" content=\"Distriktet i Stockholmsregionen\" \/>\n<meta property=\"article:modified_time\" content=\"2026-01-20T14:27:06+00:00\" \/>\n<meta property=\"og:image\" content=\"https:\/\/www.abf.se\/wp-content\/uploads\/sites\/15\/2024\/04\/Nyckeln-liggande-scaled.jpg\" \/>\n\t<meta property=\"og:image:width\" content=\"2560\" \/>\n\t<meta property=\"og:image:height\" content=\"1440\" \/>\n\t<meta property=\"og:image:type\" content=\"image\/jpeg\" \/>\n<meta name=\"twitter:card\" content=\"summary_large_image\" \/>\n<script type=\"application\/ld+json\" class=\"yoast-schema-graph\">{\"@context\":\"https:\/\/schema.org\",\"@graph\":[{\"@type\":\"WebPage\",\"@id\":\"https:\/\/www.abf.se\/distriktet-i-stockholmsregionen\/styrelsens-olika-roller-pa-distans\/\",\"url\":\"https:\/\/www.abf.se\/distriktet-i-stockholmsregionen\/styrelsens-olika-roller-pa-distans\/\",\"name\":\"Styrelsens olika roller p\u00e5 distans - Distriktet i Stockholmsregionen\",\"isPartOf\":{\"@id\":\"https:\/\/www.abf.se\/distriktet-i-stockholmsregionen\/#website\"},\"datePublished\":\"2025-12-03T11:15:56+00:00\",\"dateModified\":\"2026-01-20T14:27:06+00:00\",\"breadcrumb\":{\"@id\":\"https:\/\/www.abf.se\/distriktet-i-stockholmsregionen\/styrelsens-olika-roller-pa-distans\/#breadcrumb\"},\"inLanguage\":\"sv-SE\",\"potentialAction\":[{\"@type\":\"ReadAction\",\"target\":[\"https:\/\/www.abf.se\/distriktet-i-stockholmsregionen\/styrelsens-olika-roller-pa-distans\/\"]}]},{\"@type\":\"BreadcrumbList\",\"@id\":\"https:\/\/www.abf.se\/distriktet-i-stockholmsregionen\/styrelsens-olika-roller-pa-distans\/#breadcrumb\",\"itemListElement\":[{\"@type\":\"ListItem\",\"position\":1,\"name\":\"Home\",\"item\":\"https:\/\/www.abf.se\/distriktet-i-stockholmsregionen\/\"},{\"@type\":\"ListItem\",\"position\":2,\"name\":\"Styrelsens olika roller p\u00e5 distans\"}]},{\"@type\":\"WebSite\",\"@id\":\"https:\/\/www.abf.se\/distriktet-i-stockholmsregionen\/#website\",\"url\":\"https:\/\/www.abf.se\/distriktet-i-stockholmsregionen\/\",\"name\":\"Distriktet i Stockholmsregionen\",\"description\":\"\",\"potentialAction\":[{\"@type\":\"SearchAction\",\"target\":{\"@type\":\"EntryPoint\",\"urlTemplate\":\"https:\/\/www.abf.se\/distriktet-i-stockholmsregionen\/?s={search_term_string}\"},\"query-input\":{\"@type\":\"PropertyValueSpecification\",\"valueRequired\":true,\"valueName\":\"search_term_string\"}}],\"inLanguage\":\"sv-SE\"}]}<\/script>\n<!-- \/ Yoast SEO plugin. -->","yoast_head_json":{"title":"Styrelsens olika roller p\u00e5 distans - Distriktet i Stockholmsregionen","robots":{"index":"index","follow":"follow","max-snippet":"max-snippet:-1","max-image-preview":"max-image-preview:large","max-video-preview":"max-video-preview:-1"},"canonical":"https:\/\/www.abf.se\/distriktet-i-stockholmsregionen\/styrelsens-olika-roller-pa-distans\/","og_locale":"sv_SE","og_type":"article","og_title":"Styrelsens olika roller p\u00e5 distans - Distriktet i Stockholmsregionen","og_url":"https:\/\/www.abf.se\/distriktet-i-stockholmsregionen\/styrelsens-olika-roller-pa-distans\/","og_site_name":"Distriktet i Stockholmsregionen","article_modified_time":"2026-01-20T14:27:06+00:00","og_image":[{"width":2560,"height":1440,"url":"https:\/\/www.abf.se\/wp-content\/uploads\/sites\/15\/2024\/04\/Nyckeln-liggande-scaled.jpg","type":"image\/jpeg"}],"twitter_card":"summary_large_image","schema":{"@context":"https:\/\/schema.org","@graph":[{"@type":"WebPage","@id":"https:\/\/www.abf.se\/distriktet-i-stockholmsregionen\/styrelsens-olika-roller-pa-distans\/","url":"https:\/\/www.abf.se\/distriktet-i-stockholmsregionen\/styrelsens-olika-roller-pa-distans\/","name":"Styrelsens olika roller p\u00e5 distans - Distriktet i Stockholmsregionen","isPartOf":{"@id":"https:\/\/www.abf.se\/distriktet-i-stockholmsregionen\/#website"},"datePublished":"2025-12-03T11:15:56+00:00","dateModified":"2026-01-20T14:27:06+00:00","breadcrumb":{"@id":"https:\/\/www.abf.se\/distriktet-i-stockholmsregionen\/styrelsens-olika-roller-pa-distans\/#breadcrumb"},"inLanguage":"sv-SE","potentialAction":[{"@type":"ReadAction","target":["https:\/\/www.abf.se\/distriktet-i-stockholmsregionen\/styrelsens-olika-roller-pa-distans\/"]}]},{"@type":"BreadcrumbList","@id":"https:\/\/www.abf.se\/distriktet-i-stockholmsregionen\/styrelsens-olika-roller-pa-distans\/#breadcrumb","itemListElement":[{"@type":"ListItem","position":1,"name":"Home","item":"https:\/\/www.abf.se\/distriktet-i-stockholmsregionen\/"},{"@type":"ListItem","position":2,"name":"Styrelsens olika roller p\u00e5 distans"}]},{"@type":"WebSite","@id":"https:\/\/www.abf.se\/distriktet-i-stockholmsregionen\/#website","url":"https:\/\/www.abf.se\/distriktet-i-stockholmsregionen\/","name":"Distriktet i Stockholmsregionen","description":"","potentialAction":[{"@type":"SearchAction","target":{"@type":"EntryPoint","urlTemplate":"https:\/\/www.abf.se\/distriktet-i-stockholmsregionen\/?s={search_term_string}"},"query-input":{"@type":"PropertyValueSpecification","valueRequired":true,"valueName":"search_term_string"}}],"inLanguage":"sv-SE"}]}},"_links":{"self":[{"href":"https:\/\/www.abf.se\/distriktet-i-stockholmsregionen\/wp-json\/wp\/v2\/pages\/311","targetHints":{"allow":["GET"]}}],"collection":[{"href":"https:\/\/www.abf.se\/distriktet-i-stockholmsregionen\/wp-json\/wp\/v2\/pages"}],"about":[{"href":"https:\/\/www.abf.se\/distriktet-i-stockholmsregionen\/wp-json\/wp\/v2\/types\/page"}],"author":[{"embeddable":true,"href":"https:\/\/www.abf.se\/distriktet-i-stockholmsregionen\/wp-json\/wp\/v2\/users\/28"}],"replies":[{"embeddable":true,"href":"https:\/\/www.abf.se\/distriktet-i-stockholmsregionen\/wp-json\/wp\/v2\/comments?post=311"}],"version-history":[{"count":8,"href":"https:\/\/www.abf.se\/distriktet-i-stockholmsregionen\/wp-json\/wp\/v2\/pages\/311\/revisions"}],"predecessor-version":[{"id":446,"href":"https:\/\/www.abf.se\/distriktet-i-stockholmsregionen\/wp-json\/wp\/v2\/pages\/311\/revisions\/446"}],"wp:attachment":[{"href":"https:\/\/www.abf.se\/distriktet-i-stockholmsregionen\/wp-json\/wp\/v2\/media?parent=311"}],"curies":[{"name":"wp","href":"https:\/\/api.w.org\/{rel}","templated":true}]}}