{"id":466,"date":"2025-12-15T14:34:06","date_gmt":"2025-12-15T13:34:06","guid":{"rendered":"https:\/\/www.abf.se\/distriktet-i-stockholmsregionen\/?page_id=466"},"modified":"2025-12-15T14:52:29","modified_gmt":"2025-12-15T13:52:29","slug":"folkbildningens-hantverk-for-dig-som-ar-cirkelledare-text","status":"publish","type":"page","link":"https:\/\/www.abf.se\/distriktet-i-stockholmsregionen\/folkbildningens-hantverk-for-dig-som-ar-cirkelledare-text\/","title":{"rendered":"Folkbildningens hantverk \u2013 F\u00f6r dig som \u00e4r cirkelledare!"},"content":{"rendered":"<div\n    class=\"acf-plain-heading-block container my-16\"\n    data-block=\"plain-heading-block\"\n>\n    <div class=\"max-w-[658px] mx-auto\">\n                <h1 class=\"hero-heading\"><span>Folkbildningens hantverk \u2013 F\u00f6r dig som \u00e4r cirkelledare!<\/span><\/h1>\n                            <p class=\"mt-8 body-xl text-black\">\n                Under v\u00e5ren 2026 erbjuder ABF Distriktet i Stockholmsregionen en f\u00f6rdjupande utbildning f\u00f6r cirkelledare som redan g\u00e5tt grundutbildningen och vill utvecklas vidare i sin roll.\u00a0Under fyra fysiska tr\u00e4ffar arbetar vi med folkbildningens id\u00e9, didaktiska val, gruppers utveckling, kollegial analys och metodverkstad \u2013 alltid med koppling till den egna aktiva cirkeln du leder parallellt.\u00a0Utbildningen riktar sig till erfarna cirkelledare som vill st\u00e4rka sin didaktiska f\u00f6rm\u00e5ga, f\u00f6rdjupa sin f\u00f6rst\u00e5else f\u00f6r folkbildningens id\u00e9 och utveckla sitt pedagogiska hantverk i praktiken.\n            <\/p>\n            <\/div>\n<\/div>\n<div\n    class=\"acf-article-text-block article-container my-12\"\n    data-block=\"article-text-block\"\n>\n    <div class=\"wysiwyg\">\n        <p class=\"x_MsoNormal\"><b>Inneh\u00e5ll:<br \/>\n<\/b>\u2022 Folkbildningens id\u00e9 och studiecirkelns s\u00e4rart<br \/>\n\u2022 Didaktiska val i folkbildningspraktiken (vad, hur, varf\u00f6r?)<br \/>\n\u2022 Metodverkstad \u2013 att prova, analysera och utveckla metoder tillsammans<br \/>\n\u2022 Kollegial utv\u00e4rdering och feedback<br \/>\n\u2022 Gruppers utveckling och dynamik<br \/>\n\u2022 Praktisk till\u00e4mpning mellan tr\u00e4ffarna i den egna aktiva cirkeln<\/p>\n<p class=\"x_MsoNormal\"><b>Uppl\u00e4gg:<\/b><br \/>\n4 fysiska tr\u00e4ffar under v\u00e5ren 2026. Ut\u00f6ver detta finns m\u00f6jlighet till frivilliga digitala tr\u00e4ffar och kollegiala labb mellan tr\u00e4ffarna n\u00e4r gruppen vill.<\/p>\n<p class=\"x_MsoNormal\"><b>Krav f\u00f6r deltagande:<br \/>\n<\/b>\u2022 Genomg\u00e5ngen grundl\u00e4ggande cirkelledarutbildning<br \/>\n\u2022 Att du under utbildningens g\u00e5ng leder en aktiv studiecirkel (f\u00f6r att direkt kunna pr\u00f6va och integrera inneh\u00e5llet i praktik)<\/p>\n<p class=\"x_MsoNormal\">Utbildningen genomf\u00f6rs av ABF Distriktet i Stockholmsregionen i samarbete med erfarna folkbildningspedagoger i r\u00f6relsen.<\/p>\n<p><strong>Intresseanm\u00e4lan<\/strong><br \/>\nMejla Daniel Johnston f\u00f6r mer information, daniel.johnston@abf.se<\/p>\n\n    <\/div>\n<\/div>\n","protected":false},"excerpt":{"rendered":"","protected":false},"author":30,"featured_media":0,"parent":0,"menu_order":0,"comment_status":"closed","ping_status":"closed","template":"","meta":{"_acf_changed":false,"footnotes":""},"class_list":["post-466","page","type-page","status-publish","hentry"],"acf":[],"yoast_head":"<!-- This site is optimized with the Yoast SEO plugin v27.0 - https:\/\/yoast.com\/product\/yoast-seo-wordpress\/ -->\n<title>Folkbildningens hantverk \u2013 F\u00f6r dig som \u00e4r cirkelledare! - Distriktet i Stockholmsregionen<\/title>\n<meta name=\"robots\" content=\"index, follow, max-snippet:-1, max-image-preview:large, max-video-preview:-1\" \/>\n<link rel=\"canonical\" href=\"https:\/\/www.abf.se\/distriktet-i-stockholmsregionen\/folkbildningens-hantverk-for-dig-som-ar-cirkelledare-text\/\" \/>\n<meta property=\"og:locale\" content=\"sv_SE\" \/>\n<meta property=\"og:type\" content=\"article\" \/>\n<meta property=\"og:title\" content=\"Folkbildningens hantverk \u2013 F\u00f6r dig som \u00e4r cirkelledare! - Distriktet i Stockholmsregionen\" \/>\n<meta property=\"og:url\" content=\"https:\/\/www.abf.se\/distriktet-i-stockholmsregionen\/folkbildningens-hantverk-for-dig-som-ar-cirkelledare-text\/\" \/>\n<meta property=\"og:site_name\" content=\"Distriktet i Stockholmsregionen\" \/>\n<meta property=\"article:modified_time\" content=\"2025-12-15T13:52:29+00:00\" \/>\n<meta property=\"og:image\" content=\"https:\/\/www.abf.se\/wp-content\/uploads\/sites\/15\/2024\/04\/Nyckeln-liggande-scaled.jpg\" \/>\n\t<meta property=\"og:image:width\" content=\"2560\" \/>\n\t<meta property=\"og:image:height\" content=\"1440\" \/>\n\t<meta property=\"og:image:type\" content=\"image\/jpeg\" \/>\n<meta name=\"twitter:card\" content=\"summary_large_image\" \/>\n<script type=\"application\/ld+json\" class=\"yoast-schema-graph\">{\"@context\":\"https:\/\/schema.org\",\"@graph\":[{\"@type\":\"WebPage\",\"@id\":\"https:\/\/www.abf.se\/distriktet-i-stockholmsregionen\/folkbildningens-hantverk-for-dig-som-ar-cirkelledare-text\/\",\"url\":\"https:\/\/www.abf.se\/distriktet-i-stockholmsregionen\/folkbildningens-hantverk-for-dig-som-ar-cirkelledare-text\/\",\"name\":\"Folkbildningens hantverk \u2013 F\u00f6r dig som \u00e4r cirkelledare! - Distriktet i Stockholmsregionen\",\"isPartOf\":{\"@id\":\"https:\/\/www.abf.se\/distriktet-i-stockholmsregionen\/#website\"},\"datePublished\":\"2025-12-15T13:34:06+00:00\",\"dateModified\":\"2025-12-15T13:52:29+00:00\",\"breadcrumb\":{\"@id\":\"https:\/\/www.abf.se\/distriktet-i-stockholmsregionen\/folkbildningens-hantverk-for-dig-som-ar-cirkelledare-text\/#breadcrumb\"},\"inLanguage\":\"sv-SE\",\"potentialAction\":[{\"@type\":\"ReadAction\",\"target\":[\"https:\/\/www.abf.se\/distriktet-i-stockholmsregionen\/folkbildningens-hantverk-for-dig-som-ar-cirkelledare-text\/\"]}]},{\"@type\":\"BreadcrumbList\",\"@id\":\"https:\/\/www.abf.se\/distriktet-i-stockholmsregionen\/folkbildningens-hantverk-for-dig-som-ar-cirkelledare-text\/#breadcrumb\",\"itemListElement\":[{\"@type\":\"ListItem\",\"position\":1,\"name\":\"Home\",\"item\":\"https:\/\/www.abf.se\/distriktet-i-stockholmsregionen\/\"},{\"@type\":\"ListItem\",\"position\":2,\"name\":\"Folkbildningens hantverk \u2013 F\u00f6r dig som \u00e4r cirkelledare!\"}]},{\"@type\":\"WebSite\",\"@id\":\"https:\/\/www.abf.se\/distriktet-i-stockholmsregionen\/#website\",\"url\":\"https:\/\/www.abf.se\/distriktet-i-stockholmsregionen\/\",\"name\":\"Distriktet i Stockholmsregionen\",\"description\":\"\",\"potentialAction\":[{\"@type\":\"SearchAction\",\"target\":{\"@type\":\"EntryPoint\",\"urlTemplate\":\"https:\/\/www.abf.se\/distriktet-i-stockholmsregionen\/?s={search_term_string}\"},\"query-input\":{\"@type\":\"PropertyValueSpecification\",\"valueRequired\":true,\"valueName\":\"search_term_string\"}}],\"inLanguage\":\"sv-SE\"}]}<\/script>\n<!-- \/ Yoast SEO plugin. -->","yoast_head_json":{"title":"Folkbildningens hantverk \u2013 F\u00f6r dig som \u00e4r cirkelledare! - Distriktet i Stockholmsregionen","robots":{"index":"index","follow":"follow","max-snippet":"max-snippet:-1","max-image-preview":"max-image-preview:large","max-video-preview":"max-video-preview:-1"},"canonical":"https:\/\/www.abf.se\/distriktet-i-stockholmsregionen\/folkbildningens-hantverk-for-dig-som-ar-cirkelledare-text\/","og_locale":"sv_SE","og_type":"article","og_title":"Folkbildningens hantverk \u2013 F\u00f6r dig som \u00e4r cirkelledare! - Distriktet i Stockholmsregionen","og_url":"https:\/\/www.abf.se\/distriktet-i-stockholmsregionen\/folkbildningens-hantverk-for-dig-som-ar-cirkelledare-text\/","og_site_name":"Distriktet i Stockholmsregionen","article_modified_time":"2025-12-15T13:52:29+00:00","og_image":[{"width":2560,"height":1440,"url":"https:\/\/www.abf.se\/wp-content\/uploads\/sites\/15\/2024\/04\/Nyckeln-liggande-scaled.jpg","type":"image\/jpeg"}],"twitter_card":"summary_large_image","schema":{"@context":"https:\/\/schema.org","@graph":[{"@type":"WebPage","@id":"https:\/\/www.abf.se\/distriktet-i-stockholmsregionen\/folkbildningens-hantverk-for-dig-som-ar-cirkelledare-text\/","url":"https:\/\/www.abf.se\/distriktet-i-stockholmsregionen\/folkbildningens-hantverk-for-dig-som-ar-cirkelledare-text\/","name":"Folkbildningens hantverk \u2013 F\u00f6r dig som \u00e4r cirkelledare! - Distriktet i Stockholmsregionen","isPartOf":{"@id":"https:\/\/www.abf.se\/distriktet-i-stockholmsregionen\/#website"},"datePublished":"2025-12-15T13:34:06+00:00","dateModified":"2025-12-15T13:52:29+00:00","breadcrumb":{"@id":"https:\/\/www.abf.se\/distriktet-i-stockholmsregionen\/folkbildningens-hantverk-for-dig-som-ar-cirkelledare-text\/#breadcrumb"},"inLanguage":"sv-SE","potentialAction":[{"@type":"ReadAction","target":["https:\/\/www.abf.se\/distriktet-i-stockholmsregionen\/folkbildningens-hantverk-for-dig-som-ar-cirkelledare-text\/"]}]},{"@type":"BreadcrumbList","@id":"https:\/\/www.abf.se\/distriktet-i-stockholmsregionen\/folkbildningens-hantverk-for-dig-som-ar-cirkelledare-text\/#breadcrumb","itemListElement":[{"@type":"ListItem","position":1,"name":"Home","item":"https:\/\/www.abf.se\/distriktet-i-stockholmsregionen\/"},{"@type":"ListItem","position":2,"name":"Folkbildningens hantverk \u2013 F\u00f6r dig som \u00e4r cirkelledare!"}]},{"@type":"WebSite","@id":"https:\/\/www.abf.se\/distriktet-i-stockholmsregionen\/#website","url":"https:\/\/www.abf.se\/distriktet-i-stockholmsregionen\/","name":"Distriktet i Stockholmsregionen","description":"","potentialAction":[{"@type":"SearchAction","target":{"@type":"EntryPoint","urlTemplate":"https:\/\/www.abf.se\/distriktet-i-stockholmsregionen\/?s={search_term_string}"},"query-input":{"@type":"PropertyValueSpecification","valueRequired":true,"valueName":"search_term_string"}}],"inLanguage":"sv-SE"}]}},"_links":{"self":[{"href":"https:\/\/www.abf.se\/distriktet-i-stockholmsregionen\/wp-json\/wp\/v2\/pages\/466","targetHints":{"allow":["GET"]}}],"collection":[{"href":"https:\/\/www.abf.se\/distriktet-i-stockholmsregionen\/wp-json\/wp\/v2\/pages"}],"about":[{"href":"https:\/\/www.abf.se\/distriktet-i-stockholmsregionen\/wp-json\/wp\/v2\/types\/page"}],"author":[{"embeddable":true,"href":"https:\/\/www.abf.se\/distriktet-i-stockholmsregionen\/wp-json\/wp\/v2\/users\/30"}],"replies":[{"embeddable":true,"href":"https:\/\/www.abf.se\/distriktet-i-stockholmsregionen\/wp-json\/wp\/v2\/comments?post=466"}],"version-history":[{"count":4,"href":"https:\/\/www.abf.se\/distriktet-i-stockholmsregionen\/wp-json\/wp\/v2\/pages\/466\/revisions"}],"predecessor-version":[{"id":479,"href":"https:\/\/www.abf.se\/distriktet-i-stockholmsregionen\/wp-json\/wp\/v2\/pages\/466\/revisions\/479"}],"wp:attachment":[{"href":"https:\/\/www.abf.se\/distriktet-i-stockholmsregionen\/wp-json\/wp\/v2\/media?parent=466"}],"curies":[{"name":"wp","href":"https:\/\/api.w.org\/{rel}","templated":true}]}}