{"id":54,"date":"2024-04-24T13:32:52","date_gmt":"2024-04-24T11:32:52","guid":{"rendered":"https:\/\/www.abf.se\/distriktet-i-stockholmsregionen\/?page_id=54"},"modified":"2026-03-19T12:24:31","modified_gmt":"2026-03-19T11:24:31","slug":"kontakt-2","status":"publish","type":"page","link":"https:\/\/www.abf.se\/distriktet-i-stockholmsregionen\/kontakt-2\/","title":{"rendered":"Kontakt"},"content":{"rendered":"<div\n    class=\"acf-plain-heading-block container my-16\"\n    data-block=\"plain-heading-block\"\n>\n    <div class=\"max-w-[658px] mx-auto\">\n                <h1 class=\"hero-heading\"><span>Kontakta oss!<\/span><\/h1>\n                    <\/div>\n<\/div>\n<div\n    class=\"acf-text-image-block container bg-gray-light py-12 md:py-15\"\n    data-block=\"text-image-block\"\n>\n    <div\n    class=\"flex flex-col items-center md:flex-row gap-8 md:gap-0 justify-between\">\n                        <div class=\"w-full md:w-1\/2 md:order-2\">\n            <picture><img decoding=\"async\" src=\"https:\/\/www.abf.se\/distriktet-i-stockholmsregionen\/resized\/?url=https%3A%2F%2Fwww.abf.se%2Fwp-content%2Fuploads%2F2024%2F05%2Fkvin-megafon.png&#038;fit=crop&#038;w=578&#038;s=47b78fec16b5d6e7698ded98d60cdd2c\" srcset=\"https:\/\/www.abf.se\/distriktet-i-stockholmsregionen\/resized\/?url=https%3A%2F%2Fwww.abf.se%2Fwp-content%2Fuploads%2F2024%2F05%2Fkvin-megafon.png&#038;fit=crop&#038;w=144&#038;h=126&#038;s=894a9d908229e49663466e5071eea585 144w, https:\/\/www.abf.se\/distriktet-i-stockholmsregionen\/resized\/?url=https%3A%2F%2Fwww.abf.se%2Fwp-content%2Fuploads%2F2024%2F05%2Fkvin-megafon.png&#038;fit=crop&#038;w=240&#038;h=211&#038;s=dbee16d97d876fc2209ddab407f4e21b 240w, https:\/\/www.abf.se\/distriktet-i-stockholmsregionen\/resized\/?url=https%3A%2F%2Fwww.abf.se%2Fwp-content%2Fuploads%2F2024%2F05%2Fkvin-megafon.png&#038;fit=crop&#038;w=288&#038;h=253&#038;s=3a8388fc9309747893c5deaecba5fa14 288w, https:\/\/www.abf.se\/distriktet-i-stockholmsregionen\/resized\/?url=https%3A%2F%2Fwww.abf.se%2Fwp-content%2Fuploads%2F2024%2F05%2Fkvin-megafon.png&#038;fit=crop&#038;w=336&#038;h=295&#038;s=40d303d9839a198c943c0f8fce0ed7c2 336w, https:\/\/www.abf.se\/distriktet-i-stockholmsregionen\/resized\/?url=https%3A%2F%2Fwww.abf.se%2Fwp-content%2Fuploads%2F2024%2F05%2Fkvin-megafon.png&#038;fit=crop&#038;w=432&#038;h=380&#038;s=d542b2f19fd34527bca31211322e1eaa 432w, https:\/\/www.abf.se\/distriktet-i-stockholmsregionen\/resized\/?url=https%3A%2F%2Fwww.abf.se%2Fwp-content%2Fuploads%2F2024%2F05%2Fkvin-megafon.png&#038;fit=crop&#038;w=480&#038;h=422&#038;s=550836f1093f9cc4504008ebcd15f266 480w, https:\/\/www.abf.se\/distriktet-i-stockholmsregionen\/resized\/?url=https%3A%2F%2Fwww.abf.se%2Fwp-content%2Fuploads%2F2024%2F05%2Fkvin-megafon.png&#038;fit=crop&#038;w=528&#038;h=464&#038;s=cab11fb17a70f803bc7ebb5ba382474d 528w, https:\/\/www.abf.se\/distriktet-i-stockholmsregionen\/resized\/?url=https%3A%2F%2Fwww.abf.se%2Fwp-content%2Fuploads%2F2024%2F05%2Fkvin-megafon.png&#038;fit=crop&#038;w=578&#038;h=509&#038;s=71e1bba618065eaf9303859713c5f19e 578w, https:\/\/www.abf.se\/distriktet-i-stockholmsregionen\/resized\/?url=https%3A%2F%2Fwww.abf.se%2Fwp-content%2Fuploads%2F2024%2F05%2Fkvin-megafon.png&#038;fit=crop&#038;w=672&#038;h=591&#038;s=be54455f1cda815d3885bcda56ad19d7 672w, https:\/\/www.abf.se\/distriktet-i-stockholmsregionen\/resized\/?url=https%3A%2F%2Fwww.abf.se%2Fwp-content%2Fuploads%2F2024%2F05%2Fkvin-megafon.png&#038;fit=crop&#038;w=864&#038;h=760&#038;s=7050a2a89d56897375360cb8e3bfc031 864w, https:\/\/www.abf.se\/distriktet-i-stockholmsregionen\/resized\/?url=https%3A%2F%2Fwww.abf.se%2Fwp-content%2Fuploads%2F2024%2F05%2Fkvin-megafon.png&#038;fit=crop&#038;w=1056&#038;h=929&#038;s=7b251103261f7a2fa20557437f06e1ae 1056w\" alt=\"En kvinna st&aring;r med megafon r&ouml;d och gul bakgrund\" height=\"509\" width=\"578\" sizes=\"auto, (max-width: 768px) 100vw,\n                (max-width: 1280px) 50vw, 578px\" loading=\"lazy\" fetchpriority=\"low\" \/><\/picture>\n\n        <\/div>\n        \n        <div class=\"w-full md:w-1\/2 md:order-1\">\n        <div class=\"mx-auto md:max-w-[368px]\">\n            <h2 class=\"heading-lg\">H\u00e4r hittar ni oss!<\/h2>\n            <div class=\"mb-6 mt-4 wysiwyg\">\n                <p><strong>ABF Distriktet i Stockholmsregionen<\/strong><br \/>\nc\/o L\u00e5ngholmens folkh\u00f6gskola<br \/>\nL\u00f6fstr\u00f6ms all\u00e9 7<br \/>\n172 66 Sundbyberg<\/p>\n\n            <\/div>\n                    <\/div>\n        <\/div>\n    <\/div>\n<\/div><div\n    class=\"acf-article-text-block article-container my-12\"\n    data-block=\"article-text-block\"\n>\n    <div class=\"wysiwyg\">\n        <h2>V\u00e5ra medarbetare<\/h2>\n<p><strong>Anna Bergkvist<\/strong><br \/>\nOmbudsman<br \/>\nTelefonnummer 08-444 77 92<br \/>\nE-postadress <a href=\"mailto:anna.bergkvist@abf.se\">anna.bergkvist@abf.se<\/a><\/p>\n<p><strong>Hanna Dorve<\/strong><br \/>\nVerksamhetsutvecklare<br \/>\n<em>Fackliga studier, V\u00e4nsterpartiet, Ung V\u00e4nster<\/em><br \/>\nTelefonnummer 08-444 77 93<br \/>\nE-postadress <a href=\"mailto:hanna.dorve@abf.se\">hanna.dorve@abf.se<\/a><\/p>\n<p><strong>Daniel Johnston<\/strong><br \/>\nVerksamhetsutvecklare<br \/>\n<em>PRO, Funktionsr\u00e4ttsorganisationer, Hyresg\u00e4stf\u00f6reningen, Socialdemokraterna, Verdandi<\/em><br \/>\nTelefonnummer 08-444 77 91<br \/>\nE-postadress <a href=\"mailto:daniel.johnston@abf.se\">daniel.johnston@abf.se<\/a><\/p>\n<p><strong>David Persson<\/strong><br \/>\nVerksamhetsutvecklare<br \/>\n<em>F\u00f6reningsutveckling, Extern finansiering, Unga \u00d6rnar<\/em><br \/>\nTelefonnummer 08-444 77 94<br \/>\nE-postadress <a href=\"mailto:david.persson@abf.se\">david.persson@abf.se<\/a><\/p>\n<p><strong>Mari St\u00e5hlberg<\/strong><br \/>\nAdministrat\u00f6r<br \/>\nE-postadress <a href=\"mailto:mari.stahlberg@abf.se\">mari.stahlberg@abf.se<\/a><\/p>\n\n    <\/div>\n<\/div>\n<div\n    class=\"acf-text-image-block container bg-gray-light py-12 md:py-15\"\n    data-block=\"text-image-block\"\n>\n    <div\n    class=\"flex flex-col items-center md:flex-row gap-8 md:gap-0 justify-between\">\n                        <div class=\"w-full md:w-1\/2 md:order-2\">\n            <picture><img decoding=\"async\" src=\"https:\/\/www.abf.se\/distriktet-i-stockholmsregionen\/resized\/?url=https%3A%2F%2Fwww.abf.se%2Fwp-content%2Fuploads%2Fsites%2F15%2F2025%2F02%2FNamnlos-design-5.png&#038;fit=crop&#038;w=578&#038;s=c92edaf7d1a71739faa6001590dc793c\" srcset=\"https:\/\/www.abf.se\/distriktet-i-stockholmsregionen\/resized\/?url=https%3A%2F%2Fwww.abf.se%2Fwp-content%2Fuploads%2Fsites%2F15%2F2025%2F02%2FNamnlos-design-5.png&#038;fit=crop&#038;w=144&#038;h=126&#038;s=f293a4e227595a3af5cf33c772d2754e 144w, https:\/\/www.abf.se\/distriktet-i-stockholmsregionen\/resized\/?url=https%3A%2F%2Fwww.abf.se%2Fwp-content%2Fuploads%2Fsites%2F15%2F2025%2F02%2FNamnlos-design-5.png&#038;fit=crop&#038;w=240&#038;h=211&#038;s=3f85a56db9b44a0cdc951d8ea96a6bb1 240w, https:\/\/www.abf.se\/distriktet-i-stockholmsregionen\/resized\/?url=https%3A%2F%2Fwww.abf.se%2Fwp-content%2Fuploads%2Fsites%2F15%2F2025%2F02%2FNamnlos-design-5.png&#038;fit=crop&#038;w=288&#038;h=253&#038;s=4139986a3ae80e517be751746e974d00 288w, https:\/\/www.abf.se\/distriktet-i-stockholmsregionen\/resized\/?url=https%3A%2F%2Fwww.abf.se%2Fwp-content%2Fuploads%2Fsites%2F15%2F2025%2F02%2FNamnlos-design-5.png&#038;fit=crop&#038;w=336&#038;h=295&#038;s=affb27120bc1bee498059fae91b43978 336w, https:\/\/www.abf.se\/distriktet-i-stockholmsregionen\/resized\/?url=https%3A%2F%2Fwww.abf.se%2Fwp-content%2Fuploads%2Fsites%2F15%2F2025%2F02%2FNamnlos-design-5.png&#038;fit=crop&#038;w=432&#038;h=380&#038;s=d70ca2f9fd5604a3e4fc7f46eeea2657 432w, https:\/\/www.abf.se\/distriktet-i-stockholmsregionen\/resized\/?url=https%3A%2F%2Fwww.abf.se%2Fwp-content%2Fuploads%2Fsites%2F15%2F2025%2F02%2FNamnlos-design-5.png&#038;fit=crop&#038;w=480&#038;h=422&#038;s=d9e2dbe3a4de1a9b5e7e31af6f3fee4c 480w, https:\/\/www.abf.se\/distriktet-i-stockholmsregionen\/resized\/?url=https%3A%2F%2Fwww.abf.se%2Fwp-content%2Fuploads%2Fsites%2F15%2F2025%2F02%2FNamnlos-design-5.png&#038;fit=crop&#038;w=528&#038;h=464&#038;s=4ab7aeefbd37724db795b4474433b2f9 528w, https:\/\/www.abf.se\/distriktet-i-stockholmsregionen\/resized\/?url=https%3A%2F%2Fwww.abf.se%2Fwp-content%2Fuploads%2Fsites%2F15%2F2025%2F02%2FNamnlos-design-5.png&#038;fit=crop&#038;w=578&#038;h=509&#038;s=4ebcfe0387b270f398613bd0d9501ce7 578w, https:\/\/www.abf.se\/distriktet-i-stockholmsregionen\/resized\/?url=https%3A%2F%2Fwww.abf.se%2Fwp-content%2Fuploads%2Fsites%2F15%2F2025%2F02%2FNamnlos-design-5.png&#038;fit=crop&#038;w=672&#038;h=591&#038;s=b8c203e87e405bb5976f1ed93cde1d24 672w, https:\/\/www.abf.se\/distriktet-i-stockholmsregionen\/resized\/?url=https%3A%2F%2Fwww.abf.se%2Fwp-content%2Fuploads%2Fsites%2F15%2F2025%2F02%2FNamnlos-design-5.png&#038;fit=crop&#038;w=864&#038;h=760&#038;s=d96c56b98db96c34ea38ff0cffa1bc3f 864w, https:\/\/www.abf.se\/distriktet-i-stockholmsregionen\/resized\/?url=https%3A%2F%2Fwww.abf.se%2Fwp-content%2Fuploads%2Fsites%2F15%2F2025%2F02%2FNamnlos-design-5.png&#038;fit=crop&#038;w=1056&#038;h=929&#038;s=39342fb4aee8049e52189736ce4b2786 1056w\" alt=\"Region Stockholms logga\" height=\"509\" width=\"578\" sizes=\"auto, (max-width: 768px) 100vw,\n                (max-width: 1280px) 50vw, 578px\" loading=\"lazy\" fetchpriority=\"low\" \/><\/picture>\n\n        <\/div>\n        \n        <div class=\"w-full md:w-1\/2 md:order-1\">\n        <div class=\"mx-auto md:max-w-[368px]\">\n            <h2 class=\"heading-lg\">Vi f\u00e5r st\u00f6d av Region Stockholm<\/h2>\n            <div class=\"mb-6 mt-4 wysiwyg\">\n                <p>Fyra m\u00e5lomr\u00e5den ska verka som riktlinjer f\u00f6r mottagare av kulturn\u00e4mndens st\u00f6d. L\u00e4nk nedan till mer information fr\u00e5n Region Stockholm.<\/p>\n\n            <\/div>\n                                            <a href='https:\/\/www.regionstockholm.se\/kultur\/sok-stod\/stod-till-folkbildning\/kulturnomndens-malomraden\/' class=\"default-button\" target=\"\">L\u00e4nk till kulturn\u00e4mndens m\u00e5lomr\u00e5den<\/a>\n                    <\/div>\n        <\/div>\n    <\/div>\n<\/div>","protected":false},"excerpt":{"rendered":"","protected":false},"author":30,"featured_media":0,"parent":0,"menu_order":0,"comment_status":"closed","ping_status":"closed","template":"","meta":{"_acf_changed":false,"footnotes":""},"class_list":["post-54","page","type-page","status-publish","hentry"],"acf":[],"yoast_head":"<!-- This site is optimized with the Yoast SEO plugin v27.0 - https:\/\/yoast.com\/product\/yoast-seo-wordpress\/ -->\n<title>Kontakt - Distriktet i Stockholmsregionen<\/title>\n<meta name=\"robots\" content=\"index, follow, max-snippet:-1, max-image-preview:large, max-video-preview:-1\" \/>\n<link rel=\"canonical\" href=\"https:\/\/www.abf.se\/distriktet-i-stockholmsregionen\/kontakt-2\/\" \/>\n<meta property=\"og:locale\" content=\"sv_SE\" \/>\n<meta property=\"og:type\" content=\"article\" \/>\n<meta property=\"og:title\" content=\"Kontakt - Distriktet i Stockholmsregionen\" \/>\n<meta property=\"og:url\" content=\"https:\/\/www.abf.se\/distriktet-i-stockholmsregionen\/kontakt-2\/\" \/>\n<meta property=\"og:site_name\" content=\"Distriktet i Stockholmsregionen\" \/>\n<meta property=\"article:modified_time\" content=\"2026-03-19T11:24:31+00:00\" \/>\n<meta property=\"og:image\" content=\"https:\/\/www.abf.se\/wp-content\/uploads\/sites\/15\/2024\/04\/Nyckeln-liggande-scaled.jpg\" \/>\n\t<meta property=\"og:image:width\" content=\"2560\" \/>\n\t<meta property=\"og:image:height\" content=\"1440\" \/>\n\t<meta property=\"og:image:type\" content=\"image\/jpeg\" \/>\n<meta name=\"twitter:card\" content=\"summary_large_image\" \/>\n<script type=\"application\/ld+json\" class=\"yoast-schema-graph\">{\"@context\":\"https:\/\/schema.org\",\"@graph\":[{\"@type\":\"WebPage\",\"@id\":\"https:\/\/www.abf.se\/distriktet-i-stockholmsregionen\/kontakt-2\/\",\"url\":\"https:\/\/www.abf.se\/distriktet-i-stockholmsregionen\/kontakt-2\/\",\"name\":\"Kontakt - Distriktet i Stockholmsregionen\",\"isPartOf\":{\"@id\":\"https:\/\/www.abf.se\/distriktet-i-stockholmsregionen\/#website\"},\"datePublished\":\"2024-04-24T11:32:52+00:00\",\"dateModified\":\"2026-03-19T11:24:31+00:00\",\"breadcrumb\":{\"@id\":\"https:\/\/www.abf.se\/distriktet-i-stockholmsregionen\/kontakt-2\/#breadcrumb\"},\"inLanguage\":\"sv-SE\",\"potentialAction\":[{\"@type\":\"ReadAction\",\"target\":[\"https:\/\/www.abf.se\/distriktet-i-stockholmsregionen\/kontakt-2\/\"]}]},{\"@type\":\"BreadcrumbList\",\"@id\":\"https:\/\/www.abf.se\/distriktet-i-stockholmsregionen\/kontakt-2\/#breadcrumb\",\"itemListElement\":[{\"@type\":\"ListItem\",\"position\":1,\"name\":\"Home\",\"item\":\"https:\/\/www.abf.se\/distriktet-i-stockholmsregionen\/\"},{\"@type\":\"ListItem\",\"position\":2,\"name\":\"Kontakt\"}]},{\"@type\":\"WebSite\",\"@id\":\"https:\/\/www.abf.se\/distriktet-i-stockholmsregionen\/#website\",\"url\":\"https:\/\/www.abf.se\/distriktet-i-stockholmsregionen\/\",\"name\":\"Distriktet i Stockholmsregionen\",\"description\":\"\",\"potentialAction\":[{\"@type\":\"SearchAction\",\"target\":{\"@type\":\"EntryPoint\",\"urlTemplate\":\"https:\/\/www.abf.se\/distriktet-i-stockholmsregionen\/?s={search_term_string}\"},\"query-input\":{\"@type\":\"PropertyValueSpecification\",\"valueRequired\":true,\"valueName\":\"search_term_string\"}}],\"inLanguage\":\"sv-SE\"}]}<\/script>\n<!-- \/ Yoast SEO plugin. -->","yoast_head_json":{"title":"Kontakt - Distriktet i Stockholmsregionen","robots":{"index":"index","follow":"follow","max-snippet":"max-snippet:-1","max-image-preview":"max-image-preview:large","max-video-preview":"max-video-preview:-1"},"canonical":"https:\/\/www.abf.se\/distriktet-i-stockholmsregionen\/kontakt-2\/","og_locale":"sv_SE","og_type":"article","og_title":"Kontakt - Distriktet i Stockholmsregionen","og_url":"https:\/\/www.abf.se\/distriktet-i-stockholmsregionen\/kontakt-2\/","og_site_name":"Distriktet i Stockholmsregionen","article_modified_time":"2026-03-19T11:24:31+00:00","og_image":[{"width":2560,"height":1440,"url":"https:\/\/www.abf.se\/wp-content\/uploads\/sites\/15\/2024\/04\/Nyckeln-liggande-scaled.jpg","type":"image\/jpeg"}],"twitter_card":"summary_large_image","schema":{"@context":"https:\/\/schema.org","@graph":[{"@type":"WebPage","@id":"https:\/\/www.abf.se\/distriktet-i-stockholmsregionen\/kontakt-2\/","url":"https:\/\/www.abf.se\/distriktet-i-stockholmsregionen\/kontakt-2\/","name":"Kontakt - Distriktet i Stockholmsregionen","isPartOf":{"@id":"https:\/\/www.abf.se\/distriktet-i-stockholmsregionen\/#website"},"datePublished":"2024-04-24T11:32:52+00:00","dateModified":"2026-03-19T11:24:31+00:00","breadcrumb":{"@id":"https:\/\/www.abf.se\/distriktet-i-stockholmsregionen\/kontakt-2\/#breadcrumb"},"inLanguage":"sv-SE","potentialAction":[{"@type":"ReadAction","target":["https:\/\/www.abf.se\/distriktet-i-stockholmsregionen\/kontakt-2\/"]}]},{"@type":"BreadcrumbList","@id":"https:\/\/www.abf.se\/distriktet-i-stockholmsregionen\/kontakt-2\/#breadcrumb","itemListElement":[{"@type":"ListItem","position":1,"name":"Home","item":"https:\/\/www.abf.se\/distriktet-i-stockholmsregionen\/"},{"@type":"ListItem","position":2,"name":"Kontakt"}]},{"@type":"WebSite","@id":"https:\/\/www.abf.se\/distriktet-i-stockholmsregionen\/#website","url":"https:\/\/www.abf.se\/distriktet-i-stockholmsregionen\/","name":"Distriktet i Stockholmsregionen","description":"","potentialAction":[{"@type":"SearchAction","target":{"@type":"EntryPoint","urlTemplate":"https:\/\/www.abf.se\/distriktet-i-stockholmsregionen\/?s={search_term_string}"},"query-input":{"@type":"PropertyValueSpecification","valueRequired":true,"valueName":"search_term_string"}}],"inLanguage":"sv-SE"}]}},"_links":{"self":[{"href":"https:\/\/www.abf.se\/distriktet-i-stockholmsregionen\/wp-json\/wp\/v2\/pages\/54","targetHints":{"allow":["GET"]}}],"collection":[{"href":"https:\/\/www.abf.se\/distriktet-i-stockholmsregionen\/wp-json\/wp\/v2\/pages"}],"about":[{"href":"https:\/\/www.abf.se\/distriktet-i-stockholmsregionen\/wp-json\/wp\/v2\/types\/page"}],"author":[{"embeddable":true,"href":"https:\/\/www.abf.se\/distriktet-i-stockholmsregionen\/wp-json\/wp\/v2\/users\/30"}],"replies":[{"embeddable":true,"href":"https:\/\/www.abf.se\/distriktet-i-stockholmsregionen\/wp-json\/wp\/v2\/comments?post=54"}],"version-history":[{"count":23,"href":"https:\/\/www.abf.se\/distriktet-i-stockholmsregionen\/wp-json\/wp\/v2\/pages\/54\/revisions"}],"predecessor-version":[{"id":526,"href":"https:\/\/www.abf.se\/distriktet-i-stockholmsregionen\/wp-json\/wp\/v2\/pages\/54\/revisions\/526"}],"wp:attachment":[{"href":"https:\/\/www.abf.se\/distriktet-i-stockholmsregionen\/wp-json\/wp\/v2\/media?parent=54"}],"curies":[{"name":"wp","href":"https:\/\/api.w.org\/{rel}","templated":true}]}}