{"id":167,"date":"2024-04-17T12:09:59","date_gmt":"2024-04-17T10:09:59","guid":{"rendered":"https:\/\/www.abf.se\/fyrbodal\/?page_id=167"},"modified":"2025-12-17T10:36:08","modified_gmt":"2025-12-17T09:36:08","slug":"motesplats-amal","status":"publish","type":"page","link":"https:\/\/www.abf.se\/fyrbodal\/motesplatser\/motesplats-amal\/","title":{"rendered":"M\u00f6tesplats \u00c5m\u00e5l"},"content":{"rendered":"<div\n    class=\"acf-hero-block container-lg no-padding mb-12 js-geolocation\"\n    data-block=\"hero-block\"\n    data-index=\"0\"\n>\n    <div class=\"h-[548px]  relative rounded-[32px] overflow-hidden flex bg-gray-light\">\n        <div class=\"relative z-10 mt-auto h-auto w-full md:h-full\">\n            <div class=\"flex w-full h-full flex-col flex-wrap justify-end w-full md:w-7\/12 lg:w-1\/2 md:justify-center\">\n                <div class=\"flex flex-col gap-3 md:gap-[18px] md:transparent pt-16 pb-36 md:py-8 px-4 w-full md:max-w-[620px] mx-auto px-8\">\n\n                    <h1 class=\"hero-heading hero-heading--red-text\"><span>M\u00f6tesplats \u00c5m\u00e5l<\/span><\/h1>\n\n                    \n                                    <\/div>\n            <\/div>\n        <\/div>\n\n                    <picture class=\"as-background-image mix-blend-multiply bg-black\/40\"><img decoding=\"async\" src=\"https:\/\/www.abf.se\/fyrbodal\/resized\/?url=https%3A%2F%2Fwww.abf.se%2Fwp-content%2Fuploads%2Fsites%2F18%2F2025%2F01%2FMonster.jpg&#038;fit=crop&#038;w=1440&#038;s=79932147aceb2cf9f9ba40e4bcd38318\" srcset=\"https:\/\/www.abf.se\/fyrbodal\/resized\/?url=https%3A%2F%2Fwww.abf.se%2Fwp-content%2Fuploads%2Fsites%2F18%2F2025%2F01%2FMonster.jpg&#038;fit=crop&#038;w=375&#038;h=540&#038;s=656f5941ab1fa542028c00550c1c415e 375w, https:\/\/www.abf.se\/fyrbodal\/resized\/?url=https%3A%2F%2Fwww.abf.se%2Fwp-content%2Fuploads%2Fsites%2F18%2F2025%2F01%2FMonster.jpg&#038;fit=crop&#038;w=447&#038;h=540&#038;s=9017eb870e11f9088392227c1f7722ab 447w, https:\/\/www.abf.se\/fyrbodal\/resized\/?url=https%3A%2F%2Fwww.abf.se%2Fwp-content%2Fuploads%2Fsites%2F18%2F2025%2F01%2FMonster.jpg&#038;fit=crop&#038;w=519&#038;h=540&#038;s=c78254111305114512312dd4c99f2a05 519w, https:\/\/www.abf.se\/fyrbodal\/resized\/?url=https%3A%2F%2Fwww.abf.se%2Fwp-content%2Fuploads%2Fsites%2F18%2F2025%2F01%2FMonster.jpg&#038;fit=crop&#038;w=591&#038;h=540&#038;s=c41552f6fc306e2b11362a1bc0428531 591w, https:\/\/www.abf.se\/fyrbodal\/resized\/?url=https%3A%2F%2Fwww.abf.se%2Fwp-content%2Fuploads%2Fsites%2F18%2F2025%2F01%2FMonster.jpg&#038;fit=crop&#038;w=663&#038;h=540&#038;s=d1a593c0ecb463007abd71af5dbd4272 663w, https:\/\/www.abf.se\/fyrbodal\/resized\/?url=https%3A%2F%2Fwww.abf.se%2Fwp-content%2Fuploads%2Fsites%2F18%2F2025%2F01%2FMonster.jpg&#038;fit=crop&#038;w=750&#038;h=540&#038;s=efd574af200a9cbc13cd53d5c34465f8 750w, https:\/\/www.abf.se\/fyrbodal\/resized\/?url=https%3A%2F%2Fwww.abf.se%2Fwp-content%2Fuploads%2Fsites%2F18%2F2025%2F01%2FMonster.jpg&#038;fit=crop&#038;w=894&#038;h=540&#038;s=7bb5092c7cacbe2a9b5ac4ec44cc3b5b 894w, https:\/\/www.abf.se\/fyrbodal\/resized\/?url=https%3A%2F%2Fwww.abf.se%2Fwp-content%2Fuploads%2Fsites%2F18%2F2025%2F01%2FMonster.jpg&#038;fit=crop&#038;w=1038&#038;h=540&#038;s=f75a6c7e8934084b923437ac8a33ffa2 1038w, https:\/\/www.abf.se\/fyrbodal\/resized\/?url=https%3A%2F%2Fwww.abf.se%2Fwp-content%2Fuploads%2Fsites%2F18%2F2025%2F01%2FMonster.jpg&#038;fit=crop&#038;w=1182&#038;h=540&#038;s=a9663c7e47609313716172ab113d837c 1182w, https:\/\/www.abf.se\/fyrbodal\/resized\/?url=https%3A%2F%2Fwww.abf.se%2Fwp-content%2Fuploads%2Fsites%2F18%2F2025%2F01%2FMonster.jpg&#038;fit=crop&#038;w=1326&#038;h=540&#038;s=819e5fdad16add023f3abcf6f5dd02f6 1326w, https:\/\/www.abf.se\/fyrbodal\/resized\/?url=https%3A%2F%2Fwww.abf.se%2Fwp-content%2Fuploads%2Fsites%2F18%2F2025%2F01%2FMonster.jpg&#038;fit=crop&#038;w=1440&#038;h=540&#038;s=19b532ba5630612558a746e6736686a8 1440w\" alt=\"\" height=\"540\" width=\"1440\" sizes=\"(max-width: 1440px) calc(100vw - 32px), 1440px\" loading=\"eager\" fetchpriority=\"high\" aria-hidden=\"true\" role=\"presentation\" \/><\/picture>\n        \n\n            <\/div>\n\n    <\/div>\n\n<div\n    class=\"acf-article-text-block article-container my-12\"\n    data-block=\"article-text-block\"\n>\n    <div class=\"wysiwyg\">\n        <h3>Bes\u00f6ksadress:<br \/>\n<strong>V\u00e4stra Bangatan 4<\/strong><br \/>\n<strong>662 34 \u00c5m\u00e5l<\/strong><\/h3>\n<h3>Postadress:<br \/>\nStr\u00f6msbergsgatan 4<br \/>\n662 34 \u00c5m\u00e5l<\/h3>\n<h3>Telefon:<br \/>\n0532-160 30<\/h3>\n<h3>\u00d6ppettider:<br \/>\nM\u00e5ndag 10.00-12.00<\/h3>\n<p>\u00d6vrig tid n\u00e5r du oss p\u00e5 telefon eller via e-post.<\/p>\n<h3>Personal<\/h3>\n<p><strong>Marcus Brander<\/strong><\/p>\n<p>Verksamhetssamordnare<br \/>\nMobiltelefonnummer 010 &#8211; 722 01 13<br \/>\nE-postadress marcus.brander@abf.se<br \/>\n\u00c5m\u00e5l, Bengtsfors, Trolh\u00e4ttan<\/p>\n<p>&nbsp;<\/p>\n\n    <\/div>\n<\/div>\n","protected":false},"excerpt":{"rendered":"","protected":false},"author":118,"featured_media":0,"parent":124,"menu_order":0,"comment_status":"closed","ping_status":"closed","template":"","meta":{"_acf_changed":false,"footnotes":""},"class_list":["post-167","page","type-page","status-publish","hentry"],"acf":[],"yoast_head":"<!-- This site is optimized with the Yoast SEO plugin v27.0 - https:\/\/yoast.com\/product\/yoast-seo-wordpress\/ -->\n<title>M\u00f6tesplats \u00c5m\u00e5l - FyrBoDal<\/title>\n<meta name=\"robots\" content=\"index, follow, max-snippet:-1, max-image-preview:large, max-video-preview:-1\" \/>\n<link rel=\"canonical\" href=\"https:\/\/www.abf.se\/fyrbodal\/motesplatser\/motesplats-amal\/\" \/>\n<meta property=\"og:locale\" content=\"sv_SE\" \/>\n<meta property=\"og:type\" content=\"article\" \/>\n<meta property=\"og:title\" content=\"M\u00f6tesplats \u00c5m\u00e5l - FyrBoDal\" \/>\n<meta property=\"og:url\" content=\"https:\/\/www.abf.se\/fyrbodal\/motesplatser\/motesplats-amal\/\" \/>\n<meta property=\"og:site_name\" content=\"FyrBoDal\" \/>\n<meta property=\"article:modified_time\" content=\"2025-12-17T09:36:08+00:00\" \/>\n<meta property=\"og:image\" content=\"https:\/\/www.abf.se\/wp-content\/uploads\/sites\/18\/2024\/04\/Nyckeln-liggande-scaled.jpg\" \/>\n\t<meta property=\"og:image:width\" content=\"2560\" \/>\n\t<meta property=\"og:image:height\" content=\"1440\" \/>\n\t<meta property=\"og:image:type\" content=\"image\/jpeg\" \/>\n<meta name=\"twitter:card\" content=\"summary_large_image\" \/>\n<script type=\"application\/ld+json\" class=\"yoast-schema-graph\">{\"@context\":\"https:\/\/schema.org\",\"@graph\":[{\"@type\":\"WebPage\",\"@id\":\"https:\/\/www.abf.se\/fyrbodal\/motesplatser\/motesplats-amal\/\",\"url\":\"https:\/\/www.abf.se\/fyrbodal\/motesplatser\/motesplats-amal\/\",\"name\":\"M\u00f6tesplats \u00c5m\u00e5l - FyrBoDal\",\"isPartOf\":{\"@id\":\"https:\/\/www.abf.se\/fyrbodal\/#website\"},\"datePublished\":\"2024-04-17T10:09:59+00:00\",\"dateModified\":\"2025-12-17T09:36:08+00:00\",\"breadcrumb\":{\"@id\":\"https:\/\/www.abf.se\/fyrbodal\/motesplatser\/motesplats-amal\/#breadcrumb\"},\"inLanguage\":\"sv-SE\",\"potentialAction\":[{\"@type\":\"ReadAction\",\"target\":[\"https:\/\/www.abf.se\/fyrbodal\/motesplatser\/motesplats-amal\/\"]}]},{\"@type\":\"BreadcrumbList\",\"@id\":\"https:\/\/www.abf.se\/fyrbodal\/motesplatser\/motesplats-amal\/#breadcrumb\",\"itemListElement\":[{\"@type\":\"ListItem\",\"position\":1,\"name\":\"Home\",\"item\":\"https:\/\/www.abf.se\/fyrbodal\/\"},{\"@type\":\"ListItem\",\"position\":2,\"name\":\"M\u00f6tesplatser\",\"item\":\"https:\/\/www.abf.se\/fyrbodal\/motesplatser\/\"},{\"@type\":\"ListItem\",\"position\":3,\"name\":\"M\u00f6tesplats \u00c5m\u00e5l\"}]},{\"@type\":\"WebSite\",\"@id\":\"https:\/\/www.abf.se\/fyrbodal\/#website\",\"url\":\"https:\/\/www.abf.se\/fyrbodal\/\",\"name\":\"FyrBoDal\",\"description\":\"\",\"potentialAction\":[{\"@type\":\"SearchAction\",\"target\":{\"@type\":\"EntryPoint\",\"urlTemplate\":\"https:\/\/www.abf.se\/fyrbodal\/?s={search_term_string}\"},\"query-input\":{\"@type\":\"PropertyValueSpecification\",\"valueRequired\":true,\"valueName\":\"search_term_string\"}}],\"inLanguage\":\"sv-SE\"}]}<\/script>\n<!-- \/ Yoast SEO plugin. -->","yoast_head_json":{"title":"M\u00f6tesplats \u00c5m\u00e5l - FyrBoDal","robots":{"index":"index","follow":"follow","max-snippet":"max-snippet:-1","max-image-preview":"max-image-preview:large","max-video-preview":"max-video-preview:-1"},"canonical":"https:\/\/www.abf.se\/fyrbodal\/motesplatser\/motesplats-amal\/","og_locale":"sv_SE","og_type":"article","og_title":"M\u00f6tesplats \u00c5m\u00e5l - FyrBoDal","og_url":"https:\/\/www.abf.se\/fyrbodal\/motesplatser\/motesplats-amal\/","og_site_name":"FyrBoDal","article_modified_time":"2025-12-17T09:36:08+00:00","og_image":[{"width":2560,"height":1440,"url":"https:\/\/www.abf.se\/wp-content\/uploads\/sites\/18\/2024\/04\/Nyckeln-liggande-scaled.jpg","type":"image\/jpeg"}],"twitter_card":"summary_large_image","schema":{"@context":"https:\/\/schema.org","@graph":[{"@type":"WebPage","@id":"https:\/\/www.abf.se\/fyrbodal\/motesplatser\/motesplats-amal\/","url":"https:\/\/www.abf.se\/fyrbodal\/motesplatser\/motesplats-amal\/","name":"M\u00f6tesplats \u00c5m\u00e5l - FyrBoDal","isPartOf":{"@id":"https:\/\/www.abf.se\/fyrbodal\/#website"},"datePublished":"2024-04-17T10:09:59+00:00","dateModified":"2025-12-17T09:36:08+00:00","breadcrumb":{"@id":"https:\/\/www.abf.se\/fyrbodal\/motesplatser\/motesplats-amal\/#breadcrumb"},"inLanguage":"sv-SE","potentialAction":[{"@type":"ReadAction","target":["https:\/\/www.abf.se\/fyrbodal\/motesplatser\/motesplats-amal\/"]}]},{"@type":"BreadcrumbList","@id":"https:\/\/www.abf.se\/fyrbodal\/motesplatser\/motesplats-amal\/#breadcrumb","itemListElement":[{"@type":"ListItem","position":1,"name":"Home","item":"https:\/\/www.abf.se\/fyrbodal\/"},{"@type":"ListItem","position":2,"name":"M\u00f6tesplatser","item":"https:\/\/www.abf.se\/fyrbodal\/motesplatser\/"},{"@type":"ListItem","position":3,"name":"M\u00f6tesplats \u00c5m\u00e5l"}]},{"@type":"WebSite","@id":"https:\/\/www.abf.se\/fyrbodal\/#website","url":"https:\/\/www.abf.se\/fyrbodal\/","name":"FyrBoDal","description":"","potentialAction":[{"@type":"SearchAction","target":{"@type":"EntryPoint","urlTemplate":"https:\/\/www.abf.se\/fyrbodal\/?s={search_term_string}"},"query-input":{"@type":"PropertyValueSpecification","valueRequired":true,"valueName":"search_term_string"}}],"inLanguage":"sv-SE"}]}},"_links":{"self":[{"href":"https:\/\/www.abf.se\/fyrbodal\/wp-json\/wp\/v2\/pages\/167","targetHints":{"allow":["GET"]}}],"collection":[{"href":"https:\/\/www.abf.se\/fyrbodal\/wp-json\/wp\/v2\/pages"}],"about":[{"href":"https:\/\/www.abf.se\/fyrbodal\/wp-json\/wp\/v2\/types\/page"}],"author":[{"embeddable":true,"href":"https:\/\/www.abf.se\/fyrbodal\/wp-json\/wp\/v2\/users\/118"}],"replies":[{"embeddable":true,"href":"https:\/\/www.abf.se\/fyrbodal\/wp-json\/wp\/v2\/comments?post=167"}],"version-history":[{"count":14,"href":"https:\/\/www.abf.se\/fyrbodal\/wp-json\/wp\/v2\/pages\/167\/revisions"}],"predecessor-version":[{"id":888,"href":"https:\/\/www.abf.se\/fyrbodal\/wp-json\/wp\/v2\/pages\/167\/revisions\/888"}],"up":[{"embeddable":true,"href":"https:\/\/www.abf.se\/fyrbodal\/wp-json\/wp\/v2\/pages\/124"}],"wp:attachment":[{"href":"https:\/\/www.abf.se\/fyrbodal\/wp-json\/wp\/v2\/media?parent=167"}],"curies":[{"name":"wp","href":"https:\/\/api.w.org\/{rel}","templated":true}]}}