{"id":184,"date":"2024-04-17T12:53:05","date_gmt":"2024-04-17T10:53:05","guid":{"rendered":"https:\/\/www.abf.se\/fyrbodal\/?page_id=184"},"modified":"2025-12-17T10:31:16","modified_gmt":"2025-12-17T09:31:16","slug":"motesplats-herrljunga","status":"publish","type":"page","link":"https:\/\/www.abf.se\/fyrbodal\/motesplatser\/motesplats-herrljunga\/","title":{"rendered":"M\u00f6tesplats Herrljunga"},"content":{"rendered":"<div\n    class=\"acf-hero-block container-lg no-padding mb-12 js-geolocation\"\n    data-block=\"hero-block\"\n    data-index=\"0\"\n>\n    <div class=\"h-[548px]  relative rounded-[32px] overflow-hidden flex bg-gray-light\">\n        <div class=\"relative z-10 mt-auto h-auto w-full md:h-full\">\n            <div class=\"flex w-full h-full flex-col flex-wrap justify-end w-full md:w-7\/12 lg:w-1\/2 md:justify-center\">\n                <div class=\"flex flex-col gap-3 md:gap-[18px] md:transparent pt-16 pb-36 md:py-8 px-4 w-full md:max-w-[620px] mx-auto px-8\">\n\n                    <h1 class=\"hero-heading hero-heading--red-text\"><span>M\u00f6tesplats Herrljunga<\/span><\/h1>\n\n                    \n                                    <\/div>\n            <\/div>\n        <\/div>\n\n                    <picture class=\"as-background-image mix-blend-multiply bg-black\/40\"><img decoding=\"async\" src=\"https:\/\/www.abf.se\/fyrbodal\/resized\/?url=https%3A%2F%2Fwww.abf.se%2Fwp-content%2Fuploads%2Fsites%2F18%2F2025%2F08%2F459240414_8348037621906595_721803377122250961_n.jpg&#038;fit=crop&#038;w=1440&#038;s=0c1266a4229864602055eba8c7f55f37\" srcset=\"https:\/\/www.abf.se\/fyrbodal\/resized\/?url=https%3A%2F%2Fwww.abf.se%2Fwp-content%2Fuploads%2Fsites%2F18%2F2025%2F08%2F459240414_8348037621906595_721803377122250961_n.jpg&#038;fit=crop&#038;w=375&#038;h=540&#038;s=03c87feb5e15ba05cb5689d9b61de6b2 375w, https:\/\/www.abf.se\/fyrbodal\/resized\/?url=https%3A%2F%2Fwww.abf.se%2Fwp-content%2Fuploads%2Fsites%2F18%2F2025%2F08%2F459240414_8348037621906595_721803377122250961_n.jpg&#038;fit=crop&#038;w=447&#038;h=540&#038;s=e28abea3372f5b39adaf05b3262c3a35 447w, https:\/\/www.abf.se\/fyrbodal\/resized\/?url=https%3A%2F%2Fwww.abf.se%2Fwp-content%2Fuploads%2Fsites%2F18%2F2025%2F08%2F459240414_8348037621906595_721803377122250961_n.jpg&#038;fit=crop&#038;w=519&#038;h=540&#038;s=17ad29116462026c010c27612b2b442d 519w, https:\/\/www.abf.se\/fyrbodal\/resized\/?url=https%3A%2F%2Fwww.abf.se%2Fwp-content%2Fuploads%2Fsites%2F18%2F2025%2F08%2F459240414_8348037621906595_721803377122250961_n.jpg&#038;fit=crop&#038;w=591&#038;h=540&#038;s=a9df939c66fe4dc99f76a680adee4b23 591w, https:\/\/www.abf.se\/fyrbodal\/resized\/?url=https%3A%2F%2Fwww.abf.se%2Fwp-content%2Fuploads%2Fsites%2F18%2F2025%2F08%2F459240414_8348037621906595_721803377122250961_n.jpg&#038;fit=crop&#038;w=663&#038;h=540&#038;s=5c70ed480dc28e5caa12073a4759420f 663w, https:\/\/www.abf.se\/fyrbodal\/resized\/?url=https%3A%2F%2Fwww.abf.se%2Fwp-content%2Fuploads%2Fsites%2F18%2F2025%2F08%2F459240414_8348037621906595_721803377122250961_n.jpg&#038;fit=crop&#038;w=750&#038;h=540&#038;s=12e918a26d15938f5c19e0acd383dc9e 750w, https:\/\/www.abf.se\/fyrbodal\/resized\/?url=https%3A%2F%2Fwww.abf.se%2Fwp-content%2Fuploads%2Fsites%2F18%2F2025%2F08%2F459240414_8348037621906595_721803377122250961_n.jpg&#038;fit=crop&#038;w=894&#038;h=540&#038;s=26b4883cbd596eabf9ef987f0eb6ce9f 894w, https:\/\/www.abf.se\/fyrbodal\/resized\/?url=https%3A%2F%2Fwww.abf.se%2Fwp-content%2Fuploads%2Fsites%2F18%2F2025%2F08%2F459240414_8348037621906595_721803377122250961_n.jpg&#038;fit=crop&#038;w=1038&#038;h=540&#038;s=3d2551116cddd13e9514bdaf55e6da3e 1038w, https:\/\/www.abf.se\/fyrbodal\/resized\/?url=https%3A%2F%2Fwww.abf.se%2Fwp-content%2Fuploads%2Fsites%2F18%2F2025%2F08%2F459240414_8348037621906595_721803377122250961_n.jpg&#038;fit=crop&#038;w=1182&#038;h=540&#038;s=ca1715cc6e792b3d81748f9345786ca1 1182w, https:\/\/www.abf.se\/fyrbodal\/resized\/?url=https%3A%2F%2Fwww.abf.se%2Fwp-content%2Fuploads%2Fsites%2F18%2F2025%2F08%2F459240414_8348037621906595_721803377122250961_n.jpg&#038;fit=crop&#038;w=1326&#038;h=540&#038;s=93eac6e53d5f871cf809af1e606f9aa8 1326w, https:\/\/www.abf.se\/fyrbodal\/resized\/?url=https%3A%2F%2Fwww.abf.se%2Fwp-content%2Fuploads%2Fsites%2F18%2F2025%2F08%2F459240414_8348037621906595_721803377122250961_n.jpg&#038;fit=crop&#038;w=1440&#038;h=540&#038;s=baefddb366c5a0ec07592e7a696f7dc6 1440w\" alt=\"\" height=\"540\" width=\"1440\" sizes=\"(max-width: 1440px) calc(100vw - 32px), 1440px\" loading=\"eager\" fetchpriority=\"high\" aria-hidden=\"true\" role=\"presentation\" \/><\/picture>\n        \n\n            <\/div>\n\n    <\/div>\n\n<div\n    class=\"acf-article-text-block article-container my-12\"\n    data-block=\"article-text-block\"\n>\n    <div class=\"wysiwyg\">\n        <h3>Bes\u00f6ksadress:<br \/>\nStorgatan 34<br \/>\n524 31 Herrljunga<\/h3>\n<h3>Telefon:<br \/>\n0513-124 48<\/h3>\n<h3>\u00d6ppettider:<br \/>\nTorsdag 14.00-16.00<\/h3>\n<p>\u00d6vrig tid n\u00e5r du oss p\u00e5 telefon eller via e-post.<\/p>\n<h3>Personal<\/h3>\n<p><strong>Anne-Marlene Hjortskog<\/strong><br \/>\nVerksamhetssamordnare och \u00d6ppna Torget-ansvarig<br \/>\nTelefonnummer 010-7220129<br \/>\nE-postadress anne-marlene.hjortskog@abf.se<br \/>\nAlings\u00e5s, V\u00e5rg\u00e5rda &amp; Herrjunga<\/p>\n\n    <\/div>\n<\/div>\n","protected":false},"excerpt":{"rendered":"","protected":false},"author":118,"featured_media":0,"parent":124,"menu_order":0,"comment_status":"closed","ping_status":"closed","template":"","meta":{"_acf_changed":false,"footnotes":""},"class_list":["post-184","page","type-page","status-publish","hentry"],"acf":[],"yoast_head":"<!-- This site is optimized with the Yoast SEO plugin v27.0 - https:\/\/yoast.com\/product\/yoast-seo-wordpress\/ -->\n<title>M\u00f6tesplats Herrljunga - FyrBoDal<\/title>\n<meta name=\"robots\" content=\"index, follow, max-snippet:-1, max-image-preview:large, max-video-preview:-1\" \/>\n<link rel=\"canonical\" href=\"https:\/\/www.abf.se\/fyrbodal\/motesplatser\/motesplats-herrljunga\/\" \/>\n<meta property=\"og:locale\" content=\"sv_SE\" \/>\n<meta property=\"og:type\" content=\"article\" \/>\n<meta property=\"og:title\" content=\"M\u00f6tesplats Herrljunga - FyrBoDal\" \/>\n<meta property=\"og:url\" content=\"https:\/\/www.abf.se\/fyrbodal\/motesplatser\/motesplats-herrljunga\/\" \/>\n<meta property=\"og:site_name\" content=\"FyrBoDal\" \/>\n<meta property=\"article:modified_time\" content=\"2025-12-17T09:31:16+00:00\" \/>\n<meta property=\"og:image\" content=\"https:\/\/www.abf.se\/wp-content\/uploads\/sites\/18\/2024\/04\/Nyckeln-liggande-scaled.jpg\" \/>\n\t<meta property=\"og:image:width\" content=\"2560\" \/>\n\t<meta property=\"og:image:height\" content=\"1440\" \/>\n\t<meta property=\"og:image:type\" content=\"image\/jpeg\" \/>\n<meta name=\"twitter:card\" content=\"summary_large_image\" \/>\n<script type=\"application\/ld+json\" class=\"yoast-schema-graph\">{\"@context\":\"https:\/\/schema.org\",\"@graph\":[{\"@type\":\"WebPage\",\"@id\":\"https:\/\/www.abf.se\/fyrbodal\/motesplatser\/motesplats-herrljunga\/\",\"url\":\"https:\/\/www.abf.se\/fyrbodal\/motesplatser\/motesplats-herrljunga\/\",\"name\":\"M\u00f6tesplats Herrljunga - FyrBoDal\",\"isPartOf\":{\"@id\":\"https:\/\/www.abf.se\/fyrbodal\/#website\"},\"datePublished\":\"2024-04-17T10:53:05+00:00\",\"dateModified\":\"2025-12-17T09:31:16+00:00\",\"breadcrumb\":{\"@id\":\"https:\/\/www.abf.se\/fyrbodal\/motesplatser\/motesplats-herrljunga\/#breadcrumb\"},\"inLanguage\":\"sv-SE\",\"potentialAction\":[{\"@type\":\"ReadAction\",\"target\":[\"https:\/\/www.abf.se\/fyrbodal\/motesplatser\/motesplats-herrljunga\/\"]}]},{\"@type\":\"BreadcrumbList\",\"@id\":\"https:\/\/www.abf.se\/fyrbodal\/motesplatser\/motesplats-herrljunga\/#breadcrumb\",\"itemListElement\":[{\"@type\":\"ListItem\",\"position\":1,\"name\":\"Home\",\"item\":\"https:\/\/www.abf.se\/fyrbodal\/\"},{\"@type\":\"ListItem\",\"position\":2,\"name\":\"M\u00f6tesplatser\",\"item\":\"https:\/\/www.abf.se\/fyrbodal\/motesplatser\/\"},{\"@type\":\"ListItem\",\"position\":3,\"name\":\"M\u00f6tesplats Herrljunga\"}]},{\"@type\":\"WebSite\",\"@id\":\"https:\/\/www.abf.se\/fyrbodal\/#website\",\"url\":\"https:\/\/www.abf.se\/fyrbodal\/\",\"name\":\"FyrBoDal\",\"description\":\"\",\"potentialAction\":[{\"@type\":\"SearchAction\",\"target\":{\"@type\":\"EntryPoint\",\"urlTemplate\":\"https:\/\/www.abf.se\/fyrbodal\/?s={search_term_string}\"},\"query-input\":{\"@type\":\"PropertyValueSpecification\",\"valueRequired\":true,\"valueName\":\"search_term_string\"}}],\"inLanguage\":\"sv-SE\"}]}<\/script>\n<!-- \/ Yoast SEO plugin. -->","yoast_head_json":{"title":"M\u00f6tesplats Herrljunga - FyrBoDal","robots":{"index":"index","follow":"follow","max-snippet":"max-snippet:-1","max-image-preview":"max-image-preview:large","max-video-preview":"max-video-preview:-1"},"canonical":"https:\/\/www.abf.se\/fyrbodal\/motesplatser\/motesplats-herrljunga\/","og_locale":"sv_SE","og_type":"article","og_title":"M\u00f6tesplats Herrljunga - FyrBoDal","og_url":"https:\/\/www.abf.se\/fyrbodal\/motesplatser\/motesplats-herrljunga\/","og_site_name":"FyrBoDal","article_modified_time":"2025-12-17T09:31:16+00:00","og_image":[{"width":2560,"height":1440,"url":"https:\/\/www.abf.se\/wp-content\/uploads\/sites\/18\/2024\/04\/Nyckeln-liggande-scaled.jpg","type":"image\/jpeg"}],"twitter_card":"summary_large_image","schema":{"@context":"https:\/\/schema.org","@graph":[{"@type":"WebPage","@id":"https:\/\/www.abf.se\/fyrbodal\/motesplatser\/motesplats-herrljunga\/","url":"https:\/\/www.abf.se\/fyrbodal\/motesplatser\/motesplats-herrljunga\/","name":"M\u00f6tesplats Herrljunga - FyrBoDal","isPartOf":{"@id":"https:\/\/www.abf.se\/fyrbodal\/#website"},"datePublished":"2024-04-17T10:53:05+00:00","dateModified":"2025-12-17T09:31:16+00:00","breadcrumb":{"@id":"https:\/\/www.abf.se\/fyrbodal\/motesplatser\/motesplats-herrljunga\/#breadcrumb"},"inLanguage":"sv-SE","potentialAction":[{"@type":"ReadAction","target":["https:\/\/www.abf.se\/fyrbodal\/motesplatser\/motesplats-herrljunga\/"]}]},{"@type":"BreadcrumbList","@id":"https:\/\/www.abf.se\/fyrbodal\/motesplatser\/motesplats-herrljunga\/#breadcrumb","itemListElement":[{"@type":"ListItem","position":1,"name":"Home","item":"https:\/\/www.abf.se\/fyrbodal\/"},{"@type":"ListItem","position":2,"name":"M\u00f6tesplatser","item":"https:\/\/www.abf.se\/fyrbodal\/motesplatser\/"},{"@type":"ListItem","position":3,"name":"M\u00f6tesplats Herrljunga"}]},{"@type":"WebSite","@id":"https:\/\/www.abf.se\/fyrbodal\/#website","url":"https:\/\/www.abf.se\/fyrbodal\/","name":"FyrBoDal","description":"","potentialAction":[{"@type":"SearchAction","target":{"@type":"EntryPoint","urlTemplate":"https:\/\/www.abf.se\/fyrbodal\/?s={search_term_string}"},"query-input":{"@type":"PropertyValueSpecification","valueRequired":true,"valueName":"search_term_string"}}],"inLanguage":"sv-SE"}]}},"_links":{"self":[{"href":"https:\/\/www.abf.se\/fyrbodal\/wp-json\/wp\/v2\/pages\/184","targetHints":{"allow":["GET"]}}],"collection":[{"href":"https:\/\/www.abf.se\/fyrbodal\/wp-json\/wp\/v2\/pages"}],"about":[{"href":"https:\/\/www.abf.se\/fyrbodal\/wp-json\/wp\/v2\/types\/page"}],"author":[{"embeddable":true,"href":"https:\/\/www.abf.se\/fyrbodal\/wp-json\/wp\/v2\/users\/118"}],"replies":[{"embeddable":true,"href":"https:\/\/www.abf.se\/fyrbodal\/wp-json\/wp\/v2\/comments?post=184"}],"version-history":[{"count":4,"href":"https:\/\/www.abf.se\/fyrbodal\/wp-json\/wp\/v2\/pages\/184\/revisions"}],"predecessor-version":[{"id":767,"href":"https:\/\/www.abf.se\/fyrbodal\/wp-json\/wp\/v2\/pages\/184\/revisions\/767"}],"up":[{"embeddable":true,"href":"https:\/\/www.abf.se\/fyrbodal\/wp-json\/wp\/v2\/pages\/124"}],"wp:attachment":[{"href":"https:\/\/www.abf.se\/fyrbodal\/wp-json\/wp\/v2\/media?parent=184"}],"curies":[{"name":"wp","href":"https:\/\/api.w.org\/{rel}","templated":true}]}}