{"id":192,"date":"2024-04-17T12:56:19","date_gmt":"2024-04-17T10:56:19","guid":{"rendered":"https:\/\/www.abf.se\/fyrbodal\/?page_id=192"},"modified":"2025-12-17T10:31:38","modified_gmt":"2025-12-17T09:31:38","slug":"motesplats-munkedal","status":"publish","type":"page","link":"https:\/\/www.abf.se\/fyrbodal\/motesplatser\/motesplats-munkedal\/","title":{"rendered":"M\u00f6tesplats Munkedal"},"content":{"rendered":"<div\n    class=\"acf-hero-block container-lg no-padding mb-12 js-geolocation\"\n    data-block=\"hero-block\"\n    data-index=\"0\"\n>\n    <div class=\"h-[548px]  relative rounded-[32px] overflow-hidden flex bg-gray-light\">\n        <div class=\"relative z-10 mt-auto h-auto w-full md:h-full\">\n            <div class=\"flex w-full h-full flex-col flex-wrap justify-end w-full md:w-7\/12 lg:w-1\/2 md:justify-center\">\n                <div class=\"flex flex-col gap-3 md:gap-[18px] md:transparent pt-16 pb-36 md:py-8 px-4 w-full md:max-w-[620px] mx-auto px-8\">\n\n                    <h1 class=\"hero-heading hero-heading--red-text\"><span>M\u00f6tesplats Munkedal<\/span><\/h1>\n\n                    \n                                    <\/div>\n            <\/div>\n        <\/div>\n\n                    <picture class=\"as-background-image mix-blend-multiply bg-black\/40\"><img decoding=\"async\" src=\"https:\/\/www.abf.se\/fyrbodal\/resized\/?url=https%3A%2F%2Fwww.abf.se%2Fwp-content%2Fuploads%2Fsites%2F18%2F2025%2F01%2Feff7cb10-c323-4a40-a4a1-e955f540707e.jpg&#038;fit=crop&#038;w=1440&#038;s=a10cf98848efa2ae55b2e372bdae2f0a\" srcset=\"https:\/\/www.abf.se\/fyrbodal\/resized\/?url=https%3A%2F%2Fwww.abf.se%2Fwp-content%2Fuploads%2Fsites%2F18%2F2025%2F01%2Feff7cb10-c323-4a40-a4a1-e955f540707e.jpg&#038;fit=crop&#038;w=375&#038;h=540&#038;s=8ffc07530a78d1035f44973c7bdaa885 375w, https:\/\/www.abf.se\/fyrbodal\/resized\/?url=https%3A%2F%2Fwww.abf.se%2Fwp-content%2Fuploads%2Fsites%2F18%2F2025%2F01%2Feff7cb10-c323-4a40-a4a1-e955f540707e.jpg&#038;fit=crop&#038;w=447&#038;h=540&#038;s=2692df4dbca295bdf95e0c71e356765b 447w, https:\/\/www.abf.se\/fyrbodal\/resized\/?url=https%3A%2F%2Fwww.abf.se%2Fwp-content%2Fuploads%2Fsites%2F18%2F2025%2F01%2Feff7cb10-c323-4a40-a4a1-e955f540707e.jpg&#038;fit=crop&#038;w=519&#038;h=540&#038;s=c24f4aeb6bb260de8142d9557d953197 519w, https:\/\/www.abf.se\/fyrbodal\/resized\/?url=https%3A%2F%2Fwww.abf.se%2Fwp-content%2Fuploads%2Fsites%2F18%2F2025%2F01%2Feff7cb10-c323-4a40-a4a1-e955f540707e.jpg&#038;fit=crop&#038;w=591&#038;h=540&#038;s=c2096e8eb58c740fadcc3803607085a4 591w, https:\/\/www.abf.se\/fyrbodal\/resized\/?url=https%3A%2F%2Fwww.abf.se%2Fwp-content%2Fuploads%2Fsites%2F18%2F2025%2F01%2Feff7cb10-c323-4a40-a4a1-e955f540707e.jpg&#038;fit=crop&#038;w=663&#038;h=540&#038;s=8c02ac7bb46f1e3bd78bcddcaac016d6 663w, https:\/\/www.abf.se\/fyrbodal\/resized\/?url=https%3A%2F%2Fwww.abf.se%2Fwp-content%2Fuploads%2Fsites%2F18%2F2025%2F01%2Feff7cb10-c323-4a40-a4a1-e955f540707e.jpg&#038;fit=crop&#038;w=750&#038;h=540&#038;s=908b7e2d62be946d26e53b7cc88d51ac 750w, https:\/\/www.abf.se\/fyrbodal\/resized\/?url=https%3A%2F%2Fwww.abf.se%2Fwp-content%2Fuploads%2Fsites%2F18%2F2025%2F01%2Feff7cb10-c323-4a40-a4a1-e955f540707e.jpg&#038;fit=crop&#038;w=894&#038;h=540&#038;s=76672425821afc90c990c97a99bfa12f 894w, https:\/\/www.abf.se\/fyrbodal\/resized\/?url=https%3A%2F%2Fwww.abf.se%2Fwp-content%2Fuploads%2Fsites%2F18%2F2025%2F01%2Feff7cb10-c323-4a40-a4a1-e955f540707e.jpg&#038;fit=crop&#038;w=1038&#038;h=540&#038;s=11c754a3e75ba4a61d3b6e639e0249f1 1038w, https:\/\/www.abf.se\/fyrbodal\/resized\/?url=https%3A%2F%2Fwww.abf.se%2Fwp-content%2Fuploads%2Fsites%2F18%2F2025%2F01%2Feff7cb10-c323-4a40-a4a1-e955f540707e.jpg&#038;fit=crop&#038;w=1182&#038;h=540&#038;s=bfa3377b1916ab97547b4c9bb36c4646 1182w, https:\/\/www.abf.se\/fyrbodal\/resized\/?url=https%3A%2F%2Fwww.abf.se%2Fwp-content%2Fuploads%2Fsites%2F18%2F2025%2F01%2Feff7cb10-c323-4a40-a4a1-e955f540707e.jpg&#038;fit=crop&#038;w=1326&#038;h=540&#038;s=b9ebb96aad816cb16e4a8bd04fb99db3 1326w, https:\/\/www.abf.se\/fyrbodal\/resized\/?url=https%3A%2F%2Fwww.abf.se%2Fwp-content%2Fuploads%2Fsites%2F18%2F2025%2F01%2Feff7cb10-c323-4a40-a4a1-e955f540707e.jpg&#038;fit=crop&#038;w=1440&#038;h=540&#038;s=1e2bc1c245720fec5a6ee568545f9331 1440w\" alt=\"\" height=\"540\" width=\"1440\" sizes=\"(max-width: 1440px) calc(100vw - 32px), 1440px\" loading=\"eager\" fetchpriority=\"high\" aria-hidden=\"true\" role=\"presentation\" \/><\/picture>\n        \n\n            <\/div>\n\n    <\/div>\n\n<div\n    class=\"acf-article-text-block article-container my-12\"\n    data-block=\"article-text-block\"\n>\n    <div class=\"wysiwyg\">\n        <h3>Bes\u00f6ksadress:<br \/>\nStationsv\u00e4gen 20<br \/>\n455 31 Munkedal<\/h3>\n<h3>Telefon:<br \/>\n0524-715 55<\/h3>\n<h3>\u00d6ppettider:<\/h3>\n<h3>Torsdag: 14.00-16.00.<\/h3>\n<p>\u00d6vrig tid n\u00e5r du oss p\u00e5 telefon eller via e-post.<\/p>\n<h3>Personal<\/h3>\n<p><strong>Ann-Louise Joshage<\/strong><br \/>\nVerksamhetssamordnare<br \/>\nTelefonnummer 010-7220121<br \/>\nE-postadress annlouise.joshage@abf.se<br \/>\nLysekil, Soten\u00e4s &amp; Munkedal<\/p>\n<p>&nbsp;<\/p>\n\n    <\/div>\n<\/div>\n","protected":false},"excerpt":{"rendered":"","protected":false},"author":118,"featured_media":0,"parent":124,"menu_order":0,"comment_status":"closed","ping_status":"closed","template":"","meta":{"_acf_changed":false,"footnotes":""},"class_list":["post-192","page","type-page","status-publish","hentry"],"acf":[],"yoast_head":"<!-- This site is optimized with the Yoast SEO plugin v27.0 - https:\/\/yoast.com\/product\/yoast-seo-wordpress\/ -->\n<title>M\u00f6tesplats Munkedal - FyrBoDal<\/title>\n<meta name=\"robots\" content=\"index, follow, max-snippet:-1, max-image-preview:large, max-video-preview:-1\" \/>\n<link rel=\"canonical\" href=\"https:\/\/www.abf.se\/fyrbodal\/motesplatser\/motesplats-munkedal\/\" \/>\n<meta property=\"og:locale\" content=\"sv_SE\" \/>\n<meta property=\"og:type\" content=\"article\" \/>\n<meta property=\"og:title\" content=\"M\u00f6tesplats Munkedal - FyrBoDal\" \/>\n<meta property=\"og:url\" content=\"https:\/\/www.abf.se\/fyrbodal\/motesplatser\/motesplats-munkedal\/\" \/>\n<meta property=\"og:site_name\" content=\"FyrBoDal\" \/>\n<meta property=\"article:modified_time\" content=\"2025-12-17T09:31:38+00:00\" \/>\n<meta property=\"og:image\" content=\"https:\/\/www.abf.se\/wp-content\/uploads\/sites\/18\/2024\/04\/Nyckeln-liggande-scaled.jpg\" \/>\n\t<meta property=\"og:image:width\" content=\"2560\" \/>\n\t<meta property=\"og:image:height\" content=\"1440\" \/>\n\t<meta property=\"og:image:type\" content=\"image\/jpeg\" \/>\n<meta name=\"twitter:card\" content=\"summary_large_image\" \/>\n<script type=\"application\/ld+json\" class=\"yoast-schema-graph\">{\"@context\":\"https:\/\/schema.org\",\"@graph\":[{\"@type\":\"WebPage\",\"@id\":\"https:\/\/www.abf.se\/fyrbodal\/motesplatser\/motesplats-munkedal\/\",\"url\":\"https:\/\/www.abf.se\/fyrbodal\/motesplatser\/motesplats-munkedal\/\",\"name\":\"M\u00f6tesplats Munkedal - FyrBoDal\",\"isPartOf\":{\"@id\":\"https:\/\/www.abf.se\/fyrbodal\/#website\"},\"datePublished\":\"2024-04-17T10:56:19+00:00\",\"dateModified\":\"2025-12-17T09:31:38+00:00\",\"breadcrumb\":{\"@id\":\"https:\/\/www.abf.se\/fyrbodal\/motesplatser\/motesplats-munkedal\/#breadcrumb\"},\"inLanguage\":\"sv-SE\",\"potentialAction\":[{\"@type\":\"ReadAction\",\"target\":[\"https:\/\/www.abf.se\/fyrbodal\/motesplatser\/motesplats-munkedal\/\"]}]},{\"@type\":\"BreadcrumbList\",\"@id\":\"https:\/\/www.abf.se\/fyrbodal\/motesplatser\/motesplats-munkedal\/#breadcrumb\",\"itemListElement\":[{\"@type\":\"ListItem\",\"position\":1,\"name\":\"Home\",\"item\":\"https:\/\/www.abf.se\/fyrbodal\/\"},{\"@type\":\"ListItem\",\"position\":2,\"name\":\"M\u00f6tesplatser\",\"item\":\"https:\/\/www.abf.se\/fyrbodal\/motesplatser\/\"},{\"@type\":\"ListItem\",\"position\":3,\"name\":\"M\u00f6tesplats Munkedal\"}]},{\"@type\":\"WebSite\",\"@id\":\"https:\/\/www.abf.se\/fyrbodal\/#website\",\"url\":\"https:\/\/www.abf.se\/fyrbodal\/\",\"name\":\"FyrBoDal\",\"description\":\"\",\"potentialAction\":[{\"@type\":\"SearchAction\",\"target\":{\"@type\":\"EntryPoint\",\"urlTemplate\":\"https:\/\/www.abf.se\/fyrbodal\/?s={search_term_string}\"},\"query-input\":{\"@type\":\"PropertyValueSpecification\",\"valueRequired\":true,\"valueName\":\"search_term_string\"}}],\"inLanguage\":\"sv-SE\"}]}<\/script>\n<!-- \/ Yoast SEO plugin. -->","yoast_head_json":{"title":"M\u00f6tesplats Munkedal - FyrBoDal","robots":{"index":"index","follow":"follow","max-snippet":"max-snippet:-1","max-image-preview":"max-image-preview:large","max-video-preview":"max-video-preview:-1"},"canonical":"https:\/\/www.abf.se\/fyrbodal\/motesplatser\/motesplats-munkedal\/","og_locale":"sv_SE","og_type":"article","og_title":"M\u00f6tesplats Munkedal - FyrBoDal","og_url":"https:\/\/www.abf.se\/fyrbodal\/motesplatser\/motesplats-munkedal\/","og_site_name":"FyrBoDal","article_modified_time":"2025-12-17T09:31:38+00:00","og_image":[{"width":2560,"height":1440,"url":"https:\/\/www.abf.se\/wp-content\/uploads\/sites\/18\/2024\/04\/Nyckeln-liggande-scaled.jpg","type":"image\/jpeg"}],"twitter_card":"summary_large_image","schema":{"@context":"https:\/\/schema.org","@graph":[{"@type":"WebPage","@id":"https:\/\/www.abf.se\/fyrbodal\/motesplatser\/motesplats-munkedal\/","url":"https:\/\/www.abf.se\/fyrbodal\/motesplatser\/motesplats-munkedal\/","name":"M\u00f6tesplats Munkedal - FyrBoDal","isPartOf":{"@id":"https:\/\/www.abf.se\/fyrbodal\/#website"},"datePublished":"2024-04-17T10:56:19+00:00","dateModified":"2025-12-17T09:31:38+00:00","breadcrumb":{"@id":"https:\/\/www.abf.se\/fyrbodal\/motesplatser\/motesplats-munkedal\/#breadcrumb"},"inLanguage":"sv-SE","potentialAction":[{"@type":"ReadAction","target":["https:\/\/www.abf.se\/fyrbodal\/motesplatser\/motesplats-munkedal\/"]}]},{"@type":"BreadcrumbList","@id":"https:\/\/www.abf.se\/fyrbodal\/motesplatser\/motesplats-munkedal\/#breadcrumb","itemListElement":[{"@type":"ListItem","position":1,"name":"Home","item":"https:\/\/www.abf.se\/fyrbodal\/"},{"@type":"ListItem","position":2,"name":"M\u00f6tesplatser","item":"https:\/\/www.abf.se\/fyrbodal\/motesplatser\/"},{"@type":"ListItem","position":3,"name":"M\u00f6tesplats Munkedal"}]},{"@type":"WebSite","@id":"https:\/\/www.abf.se\/fyrbodal\/#website","url":"https:\/\/www.abf.se\/fyrbodal\/","name":"FyrBoDal","description":"","potentialAction":[{"@type":"SearchAction","target":{"@type":"EntryPoint","urlTemplate":"https:\/\/www.abf.se\/fyrbodal\/?s={search_term_string}"},"query-input":{"@type":"PropertyValueSpecification","valueRequired":true,"valueName":"search_term_string"}}],"inLanguage":"sv-SE"}]}},"_links":{"self":[{"href":"https:\/\/www.abf.se\/fyrbodal\/wp-json\/wp\/v2\/pages\/192","targetHints":{"allow":["GET"]}}],"collection":[{"href":"https:\/\/www.abf.se\/fyrbodal\/wp-json\/wp\/v2\/pages"}],"about":[{"href":"https:\/\/www.abf.se\/fyrbodal\/wp-json\/wp\/v2\/types\/page"}],"author":[{"embeddable":true,"href":"https:\/\/www.abf.se\/fyrbodal\/wp-json\/wp\/v2\/users\/118"}],"replies":[{"embeddable":true,"href":"https:\/\/www.abf.se\/fyrbodal\/wp-json\/wp\/v2\/comments?post=192"}],"version-history":[{"count":6,"href":"https:\/\/www.abf.se\/fyrbodal\/wp-json\/wp\/v2\/pages\/192\/revisions"}],"predecessor-version":[{"id":868,"href":"https:\/\/www.abf.se\/fyrbodal\/wp-json\/wp\/v2\/pages\/192\/revisions\/868"}],"up":[{"embeddable":true,"href":"https:\/\/www.abf.se\/fyrbodal\/wp-json\/wp\/v2\/pages\/124"}],"wp:attachment":[{"href":"https:\/\/www.abf.se\/fyrbodal\/wp-json\/wp\/v2\/media?parent=192"}],"curies":[{"name":"wp","href":"https:\/\/api.w.org\/{rel}","templated":true}]}}