{"id":8,"date":"2024-04-24T11:22:59","date_gmt":"2024-04-24T09:22:59","guid":{"rendered":"https:\/\/www.abf.se\/fyrbodal\/?page_id=8"},"modified":"2026-03-05T08:32:00","modified_gmt":"2026-03-05T07:32:00","slug":"lediga-tjanster","status":"publish","type":"page","link":"https:\/\/www.abf.se\/fyrbodal\/lediga-tjanster\/","title":{"rendered":"Lediga tj\u00e4nster"},"content":{"rendered":"<div\n    class=\"acf-text-image-block container my-12 md:my-15\"\n    data-block=\"text-image-block\"\n>\n    <div\n    class=\"flex flex-col items-center md:flex-row gap-8 md:gap-0 justify-center\">\n        \n        <div class=\"w-full md:w-1\/2 md:order-1\">\n        <div class=\"mx-auto md:max-w-[368px]\">\n            <h2 class=\"heading-lg\">ABF s\u00f6ker Verksamhetssamordnare i  Lysekil-Soten\u00e4s-Munkedal<\/h2>\n            <div class=\"mb-6 mt-4 wysiwyg\">\n                <p>&nbsp;<\/p>\n<p style=\"text-align: left\"><strong>Som Verksamhetssamordnare agerar du som spindeln i n\u00e4tet gentemot s\u00e5v\u00e4l medlemsorganisationer, programverksamhet och utvecklingen av fria grupper.<\/strong><\/p>\n<p>Du \u00e4r ocks\u00e5 ett lyh\u00f6rt ansikte ut\u00e5t f\u00f6r lokala uppdrag och projekt kopplat till v\u00e5ra prioriterade m\u00e5lgrupper, id\u00e9program och verksamhets\u00e5tagande.<\/p>\n<p>I Lysekil, Munkedal och Soten\u00e4s g\u00e4ller ett stort sj\u00e4lvledarskap som en viktig del i utvecklingen av v\u00e5r lokala verksamhet \u00e4ven om kollegor och resurspersoner finns.<\/p>\n<p>Arbetarnas Bildningsf\u00f6rbund \u00e4r Sveriges ledande studief\u00f6rbund. Vi \u00e4r partipolitiskt obundna men v\u00e5ra v\u00e4rderingar sammanfaller tydligt med arbetarr\u00f6relsens.<\/p>\n<p>ABF \u00e4r, och ska vara, en f\u00f6r\u00e4ndringskraft f\u00f6r \u00f6kad j\u00e4mlikhet och en mer deltagande demokrati. Vi tror p\u00e5 l\u00e4rande och bildning och stimulerar till vidareutveckling.<\/p>\n<p>ABF FyrBoDal \u00e4r en avdelning, med m\u00e5nga olika arbetsst\u00e4llen, som v\u00e4rderar \u00f6ppenhet, gott bem\u00f6tande och m\u00e5ngfald.<\/p>\n<p>ABF FyrBoDal \u00e4r en stor ABF-avdelning s\u00e5v\u00e4l geografiskt, verksamhetsm\u00e4ssigt och sett till antal medlemsorganisationer d\u00e4r ut\u00e5triktat, ansvarsfullt och lyh\u00f6rt arbetss\u00e4tt \u00e4r en f\u00f6ruts\u00e4ttning f\u00f6r framg\u00e5ng.<\/p>\n<p>Du blir en del i en v\u00e4rderingsstyrd, m\u00e5linriktad och engagerad personalgrupp d\u00e4r varje roll beh\u00f6ver vara kompatibel med s\u00e5v\u00e4l personalgrupp som organisationens styrdokument.<\/p>\n<p>&nbsp;<\/p>\n<p>Huvudsakliga arbetsuppgifter:<\/p>\n<p>\u00b7 Samordna och utveckla den lokala verksamheten i ber\u00f6rda kommuner med omnejd<\/p>\n<p>\u00b7 F\u00f6retr\u00e4da ABF utifr\u00e5n de k\u00e4nnetecken vi vill bli f\u00f6rknippade med<\/p>\n<p>\u00b7 Ut\u00e5triktat arbete med f\u00f6reningslyftande, n\u00e4tverksbyggande och pedagogiska insatser<\/p>\n<p>\u00b7 Verksamhetsadministration och verksamhetskommunikation mot s\u00e5v\u00e4l administrativ enhet som mot cirkelledare och resurspersoner<\/p>\n<p>\u00b7 Bemanning av ABF\u00b4s m\u00f6tesplatser, deltagande i olika dialogforum och delregionala interna arbetsm\u00f6ten \u00e4r ocks\u00e5 en del av arbetsvardagen<\/p>\n<p>&nbsp;<\/p>\n<p><strong>Vi s\u00f6ker dig som:<\/strong><\/p>\n<p>\u00b7 Har relevant eftergymnasial utbildning eller motsvarande kompetens f\u00f6rv\u00e4rvad p\u00e5 annat s\u00e4tt samt n\u00e5gra \u00e5rs dokumenterad erfarenhet av liknande arbetsuppgifter, g\u00e4rna fr\u00e5n en ideell organisation.<\/p>\n<p>\u00b7 Trivs i ett h\u00f6gt arbetstempo och \u00e4r van vid att sj\u00e4lv komma p\u00e5 och utveckla egna id\u00e9er f\u00f6r att organisationens m\u00e5l skall bli uppfyllda<\/p>\n<p>\u00b7 Har stor erfarenhet av att jobba med f\u00f6reningar, har god f\u00f6reningskunskap och anv\u00e4nder sig av ett s\u00e5v\u00e4l ut\u00e5triktat som flexibelt arbetss\u00e4tt<\/p>\n<p>\u00b7 Planerar, organiserar och prioriterar ditt arbete p\u00e5 ett effektivt s\u00e4tt<\/p>\n<p>\u00b7 Identifierar och genomf\u00f6r aktiviteter som leder i m\u00e5lets och organisationens satta riktning och verksamhets\u00e5tagande.<\/p>\n<p>\u00b7 Uttrycker dig v\u00e4lformulerat och tydligt i tal och skrift, f\u00f6rs\u00e4krar dig om att mottagaren har f\u00f6rst\u00e5tt budskapet och har f\u00f6rm\u00e5ga att anpassa budskapet<\/p>\n<p>\u00b7 Identifierar, hanterar och f\u00f6ljer upp detaljer i arbetet samt sk\u00f6ter meddelandeservice och \u00e5terkoppling oklanderligt<\/p>\n<p>\u00b7 Som har ekonomisk f\u00f6rst\u00e5else f\u00f6r helheten, grepp- som ansvarsk\u00e4nsla gentemot kund\/samarbetspart samt ser till att g\u00f6ra r\u00e4tt f\u00f6r sig administrativt mot s\u00e5v\u00e4l organisation som kollegor.<\/p>\n<p>&nbsp;<\/p>\n<p>&nbsp;<\/p>\n<p>Tj\u00e4nsten \u00e4r en heltidsanst\u00e4llning med kollektivavtal hos Handels<\/p>\n<p>Sista ans\u00f6kningsdag: 2026-04-03<\/p>\n<p>Intervjuer i fysiskt format t\u00e4nks in datumen 14:e och 15:e april<\/p>\n<p>Tilltr\u00e4desdag: 2026-06-01<br \/>\nAns\u00f6kan skickas till hakan.chalto@abf.se m\u00e4rk ans\u00f6kan med \u201cNy p\u00e5 ABF 2026\u201d<br \/>\nVid fr\u00e5gor ring eller maila H\u00e5kan Chalto 010\u2013722 01 00 \/ hakan.chalto@abf.se<\/p>\n\n            <\/div>\n                                            <a href='https:\/\/www.abf.se\/fyrbodal\/lediga-tjanster\/' class=\"default-button\" target=\"\">Lediga tj\u00e4nster<\/a>\n                    <\/div>\n        <\/div>\n    <\/div>\n<\/div>","protected":false},"excerpt":{"rendered":"","protected":false},"author":118,"featured_media":0,"parent":0,"menu_order":0,"comment_status":"closed","ping_status":"closed","template":"","meta":{"_acf_changed":false,"footnotes":""},"class_list":["post-8","page","type-page","status-publish","hentry"],"acf":[],"yoast_head":"<!-- This site is optimized with the Yoast SEO plugin v27.0 - https:\/\/yoast.com\/product\/yoast-seo-wordpress\/ -->\n<title>Lediga tj\u00e4nster - FyrBoDal<\/title>\n<meta name=\"robots\" content=\"index, follow, max-snippet:-1, max-image-preview:large, max-video-preview:-1\" \/>\n<link rel=\"canonical\" href=\"https:\/\/www.abf.se\/fyrbodal\/lediga-tjanster\/\" \/>\n<meta property=\"og:locale\" content=\"sv_SE\" \/>\n<meta property=\"og:type\" content=\"article\" \/>\n<meta property=\"og:title\" content=\"Lediga tj\u00e4nster - FyrBoDal\" \/>\n<meta property=\"og:url\" content=\"https:\/\/www.abf.se\/fyrbodal\/lediga-tjanster\/\" \/>\n<meta property=\"og:site_name\" content=\"FyrBoDal\" \/>\n<meta property=\"article:modified_time\" content=\"2026-03-05T07:32:00+00:00\" \/>\n<meta property=\"og:image\" content=\"https:\/\/www.abf.se\/wp-content\/uploads\/sites\/18\/2024\/04\/Nyckeln-liggande-scaled.jpg\" \/>\n\t<meta property=\"og:image:width\" content=\"2560\" \/>\n\t<meta property=\"og:image:height\" content=\"1440\" \/>\n\t<meta property=\"og:image:type\" content=\"image\/jpeg\" \/>\n<meta name=\"twitter:card\" content=\"summary_large_image\" \/>\n<script type=\"application\/ld+json\" class=\"yoast-schema-graph\">{\"@context\":\"https:\/\/schema.org\",\"@graph\":[{\"@type\":\"WebPage\",\"@id\":\"https:\/\/www.abf.se\/fyrbodal\/lediga-tjanster\/\",\"url\":\"https:\/\/www.abf.se\/fyrbodal\/lediga-tjanster\/\",\"name\":\"Lediga tj\u00e4nster - FyrBoDal\",\"isPartOf\":{\"@id\":\"https:\/\/www.abf.se\/fyrbodal\/#website\"},\"datePublished\":\"2024-04-24T09:22:59+00:00\",\"dateModified\":\"2026-03-05T07:32:00+00:00\",\"breadcrumb\":{\"@id\":\"https:\/\/www.abf.se\/fyrbodal\/lediga-tjanster\/#breadcrumb\"},\"inLanguage\":\"sv-SE\",\"potentialAction\":[{\"@type\":\"ReadAction\",\"target\":[\"https:\/\/www.abf.se\/fyrbodal\/lediga-tjanster\/\"]}]},{\"@type\":\"BreadcrumbList\",\"@id\":\"https:\/\/www.abf.se\/fyrbodal\/lediga-tjanster\/#breadcrumb\",\"itemListElement\":[{\"@type\":\"ListItem\",\"position\":1,\"name\":\"Home\",\"item\":\"https:\/\/www.abf.se\/fyrbodal\/\"},{\"@type\":\"ListItem\",\"position\":2,\"name\":\"Lediga tj\u00e4nster\"}]},{\"@type\":\"WebSite\",\"@id\":\"https:\/\/www.abf.se\/fyrbodal\/#website\",\"url\":\"https:\/\/www.abf.se\/fyrbodal\/\",\"name\":\"FyrBoDal\",\"description\":\"\",\"potentialAction\":[{\"@type\":\"SearchAction\",\"target\":{\"@type\":\"EntryPoint\",\"urlTemplate\":\"https:\/\/www.abf.se\/fyrbodal\/?s={search_term_string}\"},\"query-input\":{\"@type\":\"PropertyValueSpecification\",\"valueRequired\":true,\"valueName\":\"search_term_string\"}}],\"inLanguage\":\"sv-SE\"}]}<\/script>\n<!-- \/ Yoast SEO plugin. -->","yoast_head_json":{"title":"Lediga tj\u00e4nster - FyrBoDal","robots":{"index":"index","follow":"follow","max-snippet":"max-snippet:-1","max-image-preview":"max-image-preview:large","max-video-preview":"max-video-preview:-1"},"canonical":"https:\/\/www.abf.se\/fyrbodal\/lediga-tjanster\/","og_locale":"sv_SE","og_type":"article","og_title":"Lediga tj\u00e4nster - FyrBoDal","og_url":"https:\/\/www.abf.se\/fyrbodal\/lediga-tjanster\/","og_site_name":"FyrBoDal","article_modified_time":"2026-03-05T07:32:00+00:00","og_image":[{"width":2560,"height":1440,"url":"https:\/\/www.abf.se\/wp-content\/uploads\/sites\/18\/2024\/04\/Nyckeln-liggande-scaled.jpg","type":"image\/jpeg"}],"twitter_card":"summary_large_image","schema":{"@context":"https:\/\/schema.org","@graph":[{"@type":"WebPage","@id":"https:\/\/www.abf.se\/fyrbodal\/lediga-tjanster\/","url":"https:\/\/www.abf.se\/fyrbodal\/lediga-tjanster\/","name":"Lediga tj\u00e4nster - FyrBoDal","isPartOf":{"@id":"https:\/\/www.abf.se\/fyrbodal\/#website"},"datePublished":"2024-04-24T09:22:59+00:00","dateModified":"2026-03-05T07:32:00+00:00","breadcrumb":{"@id":"https:\/\/www.abf.se\/fyrbodal\/lediga-tjanster\/#breadcrumb"},"inLanguage":"sv-SE","potentialAction":[{"@type":"ReadAction","target":["https:\/\/www.abf.se\/fyrbodal\/lediga-tjanster\/"]}]},{"@type":"BreadcrumbList","@id":"https:\/\/www.abf.se\/fyrbodal\/lediga-tjanster\/#breadcrumb","itemListElement":[{"@type":"ListItem","position":1,"name":"Home","item":"https:\/\/www.abf.se\/fyrbodal\/"},{"@type":"ListItem","position":2,"name":"Lediga tj\u00e4nster"}]},{"@type":"WebSite","@id":"https:\/\/www.abf.se\/fyrbodal\/#website","url":"https:\/\/www.abf.se\/fyrbodal\/","name":"FyrBoDal","description":"","potentialAction":[{"@type":"SearchAction","target":{"@type":"EntryPoint","urlTemplate":"https:\/\/www.abf.se\/fyrbodal\/?s={search_term_string}"},"query-input":{"@type":"PropertyValueSpecification","valueRequired":true,"valueName":"search_term_string"}}],"inLanguage":"sv-SE"}]}},"_links":{"self":[{"href":"https:\/\/www.abf.se\/fyrbodal\/wp-json\/wp\/v2\/pages\/8","targetHints":{"allow":["GET"]}}],"collection":[{"href":"https:\/\/www.abf.se\/fyrbodal\/wp-json\/wp\/v2\/pages"}],"about":[{"href":"https:\/\/www.abf.se\/fyrbodal\/wp-json\/wp\/v2\/types\/page"}],"author":[{"embeddable":true,"href":"https:\/\/www.abf.se\/fyrbodal\/wp-json\/wp\/v2\/users\/118"}],"replies":[{"embeddable":true,"href":"https:\/\/www.abf.se\/fyrbodal\/wp-json\/wp\/v2\/comments?post=8"}],"version-history":[{"count":49,"href":"https:\/\/www.abf.se\/fyrbodal\/wp-json\/wp\/v2\/pages\/8\/revisions"}],"predecessor-version":[{"id":925,"href":"https:\/\/www.abf.se\/fyrbodal\/wp-json\/wp\/v2\/pages\/8\/revisions\/925"}],"wp:attachment":[{"href":"https:\/\/www.abf.se\/fyrbodal\/wp-json\/wp\/v2\/media?parent=8"}],"curies":[{"name":"wp","href":"https:\/\/api.w.org\/{rel}","templated":true}]}}