{"id":803,"date":"2025-10-17T09:47:59","date_gmt":"2025-10-17T07:47:59","guid":{"rendered":"https:\/\/www.abf.se\/fyrbodal\/?page_id=803"},"modified":"2025-10-30T14:22:42","modified_gmt":"2025-10-30T13:22:42","slug":"kulturverkstad","status":"publish","type":"page","link":"https:\/\/www.abf.se\/fyrbodal\/kulturverkstad\/","title":{"rendered":"Kulturverkstad"},"content":{"rendered":"<div\n    class=\"acf-plain-heading-block container my-16\"\n    data-block=\"plain-heading-block\"\n>\n    <div class=\"max-w-[658px] mx-auto\">\n                <h1 class=\"hero-heading\"><span>Kulturverkstad<\/span><\/h1>\n                    <\/div>\n<\/div>\n<div\n    class=\"acf-article-image-block mb-12 container\"\n    data-block=\"article-image-block\"\n>\n<div class=\"grid md:grid-cols-2 gap-4\">\n\n        <figure>\n        \n            <picture class=\"round-corners-lg w-full\"><img decoding=\"async\" src=\"https:\/\/www.abf.se\/fyrbodal\/resized\/?url=https%3A%2F%2Fwww.abf.se%2Fwp-content%2Fuploads%2Fsites%2F18%2F2025%2F10%2F69755729-d867-4458-b0dc-6e02d584d7d7.jpg&#038;fit=contain&#038;w=578&#038;s=2c2ae52c9a325dd026d98e6ba0eb4574\" srcset=\"https:\/\/www.abf.se\/fyrbodal\/resized\/?url=https%3A%2F%2Fwww.abf.se%2Fwp-content%2Fuploads%2Fsites%2F18%2F2025%2F10%2F69755729-d867-4458-b0dc-6e02d584d7d7.jpg&#038;fit=contain&#038;w=375&#038;h=206&#038;s=8134bbfd74a1ceab02473642ceff894e 375w, https:\/\/www.abf.se\/fyrbodal\/resized\/?url=https%3A%2F%2Fwww.abf.se%2Fwp-content%2Fuploads%2Fsites%2F18%2F2025%2F10%2F69755729-d867-4458-b0dc-6e02d584d7d7.jpg&#038;fit=contain&#038;w=423&#038;h=233&#038;s=b1cfa5b7ca7276ff0810c452be6bb1db 423w, https:\/\/www.abf.se\/fyrbodal\/resized\/?url=https%3A%2F%2Fwww.abf.se%2Fwp-content%2Fuploads%2Fsites%2F18%2F2025%2F10%2F69755729-d867-4458-b0dc-6e02d584d7d7.jpg&#038;fit=contain&#038;w=471&#038;h=259&#038;s=d01aa14149dfc8c43c388f114090e1bb 471w, https:\/\/www.abf.se\/fyrbodal\/resized\/?url=https%3A%2F%2Fwww.abf.se%2Fwp-content%2Fuploads%2Fsites%2F18%2F2025%2F10%2F69755729-d867-4458-b0dc-6e02d584d7d7.jpg&#038;fit=contain&#038;w=519&#038;h=286&#038;s=c20ee3cd3578a848b4da2990e597af2a 519w, https:\/\/www.abf.se\/fyrbodal\/resized\/?url=https%3A%2F%2Fwww.abf.se%2Fwp-content%2Fuploads%2Fsites%2F18%2F2025%2F10%2F69755729-d867-4458-b0dc-6e02d584d7d7.jpg&#038;fit=contain&#038;w=567&#038;h=312&#038;s=0755b5d0df7bc4f0cc4fef4d48f4e977 567w, https:\/\/www.abf.se\/fyrbodal\/resized\/?url=https%3A%2F%2Fwww.abf.se%2Fwp-content%2Fuploads%2Fsites%2F18%2F2025%2F10%2F69755729-d867-4458-b0dc-6e02d584d7d7.jpg&#038;fit=contain&#038;w=578&#038;s=2c2ae52c9a325dd026d98e6ba0eb4574 578w, https:\/\/www.abf.se\/fyrbodal\/resized\/?url=https%3A%2F%2Fwww.abf.se%2Fwp-content%2Fuploads%2Fsites%2F18%2F2025%2F10%2F69755729-d867-4458-b0dc-6e02d584d7d7.jpg&#038;fit=contain&#038;w=750&#038;h=413&#038;s=6f621ff73aeab842699412798f793eb1 750w, https:\/\/www.abf.se\/fyrbodal\/resized\/?url=https%3A%2F%2Fwww.abf.se%2Fwp-content%2Fuploads%2Fsites%2F18%2F2025%2F10%2F69755729-d867-4458-b0dc-6e02d584d7d7.jpg&#038;fit=contain&#038;w=846&#038;h=466&#038;s=ae68295bf8077b2e8a70b16e82950872 846w, https:\/\/www.abf.se\/fyrbodal\/resized\/?url=https%3A%2F%2Fwww.abf.se%2Fwp-content%2Fuploads%2Fsites%2F18%2F2025%2F10%2F69755729-d867-4458-b0dc-6e02d584d7d7.jpg&#038;fit=contain&#038;w=942&#038;h=519&#038;s=b9d7207df695b4571ddcec0eea0ba8c3 942w, https:\/\/www.abf.se\/fyrbodal\/resized\/?url=https%3A%2F%2Fwww.abf.se%2Fwp-content%2Fuploads%2Fsites%2F18%2F2025%2F10%2F69755729-d867-4458-b0dc-6e02d584d7d7.jpg&#038;fit=contain&#038;w=1038&#038;h=572&#038;s=541ac049ab98ac24d762775ec2ef95ad 1038w, https:\/\/www.abf.se\/fyrbodal\/resized\/?url=https%3A%2F%2Fwww.abf.se%2Fwp-content%2Fuploads%2Fsites%2F18%2F2025%2F10%2F69755729-d867-4458-b0dc-6e02d584d7d7.jpg&#038;fit=contain&#038;w=1134&#038;h=625&#038;s=6926cd56e68013cb06745e9dbf23de1d 1134w\" alt=\"\" height=\"319\" width=\"578\" sizes=\"auto, (max-width: 768px) calc(100vw - 40px), (min-width: 768px) and (max-width: 1156px) calc(50vw - 56px), calc((1156px \/ 2) - 16px)\" loading=\"lazy\" fetchpriority=\"low\" class=\"round-corners-lg w-full\" \/><\/picture>\n                            <figcaption class=\"my-2 body-md text-gray-text\">\n                    Kulturverkstaden ger unga i Fyrbodal en meningsfull fritid\r\n\r\nF\u00f6r m\u00e5nga unga kan fritiden efter skolan k\u00e4nnas stillsam och ibland ensam. Alla har inte tillg\u00e5ng till fritidsg\u00e5rdar eller kreativa milj\u00f6er d\u00e4r man kan uttrycka sig och m\u00f6ta andra. F\u00f6r att f\u00f6r\u00e4ndra det satsar ABF Fyrbodal p\u00e5 Kulturverkstaden \u2013 en m\u00f6tesplats som snabbt blivit en viktig del av ungas vardag i flera kommuner.\n                <\/figcaption>\n                        <\/figure>\n        <figure>\n        \n            <picture class=\"round-corners-lg w-full\"><img decoding=\"async\" src=\"https:\/\/www.abf.se\/fyrbodal\/resized\/?url=https%3A%2F%2Fwww.abf.se%2Fwp-content%2Fuploads%2Fsites%2F18%2F2025%2F10%2F7-scaled.jpg&#038;fit=contain&#038;w=578&#038;s=b9e9e0032578dd129b4e6c34a60d8414\" srcset=\"https:\/\/www.abf.se\/fyrbodal\/resized\/?url=https%3A%2F%2Fwww.abf.se%2Fwp-content%2Fuploads%2Fsites%2F18%2F2025%2F10%2F7-scaled.jpg&#038;fit=contain&#038;w=375&#038;h=245&#038;s=8fe803fcccd45749ea2904cc71d06810 375w, https:\/\/www.abf.se\/fyrbodal\/resized\/?url=https%3A%2F%2Fwww.abf.se%2Fwp-content%2Fuploads%2Fsites%2F18%2F2025%2F10%2F7-scaled.jpg&#038;fit=contain&#038;w=423&#038;h=277&#038;s=4f257a317f35e9c9ef7dc177a4284d7a 423w, https:\/\/www.abf.se\/fyrbodal\/resized\/?url=https%3A%2F%2Fwww.abf.se%2Fwp-content%2Fuploads%2Fsites%2F18%2F2025%2F10%2F7-scaled.jpg&#038;fit=contain&#038;w=471&#038;h=308&#038;s=b2443086130f932d642fc010f06f6a0f 471w, https:\/\/www.abf.se\/fyrbodal\/resized\/?url=https%3A%2F%2Fwww.abf.se%2Fwp-content%2Fuploads%2Fsites%2F18%2F2025%2F10%2F7-scaled.jpg&#038;fit=contain&#038;w=519&#038;h=340&#038;s=e11b2853dfb812479850a13ceb457c3b 519w, https:\/\/www.abf.se\/fyrbodal\/resized\/?url=https%3A%2F%2Fwww.abf.se%2Fwp-content%2Fuploads%2Fsites%2F18%2F2025%2F10%2F7-scaled.jpg&#038;fit=contain&#038;w=567&#038;h=371&#038;s=df54e189b83e6c4498e8952fc853778a 567w, https:\/\/www.abf.se\/fyrbodal\/resized\/?url=https%3A%2F%2Fwww.abf.se%2Fwp-content%2Fuploads%2Fsites%2F18%2F2025%2F10%2F7-scaled.jpg&#038;fit=contain&#038;w=578&#038;s=b9e9e0032578dd129b4e6c34a60d8414 578w, https:\/\/www.abf.se\/fyrbodal\/resized\/?url=https%3A%2F%2Fwww.abf.se%2Fwp-content%2Fuploads%2Fsites%2F18%2F2025%2F10%2F7-scaled.jpg&#038;fit=contain&#038;w=750&#038;h=491&#038;s=9bd6e2b67102cc7ec5117f4b1c64873f 750w, https:\/\/www.abf.se\/fyrbodal\/resized\/?url=https%3A%2F%2Fwww.abf.se%2Fwp-content%2Fuploads%2Fsites%2F18%2F2025%2F10%2F7-scaled.jpg&#038;fit=contain&#038;w=846&#038;h=554&#038;s=ad326f1e2a705a5c5a632ea84da49e4c 846w, https:\/\/www.abf.se\/fyrbodal\/resized\/?url=https%3A%2F%2Fwww.abf.se%2Fwp-content%2Fuploads%2Fsites%2F18%2F2025%2F10%2F7-scaled.jpg&#038;fit=contain&#038;w=942&#038;h=617&#038;s=60465e4d4ae779c67e1f023cda3641b3 942w, https:\/\/www.abf.se\/fyrbodal\/resized\/?url=https%3A%2F%2Fwww.abf.se%2Fwp-content%2Fuploads%2Fsites%2F18%2F2025%2F10%2F7-scaled.jpg&#038;fit=contain&#038;w=1038&#038;h=680&#038;s=f6e90e8728345e75cb5ea2f9630559e1 1038w, https:\/\/www.abf.se\/fyrbodal\/resized\/?url=https%3A%2F%2Fwww.abf.se%2Fwp-content%2Fuploads%2Fsites%2F18%2F2025%2F10%2F7-scaled.jpg&#038;fit=contain&#038;w=1134&#038;h=743&#038;s=f2558f5ee025f3de500828218b575ac0 1134w\" alt=\"\" height=\"379\" width=\"578\" sizes=\"auto, (max-width: 768px) calc(100vw - 40px), (min-width: 768px) and (max-width: 1156px) calc(50vw - 56px), calc((1156px \/ 2) - 16px)\" loading=\"lazy\" fetchpriority=\"low\" class=\"round-corners-lg w-full\" \/><\/picture>\n                            <figcaption class=\"my-2 body-md text-gray-text\">\n                    Kulturverkstaden finns idag i Str\u00f6mstad, Tanum, Munkedal och Soten\u00e4s. H\u00e4r kan unga skapa, umg\u00e5s och inspireras \u2013 utan krav p\u00e5 prestation.\r\n\r\n\u2013 Det handlar om att skapa en meningsfull fritid. Det ska vara enkelt och lustfyllt att vara med, s\u00e4ger Dennis Hyllman, som arbetar med konceptet.\n                <\/figcaption>\n                        <\/figure>\n        <\/div>\n\n<\/div>\n<div\n    class=\"acf-article-image-block mb-12 container\"\n    data-block=\"article-image-block\"\n>\n<div class=\"grid md:grid-cols-2 gap-4\">\n\n        <figure>\n        \n            <picture class=\"round-corners-lg w-full\"><img decoding=\"async\" src=\"https:\/\/www.abf.se\/fyrbodal\/resized\/?url=https%3A%2F%2Fwww.abf.se%2Fwp-content%2Fuploads%2Fsites%2F18%2F2025%2F10%2F491848410_1227423786054898_9074291993545224674_n.jpg&#038;fit=contain&#038;w=578&#038;s=1cae542a55c6b3b9f3ab7cdd0c8be933\" srcset=\"https:\/\/www.abf.se\/fyrbodal\/resized\/?url=https%3A%2F%2Fwww.abf.se%2Fwp-content%2Fuploads%2Fsites%2F18%2F2025%2F10%2F491848410_1227423786054898_9074291993545224674_n.jpg&#038;fit=contain&#038;w=375&#038;h=239&#038;s=f2a040dfda997d8815a115597c1413fd 375w, https:\/\/www.abf.se\/fyrbodal\/resized\/?url=https%3A%2F%2Fwww.abf.se%2Fwp-content%2Fuploads%2Fsites%2F18%2F2025%2F10%2F491848410_1227423786054898_9074291993545224674_n.jpg&#038;fit=contain&#038;w=423&#038;h=270&#038;s=71e53301dab95b873a72832d295ae822 423w, https:\/\/www.abf.se\/fyrbodal\/resized\/?url=https%3A%2F%2Fwww.abf.se%2Fwp-content%2Fuploads%2Fsites%2F18%2F2025%2F10%2F491848410_1227423786054898_9074291993545224674_n.jpg&#038;fit=contain&#038;w=471&#038;h=300&#038;s=6582c20e1d2582d4c873b5fbd3e68d7e 471w, https:\/\/www.abf.se\/fyrbodal\/resized\/?url=https%3A%2F%2Fwww.abf.se%2Fwp-content%2Fuploads%2Fsites%2F18%2F2025%2F10%2F491848410_1227423786054898_9074291993545224674_n.jpg&#038;fit=contain&#038;w=519&#038;h=331&#038;s=d44877d062aa72eb3f69a08f79ce9953 519w, https:\/\/www.abf.se\/fyrbodal\/resized\/?url=https%3A%2F%2Fwww.abf.se%2Fwp-content%2Fuploads%2Fsites%2F18%2F2025%2F10%2F491848410_1227423786054898_9074291993545224674_n.jpg&#038;fit=contain&#038;w=567&#038;h=361&#038;s=7fb4202333ca87bd0181f9792ba27111 567w, https:\/\/www.abf.se\/fyrbodal\/resized\/?url=https%3A%2F%2Fwww.abf.se%2Fwp-content%2Fuploads%2Fsites%2F18%2F2025%2F10%2F491848410_1227423786054898_9074291993545224674_n.jpg&#038;fit=contain&#038;w=578&#038;s=1cae542a55c6b3b9f3ab7cdd0c8be933 578w, https:\/\/www.abf.se\/fyrbodal\/resized\/?url=https%3A%2F%2Fwww.abf.se%2Fwp-content%2Fuploads%2Fsites%2F18%2F2025%2F10%2F491848410_1227423786054898_9074291993545224674_n.jpg&#038;fit=contain&#038;w=750&#038;h=478&#038;s=2bb07599ccb71ff7e7c0c67513dd7f5a 750w, https:\/\/www.abf.se\/fyrbodal\/resized\/?url=https%3A%2F%2Fwww.abf.se%2Fwp-content%2Fuploads%2Fsites%2F18%2F2025%2F10%2F491848410_1227423786054898_9074291993545224674_n.jpg&#038;fit=contain&#038;w=846&#038;h=540&#038;s=7d589e43383a0cfc4b4ab93b56c313a0 846w, https:\/\/www.abf.se\/fyrbodal\/resized\/?url=https%3A%2F%2Fwww.abf.se%2Fwp-content%2Fuploads%2Fsites%2F18%2F2025%2F10%2F491848410_1227423786054898_9074291993545224674_n.jpg&#038;fit=contain&#038;w=942&#038;h=601&#038;s=94518ee819c9cd5b0b6a3680712491e3 942w, https:\/\/www.abf.se\/fyrbodal\/resized\/?url=https%3A%2F%2Fwww.abf.se%2Fwp-content%2Fuploads%2Fsites%2F18%2F2025%2F10%2F491848410_1227423786054898_9074291993545224674_n.jpg&#038;fit=contain&#038;w=1038&#038;h=662&#038;s=d3b99a0de816876187e0cf54c16b5e5b 1038w, https:\/\/www.abf.se\/fyrbodal\/resized\/?url=https%3A%2F%2Fwww.abf.se%2Fwp-content%2Fuploads%2Fsites%2F18%2F2025%2F10%2F491848410_1227423786054898_9074291993545224674_n.jpg&#038;fit=contain&#038;w=1134&#038;h=723&#038;s=4ec9651ed849e25fe3ef27ddb7637ece 1134w\" alt=\"\" height=\"369\" width=\"578\" sizes=\"auto, (max-width: 768px) calc(100vw - 40px), (min-width: 768px) and (max-width: 1156px) calc(50vw - 56px), calc((1156px \/ 2) - 16px)\" loading=\"lazy\" fetchpriority=\"low\" class=\"round-corners-lg w-full\" \/><\/picture>\n                            <figcaption class=\"my-2 body-md text-gray-text\">\n                    Verksamheten har en l\u00e5g tr\u00f6skel och fokus p\u00e5 gemenskap. H\u00e4r \u00e4r det lika v\u00e4lkommet att delta aktivt som att bara sitta bredvid och h\u00e4nga. En bok kan bli teater, en dikt kan bli musik och en ber\u00e4ttelse kan inspirera till matlagning eller en spelkv\u00e4ll.\r\n\r\n\u2013 Det viktiga \u00e4r att det finns en plats d\u00e4r unga k\u00e4nner sig trygga och inkluderade. Man kan m\u00e5la, spela, l\u00e4sa, skapa \u2013 eller bara vara. Alla former av deltagande \u00e4r lika v\u00e4rdefulla, s\u00e4ger Dennis.\n                <\/figcaption>\n                        <\/figure>\n        <figure>\n        \n            <picture class=\"round-corners-lg w-full\"><img decoding=\"async\" src=\"https:\/\/www.abf.se\/fyrbodal\/resized\/?url=https%3A%2F%2Fwww.abf.se%2Fwp-content%2Fuploads%2Fsites%2F18%2F2025%2F10%2Fc10caf00-2a76-46ed-bdea-8cd5fef79a96.jpg&#038;fit=contain&#038;w=578&#038;s=5685ce3c5deec4cac6b7f19f31c9e7a5\" srcset=\"https:\/\/www.abf.se\/fyrbodal\/resized\/?url=https%3A%2F%2Fwww.abf.se%2Fwp-content%2Fuploads%2Fsites%2F18%2F2025%2F10%2Fc10caf00-2a76-46ed-bdea-8cd5fef79a96.jpg&#038;fit=contain&#038;w=375&#038;h=206&#038;s=fe57dfb61ebe9359ad412119e6a67621 375w, https:\/\/www.abf.se\/fyrbodal\/resized\/?url=https%3A%2F%2Fwww.abf.se%2Fwp-content%2Fuploads%2Fsites%2F18%2F2025%2F10%2Fc10caf00-2a76-46ed-bdea-8cd5fef79a96.jpg&#038;fit=contain&#038;w=423&#038;h=233&#038;s=c56f9732c56735d10b161ce8c30b82be 423w, https:\/\/www.abf.se\/fyrbodal\/resized\/?url=https%3A%2F%2Fwww.abf.se%2Fwp-content%2Fuploads%2Fsites%2F18%2F2025%2F10%2Fc10caf00-2a76-46ed-bdea-8cd5fef79a96.jpg&#038;fit=contain&#038;w=471&#038;h=259&#038;s=39b3b06d8cddcb8fda21d5f16a9b8144 471w, https:\/\/www.abf.se\/fyrbodal\/resized\/?url=https%3A%2F%2Fwww.abf.se%2Fwp-content%2Fuploads%2Fsites%2F18%2F2025%2F10%2Fc10caf00-2a76-46ed-bdea-8cd5fef79a96.jpg&#038;fit=contain&#038;w=519&#038;h=286&#038;s=084811969f871344d11418533fe0832e 519w, https:\/\/www.abf.se\/fyrbodal\/resized\/?url=https%3A%2F%2Fwww.abf.se%2Fwp-content%2Fuploads%2Fsites%2F18%2F2025%2F10%2Fc10caf00-2a76-46ed-bdea-8cd5fef79a96.jpg&#038;fit=contain&#038;w=567&#038;h=312&#038;s=9fdbaba8229121fbf88b704cd9520ca4 567w, https:\/\/www.abf.se\/fyrbodal\/resized\/?url=https%3A%2F%2Fwww.abf.se%2Fwp-content%2Fuploads%2Fsites%2F18%2F2025%2F10%2Fc10caf00-2a76-46ed-bdea-8cd5fef79a96.jpg&#038;fit=contain&#038;w=578&#038;s=5685ce3c5deec4cac6b7f19f31c9e7a5 578w, https:\/\/www.abf.se\/fyrbodal\/resized\/?url=https%3A%2F%2Fwww.abf.se%2Fwp-content%2Fuploads%2Fsites%2F18%2F2025%2F10%2Fc10caf00-2a76-46ed-bdea-8cd5fef79a96.jpg&#038;fit=contain&#038;w=750&#038;h=413&#038;s=6a8b3d7f2a9a01c105e9eaacc92811ea 750w, https:\/\/www.abf.se\/fyrbodal\/resized\/?url=https%3A%2F%2Fwww.abf.se%2Fwp-content%2Fuploads%2Fsites%2F18%2F2025%2F10%2Fc10caf00-2a76-46ed-bdea-8cd5fef79a96.jpg&#038;fit=contain&#038;w=846&#038;h=466&#038;s=5c7bac48754dfe26875e40e63bebbb4f 846w, https:\/\/www.abf.se\/fyrbodal\/resized\/?url=https%3A%2F%2Fwww.abf.se%2Fwp-content%2Fuploads%2Fsites%2F18%2F2025%2F10%2Fc10caf00-2a76-46ed-bdea-8cd5fef79a96.jpg&#038;fit=contain&#038;w=942&#038;h=519&#038;s=bdf589cd0db28c6ef272cc3247ee77ba 942w, https:\/\/www.abf.se\/fyrbodal\/resized\/?url=https%3A%2F%2Fwww.abf.se%2Fwp-content%2Fuploads%2Fsites%2F18%2F2025%2F10%2Fc10caf00-2a76-46ed-bdea-8cd5fef79a96.jpg&#038;fit=contain&#038;w=1038&#038;h=572&#038;s=35856fbaf9a48a5be1b69c503bf0c3cd 1038w, https:\/\/www.abf.se\/fyrbodal\/resized\/?url=https%3A%2F%2Fwww.abf.se%2Fwp-content%2Fuploads%2Fsites%2F18%2F2025%2F10%2Fc10caf00-2a76-46ed-bdea-8cd5fef79a96.jpg&#038;fit=contain&#038;w=1134&#038;h=625&#038;s=02be10201a1b5714b1c9e43ef3f4fec5 1134w\" alt=\"\" height=\"319\" width=\"578\" sizes=\"auto, (max-width: 768px) calc(100vw - 40px), (min-width: 768px) and (max-width: 1156px) calc(50vw - 56px), calc((1156px \/ 2) - 16px)\" loading=\"lazy\" fetchpriority=\"low\" class=\"round-corners-lg w-full\" \/><\/picture>\n                            <figcaption class=\"my-2 body-md text-gray-text\">\n                    \u00c4ven om grundid\u00e9n \u00e4r densamma p\u00e5 alla orter formas inneh\u00e5llet efter lokala behov och ungdomarnas egna intressen.\r\n\r\n\u2013 Vi tror p\u00e5 j\u00e4mlik kultur. Alla ska ha m\u00f6jlighet att ta del av kultur, oavsett bakgrund eller var man bor. D\u00e4rf\u00f6r k\u00e4nns det extra viktigt att vi finns \u00e4ven i de mindre kommunerna, s\u00e4ger Dennis Hyllman.\r\n\r\nGenom Kulturverkstaden vill ABF Fyrbodal skapa fler m\u00f6jligheter f\u00f6r unga att hitta sin plats, uttrycka sig kreativt och k\u00e4nna gemenskap \u2013 p\u00e5 sina egna villkor.\n                <\/figcaption>\n                        <\/figure>\n        <\/div>\n\n<\/div>\n<div\n    class=\"acf-quick-link-block bg-red py-12 md:py-20\"\n    data-block=\"quick-link-block\"\n>\n    <div class=\"container\">\n                    <h2 class=\"heading-lg mb-7 text-center text-white\">\n                F\u00f6r mer information kontakta samordnare i din stad!\n            <\/h2>\n        \n        <div\n            class=\"px-5 content:px-0 grid grid-cols-1 gap-8\">\n                    <\/div>\n    <\/div>\n<\/div>\n","protected":false},"excerpt":{"rendered":"","protected":false},"author":118,"featured_media":0,"parent":0,"menu_order":0,"comment_status":"closed","ping_status":"closed","template":"","meta":{"_acf_changed":false,"footnotes":""},"class_list":["post-803","page","type-page","status-publish","hentry"],"acf":[],"yoast_head":"<!-- This site is optimized with the Yoast SEO plugin v27.0 - https:\/\/yoast.com\/product\/yoast-seo-wordpress\/ -->\n<title>Kulturverkstad - FyrBoDal<\/title>\n<meta name=\"description\" content=\"Kulturverkstaden ger unga i Fyrbodal en meningsfull fritidF\u00f6r m\u00e5nga unga kan fritiden efter skolan k\u00e4nnas stillsam och ibland ensam. Alla har inte tillg\u00e5ng till fritidsg\u00e5rdar eller kreativa milj\u00f6er d\u00e4r man kan uttrycka sig och m\u00f6ta andra. F\u00f6r att f\u00f6r\u00e4ndra det satsar ABF Fyrbodal p\u00e5 Kulturverkstaden \u2013 en m\u00f6tesplats som snabbt blivit en viktig del av ungas vardag i flera kommuner.\" \/>\n<meta name=\"robots\" content=\"index, follow, max-snippet:-1, max-image-preview:large, max-video-preview:-1\" \/>\n<link rel=\"canonical\" href=\"https:\/\/www.abf.se\/fyrbodal\/kulturverkstad\/\" \/>\n<meta property=\"og:locale\" content=\"sv_SE\" \/>\n<meta property=\"og:type\" content=\"article\" \/>\n<meta property=\"og:title\" content=\"Kulturverkstad - FyrBoDal\" \/>\n<meta property=\"og:description\" content=\"Kulturverkstaden ger unga i Fyrbodal en meningsfull fritidF\u00f6r m\u00e5nga unga kan fritiden efter skolan k\u00e4nnas stillsam och ibland ensam. Alla har inte tillg\u00e5ng till fritidsg\u00e5rdar eller kreativa milj\u00f6er d\u00e4r man kan uttrycka sig och m\u00f6ta andra. F\u00f6r att f\u00f6r\u00e4ndra det satsar ABF Fyrbodal p\u00e5 Kulturverkstaden \u2013 en m\u00f6tesplats som snabbt blivit en viktig del av ungas vardag i flera kommuner.\" \/>\n<meta property=\"og:url\" content=\"https:\/\/www.abf.se\/fyrbodal\/kulturverkstad\/\" \/>\n<meta property=\"og:site_name\" content=\"FyrBoDal\" \/>\n<meta property=\"article:modified_time\" content=\"2025-10-30T13:22:42+00:00\" \/>\n<meta property=\"og:image\" content=\"https:\/\/www.abf.se\/wp-content\/uploads\/sites\/18\/2024\/04\/Nyckeln-liggande-scaled.jpg\" \/>\n\t<meta property=\"og:image:width\" content=\"2560\" \/>\n\t<meta property=\"og:image:height\" content=\"1440\" \/>\n\t<meta property=\"og:image:type\" content=\"image\/jpeg\" \/>\n<meta name=\"twitter:card\" content=\"summary_large_image\" \/>\n<script type=\"application\/ld+json\" class=\"yoast-schema-graph\">{\"@context\":\"https:\/\/schema.org\",\"@graph\":[{\"@type\":\"WebPage\",\"@id\":\"https:\/\/www.abf.se\/fyrbodal\/kulturverkstad\/\",\"url\":\"https:\/\/www.abf.se\/fyrbodal\/kulturverkstad\/\",\"name\":\"Kulturverkstad - FyrBoDal\",\"isPartOf\":{\"@id\":\"https:\/\/www.abf.se\/fyrbodal\/#website\"},\"datePublished\":\"2025-10-17T07:47:59+00:00\",\"dateModified\":\"2025-10-30T13:22:42+00:00\",\"description\":\"Kulturverkstaden ger unga i Fyrbodal en meningsfull fritidF\u00f6r m\u00e5nga unga kan fritiden efter skolan k\u00e4nnas stillsam och ibland ensam. Alla har inte tillg\u00e5ng till fritidsg\u00e5rdar eller kreativa milj\u00f6er d\u00e4r man kan uttrycka sig och m\u00f6ta andra. F\u00f6r att f\u00f6r\u00e4ndra det satsar ABF Fyrbodal p\u00e5 Kulturverkstaden \u2013 en m\u00f6tesplats som snabbt blivit en viktig del av ungas vardag i flera kommuner.\",\"breadcrumb\":{\"@id\":\"https:\/\/www.abf.se\/fyrbodal\/kulturverkstad\/#breadcrumb\"},\"inLanguage\":\"sv-SE\",\"potentialAction\":[{\"@type\":\"ReadAction\",\"target\":[\"https:\/\/www.abf.se\/fyrbodal\/kulturverkstad\/\"]}]},{\"@type\":\"BreadcrumbList\",\"@id\":\"https:\/\/www.abf.se\/fyrbodal\/kulturverkstad\/#breadcrumb\",\"itemListElement\":[{\"@type\":\"ListItem\",\"position\":1,\"name\":\"Home\",\"item\":\"https:\/\/www.abf.se\/fyrbodal\/\"},{\"@type\":\"ListItem\",\"position\":2,\"name\":\"Kulturverkstad\"}]},{\"@type\":\"WebSite\",\"@id\":\"https:\/\/www.abf.se\/fyrbodal\/#website\",\"url\":\"https:\/\/www.abf.se\/fyrbodal\/\",\"name\":\"FyrBoDal\",\"description\":\"\",\"potentialAction\":[{\"@type\":\"SearchAction\",\"target\":{\"@type\":\"EntryPoint\",\"urlTemplate\":\"https:\/\/www.abf.se\/fyrbodal\/?s={search_term_string}\"},\"query-input\":{\"@type\":\"PropertyValueSpecification\",\"valueRequired\":true,\"valueName\":\"search_term_string\"}}],\"inLanguage\":\"sv-SE\"}]}<\/script>\n<!-- \/ Yoast SEO plugin. -->","yoast_head_json":{"title":"Kulturverkstad - FyrBoDal","description":"Kulturverkstaden ger unga i Fyrbodal en meningsfull fritidF\u00f6r m\u00e5nga unga kan fritiden efter skolan k\u00e4nnas stillsam och ibland ensam. Alla har inte tillg\u00e5ng till fritidsg\u00e5rdar eller kreativa milj\u00f6er d\u00e4r man kan uttrycka sig och m\u00f6ta andra. F\u00f6r att f\u00f6r\u00e4ndra det satsar ABF Fyrbodal p\u00e5 Kulturverkstaden \u2013 en m\u00f6tesplats som snabbt blivit en viktig del av ungas vardag i flera kommuner.","robots":{"index":"index","follow":"follow","max-snippet":"max-snippet:-1","max-image-preview":"max-image-preview:large","max-video-preview":"max-video-preview:-1"},"canonical":"https:\/\/www.abf.se\/fyrbodal\/kulturverkstad\/","og_locale":"sv_SE","og_type":"article","og_title":"Kulturverkstad - FyrBoDal","og_description":"Kulturverkstaden ger unga i Fyrbodal en meningsfull fritidF\u00f6r m\u00e5nga unga kan fritiden efter skolan k\u00e4nnas stillsam och ibland ensam. Alla har inte tillg\u00e5ng till fritidsg\u00e5rdar eller kreativa milj\u00f6er d\u00e4r man kan uttrycka sig och m\u00f6ta andra. F\u00f6r att f\u00f6r\u00e4ndra det satsar ABF Fyrbodal p\u00e5 Kulturverkstaden \u2013 en m\u00f6tesplats som snabbt blivit en viktig del av ungas vardag i flera kommuner.","og_url":"https:\/\/www.abf.se\/fyrbodal\/kulturverkstad\/","og_site_name":"FyrBoDal","article_modified_time":"2025-10-30T13:22:42+00:00","og_image":[{"width":2560,"height":1440,"url":"https:\/\/www.abf.se\/wp-content\/uploads\/sites\/18\/2024\/04\/Nyckeln-liggande-scaled.jpg","type":"image\/jpeg"}],"twitter_card":"summary_large_image","schema":{"@context":"https:\/\/schema.org","@graph":[{"@type":"WebPage","@id":"https:\/\/www.abf.se\/fyrbodal\/kulturverkstad\/","url":"https:\/\/www.abf.se\/fyrbodal\/kulturverkstad\/","name":"Kulturverkstad - FyrBoDal","isPartOf":{"@id":"https:\/\/www.abf.se\/fyrbodal\/#website"},"datePublished":"2025-10-17T07:47:59+00:00","dateModified":"2025-10-30T13:22:42+00:00","description":"Kulturverkstaden ger unga i Fyrbodal en meningsfull fritidF\u00f6r m\u00e5nga unga kan fritiden efter skolan k\u00e4nnas stillsam och ibland ensam. Alla har inte tillg\u00e5ng till fritidsg\u00e5rdar eller kreativa milj\u00f6er d\u00e4r man kan uttrycka sig och m\u00f6ta andra. F\u00f6r att f\u00f6r\u00e4ndra det satsar ABF Fyrbodal p\u00e5 Kulturverkstaden \u2013 en m\u00f6tesplats som snabbt blivit en viktig del av ungas vardag i flera kommuner.","breadcrumb":{"@id":"https:\/\/www.abf.se\/fyrbodal\/kulturverkstad\/#breadcrumb"},"inLanguage":"sv-SE","potentialAction":[{"@type":"ReadAction","target":["https:\/\/www.abf.se\/fyrbodal\/kulturverkstad\/"]}]},{"@type":"BreadcrumbList","@id":"https:\/\/www.abf.se\/fyrbodal\/kulturverkstad\/#breadcrumb","itemListElement":[{"@type":"ListItem","position":1,"name":"Home","item":"https:\/\/www.abf.se\/fyrbodal\/"},{"@type":"ListItem","position":2,"name":"Kulturverkstad"}]},{"@type":"WebSite","@id":"https:\/\/www.abf.se\/fyrbodal\/#website","url":"https:\/\/www.abf.se\/fyrbodal\/","name":"FyrBoDal","description":"","potentialAction":[{"@type":"SearchAction","target":{"@type":"EntryPoint","urlTemplate":"https:\/\/www.abf.se\/fyrbodal\/?s={search_term_string}"},"query-input":{"@type":"PropertyValueSpecification","valueRequired":true,"valueName":"search_term_string"}}],"inLanguage":"sv-SE"}]}},"_links":{"self":[{"href":"https:\/\/www.abf.se\/fyrbodal\/wp-json\/wp\/v2\/pages\/803","targetHints":{"allow":["GET"]}}],"collection":[{"href":"https:\/\/www.abf.se\/fyrbodal\/wp-json\/wp\/v2\/pages"}],"about":[{"href":"https:\/\/www.abf.se\/fyrbodal\/wp-json\/wp\/v2\/types\/page"}],"author":[{"embeddable":true,"href":"https:\/\/www.abf.se\/fyrbodal\/wp-json\/wp\/v2\/users\/118"}],"replies":[{"embeddable":true,"href":"https:\/\/www.abf.se\/fyrbodal\/wp-json\/wp\/v2\/comments?post=803"}],"version-history":[{"count":9,"href":"https:\/\/www.abf.se\/fyrbodal\/wp-json\/wp\/v2\/pages\/803\/revisions"}],"predecessor-version":[{"id":857,"href":"https:\/\/www.abf.se\/fyrbodal\/wp-json\/wp\/v2\/pages\/803\/revisions\/857"}],"wp:attachment":[{"href":"https:\/\/www.abf.se\/fyrbodal\/wp-json\/wp\/v2\/media?parent=803"}],"curies":[{"name":"wp","href":"https:\/\/api.w.org\/{rel}","templated":true}]}}