{"id":9,"date":"2024-04-23T13:21:28","date_gmt":"2024-04-23T11:21:28","guid":{"rendered":"https:\/\/www.abf.se\/fyrbodal\/?page_id=9"},"modified":"2024-04-23T13:21:28","modified_gmt":"2024-04-23T11:21:28","slug":"tillganglighetsredogorelse","status":"publish","type":"page","link":"https:\/\/www.abf.se\/fyrbodal\/tillganglighetsredogorelse\/","title":{"rendered":"Tillg\u00e4nglighetsredog\u00f6relse"},"content":{"rendered":"<div\n    class=\"acf-plain-heading-block container my-16\"\n    data-block=\"plain-heading-block\"\n>\n    <div class=\"max-w-[658px] mx-auto\">\n                <h1 class=\"hero-heading\"><span>Tillg\u00e4nglighetsredog\u00f6relse<\/span><\/h1>\n                    <\/div>\n<\/div>\n\n\n<div\n    class=\"acf-article-text-block article-container my-12\"\n    data-block=\"article-text-block\"\n>\n    <div class=\"wysiwyg\">\n        <h2>Tillg\u00e4nglighet f\u00f6r abf.se<\/h2>\n<p>ABF st\u00e5r bakom den h\u00e4r webbplatsen. Vi vill att s\u00e5 m\u00e5nga som m\u00f6jligt ska kunna anv\u00e4nda den. Det h\u00e4r dokumentet beskriver hur ABFs uppfyller lagen om tillg\u00e4nglighet till digital offentlig service, eventuella k\u00e4nda tillg\u00e4nglighetsproblem och hur du kan rapportera brister till oss s\u00e5 att vi kan \u00e5tg\u00e4rda dem.<\/p>\n<h3>Hur tillg\u00e4nglig \u00e4r webbplatsen?<\/h3>\n<p>Vi har inga k\u00e4nda brister i tillg\u00e4ngligheten f\u00f6r den h\u00e4r webbplatsen.<\/p>\n<h3>Vad kan du g\u00f6ra om du inte kan anv\u00e4nda delar av webbplatsen?<\/h3>\n<p>Om du beh\u00f6ver inneh\u00e5ll fr\u00e5n ABF som inte \u00e4r tillg\u00e4ngligt f\u00f6r dig, men som \u00e4r undantaget fr\u00e5n lagens till\u00e4mpningsomr\u00e5de enligt beskrivning nedan, kan du meddela oss via <a href=\"mailto:support@abf.se\">support@abf.se<\/a>.<\/p>\n<h3>Rapportera brister i webbplatsens tillg\u00e4nglighet<\/h3>\n<p>Vi str\u00e4var hela tiden efter att f\u00f6rb\u00e4ttra webbplatsens tillg\u00e4nglighet. Om du uppt\u00e4cker problem som inte \u00e4r beskrivna p\u00e5 den h\u00e4r sidan, eller om du anser att vi inte uppfyller lagens krav, meddela oss via <a href=\"mailto:support@abf.se\">support@abf.se<\/a> s\u00e5 att vi f\u00e5r veta att problemet finns.<\/p>\n<p>Det inneh\u00e5ll som beskrivs nedan \u00e4r p\u00e5 ett eller annat s\u00e4tt inte helt tillg\u00e4ngligt.<\/p>\n<p>Alla pdf-dokument \u00e4r inte helt tillg\u00e4ngliga. Bland annat publiceras pdf-dokument p\u00e5 abf.se.<\/p>\n<h3>K\u00e4nda brister<\/h3>\n<ul>\n<li>Vissa pdf-dokument \u00e4r inte skapade p\u00e5 r\u00e4tt s\u00e4tt (taggade) s\u00e5 att de fungerar med sk\u00e4rml\u00e4sare.<\/li>\n<li>Bilder och diagram saknar i vissa dokument alternativtexter.<\/li>\n<\/ul>\n<p>V\u00e5r ambition \u00e4r att ha \u00e5tg\u00e4rdat alla k\u00e4nda tillg\u00e4nglighetsproblem avseende webbplatsens funktionalitet senast den 30 juni 2026. Vissa pdf-dokument kommer det dock vara sv\u00e5rt att kunna tillg\u00e4nglighetsanpassa i efterhand.<\/p>\n<h3>Tillsyn<\/h3>\n<p>Myndigheten f\u00f6r digital f\u00f6rvaltning, Digg, har ansvaret f\u00f6r tillsyn \u00f6ver lagen om tillg\u00e4nglighet till digital offentlig service. Du kan <a href=\"https:\/\/www.digg.se\/tdosanmalan\" target=\"_blank\" rel=\"noopener\">anm\u00e4la till Digg<\/a> om du tycker att v\u00e5r digitala service har brister i tillg\u00e4nglighet.<\/p>\n<p>Du kan ocks\u00e5 <a href=\"https:\/\/www.digg.se\/tdosanmalan\" target=\"_blank\" rel=\"noopener\">anm\u00e4la till Digg<\/a> om du tycker att v\u00e5r bed\u00f6mning av vad som \u00e4r osk\u00e4ligt betungande ska granskas, om du tycker att v\u00e5r tillg\u00e4nglighetsredog\u00f6relse har brister eller om du tycker att vi inte har hanterat din beg\u00e4ran om tillg\u00e4ngligg\u00f6rande korrekt.<\/p>\n<h3>Teknisk information om webbplatsens tillg\u00e4nglighet<\/h3>\n<p>Abf.se efterstr\u00e4var att vara helt f\u00f6renlig med lagen om tillg\u00e4nglighet till digital offentlig service. ABF r\u00e4knas inte som offentlig myndighet.<\/p>\n<h3>Hur vi testat webbplatsen<\/h3>\n<p>Vi har gjort en sj\u00e4lvskattning (intern testning) av abf.se med hj\u00e4lp av verktyget ReadAloud samt Chromes hj\u00e4lpverktyg.<\/p>\n<hr \/>\n<p>Senaste bed\u00f6mningen gjordes den 2025-08-13.<\/p>\n<p>Webbplatsen publicerades den 2024-04-29<br \/>\nRedog\u00f6relsen uppdaterades senast den 2025-12-02.<\/p>\n\n    <\/div>\n<\/div>\n","protected":false},"excerpt":{"rendered":"","protected":false},"author":4,"featured_media":0,"parent":0,"menu_order":0,"comment_status":"closed","ping_status":"closed","template":"","meta":{"_acf_changed":false,"footnotes":""},"class_list":["post-9","page","type-page","status-publish","hentry"],"acf":[],"yoast_head":"<!-- This site is optimized with the Yoast SEO plugin v27.0 - https:\/\/yoast.com\/product\/yoast-seo-wordpress\/ -->\n<title>Tillg\u00e4nglighetsredog\u00f6relse - FyrBoDal<\/title>\n<meta name=\"robots\" content=\"index, follow, max-snippet:-1, max-image-preview:large, max-video-preview:-1\" \/>\n<link rel=\"canonical\" href=\"https:\/\/www.abf.se\/fyrbodal\/tillganglighetsredogorelse\/\" \/>\n<meta property=\"og:locale\" content=\"sv_SE\" \/>\n<meta property=\"og:type\" content=\"article\" \/>\n<meta property=\"og:title\" content=\"Tillg\u00e4nglighetsredog\u00f6relse - FyrBoDal\" \/>\n<meta property=\"og:url\" content=\"https:\/\/www.abf.se\/fyrbodal\/tillganglighetsredogorelse\/\" \/>\n<meta property=\"og:site_name\" content=\"FyrBoDal\" \/>\n<meta property=\"og:image\" content=\"https:\/\/www.abf.se\/wp-content\/uploads\/sites\/18\/2024\/04\/Nyckeln-liggande-scaled.jpg\" \/>\n\t<meta property=\"og:image:width\" content=\"2560\" \/>\n\t<meta property=\"og:image:height\" content=\"1440\" \/>\n\t<meta property=\"og:image:type\" content=\"image\/jpeg\" \/>\n<meta name=\"twitter:card\" content=\"summary_large_image\" \/>\n<script type=\"application\/ld+json\" class=\"yoast-schema-graph\">{\"@context\":\"https:\/\/schema.org\",\"@graph\":[{\"@type\":\"WebPage\",\"@id\":\"https:\/\/www.abf.se\/fyrbodal\/tillganglighetsredogorelse\/\",\"url\":\"https:\/\/www.abf.se\/fyrbodal\/tillganglighetsredogorelse\/\",\"name\":\"Tillg\u00e4nglighetsredog\u00f6relse - FyrBoDal\",\"isPartOf\":{\"@id\":\"https:\/\/www.abf.se\/fyrbodal\/#website\"},\"datePublished\":\"2024-04-23T11:21:28+00:00\",\"breadcrumb\":{\"@id\":\"https:\/\/www.abf.se\/fyrbodal\/tillganglighetsredogorelse\/#breadcrumb\"},\"inLanguage\":\"sv-SE\",\"potentialAction\":[{\"@type\":\"ReadAction\",\"target\":[\"https:\/\/www.abf.se\/fyrbodal\/tillganglighetsredogorelse\/\"]}]},{\"@type\":\"BreadcrumbList\",\"@id\":\"https:\/\/www.abf.se\/fyrbodal\/tillganglighetsredogorelse\/#breadcrumb\",\"itemListElement\":[{\"@type\":\"ListItem\",\"position\":1,\"name\":\"Home\",\"item\":\"https:\/\/www.abf.se\/fyrbodal\/\"},{\"@type\":\"ListItem\",\"position\":2,\"name\":\"Tillg\u00e4nglighetsredog\u00f6relse\"}]},{\"@type\":\"WebSite\",\"@id\":\"https:\/\/www.abf.se\/fyrbodal\/#website\",\"url\":\"https:\/\/www.abf.se\/fyrbodal\/\",\"name\":\"FyrBoDal\",\"description\":\"\",\"potentialAction\":[{\"@type\":\"SearchAction\",\"target\":{\"@type\":\"EntryPoint\",\"urlTemplate\":\"https:\/\/www.abf.se\/fyrbodal\/?s={search_term_string}\"},\"query-input\":{\"@type\":\"PropertyValueSpecification\",\"valueRequired\":true,\"valueName\":\"search_term_string\"}}],\"inLanguage\":\"sv-SE\"}]}<\/script>\n<!-- \/ Yoast SEO plugin. -->","yoast_head_json":{"title":"Tillg\u00e4nglighetsredog\u00f6relse - FyrBoDal","robots":{"index":"index","follow":"follow","max-snippet":"max-snippet:-1","max-image-preview":"max-image-preview:large","max-video-preview":"max-video-preview:-1"},"canonical":"https:\/\/www.abf.se\/fyrbodal\/tillganglighetsredogorelse\/","og_locale":"sv_SE","og_type":"article","og_title":"Tillg\u00e4nglighetsredog\u00f6relse - FyrBoDal","og_url":"https:\/\/www.abf.se\/fyrbodal\/tillganglighetsredogorelse\/","og_site_name":"FyrBoDal","og_image":[{"width":2560,"height":1440,"url":"https:\/\/www.abf.se\/wp-content\/uploads\/sites\/18\/2024\/04\/Nyckeln-liggande-scaled.jpg","type":"image\/jpeg"}],"twitter_card":"summary_large_image","schema":{"@context":"https:\/\/schema.org","@graph":[{"@type":"WebPage","@id":"https:\/\/www.abf.se\/fyrbodal\/tillganglighetsredogorelse\/","url":"https:\/\/www.abf.se\/fyrbodal\/tillganglighetsredogorelse\/","name":"Tillg\u00e4nglighetsredog\u00f6relse - FyrBoDal","isPartOf":{"@id":"https:\/\/www.abf.se\/fyrbodal\/#website"},"datePublished":"2024-04-23T11:21:28+00:00","breadcrumb":{"@id":"https:\/\/www.abf.se\/fyrbodal\/tillganglighetsredogorelse\/#breadcrumb"},"inLanguage":"sv-SE","potentialAction":[{"@type":"ReadAction","target":["https:\/\/www.abf.se\/fyrbodal\/tillganglighetsredogorelse\/"]}]},{"@type":"BreadcrumbList","@id":"https:\/\/www.abf.se\/fyrbodal\/tillganglighetsredogorelse\/#breadcrumb","itemListElement":[{"@type":"ListItem","position":1,"name":"Home","item":"https:\/\/www.abf.se\/fyrbodal\/"},{"@type":"ListItem","position":2,"name":"Tillg\u00e4nglighetsredog\u00f6relse"}]},{"@type":"WebSite","@id":"https:\/\/www.abf.se\/fyrbodal\/#website","url":"https:\/\/www.abf.se\/fyrbodal\/","name":"FyrBoDal","description":"","potentialAction":[{"@type":"SearchAction","target":{"@type":"EntryPoint","urlTemplate":"https:\/\/www.abf.se\/fyrbodal\/?s={search_term_string}"},"query-input":{"@type":"PropertyValueSpecification","valueRequired":true,"valueName":"search_term_string"}}],"inLanguage":"sv-SE"}]}},"_links":{"self":[{"href":"https:\/\/www.abf.se\/fyrbodal\/wp-json\/wp\/v2\/pages\/9","targetHints":{"allow":["GET"]}}],"collection":[{"href":"https:\/\/www.abf.se\/fyrbodal\/wp-json\/wp\/v2\/pages"}],"about":[{"href":"https:\/\/www.abf.se\/fyrbodal\/wp-json\/wp\/v2\/types\/page"}],"author":[{"embeddable":true,"href":"https:\/\/www.abf.se\/fyrbodal\/wp-json\/wp\/v2\/users\/4"}],"replies":[{"embeddable":true,"href":"https:\/\/www.abf.se\/fyrbodal\/wp-json\/wp\/v2\/comments?post=9"}],"version-history":[{"count":1,"href":"https:\/\/www.abf.se\/fyrbodal\/wp-json\/wp\/v2\/pages\/9\/revisions"}],"predecessor-version":[{"id":272,"href":"https:\/\/www.abf.se\/fyrbodal\/wp-json\/wp\/v2\/pages\/9\/revisions\/272"}],"wp:attachment":[{"href":"https:\/\/www.abf.se\/fyrbodal\/wp-json\/wp\/v2\/media?parent=9"}],"curies":[{"name":"wp","href":"https:\/\/api.w.org\/{rel}","templated":true}]}}