{"id":1099,"date":"2024-04-22T15:45:07","date_gmt":"2024-04-22T13:45:07","guid":{"rendered":"https:\/\/www.abf.se\/gastrikebygden\/?page_id=1099"},"modified":"2025-05-26T14:45:42","modified_gmt":"2025-05-26T12:45:42","slug":"instruktions-klipp-cirklar-och-kulturarrangemang","status":"publish","type":"page","link":"https:\/\/www.abf.se\/gastrikland\/rapportera-narvaro-i-e-tjansten\/instruktions-klipp-cirklar-och-kulturarrangemang\/","title":{"rendered":"Instruktionsklipp (Cirklar och Kulturarrangemang)"},"content":{"rendered":"<div\n    class=\"acf-hero-block container-lg no-padding mb-12 js-geolocation\"\n    data-block=\"hero-block\"\n    data-index=\"0\"\n>\n    <div class=\"h-[548px]  relative rounded-[32px] overflow-hidden flex bg-gray-light\">\n        <div class=\"relative z-10 mt-auto h-auto w-full md:h-full\">\n            <div class=\"flex w-full h-full flex-col flex-wrap justify-end w-full md:w-7\/12 lg:w-1\/2 md:justify-center\">\n                <div class=\"flex flex-col gap-3 md:gap-[18px] md:transparent pt-16 pb-36 md:py-8 px-4 w-full md:max-w-[620px] mx-auto px-8\">\n\n                    <h1 class=\"hero-heading hero-heading--red-text\"><span>Instruktionsklipp (Cirklar och Kulturarrangemang)<\/span><\/h1>\n\n                    \n                                    <\/div>\n            <\/div>\n        <\/div>\n\n                    <picture class=\"as-background-image mix-blend-multiply bg-black\/40\"><img decoding=\"async\" src=\"https:\/\/www.abf.se\/gastrikland\/resized\/?url=https%3A%2F%2Fwww.abf.se%2Fwp-content%2Fuploads%2Fsites%2F20%2F2024%2F04%2FInstruktioner.jpg&#038;fit=crop&#038;w=1440&#038;s=451207bd8284dfcd77b969f2aa4496d8\" srcset=\"https:\/\/www.abf.se\/gastrikland\/resized\/?url=https%3A%2F%2Fwww.abf.se%2Fwp-content%2Fuploads%2Fsites%2F20%2F2024%2F04%2FInstruktioner.jpg&#038;fit=crop&#038;w=375&#038;h=540&#038;s=a313e87d61fdc67d63fd9875b6b4aa82 375w, https:\/\/www.abf.se\/gastrikland\/resized\/?url=https%3A%2F%2Fwww.abf.se%2Fwp-content%2Fuploads%2Fsites%2F20%2F2024%2F04%2FInstruktioner.jpg&#038;fit=crop&#038;w=447&#038;h=540&#038;s=c8e34fb6df1fbd102e26ae78874d7aa2 447w, https:\/\/www.abf.se\/gastrikland\/resized\/?url=https%3A%2F%2Fwww.abf.se%2Fwp-content%2Fuploads%2Fsites%2F20%2F2024%2F04%2FInstruktioner.jpg&#038;fit=crop&#038;w=519&#038;h=540&#038;s=2ac3ffbb1f31030920dd8ff8ff3b21a4 519w, https:\/\/www.abf.se\/gastrikland\/resized\/?url=https%3A%2F%2Fwww.abf.se%2Fwp-content%2Fuploads%2Fsites%2F20%2F2024%2F04%2FInstruktioner.jpg&#038;fit=crop&#038;w=591&#038;h=540&#038;s=6df6c7eceba9626a7f53bbcd53307d45 591w, https:\/\/www.abf.se\/gastrikland\/resized\/?url=https%3A%2F%2Fwww.abf.se%2Fwp-content%2Fuploads%2Fsites%2F20%2F2024%2F04%2FInstruktioner.jpg&#038;fit=crop&#038;w=663&#038;h=540&#038;s=5b663f6244a2685e1e651f9c91ecf90c 663w, https:\/\/www.abf.se\/gastrikland\/resized\/?url=https%3A%2F%2Fwww.abf.se%2Fwp-content%2Fuploads%2Fsites%2F20%2F2024%2F04%2FInstruktioner.jpg&#038;fit=crop&#038;w=750&#038;h=540&#038;s=55dec3f51c4a2ceafc19b454661bf168 750w, https:\/\/www.abf.se\/gastrikland\/resized\/?url=https%3A%2F%2Fwww.abf.se%2Fwp-content%2Fuploads%2Fsites%2F20%2F2024%2F04%2FInstruktioner.jpg&#038;fit=crop&#038;w=894&#038;h=540&#038;s=558749b3751cef6ee3c81595e294a345 894w, https:\/\/www.abf.se\/gastrikland\/resized\/?url=https%3A%2F%2Fwww.abf.se%2Fwp-content%2Fuploads%2Fsites%2F20%2F2024%2F04%2FInstruktioner.jpg&#038;fit=crop&#038;w=1038&#038;h=540&#038;s=b2dcc1b7a84b1d845f69659a321c3dcf 1038w, https:\/\/www.abf.se\/gastrikland\/resized\/?url=https%3A%2F%2Fwww.abf.se%2Fwp-content%2Fuploads%2Fsites%2F20%2F2024%2F04%2FInstruktioner.jpg&#038;fit=crop&#038;w=1182&#038;h=540&#038;s=bccae5e8961eafb65c2fb57f6fe57fd2 1182w, https:\/\/www.abf.se\/gastrikland\/resized\/?url=https%3A%2F%2Fwww.abf.se%2Fwp-content%2Fuploads%2Fsites%2F20%2F2024%2F04%2FInstruktioner.jpg&#038;fit=crop&#038;w=1326&#038;h=540&#038;s=8524def3d1f51397dd08ec7d46c6c4e1 1326w, https:\/\/www.abf.se\/gastrikland\/resized\/?url=https%3A%2F%2Fwww.abf.se%2Fwp-content%2Fuploads%2Fsites%2F20%2F2024%2F04%2FInstruktioner.jpg&#038;fit=crop&#038;w=1440&#038;h=540&#038;s=ad315850ca644b183dfd5ae18ce55ec9 1440w\" alt=\"\" height=\"540\" width=\"1440\" sizes=\"(max-width: 1440px) calc(100vw - 32px), 1440px\" loading=\"eager\" fetchpriority=\"high\" aria-hidden=\"true\" role=\"presentation\" \/><\/picture>\n        \n\n            <\/div>\n\n    <\/div>\n\n<div\n        class=\"acf-article-video-block article-container-lg my-12 external-video\"\n        data-block=\"article-video-block\"\n    >\n                    <h2 class=\"heading-md mb-3 text-black\">Registrera n\u00e4rvaro<\/h2>\n                \n                    <iframe loading=\"lazy\" title=\"Registrera n\u00e4rvaro\" src=\"https:\/\/player.vimeo.com\/video\/610565602?dnt=1&amp;app_id=122963\" width=\"500\" height=\"281\" frameborder=\"0\" allow=\"autoplay; fullscreen; picture-in-picture; clipboard-write; encrypted-media\"><\/iframe>\n                            <\/div>\n<div\n        class=\"acf-article-video-block article-container-lg my-12 external-video\"\n        data-block=\"article-video-block\"\n    >\n                    <h2 class=\"heading-md mb-3 text-black\">Rapportera kulturprogram<\/h2>\n                \n                    <iframe loading=\"lazy\" title=\"Rapportera kulturprogram\" src=\"https:\/\/player.vimeo.com\/video\/610584751?dnt=1&amp;app_id=122963\" width=\"500\" height=\"281\" frameborder=\"0\" allow=\"autoplay; fullscreen; picture-in-picture; clipboard-write; encrypted-media\"><\/iframe>\n                            <\/div>\n<div\n        class=\"acf-article-video-block article-container-lg my-12 external-video\"\n        data-block=\"article-video-block\"\n    >\n                    <h2 class=\"heading-md mb-3 text-black\">Signera arrangemang<\/h2>\n                \n                    <iframe loading=\"lazy\" title=\"Signera arrangemang (Mobilt BankID)\" src=\"https:\/\/player.vimeo.com\/video\/610650705?dnt=1&amp;app_id=122963\" width=\"500\" height=\"281\" frameborder=\"0\" allow=\"autoplay; fullscreen; picture-in-picture; clipboard-write; encrypted-media\"><\/iframe>\n                            <\/div>\n<div\n        class=\"acf-article-video-block article-container-lg my-12 external-video\"\n        data-block=\"article-video-block\"\n    >\n                    <h2 class=\"heading-md mb-3 text-black\">\u00c4ndra sammankomst<\/h2>\n                \n                    <iframe loading=\"lazy\" title=\"\u00c4ndra sammankomst\" src=\"https:\/\/player.vimeo.com\/video\/625473831?dnt=1&amp;app_id=122963\" width=\"500\" height=\"281\" frameborder=\"0\" allow=\"autoplay; fullscreen; picture-in-picture; clipboard-write; encrypted-media\"><\/iframe>\n                            <\/div>\n<div\n        class=\"acf-article-video-block article-container-lg my-12 external-video\"\n        data-block=\"article-video-block\"\n    >\n                    <h2 class=\"heading-md mb-3 text-black\">L\u00e4gga till sammankomst<\/h2>\n                \n                    <iframe loading=\"lazy\" title=\"L\u00e4gga till sammankomst\" src=\"https:\/\/player.vimeo.com\/video\/625477335?dnt=1&amp;app_id=122963\" width=\"500\" height=\"281\" frameborder=\"0\" allow=\"autoplay; fullscreen; picture-in-picture; clipboard-write; encrypted-media\"><\/iframe>\n                            <\/div>\n<div\n        class=\"acf-article-video-block article-container-lg my-12 external-video\"\n        data-block=\"article-video-block\"\n    >\n                    <h2 class=\"heading-md mb-3 text-black\">Hantera deltagare<\/h2>\n                \n                    <iframe loading=\"lazy\" title=\"Hantera deltagare\" src=\"https:\/\/player.vimeo.com\/video\/625478104?dnt=1&amp;app_id=122963\" width=\"500\" height=\"281\" frameborder=\"0\" allow=\"autoplay; fullscreen; picture-in-picture; clipboard-write; encrypted-media\"><\/iframe>\n                            <\/div>\n<div\n        class=\"acf-article-video-block article-container-lg my-12 external-video\"\n        data-block=\"article-video-block\"\n    >\n                    <h2 class=\"heading-md mb-3 text-black\">Vikarierande ledare<\/h2>\n                \n                    <iframe loading=\"lazy\" title=\"Vikarierande ledare\" src=\"https:\/\/player.vimeo.com\/video\/625481060?dnt=1&amp;app_id=122963\" width=\"500\" height=\"281\" frameborder=\"0\" allow=\"autoplay; fullscreen; picture-in-picture; clipboard-write; encrypted-media\"><\/iframe>\n                            <\/div>\n<div\n        class=\"acf-article-video-block article-container-lg my-12 external-video\"\n        data-block=\"article-video-block\"\n    >\n                    <h2 class=\"heading-md mb-3 text-black\">Skicka meddelanden<\/h2>\n                \n                    <iframe loading=\"lazy\" title=\"Skicka meddelanden\" src=\"https:\/\/player.vimeo.com\/video\/625488456?dnt=1&amp;app_id=122963\" width=\"500\" height=\"281\" frameborder=\"0\" allow=\"autoplay; fullscreen; picture-in-picture; clipboard-write; encrypted-media\"><\/iframe>\n                            <\/div>\n","protected":false},"excerpt":{"rendered":"","protected":false},"author":45,"featured_media":0,"parent":1596,"menu_order":0,"comment_status":"closed","ping_status":"closed","template":"","meta":{"_acf_changed":false,"footnotes":""},"class_list":["post-1099","page","type-page","status-publish","hentry"],"acf":[],"yoast_head":"<!-- This site is optimized with the Yoast SEO plugin v27.0 - https:\/\/yoast.com\/product\/yoast-seo-wordpress\/ -->\n<title>Instruktionsklipp (Cirklar och Kulturarrangemang) - G\u00e4strikland<\/title>\n<meta name=\"description\" content=\"Instruktioner fr\u00e5n ABF om hur man fyller i cirkellistor, anm\u00e4ler deltagare och hur man signerar med BankID.\" \/>\n<meta name=\"robots\" content=\"index, follow, max-snippet:-1, max-image-preview:large, max-video-preview:-1\" \/>\n<link rel=\"canonical\" href=\"https:\/\/www.abf.se\/gastrikland\/rapportera-narvaro-i-e-tjansten\/instruktions-klipp-cirklar-och-kulturarrangemang\/\" \/>\n<meta property=\"og:locale\" content=\"sv_SE\" \/>\n<meta property=\"og:type\" content=\"article\" \/>\n<meta property=\"og:title\" content=\"Instruktionsklipp (Cirklar och Kulturarrangemang) - G\u00e4strikland\" \/>\n<meta property=\"og:description\" content=\"Instruktioner fr\u00e5n ABF om hur man fyller i cirkellistor, anm\u00e4ler deltagare och hur man signerar med BankID.\" \/>\n<meta property=\"og:url\" content=\"https:\/\/www.abf.se\/gastrikland\/rapportera-narvaro-i-e-tjansten\/instruktions-klipp-cirklar-och-kulturarrangemang\/\" \/>\n<meta property=\"og:site_name\" content=\"G\u00e4strikland\" \/>\n<meta property=\"article:modified_time\" content=\"2025-05-26T12:45:42+00:00\" \/>\n<meta property=\"og:image\" content=\"https:\/\/www.abf.se\/wp-content\/uploads\/sites\/20\/2024\/04\/Nyckeln-liggande-scaled.jpg\" \/>\n\t<meta property=\"og:image:width\" content=\"2560\" \/>\n\t<meta property=\"og:image:height\" content=\"1440\" \/>\n\t<meta property=\"og:image:type\" content=\"image\/jpeg\" \/>\n<meta name=\"twitter:card\" content=\"summary_large_image\" \/>\n<script type=\"application\/ld+json\" class=\"yoast-schema-graph\">{\"@context\":\"https:\/\/schema.org\",\"@graph\":[{\"@type\":\"WebPage\",\"@id\":\"https:\/\/www.abf.se\/gastrikland\/rapportera-narvaro-i-e-tjansten\/instruktions-klipp-cirklar-och-kulturarrangemang\/\",\"url\":\"https:\/\/www.abf.se\/gastrikland\/rapportera-narvaro-i-e-tjansten\/instruktions-klipp-cirklar-och-kulturarrangemang\/\",\"name\":\"Instruktionsklipp (Cirklar och Kulturarrangemang) - G\u00e4strikland\",\"isPartOf\":{\"@id\":\"https:\/\/www.abf.se\/gastrikland\/#website\"},\"datePublished\":\"2024-04-22T13:45:07+00:00\",\"dateModified\":\"2025-05-26T12:45:42+00:00\",\"description\":\"Instruktioner fr\u00e5n ABF om hur man fyller i cirkellistor, anm\u00e4ler deltagare och hur man signerar med BankID.\",\"breadcrumb\":{\"@id\":\"https:\/\/www.abf.se\/gastrikland\/rapportera-narvaro-i-e-tjansten\/instruktions-klipp-cirklar-och-kulturarrangemang\/#breadcrumb\"},\"inLanguage\":\"sv-SE\",\"potentialAction\":[{\"@type\":\"ReadAction\",\"target\":[\"https:\/\/www.abf.se\/gastrikland\/rapportera-narvaro-i-e-tjansten\/instruktions-klipp-cirklar-och-kulturarrangemang\/\"]}]},{\"@type\":\"BreadcrumbList\",\"@id\":\"https:\/\/www.abf.se\/gastrikland\/rapportera-narvaro-i-e-tjansten\/instruktions-klipp-cirklar-och-kulturarrangemang\/#breadcrumb\",\"itemListElement\":[{\"@type\":\"ListItem\",\"position\":1,\"name\":\"Home\",\"item\":\"https:\/\/www.abf.se\/gastrikland\/\"},{\"@type\":\"ListItem\",\"position\":2,\"name\":\"Rapportera n\u00e4rvaro i e-tj\u00e4nsten\",\"item\":\"https:\/\/www.abf.se\/gastrikland\/rapportera-narvaro-i-e-tjansten\/\"},{\"@type\":\"ListItem\",\"position\":3,\"name\":\"Instruktionsklipp (Cirklar och Kulturarrangemang)\"}]},{\"@type\":\"WebSite\",\"@id\":\"https:\/\/www.abf.se\/gastrikland\/#website\",\"url\":\"https:\/\/www.abf.se\/gastrikland\/\",\"name\":\"G\u00e4strikland\",\"description\":\"\",\"potentialAction\":[{\"@type\":\"SearchAction\",\"target\":{\"@type\":\"EntryPoint\",\"urlTemplate\":\"https:\/\/www.abf.se\/gastrikland\/?s={search_term_string}\"},\"query-input\":{\"@type\":\"PropertyValueSpecification\",\"valueRequired\":true,\"valueName\":\"search_term_string\"}}],\"inLanguage\":\"sv-SE\"}]}<\/script>\n<!-- \/ Yoast SEO plugin. -->","yoast_head_json":{"title":"Instruktionsklipp (Cirklar och Kulturarrangemang) - G\u00e4strikland","description":"Instruktioner fr\u00e5n ABF om hur man fyller i cirkellistor, anm\u00e4ler deltagare och hur man signerar med BankID.","robots":{"index":"index","follow":"follow","max-snippet":"max-snippet:-1","max-image-preview":"max-image-preview:large","max-video-preview":"max-video-preview:-1"},"canonical":"https:\/\/www.abf.se\/gastrikland\/rapportera-narvaro-i-e-tjansten\/instruktions-klipp-cirklar-och-kulturarrangemang\/","og_locale":"sv_SE","og_type":"article","og_title":"Instruktionsklipp (Cirklar och Kulturarrangemang) - G\u00e4strikland","og_description":"Instruktioner fr\u00e5n ABF om hur man fyller i cirkellistor, anm\u00e4ler deltagare och hur man signerar med BankID.","og_url":"https:\/\/www.abf.se\/gastrikland\/rapportera-narvaro-i-e-tjansten\/instruktions-klipp-cirklar-och-kulturarrangemang\/","og_site_name":"G\u00e4strikland","article_modified_time":"2025-05-26T12:45:42+00:00","og_image":[{"width":2560,"height":1440,"url":"https:\/\/www.abf.se\/wp-content\/uploads\/sites\/20\/2024\/04\/Nyckeln-liggande-scaled.jpg","type":"image\/jpeg"}],"twitter_card":"summary_large_image","schema":{"@context":"https:\/\/schema.org","@graph":[{"@type":"WebPage","@id":"https:\/\/www.abf.se\/gastrikland\/rapportera-narvaro-i-e-tjansten\/instruktions-klipp-cirklar-och-kulturarrangemang\/","url":"https:\/\/www.abf.se\/gastrikland\/rapportera-narvaro-i-e-tjansten\/instruktions-klipp-cirklar-och-kulturarrangemang\/","name":"Instruktionsklipp (Cirklar och Kulturarrangemang) - G\u00e4strikland","isPartOf":{"@id":"https:\/\/www.abf.se\/gastrikland\/#website"},"datePublished":"2024-04-22T13:45:07+00:00","dateModified":"2025-05-26T12:45:42+00:00","description":"Instruktioner fr\u00e5n ABF om hur man fyller i cirkellistor, anm\u00e4ler deltagare och hur man signerar med BankID.","breadcrumb":{"@id":"https:\/\/www.abf.se\/gastrikland\/rapportera-narvaro-i-e-tjansten\/instruktions-klipp-cirklar-och-kulturarrangemang\/#breadcrumb"},"inLanguage":"sv-SE","potentialAction":[{"@type":"ReadAction","target":["https:\/\/www.abf.se\/gastrikland\/rapportera-narvaro-i-e-tjansten\/instruktions-klipp-cirklar-och-kulturarrangemang\/"]}]},{"@type":"BreadcrumbList","@id":"https:\/\/www.abf.se\/gastrikland\/rapportera-narvaro-i-e-tjansten\/instruktions-klipp-cirklar-och-kulturarrangemang\/#breadcrumb","itemListElement":[{"@type":"ListItem","position":1,"name":"Home","item":"https:\/\/www.abf.se\/gastrikland\/"},{"@type":"ListItem","position":2,"name":"Rapportera n\u00e4rvaro i e-tj\u00e4nsten","item":"https:\/\/www.abf.se\/gastrikland\/rapportera-narvaro-i-e-tjansten\/"},{"@type":"ListItem","position":3,"name":"Instruktionsklipp (Cirklar och Kulturarrangemang)"}]},{"@type":"WebSite","@id":"https:\/\/www.abf.se\/gastrikland\/#website","url":"https:\/\/www.abf.se\/gastrikland\/","name":"G\u00e4strikland","description":"","potentialAction":[{"@type":"SearchAction","target":{"@type":"EntryPoint","urlTemplate":"https:\/\/www.abf.se\/gastrikland\/?s={search_term_string}"},"query-input":{"@type":"PropertyValueSpecification","valueRequired":true,"valueName":"search_term_string"}}],"inLanguage":"sv-SE"}]}},"_links":{"self":[{"href":"https:\/\/www.abf.se\/gastrikland\/wp-json\/wp\/v2\/pages\/1099","targetHints":{"allow":["GET"]}}],"collection":[{"href":"https:\/\/www.abf.se\/gastrikland\/wp-json\/wp\/v2\/pages"}],"about":[{"href":"https:\/\/www.abf.se\/gastrikland\/wp-json\/wp\/v2\/types\/page"}],"author":[{"embeddable":true,"href":"https:\/\/www.abf.se\/gastrikland\/wp-json\/wp\/v2\/users\/45"}],"replies":[{"embeddable":true,"href":"https:\/\/www.abf.se\/gastrikland\/wp-json\/wp\/v2\/comments?post=1099"}],"version-history":[{"count":12,"href":"https:\/\/www.abf.se\/gastrikland\/wp-json\/wp\/v2\/pages\/1099\/revisions"}],"predecessor-version":[{"id":1644,"href":"https:\/\/www.abf.se\/gastrikland\/wp-json\/wp\/v2\/pages\/1099\/revisions\/1644"}],"up":[{"embeddable":true,"href":"https:\/\/www.abf.se\/gastrikland\/wp-json\/wp\/v2\/pages\/1596"}],"wp:attachment":[{"href":"https:\/\/www.abf.se\/gastrikland\/wp-json\/wp\/v2\/media?parent=1099"}],"curies":[{"name":"wp","href":"https:\/\/api.w.org\/{rel}","templated":true}]}}