{"id":1649,"date":"2025-05-26T14:10:38","date_gmt":"2025-05-26T12:10:38","guid":{"rendered":"https:\/\/www.abf.se\/gastrikebygden\/?page_id=1649"},"modified":"2025-05-26T14:41:09","modified_gmt":"2025-05-26T12:41:09","slug":"samarbeta-med-abf-gastrikland","status":"publish","type":"page","link":"https:\/\/www.abf.se\/gastrikland\/samarbeta-med-abf-gastrikland\/","title":{"rendered":"Samarbeta med ABF G\u00e4strikland"},"content":{"rendered":"<div\n    class=\"acf-hero-block container-lg no-padding mb-12 js-geolocation\"\n    data-block=\"hero-block\"\n    data-index=\"0\"\n>\n    <div class=\"h-[548px]  relative rounded-[32px] overflow-hidden flex bg-gray-light\">\n        <div class=\"relative z-10 mt-auto h-auto w-full md:h-full\">\n            <div class=\"flex w-full h-full flex-col flex-wrap justify-end w-full md:w-7\/12 lg:w-1\/2 md:justify-center\">\n                <div class=\"flex flex-col gap-3 md:gap-[18px] md:transparent pt-16 pb-36 md:py-8 px-4 w-full md:max-w-[620px] mx-auto px-8\">\n\n                    <h1 class=\"hero-heading hero-heading--red-text\"><span>Samarbeta med ABF G\u00e4strikland<\/span><\/h1>\n\n                                            <p class=\"mt-4 max-w-[48ch] text-white\">\n                            P\u00e5 ABF erbjuder vi v\u00e5ra medlems- och samarbetsorganisationer skr\u00e4ddarsytt st\u00f6d, pedagogiska verktyg och organisatoriska resurser f\u00f6r att planera och genomf\u00f6ra studieaktiviteter runt om i landet. Vi samarbetar med medlems- och samarbetsorganisationer p\u00e5 lokal, regional och central niv\u00e5.\n                        <\/p>\n                    \n                                    <\/div>\n            <\/div>\n        <\/div>\n\n                    <picture class=\"as-background-image mix-blend-multiply bg-black\/40\"><img decoding=\"async\" src=\"https:\/\/www.abf.se\/gastrikland\/resized\/?url=https%3A%2F%2Fwww.abf.se%2Fwp-content%2Fuploads%2F2024%2F04%2Fekonomi-foretag4.jpg&#038;fit=crop&#038;w=1440&#038;s=e2ee9eca483a1d5811de8ee68955da2e\" srcset=\"https:\/\/www.abf.se\/gastrikland\/resized\/?url=https%3A%2F%2Fwww.abf.se%2Fwp-content%2Fuploads%2F2024%2F04%2Fekonomi-foretag4.jpg&#038;fit=crop&#038;w=375&#038;h=540&#038;s=fd735a56f931292fe13cdf66802db0bd 375w, https:\/\/www.abf.se\/gastrikland\/resized\/?url=https%3A%2F%2Fwww.abf.se%2Fwp-content%2Fuploads%2F2024%2F04%2Fekonomi-foretag4.jpg&#038;fit=crop&#038;w=447&#038;h=540&#038;s=3d9190283e4c918a1f7500cfb68c5ac5 447w, https:\/\/www.abf.se\/gastrikland\/resized\/?url=https%3A%2F%2Fwww.abf.se%2Fwp-content%2Fuploads%2F2024%2F04%2Fekonomi-foretag4.jpg&#038;fit=crop&#038;w=519&#038;h=540&#038;s=036133ca95baab5f4d78e443d44739b4 519w, https:\/\/www.abf.se\/gastrikland\/resized\/?url=https%3A%2F%2Fwww.abf.se%2Fwp-content%2Fuploads%2F2024%2F04%2Fekonomi-foretag4.jpg&#038;fit=crop&#038;w=591&#038;h=540&#038;s=c1627c72854d05c3523c1bb1ea60d047 591w, https:\/\/www.abf.se\/gastrikland\/resized\/?url=https%3A%2F%2Fwww.abf.se%2Fwp-content%2Fuploads%2F2024%2F04%2Fekonomi-foretag4.jpg&#038;fit=crop&#038;w=663&#038;h=540&#038;s=ef29e14134482926ffe23692ad4c5601 663w, https:\/\/www.abf.se\/gastrikland\/resized\/?url=https%3A%2F%2Fwww.abf.se%2Fwp-content%2Fuploads%2F2024%2F04%2Fekonomi-foretag4.jpg&#038;fit=crop&#038;w=750&#038;h=540&#038;s=288117fa57e9437883af9db3802a5131 750w, https:\/\/www.abf.se\/gastrikland\/resized\/?url=https%3A%2F%2Fwww.abf.se%2Fwp-content%2Fuploads%2F2024%2F04%2Fekonomi-foretag4.jpg&#038;fit=crop&#038;w=894&#038;h=540&#038;s=ccc424320b6d9a03a3c2a6d0bcb599b2 894w, https:\/\/www.abf.se\/gastrikland\/resized\/?url=https%3A%2F%2Fwww.abf.se%2Fwp-content%2Fuploads%2F2024%2F04%2Fekonomi-foretag4.jpg&#038;fit=crop&#038;w=1038&#038;h=540&#038;s=87eada97d8543b38e5d36b837644177b 1038w, https:\/\/www.abf.se\/gastrikland\/resized\/?url=https%3A%2F%2Fwww.abf.se%2Fwp-content%2Fuploads%2F2024%2F04%2Fekonomi-foretag4.jpg&#038;fit=crop&#038;w=1182&#038;h=540&#038;s=57c1afd62066b4ffeda872893757b4c5 1182w, https:\/\/www.abf.se\/gastrikland\/resized\/?url=https%3A%2F%2Fwww.abf.se%2Fwp-content%2Fuploads%2F2024%2F04%2Fekonomi-foretag4.jpg&#038;fit=crop&#038;w=1326&#038;h=540&#038;s=62b508e73e14d41d94301518aec345b4 1326w, https:\/\/www.abf.se\/gastrikland\/resized\/?url=https%3A%2F%2Fwww.abf.se%2Fwp-content%2Fuploads%2F2024%2F04%2Fekonomi-foretag4.jpg&#038;fit=crop&#038;w=1440&#038;h=540&#038;s=fd265decc5e3c7bfa438449611978453 1440w\" alt=\"\" height=\"540\" width=\"1440\" sizes=\"(max-width: 1440px) calc(100vw - 32px), 1440px\" loading=\"eager\" fetchpriority=\"high\" aria-hidden=\"true\" role=\"presentation\" \/><\/picture>\n        \n\n            <\/div>\n\n    <\/div>\n\n<div\n    class=\"acf-text-image-block container my-12 md:my-15\"\n    data-block=\"text-image-block\"\n>\n    <div\n    class=\"flex flex-col items-center md:flex-row gap-8 md:gap-0 justify-between\">\n                        <div class=\"w-full md:w-1\/2 md:order-2\">\n            <picture><img decoding=\"async\" src=\"https:\/\/www.abf.se\/gastrikland\/resized\/?url=https%3A%2F%2Fwww.abf.se%2Fwp-content%2Fuploads%2F2023%2F11%2FGemenskap-foto-Pexels_IMGP.jpg&#038;fit=crop&#038;w=578&#038;s=9435c564c750dfa392f8f3a61028908d\" srcset=\"https:\/\/www.abf.se\/gastrikland\/resized\/?url=https%3A%2F%2Fwww.abf.se%2Fwp-content%2Fuploads%2F2023%2F11%2FGemenskap-foto-Pexels_IMGP.jpg&#038;fit=crop&#038;w=144&#038;h=126&#038;s=e6e7db6ece8e23c78f8c226350b6d522 144w, https:\/\/www.abf.se\/gastrikland\/resized\/?url=https%3A%2F%2Fwww.abf.se%2Fwp-content%2Fuploads%2F2023%2F11%2FGemenskap-foto-Pexels_IMGP.jpg&#038;fit=crop&#038;w=240&#038;h=211&#038;s=985bc13eb73243d718c804d448e8cffd 240w, https:\/\/www.abf.se\/gastrikland\/resized\/?url=https%3A%2F%2Fwww.abf.se%2Fwp-content%2Fuploads%2F2023%2F11%2FGemenskap-foto-Pexels_IMGP.jpg&#038;fit=crop&#038;w=288&#038;h=253&#038;s=dc084d2ff842bcdcf1f47add4eb66ce1 288w, https:\/\/www.abf.se\/gastrikland\/resized\/?url=https%3A%2F%2Fwww.abf.se%2Fwp-content%2Fuploads%2F2023%2F11%2FGemenskap-foto-Pexels_IMGP.jpg&#038;fit=crop&#038;w=336&#038;h=295&#038;s=2489efd561907bfda73ace38d172b41d 336w, https:\/\/www.abf.se\/gastrikland\/resized\/?url=https%3A%2F%2Fwww.abf.se%2Fwp-content%2Fuploads%2F2023%2F11%2FGemenskap-foto-Pexels_IMGP.jpg&#038;fit=crop&#038;w=432&#038;h=380&#038;s=3fd06e08d0567dd68d5e4838da85fa4f 432w, https:\/\/www.abf.se\/gastrikland\/resized\/?url=https%3A%2F%2Fwww.abf.se%2Fwp-content%2Fuploads%2F2023%2F11%2FGemenskap-foto-Pexels_IMGP.jpg&#038;fit=crop&#038;w=480&#038;h=422&#038;s=9cda416fcb6aaddcb4b7a25755ebcb77 480w, https:\/\/www.abf.se\/gastrikland\/resized\/?url=https%3A%2F%2Fwww.abf.se%2Fwp-content%2Fuploads%2F2023%2F11%2FGemenskap-foto-Pexels_IMGP.jpg&#038;fit=crop&#038;w=528&#038;h=464&#038;s=5b7d604d6e1b3f4a5c7fe5cc14c61429 528w, https:\/\/www.abf.se\/gastrikland\/resized\/?url=https%3A%2F%2Fwww.abf.se%2Fwp-content%2Fuploads%2F2023%2F11%2FGemenskap-foto-Pexels_IMGP.jpg&#038;fit=crop&#038;w=578&#038;h=509&#038;s=64c45b098e2d90d134361ad62c36ac28 578w, https:\/\/www.abf.se\/gastrikland\/resized\/?url=https%3A%2F%2Fwww.abf.se%2Fwp-content%2Fuploads%2F2023%2F11%2FGemenskap-foto-Pexels_IMGP.jpg&#038;fit=crop&#038;w=672&#038;h=591&#038;s=830bd9f23e3a7de6e31d80362803daaf 672w, https:\/\/www.abf.se\/gastrikland\/resized\/?url=https%3A%2F%2Fwww.abf.se%2Fwp-content%2Fuploads%2F2023%2F11%2FGemenskap-foto-Pexels_IMGP.jpg&#038;fit=crop&#038;w=864&#038;h=760&#038;s=fd8ea5e7b7841b32ba879db958098f5a 864w, https:\/\/www.abf.se\/gastrikland\/resized\/?url=https%3A%2F%2Fwww.abf.se%2Fwp-content%2Fuploads%2F2023%2F11%2FGemenskap-foto-Pexels_IMGP.jpg&#038;fit=crop&#038;w=1056&#038;h=929&#038;s=40bef7c9ee7dda470c4f8a44ebe4ab80 1056w\" alt=\"f&aring;gelperspektiv p&aring; en grupp m&auml;nniskor som alla str&auml;cker in handen i en cirkel\" height=\"509\" width=\"578\" sizes=\"auto, (max-width: 768px) 100vw,\n                (max-width: 1280px) 50vw, 578px\" loading=\"lazy\" fetchpriority=\"low\" \/><\/picture>\n\n        <\/div>\n        \n        <div class=\"w-full md:w-1\/2 md:order-1\">\n        <div class=\"mx-auto md:max-w-[368px]\">\n            <h2 class=\"heading-lg\">Medlemsorganisationer och samarbetsavtal<\/h2>\n            <div class=\"mb-6 mt-4 wysiwyg\">\n                <p>Som <strong>medlemsorganisation<\/strong> har er f\u00f6rening m\u00f6jlighet till formellt inflytande \u00f6ver ABFs verksamhet. Era f\u00f6retr\u00e4dare kan bli nominerade till ABF G\u00e4striklands styrelse och kan ocks\u00e5 nominera ombud till v\u00e5rt \u00e5rsm\u00f6te.<\/p>\n\n            <\/div>\n                                            <a href='https:\/\/www.abf.se\/gastrikebygden\/abf-gastriklands-medlemsorganisationer\/' class=\"default-button\" target=\"\">ABF G\u00e4striklands medlemsorganisationer<\/a>\n                    <\/div>\n        <\/div>\n    <\/div>\n<\/div><div\n    class=\"acf-article-text-block article-container my-12\"\n    data-block=\"article-text-block\"\n>\n    <div class=\"wysiwyg\">\n        <h3>Det h\u00e4r f\u00e5r ni som medlemsorganisation hos ABF G\u00e4strikland:<\/h3>\n<ul>\n<li>M\u00f6jlighet att p\u00e5verka ABF G\u00e4strikland via motioner och deltagande p\u00e5 \u00e5rsm\u00f6tet<\/li>\n<li>Tillg\u00e5ng till ett brett n\u00e4tverk och kontakt med andra medlemsorganisationer<\/li>\n<li>F\u00f6reningens f\u00f6retr\u00e4dare kan bli nominerade till ABF G\u00e4striklands styrelse och f\u00f6rtroendeuppdrag<\/li>\n<li>Tillg\u00e5ng till studiematerial och st\u00f6d kring folkbildningens pedagogik och metoder<\/li>\n<li>Hj\u00e4lp och st\u00f6d av ABF med studie- och kulturverksamhet<\/li>\n<li>Cirkelledarutbildningar, funktions- och styrelseutbildningar<\/li>\n<li>F\u00f6rdjupningsutbildningar f\u00f6r cirkelledare och f\u00f6reningar, till exempel inom kommunikation<\/li>\n<li>Och mycket mer!<\/li>\n<\/ul>\n<h3>Ans\u00f6k om medlemskap<\/h3>\n<p>Notera att f\u00f6r att kunna handl\u00e4gga er ans\u00f6kan kommer ni att beh\u00f6va skicka in f\u00f6ljande handlingar till oss:<\/p>\n<ul>\n<li>Registreringsbevis fr\u00e5n Skatteverket<\/li>\n<li>Stadgar<\/li>\n<li>\u00c5rsm\u00f6tesprotokoll<\/li>\n<li>Konstituerande m\u00f6tesprotokoll<\/li>\n<li>Verksamhetsplan och verksamhetsber\u00e4ttelse<\/li>\n<li>Medlemsantal<\/li>\n<\/ul>\n<h3>Samarbetsavtal<\/h3>\n<p>Ett alternativ till medlemskap \u00e4r att teckna ett s\u00e5 kallat\u00a0<strong>samarbetsavtal<\/strong>. D\u00e5 f\u00e5r f\u00f6reningen hj\u00e4lp och st\u00f6d av ABF med studie- och kulturverksamhet, men har d\u00e4remot inget formellt inflytande i ABF G\u00e4striklands beslutande f\u00f6rsamlingar. F\u00f6reningar med samarbetsavtal \u00e4r v\u00e4lkomna att ans\u00f6ka om medlemskap.<br \/>\nKontakta oss om ni vill veta mer.<\/p>\n\n    <\/div>\n<\/div>\n<div\n    class=\"acf-text-image-block container my-12 md:my-15\"\n    data-block=\"text-image-block\"\n>\n    <div\n    class=\"flex flex-col items-center md:flex-row gap-8 md:gap-0 justify-center\">\n        \n        <div class=\"w-full md:w-1\/2 md:order-1\">\n        <div class=\"mx-auto md:max-w-[368px]\">\n            <h2 class=\"heading-lg\">Samarbete &#8211; ABF centralt<\/h2>\n            <div class=\"mb-6 mt-4 wysiwyg\">\n                <p>ABF erbjuder ett kostnadsfritt paket till v\u00e5ra centralt anslutna medlems- och samarbetsorganisationer med fokus p\u00e5 st\u00f6d, utbildning och gemenskap. Genom ett skr\u00e4ddarsytt st\u00f6d, utbildningar och pedagogiska verktyg f\u00e5r ni m\u00f6jlighet att planera och genomf\u00f6ra studieaktiviteter runt om i landet.<\/p>\n\n            <\/div>\n                                            <a href='https:\/\/www.abf.se\/gastrikebygden\/samarbeta-med-abf-centralt\/' class=\"default-button\" target=\"\">Samarbeta med ABF Centralt<\/a>\n                    <\/div>\n        <\/div>\n    <\/div>\n<\/div>","protected":false},"excerpt":{"rendered":"","protected":false},"author":123,"featured_media":0,"parent":0,"menu_order":0,"comment_status":"closed","ping_status":"closed","template":"","meta":{"_acf_changed":false,"footnotes":""},"class_list":["post-1649","page","type-page","status-publish","hentry"],"acf":[],"yoast_head":"<!-- This site is optimized with the Yoast SEO plugin v27.0 - https:\/\/yoast.com\/product\/yoast-seo-wordpress\/ -->\n<title>Samarbeta med ABF G\u00e4strikland - G\u00e4strikland<\/title>\n<meta name=\"robots\" content=\"index, follow, max-snippet:-1, max-image-preview:large, max-video-preview:-1\" \/>\n<link rel=\"canonical\" href=\"https:\/\/www.abf.se\/gastrikland\/samarbeta-med-abf-gastrikland\/\" \/>\n<meta property=\"og:locale\" content=\"sv_SE\" \/>\n<meta property=\"og:type\" content=\"article\" \/>\n<meta property=\"og:title\" content=\"Samarbeta med ABF G\u00e4strikland - G\u00e4strikland\" \/>\n<meta property=\"og:url\" content=\"https:\/\/www.abf.se\/gastrikland\/samarbeta-med-abf-gastrikland\/\" \/>\n<meta property=\"og:site_name\" content=\"G\u00e4strikland\" \/>\n<meta property=\"article:modified_time\" content=\"2025-05-26T12:41:09+00:00\" \/>\n<meta property=\"og:image\" content=\"https:\/\/www.abf.se\/wp-content\/uploads\/sites\/20\/2024\/04\/Nyckeln-liggande-scaled.jpg\" \/>\n\t<meta property=\"og:image:width\" content=\"2560\" \/>\n\t<meta property=\"og:image:height\" content=\"1440\" \/>\n\t<meta property=\"og:image:type\" content=\"image\/jpeg\" \/>\n<meta name=\"twitter:card\" content=\"summary_large_image\" \/>\n<script type=\"application\/ld+json\" class=\"yoast-schema-graph\">{\"@context\":\"https:\/\/schema.org\",\"@graph\":[{\"@type\":\"WebPage\",\"@id\":\"https:\/\/www.abf.se\/gastrikland\/samarbeta-med-abf-gastrikland\/\",\"url\":\"https:\/\/www.abf.se\/gastrikland\/samarbeta-med-abf-gastrikland\/\",\"name\":\"Samarbeta med ABF G\u00e4strikland - G\u00e4strikland\",\"isPartOf\":{\"@id\":\"https:\/\/www.abf.se\/gastrikland\/#website\"},\"datePublished\":\"2025-05-26T12:10:38+00:00\",\"dateModified\":\"2025-05-26T12:41:09+00:00\",\"breadcrumb\":{\"@id\":\"https:\/\/www.abf.se\/gastrikland\/samarbeta-med-abf-gastrikland\/#breadcrumb\"},\"inLanguage\":\"sv-SE\",\"potentialAction\":[{\"@type\":\"ReadAction\",\"target\":[\"https:\/\/www.abf.se\/gastrikland\/samarbeta-med-abf-gastrikland\/\"]}]},{\"@type\":\"BreadcrumbList\",\"@id\":\"https:\/\/www.abf.se\/gastrikland\/samarbeta-med-abf-gastrikland\/#breadcrumb\",\"itemListElement\":[{\"@type\":\"ListItem\",\"position\":1,\"name\":\"Home\",\"item\":\"https:\/\/www.abf.se\/gastrikland\/\"},{\"@type\":\"ListItem\",\"position\":2,\"name\":\"Samarbeta med ABF G\u00e4strikland\"}]},{\"@type\":\"WebSite\",\"@id\":\"https:\/\/www.abf.se\/gastrikland\/#website\",\"url\":\"https:\/\/www.abf.se\/gastrikland\/\",\"name\":\"G\u00e4strikland\",\"description\":\"\",\"potentialAction\":[{\"@type\":\"SearchAction\",\"target\":{\"@type\":\"EntryPoint\",\"urlTemplate\":\"https:\/\/www.abf.se\/gastrikland\/?s={search_term_string}\"},\"query-input\":{\"@type\":\"PropertyValueSpecification\",\"valueRequired\":true,\"valueName\":\"search_term_string\"}}],\"inLanguage\":\"sv-SE\"}]}<\/script>\n<!-- \/ Yoast SEO plugin. -->","yoast_head_json":{"title":"Samarbeta med ABF G\u00e4strikland - G\u00e4strikland","robots":{"index":"index","follow":"follow","max-snippet":"max-snippet:-1","max-image-preview":"max-image-preview:large","max-video-preview":"max-video-preview:-1"},"canonical":"https:\/\/www.abf.se\/gastrikland\/samarbeta-med-abf-gastrikland\/","og_locale":"sv_SE","og_type":"article","og_title":"Samarbeta med ABF G\u00e4strikland - G\u00e4strikland","og_url":"https:\/\/www.abf.se\/gastrikland\/samarbeta-med-abf-gastrikland\/","og_site_name":"G\u00e4strikland","article_modified_time":"2025-05-26T12:41:09+00:00","og_image":[{"width":2560,"height":1440,"url":"https:\/\/www.abf.se\/wp-content\/uploads\/sites\/20\/2024\/04\/Nyckeln-liggande-scaled.jpg","type":"image\/jpeg"}],"twitter_card":"summary_large_image","schema":{"@context":"https:\/\/schema.org","@graph":[{"@type":"WebPage","@id":"https:\/\/www.abf.se\/gastrikland\/samarbeta-med-abf-gastrikland\/","url":"https:\/\/www.abf.se\/gastrikland\/samarbeta-med-abf-gastrikland\/","name":"Samarbeta med ABF G\u00e4strikland - G\u00e4strikland","isPartOf":{"@id":"https:\/\/www.abf.se\/gastrikland\/#website"},"datePublished":"2025-05-26T12:10:38+00:00","dateModified":"2025-05-26T12:41:09+00:00","breadcrumb":{"@id":"https:\/\/www.abf.se\/gastrikland\/samarbeta-med-abf-gastrikland\/#breadcrumb"},"inLanguage":"sv-SE","potentialAction":[{"@type":"ReadAction","target":["https:\/\/www.abf.se\/gastrikland\/samarbeta-med-abf-gastrikland\/"]}]},{"@type":"BreadcrumbList","@id":"https:\/\/www.abf.se\/gastrikland\/samarbeta-med-abf-gastrikland\/#breadcrumb","itemListElement":[{"@type":"ListItem","position":1,"name":"Home","item":"https:\/\/www.abf.se\/gastrikland\/"},{"@type":"ListItem","position":2,"name":"Samarbeta med ABF G\u00e4strikland"}]},{"@type":"WebSite","@id":"https:\/\/www.abf.se\/gastrikland\/#website","url":"https:\/\/www.abf.se\/gastrikland\/","name":"G\u00e4strikland","description":"","potentialAction":[{"@type":"SearchAction","target":{"@type":"EntryPoint","urlTemplate":"https:\/\/www.abf.se\/gastrikland\/?s={search_term_string}"},"query-input":{"@type":"PropertyValueSpecification","valueRequired":true,"valueName":"search_term_string"}}],"inLanguage":"sv-SE"}]}},"_links":{"self":[{"href":"https:\/\/www.abf.se\/gastrikland\/wp-json\/wp\/v2\/pages\/1649","targetHints":{"allow":["GET"]}}],"collection":[{"href":"https:\/\/www.abf.se\/gastrikland\/wp-json\/wp\/v2\/pages"}],"about":[{"href":"https:\/\/www.abf.se\/gastrikland\/wp-json\/wp\/v2\/types\/page"}],"author":[{"embeddable":true,"href":"https:\/\/www.abf.se\/gastrikland\/wp-json\/wp\/v2\/users\/123"}],"replies":[{"embeddable":true,"href":"https:\/\/www.abf.se\/gastrikland\/wp-json\/wp\/v2\/comments?post=1649"}],"version-history":[{"count":5,"href":"https:\/\/www.abf.se\/gastrikland\/wp-json\/wp\/v2\/pages\/1649\/revisions"}],"predecessor-version":[{"id":1663,"href":"https:\/\/www.abf.se\/gastrikland\/wp-json\/wp\/v2\/pages\/1649\/revisions\/1663"}],"wp:attachment":[{"href":"https:\/\/www.abf.se\/gastrikland\/wp-json\/wp\/v2\/media?parent=1649"}],"curies":[{"name":"wp","href":"https:\/\/api.w.org\/{rel}","templated":true}]}}