{"id":1742,"date":"2025-08-18T15:14:12","date_gmt":"2025-08-18T13:14:12","guid":{"rendered":"https:\/\/www.abf.se\/gastrikland\/?page_id=1742"},"modified":"2025-08-19T10:08:56","modified_gmt":"2025-08-19T08:08:56","slug":"abf-rockskolan","status":"publish","type":"page","link":"https:\/\/www.abf.se\/gastrikland\/vara-verksamheter-och-projekt\/abf-rockskolan\/","title":{"rendered":"ABF Rockskolan"},"content":{"rendered":"<div\n    class=\"acf-plain-heading-block container my-16\"\n    data-block=\"plain-heading-block\"\n>\n    <div class=\"max-w-[658px] mx-auto\">\n                <h1 class=\"hero-heading\"><span>ABF Rockskolan<\/span><\/h1>\n                    <\/div>\n<\/div>\n<div\n    class=\"acf-text-image-block container my-12 md:my-15\"\n    data-block=\"text-image-block\"\n>\n    <div\n    class=\"flex flex-col items-center md:flex-row gap-8 md:gap-0 justify-between\">\n                        <div class=\"w-full md:w-1\/2 md:order-2\">\n            <picture><img decoding=\"async\" src=\"https:\/\/www.abf.se\/gastrikland\/resized\/?url=https%3A%2F%2Fwww.abf.se%2Fwp-content%2Fuploads%2Fsites%2F20%2F2025%2F08%2FRockskoaln.jpg&#038;fit=crop&#038;w=578&#038;s=59a47a6f0203e5c4053ce024aa5a8893\" srcset=\"https:\/\/www.abf.se\/gastrikland\/resized\/?url=https%3A%2F%2Fwww.abf.se%2Fwp-content%2Fuploads%2Fsites%2F20%2F2025%2F08%2FRockskoaln.jpg&#038;fit=crop&#038;w=144&#038;h=126&#038;s=17c27cc642fe418ce514e5b763463bd5 144w, https:\/\/www.abf.se\/gastrikland\/resized\/?url=https%3A%2F%2Fwww.abf.se%2Fwp-content%2Fuploads%2Fsites%2F20%2F2025%2F08%2FRockskoaln.jpg&#038;fit=crop&#038;w=240&#038;h=211&#038;s=67c8fc31683e1ccc84c559c2b0b89147 240w, https:\/\/www.abf.se\/gastrikland\/resized\/?url=https%3A%2F%2Fwww.abf.se%2Fwp-content%2Fuploads%2Fsites%2F20%2F2025%2F08%2FRockskoaln.jpg&#038;fit=crop&#038;w=288&#038;h=253&#038;s=d59afaf0ed455c555cff9e2f598a69b7 288w, https:\/\/www.abf.se\/gastrikland\/resized\/?url=https%3A%2F%2Fwww.abf.se%2Fwp-content%2Fuploads%2Fsites%2F20%2F2025%2F08%2FRockskoaln.jpg&#038;fit=crop&#038;w=336&#038;h=295&#038;s=7e3c16a3886434a0694280cada81b75a 336w, https:\/\/www.abf.se\/gastrikland\/resized\/?url=https%3A%2F%2Fwww.abf.se%2Fwp-content%2Fuploads%2Fsites%2F20%2F2025%2F08%2FRockskoaln.jpg&#038;fit=crop&#038;w=432&#038;h=380&#038;s=be4559c34b60d5aaffeb8eb5f9d58bbb 432w, https:\/\/www.abf.se\/gastrikland\/resized\/?url=https%3A%2F%2Fwww.abf.se%2Fwp-content%2Fuploads%2Fsites%2F20%2F2025%2F08%2FRockskoaln.jpg&#038;fit=crop&#038;w=480&#038;h=422&#038;s=046af6a9a98660acf9368d9e35778b00 480w, https:\/\/www.abf.se\/gastrikland\/resized\/?url=https%3A%2F%2Fwww.abf.se%2Fwp-content%2Fuploads%2Fsites%2F20%2F2025%2F08%2FRockskoaln.jpg&#038;fit=crop&#038;w=528&#038;h=464&#038;s=49b6c1294e3ccac5f878df796640ff18 528w, https:\/\/www.abf.se\/gastrikland\/resized\/?url=https%3A%2F%2Fwww.abf.se%2Fwp-content%2Fuploads%2Fsites%2F20%2F2025%2F08%2FRockskoaln.jpg&#038;fit=crop&#038;w=578&#038;h=509&#038;s=b331bbf4431e1b2e74fe208069cd1df9 578w, https:\/\/www.abf.se\/gastrikland\/resized\/?url=https%3A%2F%2Fwww.abf.se%2Fwp-content%2Fuploads%2Fsites%2F20%2F2025%2F08%2FRockskoaln.jpg&#038;fit=crop&#038;w=672&#038;h=591&#038;s=3dbb6e7caa7a3de4dda9669809c99f67 672w, https:\/\/www.abf.se\/gastrikland\/resized\/?url=https%3A%2F%2Fwww.abf.se%2Fwp-content%2Fuploads%2Fsites%2F20%2F2025%2F08%2FRockskoaln.jpg&#038;fit=crop&#038;w=864&#038;h=760&#038;s=baf196fdf47849cdea66b60d805e3006 864w, https:\/\/www.abf.se\/gastrikland\/resized\/?url=https%3A%2F%2Fwww.abf.se%2Fwp-content%2Fuploads%2Fsites%2F20%2F2025%2F08%2FRockskoaln.jpg&#038;fit=crop&#038;w=1056&#038;h=929&#038;s=fb218b654ea5496abeca597b09fb5b7e 1056w\" alt=\"\" height=\"509\" width=\"578\" sizes=\"auto, (max-width: 768px) 100vw,\n                (max-width: 1280px) 50vw, 578px\" loading=\"lazy\" fetchpriority=\"low\" \/><\/picture>\n\n        <\/div>\n        \n        <div class=\"w-full md:w-1\/2 md:order-1\">\n        <div class=\"mx-auto md:max-w-[368px]\">\n            <h2 class=\"heading-lg\"><\/h2>\n            <div class=\"mb-6 mt-4 wysiwyg\">\n                <p><span data-teams=\"true\"><strong>ABF Rockskolan i Norrsundet<\/strong> \u00e4r en plats d\u00e4r musik, gemenskap och kreativitet m\u00f6ts.<\/span><\/p>\n<p><span data-teams=\"true\"> Med sitt hem i det kulturellt pulserande <i>Kulturhus Fyren<\/i> erbjuder skolan musiklektioner, replokaler och studiecirklar f\u00f6r alla \u2013 oavsett \u00e5lder och niv\u00e5. H\u00e4r f\u00e5r du utvecklas, spela, sjunga och uppt\u00e4cka musikens gl\u00e4dje i en varm och inspirerande milj\u00f6. V\u00e4lkommen att hitta ditt ljud \u2013 och din plats hos oss!<\/span><\/p>\n\n            <\/div>\n                                            <a href='https:\/\/www.facebook.com\/fyrennorrsundet' class=\"default-button\" target=\"_blank\">Till Rockskolan p\u00e5 Facebook<\/a>\n                    <\/div>\n        <\/div>\n    <\/div>\n<\/div>","protected":false},"excerpt":{"rendered":"","protected":false},"author":123,"featured_media":0,"parent":285,"menu_order":0,"comment_status":"closed","ping_status":"closed","template":"","meta":{"_acf_changed":false,"footnotes":""},"class_list":["post-1742","page","type-page","status-publish","hentry"],"acf":[],"yoast_head":"<!-- This site is optimized with the Yoast SEO plugin v27.0 - https:\/\/yoast.com\/product\/yoast-seo-wordpress\/ -->\n<title>ABF Rockskolan - G\u00e4strikland<\/title>\n<meta name=\"description\" content=\"Hos oss p\u00e5 Fyren Norrsundet kan du hyra konferens kurs och samlingslokaler, konserter. Kulturens allaktivitetshus\" \/>\n<meta name=\"robots\" content=\"index, follow, max-snippet:-1, max-image-preview:large, max-video-preview:-1\" \/>\n<link rel=\"canonical\" href=\"https:\/\/www.abf.se\/gastrikland\/vara-verksamheter-och-projekt\/abf-rockskolan\/\" \/>\n<meta property=\"og:locale\" content=\"sv_SE\" \/>\n<meta property=\"og:type\" content=\"article\" \/>\n<meta property=\"og:title\" content=\"ABF Rockskolan - G\u00e4strikland\" \/>\n<meta property=\"og:description\" content=\"Hos oss p\u00e5 Fyren Norrsundet kan du hyra konferens kurs och samlingslokaler, konserter. Kulturens allaktivitetshus\" \/>\n<meta property=\"og:url\" content=\"https:\/\/www.abf.se\/gastrikland\/vara-verksamheter-och-projekt\/abf-rockskolan\/\" \/>\n<meta property=\"og:site_name\" content=\"G\u00e4strikland\" \/>\n<meta property=\"article:modified_time\" content=\"2025-08-19T08:08:56+00:00\" \/>\n<meta property=\"og:image\" content=\"https:\/\/www.abf.se\/wp-content\/uploads\/sites\/20\/2024\/04\/Nyckeln-liggande-scaled.jpg\" \/>\n\t<meta property=\"og:image:width\" content=\"2560\" \/>\n\t<meta property=\"og:image:height\" content=\"1440\" \/>\n\t<meta property=\"og:image:type\" content=\"image\/jpeg\" \/>\n<meta name=\"twitter:card\" content=\"summary_large_image\" \/>\n<script type=\"application\/ld+json\" class=\"yoast-schema-graph\">{\"@context\":\"https:\/\/schema.org\",\"@graph\":[{\"@type\":\"WebPage\",\"@id\":\"https:\/\/www.abf.se\/gastrikland\/vara-verksamheter-och-projekt\/abf-rockskolan\/\",\"url\":\"https:\/\/www.abf.se\/gastrikland\/vara-verksamheter-och-projekt\/abf-rockskolan\/\",\"name\":\"ABF Rockskolan - G\u00e4strikland\",\"isPartOf\":{\"@id\":\"https:\/\/www.abf.se\/gastrikland\/#website\"},\"datePublished\":\"2025-08-18T13:14:12+00:00\",\"dateModified\":\"2025-08-19T08:08:56+00:00\",\"description\":\"Hos oss p\u00e5 Fyren Norrsundet kan du hyra konferens kurs och samlingslokaler, konserter. Kulturens allaktivitetshus\",\"breadcrumb\":{\"@id\":\"https:\/\/www.abf.se\/gastrikland\/vara-verksamheter-och-projekt\/abf-rockskolan\/#breadcrumb\"},\"inLanguage\":\"sv-SE\",\"potentialAction\":[{\"@type\":\"ReadAction\",\"target\":[\"https:\/\/www.abf.se\/gastrikland\/vara-verksamheter-och-projekt\/abf-rockskolan\/\"]}]},{\"@type\":\"BreadcrumbList\",\"@id\":\"https:\/\/www.abf.se\/gastrikland\/vara-verksamheter-och-projekt\/abf-rockskolan\/#breadcrumb\",\"itemListElement\":[{\"@type\":\"ListItem\",\"position\":1,\"name\":\"Home\",\"item\":\"https:\/\/www.abf.se\/gastrikland\/\"},{\"@type\":\"ListItem\",\"position\":2,\"name\":\"V\u00e5ra verksamheter och projekt\",\"item\":\"https:\/\/www.abf.se\/gastrikland\/vara-verksamheter-och-projekt\/\"},{\"@type\":\"ListItem\",\"position\":3,\"name\":\"ABF Rockskolan\"}]},{\"@type\":\"WebSite\",\"@id\":\"https:\/\/www.abf.se\/gastrikland\/#website\",\"url\":\"https:\/\/www.abf.se\/gastrikland\/\",\"name\":\"G\u00e4strikland\",\"description\":\"\",\"potentialAction\":[{\"@type\":\"SearchAction\",\"target\":{\"@type\":\"EntryPoint\",\"urlTemplate\":\"https:\/\/www.abf.se\/gastrikland\/?s={search_term_string}\"},\"query-input\":{\"@type\":\"PropertyValueSpecification\",\"valueRequired\":true,\"valueName\":\"search_term_string\"}}],\"inLanguage\":\"sv-SE\"}]}<\/script>\n<!-- \/ Yoast SEO plugin. -->","yoast_head_json":{"title":"ABF Rockskolan - G\u00e4strikland","description":"Hos oss p\u00e5 Fyren Norrsundet kan du hyra konferens kurs och samlingslokaler, konserter. Kulturens allaktivitetshus","robots":{"index":"index","follow":"follow","max-snippet":"max-snippet:-1","max-image-preview":"max-image-preview:large","max-video-preview":"max-video-preview:-1"},"canonical":"https:\/\/www.abf.se\/gastrikland\/vara-verksamheter-och-projekt\/abf-rockskolan\/","og_locale":"sv_SE","og_type":"article","og_title":"ABF Rockskolan - G\u00e4strikland","og_description":"Hos oss p\u00e5 Fyren Norrsundet kan du hyra konferens kurs och samlingslokaler, konserter. Kulturens allaktivitetshus","og_url":"https:\/\/www.abf.se\/gastrikland\/vara-verksamheter-och-projekt\/abf-rockskolan\/","og_site_name":"G\u00e4strikland","article_modified_time":"2025-08-19T08:08:56+00:00","og_image":[{"width":2560,"height":1440,"url":"https:\/\/www.abf.se\/wp-content\/uploads\/sites\/20\/2024\/04\/Nyckeln-liggande-scaled.jpg","type":"image\/jpeg"}],"twitter_card":"summary_large_image","schema":{"@context":"https:\/\/schema.org","@graph":[{"@type":"WebPage","@id":"https:\/\/www.abf.se\/gastrikland\/vara-verksamheter-och-projekt\/abf-rockskolan\/","url":"https:\/\/www.abf.se\/gastrikland\/vara-verksamheter-och-projekt\/abf-rockskolan\/","name":"ABF Rockskolan - G\u00e4strikland","isPartOf":{"@id":"https:\/\/www.abf.se\/gastrikland\/#website"},"datePublished":"2025-08-18T13:14:12+00:00","dateModified":"2025-08-19T08:08:56+00:00","description":"Hos oss p\u00e5 Fyren Norrsundet kan du hyra konferens kurs och samlingslokaler, konserter. Kulturens allaktivitetshus","breadcrumb":{"@id":"https:\/\/www.abf.se\/gastrikland\/vara-verksamheter-och-projekt\/abf-rockskolan\/#breadcrumb"},"inLanguage":"sv-SE","potentialAction":[{"@type":"ReadAction","target":["https:\/\/www.abf.se\/gastrikland\/vara-verksamheter-och-projekt\/abf-rockskolan\/"]}]},{"@type":"BreadcrumbList","@id":"https:\/\/www.abf.se\/gastrikland\/vara-verksamheter-och-projekt\/abf-rockskolan\/#breadcrumb","itemListElement":[{"@type":"ListItem","position":1,"name":"Home","item":"https:\/\/www.abf.se\/gastrikland\/"},{"@type":"ListItem","position":2,"name":"V\u00e5ra verksamheter och projekt","item":"https:\/\/www.abf.se\/gastrikland\/vara-verksamheter-och-projekt\/"},{"@type":"ListItem","position":3,"name":"ABF Rockskolan"}]},{"@type":"WebSite","@id":"https:\/\/www.abf.se\/gastrikland\/#website","url":"https:\/\/www.abf.se\/gastrikland\/","name":"G\u00e4strikland","description":"","potentialAction":[{"@type":"SearchAction","target":{"@type":"EntryPoint","urlTemplate":"https:\/\/www.abf.se\/gastrikland\/?s={search_term_string}"},"query-input":{"@type":"PropertyValueSpecification","valueRequired":true,"valueName":"search_term_string"}}],"inLanguage":"sv-SE"}]}},"_links":{"self":[{"href":"https:\/\/www.abf.se\/gastrikland\/wp-json\/wp\/v2\/pages\/1742","targetHints":{"allow":["GET"]}}],"collection":[{"href":"https:\/\/www.abf.se\/gastrikland\/wp-json\/wp\/v2\/pages"}],"about":[{"href":"https:\/\/www.abf.se\/gastrikland\/wp-json\/wp\/v2\/types\/page"}],"author":[{"embeddable":true,"href":"https:\/\/www.abf.se\/gastrikland\/wp-json\/wp\/v2\/users\/123"}],"replies":[{"embeddable":true,"href":"https:\/\/www.abf.se\/gastrikland\/wp-json\/wp\/v2\/comments?post=1742"}],"version-history":[{"count":2,"href":"https:\/\/www.abf.se\/gastrikland\/wp-json\/wp\/v2\/pages\/1742\/revisions"}],"predecessor-version":[{"id":1748,"href":"https:\/\/www.abf.se\/gastrikland\/wp-json\/wp\/v2\/pages\/1742\/revisions\/1748"}],"up":[{"embeddable":true,"href":"https:\/\/www.abf.se\/gastrikland\/wp-json\/wp\/v2\/pages\/285"}],"wp:attachment":[{"href":"https:\/\/www.abf.se\/gastrikland\/wp-json\/wp\/v2\/media?parent=1742"}],"curies":[{"name":"wp","href":"https:\/\/api.w.org\/{rel}","templated":true}]}}