{"id":446,"date":"2024-03-11T14:05:09","date_gmt":"2024-03-11T13:05:09","guid":{"rendered":"https:\/\/www.abf.se\/gastrikebygden\/?page_id=446"},"modified":"2025-05-26T13:39:37","modified_gmt":"2025-05-26T11:39:37","slug":"musikhuset-2","status":"publish","type":"page","link":"https:\/\/www.abf.se\/gastrikland\/vara-verksamheter-och-projekt\/musikhuset-2\/","title":{"rendered":"Musikhuset"},"content":{"rendered":"<div\n    class=\"acf-plain-heading-block container my-16\"\n    data-block=\"plain-heading-block\"\n>\n    <div class=\"max-w-[658px] mx-auto\">\n                <h1 class=\"hero-heading\"><span>Musikhuset<\/span><\/h1>\n                    <\/div>\n<\/div>\n<div\n    class=\"acf-text-image-block container my-12 md:my-15\"\n    data-block=\"text-image-block\"\n>\n    <div\n    class=\"flex flex-col items-center md:flex-row gap-8 md:gap-0 justify-between\">\n                        <div class=\"w-full md:w-1\/2 md:order-2\">\n            <picture><img decoding=\"async\" src=\"https:\/\/www.abf.se\/gastrikland\/resized\/?url=https%3A%2F%2Fwww.abf.se%2Fwp-content%2Fuploads%2Fsites%2F20%2F2024%2F03%2FMusikhuset_morker-e1709719580249.jpg&#038;fit=crop&#038;w=578&#038;s=e036ff7d045721ceff2722cc39f016fd\" srcset=\"https:\/\/www.abf.se\/gastrikland\/resized\/?url=https%3A%2F%2Fwww.abf.se%2Fwp-content%2Fuploads%2Fsites%2F20%2F2024%2F03%2FMusikhuset_morker-e1709719580249.jpg&#038;fit=crop&#038;w=144&#038;h=126&#038;s=27219ecd217a4f99525fc822f0860add 144w, https:\/\/www.abf.se\/gastrikland\/resized\/?url=https%3A%2F%2Fwww.abf.se%2Fwp-content%2Fuploads%2Fsites%2F20%2F2024%2F03%2FMusikhuset_morker-e1709719580249.jpg&#038;fit=crop&#038;w=240&#038;h=211&#038;s=c1d8fde1dc6186e635dace43f14f3cf4 240w, https:\/\/www.abf.se\/gastrikland\/resized\/?url=https%3A%2F%2Fwww.abf.se%2Fwp-content%2Fuploads%2Fsites%2F20%2F2024%2F03%2FMusikhuset_morker-e1709719580249.jpg&#038;fit=crop&#038;w=288&#038;h=253&#038;s=c4f5e89703fa17061776e23a597a7215 288w, https:\/\/www.abf.se\/gastrikland\/resized\/?url=https%3A%2F%2Fwww.abf.se%2Fwp-content%2Fuploads%2Fsites%2F20%2F2024%2F03%2FMusikhuset_morker-e1709719580249.jpg&#038;fit=crop&#038;w=336&#038;h=295&#038;s=65a451bc8fd490b2794d4cea7a59140d 336w, https:\/\/www.abf.se\/gastrikland\/resized\/?url=https%3A%2F%2Fwww.abf.se%2Fwp-content%2Fuploads%2Fsites%2F20%2F2024%2F03%2FMusikhuset_morker-e1709719580249.jpg&#038;fit=crop&#038;w=432&#038;h=380&#038;s=9adfa707d1ae3fb630d0d52c57e97ba4 432w, https:\/\/www.abf.se\/gastrikland\/resized\/?url=https%3A%2F%2Fwww.abf.se%2Fwp-content%2Fuploads%2Fsites%2F20%2F2024%2F03%2FMusikhuset_morker-e1709719580249.jpg&#038;fit=crop&#038;w=480&#038;h=422&#038;s=363f0af99e8e395d97c928d3ebfec684 480w, https:\/\/www.abf.se\/gastrikland\/resized\/?url=https%3A%2F%2Fwww.abf.se%2Fwp-content%2Fuploads%2Fsites%2F20%2F2024%2F03%2FMusikhuset_morker-e1709719580249.jpg&#038;fit=crop&#038;w=528&#038;h=464&#038;s=d1c2cb929ebe33546ec9ef4e5d76b3c5 528w, https:\/\/www.abf.se\/gastrikland\/resized\/?url=https%3A%2F%2Fwww.abf.se%2Fwp-content%2Fuploads%2Fsites%2F20%2F2024%2F03%2FMusikhuset_morker-e1709719580249.jpg&#038;fit=crop&#038;w=578&#038;h=509&#038;s=f828f1594bdd0d9a1feabe36c2c027a6 578w, https:\/\/www.abf.se\/gastrikland\/resized\/?url=https%3A%2F%2Fwww.abf.se%2Fwp-content%2Fuploads%2Fsites%2F20%2F2024%2F03%2FMusikhuset_morker-e1709719580249.jpg&#038;fit=crop&#038;w=672&#038;h=591&#038;s=e2566ef8ad5089e200998f39b4f3a47d 672w, https:\/\/www.abf.se\/gastrikland\/resized\/?url=https%3A%2F%2Fwww.abf.se%2Fwp-content%2Fuploads%2Fsites%2F20%2F2024%2F03%2FMusikhuset_morker-e1709719580249.jpg&#038;fit=crop&#038;w=864&#038;h=760&#038;s=22405a82653fdc28d94d30e02f576bbb 864w, https:\/\/www.abf.se\/gastrikland\/resized\/?url=https%3A%2F%2Fwww.abf.se%2Fwp-content%2Fuploads%2Fsites%2F20%2F2024%2F03%2FMusikhuset_morker-e1709719580249.jpg&#038;fit=crop&#038;w=1056&#038;h=929&#038;s=b28d0517a72f4115ac4dc24391869205 1056w\" alt=\"\" height=\"509\" width=\"578\" sizes=\"auto, (max-width: 768px) 100vw,\n                (max-width: 1280px) 50vw, 578px\" loading=\"lazy\" fetchpriority=\"low\" \/><\/picture>\n\n        <\/div>\n        \n        <div class=\"w-full md:w-1\/2 md:order-1\">\n        <div class=\"mx-auto md:max-w-[368px]\">\n            <h2 class=\"heading-lg\"><\/h2>\n            <div class=\"mb-6 mt-4 wysiwyg\">\n                <p>F\u00f6reningen Musikhuset har varit verksam i Sj\u00f6manskyrkan sedan 1987; och har under dessa \u00e5r arbetat m\u00e5lmedvetet med inkludering, social h\u00e5llbarhet och demokrati via sitt stora n\u00e4tverk.<\/p>\n<p>Verksamheten drivs av det lokalt f\u00f6rankrade studief\u00f6rbundet ABF G\u00e4strikland.<\/p>\n<p>Sedan \u00e5rsskiftet 2020\/2021 \u00e4r f\u00f6reningen 100% \u00e4gare till Sj\u00f6manskyrkan Bord &amp; Bar (Sj\u00f6manskyrkan G\u00e4vle AB org.nr 559279-6956), som bedriver lokaluthyrning, catering, caf\u00e9- och restaurangverksamhet.<br \/>\nDu som v\u00e4ljer att bes\u00f6ka Musikhuset och Sj\u00f6manskyrkan Bord &amp; Bar g\u00f6r en insats f\u00f6r ett b\u00e4ttre G\u00e4vle- d\u00e5 allt ev. \u00f6verskott g\u00e5r oavkortat tillbaka till f\u00f6reningslivet. Mer \u00e4n 70 f\u00f6reningar, organisationer och f\u00f6retag samverkar med oss och ges m\u00f6jlighet att skapa aktiviteter och verksamhet genom de lokaler och resurser Musikhuset rymmer.<\/p>\n<p>F\u00f6reningen Musikhuset \u00e4r arrang\u00f6r och ansvarig f\u00f6r alla kulturevenemang som genomf\u00f6rs i huset, d\u00e4r ligger ocks\u00e5 \u00e4gandet av teknik och personell kompetens inom omr\u00e5det.<\/p>\n\n            <\/div>\n                                            <a href='http:\/\/www.musikhuset.nu' class=\"default-button\" target=\"\">Till Musikhusets hemsida<\/a>\n                    <\/div>\n        <\/div>\n    <\/div>\n<\/div>","protected":false},"excerpt":{"rendered":"","protected":false},"author":45,"featured_media":0,"parent":285,"menu_order":0,"comment_status":"closed","ping_status":"closed","template":"","meta":{"_acf_changed":false,"footnotes":""},"class_list":["post-446","page","type-page","status-publish","hentry"],"acf":[],"yoast_head":"<!-- This site is optimized with the Yoast SEO plugin v27.0 - https:\/\/yoast.com\/product\/yoast-seo-wordpress\/ -->\n<title>Musikhuset - G\u00e4strikland<\/title>\n<meta name=\"description\" content=\"Verksamheten drivs av det lokalt f\u00f6rankrade studief\u00f6rbundet ABF G\u00e4strikebygden. F\u00f6reningen Musikhuset. F\u00f6reningen Musikhuset \u00e4r arrang\u00f6r och ansvarig f\u00f6r alla kulturevenemang som genomf\u00f6rs i huset\" \/>\n<meta name=\"robots\" content=\"index, follow, max-snippet:-1, max-image-preview:large, max-video-preview:-1\" \/>\n<link rel=\"canonical\" href=\"https:\/\/www.abf.se\/gastrikland\/vara-verksamheter-och-projekt\/musikhuset-2\/\" \/>\n<meta property=\"og:locale\" content=\"sv_SE\" \/>\n<meta property=\"og:type\" content=\"article\" \/>\n<meta property=\"og:title\" content=\"Musikhuset - G\u00e4strikland\" \/>\n<meta property=\"og:description\" content=\"Verksamheten drivs av det lokalt f\u00f6rankrade studief\u00f6rbundet ABF G\u00e4strikebygden. F\u00f6reningen Musikhuset. F\u00f6reningen Musikhuset \u00e4r arrang\u00f6r och ansvarig f\u00f6r alla kulturevenemang som genomf\u00f6rs i huset\" \/>\n<meta property=\"og:url\" content=\"https:\/\/www.abf.se\/gastrikland\/vara-verksamheter-och-projekt\/musikhuset-2\/\" \/>\n<meta property=\"og:site_name\" content=\"G\u00e4strikland\" \/>\n<meta property=\"article:modified_time\" content=\"2025-05-26T11:39:37+00:00\" \/>\n<meta property=\"og:image\" content=\"https:\/\/www.abf.se\/wp-content\/uploads\/sites\/20\/2024\/04\/Nyckeln-liggande-scaled.jpg\" \/>\n\t<meta property=\"og:image:width\" content=\"2560\" \/>\n\t<meta property=\"og:image:height\" content=\"1440\" \/>\n\t<meta property=\"og:image:type\" content=\"image\/jpeg\" \/>\n<meta name=\"twitter:card\" content=\"summary_large_image\" \/>\n<script type=\"application\/ld+json\" class=\"yoast-schema-graph\">{\"@context\":\"https:\/\/schema.org\",\"@graph\":[{\"@type\":\"WebPage\",\"@id\":\"https:\/\/www.abf.se\/gastrikland\/vara-verksamheter-och-projekt\/musikhuset-2\/\",\"url\":\"https:\/\/www.abf.se\/gastrikland\/vara-verksamheter-och-projekt\/musikhuset-2\/\",\"name\":\"Musikhuset - G\u00e4strikland\",\"isPartOf\":{\"@id\":\"https:\/\/www.abf.se\/gastrikland\/#website\"},\"datePublished\":\"2024-03-11T13:05:09+00:00\",\"dateModified\":\"2025-05-26T11:39:37+00:00\",\"description\":\"Verksamheten drivs av det lokalt f\u00f6rankrade studief\u00f6rbundet ABF G\u00e4strikebygden. F\u00f6reningen Musikhuset. F\u00f6reningen Musikhuset \u00e4r arrang\u00f6r och ansvarig f\u00f6r alla kulturevenemang som genomf\u00f6rs i huset\",\"breadcrumb\":{\"@id\":\"https:\/\/www.abf.se\/gastrikland\/vara-verksamheter-och-projekt\/musikhuset-2\/#breadcrumb\"},\"inLanguage\":\"sv-SE\",\"potentialAction\":[{\"@type\":\"ReadAction\",\"target\":[\"https:\/\/www.abf.se\/gastrikland\/vara-verksamheter-och-projekt\/musikhuset-2\/\"]}]},{\"@type\":\"BreadcrumbList\",\"@id\":\"https:\/\/www.abf.se\/gastrikland\/vara-verksamheter-och-projekt\/musikhuset-2\/#breadcrumb\",\"itemListElement\":[{\"@type\":\"ListItem\",\"position\":1,\"name\":\"Home\",\"item\":\"https:\/\/www.abf.se\/gastrikland\/\"},{\"@type\":\"ListItem\",\"position\":2,\"name\":\"V\u00e5ra verksamheter och projekt\",\"item\":\"https:\/\/www.abf.se\/gastrikland\/vara-verksamheter-och-projekt\/\"},{\"@type\":\"ListItem\",\"position\":3,\"name\":\"Musikhuset\"}]},{\"@type\":\"WebSite\",\"@id\":\"https:\/\/www.abf.se\/gastrikland\/#website\",\"url\":\"https:\/\/www.abf.se\/gastrikland\/\",\"name\":\"G\u00e4strikland\",\"description\":\"\",\"potentialAction\":[{\"@type\":\"SearchAction\",\"target\":{\"@type\":\"EntryPoint\",\"urlTemplate\":\"https:\/\/www.abf.se\/gastrikland\/?s={search_term_string}\"},\"query-input\":{\"@type\":\"PropertyValueSpecification\",\"valueRequired\":true,\"valueName\":\"search_term_string\"}}],\"inLanguage\":\"sv-SE\"}]}<\/script>\n<!-- \/ Yoast SEO plugin. -->","yoast_head_json":{"title":"Musikhuset - G\u00e4strikland","description":"Verksamheten drivs av det lokalt f\u00f6rankrade studief\u00f6rbundet ABF G\u00e4strikebygden. F\u00f6reningen Musikhuset. F\u00f6reningen Musikhuset \u00e4r arrang\u00f6r och ansvarig f\u00f6r alla kulturevenemang som genomf\u00f6rs i huset","robots":{"index":"index","follow":"follow","max-snippet":"max-snippet:-1","max-image-preview":"max-image-preview:large","max-video-preview":"max-video-preview:-1"},"canonical":"https:\/\/www.abf.se\/gastrikland\/vara-verksamheter-och-projekt\/musikhuset-2\/","og_locale":"sv_SE","og_type":"article","og_title":"Musikhuset - G\u00e4strikland","og_description":"Verksamheten drivs av det lokalt f\u00f6rankrade studief\u00f6rbundet ABF G\u00e4strikebygden. F\u00f6reningen Musikhuset. F\u00f6reningen Musikhuset \u00e4r arrang\u00f6r och ansvarig f\u00f6r alla kulturevenemang som genomf\u00f6rs i huset","og_url":"https:\/\/www.abf.se\/gastrikland\/vara-verksamheter-och-projekt\/musikhuset-2\/","og_site_name":"G\u00e4strikland","article_modified_time":"2025-05-26T11:39:37+00:00","og_image":[{"width":2560,"height":1440,"url":"https:\/\/www.abf.se\/wp-content\/uploads\/sites\/20\/2024\/04\/Nyckeln-liggande-scaled.jpg","type":"image\/jpeg"}],"twitter_card":"summary_large_image","schema":{"@context":"https:\/\/schema.org","@graph":[{"@type":"WebPage","@id":"https:\/\/www.abf.se\/gastrikland\/vara-verksamheter-och-projekt\/musikhuset-2\/","url":"https:\/\/www.abf.se\/gastrikland\/vara-verksamheter-och-projekt\/musikhuset-2\/","name":"Musikhuset - G\u00e4strikland","isPartOf":{"@id":"https:\/\/www.abf.se\/gastrikland\/#website"},"datePublished":"2024-03-11T13:05:09+00:00","dateModified":"2025-05-26T11:39:37+00:00","description":"Verksamheten drivs av det lokalt f\u00f6rankrade studief\u00f6rbundet ABF G\u00e4strikebygden. F\u00f6reningen Musikhuset. F\u00f6reningen Musikhuset \u00e4r arrang\u00f6r och ansvarig f\u00f6r alla kulturevenemang som genomf\u00f6rs i huset","breadcrumb":{"@id":"https:\/\/www.abf.se\/gastrikland\/vara-verksamheter-och-projekt\/musikhuset-2\/#breadcrumb"},"inLanguage":"sv-SE","potentialAction":[{"@type":"ReadAction","target":["https:\/\/www.abf.se\/gastrikland\/vara-verksamheter-och-projekt\/musikhuset-2\/"]}]},{"@type":"BreadcrumbList","@id":"https:\/\/www.abf.se\/gastrikland\/vara-verksamheter-och-projekt\/musikhuset-2\/#breadcrumb","itemListElement":[{"@type":"ListItem","position":1,"name":"Home","item":"https:\/\/www.abf.se\/gastrikland\/"},{"@type":"ListItem","position":2,"name":"V\u00e5ra verksamheter och projekt","item":"https:\/\/www.abf.se\/gastrikland\/vara-verksamheter-och-projekt\/"},{"@type":"ListItem","position":3,"name":"Musikhuset"}]},{"@type":"WebSite","@id":"https:\/\/www.abf.se\/gastrikland\/#website","url":"https:\/\/www.abf.se\/gastrikland\/","name":"G\u00e4strikland","description":"","potentialAction":[{"@type":"SearchAction","target":{"@type":"EntryPoint","urlTemplate":"https:\/\/www.abf.se\/gastrikland\/?s={search_term_string}"},"query-input":{"@type":"PropertyValueSpecification","valueRequired":true,"valueName":"search_term_string"}}],"inLanguage":"sv-SE"}]}},"_links":{"self":[{"href":"https:\/\/www.abf.se\/gastrikland\/wp-json\/wp\/v2\/pages\/446","targetHints":{"allow":["GET"]}}],"collection":[{"href":"https:\/\/www.abf.se\/gastrikland\/wp-json\/wp\/v2\/pages"}],"about":[{"href":"https:\/\/www.abf.se\/gastrikland\/wp-json\/wp\/v2\/types\/page"}],"author":[{"embeddable":true,"href":"https:\/\/www.abf.se\/gastrikland\/wp-json\/wp\/v2\/users\/45"}],"replies":[{"embeddable":true,"href":"https:\/\/www.abf.se\/gastrikland\/wp-json\/wp\/v2\/comments?post=446"}],"version-history":[{"count":11,"href":"https:\/\/www.abf.se\/gastrikland\/wp-json\/wp\/v2\/pages\/446\/revisions"}],"predecessor-version":[{"id":1639,"href":"https:\/\/www.abf.se\/gastrikland\/wp-json\/wp\/v2\/pages\/446\/revisions\/1639"}],"up":[{"embeddable":true,"href":"https:\/\/www.abf.se\/gastrikland\/wp-json\/wp\/v2\/pages\/285"}],"wp:attachment":[{"href":"https:\/\/www.abf.se\/gastrikland\/wp-json\/wp\/v2\/media?parent=446"}],"curies":[{"name":"wp","href":"https:\/\/api.w.org\/{rel}","templated":true}]}}