{"id":512,"date":"2024-03-13T10:55:23","date_gmt":"2024-03-13T09:55:23","guid":{"rendered":"https:\/\/www.abf.se\/gastrikebygden\/?page_id=512"},"modified":"2024-04-25T16:33:57","modified_gmt":"2024-04-25T14:33:57","slug":"sprangbradan-3","status":"publish","type":"page","link":"https:\/\/www.abf.se\/gastrikland\/vara-verksamheter-och-projekt\/sprangbradan-3\/","title":{"rendered":"Spr\u00e5ngbr\u00e4dan"},"content":{"rendered":"<div\n    class=\"acf-plain-heading-block container my-16\"\n    data-block=\"plain-heading-block\"\n>\n    <div class=\"max-w-[658px] mx-auto\">\n                <h1 class=\"hero-heading\"><span>Spr\u00e5ngbr\u00e4dan<\/span><\/h1>\n                    <\/div>\n<\/div>\n<div\n    class=\"acf-text-image-block container my-12 md:my-15\"\n    data-block=\"text-image-block\"\n>\n    <div\n    class=\"flex flex-col items-center md:flex-row gap-8 md:gap-0 justify-between\">\n                        <div class=\"w-full md:w-1\/2 md:order-2\">\n            <picture><img decoding=\"async\" src=\"https:\/\/www.abf.se\/gastrikland\/resized\/?url=https%3A%2F%2Fwww.abf.se%2Fwp-content%2Fuploads%2Fsites%2F20%2F2024%2F03%2FSprangbradan.jpg&#038;fit=crop&#038;w=578&#038;s=dc65d8ef9ef5c93c95d116b837ee2c19\" srcset=\"https:\/\/www.abf.se\/gastrikland\/resized\/?url=https%3A%2F%2Fwww.abf.se%2Fwp-content%2Fuploads%2Fsites%2F20%2F2024%2F03%2FSprangbradan.jpg&#038;fit=crop&#038;w=144&#038;h=126&#038;s=8c50161e84c0d75aa427653f71afda01 144w, https:\/\/www.abf.se\/gastrikland\/resized\/?url=https%3A%2F%2Fwww.abf.se%2Fwp-content%2Fuploads%2Fsites%2F20%2F2024%2F03%2FSprangbradan.jpg&#038;fit=crop&#038;w=240&#038;h=211&#038;s=4cbbafa6a564138e08567fe4259ff48e 240w, https:\/\/www.abf.se\/gastrikland\/resized\/?url=https%3A%2F%2Fwww.abf.se%2Fwp-content%2Fuploads%2Fsites%2F20%2F2024%2F03%2FSprangbradan.jpg&#038;fit=crop&#038;w=288&#038;h=253&#038;s=2fb01061170f5a2f41fcf84d80b1f425 288w, https:\/\/www.abf.se\/gastrikland\/resized\/?url=https%3A%2F%2Fwww.abf.se%2Fwp-content%2Fuploads%2Fsites%2F20%2F2024%2F03%2FSprangbradan.jpg&#038;fit=crop&#038;w=336&#038;h=295&#038;s=d9066de7ad3a1b7a779159aa5950754f 336w, https:\/\/www.abf.se\/gastrikland\/resized\/?url=https%3A%2F%2Fwww.abf.se%2Fwp-content%2Fuploads%2Fsites%2F20%2F2024%2F03%2FSprangbradan.jpg&#038;fit=crop&#038;w=432&#038;h=380&#038;s=72e742f2c64bf9e8e0d657aa8e38c3e9 432w, https:\/\/www.abf.se\/gastrikland\/resized\/?url=https%3A%2F%2Fwww.abf.se%2Fwp-content%2Fuploads%2Fsites%2F20%2F2024%2F03%2FSprangbradan.jpg&#038;fit=crop&#038;w=480&#038;h=422&#038;s=429855a289f80028cdf14dd5b3a5b986 480w, https:\/\/www.abf.se\/gastrikland\/resized\/?url=https%3A%2F%2Fwww.abf.se%2Fwp-content%2Fuploads%2Fsites%2F20%2F2024%2F03%2FSprangbradan.jpg&#038;fit=crop&#038;w=528&#038;h=464&#038;s=ea8c9a798a312e8641f153275fa91db7 528w, https:\/\/www.abf.se\/gastrikland\/resized\/?url=https%3A%2F%2Fwww.abf.se%2Fwp-content%2Fuploads%2Fsites%2F20%2F2024%2F03%2FSprangbradan.jpg&#038;fit=crop&#038;w=578&#038;h=509&#038;s=7ffcd554c7e0ebb6f4100659773bba7f 578w, https:\/\/www.abf.se\/gastrikland\/resized\/?url=https%3A%2F%2Fwww.abf.se%2Fwp-content%2Fuploads%2Fsites%2F20%2F2024%2F03%2FSprangbradan.jpg&#038;fit=crop&#038;w=672&#038;h=591&#038;s=2226012812e800681ea54680d7f52e21 672w, https:\/\/www.abf.se\/gastrikland\/resized\/?url=https%3A%2F%2Fwww.abf.se%2Fwp-content%2Fuploads%2Fsites%2F20%2F2024%2F03%2FSprangbradan.jpg&#038;fit=crop&#038;w=864&#038;h=760&#038;s=04a11dfafa11c15c2fa474349c6b1bb2 864w, https:\/\/www.abf.se\/gastrikland\/resized\/?url=https%3A%2F%2Fwww.abf.se%2Fwp-content%2Fuploads%2Fsites%2F20%2F2024%2F03%2FSprangbradan.jpg&#038;fit=crop&#038;w=1056&#038;h=929&#038;s=2a679613cdcff5873abc6e6d598a73bd 1056w\" alt=\"\" height=\"509\" width=\"578\" sizes=\"auto, (max-width: 768px) 100vw,\n                (max-width: 1280px) 50vw, 578px\" loading=\"lazy\" fetchpriority=\"low\" \/><\/picture>\n\n        <\/div>\n        \n        <div class=\"w-full md:w-1\/2 md:order-1\">\n        <div class=\"mx-auto md:max-w-[368px]\">\n            <h2 class=\"heading-lg\"><\/h2>\n            <div class=\"mb-6 mt-4 wysiwyg\">\n                <p>\u00c4r en alternativ vuxenutbildning &#8221;f\u00f6r unga vuxna utanf\u00f6r\u201d och v\u00e4nder sig fr\u00e4mst till individer i \u00e5ldern 20-30 \u00e5r som saknar gymnasial kompetens. Fokus \u00e4r p\u00e5 ett individuellt l\u00e4rande med flexibla studieplaner utifr\u00e5n behov och f\u00f6ruts\u00e4ttning.<\/p>\n<p>Hos oss har man genom ett samarbete med\u00a0<a href=\"https:\/\/sandviken.se\/utbildningforskola\/centrumforvuxnaslarande.4.195dd5bf9174c73697fff6763.html\" target=\"new\">CVL Sandviken<\/a>\u00a0m\u00f6jlighet att l\u00e4sa hela det kommunala kursutbudet f\u00f6r att skaffa sig en gymnasieexamen.<\/p>\n\n            <\/div>\n                                            <a href='https:\/\/www.sprangbradan.com\/' class=\"default-button\" target=\"_blank\">Till Spr\u00e5ngbr\u00e4dans hemsida<\/a>\n                    <\/div>\n        <\/div>\n    <\/div>\n<\/div>","protected":false},"excerpt":{"rendered":"","protected":false},"author":45,"featured_media":0,"parent":285,"menu_order":0,"comment_status":"closed","ping_status":"closed","template":"","meta":{"_acf_changed":false,"footnotes":""},"class_list":["post-512","page","type-page","status-publish","hentry"],"acf":[],"yoast_head":"<!-- This site is optimized with the Yoast SEO plugin v27.0 - https:\/\/yoast.com\/product\/yoast-seo-wordpress\/ -->\n<title>Spr\u00e5ngbr\u00e4dan - G\u00e4strikland<\/title>\n<meta name=\"description\" content=\"alternativ vuxenutbildning. Individuellt l\u00e4rande och flexibilitet. Samarbete med CVL Sandviken. M\u00f6jlighet till Gymnasieexamen.\" \/>\n<meta name=\"robots\" content=\"index, follow, max-snippet:-1, max-image-preview:large, max-video-preview:-1\" \/>\n<link rel=\"canonical\" href=\"https:\/\/www.abf.se\/gastrikland\/vara-verksamheter-och-projekt\/sprangbradan-3\/\" \/>\n<meta property=\"og:locale\" content=\"sv_SE\" \/>\n<meta property=\"og:type\" content=\"article\" \/>\n<meta property=\"og:title\" content=\"Spr\u00e5ngbr\u00e4dan - G\u00e4strikland\" \/>\n<meta property=\"og:description\" content=\"alternativ vuxenutbildning. Individuellt l\u00e4rande och flexibilitet. Samarbete med CVL Sandviken. M\u00f6jlighet till Gymnasieexamen.\" \/>\n<meta property=\"og:url\" content=\"https:\/\/www.abf.se\/gastrikland\/vara-verksamheter-och-projekt\/sprangbradan-3\/\" \/>\n<meta property=\"og:site_name\" content=\"G\u00e4strikland\" \/>\n<meta property=\"article:modified_time\" content=\"2024-04-25T14:33:57+00:00\" \/>\n<meta property=\"og:image\" content=\"https:\/\/www.abf.se\/wp-content\/uploads\/sites\/20\/2024\/04\/Nyckeln-liggande-scaled.jpg\" \/>\n\t<meta property=\"og:image:width\" content=\"2560\" \/>\n\t<meta property=\"og:image:height\" content=\"1440\" \/>\n\t<meta property=\"og:image:type\" content=\"image\/jpeg\" \/>\n<meta name=\"twitter:card\" content=\"summary_large_image\" \/>\n<script type=\"application\/ld+json\" class=\"yoast-schema-graph\">{\"@context\":\"https:\/\/schema.org\",\"@graph\":[{\"@type\":\"WebPage\",\"@id\":\"https:\/\/www.abf.se\/gastrikland\/vara-verksamheter-och-projekt\/sprangbradan-3\/\",\"url\":\"https:\/\/www.abf.se\/gastrikland\/vara-verksamheter-och-projekt\/sprangbradan-3\/\",\"name\":\"Spr\u00e5ngbr\u00e4dan - G\u00e4strikland\",\"isPartOf\":{\"@id\":\"https:\/\/www.abf.se\/gastrikland\/#website\"},\"datePublished\":\"2024-03-13T09:55:23+00:00\",\"dateModified\":\"2024-04-25T14:33:57+00:00\",\"description\":\"alternativ vuxenutbildning. Individuellt l\u00e4rande och flexibilitet. Samarbete med CVL Sandviken. M\u00f6jlighet till Gymnasieexamen.\",\"breadcrumb\":{\"@id\":\"https:\/\/www.abf.se\/gastrikland\/vara-verksamheter-och-projekt\/sprangbradan-3\/#breadcrumb\"},\"inLanguage\":\"sv-SE\",\"potentialAction\":[{\"@type\":\"ReadAction\",\"target\":[\"https:\/\/www.abf.se\/gastrikland\/vara-verksamheter-och-projekt\/sprangbradan-3\/\"]}]},{\"@type\":\"BreadcrumbList\",\"@id\":\"https:\/\/www.abf.se\/gastrikland\/vara-verksamheter-och-projekt\/sprangbradan-3\/#breadcrumb\",\"itemListElement\":[{\"@type\":\"ListItem\",\"position\":1,\"name\":\"Home\",\"item\":\"https:\/\/www.abf.se\/gastrikland\/\"},{\"@type\":\"ListItem\",\"position\":2,\"name\":\"V\u00e5ra verksamheter och projekt\",\"item\":\"https:\/\/www.abf.se\/gastrikland\/vara-verksamheter-och-projekt\/\"},{\"@type\":\"ListItem\",\"position\":3,\"name\":\"Spr\u00e5ngbr\u00e4dan\"}]},{\"@type\":\"WebSite\",\"@id\":\"https:\/\/www.abf.se\/gastrikland\/#website\",\"url\":\"https:\/\/www.abf.se\/gastrikland\/\",\"name\":\"G\u00e4strikland\",\"description\":\"\",\"potentialAction\":[{\"@type\":\"SearchAction\",\"target\":{\"@type\":\"EntryPoint\",\"urlTemplate\":\"https:\/\/www.abf.se\/gastrikland\/?s={search_term_string}\"},\"query-input\":{\"@type\":\"PropertyValueSpecification\",\"valueRequired\":true,\"valueName\":\"search_term_string\"}}],\"inLanguage\":\"sv-SE\"}]}<\/script>\n<!-- \/ Yoast SEO plugin. -->","yoast_head_json":{"title":"Spr\u00e5ngbr\u00e4dan - G\u00e4strikland","description":"alternativ vuxenutbildning. Individuellt l\u00e4rande och flexibilitet. Samarbete med CVL Sandviken. M\u00f6jlighet till Gymnasieexamen.","robots":{"index":"index","follow":"follow","max-snippet":"max-snippet:-1","max-image-preview":"max-image-preview:large","max-video-preview":"max-video-preview:-1"},"canonical":"https:\/\/www.abf.se\/gastrikland\/vara-verksamheter-och-projekt\/sprangbradan-3\/","og_locale":"sv_SE","og_type":"article","og_title":"Spr\u00e5ngbr\u00e4dan - G\u00e4strikland","og_description":"alternativ vuxenutbildning. Individuellt l\u00e4rande och flexibilitet. Samarbete med CVL Sandviken. M\u00f6jlighet till Gymnasieexamen.","og_url":"https:\/\/www.abf.se\/gastrikland\/vara-verksamheter-och-projekt\/sprangbradan-3\/","og_site_name":"G\u00e4strikland","article_modified_time":"2024-04-25T14:33:57+00:00","og_image":[{"width":2560,"height":1440,"url":"https:\/\/www.abf.se\/wp-content\/uploads\/sites\/20\/2024\/04\/Nyckeln-liggande-scaled.jpg","type":"image\/jpeg"}],"twitter_card":"summary_large_image","schema":{"@context":"https:\/\/schema.org","@graph":[{"@type":"WebPage","@id":"https:\/\/www.abf.se\/gastrikland\/vara-verksamheter-och-projekt\/sprangbradan-3\/","url":"https:\/\/www.abf.se\/gastrikland\/vara-verksamheter-och-projekt\/sprangbradan-3\/","name":"Spr\u00e5ngbr\u00e4dan - G\u00e4strikland","isPartOf":{"@id":"https:\/\/www.abf.se\/gastrikland\/#website"},"datePublished":"2024-03-13T09:55:23+00:00","dateModified":"2024-04-25T14:33:57+00:00","description":"alternativ vuxenutbildning. Individuellt l\u00e4rande och flexibilitet. Samarbete med CVL Sandviken. M\u00f6jlighet till Gymnasieexamen.","breadcrumb":{"@id":"https:\/\/www.abf.se\/gastrikland\/vara-verksamheter-och-projekt\/sprangbradan-3\/#breadcrumb"},"inLanguage":"sv-SE","potentialAction":[{"@type":"ReadAction","target":["https:\/\/www.abf.se\/gastrikland\/vara-verksamheter-och-projekt\/sprangbradan-3\/"]}]},{"@type":"BreadcrumbList","@id":"https:\/\/www.abf.se\/gastrikland\/vara-verksamheter-och-projekt\/sprangbradan-3\/#breadcrumb","itemListElement":[{"@type":"ListItem","position":1,"name":"Home","item":"https:\/\/www.abf.se\/gastrikland\/"},{"@type":"ListItem","position":2,"name":"V\u00e5ra verksamheter och projekt","item":"https:\/\/www.abf.se\/gastrikland\/vara-verksamheter-och-projekt\/"},{"@type":"ListItem","position":3,"name":"Spr\u00e5ngbr\u00e4dan"}]},{"@type":"WebSite","@id":"https:\/\/www.abf.se\/gastrikland\/#website","url":"https:\/\/www.abf.se\/gastrikland\/","name":"G\u00e4strikland","description":"","potentialAction":[{"@type":"SearchAction","target":{"@type":"EntryPoint","urlTemplate":"https:\/\/www.abf.se\/gastrikland\/?s={search_term_string}"},"query-input":{"@type":"PropertyValueSpecification","valueRequired":true,"valueName":"search_term_string"}}],"inLanguage":"sv-SE"}]}},"_links":{"self":[{"href":"https:\/\/www.abf.se\/gastrikland\/wp-json\/wp\/v2\/pages\/512","targetHints":{"allow":["GET"]}}],"collection":[{"href":"https:\/\/www.abf.se\/gastrikland\/wp-json\/wp\/v2\/pages"}],"about":[{"href":"https:\/\/www.abf.se\/gastrikland\/wp-json\/wp\/v2\/types\/page"}],"author":[{"embeddable":true,"href":"https:\/\/www.abf.se\/gastrikland\/wp-json\/wp\/v2\/users\/45"}],"replies":[{"embeddable":true,"href":"https:\/\/www.abf.se\/gastrikland\/wp-json\/wp\/v2\/comments?post=512"}],"version-history":[{"count":8,"href":"https:\/\/www.abf.se\/gastrikland\/wp-json\/wp\/v2\/pages\/512\/revisions"}],"predecessor-version":[{"id":1030,"href":"https:\/\/www.abf.se\/gastrikland\/wp-json\/wp\/v2\/pages\/512\/revisions\/1030"}],"up":[{"embeddable":true,"href":"https:\/\/www.abf.se\/gastrikland\/wp-json\/wp\/v2\/pages\/285"}],"wp:attachment":[{"href":"https:\/\/www.abf.se\/gastrikland\/wp-json\/wp\/v2\/media?parent=512"}],"curies":[{"name":"wp","href":"https:\/\/api.w.org\/{rel}","templated":true}]}}