{"id":626,"date":"2024-03-18T15:06:09","date_gmt":"2024-03-18T14:06:09","guid":{"rendered":"https:\/\/www.abf.se\/gastrikebygden\/?page_id=626"},"modified":"2025-05-26T15:03:32","modified_gmt":"2025-05-26T13:03:32","slug":"cirkelledare","status":"publish","type":"page","link":"https:\/\/www.abf.se\/gastrikland\/cirkelledare\/","title":{"rendered":"Cirkelledare"},"content":{"rendered":"<div\n    class=\"acf-hero-block container-lg no-padding mb-12 js-geolocation\"\n    data-block=\"hero-block\"\n    data-index=\"0\"\n>\n    <div class=\"h-[548px]  relative rounded-[32px] overflow-hidden flex bg-gray-light\">\n        <div class=\"relative z-10 mt-auto h-auto w-full md:h-full\">\n            <div class=\"flex w-full h-full flex-col flex-wrap justify-end w-full md:w-7\/12 lg:w-1\/2 md:justify-center\">\n                <div class=\"flex flex-col gap-3 md:gap-[18px] md:transparent pt-16 pb-36 md:py-8 px-4 w-full md:max-w-[620px] mx-auto px-8\">\n\n                    <h1 class=\"hero-heading hero-heading--red-text\"><span>Cirkelledare<\/span><\/h1>\n\n                                            <p class=\"mt-4 max-w-[48ch] text-red\">\n                            F\u00f6r dig som \u00e4r eller vill bli cirkelledare i ABF G\u00e4strikland\n                        <\/p>\n                    \n                                    <\/div>\n            <\/div>\n        <\/div>\n\n        \n\n                    <figure class=\"absolute bottom-0  md:w-1\/2 transform right-0 translate-x-10 md:translate-x-32\">\n                <img decoding=\"async\"\n                    alt=\"\"\n                    aria-hidden=\"true\"\n                    class=\"h-auto w-full\"\n                    role=\"presentation\"\n                    src=\"\/assets\/images\/two_circles_bottom.svg\"\n                >\n            <\/figure>\n            <\/div>\n\n    <\/div>\n\n<div class=\"my-8 container-lg acf-link-block\" data-block=\"link-block\" class=\"acf-link-block\" data-block=\"link-block\">\n    <div class=\"w-full bg-red  round-corners-lg px-4 md:px-8 py-11 md:py-16\">\n        <h2 class=\"heading-lg mb-7 text-center text-white\">\n            Om du \u00e4r cirkelledare eller vill bli cirkelledare\n        <\/h2>\n            <ul class=\"grid grid-cols-1 gap-x-4 gap-y-3 md:grid-cols-2\">\n                                                        <li>\n                        <a\n    class=\"large-button-link\"\n    href=\"https:\/\/www.abf.se\/gastrikebygden\/ar-cirkelledare\/\"\n    target=\"\"\n>\n    <span class=\"flex-1\">\u00c4r cirkelledare<\/span>\n\n    <figure\n        aria-hidden=\"true\"\n        class=\"w-5\"\n    >\n                    <svg width=\"20\" height=\"20\" viewBox=\"0 0 20 20\" fill=\"none\" class=\"SvgIconElement\">\n<path d=\"M4.16659 10L15.8333 10\" stroke=\"currentColor\"\/>\n<path d=\"M9.99992 4.1665L15.8333 9.99984L9.99992 15.8332\" stroke=\"currentColor\"\/>\n<\/svg>\n            <\/figure>\n<\/a>\n                    <\/li>\n                                                        <li>\n                        <a\n    class=\"large-button-link\"\n    href=\"https:\/\/www.abf.se\/gastrikebygden\/for-dig-som-vill-bli-cirkelledare\/\"\n    target=\"\"\n>\n    <span class=\"flex-1\">Bli cirkelledare<\/span>\n\n    <figure\n        aria-hidden=\"true\"\n        class=\"w-5\"\n    >\n                    <svg width=\"20\" height=\"20\" viewBox=\"0 0 20 20\" fill=\"none\" class=\"SvgIconElement\">\n<path d=\"M4.16659 10L15.8333 10\" stroke=\"currentColor\"\/>\n<path d=\"M9.99992 4.1665L15.8333 9.99984L9.99992 15.8332\" stroke=\"currentColor\"\/>\n<\/svg>\n            <\/figure>\n<\/a>\n                    <\/li>\n                            <\/ul>\n        <\/ul>\n    <\/div>\n<\/div><div\n    class=\"acf-text-image-block container my-12 md:my-15\"\n    data-block=\"text-image-block\"\n>\n    <div\n    class=\"flex flex-col items-center md:flex-row gap-8 md:gap-0 justify-between\">\n                        <div class=\"w-full md:w-1\/2 md:order-2\">\n            <picture><img decoding=\"async\" src=\"https:\/\/www.abf.se\/gastrikland\/resized\/?url=https%3A%2F%2Fwww.abf.se%2Fwp-content%2Fuploads%2Fsites%2F20%2F2025%2F05%2Fetjansthemsida-scaled.jpg&#038;fit=crop&#038;w=578&#038;s=423b1a560057bee46faff78624929ea1\" srcset=\"https:\/\/www.abf.se\/gastrikland\/resized\/?url=https%3A%2F%2Fwww.abf.se%2Fwp-content%2Fuploads%2Fsites%2F20%2F2025%2F05%2Fetjansthemsida-scaled.jpg&#038;fit=crop&#038;w=144&#038;h=126&#038;s=55475bb4210240156e11238881645563 144w, https:\/\/www.abf.se\/gastrikland\/resized\/?url=https%3A%2F%2Fwww.abf.se%2Fwp-content%2Fuploads%2Fsites%2F20%2F2025%2F05%2Fetjansthemsida-scaled.jpg&#038;fit=crop&#038;w=240&#038;h=211&#038;s=036eefe6d2c9c4d17bc7244a12538752 240w, https:\/\/www.abf.se\/gastrikland\/resized\/?url=https%3A%2F%2Fwww.abf.se%2Fwp-content%2Fuploads%2Fsites%2F20%2F2025%2F05%2Fetjansthemsida-scaled.jpg&#038;fit=crop&#038;w=288&#038;h=253&#038;s=10e1c15e2c4b29be98634fa0ce58049c 288w, https:\/\/www.abf.se\/gastrikland\/resized\/?url=https%3A%2F%2Fwww.abf.se%2Fwp-content%2Fuploads%2Fsites%2F20%2F2025%2F05%2Fetjansthemsida-scaled.jpg&#038;fit=crop&#038;w=336&#038;h=295&#038;s=02a012c7113009686b001eed68d6e157 336w, https:\/\/www.abf.se\/gastrikland\/resized\/?url=https%3A%2F%2Fwww.abf.se%2Fwp-content%2Fuploads%2Fsites%2F20%2F2025%2F05%2Fetjansthemsida-scaled.jpg&#038;fit=crop&#038;w=432&#038;h=380&#038;s=2eefa03f791b8070add0d17822680286 432w, https:\/\/www.abf.se\/gastrikland\/resized\/?url=https%3A%2F%2Fwww.abf.se%2Fwp-content%2Fuploads%2Fsites%2F20%2F2025%2F05%2Fetjansthemsida-scaled.jpg&#038;fit=crop&#038;w=480&#038;h=422&#038;s=1244c401496d855bac1f53f6e861403d 480w, https:\/\/www.abf.se\/gastrikland\/resized\/?url=https%3A%2F%2Fwww.abf.se%2Fwp-content%2Fuploads%2Fsites%2F20%2F2025%2F05%2Fetjansthemsida-scaled.jpg&#038;fit=crop&#038;w=528&#038;h=464&#038;s=f14823769682b4a60a3cdc15f561731a 528w, https:\/\/www.abf.se\/gastrikland\/resized\/?url=https%3A%2F%2Fwww.abf.se%2Fwp-content%2Fuploads%2Fsites%2F20%2F2025%2F05%2Fetjansthemsida-scaled.jpg&#038;fit=crop&#038;w=578&#038;h=509&#038;s=94d5eb5966883a7bad1d9b74be182047 578w, https:\/\/www.abf.se\/gastrikland\/resized\/?url=https%3A%2F%2Fwww.abf.se%2Fwp-content%2Fuploads%2Fsites%2F20%2F2025%2F05%2Fetjansthemsida-scaled.jpg&#038;fit=crop&#038;w=672&#038;h=591&#038;s=7ce5bcae48001eb33adfea98cebe20e3 672w, https:\/\/www.abf.se\/gastrikland\/resized\/?url=https%3A%2F%2Fwww.abf.se%2Fwp-content%2Fuploads%2Fsites%2F20%2F2025%2F05%2Fetjansthemsida-scaled.jpg&#038;fit=crop&#038;w=864&#038;h=760&#038;s=0ae46275049b6d0ce38210444061a49e 864w, https:\/\/www.abf.se\/gastrikland\/resized\/?url=https%3A%2F%2Fwww.abf.se%2Fwp-content%2Fuploads%2Fsites%2F20%2F2025%2F05%2Fetjansthemsida-scaled.jpg&#038;fit=crop&#038;w=1056&#038;h=929&#038;s=f8aa86cc6b1a87d6760ad6395713c3cd 1056w\" alt=\"Bild som visar en Laptop med inloggningssida till ABF Arr e-tj&auml;nst.\" height=\"509\" width=\"578\" sizes=\"auto, (max-width: 768px) 100vw,\n                (max-width: 1280px) 50vw, 578px\" loading=\"lazy\" fetchpriority=\"low\" \/><\/picture>\n\n        <\/div>\n        \n        <div class=\"w-full md:w-1\/2 md:order-1\">\n        <div class=\"mx-auto md:max-w-[368px]\">\n            <h2 class=\"heading-lg\">Instruktionsfilmer f\u00f6r rapportering i e-tj\u00e4nsten<\/h2>\n            <div class=\"mb-6 mt-4 wysiwyg\">\n                \n            <\/div>\n                                            <a href='https:\/\/www.abf.se\/gastrikebygden\/instruktions-klipp-cirklar-och-kulturarrangemang\/' class=\"default-button\" target=\"\">L\u00e4nk till instruktionsfilmer<\/a>\n                    <\/div>\n        <\/div>\n    <\/div>\n<\/div>","protected":false},"excerpt":{"rendered":"","protected":false},"author":45,"featured_media":0,"parent":0,"menu_order":0,"comment_status":"closed","ping_status":"closed","template":"","meta":{"_acf_changed":false,"footnotes":""},"class_list":["post-626","page","type-page","status-publish","hentry"],"acf":[],"yoast_head":"<!-- This site is optimized with the Yoast SEO plugin v27.0 - https:\/\/yoast.com\/product\/yoast-seo-wordpress\/ -->\n<title>Cirkelledare - G\u00e4strikland<\/title>\n<meta name=\"description\" content=\"Till dig som \u00e4r eller vill bli cirkelledare. Verktygsl\u00e5da, blanketter och utbildningar.\" \/>\n<meta name=\"robots\" content=\"index, follow, max-snippet:-1, max-image-preview:large, max-video-preview:-1\" \/>\n<link rel=\"canonical\" href=\"https:\/\/www.abf.se\/gastrikland\/cirkelledare\/\" \/>\n<meta property=\"og:locale\" content=\"sv_SE\" \/>\n<meta property=\"og:type\" content=\"article\" \/>\n<meta property=\"og:title\" content=\"Cirkelledare - G\u00e4strikland\" \/>\n<meta property=\"og:description\" content=\"Till dig som \u00e4r eller vill bli cirkelledare. Verktygsl\u00e5da, blanketter och utbildningar.\" \/>\n<meta property=\"og:url\" content=\"https:\/\/www.abf.se\/gastrikland\/cirkelledare\/\" \/>\n<meta property=\"og:site_name\" content=\"G\u00e4strikland\" \/>\n<meta property=\"article:modified_time\" content=\"2025-05-26T13:03:32+00:00\" \/>\n<meta property=\"og:image\" content=\"https:\/\/www.abf.se\/wp-content\/uploads\/sites\/20\/2024\/04\/Nyckeln-liggande-scaled.jpg\" \/>\n\t<meta property=\"og:image:width\" content=\"2560\" \/>\n\t<meta property=\"og:image:height\" content=\"1440\" \/>\n\t<meta property=\"og:image:type\" content=\"image\/jpeg\" \/>\n<meta name=\"twitter:card\" content=\"summary_large_image\" \/>\n<script type=\"application\/ld+json\" class=\"yoast-schema-graph\">{\"@context\":\"https:\/\/schema.org\",\"@graph\":[{\"@type\":\"WebPage\",\"@id\":\"https:\/\/www.abf.se\/gastrikland\/cirkelledare\/\",\"url\":\"https:\/\/www.abf.se\/gastrikland\/cirkelledare\/\",\"name\":\"Cirkelledare - G\u00e4strikland\",\"isPartOf\":{\"@id\":\"https:\/\/www.abf.se\/gastrikland\/#website\"},\"datePublished\":\"2024-03-18T14:06:09+00:00\",\"dateModified\":\"2025-05-26T13:03:32+00:00\",\"description\":\"Till dig som \u00e4r eller vill bli cirkelledare. Verktygsl\u00e5da, blanketter och utbildningar.\",\"breadcrumb\":{\"@id\":\"https:\/\/www.abf.se\/gastrikland\/cirkelledare\/#breadcrumb\"},\"inLanguage\":\"sv-SE\",\"potentialAction\":[{\"@type\":\"ReadAction\",\"target\":[\"https:\/\/www.abf.se\/gastrikland\/cirkelledare\/\"]}]},{\"@type\":\"BreadcrumbList\",\"@id\":\"https:\/\/www.abf.se\/gastrikland\/cirkelledare\/#breadcrumb\",\"itemListElement\":[{\"@type\":\"ListItem\",\"position\":1,\"name\":\"Home\",\"item\":\"https:\/\/www.abf.se\/gastrikland\/\"},{\"@type\":\"ListItem\",\"position\":2,\"name\":\"Cirkelledare\"}]},{\"@type\":\"WebSite\",\"@id\":\"https:\/\/www.abf.se\/gastrikland\/#website\",\"url\":\"https:\/\/www.abf.se\/gastrikland\/\",\"name\":\"G\u00e4strikland\",\"description\":\"\",\"potentialAction\":[{\"@type\":\"SearchAction\",\"target\":{\"@type\":\"EntryPoint\",\"urlTemplate\":\"https:\/\/www.abf.se\/gastrikland\/?s={search_term_string}\"},\"query-input\":{\"@type\":\"PropertyValueSpecification\",\"valueRequired\":true,\"valueName\":\"search_term_string\"}}],\"inLanguage\":\"sv-SE\"}]}<\/script>\n<!-- \/ Yoast SEO plugin. -->","yoast_head_json":{"title":"Cirkelledare - G\u00e4strikland","description":"Till dig som \u00e4r eller vill bli cirkelledare. Verktygsl\u00e5da, blanketter och utbildningar.","robots":{"index":"index","follow":"follow","max-snippet":"max-snippet:-1","max-image-preview":"max-image-preview:large","max-video-preview":"max-video-preview:-1"},"canonical":"https:\/\/www.abf.se\/gastrikland\/cirkelledare\/","og_locale":"sv_SE","og_type":"article","og_title":"Cirkelledare - G\u00e4strikland","og_description":"Till dig som \u00e4r eller vill bli cirkelledare. Verktygsl\u00e5da, blanketter och utbildningar.","og_url":"https:\/\/www.abf.se\/gastrikland\/cirkelledare\/","og_site_name":"G\u00e4strikland","article_modified_time":"2025-05-26T13:03:32+00:00","og_image":[{"width":2560,"height":1440,"url":"https:\/\/www.abf.se\/wp-content\/uploads\/sites\/20\/2024\/04\/Nyckeln-liggande-scaled.jpg","type":"image\/jpeg"}],"twitter_card":"summary_large_image","schema":{"@context":"https:\/\/schema.org","@graph":[{"@type":"WebPage","@id":"https:\/\/www.abf.se\/gastrikland\/cirkelledare\/","url":"https:\/\/www.abf.se\/gastrikland\/cirkelledare\/","name":"Cirkelledare - G\u00e4strikland","isPartOf":{"@id":"https:\/\/www.abf.se\/gastrikland\/#website"},"datePublished":"2024-03-18T14:06:09+00:00","dateModified":"2025-05-26T13:03:32+00:00","description":"Till dig som \u00e4r eller vill bli cirkelledare. Verktygsl\u00e5da, blanketter och utbildningar.","breadcrumb":{"@id":"https:\/\/www.abf.se\/gastrikland\/cirkelledare\/#breadcrumb"},"inLanguage":"sv-SE","potentialAction":[{"@type":"ReadAction","target":["https:\/\/www.abf.se\/gastrikland\/cirkelledare\/"]}]},{"@type":"BreadcrumbList","@id":"https:\/\/www.abf.se\/gastrikland\/cirkelledare\/#breadcrumb","itemListElement":[{"@type":"ListItem","position":1,"name":"Home","item":"https:\/\/www.abf.se\/gastrikland\/"},{"@type":"ListItem","position":2,"name":"Cirkelledare"}]},{"@type":"WebSite","@id":"https:\/\/www.abf.se\/gastrikland\/#website","url":"https:\/\/www.abf.se\/gastrikland\/","name":"G\u00e4strikland","description":"","potentialAction":[{"@type":"SearchAction","target":{"@type":"EntryPoint","urlTemplate":"https:\/\/www.abf.se\/gastrikland\/?s={search_term_string}"},"query-input":{"@type":"PropertyValueSpecification","valueRequired":true,"valueName":"search_term_string"}}],"inLanguage":"sv-SE"}]}},"_links":{"self":[{"href":"https:\/\/www.abf.se\/gastrikland\/wp-json\/wp\/v2\/pages\/626","targetHints":{"allow":["GET"]}}],"collection":[{"href":"https:\/\/www.abf.se\/gastrikland\/wp-json\/wp\/v2\/pages"}],"about":[{"href":"https:\/\/www.abf.se\/gastrikland\/wp-json\/wp\/v2\/types\/page"}],"author":[{"embeddable":true,"href":"https:\/\/www.abf.se\/gastrikland\/wp-json\/wp\/v2\/users\/45"}],"replies":[{"embeddable":true,"href":"https:\/\/www.abf.se\/gastrikland\/wp-json\/wp\/v2\/comments?post=626"}],"version-history":[{"count":30,"href":"https:\/\/www.abf.se\/gastrikland\/wp-json\/wp\/v2\/pages\/626\/revisions"}],"predecessor-version":[{"id":1648,"href":"https:\/\/www.abf.se\/gastrikland\/wp-json\/wp\/v2\/pages\/626\/revisions\/1648"}],"wp:attachment":[{"href":"https:\/\/www.abf.se\/gastrikland\/wp-json\/wp\/v2\/media?parent=626"}],"curies":[{"name":"wp","href":"https:\/\/api.w.org\/{rel}","templated":true}]}}