{"id":819,"date":"2024-04-04T10:31:03","date_gmt":"2024-04-04T08:31:03","guid":{"rendered":"https:\/\/www.abf.se\/gastrikebygden\/?page_id=819"},"modified":"2025-05-26T13:41:30","modified_gmt":"2025-05-26T11:41:30","slug":"abf-progress-2","status":"publish","type":"page","link":"https:\/\/www.abf.se\/gastrikland\/vara-verksamheter-och-projekt\/abf-progress-2\/","title":{"rendered":"ABF Progress"},"content":{"rendered":"<div\n    class=\"acf-plain-heading-block container my-16\"\n    data-block=\"plain-heading-block\"\n>\n    <div class=\"max-w-[658px] mx-auto\">\n                <h1 class=\"hero-heading\"><span>ABF Progress<\/span><\/h1>\n                    <\/div>\n<\/div>\n<div\n    class=\"acf-text-image-block container my-12 md:my-15\"\n    data-block=\"text-image-block\"\n>\n    <div\n    class=\"flex flex-col items-center md:flex-row gap-8 md:gap-0 justify-between\">\n                        <div class=\"w-full md:w-1\/2 md:order-2\">\n            <picture><img decoding=\"async\" src=\"https:\/\/www.abf.se\/gastrikland\/resized\/?url=https%3A%2F%2Fwww.abf.se%2Fwp-content%2Fuploads%2F2023%2F11%2FHandslag-foto-Pexels_IMGP.jpg&#038;fit=crop&#038;w=578&#038;s=2794de5fb95cb2cafce81a7289ce7ae3\" srcset=\"https:\/\/www.abf.se\/gastrikland\/resized\/?url=https%3A%2F%2Fwww.abf.se%2Fwp-content%2Fuploads%2F2023%2F11%2FHandslag-foto-Pexels_IMGP.jpg&#038;fit=crop&#038;w=144&#038;h=126&#038;s=b707a32f5bc98bf2161aa850c661df2e 144w, https:\/\/www.abf.se\/gastrikland\/resized\/?url=https%3A%2F%2Fwww.abf.se%2Fwp-content%2Fuploads%2F2023%2F11%2FHandslag-foto-Pexels_IMGP.jpg&#038;fit=crop&#038;w=240&#038;h=211&#038;s=6b6a2baba99f6e9ad4132aedfc9323eb 240w, https:\/\/www.abf.se\/gastrikland\/resized\/?url=https%3A%2F%2Fwww.abf.se%2Fwp-content%2Fuploads%2F2023%2F11%2FHandslag-foto-Pexels_IMGP.jpg&#038;fit=crop&#038;w=288&#038;h=253&#038;s=088f02fad7946cdd6eff1e0127113e62 288w, https:\/\/www.abf.se\/gastrikland\/resized\/?url=https%3A%2F%2Fwww.abf.se%2Fwp-content%2Fuploads%2F2023%2F11%2FHandslag-foto-Pexels_IMGP.jpg&#038;fit=crop&#038;w=336&#038;h=295&#038;s=b65dfc52199a1cf33b1f3d22bb72a753 336w, https:\/\/www.abf.se\/gastrikland\/resized\/?url=https%3A%2F%2Fwww.abf.se%2Fwp-content%2Fuploads%2F2023%2F11%2FHandslag-foto-Pexels_IMGP.jpg&#038;fit=crop&#038;w=432&#038;h=380&#038;s=e9ff00970a8824f1f340ad2beb7b2fbc 432w, https:\/\/www.abf.se\/gastrikland\/resized\/?url=https%3A%2F%2Fwww.abf.se%2Fwp-content%2Fuploads%2F2023%2F11%2FHandslag-foto-Pexels_IMGP.jpg&#038;fit=crop&#038;w=480&#038;h=422&#038;s=3e827d3a365ebe758776663107bf0807 480w, https:\/\/www.abf.se\/gastrikland\/resized\/?url=https%3A%2F%2Fwww.abf.se%2Fwp-content%2Fuploads%2F2023%2F11%2FHandslag-foto-Pexels_IMGP.jpg&#038;fit=crop&#038;w=528&#038;h=464&#038;s=5e077c388fa63ebb3d41616279c56d53 528w, https:\/\/www.abf.se\/gastrikland\/resized\/?url=https%3A%2F%2Fwww.abf.se%2Fwp-content%2Fuploads%2F2023%2F11%2FHandslag-foto-Pexels_IMGP.jpg&#038;fit=crop&#038;w=578&#038;h=509&#038;s=633c413e9138b551edb0a89534bb87a1 578w, https:\/\/www.abf.se\/gastrikland\/resized\/?url=https%3A%2F%2Fwww.abf.se%2Fwp-content%2Fuploads%2F2023%2F11%2FHandslag-foto-Pexels_IMGP.jpg&#038;fit=crop&#038;w=672&#038;h=591&#038;s=6b42d28f95a43bb293bdfce42bcf75ab 672w, https:\/\/www.abf.se\/gastrikland\/resized\/?url=https%3A%2F%2Fwww.abf.se%2Fwp-content%2Fuploads%2F2023%2F11%2FHandslag-foto-Pexels_IMGP.jpg&#038;fit=crop&#038;w=864&#038;h=760&#038;s=2e610a1c6060c1318ac920b5ee051327 864w, https:\/\/www.abf.se\/gastrikland\/resized\/?url=https%3A%2F%2Fwww.abf.se%2Fwp-content%2Fuploads%2F2023%2F11%2FHandslag-foto-Pexels_IMGP.jpg&#038;fit=crop&#038;w=1056&#038;h=929&#038;s=02b1a76d91a7071a0cf98bed4d91b075 1056w\" alt=\"fokus p&aring; en ung man som skakar hand med en person som har ryggen mot kameran\" height=\"509\" width=\"578\" sizes=\"auto, (max-width: 768px) 100vw,\n                (max-width: 1280px) 50vw, 578px\" loading=\"lazy\" fetchpriority=\"low\" \/><\/picture>\n\n        <\/div>\n        \n        <div class=\"w-full md:w-1\/2 md:order-1\">\n        <div class=\"mx-auto md:max-w-[368px]\">\n            <h2 class=\"heading-lg\"><\/h2>\n            <div class=\"mb-6 mt-4 wysiwyg\">\n                <p>ABF Progress \u00e4r ett bolag inom ABF G\u00e4strikland som arbetar med omst\u00e4llning och coachingsverksamhet inom LO-kollektivet.<\/p>\n<p>V\u00e5r fr\u00e4msta uppgift \u00e4r att hj\u00e4lpa dig som arbetss\u00f6kande med omst\u00e4llning och coachning f\u00f6r din nya position i arbetslivet.<\/p>\n<p>Idag lyckas mer \u00e4n 80 % av v\u00e5ra deltagare med att f\u00e5 ett nytt arbete genom att delta<br \/>\ni v\u00e5rt omst\u00e4llningsprogram.<\/p>\n\n            <\/div>\n                                            <a href='http:\/\/www.abfprogress.se' class=\"default-button\" target=\"_blank\">Till Progress hemsida<\/a>\n                    <\/div>\n        <\/div>\n    <\/div>\n<\/div>","protected":false},"excerpt":{"rendered":"","protected":false},"author":45,"featured_media":0,"parent":285,"menu_order":0,"comment_status":"closed","ping_status":"closed","template":"","meta":{"_acf_changed":false,"footnotes":""},"class_list":["post-819","page","type-page","status-publish","hentry"],"acf":[],"yoast_head":"<!-- This site is optimized with the Yoast SEO plugin v27.0 - https:\/\/yoast.com\/product\/yoast-seo-wordpress\/ -->\n<title>ABF Progress - G\u00e4strikland<\/title>\n<meta name=\"description\" content=\"hj\u00e4lpa dig som arbetss\u00f6kande med omst\u00e4llning och coachning f\u00f6r din nya position i arbetslivet. ABF Progress\" \/>\n<meta name=\"robots\" content=\"index, follow, max-snippet:-1, max-image-preview:large, max-video-preview:-1\" \/>\n<link rel=\"canonical\" href=\"https:\/\/www.abf.se\/gastrikland\/vara-verksamheter-och-projekt\/abf-progress-2\/\" \/>\n<meta property=\"og:locale\" content=\"sv_SE\" \/>\n<meta property=\"og:type\" content=\"article\" \/>\n<meta property=\"og:title\" content=\"ABF Progress - G\u00e4strikland\" \/>\n<meta property=\"og:description\" content=\"hj\u00e4lpa dig som arbetss\u00f6kande med omst\u00e4llning och coachning f\u00f6r din nya position i arbetslivet. ABF Progress\" \/>\n<meta property=\"og:url\" content=\"https:\/\/www.abf.se\/gastrikland\/vara-verksamheter-och-projekt\/abf-progress-2\/\" \/>\n<meta property=\"og:site_name\" content=\"G\u00e4strikland\" \/>\n<meta property=\"article:modified_time\" content=\"2025-05-26T11:41:30+00:00\" \/>\n<meta property=\"og:image\" content=\"https:\/\/www.abf.se\/wp-content\/uploads\/sites\/20\/2024\/04\/Nyckeln-liggande-scaled.jpg\" \/>\n\t<meta property=\"og:image:width\" content=\"2560\" \/>\n\t<meta property=\"og:image:height\" content=\"1440\" \/>\n\t<meta property=\"og:image:type\" content=\"image\/jpeg\" \/>\n<meta name=\"twitter:card\" content=\"summary_large_image\" \/>\n<script type=\"application\/ld+json\" class=\"yoast-schema-graph\">{\"@context\":\"https:\/\/schema.org\",\"@graph\":[{\"@type\":\"WebPage\",\"@id\":\"https:\/\/www.abf.se\/gastrikland\/vara-verksamheter-och-projekt\/abf-progress-2\/\",\"url\":\"https:\/\/www.abf.se\/gastrikland\/vara-verksamheter-och-projekt\/abf-progress-2\/\",\"name\":\"ABF Progress - G\u00e4strikland\",\"isPartOf\":{\"@id\":\"https:\/\/www.abf.se\/gastrikland\/#website\"},\"datePublished\":\"2024-04-04T08:31:03+00:00\",\"dateModified\":\"2025-05-26T11:41:30+00:00\",\"description\":\"hj\u00e4lpa dig som arbetss\u00f6kande med omst\u00e4llning och coachning f\u00f6r din nya position i arbetslivet. ABF Progress\",\"breadcrumb\":{\"@id\":\"https:\/\/www.abf.se\/gastrikland\/vara-verksamheter-och-projekt\/abf-progress-2\/#breadcrumb\"},\"inLanguage\":\"sv-SE\",\"potentialAction\":[{\"@type\":\"ReadAction\",\"target\":[\"https:\/\/www.abf.se\/gastrikland\/vara-verksamheter-och-projekt\/abf-progress-2\/\"]}]},{\"@type\":\"BreadcrumbList\",\"@id\":\"https:\/\/www.abf.se\/gastrikland\/vara-verksamheter-och-projekt\/abf-progress-2\/#breadcrumb\",\"itemListElement\":[{\"@type\":\"ListItem\",\"position\":1,\"name\":\"Home\",\"item\":\"https:\/\/www.abf.se\/gastrikland\/\"},{\"@type\":\"ListItem\",\"position\":2,\"name\":\"V\u00e5ra verksamheter och projekt\",\"item\":\"https:\/\/www.abf.se\/gastrikland\/vara-verksamheter-och-projekt\/\"},{\"@type\":\"ListItem\",\"position\":3,\"name\":\"ABF Progress\"}]},{\"@type\":\"WebSite\",\"@id\":\"https:\/\/www.abf.se\/gastrikland\/#website\",\"url\":\"https:\/\/www.abf.se\/gastrikland\/\",\"name\":\"G\u00e4strikland\",\"description\":\"\",\"potentialAction\":[{\"@type\":\"SearchAction\",\"target\":{\"@type\":\"EntryPoint\",\"urlTemplate\":\"https:\/\/www.abf.se\/gastrikland\/?s={search_term_string}\"},\"query-input\":{\"@type\":\"PropertyValueSpecification\",\"valueRequired\":true,\"valueName\":\"search_term_string\"}}],\"inLanguage\":\"sv-SE\"}]}<\/script>\n<!-- \/ Yoast SEO plugin. -->","yoast_head_json":{"title":"ABF Progress - G\u00e4strikland","description":"hj\u00e4lpa dig som arbetss\u00f6kande med omst\u00e4llning och coachning f\u00f6r din nya position i arbetslivet. ABF Progress","robots":{"index":"index","follow":"follow","max-snippet":"max-snippet:-1","max-image-preview":"max-image-preview:large","max-video-preview":"max-video-preview:-1"},"canonical":"https:\/\/www.abf.se\/gastrikland\/vara-verksamheter-och-projekt\/abf-progress-2\/","og_locale":"sv_SE","og_type":"article","og_title":"ABF Progress - G\u00e4strikland","og_description":"hj\u00e4lpa dig som arbetss\u00f6kande med omst\u00e4llning och coachning f\u00f6r din nya position i arbetslivet. ABF Progress","og_url":"https:\/\/www.abf.se\/gastrikland\/vara-verksamheter-och-projekt\/abf-progress-2\/","og_site_name":"G\u00e4strikland","article_modified_time":"2025-05-26T11:41:30+00:00","og_image":[{"width":2560,"height":1440,"url":"https:\/\/www.abf.se\/wp-content\/uploads\/sites\/20\/2024\/04\/Nyckeln-liggande-scaled.jpg","type":"image\/jpeg"}],"twitter_card":"summary_large_image","schema":{"@context":"https:\/\/schema.org","@graph":[{"@type":"WebPage","@id":"https:\/\/www.abf.se\/gastrikland\/vara-verksamheter-och-projekt\/abf-progress-2\/","url":"https:\/\/www.abf.se\/gastrikland\/vara-verksamheter-och-projekt\/abf-progress-2\/","name":"ABF Progress - G\u00e4strikland","isPartOf":{"@id":"https:\/\/www.abf.se\/gastrikland\/#website"},"datePublished":"2024-04-04T08:31:03+00:00","dateModified":"2025-05-26T11:41:30+00:00","description":"hj\u00e4lpa dig som arbetss\u00f6kande med omst\u00e4llning och coachning f\u00f6r din nya position i arbetslivet. ABF Progress","breadcrumb":{"@id":"https:\/\/www.abf.se\/gastrikland\/vara-verksamheter-och-projekt\/abf-progress-2\/#breadcrumb"},"inLanguage":"sv-SE","potentialAction":[{"@type":"ReadAction","target":["https:\/\/www.abf.se\/gastrikland\/vara-verksamheter-och-projekt\/abf-progress-2\/"]}]},{"@type":"BreadcrumbList","@id":"https:\/\/www.abf.se\/gastrikland\/vara-verksamheter-och-projekt\/abf-progress-2\/#breadcrumb","itemListElement":[{"@type":"ListItem","position":1,"name":"Home","item":"https:\/\/www.abf.se\/gastrikland\/"},{"@type":"ListItem","position":2,"name":"V\u00e5ra verksamheter och projekt","item":"https:\/\/www.abf.se\/gastrikland\/vara-verksamheter-och-projekt\/"},{"@type":"ListItem","position":3,"name":"ABF Progress"}]},{"@type":"WebSite","@id":"https:\/\/www.abf.se\/gastrikland\/#website","url":"https:\/\/www.abf.se\/gastrikland\/","name":"G\u00e4strikland","description":"","potentialAction":[{"@type":"SearchAction","target":{"@type":"EntryPoint","urlTemplate":"https:\/\/www.abf.se\/gastrikland\/?s={search_term_string}"},"query-input":{"@type":"PropertyValueSpecification","valueRequired":true,"valueName":"search_term_string"}}],"inLanguage":"sv-SE"}]}},"_links":{"self":[{"href":"https:\/\/www.abf.se\/gastrikland\/wp-json\/wp\/v2\/pages\/819","targetHints":{"allow":["GET"]}}],"collection":[{"href":"https:\/\/www.abf.se\/gastrikland\/wp-json\/wp\/v2\/pages"}],"about":[{"href":"https:\/\/www.abf.se\/gastrikland\/wp-json\/wp\/v2\/types\/page"}],"author":[{"embeddable":true,"href":"https:\/\/www.abf.se\/gastrikland\/wp-json\/wp\/v2\/users\/45"}],"replies":[{"embeddable":true,"href":"https:\/\/www.abf.se\/gastrikland\/wp-json\/wp\/v2\/comments?post=819"}],"version-history":[{"count":11,"href":"https:\/\/www.abf.se\/gastrikland\/wp-json\/wp\/v2\/pages\/819\/revisions"}],"predecessor-version":[{"id":1640,"href":"https:\/\/www.abf.se\/gastrikland\/wp-json\/wp\/v2\/pages\/819\/revisions\/1640"}],"up":[{"embeddable":true,"href":"https:\/\/www.abf.se\/gastrikland\/wp-json\/wp\/v2\/pages\/285"}],"wp:attachment":[{"href":"https:\/\/www.abf.se\/gastrikland\/wp-json\/wp\/v2\/media?parent=819"}],"curies":[{"name":"wp","href":"https:\/\/api.w.org\/{rel}","templated":true}]}}