{"id":937,"date":"2024-04-15T15:38:32","date_gmt":"2024-04-15T13:38:32","guid":{"rendered":"https:\/\/www.abf.se\/gastrikebygden\/?page_id=937"},"modified":"2025-01-27T16:29:17","modified_gmt":"2025-01-27T15:29:17","slug":"blanketter-for-anstallda","status":"publish","type":"page","link":"https:\/\/www.abf.se\/gastrikland\/kontakt\/blanketter-for-anstallda\/","title":{"rendered":"Blanketter f\u00f6r anst\u00e4llda"},"content":{"rendered":"<div\n    class=\"acf-hero-block container-lg no-padding mb-12 js-geolocation\"\n    data-block=\"hero-block\"\n    data-index=\"0\"\n>\n    <div class=\"h-[548px]  relative rounded-[32px] overflow-hidden flex bg-gray-light\">\n        <div class=\"relative z-10 mt-auto h-auto w-full md:h-full\">\n            <div class=\"flex w-full h-full flex-col flex-wrap justify-end w-full md:w-7\/12 lg:w-1\/2 md:justify-center\">\n                <div class=\"flex flex-col gap-3 md:gap-[18px] md:transparent pt-16 pb-36 md:py-8 px-4 w-full md:max-w-[620px] mx-auto px-8\">\n\n                    <h1 class=\"hero-heading hero-heading--red-text\"><span>Blanketter f\u00f6r anst\u00e4llda<\/span><\/h1>\n\n                                            <p class=\"mt-4 max-w-[48ch] text-white\">\n                            F\u00f6r b\u00e4sta funktion med Ifyllnadsbara blanketter rekommenderas ni att anv\u00e4nda webbl\u00e4sarna Microsoft Edge eller Chrome!\n                        <\/p>\n                    \n                                        <div class=\"flex flex-row flex-wrap gap-y-2 gap-x-1\">\n                                                <a class=\"label-md py-[3px] px-[6px] rounded-[44px] text-red bg-white\" href=\"https:\/\/www.nordea.se\/privat\/produkter\/konton-betalningar\/anmal-konto.html\" target=\"\">F\u00f6r att kunna f\u00e5 utbetalning fr\u00e5n ABF &#8211; L\u00e4nk till Nordea<\/a>\n                                            <\/div>\n                                    <\/div>\n            <\/div>\n        <\/div>\n\n                    <picture class=\"as-background-image mix-blend-multiply bg-black\/40\"><img decoding=\"async\" src=\"https:\/\/www.abf.se\/gastrikland\/resized\/?url=https%3A%2F%2Fwww.abf.se%2Fwp-content%2Fuploads%2F2023%2F11%2FNa-fram-liggande_IMGP.jpg&#038;fit=crop&#038;w=1440&#038;s=8bd4a1ff382ace7d471f8443607787bf\" srcset=\"https:\/\/www.abf.se\/gastrikland\/resized\/?url=https%3A%2F%2Fwww.abf.se%2Fwp-content%2Fuploads%2F2023%2F11%2FNa-fram-liggande_IMGP.jpg&#038;fit=crop&#038;w=375&#038;h=540&#038;s=2c5b529ce41ff374c08160130d12ec1f 375w, https:\/\/www.abf.se\/gastrikland\/resized\/?url=https%3A%2F%2Fwww.abf.se%2Fwp-content%2Fuploads%2F2023%2F11%2FNa-fram-liggande_IMGP.jpg&#038;fit=crop&#038;w=447&#038;h=540&#038;s=8bb0e9477032c7a55bb9664c8d173e35 447w, https:\/\/www.abf.se\/gastrikland\/resized\/?url=https%3A%2F%2Fwww.abf.se%2Fwp-content%2Fuploads%2F2023%2F11%2FNa-fram-liggande_IMGP.jpg&#038;fit=crop&#038;w=519&#038;h=540&#038;s=383a017348d31a74e4b45996cea2b02f 519w, https:\/\/www.abf.se\/gastrikland\/resized\/?url=https%3A%2F%2Fwww.abf.se%2Fwp-content%2Fuploads%2F2023%2F11%2FNa-fram-liggande_IMGP.jpg&#038;fit=crop&#038;w=591&#038;h=540&#038;s=45c7a77424874989961944635f947d50 591w, https:\/\/www.abf.se\/gastrikland\/resized\/?url=https%3A%2F%2Fwww.abf.se%2Fwp-content%2Fuploads%2F2023%2F11%2FNa-fram-liggande_IMGP.jpg&#038;fit=crop&#038;w=663&#038;h=540&#038;s=48234262d28bebab3a753875710877a1 663w, https:\/\/www.abf.se\/gastrikland\/resized\/?url=https%3A%2F%2Fwww.abf.se%2Fwp-content%2Fuploads%2F2023%2F11%2FNa-fram-liggande_IMGP.jpg&#038;fit=crop&#038;w=750&#038;h=540&#038;s=1cc6035802b36a4647c6671739dc559d 750w, https:\/\/www.abf.se\/gastrikland\/resized\/?url=https%3A%2F%2Fwww.abf.se%2Fwp-content%2Fuploads%2F2023%2F11%2FNa-fram-liggande_IMGP.jpg&#038;fit=crop&#038;w=894&#038;h=540&#038;s=b9f33c3efbb29e8790544b684c6aa0d0 894w, https:\/\/www.abf.se\/gastrikland\/resized\/?url=https%3A%2F%2Fwww.abf.se%2Fwp-content%2Fuploads%2F2023%2F11%2FNa-fram-liggande_IMGP.jpg&#038;fit=crop&#038;w=1038&#038;h=540&#038;s=21f001385e6ca219404293b8135c71dc 1038w, https:\/\/www.abf.se\/gastrikland\/resized\/?url=https%3A%2F%2Fwww.abf.se%2Fwp-content%2Fuploads%2F2023%2F11%2FNa-fram-liggande_IMGP.jpg&#038;fit=crop&#038;w=1182&#038;h=540&#038;s=1e33e9d90aa4fa7fc552c95b87ace4e0 1182w, https:\/\/www.abf.se\/gastrikland\/resized\/?url=https%3A%2F%2Fwww.abf.se%2Fwp-content%2Fuploads%2F2023%2F11%2FNa-fram-liggande_IMGP.jpg&#038;fit=crop&#038;w=1326&#038;h=540&#038;s=e68673ce931b5a498698c48aba79f953 1326w, https:\/\/www.abf.se\/gastrikland\/resized\/?url=https%3A%2F%2Fwww.abf.se%2Fwp-content%2Fuploads%2F2023%2F11%2FNa-fram-liggande_IMGP.jpg&#038;fit=crop&#038;w=1440&#038;h=540&#038;s=5cbaace2e5d4ed1f95c785f3bf737355 1440w\" alt=\"\" height=\"540\" width=\"1440\" sizes=\"(max-width: 1440px) calc(100vw - 32px), 1440px\" loading=\"eager\" fetchpriority=\"high\" aria-hidden=\"true\" role=\"presentation\" \/><\/picture>\n        \n\n            <\/div>\n\n    <\/div>\n\n<div class=\"my-8 container-lg acf-file-link-block\" data-block=\"file-link-block\" class=\"acf-file-link-block\" data-block=\"file-link-block\">\n    <div class=\"w-full bg-red  round-corners-lg px-4 md:px-8 py-11 md:py-16\">\n        <h2 class=\"heading-lg mb-7 text-center text-white\">\n            \n        <\/h2>\n            <ul class=\"grid grid-cols-1 gap-x-4 gap-y-3 md:grid-cols-2\">\n                                            <li>\n\n                    <a\n    class=\"large-button-link\"\n    href=\"https:\/\/www.abf.se\/wp-content\/uploads\/sites\/20\/2024\/04\/timrapport-instruktion-for-arbetstagare1.jpg\"\n    download=\"timrapport-instruktion-for-arbetstagare1.jpg\"\n>\n    <span class=\"flex-1\"><span class=\"flex flex-row items-baseline gap-2\">\n                                                            <figure\n                                    aria-hidden=\"true\"\n                                    class=\"w-4 self-center\"\n                                >\n                                    <svg width=\"91\" height=\"91\" viewBox=\"0 0 91 91\" fill=\"none\" class=\"SvgIconElement\">\n<path d=\"M73.9052 14.2139H17.0557C12.3462 14.2139 8.52832 18.0317 8.52832 22.7413V68.2209C8.52832 72.9304 12.3462 76.7483 17.0557 76.7483H73.9052C78.6148 76.7483 82.4327 72.9304 82.4327 68.2209V22.7413C82.4327 18.0317 78.6148 14.2139 73.9052 14.2139Z\" stroke=\"currentColor\" stroke-width=\"5.68495\" stroke-linejoin=\"round\"\/>\n<path d=\"M59.6928 36.9534C62.8325 36.9534 65.3777 34.4082 65.3777 31.2684C65.3777 28.1287 62.8325 25.5835 59.6928 25.5835C56.5531 25.5835 54.0078 28.1287 54.0078 31.2684C54.0078 34.4082 56.5531 36.9534 59.6928 36.9534Z\" stroke=\"currentColor\" stroke-width=\"5.68495\" stroke-miterlimit=\"10\"\/>\n<path d=\"M54.0079 59.6561L37.9017 43.5802C36.8769 42.5555 35.4993 41.961 34.0507 41.918C32.6021 41.8751 31.1918 42.387 30.108 43.3492L8.52832 62.5359\" stroke=\"currentColor\" stroke-width=\"5.68495\" stroke-linecap=\"round\" stroke-linejoin=\"round\"\/>\n<path d=\"M39.7954 76.7485L61.7073 54.8366C62.7094 53.8325 64.0507 53.2393 65.4678 53.1736C66.8848 53.1079 68.2753 53.5743 69.366 54.4813L82.4325 65.3786\" stroke=\"currentColor\" stroke-width=\"5.68495\" stroke-linecap=\"round\" stroke-linejoin=\"round\"\/>\n<\/svg>\n        \n                                <\/figure>\n                            \n                            <span class=\"mr-2 flex-1\">\n                                Instruktion f\u00f6r arbetstagare\n                                                                    <span class=\"label-md ml-1\">\n                                        (jpeg, 63,55 Kb)\n                                    <\/span>\n                                                            <\/span>\n\n\n                        <\/span><\/span>\n\n    <figure\n        aria-hidden=\"true\"\n        class=\"w-5\"\n    >\n                    <svg width=\"20\" height=\"20\" viewBox=\"0 0 20 20\" fill=\"none\"\nclass=\"SvgIconElement\">\n<path d=\"M10 3V11.5\" stroke=\"currentColor\"\/>\n<path d=\"M6.5 8.5L10 12L13.5 8.5\" stroke=\"currentColor\"\/>\n<path d=\"M2.5 10.5V17H17.5V10.5\" stroke=\"currentColor\"\/>\n<\/svg>\n            <\/figure>\n<\/a>\n                <\/li>\n                                            <li>\n\n                    <a\n    class=\"large-button-link\"\n    href=\"https:\/\/www.abf.se\/wp-content\/uploads\/sites\/20\/2024\/04\/abf-timrapport_ifyllningsbar1.jpg\"\n    download=\"abf-timrapport_ifyllningsbar1.jpg\"\n>\n    <span class=\"flex-1\"><span class=\"flex flex-row items-baseline gap-2\">\n                                                            <figure\n                                    aria-hidden=\"true\"\n                                    class=\"w-4 self-center\"\n                                >\n                                    <svg width=\"91\" height=\"91\" viewBox=\"0 0 91 91\" fill=\"none\" class=\"SvgIconElement\">\n<path d=\"M73.9052 14.2139H17.0557C12.3462 14.2139 8.52832 18.0317 8.52832 22.7413V68.2209C8.52832 72.9304 12.3462 76.7483 17.0557 76.7483H73.9052C78.6148 76.7483 82.4327 72.9304 82.4327 68.2209V22.7413C82.4327 18.0317 78.6148 14.2139 73.9052 14.2139Z\" stroke=\"currentColor\" stroke-width=\"5.68495\" stroke-linejoin=\"round\"\/>\n<path d=\"M59.6928 36.9534C62.8325 36.9534 65.3777 34.4082 65.3777 31.2684C65.3777 28.1287 62.8325 25.5835 59.6928 25.5835C56.5531 25.5835 54.0078 28.1287 54.0078 31.2684C54.0078 34.4082 56.5531 36.9534 59.6928 36.9534Z\" stroke=\"currentColor\" stroke-width=\"5.68495\" stroke-miterlimit=\"10\"\/>\n<path d=\"M54.0079 59.6561L37.9017 43.5802C36.8769 42.5555 35.4993 41.961 34.0507 41.918C32.6021 41.8751 31.1918 42.387 30.108 43.3492L8.52832 62.5359\" stroke=\"currentColor\" stroke-width=\"5.68495\" stroke-linecap=\"round\" stroke-linejoin=\"round\"\/>\n<path d=\"M39.7954 76.7485L61.7073 54.8366C62.7094 53.8325 64.0507 53.2393 65.4678 53.1736C66.8848 53.1079 68.2753 53.5743 69.366 54.4813L82.4325 65.3786\" stroke=\"currentColor\" stroke-width=\"5.68495\" stroke-linecap=\"round\" stroke-linejoin=\"round\"\/>\n<\/svg>\n        \n                                <\/figure>\n                            \n                            <span class=\"mr-2 flex-1\">\n                                Anst\u00e4llningsavtal &#8211; Timrapport\n                                                                    <span class=\"label-md ml-1\">\n                                        (jpeg, 75,44 Kb)\n                                    <\/span>\n                                                            <\/span>\n\n\n                        <\/span><\/span>\n\n    <figure\n        aria-hidden=\"true\"\n        class=\"w-5\"\n    >\n                    <svg width=\"20\" height=\"20\" viewBox=\"0 0 20 20\" fill=\"none\"\nclass=\"SvgIconElement\">\n<path d=\"M10 3V11.5\" stroke=\"currentColor\"\/>\n<path d=\"M6.5 8.5L10 12L13.5 8.5\" stroke=\"currentColor\"\/>\n<path d=\"M2.5 10.5V17H17.5V10.5\" stroke=\"currentColor\"\/>\n<\/svg>\n            <\/figure>\n<\/a>\n                <\/li>\n                                            <li>\n\n                    <a\n    class=\"large-button-link\"\n    href=\"https:\/\/www.abf.se\/wp-content\/uploads\/sites\/20\/2024\/04\/uppdragsblankett_ifyllnadsbar-fortroendevalda-20221-1.jpg\"\n    download=\"uppdragsblankett_ifyllnadsbar-fortroendevalda-20221-1.jpg\"\n>\n    <span class=\"flex-1\"><span class=\"flex flex-row items-baseline gap-2\">\n                                                            <figure\n                                    aria-hidden=\"true\"\n                                    class=\"w-4 self-center\"\n                                >\n                                    <svg width=\"91\" height=\"91\" viewBox=\"0 0 91 91\" fill=\"none\" class=\"SvgIconElement\">\n<path d=\"M73.9052 14.2139H17.0557C12.3462 14.2139 8.52832 18.0317 8.52832 22.7413V68.2209C8.52832 72.9304 12.3462 76.7483 17.0557 76.7483H73.9052C78.6148 76.7483 82.4327 72.9304 82.4327 68.2209V22.7413C82.4327 18.0317 78.6148 14.2139 73.9052 14.2139Z\" stroke=\"currentColor\" stroke-width=\"5.68495\" stroke-linejoin=\"round\"\/>\n<path d=\"M59.6928 36.9534C62.8325 36.9534 65.3777 34.4082 65.3777 31.2684C65.3777 28.1287 62.8325 25.5835 59.6928 25.5835C56.5531 25.5835 54.0078 28.1287 54.0078 31.2684C54.0078 34.4082 56.5531 36.9534 59.6928 36.9534Z\" stroke=\"currentColor\" stroke-width=\"5.68495\" stroke-miterlimit=\"10\"\/>\n<path d=\"M54.0079 59.6561L37.9017 43.5802C36.8769 42.5555 35.4993 41.961 34.0507 41.918C32.6021 41.8751 31.1918 42.387 30.108 43.3492L8.52832 62.5359\" stroke=\"currentColor\" stroke-width=\"5.68495\" stroke-linecap=\"round\" stroke-linejoin=\"round\"\/>\n<path d=\"M39.7954 76.7485L61.7073 54.8366C62.7094 53.8325 64.0507 53.2393 65.4678 53.1736C66.8848 53.1079 68.2753 53.5743 69.366 54.4813L82.4325 65.3786\" stroke=\"currentColor\" stroke-width=\"5.68495\" stroke-linecap=\"round\" stroke-linejoin=\"round\"\/>\n<\/svg>\n        \n                                <\/figure>\n                            \n                            <span class=\"mr-2 flex-1\">\n                                Uppdragsblankett &#8211; F\u00f6rtroendevalda\n                                                                    <span class=\"label-md ml-1\">\n                                        (jpeg, 57,50 Kb)\n                                    <\/span>\n                                                            <\/span>\n\n\n                        <\/span><\/span>\n\n    <figure\n        aria-hidden=\"true\"\n        class=\"w-5\"\n    >\n                    <svg width=\"20\" height=\"20\" viewBox=\"0 0 20 20\" fill=\"none\"\nclass=\"SvgIconElement\">\n<path d=\"M10 3V11.5\" stroke=\"currentColor\"\/>\n<path d=\"M6.5 8.5L10 12L13.5 8.5\" stroke=\"currentColor\"\/>\n<path d=\"M2.5 10.5V17H17.5V10.5\" stroke=\"currentColor\"\/>\n<\/svg>\n            <\/figure>\n<\/a>\n                <\/li>\n                    <\/ul>\n        <\/ul>\n    <\/div>\n<\/div>","protected":false},"excerpt":{"rendered":"","protected":false},"author":45,"featured_media":0,"parent":1498,"menu_order":0,"comment_status":"closed","ping_status":"closed","template":"","meta":{"_acf_changed":false,"footnotes":""},"class_list":["post-937","page","type-page","status-publish","hentry"],"acf":[],"yoast_head":"<!-- This site is optimized with the Yoast SEO plugin v27.0 - https:\/\/yoast.com\/product\/yoast-seo-wordpress\/ -->\n<title>Blanketter f\u00f6r anst\u00e4llda - G\u00e4strikland<\/title>\n<meta name=\"description\" content=\"Hitta blanketter f\u00f6r anst\u00e4lld p\u00e5 ABF. Cirkelledare eller Kulturprogram. Fyll i direkt p\u00e5 datorn eller skriv ut och fyll i.\" \/>\n<meta name=\"robots\" content=\"index, follow, max-snippet:-1, max-image-preview:large, max-video-preview:-1\" \/>\n<link rel=\"canonical\" href=\"https:\/\/www.abf.se\/gastrikland\/kontakt\/blanketter-for-anstallda\/\" \/>\n<meta property=\"og:locale\" content=\"sv_SE\" \/>\n<meta property=\"og:type\" content=\"article\" \/>\n<meta property=\"og:title\" content=\"Blanketter f\u00f6r anst\u00e4llda - G\u00e4strikland\" \/>\n<meta property=\"og:description\" content=\"Hitta blanketter f\u00f6r anst\u00e4lld p\u00e5 ABF. Cirkelledare eller Kulturprogram. Fyll i direkt p\u00e5 datorn eller skriv ut och fyll i.\" \/>\n<meta property=\"og:url\" content=\"https:\/\/www.abf.se\/gastrikland\/kontakt\/blanketter-for-anstallda\/\" \/>\n<meta property=\"og:site_name\" content=\"G\u00e4strikland\" \/>\n<meta property=\"article:modified_time\" content=\"2025-01-27T15:29:17+00:00\" \/>\n<meta property=\"og:image\" content=\"https:\/\/www.abf.se\/wp-content\/uploads\/sites\/20\/2024\/04\/Nyckeln-liggande-scaled.jpg\" \/>\n\t<meta property=\"og:image:width\" content=\"2560\" \/>\n\t<meta property=\"og:image:height\" content=\"1440\" \/>\n\t<meta property=\"og:image:type\" content=\"image\/jpeg\" \/>\n<meta name=\"twitter:card\" content=\"summary_large_image\" \/>\n<script type=\"application\/ld+json\" class=\"yoast-schema-graph\">{\"@context\":\"https:\/\/schema.org\",\"@graph\":[{\"@type\":\"WebPage\",\"@id\":\"https:\/\/www.abf.se\/gastrikland\/kontakt\/blanketter-for-anstallda\/\",\"url\":\"https:\/\/www.abf.se\/gastrikland\/kontakt\/blanketter-for-anstallda\/\",\"name\":\"Blanketter f\u00f6r anst\u00e4llda - G\u00e4strikland\",\"isPartOf\":{\"@id\":\"https:\/\/www.abf.se\/gastrikland\/#website\"},\"datePublished\":\"2024-04-15T13:38:32+00:00\",\"dateModified\":\"2025-01-27T15:29:17+00:00\",\"description\":\"Hitta blanketter f\u00f6r anst\u00e4lld p\u00e5 ABF. Cirkelledare eller Kulturprogram. Fyll i direkt p\u00e5 datorn eller skriv ut och fyll i.\",\"breadcrumb\":{\"@id\":\"https:\/\/www.abf.se\/gastrikland\/kontakt\/blanketter-for-anstallda\/#breadcrumb\"},\"inLanguage\":\"sv-SE\",\"potentialAction\":[{\"@type\":\"ReadAction\",\"target\":[\"https:\/\/www.abf.se\/gastrikland\/kontakt\/blanketter-for-anstallda\/\"]}]},{\"@type\":\"BreadcrumbList\",\"@id\":\"https:\/\/www.abf.se\/gastrikland\/kontakt\/blanketter-for-anstallda\/#breadcrumb\",\"itemListElement\":[{\"@type\":\"ListItem\",\"position\":1,\"name\":\"Home\",\"item\":\"https:\/\/www.abf.se\/gastrikland\/\"},{\"@type\":\"ListItem\",\"position\":2,\"name\":\"Kontakt\",\"item\":\"https:\/\/www.abf.se\/gastrikland\/kontakt\/\"},{\"@type\":\"ListItem\",\"position\":3,\"name\":\"Blanketter f\u00f6r anst\u00e4llda\"}]},{\"@type\":\"WebSite\",\"@id\":\"https:\/\/www.abf.se\/gastrikland\/#website\",\"url\":\"https:\/\/www.abf.se\/gastrikland\/\",\"name\":\"G\u00e4strikland\",\"description\":\"\",\"potentialAction\":[{\"@type\":\"SearchAction\",\"target\":{\"@type\":\"EntryPoint\",\"urlTemplate\":\"https:\/\/www.abf.se\/gastrikland\/?s={search_term_string}\"},\"query-input\":{\"@type\":\"PropertyValueSpecification\",\"valueRequired\":true,\"valueName\":\"search_term_string\"}}],\"inLanguage\":\"sv-SE\"}]}<\/script>\n<!-- \/ Yoast SEO plugin. -->","yoast_head_json":{"title":"Blanketter f\u00f6r anst\u00e4llda - G\u00e4strikland","description":"Hitta blanketter f\u00f6r anst\u00e4lld p\u00e5 ABF. Cirkelledare eller Kulturprogram. Fyll i direkt p\u00e5 datorn eller skriv ut och fyll i.","robots":{"index":"index","follow":"follow","max-snippet":"max-snippet:-1","max-image-preview":"max-image-preview:large","max-video-preview":"max-video-preview:-1"},"canonical":"https:\/\/www.abf.se\/gastrikland\/kontakt\/blanketter-for-anstallda\/","og_locale":"sv_SE","og_type":"article","og_title":"Blanketter f\u00f6r anst\u00e4llda - G\u00e4strikland","og_description":"Hitta blanketter f\u00f6r anst\u00e4lld p\u00e5 ABF. Cirkelledare eller Kulturprogram. Fyll i direkt p\u00e5 datorn eller skriv ut och fyll i.","og_url":"https:\/\/www.abf.se\/gastrikland\/kontakt\/blanketter-for-anstallda\/","og_site_name":"G\u00e4strikland","article_modified_time":"2025-01-27T15:29:17+00:00","og_image":[{"width":2560,"height":1440,"url":"https:\/\/www.abf.se\/wp-content\/uploads\/sites\/20\/2024\/04\/Nyckeln-liggande-scaled.jpg","type":"image\/jpeg"}],"twitter_card":"summary_large_image","schema":{"@context":"https:\/\/schema.org","@graph":[{"@type":"WebPage","@id":"https:\/\/www.abf.se\/gastrikland\/kontakt\/blanketter-for-anstallda\/","url":"https:\/\/www.abf.se\/gastrikland\/kontakt\/blanketter-for-anstallda\/","name":"Blanketter f\u00f6r anst\u00e4llda - G\u00e4strikland","isPartOf":{"@id":"https:\/\/www.abf.se\/gastrikland\/#website"},"datePublished":"2024-04-15T13:38:32+00:00","dateModified":"2025-01-27T15:29:17+00:00","description":"Hitta blanketter f\u00f6r anst\u00e4lld p\u00e5 ABF. Cirkelledare eller Kulturprogram. Fyll i direkt p\u00e5 datorn eller skriv ut och fyll i.","breadcrumb":{"@id":"https:\/\/www.abf.se\/gastrikland\/kontakt\/blanketter-for-anstallda\/#breadcrumb"},"inLanguage":"sv-SE","potentialAction":[{"@type":"ReadAction","target":["https:\/\/www.abf.se\/gastrikland\/kontakt\/blanketter-for-anstallda\/"]}]},{"@type":"BreadcrumbList","@id":"https:\/\/www.abf.se\/gastrikland\/kontakt\/blanketter-for-anstallda\/#breadcrumb","itemListElement":[{"@type":"ListItem","position":1,"name":"Home","item":"https:\/\/www.abf.se\/gastrikland\/"},{"@type":"ListItem","position":2,"name":"Kontakt","item":"https:\/\/www.abf.se\/gastrikland\/kontakt\/"},{"@type":"ListItem","position":3,"name":"Blanketter f\u00f6r anst\u00e4llda"}]},{"@type":"WebSite","@id":"https:\/\/www.abf.se\/gastrikland\/#website","url":"https:\/\/www.abf.se\/gastrikland\/","name":"G\u00e4strikland","description":"","potentialAction":[{"@type":"SearchAction","target":{"@type":"EntryPoint","urlTemplate":"https:\/\/www.abf.se\/gastrikland\/?s={search_term_string}"},"query-input":{"@type":"PropertyValueSpecification","valueRequired":true,"valueName":"search_term_string"}}],"inLanguage":"sv-SE"}]}},"_links":{"self":[{"href":"https:\/\/www.abf.se\/gastrikland\/wp-json\/wp\/v2\/pages\/937","targetHints":{"allow":["GET"]}}],"collection":[{"href":"https:\/\/www.abf.se\/gastrikland\/wp-json\/wp\/v2\/pages"}],"about":[{"href":"https:\/\/www.abf.se\/gastrikland\/wp-json\/wp\/v2\/types\/page"}],"author":[{"embeddable":true,"href":"https:\/\/www.abf.se\/gastrikland\/wp-json\/wp\/v2\/users\/45"}],"replies":[{"embeddable":true,"href":"https:\/\/www.abf.se\/gastrikland\/wp-json\/wp\/v2\/comments?post=937"}],"version-history":[{"count":9,"href":"https:\/\/www.abf.se\/gastrikland\/wp-json\/wp\/v2\/pages\/937\/revisions"}],"predecessor-version":[{"id":1679,"href":"https:\/\/www.abf.se\/gastrikland\/wp-json\/wp\/v2\/pages\/937\/revisions\/1679"}],"up":[{"embeddable":true,"href":"https:\/\/www.abf.se\/gastrikland\/wp-json\/wp\/v2\/pages\/1498"}],"wp:attachment":[{"href":"https:\/\/www.abf.se\/gastrikland\/wp-json\/wp\/v2\/media?parent=937"}],"curies":[{"name":"wp","href":"https:\/\/api.w.org\/{rel}","templated":true}]}}