{"id":5,"date":"2024-04-05T10:46:09","date_gmt":"2024-04-05T08:46:09","guid":{"rendered":"https:\/\/www.abf.se\/gotland\/?page_id=5"},"modified":"2024-04-17T09:54:37","modified_gmt":"2024-04-17T07:54:37","slug":"att-vara-cirkelledare","status":"publish","type":"page","link":"https:\/\/www.abf.se\/gotland\/att-vara-cirkelledare\/","title":{"rendered":"Att vara cirkelledare"},"content":{"rendered":"<div\n    class=\"acf-hero-block container-lg no-padding mb-12 js-geolocation\"\n    data-block=\"hero-block\"\n    data-index=\"0\"\n>\n    <div class=\"h-[548px]  relative rounded-[32px] overflow-hidden flex bg-gray-light\">\n        <div class=\"relative z-10 mt-auto h-auto w-full md:h-full\">\n            <div class=\"flex w-full h-full flex-col flex-wrap justify-end w-full md:w-7\/12 lg:w-1\/2 md:justify-center\">\n                <div class=\"flex flex-col gap-3 md:gap-[18px] md:transparent pt-16 pb-36 md:py-8 px-4 w-full md:max-w-[620px] mx-auto px-8\">\n\n                    <h1 class=\"hero-heading\"><span>Att vara cirkelledare<\/span><\/h1>\n\n                    \n                                    <\/div>\n            <\/div>\n        <\/div>\n\n                    <picture class=\"as-background-image mix-blend-multiply bg-black\/40\"><img decoding=\"async\" src=\"https:\/\/www.abf.se\/gotland\/resized\/?url=https%3A%2F%2Fwww.abf.se%2Fwp-content%2Fuploads%2F2024%2F04%2FABF_header_1805-6594.jpg&#038;fit=crop&#038;w=1440&#038;s=e136f1980134416291f697bd0f67a29c\" srcset=\"https:\/\/www.abf.se\/gotland\/resized\/?url=https%3A%2F%2Fwww.abf.se%2Fwp-content%2Fuploads%2F2024%2F04%2FABF_header_1805-6594.jpg&#038;fit=crop&#038;w=375&#038;h=540&#038;s=dcf289fa6e3958206d5024ff4084e40e 375w, https:\/\/www.abf.se\/gotland\/resized\/?url=https%3A%2F%2Fwww.abf.se%2Fwp-content%2Fuploads%2F2024%2F04%2FABF_header_1805-6594.jpg&#038;fit=crop&#038;w=447&#038;h=540&#038;s=dbf8ea3a57146f266b6bab79c0daff98 447w, https:\/\/www.abf.se\/gotland\/resized\/?url=https%3A%2F%2Fwww.abf.se%2Fwp-content%2Fuploads%2F2024%2F04%2FABF_header_1805-6594.jpg&#038;fit=crop&#038;w=519&#038;h=540&#038;s=e4a8d421eefb244371a3e8353ed21399 519w, https:\/\/www.abf.se\/gotland\/resized\/?url=https%3A%2F%2Fwww.abf.se%2Fwp-content%2Fuploads%2F2024%2F04%2FABF_header_1805-6594.jpg&#038;fit=crop&#038;w=591&#038;h=540&#038;s=f772a781a48bd31354177bb8fdbd5f2c 591w, https:\/\/www.abf.se\/gotland\/resized\/?url=https%3A%2F%2Fwww.abf.se%2Fwp-content%2Fuploads%2F2024%2F04%2FABF_header_1805-6594.jpg&#038;fit=crop&#038;w=663&#038;h=540&#038;s=fc3ca9bd1a2572f70660ec97df234c51 663w, https:\/\/www.abf.se\/gotland\/resized\/?url=https%3A%2F%2Fwww.abf.se%2Fwp-content%2Fuploads%2F2024%2F04%2FABF_header_1805-6594.jpg&#038;fit=crop&#038;w=750&#038;h=540&#038;s=e3ae26f8223af89272ddfa3f38853ae6 750w, https:\/\/www.abf.se\/gotland\/resized\/?url=https%3A%2F%2Fwww.abf.se%2Fwp-content%2Fuploads%2F2024%2F04%2FABF_header_1805-6594.jpg&#038;fit=crop&#038;w=894&#038;h=540&#038;s=4d71c79949924993d7bdf965ac9c3959 894w, https:\/\/www.abf.se\/gotland\/resized\/?url=https%3A%2F%2Fwww.abf.se%2Fwp-content%2Fuploads%2F2024%2F04%2FABF_header_1805-6594.jpg&#038;fit=crop&#038;w=1038&#038;h=540&#038;s=4f202ed02bebc93b4523a8b018ad5b5c 1038w, https:\/\/www.abf.se\/gotland\/resized\/?url=https%3A%2F%2Fwww.abf.se%2Fwp-content%2Fuploads%2F2024%2F04%2FABF_header_1805-6594.jpg&#038;fit=crop&#038;w=1182&#038;h=540&#038;s=6cd831cd617e5709b1ba39e53aecb8a8 1182w, https:\/\/www.abf.se\/gotland\/resized\/?url=https%3A%2F%2Fwww.abf.se%2Fwp-content%2Fuploads%2F2024%2F04%2FABF_header_1805-6594.jpg&#038;fit=crop&#038;w=1326&#038;h=540&#038;s=4510577bfc17dc4d3a186829b8a24eb7 1326w, https:\/\/www.abf.se\/gotland\/resized\/?url=https%3A%2F%2Fwww.abf.se%2Fwp-content%2Fuploads%2F2024%2F04%2FABF_header_1805-6594.jpg&#038;fit=crop&#038;w=1440&#038;h=540&#038;s=5e820e90b9f16161fa6889f3d78622d8 1440w\" alt=\"\" height=\"540\" width=\"1440\" sizes=\"(max-width: 1440px) calc(100vw - 32px), 1440px\" loading=\"eager\" fetchpriority=\"high\" aria-hidden=\"true\" role=\"presentation\" \/><\/picture>\n        \n\n            <\/div>\n\n    <\/div>\n\n<div class=\"my-8 container-lg acf-link-block\" data-block=\"link-block\" class=\"acf-link-block\" data-block=\"link-block\">\n    <div class=\"w-full bg-red  round-corners-lg px-4 md:px-8 py-11 md:py-16\">\n        <h2 class=\"heading-lg mb-7 text-center text-white\">\n            Verktygsl\u00e5da f\u00f6r cirkelledare\n        <\/h2>\n            <ul class=\"grid grid-cols-1 gap-x-4 gap-y-3 md:grid-cols-2\">\n                                                        <li>\n                        <a\n    class=\"large-button-link\"\n    href=\"https:\/\/www.abf.se\/cirkelledare\/\"\n    target=\"_blank\"\n>\n    <span class=\"flex-1\">F\u00f6r dig som \u00e4r eller vill bli cirkelledare<\/span>\n\n    <figure\n        aria-hidden=\"true\"\n        class=\"w-5\"\n    >\n                    <svg width=\"20\" height=\"20\" viewBox=\"0 0 20 20\" fill=\"none\" class=\"SvgIconElement\">\n<path d=\"M4.16659 10L15.8333 10\" stroke=\"currentColor\"\/>\n<path d=\"M9.99992 4.1665L15.8333 9.99984L9.99992 15.8332\" stroke=\"currentColor\"\/>\n<\/svg>\n            <\/figure>\n<\/a>\n                    <\/li>\n                                                        <li>\n                        <a\n    class=\"large-button-link\"\n    href=\"https:\/\/www.abf.se\/gotland\/att-vara-cirkelledare\/bli-cirkelledare\/\"\n    target=\"_blank\"\n>\n    <span class=\"flex-1\">Anm\u00e4l intresse f\u00f6r att bli cirkelledare<\/span>\n\n    <figure\n        aria-hidden=\"true\"\n        class=\"w-5\"\n    >\n                    <svg width=\"20\" height=\"20\" viewBox=\"0 0 20 20\" fill=\"none\" class=\"SvgIconElement\">\n<path d=\"M4.16659 10L15.8333 10\" stroke=\"currentColor\"\/>\n<path d=\"M9.99992 4.1665L15.8333 9.99984L9.99992 15.8332\" stroke=\"currentColor\"\/>\n<\/svg>\n            <\/figure>\n<\/a>\n                    <\/li>\n                                                        <li>\n                        <a\n    class=\"large-button-link\"\n    href=\"https:\/\/arretjanst.abf.se\/\"\n    target=\"_blank\"\n>\n    <span class=\"flex-1\">Direktl\u00e4nk till e-tj\u00e4nsten<\/span>\n\n    <figure\n        aria-hidden=\"true\"\n        class=\"w-5\"\n    >\n                    <svg width=\"20\" height=\"20\" viewBox=\"0 0 20 20\" fill=\"none\" class=\"SvgIconElement\">\n<path d=\"M4.16659 10L15.8333 10\" stroke=\"currentColor\"\/>\n<path d=\"M9.99992 4.1665L15.8333 9.99984L9.99992 15.8332\" stroke=\"currentColor\"\/>\n<\/svg>\n            <\/figure>\n<\/a>\n                    <\/li>\n                                                        <li>\n                        <a\n    class=\"large-button-link\"\n    href=\"https:\/\/www.abf.se\/cirkelledare\/rapportera\/\"\n    target=\"_blank\"\n>\n    <span class=\"flex-1\">Rapportera n\u00e4rvaro &#8211; s\u00e5 h\u00e4r g\u00f6r du<\/span>\n\n    <figure\n        aria-hidden=\"true\"\n        class=\"w-5\"\n    >\n                    <svg width=\"20\" height=\"20\" viewBox=\"0 0 20 20\" fill=\"none\" class=\"SvgIconElement\">\n<path d=\"M4.16659 10L15.8333 10\" stroke=\"currentColor\"\/>\n<path d=\"M9.99992 4.1665L15.8333 9.99984L9.99992 15.8332\" stroke=\"currentColor\"\/>\n<\/svg>\n            <\/figure>\n<\/a>\n                    <\/li>\n                            <\/ul>\n        <\/ul>\n    <\/div>\n<\/div>","protected":false},"excerpt":{"rendered":"","protected":false},"author":4,"featured_media":0,"parent":0,"menu_order":0,"comment_status":"closed","ping_status":"closed","template":"","meta":{"_acf_changed":false,"footnotes":""},"class_list":["post-5","page","type-page","status-publish","hentry"],"acf":[],"yoast_head":"<!-- This site is optimized with the Yoast SEO plugin v27.0 - https:\/\/yoast.com\/product\/yoast-seo-wordpress\/ -->\n<title>Att vara cirkelledare - Gotland<\/title>\n<meta name=\"description\" content=\"Att vara cirkelledare kan vara det roligaste du kan g\u00f6ra! Vi har verktyg f\u00f6r den som \u00e4r eller vill bli cirkelledare, h\u00e4r hittar du n\u00e5gra.\" \/>\n<meta name=\"robots\" content=\"index, follow, max-snippet:-1, max-image-preview:large, max-video-preview:-1\" \/>\n<link rel=\"canonical\" href=\"https:\/\/www.abf.se\/gotland\/att-vara-cirkelledare\/\" \/>\n<meta property=\"og:locale\" content=\"sv_SE\" \/>\n<meta property=\"og:type\" content=\"article\" \/>\n<meta property=\"og:title\" content=\"Att vara cirkelledare - Gotland\" \/>\n<meta property=\"og:description\" content=\"Att vara cirkelledare kan vara det roligaste du kan g\u00f6ra! Vi har verktyg f\u00f6r den som \u00e4r eller vill bli cirkelledare, h\u00e4r hittar du n\u00e5gra.\" \/>\n<meta property=\"og:url\" content=\"https:\/\/www.abf.se\/gotland\/att-vara-cirkelledare\/\" \/>\n<meta property=\"og:site_name\" content=\"Gotland\" \/>\n<meta property=\"article:modified_time\" content=\"2024-04-17T07:54:37+00:00\" \/>\n<meta property=\"og:image\" content=\"https:\/\/www.abf.se\/wp-content\/uploads\/sites\/19\/2024\/04\/Nyckeln-liggande-scaled.jpg\" \/>\n\t<meta property=\"og:image:width\" content=\"2560\" \/>\n\t<meta property=\"og:image:height\" content=\"1440\" \/>\n\t<meta property=\"og:image:type\" content=\"image\/jpeg\" \/>\n<meta name=\"twitter:card\" content=\"summary_large_image\" \/>\n<script type=\"application\/ld+json\" class=\"yoast-schema-graph\">{\"@context\":\"https:\/\/schema.org\",\"@graph\":[{\"@type\":\"WebPage\",\"@id\":\"https:\/\/www.abf.se\/gotland\/att-vara-cirkelledare\/\",\"url\":\"https:\/\/www.abf.se\/gotland\/att-vara-cirkelledare\/\",\"name\":\"Att vara cirkelledare - Gotland\",\"isPartOf\":{\"@id\":\"https:\/\/www.abf.se\/gotland\/#website\"},\"datePublished\":\"2024-04-05T08:46:09+00:00\",\"dateModified\":\"2024-04-17T07:54:37+00:00\",\"description\":\"Att vara cirkelledare kan vara det roligaste du kan g\u00f6ra! Vi har verktyg f\u00f6r den som \u00e4r eller vill bli cirkelledare, h\u00e4r hittar du n\u00e5gra.\",\"breadcrumb\":{\"@id\":\"https:\/\/www.abf.se\/gotland\/att-vara-cirkelledare\/#breadcrumb\"},\"inLanguage\":\"sv-SE\",\"potentialAction\":[{\"@type\":\"ReadAction\",\"target\":[\"https:\/\/www.abf.se\/gotland\/att-vara-cirkelledare\/\"]}]},{\"@type\":\"BreadcrumbList\",\"@id\":\"https:\/\/www.abf.se\/gotland\/att-vara-cirkelledare\/#breadcrumb\",\"itemListElement\":[{\"@type\":\"ListItem\",\"position\":1,\"name\":\"Home\",\"item\":\"https:\/\/www.abf.se\/gotland\/\"},{\"@type\":\"ListItem\",\"position\":2,\"name\":\"Att vara cirkelledare\"}]},{\"@type\":\"WebSite\",\"@id\":\"https:\/\/www.abf.se\/gotland\/#website\",\"url\":\"https:\/\/www.abf.se\/gotland\/\",\"name\":\"Gotland\",\"description\":\"\",\"potentialAction\":[{\"@type\":\"SearchAction\",\"target\":{\"@type\":\"EntryPoint\",\"urlTemplate\":\"https:\/\/www.abf.se\/gotland\/?s={search_term_string}\"},\"query-input\":{\"@type\":\"PropertyValueSpecification\",\"valueRequired\":true,\"valueName\":\"search_term_string\"}}],\"inLanguage\":\"sv-SE\"}]}<\/script>\n<!-- \/ Yoast SEO plugin. -->","yoast_head_json":{"title":"Att vara cirkelledare - Gotland","description":"Att vara cirkelledare kan vara det roligaste du kan g\u00f6ra! Vi har verktyg f\u00f6r den som \u00e4r eller vill bli cirkelledare, h\u00e4r hittar du n\u00e5gra.","robots":{"index":"index","follow":"follow","max-snippet":"max-snippet:-1","max-image-preview":"max-image-preview:large","max-video-preview":"max-video-preview:-1"},"canonical":"https:\/\/www.abf.se\/gotland\/att-vara-cirkelledare\/","og_locale":"sv_SE","og_type":"article","og_title":"Att vara cirkelledare - Gotland","og_description":"Att vara cirkelledare kan vara det roligaste du kan g\u00f6ra! Vi har verktyg f\u00f6r den som \u00e4r eller vill bli cirkelledare, h\u00e4r hittar du n\u00e5gra.","og_url":"https:\/\/www.abf.se\/gotland\/att-vara-cirkelledare\/","og_site_name":"Gotland","article_modified_time":"2024-04-17T07:54:37+00:00","og_image":[{"width":2560,"height":1440,"url":"https:\/\/www.abf.se\/wp-content\/uploads\/sites\/19\/2024\/04\/Nyckeln-liggande-scaled.jpg","type":"image\/jpeg"}],"twitter_card":"summary_large_image","schema":{"@context":"https:\/\/schema.org","@graph":[{"@type":"WebPage","@id":"https:\/\/www.abf.se\/gotland\/att-vara-cirkelledare\/","url":"https:\/\/www.abf.se\/gotland\/att-vara-cirkelledare\/","name":"Att vara cirkelledare - Gotland","isPartOf":{"@id":"https:\/\/www.abf.se\/gotland\/#website"},"datePublished":"2024-04-05T08:46:09+00:00","dateModified":"2024-04-17T07:54:37+00:00","description":"Att vara cirkelledare kan vara det roligaste du kan g\u00f6ra! Vi har verktyg f\u00f6r den som \u00e4r eller vill bli cirkelledare, h\u00e4r hittar du n\u00e5gra.","breadcrumb":{"@id":"https:\/\/www.abf.se\/gotland\/att-vara-cirkelledare\/#breadcrumb"},"inLanguage":"sv-SE","potentialAction":[{"@type":"ReadAction","target":["https:\/\/www.abf.se\/gotland\/att-vara-cirkelledare\/"]}]},{"@type":"BreadcrumbList","@id":"https:\/\/www.abf.se\/gotland\/att-vara-cirkelledare\/#breadcrumb","itemListElement":[{"@type":"ListItem","position":1,"name":"Home","item":"https:\/\/www.abf.se\/gotland\/"},{"@type":"ListItem","position":2,"name":"Att vara cirkelledare"}]},{"@type":"WebSite","@id":"https:\/\/www.abf.se\/gotland\/#website","url":"https:\/\/www.abf.se\/gotland\/","name":"Gotland","description":"","potentialAction":[{"@type":"SearchAction","target":{"@type":"EntryPoint","urlTemplate":"https:\/\/www.abf.se\/gotland\/?s={search_term_string}"},"query-input":{"@type":"PropertyValueSpecification","valueRequired":true,"valueName":"search_term_string"}}],"inLanguage":"sv-SE"}]}},"_links":{"self":[{"href":"https:\/\/www.abf.se\/gotland\/wp-json\/wp\/v2\/pages\/5","targetHints":{"allow":["GET"]}}],"collection":[{"href":"https:\/\/www.abf.se\/gotland\/wp-json\/wp\/v2\/pages"}],"about":[{"href":"https:\/\/www.abf.se\/gotland\/wp-json\/wp\/v2\/types\/page"}],"author":[{"embeddable":true,"href":"https:\/\/www.abf.se\/gotland\/wp-json\/wp\/v2\/users\/4"}],"replies":[{"embeddable":true,"href":"https:\/\/www.abf.se\/gotland\/wp-json\/wp\/v2\/comments?post=5"}],"version-history":[{"count":15,"href":"https:\/\/www.abf.se\/gotland\/wp-json\/wp\/v2\/pages\/5\/revisions"}],"predecessor-version":[{"id":158,"href":"https:\/\/www.abf.se\/gotland\/wp-json\/wp\/v2\/pages\/5\/revisions\/158"}],"wp:attachment":[{"href":"https:\/\/www.abf.se\/gotland\/wp-json\/wp\/v2\/media?parent=5"}],"curies":[{"name":"wp","href":"https:\/\/api.w.org\/{rel}","templated":true}]}}