{"id":85,"date":"2024-04-05T14:23:23","date_gmt":"2024-04-05T12:23:23","guid":{"rendered":"https:\/\/www.abf.se\/gotland\/?page_id=85"},"modified":"2024-04-22T15:29:11","modified_gmt":"2024-04-22T13:29:11","slug":"nyhetsbrev","status":"publish","type":"page","link":"https:\/\/www.abf.se\/gotland\/nyhetsbrev\/","title":{"rendered":"Nyhetsbrev"},"content":{"rendered":"<div\n    class=\"acf-hero-block container-lg no-padding mb-12 js-geolocation\"\n    data-block=\"hero-block\"\n    data-index=\"0\"\n>\n    <div class=\"h-[548px]  relative rounded-[32px] overflow-hidden flex bg-gray-light\">\n        <div class=\"relative z-10 mt-auto h-auto w-full md:h-full\">\n            <div class=\"flex w-full h-full flex-col flex-wrap justify-end w-full md:w-7\/12 lg:w-1\/2 md:justify-center\">\n                <div class=\"flex flex-col gap-3 md:gap-[18px] md:transparent pt-16 pb-36 md:py-8 px-4 w-full md:max-w-[620px] mx-auto px-8\">\n\n                    <h1 class=\"hero-heading\"><span>Nyhetsbrev<\/span><\/h1>\n\n                    \n                                    <\/div>\n            <\/div>\n        <\/div>\n\n                    <picture class=\"as-background-image mix-blend-multiply bg-black\/40\"><img decoding=\"async\" src=\"https:\/\/www.abf.se\/gotland\/resized\/?url=https%3A%2F%2Fwww.abf.se%2Fwp-content%2Fuploads%2Fsites%2F19%2F2024%2F04%2FDepositphotos_7632833_XL-scaled.jpg&#038;fit=crop&#038;w=1440&#038;s=919333ac38bcc6c73b45180d15f958c9\" srcset=\"https:\/\/www.abf.se\/gotland\/resized\/?url=https%3A%2F%2Fwww.abf.se%2Fwp-content%2Fuploads%2Fsites%2F19%2F2024%2F04%2FDepositphotos_7632833_XL-scaled.jpg&#038;fit=crop&#038;w=375&#038;h=540&#038;s=d22c9ae272099b9ee4ddf10fe310489f 375w, https:\/\/www.abf.se\/gotland\/resized\/?url=https%3A%2F%2Fwww.abf.se%2Fwp-content%2Fuploads%2Fsites%2F19%2F2024%2F04%2FDepositphotos_7632833_XL-scaled.jpg&#038;fit=crop&#038;w=447&#038;h=540&#038;s=6d97a3d9ab5295ecd72a3354b0c15671 447w, https:\/\/www.abf.se\/gotland\/resized\/?url=https%3A%2F%2Fwww.abf.se%2Fwp-content%2Fuploads%2Fsites%2F19%2F2024%2F04%2FDepositphotos_7632833_XL-scaled.jpg&#038;fit=crop&#038;w=519&#038;h=540&#038;s=6135ef5c682519214cc3bb21f7da7ffb 519w, https:\/\/www.abf.se\/gotland\/resized\/?url=https%3A%2F%2Fwww.abf.se%2Fwp-content%2Fuploads%2Fsites%2F19%2F2024%2F04%2FDepositphotos_7632833_XL-scaled.jpg&#038;fit=crop&#038;w=591&#038;h=540&#038;s=0073225dda4e922ef02b53b9c6ffcc7a 591w, https:\/\/www.abf.se\/gotland\/resized\/?url=https%3A%2F%2Fwww.abf.se%2Fwp-content%2Fuploads%2Fsites%2F19%2F2024%2F04%2FDepositphotos_7632833_XL-scaled.jpg&#038;fit=crop&#038;w=663&#038;h=540&#038;s=b20d2be3fd8f12edad8e1677d8558ba8 663w, https:\/\/www.abf.se\/gotland\/resized\/?url=https%3A%2F%2Fwww.abf.se%2Fwp-content%2Fuploads%2Fsites%2F19%2F2024%2F04%2FDepositphotos_7632833_XL-scaled.jpg&#038;fit=crop&#038;w=750&#038;h=540&#038;s=9ce1c64ae7e7f53d390231c4295cc99c 750w, https:\/\/www.abf.se\/gotland\/resized\/?url=https%3A%2F%2Fwww.abf.se%2Fwp-content%2Fuploads%2Fsites%2F19%2F2024%2F04%2FDepositphotos_7632833_XL-scaled.jpg&#038;fit=crop&#038;w=894&#038;h=540&#038;s=3ce5efaa1fb1ce0dd97561a0104f76a0 894w, https:\/\/www.abf.se\/gotland\/resized\/?url=https%3A%2F%2Fwww.abf.se%2Fwp-content%2Fuploads%2Fsites%2F19%2F2024%2F04%2FDepositphotos_7632833_XL-scaled.jpg&#038;fit=crop&#038;w=1038&#038;h=540&#038;s=84d11aed6c7fd2f5f374dc9ea0c6c7d3 1038w, https:\/\/www.abf.se\/gotland\/resized\/?url=https%3A%2F%2Fwww.abf.se%2Fwp-content%2Fuploads%2Fsites%2F19%2F2024%2F04%2FDepositphotos_7632833_XL-scaled.jpg&#038;fit=crop&#038;w=1182&#038;h=540&#038;s=ae83956a47cbd9c3cd6d3b66431b9b1f 1182w, https:\/\/www.abf.se\/gotland\/resized\/?url=https%3A%2F%2Fwww.abf.se%2Fwp-content%2Fuploads%2Fsites%2F19%2F2024%2F04%2FDepositphotos_7632833_XL-scaled.jpg&#038;fit=crop&#038;w=1326&#038;h=540&#038;s=6f7c5b6c62d93ec6cd49edbe17238f75 1326w, https:\/\/www.abf.se\/gotland\/resized\/?url=https%3A%2F%2Fwww.abf.se%2Fwp-content%2Fuploads%2Fsites%2F19%2F2024%2F04%2FDepositphotos_7632833_XL-scaled.jpg&#038;fit=crop&#038;w=1440&#038;h=540&#038;s=53db7b6bc60fa93dcd51a5a2b831dadf 1440w\" alt=\"\" height=\"540\" width=\"1440\" sizes=\"(max-width: 1440px) calc(100vw - 32px), 1440px\" loading=\"eager\" fetchpriority=\"high\" aria-hidden=\"true\" role=\"presentation\" \/><\/picture>\n        \n\n            <\/div>\n\n    <\/div>\n\n<div\n    class=\"acf-quick-link-block bg-red py-12 md:py-20\"\n    data-block=\"quick-link-block\"\n>\n    <div class=\"container\">\n                    <h2 class=\"heading-lg mb-7 text-center text-white\">\n                L\u00e4s de senaste nyhetsbreven\n            <\/h2>\n        \n        <div\n            class=\"px-5 content:px-0 grid grid-cols-1 gap-8 lg:grid-cols-3\">\n            \n            <article\nclass=\"round-corners-sm p-6 relative group grid grid-rows-[subgrid] row-[span_3] gap-4 bg-white text-red\"\n>\n            <h3\n        class=\"heading-sm group-hover:underline text-red\">\n            <a href=\"https:\/\/gansub.com\/t\/v\/0_MzkzMTA2MzI2NTQ3Mg==\/\" class=\"expanded-hit-area\" target=\"_blank\">\n                19 april 2024\n            <\/a>\n        <\/h3>\n            <figure\n    class=\"w-[38px] h-[38px] rounded-full p-2 group-hover:scale-110 transition-transform duration-300 self-end pointer-events-none bg-red text-white\">\n        <svg width=\"20\" height=\"20\" viewBox=\"0 0 20 20\" fill=\"none\" class=\"SvgIconElement\">\n<path d=\"M4.16659 10L15.8333 10\" stroke=\"currentColor\"\/>\n<path d=\"M9.99992 4.1665L15.8333 9.99984L9.99992 15.8332\" stroke=\"currentColor\"\/>\n<\/svg>\n    <\/figure>\n<\/article>            \n            <article\nclass=\"round-corners-sm p-6 relative group grid grid-rows-[subgrid] row-[span_3] gap-4 bg-white text-red\"\n>\n            <h3\n        class=\"heading-sm group-hover:underline text-red\">\n            <a href=\"https:\/\/api.getanewsletter.com\/v3\/preview_mail\/3130063\/?public_key=a66185d628308716153b0cca6250657c\" class=\"expanded-hit-area\" target=\"_blank\">\n                16 februari 2024\n            <\/a>\n        <\/h3>\n            <figure\n    class=\"w-[38px] h-[38px] rounded-full p-2 group-hover:scale-110 transition-transform duration-300 self-end pointer-events-none bg-red text-white\">\n        <svg width=\"20\" height=\"20\" viewBox=\"0 0 20 20\" fill=\"none\" class=\"SvgIconElement\">\n<path d=\"M4.16659 10L15.8333 10\" stroke=\"currentColor\"\/>\n<path d=\"M9.99992 4.1665L15.8333 9.99984L9.99992 15.8332\" stroke=\"currentColor\"\/>\n<\/svg>\n    <\/figure>\n<\/article>            \n            <article\nclass=\"round-corners-sm p-6 relative group grid grid-rows-[subgrid] row-[span_3] gap-4 bg-white text-red\"\n>\n            <h3\n        class=\"heading-sm group-hover:underline text-red\">\n            <a href=\"https:\/\/api.getanewsletter.com\/v3\/preview_mail\/3130063\/?public_key=a66185d628308716153b0cca6250657c\" class=\"expanded-hit-area\" target=\"_blank\">\n                15 december 2023\n            <\/a>\n        <\/h3>\n            <figure\n    class=\"w-[38px] h-[38px] rounded-full p-2 group-hover:scale-110 transition-transform duration-300 self-end pointer-events-none bg-red text-white\">\n        <svg width=\"20\" height=\"20\" viewBox=\"0 0 20 20\" fill=\"none\" class=\"SvgIconElement\">\n<path d=\"M4.16659 10L15.8333 10\" stroke=\"currentColor\"\/>\n<path d=\"M9.99992 4.1665L15.8333 9.99984L9.99992 15.8332\" stroke=\"currentColor\"\/>\n<\/svg>\n    <\/figure>\n<\/article>                    <\/div>\n    <\/div>\n<\/div>\n<div\n    class=\"acf-text-image-block container my-12 md:my-15\"\n    data-block=\"text-image-block\"\n>\n    <div\n    class=\"flex flex-col items-center md:flex-row gap-8 md:gap-0 justify-between\">\n                        <div class=\"w-full md:w-1\/2 md:order-2\">\n            <picture><img decoding=\"async\" src=\"https:\/\/www.abf.se\/gotland\/resized\/?url=https%3A%2F%2Fwww.abf.se%2Fwp-content%2Fuploads%2Fsites%2F19%2F2024%2F04%2FDepositphotos_648668898_XL-scaled.jpg&#038;fit=crop&#038;w=578&#038;s=e8bed31a1a7389da5fe0dddfab337a03\" srcset=\"https:\/\/www.abf.se\/gotland\/resized\/?url=https%3A%2F%2Fwww.abf.se%2Fwp-content%2Fuploads%2Fsites%2F19%2F2024%2F04%2FDepositphotos_648668898_XL-scaled.jpg&#038;fit=crop&#038;w=144&#038;h=126&#038;s=7c917e664e8a6403d5f73fbaf5f56aae 144w, https:\/\/www.abf.se\/gotland\/resized\/?url=https%3A%2F%2Fwww.abf.se%2Fwp-content%2Fuploads%2Fsites%2F19%2F2024%2F04%2FDepositphotos_648668898_XL-scaled.jpg&#038;fit=crop&#038;w=240&#038;h=211&#038;s=16ea661e0cd5cb8d144675381386d4c3 240w, https:\/\/www.abf.se\/gotland\/resized\/?url=https%3A%2F%2Fwww.abf.se%2Fwp-content%2Fuploads%2Fsites%2F19%2F2024%2F04%2FDepositphotos_648668898_XL-scaled.jpg&#038;fit=crop&#038;w=288&#038;h=253&#038;s=bacc14fe90c6194c305f78dcb6bdec5c 288w, https:\/\/www.abf.se\/gotland\/resized\/?url=https%3A%2F%2Fwww.abf.se%2Fwp-content%2Fuploads%2Fsites%2F19%2F2024%2F04%2FDepositphotos_648668898_XL-scaled.jpg&#038;fit=crop&#038;w=336&#038;h=295&#038;s=603f1fef55b0116ccc4deac26a1fb5ca 336w, https:\/\/www.abf.se\/gotland\/resized\/?url=https%3A%2F%2Fwww.abf.se%2Fwp-content%2Fuploads%2Fsites%2F19%2F2024%2F04%2FDepositphotos_648668898_XL-scaled.jpg&#038;fit=crop&#038;w=432&#038;h=380&#038;s=d740aaebc9bf26fc1fb99342624930b0 432w, https:\/\/www.abf.se\/gotland\/resized\/?url=https%3A%2F%2Fwww.abf.se%2Fwp-content%2Fuploads%2Fsites%2F19%2F2024%2F04%2FDepositphotos_648668898_XL-scaled.jpg&#038;fit=crop&#038;w=480&#038;h=422&#038;s=1908da5a8dfb13f165d471004f808177 480w, https:\/\/www.abf.se\/gotland\/resized\/?url=https%3A%2F%2Fwww.abf.se%2Fwp-content%2Fuploads%2Fsites%2F19%2F2024%2F04%2FDepositphotos_648668898_XL-scaled.jpg&#038;fit=crop&#038;w=528&#038;h=464&#038;s=10b9cb11b431f519aed8e63bbf565186 528w, https:\/\/www.abf.se\/gotland\/resized\/?url=https%3A%2F%2Fwww.abf.se%2Fwp-content%2Fuploads%2Fsites%2F19%2F2024%2F04%2FDepositphotos_648668898_XL-scaled.jpg&#038;fit=crop&#038;w=578&#038;h=509&#038;s=537145560d978e043f6e8ef7def2f2b7 578w, https:\/\/www.abf.se\/gotland\/resized\/?url=https%3A%2F%2Fwww.abf.se%2Fwp-content%2Fuploads%2Fsites%2F19%2F2024%2F04%2FDepositphotos_648668898_XL-scaled.jpg&#038;fit=crop&#038;w=672&#038;h=591&#038;s=5b65069aa28829432eb86cd385f0b84b 672w, https:\/\/www.abf.se\/gotland\/resized\/?url=https%3A%2F%2Fwww.abf.se%2Fwp-content%2Fuploads%2Fsites%2F19%2F2024%2F04%2FDepositphotos_648668898_XL-scaled.jpg&#038;fit=crop&#038;w=864&#038;h=760&#038;s=6260d4c812d68e01ed272bba50adbbfd 864w, https:\/\/www.abf.se\/gotland\/resized\/?url=https%3A%2F%2Fwww.abf.se%2Fwp-content%2Fuploads%2Fsites%2F19%2F2024%2F04%2FDepositphotos_648668898_XL-scaled.jpg&#038;fit=crop&#038;w=1056&#038;h=929&#038;s=9034ddfc18a99e6b67a397d754306c61 1056w\" alt=\"\" height=\"509\" width=\"578\" sizes=\"auto, (max-width: 768px) 100vw,\n                (max-width: 1280px) 50vw, 578px\" loading=\"lazy\" fetchpriority=\"low\" \/><\/picture>\n\n        <\/div>\n        \n        <div class=\"w-full md:w-1\/2 md:order-1\">\n        <div class=\"mx-auto md:max-w-[368px]\">\n            <h2 class=\"heading-lg\">Prenumerera p\u00e5 nyhetsbrevet<\/h2>\n            <div class=\"mb-6 mt-4 wysiwyg\">\n                <p>Vill du ha nyhetsbrevet i din inkorg? Mejla oss via l\u00e4nken nedan s\u00e5 s\u00e4tter vi upp dig p\u00e5 prenumerationslistan!<\/p>\n\n            <\/div>\n                                            <a href='mailto:info.gotland@abf.se' class=\"default-button\" target=\"_blank\">Prenumerera<\/a>\n                    <\/div>\n        <\/div>\n    <\/div>\n<\/div><div\n    class=\"acf-article-facts-block article-container  my-8 \"\n    data-block=\"article-facts-block\"\n>\n<div class=\"bg-teal-light border border-teal p-8 rounded-corners-sm\">\n<header>\n        <h2 class=\"heading-md text-teal-dark mb-3\">\n            Tidningen F\u00f6nstret\n        <\/h2>\n    <\/header>\n    <div class=\"wysiwyg\">\n        <p>Som cirkelledare f\u00e5r du hem tidningen F\u00f6nstret i brevl\u00e5dan. Men den finns ocks\u00e5 att l\u00e4sa digitalt, <a href=\"https:\/\/fonstret.abf.se\/\" target=\"_blank\" rel=\"noopener\">se senaste numret h\u00e4r.<\/a><\/p>\n\n    <\/div>\n<\/div>\n\n<\/div>\n","protected":false},"excerpt":{"rendered":"","protected":false},"author":64,"featured_media":0,"parent":0,"menu_order":0,"comment_status":"closed","ping_status":"closed","template":"","meta":{"_acf_changed":false,"footnotes":""},"class_list":["post-85","page","type-page","status-publish","hentry"],"acf":[],"yoast_head":"<!-- This site is optimized with the Yoast SEO plugin v27.0 - https:\/\/yoast.com\/product\/yoast-seo-wordpress\/ -->\n<title>Nyhetsbrev - Gotland<\/title>\n<meta name=\"description\" content=\"ABF Gotlands eget nyhetsbrev, med senaste nytt fr\u00e5n den lokala folkbildningsfronten! H\u00e4r \u00e4r ocks\u00e5 l\u00e4nk till den utm\u00e4rkta tidningen F\u00f6nstret.\" \/>\n<meta name=\"robots\" content=\"index, follow, max-snippet:-1, max-image-preview:large, max-video-preview:-1\" \/>\n<link rel=\"canonical\" href=\"https:\/\/www.abf.se\/gotland\/nyhetsbrev\/\" \/>\n<meta property=\"og:locale\" content=\"sv_SE\" \/>\n<meta property=\"og:type\" content=\"article\" \/>\n<meta property=\"og:title\" content=\"Nyhetsbrev - Gotland\" \/>\n<meta property=\"og:description\" content=\"ABF Gotlands eget nyhetsbrev, med senaste nytt fr\u00e5n den lokala folkbildningsfronten! H\u00e4r \u00e4r ocks\u00e5 l\u00e4nk till den utm\u00e4rkta tidningen F\u00f6nstret.\" \/>\n<meta property=\"og:url\" content=\"https:\/\/www.abf.se\/gotland\/nyhetsbrev\/\" \/>\n<meta property=\"og:site_name\" content=\"Gotland\" \/>\n<meta property=\"article:modified_time\" content=\"2024-04-22T13:29:11+00:00\" \/>\n<meta property=\"og:image\" content=\"https:\/\/www.abf.se\/wp-content\/uploads\/sites\/19\/2024\/04\/Nyckeln-liggande-scaled.jpg\" \/>\n\t<meta property=\"og:image:width\" content=\"2560\" \/>\n\t<meta property=\"og:image:height\" content=\"1440\" \/>\n\t<meta property=\"og:image:type\" content=\"image\/jpeg\" \/>\n<meta name=\"twitter:card\" content=\"summary_large_image\" \/>\n<script type=\"application\/ld+json\" class=\"yoast-schema-graph\">{\"@context\":\"https:\/\/schema.org\",\"@graph\":[{\"@type\":\"WebPage\",\"@id\":\"https:\/\/www.abf.se\/gotland\/nyhetsbrev\/\",\"url\":\"https:\/\/www.abf.se\/gotland\/nyhetsbrev\/\",\"name\":\"Nyhetsbrev - Gotland\",\"isPartOf\":{\"@id\":\"https:\/\/www.abf.se\/gotland\/#website\"},\"datePublished\":\"2024-04-05T12:23:23+00:00\",\"dateModified\":\"2024-04-22T13:29:11+00:00\",\"description\":\"ABF Gotlands eget nyhetsbrev, med senaste nytt fr\u00e5n den lokala folkbildningsfronten! H\u00e4r \u00e4r ocks\u00e5 l\u00e4nk till den utm\u00e4rkta tidningen F\u00f6nstret.\",\"breadcrumb\":{\"@id\":\"https:\/\/www.abf.se\/gotland\/nyhetsbrev\/#breadcrumb\"},\"inLanguage\":\"sv-SE\",\"potentialAction\":[{\"@type\":\"ReadAction\",\"target\":[\"https:\/\/www.abf.se\/gotland\/nyhetsbrev\/\"]}]},{\"@type\":\"BreadcrumbList\",\"@id\":\"https:\/\/www.abf.se\/gotland\/nyhetsbrev\/#breadcrumb\",\"itemListElement\":[{\"@type\":\"ListItem\",\"position\":1,\"name\":\"Home\",\"item\":\"https:\/\/www.abf.se\/gotland\/\"},{\"@type\":\"ListItem\",\"position\":2,\"name\":\"Nyhetsbrev\"}]},{\"@type\":\"WebSite\",\"@id\":\"https:\/\/www.abf.se\/gotland\/#website\",\"url\":\"https:\/\/www.abf.se\/gotland\/\",\"name\":\"Gotland\",\"description\":\"\",\"potentialAction\":[{\"@type\":\"SearchAction\",\"target\":{\"@type\":\"EntryPoint\",\"urlTemplate\":\"https:\/\/www.abf.se\/gotland\/?s={search_term_string}\"},\"query-input\":{\"@type\":\"PropertyValueSpecification\",\"valueRequired\":true,\"valueName\":\"search_term_string\"}}],\"inLanguage\":\"sv-SE\"}]}<\/script>\n<!-- \/ Yoast SEO plugin. -->","yoast_head_json":{"title":"Nyhetsbrev - Gotland","description":"ABF Gotlands eget nyhetsbrev, med senaste nytt fr\u00e5n den lokala folkbildningsfronten! H\u00e4r \u00e4r ocks\u00e5 l\u00e4nk till den utm\u00e4rkta tidningen F\u00f6nstret.","robots":{"index":"index","follow":"follow","max-snippet":"max-snippet:-1","max-image-preview":"max-image-preview:large","max-video-preview":"max-video-preview:-1"},"canonical":"https:\/\/www.abf.se\/gotland\/nyhetsbrev\/","og_locale":"sv_SE","og_type":"article","og_title":"Nyhetsbrev - Gotland","og_description":"ABF Gotlands eget nyhetsbrev, med senaste nytt fr\u00e5n den lokala folkbildningsfronten! H\u00e4r \u00e4r ocks\u00e5 l\u00e4nk till den utm\u00e4rkta tidningen F\u00f6nstret.","og_url":"https:\/\/www.abf.se\/gotland\/nyhetsbrev\/","og_site_name":"Gotland","article_modified_time":"2024-04-22T13:29:11+00:00","og_image":[{"width":2560,"height":1440,"url":"https:\/\/www.abf.se\/wp-content\/uploads\/sites\/19\/2024\/04\/Nyckeln-liggande-scaled.jpg","type":"image\/jpeg"}],"twitter_card":"summary_large_image","schema":{"@context":"https:\/\/schema.org","@graph":[{"@type":"WebPage","@id":"https:\/\/www.abf.se\/gotland\/nyhetsbrev\/","url":"https:\/\/www.abf.se\/gotland\/nyhetsbrev\/","name":"Nyhetsbrev - Gotland","isPartOf":{"@id":"https:\/\/www.abf.se\/gotland\/#website"},"datePublished":"2024-04-05T12:23:23+00:00","dateModified":"2024-04-22T13:29:11+00:00","description":"ABF Gotlands eget nyhetsbrev, med senaste nytt fr\u00e5n den lokala folkbildningsfronten! H\u00e4r \u00e4r ocks\u00e5 l\u00e4nk till den utm\u00e4rkta tidningen F\u00f6nstret.","breadcrumb":{"@id":"https:\/\/www.abf.se\/gotland\/nyhetsbrev\/#breadcrumb"},"inLanguage":"sv-SE","potentialAction":[{"@type":"ReadAction","target":["https:\/\/www.abf.se\/gotland\/nyhetsbrev\/"]}]},{"@type":"BreadcrumbList","@id":"https:\/\/www.abf.se\/gotland\/nyhetsbrev\/#breadcrumb","itemListElement":[{"@type":"ListItem","position":1,"name":"Home","item":"https:\/\/www.abf.se\/gotland\/"},{"@type":"ListItem","position":2,"name":"Nyhetsbrev"}]},{"@type":"WebSite","@id":"https:\/\/www.abf.se\/gotland\/#website","url":"https:\/\/www.abf.se\/gotland\/","name":"Gotland","description":"","potentialAction":[{"@type":"SearchAction","target":{"@type":"EntryPoint","urlTemplate":"https:\/\/www.abf.se\/gotland\/?s={search_term_string}"},"query-input":{"@type":"PropertyValueSpecification","valueRequired":true,"valueName":"search_term_string"}}],"inLanguage":"sv-SE"}]}},"_links":{"self":[{"href":"https:\/\/www.abf.se\/gotland\/wp-json\/wp\/v2\/pages\/85","targetHints":{"allow":["GET"]}}],"collection":[{"href":"https:\/\/www.abf.se\/gotland\/wp-json\/wp\/v2\/pages"}],"about":[{"href":"https:\/\/www.abf.se\/gotland\/wp-json\/wp\/v2\/types\/page"}],"author":[{"embeddable":true,"href":"https:\/\/www.abf.se\/gotland\/wp-json\/wp\/v2\/users\/64"}],"replies":[{"embeddable":true,"href":"https:\/\/www.abf.se\/gotland\/wp-json\/wp\/v2\/comments?post=85"}],"version-history":[{"count":21,"href":"https:\/\/www.abf.se\/gotland\/wp-json\/wp\/v2\/pages\/85\/revisions"}],"predecessor-version":[{"id":218,"href":"https:\/\/www.abf.se\/gotland\/wp-json\/wp\/v2\/pages\/85\/revisions\/218"}],"wp:attachment":[{"href":"https:\/\/www.abf.se\/gotland\/wp-json\/wp\/v2\/media?parent=85"}],"curies":[{"name":"wp","href":"https:\/\/api.w.org\/{rel}","templated":true}]}}