{"id":90,"date":"2024-04-05T14:25:56","date_gmt":"2024-04-05T12:25:56","guid":{"rendered":"https:\/\/www.abf.se\/gotland\/?page_id=90"},"modified":"2024-04-22T15:28:06","modified_gmt":"2024-04-22T13:28:06","slug":"medlemsorganisationer","status":"publish","type":"page","link":"https:\/\/www.abf.se\/gotland\/medlemsorganisationer\/","title":{"rendered":"Medlemsorganisationer"},"content":{"rendered":"<div\n    class=\"acf-hero-block container-lg no-padding mb-12 js-geolocation\"\n    data-block=\"hero-block\"\n    data-index=\"0\"\n>\n    <div class=\"h-[548px]  relative rounded-[32px] overflow-hidden flex bg-gray-light\">\n        <div class=\"relative z-10 mt-auto h-auto w-full md:h-full\">\n            <div class=\"flex w-full h-full flex-col flex-wrap justify-end w-full md:w-7\/12 lg:w-1\/2 md:justify-center\">\n                <div class=\"flex flex-col gap-3 md:gap-[18px] md:transparent pt-16 pb-36 md:py-8 px-4 w-full md:max-w-[620px] mx-auto px-8\">\n\n                    <h1 class=\"hero-heading\"><span>V\u00e5ra medlems- och samverkansorganisationer<\/span><\/h1>\n\n                    \n                                    <\/div>\n            <\/div>\n        <\/div>\n\n                    <picture class=\"as-background-image mix-blend-multiply bg-black\/40\"><img decoding=\"async\" src=\"https:\/\/www.abf.se\/gotland\/resized\/?url=https%3A%2F%2Fwww.abf.se%2Fwp-content%2Fuploads%2F2024%2F04%2FForeningskunskap-Styrelsearbete-03.jpg&#038;fit=crop&#038;w=1440&#038;s=4f1a85f5ae2b050b47262ca974878c6d\" srcset=\"https:\/\/www.abf.se\/gotland\/resized\/?url=https%3A%2F%2Fwww.abf.se%2Fwp-content%2Fuploads%2F2024%2F04%2FForeningskunskap-Styrelsearbete-03.jpg&#038;fit=crop&#038;w=375&#038;h=540&#038;s=bca49f8c2fdd73ed03988f27fcc315ca 375w, https:\/\/www.abf.se\/gotland\/resized\/?url=https%3A%2F%2Fwww.abf.se%2Fwp-content%2Fuploads%2F2024%2F04%2FForeningskunskap-Styrelsearbete-03.jpg&#038;fit=crop&#038;w=447&#038;h=540&#038;s=92dc35e29dcb0dd962bdae3414c34cca 447w, https:\/\/www.abf.se\/gotland\/resized\/?url=https%3A%2F%2Fwww.abf.se%2Fwp-content%2Fuploads%2F2024%2F04%2FForeningskunskap-Styrelsearbete-03.jpg&#038;fit=crop&#038;w=519&#038;h=540&#038;s=bf7a9bc7ebe672e7e627d2ab8b4fa968 519w, https:\/\/www.abf.se\/gotland\/resized\/?url=https%3A%2F%2Fwww.abf.se%2Fwp-content%2Fuploads%2F2024%2F04%2FForeningskunskap-Styrelsearbete-03.jpg&#038;fit=crop&#038;w=591&#038;h=540&#038;s=8b6c779d48a9bdea9f0b83846958485e 591w, https:\/\/www.abf.se\/gotland\/resized\/?url=https%3A%2F%2Fwww.abf.se%2Fwp-content%2Fuploads%2F2024%2F04%2FForeningskunskap-Styrelsearbete-03.jpg&#038;fit=crop&#038;w=663&#038;h=540&#038;s=adb42fa063c96e290b08f438b40c5055 663w, https:\/\/www.abf.se\/gotland\/resized\/?url=https%3A%2F%2Fwww.abf.se%2Fwp-content%2Fuploads%2F2024%2F04%2FForeningskunskap-Styrelsearbete-03.jpg&#038;fit=crop&#038;w=750&#038;h=540&#038;s=370a003fdae40eabbc532ab9aa97339b 750w, https:\/\/www.abf.se\/gotland\/resized\/?url=https%3A%2F%2Fwww.abf.se%2Fwp-content%2Fuploads%2F2024%2F04%2FForeningskunskap-Styrelsearbete-03.jpg&#038;fit=crop&#038;w=894&#038;h=540&#038;s=f557ad4f868bb78d78869795016d5a49 894w, https:\/\/www.abf.se\/gotland\/resized\/?url=https%3A%2F%2Fwww.abf.se%2Fwp-content%2Fuploads%2F2024%2F04%2FForeningskunskap-Styrelsearbete-03.jpg&#038;fit=crop&#038;w=1038&#038;h=540&#038;s=4e0ff66496a3640ad95af18640e7c393 1038w, https:\/\/www.abf.se\/gotland\/resized\/?url=https%3A%2F%2Fwww.abf.se%2Fwp-content%2Fuploads%2F2024%2F04%2FForeningskunskap-Styrelsearbete-03.jpg&#038;fit=crop&#038;w=1182&#038;h=540&#038;s=4bba049d6154812ec38c3f6448d1e947 1182w, https:\/\/www.abf.se\/gotland\/resized\/?url=https%3A%2F%2Fwww.abf.se%2Fwp-content%2Fuploads%2F2024%2F04%2FForeningskunskap-Styrelsearbete-03.jpg&#038;fit=crop&#038;w=1326&#038;h=540&#038;s=59c502d3f9a7870ef0f8478a170f4a01 1326w, https:\/\/www.abf.se\/gotland\/resized\/?url=https%3A%2F%2Fwww.abf.se%2Fwp-content%2Fuploads%2F2024%2F04%2FForeningskunskap-Styrelsearbete-03.jpg&#038;fit=crop&#038;w=1440&#038;h=540&#038;s=6415353016575c7614e91e4d61260709 1440w\" alt=\"\" height=\"540\" width=\"1440\" sizes=\"(max-width: 1440px) calc(100vw - 32px), 1440px\" loading=\"eager\" fetchpriority=\"high\" aria-hidden=\"true\" role=\"presentation\" \/><\/picture>\n        \n\n            <\/div>\n\n    <\/div>\n\n<ul\n    class=\"acf-article-accordion-block accordion-group grid gap-4 my-12 article-container\"\n    data-block=\"article-accordion-block \"\n    data-ui-accordion-group\n>\n\n            <li class=\"accordion\" data-ui-accordion data-ui-accordion-open=\"false\">\n        <h3>\n        <button data-ui-accordion-button class=\"accordion-toggle font-bold\" aria-expanded=\"false\" aria-controls=\"row-medlemsochsamverkansorganisationer-0\" id=\"medlemsochsamverkansorganisationer-0\">\n            Medlems- och samverkansorganisationer\n            \n            <figure class=\"w-4.5 h-4.5\" aria-hidden=\"true\">\n            <svg width=\"20\" height=\"20\" viewBox=\"0 0 20 20\" fill=\"none\"\nclass=\"SvgIconElement\">\n<path d=\"M15.8333 7.16667L9.99992 13L4.16659 7.16667\" stroke=\"currentColor\"\/>\n<\/svg>\n            <\/figure>\n        <\/button>\n        \n                <\/h3>\n        <div class=\"accordion-content\">\n            <div id=\"row-medlemsochsamverkansorganisationer-0\" role=\"region\" class=\"accordion-content-wrap\" aria-labelledby=\"medlemsochsamverkansorganisationer-0\">\n                                            <div class=\"wysiwyg\">\n                    <p>FACKLIGA ORGANISATIONER<br \/>\nFastighetsanst\u00e4lldas f\u00f6rbund, region \u00d6st<br \/>\nGS avd 3 \u00d6st<br \/>\nHandelsanst\u00e4lldas f\u00f6rbund avd 20<br \/>\nHotell- och restaurangfacket avdelning 02<br \/>\nIF Metall avd 38 Dackebygden Gotlandssektionen<br \/>\nLO-distriktet Gotland<br \/>\nSEKO Stockholm-Gotland<br \/>\nSv Byggnadsarbetaref\u00f6rbundet Stockholm Gotland<br \/>\nSv Elektrikerf\u00f6rbundet avd 1<br \/>\nSv Kommunalarbetaref\u00f6rbundet Gotland<br \/>\nSv Livsmedelsarbetaref\u00f6rbundet, region \u00d6st<br \/>\nSv Transportarbetaref\u00f6rbundet avd 16<\/p>\n<p>POLITISKA PARTIER MED UNDER- OCH SIDOORGANISATIONER<br \/>\nSocialdemokraterna Gotland (partidistriktet)<br \/>\n65+ socialdemokratiska f\u00f6rening<br \/>\nGr\u00e5bo Bingeby socialdemokratiska f\u00f6rening<br \/>\nKulturpolitiska s-f\u00f6reningen<br \/>\nMellersta Gotland socialdemokratiska f\u00f6rening<br \/>\nSlite L\u00e4rbro socialdemokratiska f\u00f6rening<br \/>\nSyd\u00f6stra Gotland socialdemokratiska f\u00f6rening<br \/>\nTingst\u00e4de Stenkyrka socialdemokratiska f\u00f6rening<br \/>\nVisby socialdemokratiska f\u00f6rening<br \/>\nV\u00e4skinde-Bro socialdemokratiska f\u00f6rening<br \/>\nV\u00e4sterhejde socialdemokratiska f\u00f6rening<br \/>\nV\u00e4stra Gotland socialdemokratiska f\u00f6rening<br \/>\nSSKF Kvinnodistriktet Gotland<br \/>\nSSU Gotland<br \/>\nTro och Solidaritet Gotland<br \/>\nV\u00e4nsterpartiet Gotland<\/p>\n<p>KOOPERATIVA OCH BOSTADSORGANISATIONER<br \/>\nCoop Gotland<br \/>\nHyresg\u00e4stf\u00f6reningen Region Sydost<br \/>\nRiksbyggens BRFs intressef\u00f6rening<\/p>\n<p>FUNKTIONSVARIATIONSR\u00d6RELSEN<br \/>\nBr\u00f6stcancerf\u00f6reningen Rosa<br \/>\nDHR &#8211; F\u00f6rbundet f\u00f6r ett samh\u00e4lle utan gr\u00e4nser, Gotland<br \/>\nFunkisam Gotland<br \/>\nGotlands Diabetesf\u00f6rening<br \/>\nGotlands D\u00f6vas f\u00f6rening<br \/>\nGotlands Fibromyalgif\u00f6rening<br \/>\nHj\u00e4rtLung l\u00e4nsf\u00f6rening Gotland<br \/>\nH\u00f6rselskadades f\u00f6rening Gotland<br \/>\nParkinson Gotland<br \/>\nPsoriasisf\u00f6rbundet gotlands l\u00e4n<br \/>\nReumatikerdistriktet Gotland<br \/>\nRSMH Gotland<br \/>\nSynskadades Riksf\u00f6rbund Gotland<\/p>\n<p>PENSION\u00c4RSORGANISATIONER<br \/>\nPRO-distriktet<br \/>\nPRO Byggfacken<br \/>\nPRO Hangvar-Hall<br \/>\nPRO Hemseorten<br \/>\nPRO Hoburg<br \/>\nPRO Klintebygden<br \/>\nPRO Ljugarn<br \/>\nPRO Roma<br \/>\nPRO Slite<br \/>\nPRO St\u00e5nga-Burs<br \/>\nPRO Tingst\u00e4de<br \/>\nPRO Visby<br \/>\nProtos Pension\u00e4rsf\u00f6rening<br \/>\nSKPF Gotland<\/p>\n<p>FRIA GRUPPER<br \/>\nAqua Ladies<br \/>\nGambaensemblen Bona Speranza<br \/>\nGotlands Balalajkaorkester<br \/>\nGotlands Internationella Folkdansklubb<br \/>\nGotlands V\u00e4vare<br \/>\nKviltk\u00e4llingarna<br \/>\nK\u00f6lenm\u00e5larna<br \/>\nTextilkalas<\/p>\n<p>ANDRA SAMVERKANSPARTER OCH \u00d6VRIGA SAMARBETEN<br \/>\nAlmedalsbiblioteket<br \/>\nBokhandeln Wessman &amp; Pettersson<br \/>\nEvergreenk\u00f6ren<br \/>\nGotlands Sinfonietta<br \/>\nGotlandsMusiken<br \/>\nGr\u00e5bobiblioteket<br \/>\nGutars B\u00e5gskyttar<br \/>\nMedeltidsf\u00f6reningen Styringheim<br \/>\nMissing People<br \/>\nN\u00e4s Hundcenter<br \/>\nSlite Sj\u00f6fartsmuseum<br \/>\nVattenakademin ek.f\u00f6r.<br \/>\nUnga \u00d6rnar<\/p>\n\n                <\/div>\n                                        <\/div>\n        <\/div>\n    <\/li>\n    <\/ul>\n<div\n    class=\"acf-article-image-block mb-12 article-container-lg\"\n    data-block=\"article-image-block\"\n>\n<div class=\"\">\n\n        <figure>\n        \n            <picture class=\"round-corners-lg w-full\"><img decoding=\"async\" src=\"https:\/\/www.abf.se\/gotland\/resized\/?url=https%3A%2F%2Fwww.abf.se%2Fwp-content%2Fuploads%2Fsites%2F19%2F2024%2F04%2FBild-1024pxl.jpg&#038;fit=contain&#038;w=788&#038;s=63c753c21f9f0f920dca5f3b9d54b4ca\" srcset=\"https:\/\/www.abf.se\/gotland\/resized\/?url=https%3A%2F%2Fwww.abf.se%2Fwp-content%2Fuploads%2Fsites%2F19%2F2024%2F04%2FBild-1024pxl.jpg&#038;fit=contain&#038;w=375&#038;h=265&#038;s=e9b7690e4f3549bdf9af4e38b93879dd 375w, https:\/\/www.abf.se\/gotland\/resized\/?url=https%3A%2F%2Fwww.abf.se%2Fwp-content%2Fuploads%2Fsites%2F19%2F2024%2F04%2FBild-1024pxl.jpg&#038;fit=contain&#038;w=447&#038;h=316&#038;s=fa2cde11338dd4b6b7db2519d6cae710 447w, https:\/\/www.abf.se\/gotland\/resized\/?url=https%3A%2F%2Fwww.abf.se%2Fwp-content%2Fuploads%2Fsites%2F19%2F2024%2F04%2FBild-1024pxl.jpg&#038;fit=contain&#038;w=519&#038;h=367&#038;s=dd7edc3162d9f2f37453d33f092180bf 519w, https:\/\/www.abf.se\/gotland\/resized\/?url=https%3A%2F%2Fwww.abf.se%2Fwp-content%2Fuploads%2Fsites%2F19%2F2024%2F04%2FBild-1024pxl.jpg&#038;fit=contain&#038;w=591&#038;h=418&#038;s=1a923a3e14dc730f39f8a4b02aff4ac2 591w, https:\/\/www.abf.se\/gotland\/resized\/?url=https%3A%2F%2Fwww.abf.se%2Fwp-content%2Fuploads%2Fsites%2F19%2F2024%2F04%2FBild-1024pxl.jpg&#038;fit=contain&#038;w=663&#038;h=469&#038;s=140c4e3a701a49ada2647c74b5d970e7 663w, https:\/\/www.abf.se\/gotland\/resized\/?url=https%3A%2F%2Fwww.abf.se%2Fwp-content%2Fuploads%2Fsites%2F19%2F2024%2F04%2FBild-1024pxl.jpg&#038;fit=contain&#038;w=735&#038;h=520&#038;s=0f03af5f52ef8e9f62640b8d8baeea9a 735w, https:\/\/www.abf.se\/gotland\/resized\/?url=https%3A%2F%2Fwww.abf.se%2Fwp-content%2Fuploads%2Fsites%2F19%2F2024%2F04%2FBild-1024pxl.jpg&#038;fit=contain&#038;w=750&#038;h=531&#038;s=2308e115ad9da7247cc2038b37cfbf71 750w, https:\/\/www.abf.se\/gotland\/resized\/?url=https%3A%2F%2Fwww.abf.se%2Fwp-content%2Fuploads%2Fsites%2F19%2F2024%2F04%2FBild-1024pxl.jpg&#038;fit=contain&#038;w=788&#038;s=63c753c21f9f0f920dca5f3b9d54b4ca 788w, https:\/\/www.abf.se\/gotland\/resized\/?url=https%3A%2F%2Fwww.abf.se%2Fwp-content%2Fuploads%2Fsites%2F19%2F2024%2F04%2FBild-1024pxl.jpg&#038;fit=contain&#038;w=894&#038;h=633&#038;s=1948e6f151bde0875809a991ef32de19 894w, https:\/\/www.abf.se\/gotland\/resized\/?url=https%3A%2F%2Fwww.abf.se%2Fwp-content%2Fuploads%2Fsites%2F19%2F2024%2F04%2FBild-1024pxl.jpg&#038;fit=contain&#038;w=1038&#038;h=735&#038;s=618eedff38182e316162d702ea05f18d 1038w, https:\/\/www.abf.se\/gotland\/resized\/?url=https%3A%2F%2Fwww.abf.se%2Fwp-content%2Fuploads%2Fsites%2F19%2F2024%2F04%2FBild-1024pxl.jpg&#038;fit=contain&#038;w=1182&#038;h=837&#038;s=70c1e1b321fcb24c8eb6a9327ff8aeb8 1182w, https:\/\/www.abf.se\/gotland\/resized\/?url=https%3A%2F%2Fwww.abf.se%2Fwp-content%2Fuploads%2Fsites%2F19%2F2024%2F04%2FBild-1024pxl.jpg&#038;fit=contain&#038;w=1326&#038;h=938&#038;s=edc82ff80406f477e6c32c6a64a2a73d 1326w, https:\/\/www.abf.se\/gotland\/resized\/?url=https%3A%2F%2Fwww.abf.se%2Fwp-content%2Fuploads%2Fsites%2F19%2F2024%2F04%2FBild-1024pxl.jpg&#038;fit=contain&#038;w=1470&#038;h=1040&#038;s=8be54ade9a7eea5d548ced85eb309582 1470w\" alt=\"\" height=\"558\" width=\"788\" sizes=\"auto, (max-width: 768px) calc(100vw - 40px), 788px\" loading=\"lazy\" fetchpriority=\"low\" class=\"round-corners-lg w-full\" \/><\/picture>\n                        <\/figure>\n        <\/div>\n\n<\/div>\n","protected":false},"excerpt":{"rendered":"","protected":false},"author":64,"featured_media":0,"parent":0,"menu_order":0,"comment_status":"closed","ping_status":"closed","template":"","meta":{"_acf_changed":false,"footnotes":""},"class_list":["post-90","page","type-page","status-publish","hentry"],"acf":[],"yoast_head":"<!-- This site is optimized with the Yoast SEO plugin v27.0 - https:\/\/yoast.com\/product\/yoast-seo-wordpress\/ -->\n<title>Medlemsorganisationer - Gotland<\/title>\n<meta name=\"description\" content=\"Utan medlems- och samverkansorganisationerna vore ABF ingenting. Det \u00e4r d\u00e4r det h\u00e4nder, s\u00e5v\u00e4l cirklar som kultur.\" \/>\n<meta name=\"robots\" content=\"index, follow, max-snippet:-1, max-image-preview:large, max-video-preview:-1\" \/>\n<link rel=\"canonical\" href=\"https:\/\/www.abf.se\/gotland\/medlemsorganisationer\/\" \/>\n<meta property=\"og:locale\" content=\"sv_SE\" \/>\n<meta property=\"og:type\" content=\"article\" \/>\n<meta property=\"og:title\" content=\"Medlemsorganisationer - Gotland\" \/>\n<meta property=\"og:description\" content=\"Utan medlems- och samverkansorganisationerna vore ABF ingenting. Det \u00e4r d\u00e4r det h\u00e4nder, s\u00e5v\u00e4l cirklar som kultur.\" \/>\n<meta property=\"og:url\" content=\"https:\/\/www.abf.se\/gotland\/medlemsorganisationer\/\" \/>\n<meta property=\"og:site_name\" content=\"Gotland\" \/>\n<meta property=\"article:modified_time\" content=\"2024-04-22T13:28:06+00:00\" \/>\n<meta property=\"og:image\" content=\"https:\/\/www.abf.se\/wp-content\/uploads\/sites\/19\/2024\/04\/Nyckeln-liggande-scaled.jpg\" \/>\n\t<meta property=\"og:image:width\" content=\"2560\" \/>\n\t<meta property=\"og:image:height\" content=\"1440\" \/>\n\t<meta property=\"og:image:type\" content=\"image\/jpeg\" \/>\n<meta name=\"twitter:card\" content=\"summary_large_image\" \/>\n<script type=\"application\/ld+json\" class=\"yoast-schema-graph\">{\"@context\":\"https:\/\/schema.org\",\"@graph\":[{\"@type\":\"WebPage\",\"@id\":\"https:\/\/www.abf.se\/gotland\/medlemsorganisationer\/\",\"url\":\"https:\/\/www.abf.se\/gotland\/medlemsorganisationer\/\",\"name\":\"Medlemsorganisationer - Gotland\",\"isPartOf\":{\"@id\":\"https:\/\/www.abf.se\/gotland\/#website\"},\"datePublished\":\"2024-04-05T12:25:56+00:00\",\"dateModified\":\"2024-04-22T13:28:06+00:00\",\"description\":\"Utan medlems- och samverkansorganisationerna vore ABF ingenting. Det \u00e4r d\u00e4r det h\u00e4nder, s\u00e5v\u00e4l cirklar som kultur.\",\"breadcrumb\":{\"@id\":\"https:\/\/www.abf.se\/gotland\/medlemsorganisationer\/#breadcrumb\"},\"inLanguage\":\"sv-SE\",\"potentialAction\":[{\"@type\":\"ReadAction\",\"target\":[\"https:\/\/www.abf.se\/gotland\/medlemsorganisationer\/\"]}]},{\"@type\":\"BreadcrumbList\",\"@id\":\"https:\/\/www.abf.se\/gotland\/medlemsorganisationer\/#breadcrumb\",\"itemListElement\":[{\"@type\":\"ListItem\",\"position\":1,\"name\":\"Home\",\"item\":\"https:\/\/www.abf.se\/gotland\/\"},{\"@type\":\"ListItem\",\"position\":2,\"name\":\"Medlemsorganisationer\"}]},{\"@type\":\"WebSite\",\"@id\":\"https:\/\/www.abf.se\/gotland\/#website\",\"url\":\"https:\/\/www.abf.se\/gotland\/\",\"name\":\"Gotland\",\"description\":\"\",\"potentialAction\":[{\"@type\":\"SearchAction\",\"target\":{\"@type\":\"EntryPoint\",\"urlTemplate\":\"https:\/\/www.abf.se\/gotland\/?s={search_term_string}\"},\"query-input\":{\"@type\":\"PropertyValueSpecification\",\"valueRequired\":true,\"valueName\":\"search_term_string\"}}],\"inLanguage\":\"sv-SE\"}]}<\/script>\n<!-- \/ Yoast SEO plugin. -->","yoast_head_json":{"title":"Medlemsorganisationer - Gotland","description":"Utan medlems- och samverkansorganisationerna vore ABF ingenting. Det \u00e4r d\u00e4r det h\u00e4nder, s\u00e5v\u00e4l cirklar som kultur.","robots":{"index":"index","follow":"follow","max-snippet":"max-snippet:-1","max-image-preview":"max-image-preview:large","max-video-preview":"max-video-preview:-1"},"canonical":"https:\/\/www.abf.se\/gotland\/medlemsorganisationer\/","og_locale":"sv_SE","og_type":"article","og_title":"Medlemsorganisationer - Gotland","og_description":"Utan medlems- och samverkansorganisationerna vore ABF ingenting. Det \u00e4r d\u00e4r det h\u00e4nder, s\u00e5v\u00e4l cirklar som kultur.","og_url":"https:\/\/www.abf.se\/gotland\/medlemsorganisationer\/","og_site_name":"Gotland","article_modified_time":"2024-04-22T13:28:06+00:00","og_image":[{"width":2560,"height":1440,"url":"https:\/\/www.abf.se\/wp-content\/uploads\/sites\/19\/2024\/04\/Nyckeln-liggande-scaled.jpg","type":"image\/jpeg"}],"twitter_card":"summary_large_image","schema":{"@context":"https:\/\/schema.org","@graph":[{"@type":"WebPage","@id":"https:\/\/www.abf.se\/gotland\/medlemsorganisationer\/","url":"https:\/\/www.abf.se\/gotland\/medlemsorganisationer\/","name":"Medlemsorganisationer - Gotland","isPartOf":{"@id":"https:\/\/www.abf.se\/gotland\/#website"},"datePublished":"2024-04-05T12:25:56+00:00","dateModified":"2024-04-22T13:28:06+00:00","description":"Utan medlems- och samverkansorganisationerna vore ABF ingenting. Det \u00e4r d\u00e4r det h\u00e4nder, s\u00e5v\u00e4l cirklar som kultur.","breadcrumb":{"@id":"https:\/\/www.abf.se\/gotland\/medlemsorganisationer\/#breadcrumb"},"inLanguage":"sv-SE","potentialAction":[{"@type":"ReadAction","target":["https:\/\/www.abf.se\/gotland\/medlemsorganisationer\/"]}]},{"@type":"BreadcrumbList","@id":"https:\/\/www.abf.se\/gotland\/medlemsorganisationer\/#breadcrumb","itemListElement":[{"@type":"ListItem","position":1,"name":"Home","item":"https:\/\/www.abf.se\/gotland\/"},{"@type":"ListItem","position":2,"name":"Medlemsorganisationer"}]},{"@type":"WebSite","@id":"https:\/\/www.abf.se\/gotland\/#website","url":"https:\/\/www.abf.se\/gotland\/","name":"Gotland","description":"","potentialAction":[{"@type":"SearchAction","target":{"@type":"EntryPoint","urlTemplate":"https:\/\/www.abf.se\/gotland\/?s={search_term_string}"},"query-input":{"@type":"PropertyValueSpecification","valueRequired":true,"valueName":"search_term_string"}}],"inLanguage":"sv-SE"}]}},"_links":{"self":[{"href":"https:\/\/www.abf.se\/gotland\/wp-json\/wp\/v2\/pages\/90","targetHints":{"allow":["GET"]}}],"collection":[{"href":"https:\/\/www.abf.se\/gotland\/wp-json\/wp\/v2\/pages"}],"about":[{"href":"https:\/\/www.abf.se\/gotland\/wp-json\/wp\/v2\/types\/page"}],"author":[{"embeddable":true,"href":"https:\/\/www.abf.se\/gotland\/wp-json\/wp\/v2\/users\/64"}],"replies":[{"embeddable":true,"href":"https:\/\/www.abf.se\/gotland\/wp-json\/wp\/v2\/comments?post=90"}],"version-history":[{"count":12,"href":"https:\/\/www.abf.se\/gotland\/wp-json\/wp\/v2\/pages\/90\/revisions"}],"predecessor-version":[{"id":211,"href":"https:\/\/www.abf.se\/gotland\/wp-json\/wp\/v2\/pages\/90\/revisions\/211"}],"wp:attachment":[{"href":"https:\/\/www.abf.se\/gotland\/wp-json\/wp\/v2\/media?parent=90"}],"curies":[{"name":"wp","href":"https:\/\/api.w.org\/{rel}","templated":true}]}}