{"id":1464,"date":"2024-06-10T10:35:04","date_gmt":"2024-06-10T08:35:04","guid":{"rendered":"https:\/\/www.abf.se\/halland\/?page_id=1464"},"modified":"2025-12-16T10:58:04","modified_gmt":"2025-12-16T09:58:04","slug":"filmklubben","status":"publish","type":"page","link":"https:\/\/www.abf.se\/halland\/filmklubben\/","title":{"rendered":"Filmklubben"},"content":{"rendered":"<div\n    class=\"acf-hero-block container-lg no-padding mb-12 js-geolocation\"\n    data-block=\"hero-block\"\n    data-index=\"0\"\n>\n    <div class=\"h-[548px]  relative rounded-[32px] overflow-hidden flex bg-gray-light\">\n        <div class=\"relative z-10 mt-auto h-auto w-full md:h-full\">\n            <div class=\"flex w-full h-full flex-col flex-wrap justify-end w-full md:w-7\/12 lg:w-1\/2 md:justify-center\">\n                <div class=\"flex flex-col gap-3 md:gap-[18px] md:transparent pt-16 pb-36 md:py-8 px-4 w-full md:max-w-[620px] mx-auto px-8\">\n\n                    <h1 class=\"hero-heading hero-heading--red-text\"><span>Filmklubben i Halmstad v\u00e5ren 2026<\/span><\/h1>\n\n                                            <p class=\"mt-4 max-w-[48ch] text-white\">\n                            Tillsammans tittar vi p\u00e5 film, \u00e4ter popcorn och dricker l\u00e4sk samtidigt. Till skillnad fr\u00e5n n\u00e4r man \u00e4r p\u00e5 vanlig bio beh\u00f6ver man inte vara tyst hela tiden n\u00e4r man ser p\u00e5 filmen, tv\u00e4rtom f\u00e5r man g\u00e4rna prata om det man ser.\n                        <\/p>\n                    \n                                    <\/div>\n            <\/div>\n        <\/div>\n\n                    <picture class=\"as-background-image mix-blend-multiply bg-black\/40\"><img decoding=\"async\" src=\"https:\/\/www.abf.se\/halland\/resized\/?url=https%3A%2F%2Fwww.abf.se%2Fwp-content%2Fuploads%2Fsites%2F23%2F2025%2F11%2FKopia-av-Namnlos-design.png&#038;fit=crop&#038;w=1440&#038;s=2dd00f8f73d640493b45df8be77eb78a\" srcset=\"https:\/\/www.abf.se\/halland\/resized\/?url=https%3A%2F%2Fwww.abf.se%2Fwp-content%2Fuploads%2Fsites%2F23%2F2025%2F11%2FKopia-av-Namnlos-design.png&#038;fit=crop&#038;w=375&#038;h=540&#038;s=ef7b6f65f16294123d68f892dd008582 375w, https:\/\/www.abf.se\/halland\/resized\/?url=https%3A%2F%2Fwww.abf.se%2Fwp-content%2Fuploads%2Fsites%2F23%2F2025%2F11%2FKopia-av-Namnlos-design.png&#038;fit=crop&#038;w=447&#038;h=540&#038;s=416f4c34da76241f02f24bc3a16b6743 447w, https:\/\/www.abf.se\/halland\/resized\/?url=https%3A%2F%2Fwww.abf.se%2Fwp-content%2Fuploads%2Fsites%2F23%2F2025%2F11%2FKopia-av-Namnlos-design.png&#038;fit=crop&#038;w=519&#038;h=540&#038;s=866c35481fd5dc0f42a779fb3c205e17 519w, https:\/\/www.abf.se\/halland\/resized\/?url=https%3A%2F%2Fwww.abf.se%2Fwp-content%2Fuploads%2Fsites%2F23%2F2025%2F11%2FKopia-av-Namnlos-design.png&#038;fit=crop&#038;w=591&#038;h=540&#038;s=987637c83e588cd0c992c9eccd7c78c3 591w, https:\/\/www.abf.se\/halland\/resized\/?url=https%3A%2F%2Fwww.abf.se%2Fwp-content%2Fuploads%2Fsites%2F23%2F2025%2F11%2FKopia-av-Namnlos-design.png&#038;fit=crop&#038;w=663&#038;h=540&#038;s=46c8c3df3eecc4199c7a2ea7c5f2b22b 663w, https:\/\/www.abf.se\/halland\/resized\/?url=https%3A%2F%2Fwww.abf.se%2Fwp-content%2Fuploads%2Fsites%2F23%2F2025%2F11%2FKopia-av-Namnlos-design.png&#038;fit=crop&#038;w=750&#038;h=540&#038;s=7a352f1d76cd8024eb03d891a02d8ea9 750w, https:\/\/www.abf.se\/halland\/resized\/?url=https%3A%2F%2Fwww.abf.se%2Fwp-content%2Fuploads%2Fsites%2F23%2F2025%2F11%2FKopia-av-Namnlos-design.png&#038;fit=crop&#038;w=894&#038;h=540&#038;s=5dfc5e4554e20e1f1c09e87045607334 894w, https:\/\/www.abf.se\/halland\/resized\/?url=https%3A%2F%2Fwww.abf.se%2Fwp-content%2Fuploads%2Fsites%2F23%2F2025%2F11%2FKopia-av-Namnlos-design.png&#038;fit=crop&#038;w=1038&#038;h=540&#038;s=beba7ea5b46de6df9855b1633bbb7285 1038w, https:\/\/www.abf.se\/halland\/resized\/?url=https%3A%2F%2Fwww.abf.se%2Fwp-content%2Fuploads%2Fsites%2F23%2F2025%2F11%2FKopia-av-Namnlos-design.png&#038;fit=crop&#038;w=1182&#038;h=540&#038;s=897030caf9c1a3a4608c89ca1b412554 1182w, https:\/\/www.abf.se\/halland\/resized\/?url=https%3A%2F%2Fwww.abf.se%2Fwp-content%2Fuploads%2Fsites%2F23%2F2025%2F11%2FKopia-av-Namnlos-design.png&#038;fit=crop&#038;w=1326&#038;h=540&#038;s=75195fbb8c05725c110da91024309d27 1326w, https:\/\/www.abf.se\/halland\/resized\/?url=https%3A%2F%2Fwww.abf.se%2Fwp-content%2Fuploads%2Fsites%2F23%2F2025%2F11%2FKopia-av-Namnlos-design.png&#038;fit=crop&#038;w=1440&#038;h=540&#038;s=d7cd643c488de7b567aa31fb66530fb0 1440w\" alt=\"\" height=\"540\" width=\"1440\" sizes=\"(max-width: 1440px) calc(100vw - 32px), 1440px\" loading=\"eager\" fetchpriority=\"high\" aria-hidden=\"true\" role=\"presentation\" \/><\/picture>\n        \n\n            <\/div>\n\n    <\/div>\n\n<ul\n    class=\"acf-article-accordion-block accordion-group grid gap-4 my-12 article-container\"\n    data-block=\"article-accordion-block \"\n    data-ui-accordion-group\n>\n\n            <li class=\"accordion\" data-ui-accordion data-ui-accordion-open=\"false\">\n        <h3>\n        <button data-ui-accordion-button class=\"accordion-toggle font-bold\" aria-expanded=\"false\" aria-controls=\"row-datumochfilmerforvaren2026:-0\" id=\"datumochfilmerforvaren2026:-0\">\n            Datum och filmer f\u00f6r v\u00e5ren 2026:\n            \n            <figure class=\"w-4.5 h-4.5\" aria-hidden=\"true\">\n            <svg width=\"20\" height=\"20\" viewBox=\"0 0 20 20\" fill=\"none\"\nclass=\"SvgIconElement\">\n<path d=\"M15.8333 7.16667L9.99992 13L4.16659 7.16667\" stroke=\"currentColor\"\/>\n<\/svg>\n            <\/figure>\n        <\/button>\n        \n                <\/h3>\n        <div class=\"accordion-content\">\n            <div id=\"row-datumochfilmerforvaren2026:-0\" role=\"region\" class=\"accordion-content-wrap\" aria-labelledby=\"datumochfilmerforvaren2026:-0\">\n                                            <div class=\"wysiwyg\">\n                    <p>torsdag 26\/2: <b><i>Livet \u00e4r en schlager (2000)<\/i><\/b><\/p>\n<p>torsdag 26\/3: <b><i>Att stj\u00e4la en tjuv (1996)<\/i><\/b><\/p>\n<p>torsdag 23\/4: <b><i>Flykten till framtiden (2016)<\/i><\/b><\/p>\n<p>torsdag 28\/5: <b><i>Ture Sventon, privatdetektiv (1972)<\/i><\/b><\/p>\n<p>torsdag 18\/6: <b><i>Den b\u00e4sta sommaren (2000)<\/i><\/b><\/p>\n\n                <\/div>\n                                        <\/div>\n        <\/div>\n    <\/li>\n    <\/ul>\n<div\n    class=\"acf-article-text-block article-container my-12\"\n    data-block=\"article-text-block\"\n>\n    <div class=\"wysiwyg\">\n        <table width=\"740\">\n<tbody>\n<tr>\n<td width=\"740\"><b>Tid: <\/b>kl. 18.00 &#8211; 20.00<\/td>\n<\/tr>\n<tr>\n<td width=\"740\"><b>Kostnad: <\/b>85kr via faktura (popcorn och dryck ing\u00e5r)<\/td>\n<\/tr>\n<tr>\n<td width=\"740\"><b>Plats: <\/b>N\u00e4ssj\u00f6gatan 10, Halmstad<\/td>\n<\/tr>\n<tr>\n<td width=\"740\">Ledsagare g\u00e5r in gratis<\/td>\n<\/tr>\n<tr>\n<td width=\"740\"><b>F\u00d6RANM\u00c4LAN KR\u00c4VS! <\/b>Anm\u00e4l senast 1 vecka f\u00f6re varje tillf\u00e4lle. Anm\u00e4l till 035 17 77 52 eller martin.extor@abf.se.<\/td>\n<\/tr>\n<\/tbody>\n<\/table>\n\n    <\/div>\n<\/div>\n","protected":false},"excerpt":{"rendered":"","protected":false},"author":58,"featured_media":0,"parent":0,"menu_order":0,"comment_status":"closed","ping_status":"closed","template":"","meta":{"_acf_changed":false,"footnotes":""},"class_list":["post-1464","page","type-page","status-publish","hentry"],"acf":[],"yoast_head":"<!-- This site is optimized with the Yoast SEO plugin v27.0 - https:\/\/yoast.com\/product\/yoast-seo-wordpress\/ -->\n<title>Filmklubben - Halland<\/title>\n<meta name=\"robots\" content=\"index, follow, max-snippet:-1, max-image-preview:large, max-video-preview:-1\" \/>\n<link rel=\"canonical\" href=\"https:\/\/www.abf.se\/halland\/filmklubben\/\" \/>\n<meta property=\"og:locale\" content=\"sv_SE\" \/>\n<meta property=\"og:type\" content=\"article\" \/>\n<meta property=\"og:title\" content=\"Filmklubben - Halland\" \/>\n<meta property=\"og:url\" content=\"https:\/\/www.abf.se\/halland\/filmklubben\/\" \/>\n<meta property=\"og:site_name\" content=\"Halland\" \/>\n<meta property=\"article:modified_time\" content=\"2025-12-16T09:58:04+00:00\" \/>\n<meta property=\"og:image\" content=\"https:\/\/www.abf.se\/wp-content\/uploads\/sites\/23\/2024\/04\/Nyckeln-liggande-scaled.jpg\" \/>\n\t<meta property=\"og:image:width\" content=\"2560\" \/>\n\t<meta property=\"og:image:height\" content=\"1440\" \/>\n\t<meta property=\"og:image:type\" content=\"image\/jpeg\" \/>\n<meta name=\"twitter:card\" content=\"summary_large_image\" \/>\n<script type=\"application\/ld+json\" class=\"yoast-schema-graph\">{\"@context\":\"https:\/\/schema.org\",\"@graph\":[{\"@type\":\"WebPage\",\"@id\":\"https:\/\/www.abf.se\/halland\/filmklubben\/\",\"url\":\"https:\/\/www.abf.se\/halland\/filmklubben\/\",\"name\":\"Filmklubben - Halland\",\"isPartOf\":{\"@id\":\"https:\/\/www.abf.se\/halland\/#website\"},\"datePublished\":\"2024-06-10T08:35:04+00:00\",\"dateModified\":\"2025-12-16T09:58:04+00:00\",\"breadcrumb\":{\"@id\":\"https:\/\/www.abf.se\/halland\/filmklubben\/#breadcrumb\"},\"inLanguage\":\"sv-SE\",\"potentialAction\":[{\"@type\":\"ReadAction\",\"target\":[\"https:\/\/www.abf.se\/halland\/filmklubben\/\"]}]},{\"@type\":\"BreadcrumbList\",\"@id\":\"https:\/\/www.abf.se\/halland\/filmklubben\/#breadcrumb\",\"itemListElement\":[{\"@type\":\"ListItem\",\"position\":1,\"name\":\"Home\",\"item\":\"https:\/\/www.abf.se\/halland\/\"},{\"@type\":\"ListItem\",\"position\":2,\"name\":\"Filmklubben\"}]},{\"@type\":\"WebSite\",\"@id\":\"https:\/\/www.abf.se\/halland\/#website\",\"url\":\"https:\/\/www.abf.se\/halland\/\",\"name\":\"Halland\",\"description\":\"\",\"potentialAction\":[{\"@type\":\"SearchAction\",\"target\":{\"@type\":\"EntryPoint\",\"urlTemplate\":\"https:\/\/www.abf.se\/halland\/?s={search_term_string}\"},\"query-input\":{\"@type\":\"PropertyValueSpecification\",\"valueRequired\":true,\"valueName\":\"search_term_string\"}}],\"inLanguage\":\"sv-SE\"}]}<\/script>\n<!-- \/ Yoast SEO plugin. -->","yoast_head_json":{"title":"Filmklubben - Halland","robots":{"index":"index","follow":"follow","max-snippet":"max-snippet:-1","max-image-preview":"max-image-preview:large","max-video-preview":"max-video-preview:-1"},"canonical":"https:\/\/www.abf.se\/halland\/filmklubben\/","og_locale":"sv_SE","og_type":"article","og_title":"Filmklubben - Halland","og_url":"https:\/\/www.abf.se\/halland\/filmklubben\/","og_site_name":"Halland","article_modified_time":"2025-12-16T09:58:04+00:00","og_image":[{"width":2560,"height":1440,"url":"https:\/\/www.abf.se\/wp-content\/uploads\/sites\/23\/2024\/04\/Nyckeln-liggande-scaled.jpg","type":"image\/jpeg"}],"twitter_card":"summary_large_image","schema":{"@context":"https:\/\/schema.org","@graph":[{"@type":"WebPage","@id":"https:\/\/www.abf.se\/halland\/filmklubben\/","url":"https:\/\/www.abf.se\/halland\/filmklubben\/","name":"Filmklubben - Halland","isPartOf":{"@id":"https:\/\/www.abf.se\/halland\/#website"},"datePublished":"2024-06-10T08:35:04+00:00","dateModified":"2025-12-16T09:58:04+00:00","breadcrumb":{"@id":"https:\/\/www.abf.se\/halland\/filmklubben\/#breadcrumb"},"inLanguage":"sv-SE","potentialAction":[{"@type":"ReadAction","target":["https:\/\/www.abf.se\/halland\/filmklubben\/"]}]},{"@type":"BreadcrumbList","@id":"https:\/\/www.abf.se\/halland\/filmklubben\/#breadcrumb","itemListElement":[{"@type":"ListItem","position":1,"name":"Home","item":"https:\/\/www.abf.se\/halland\/"},{"@type":"ListItem","position":2,"name":"Filmklubben"}]},{"@type":"WebSite","@id":"https:\/\/www.abf.se\/halland\/#website","url":"https:\/\/www.abf.se\/halland\/","name":"Halland","description":"","potentialAction":[{"@type":"SearchAction","target":{"@type":"EntryPoint","urlTemplate":"https:\/\/www.abf.se\/halland\/?s={search_term_string}"},"query-input":{"@type":"PropertyValueSpecification","valueRequired":true,"valueName":"search_term_string"}}],"inLanguage":"sv-SE"}]}},"_links":{"self":[{"href":"https:\/\/www.abf.se\/halland\/wp-json\/wp\/v2\/pages\/1464","targetHints":{"allow":["GET"]}}],"collection":[{"href":"https:\/\/www.abf.se\/halland\/wp-json\/wp\/v2\/pages"}],"about":[{"href":"https:\/\/www.abf.se\/halland\/wp-json\/wp\/v2\/types\/page"}],"author":[{"embeddable":true,"href":"https:\/\/www.abf.se\/halland\/wp-json\/wp\/v2\/users\/58"}],"replies":[{"embeddable":true,"href":"https:\/\/www.abf.se\/halland\/wp-json\/wp\/v2\/comments?post=1464"}],"version-history":[{"count":14,"href":"https:\/\/www.abf.se\/halland\/wp-json\/wp\/v2\/pages\/1464\/revisions"}],"predecessor-version":[{"id":2291,"href":"https:\/\/www.abf.se\/halland\/wp-json\/wp\/v2\/pages\/1464\/revisions\/2291"}],"wp:attachment":[{"href":"https:\/\/www.abf.se\/halland\/wp-json\/wp\/v2\/media?parent=1464"}],"curies":[{"name":"wp","href":"https:\/\/api.w.org\/{rel}","templated":true}]}}