{"id":1689,"date":"2024-11-07T13:42:40","date_gmt":"2024-11-07T12:42:40","guid":{"rendered":"https:\/\/www.abf.se\/halland\/?page_id=1689"},"modified":"2025-03-25T11:16:50","modified_gmt":"2025-03-25T10:16:50","slug":"nyhetsbrev","status":"publish","type":"page","link":"https:\/\/www.abf.se\/halland\/nyhetsbrev\/","title":{"rendered":"Nyhetsbrev"},"content":{"rendered":"<div\n    class=\"acf-plain-heading-block container my-16\"\n    data-block=\"plain-heading-block\"\n>\n    <div class=\"max-w-[658px] mx-auto\">\n                <h1 class=\"hero-heading\"><span>Nyhetsbrevet<\/span><\/h1>\n                            <p class=\"mt-8 body-xl text-black\">\n                H\u00e4r finner ni, m\u00f6jligheten att f\u00e5 uppdaterad information kring vad som sker inom ABF Halland.<br \/>\r\nI nyhetsbrevet kommer v\u00e5ra samt f\u00f6reningars aktiviteter och kurser samt evenemang.\n            <\/p>\n            <\/div>\n<\/div>\n<div\n    class=\"acf-article-cta-link-block article-container my-8\"\n    data-block=\"article-cta-link-block\"\n>\n<div>\n    <a class=\"inline-flex flex-row items-center gap-4 text-link underline text-red-dark\"\n        href=\"https:\/\/www.abf.se\/halland\/nyhetsbrev\/nyhetsbrevs-arkivet\/\"\n            >\n        <span class=\"\">\n        H\u00e4r finner ni v\u00e5rt arkiv f\u00f6r nyhetsbrevet\n        <\/span>\n        <figure aria-hidden=\"true\" class=\"rounded-full bg-red-dark w-8 h-8 p-1 text-white\">\n            <svg width=\"20\" height=\"20\" viewBox=\"0 0 20 20\" fill=\"none\" class=\"SvgIconElement\">\n<path d=\"M4.16659 10L15.8333 10\" stroke=\"currentColor\"\/>\n<path d=\"M9.99992 4.1665L15.8333 9.99984L9.99992 15.8332\" stroke=\"currentColor\"\/>\n<\/svg>\n        <\/figure>\n    <\/a>\n<\/div>\n<\/div>\n<script type=\"text\/javascript\">var gform;gform||(document.addEventListener(\"gform_main_scripts_loaded\",function(){gform.scriptsLoaded=!0}),window.addEventListener(\"DOMContentLoaded\",function(){gform.domLoaded=!0}),gform={domLoaded:!1,scriptsLoaded:!1,initializeOnLoaded:function(o){gform.domLoaded&&gform.scriptsLoaded?o():!gform.domLoaded&&gform.scriptsLoaded?window.addEventListener(\"DOMContentLoaded\",o):document.addEventListener(\"gform_main_scripts_loaded\",o)},hooks:{action:{},filter:{}},addAction:function(o,n,r,t){gform.addHook(\"action\",o,n,r,t)},addFilter:function(o,n,r,t){gform.addHook(\"filter\",o,n,r,t)},doAction:function(o){gform.doHook(\"action\",o,arguments)},applyFilters:function(o){return gform.doHook(\"filter\",o,arguments)},removeAction:function(o,n){gform.removeHook(\"action\",o,n)},removeFilter:function(o,n,r){gform.removeHook(\"filter\",o,n,r)},addHook:function(o,n,r,t,i){null==gform.hooks[o][n]&&(gform.hooks[o][n]=[]);var e=gform.hooks[o][n];null==i&&(i=n+\"_\"+e.length),gform.hooks[o][n].push({tag:i,callable:r,priority:t=null==t?10:t})},doHook:function(n,o,r){var t;if(r=Array.prototype.slice.call(r,1),null!=gform.hooks[n][o]&&((o=gform.hooks[n][o]).sort(function(o,n){return o.priority-n.priority}),o.forEach(function(o){\"function\"!=typeof(t=o.callable)&&(t=window[t]),\"action\"==n?t.apply(null,r):r[0]=t.apply(null,r)})),\"filter\"==n)return r[0]},removeHook:function(o,n,t,i){var r;null!=gform.hooks[o][n]&&(r=(r=gform.hooks[o][n]).filter(function(o,n,r){return!!(null!=i&&i!=o.tag||null!=t&&t!=o.priority)}),gform.hooks[o][n]=r)}});<\/script>\n                <div class='gf_browser_gecko gform_wrapper gform-theme gform-theme--foundation gform-theme--framework gform-theme--orbital' data-form-theme='orbital' data-form-index='0' id='gform_wrapper_10' ><style>#gform_wrapper_10[data-form-index=\"0\"].gform-theme,[data-parent-form=\"10_0\"]{--gform-theme-color-primary: #204ce5;--gform-theme-color-primary-rgb: 32, 76, 229;--gform-theme-color-primary-contrast: #fff;--gform-theme-color-primary-contrast-rgb: 255, 255, 255;--gform-theme-color-primary-darker: #001AB3;--gform-theme-color-primary-lighter: #527EFF;--gform-theme-color-secondary: #fff;--gform-theme-color-secondary-rgb: 255, 255, 255;--gform-theme-color-secondary-contrast: #112337;--gform-theme-color-secondary-contrast-rgb: 17, 35, 55;--gform-theme-color-secondary-darker: #F5F5F5;--gform-theme-color-secondary-lighter: #FFFFFF;--gform-theme-color-outside-control-light: rgba(17, 35, 55, 0.1);--gform-theme-color-outside-control-light-rgb: 17, 35, 55;--gform-theme-color-outside-control-light-darker: rgba(104, 110, 119, 0.35);--gform-theme-color-outside-control-light-lighter: #F5F5F5;--gform-theme-color-outside-control-dark: #585e6a;--gform-theme-color-outside-control-dark-rgb: 88, 94, 106;--gform-theme-color-outside-control-dark-darker: #112337;--gform-theme-color-outside-control-dark-lighter: rgba(17, 35, 55, 0.65);--gform-theme-color-inside-control: #fff;--gform-theme-color-inside-control-rgb: 255, 255, 255;--gform-theme-color-inside-control-contrast: #112337;--gform-theme-color-inside-control-contrast-rgb: 17, 35, 55;--gform-theme-color-inside-control-darker: #F5F5F5;--gform-theme-color-inside-control-lighter: #FFFFFF;--gform-theme-color-inside-control-primary: #204ce5;--gform-theme-color-inside-control-primary-rgb: 32, 76, 229;--gform-theme-color-inside-control-primary-contrast: #fff;--gform-theme-color-inside-control-primary-contrast-rgb: 255, 255, 255;--gform-theme-color-inside-control-primary-darker: #001AB3;--gform-theme-color-inside-control-primary-lighter: #527EFF;--gform-theme-color-inside-control-light: rgba(17, 35, 55, 0.1);--gform-theme-color-inside-control-light-rgb: 17, 35, 55;--gform-theme-color-inside-control-light-darker: rgba(104, 110, 119, 0.35);--gform-theme-color-inside-control-light-lighter: #F5F5F5;--gform-theme-color-inside-control-dark: #585e6a;--gform-theme-color-inside-control-dark-rgb: 88, 94, 106;--gform-theme-color-inside-control-dark-darker: #112337;--gform-theme-color-inside-control-dark-lighter: rgba(17, 35, 55, 0.65);--gform-theme-border-radius: 3px;--gform-theme-font-size-secondary: 14px;--gform-theme-font-size-tertiary: 13px;--gform-theme-icon-control-number: url(\"data:image\/svg+xml,%3Csvg width='8' height='14' viewBox='0 0 8 14' fill='none' xmlns='http:\/\/www.w3.org\/2000\/svg'%3E%3Cpath fill-rule='evenodd' clip-rule='evenodd' d='M4 0C4.26522 5.96046e-08 4.51957 0.105357 4.70711 0.292893L7.70711 3.29289C8.09763 3.68342 8.09763 4.31658 7.70711 4.70711C7.31658 5.09763 6.68342 5.09763 6.29289 4.70711L4 2.41421L1.70711 4.70711C1.31658 5.09763 0.683417 5.09763 0.292893 4.70711C-0.0976311 4.31658 -0.097631 3.68342 0.292893 3.29289L3.29289 0.292893C3.48043 0.105357 3.73478 0 4 0ZM0.292893 9.29289C0.683417 8.90237 1.31658 8.90237 1.70711 9.29289L4 11.5858L6.29289 9.29289C6.68342 8.90237 7.31658 8.90237 7.70711 9.29289C8.09763 9.68342 8.09763 10.3166 7.70711 10.7071L4.70711 13.7071C4.31658 14.0976 3.68342 14.0976 3.29289 13.7071L0.292893 10.7071C-0.0976311 10.3166 -0.0976311 9.68342 0.292893 9.29289Z' fill='rgba(17, 35, 55, 0.65)'\/%3E%3C\/svg%3E\");--gform-theme-icon-control-select: url(\"data:image\/svg+xml,%3Csvg width='10' height='6' viewBox='0 0 10 6' fill='none' xmlns='http:\/\/www.w3.org\/2000\/svg'%3E%3Cpath fill-rule='evenodd' clip-rule='evenodd' d='M0.292893 0.292893C0.683417 -0.097631 1.31658 -0.097631 1.70711 0.292893L5 3.58579L8.29289 0.292893C8.68342 -0.0976311 9.31658 -0.0976311 9.70711 0.292893C10.0976 0.683417 10.0976 1.31658 9.70711 1.70711L5.70711 5.70711C5.31658 6.09763 4.68342 6.09763 4.29289 5.70711L0.292893 1.70711C-0.0976311 1.31658 -0.0976311 0.683418 0.292893 0.292893Z' fill='rgba(17, 35, 55, 0.65)'\/%3E%3C\/svg%3E\");--gform-theme-icon-control-search: url(\"data:image\/svg+xml,%3Csvg version='1.1' xmlns='http:\/\/www.w3.org\/2000\/svg' width='640' height='640'%3E%3Cpath d='M256 128c-70.692 0-128 57.308-128 128 0 70.691 57.308 128 128 128 70.691 0 128-57.309 128-128 0-70.692-57.309-128-128-128zM64 256c0-106.039 85.961-192 192-192s192 85.961 192 192c0 41.466-13.146 79.863-35.498 111.248l154.125 154.125c12.496 12.496 12.496 32.758 0 45.254s-32.758 12.496-45.254 0L367.248 412.502C335.862 434.854 297.467 448 256 448c-106.039 0-192-85.962-192-192z' fill='rgba(17, 35, 55, 0.65)'\/%3E%3C\/svg%3E\");--gform-theme-control-border-color: #686e77;--gform-theme-control-size: var(--gform-theme-control-size-md);--gform-theme-control-label-color-primary: #112337;--gform-theme-control-label-color-secondary: #112337;--gform-theme-control-choice-size: var(--gform-theme-control-choice-size-md);--gform-theme-control-checkbox-check-size: var(--gform-theme-control-checkbox-check-size-md);--gform-theme-control-radio-check-size: var(--gform-theme-control-radio-check-size-md);--gform-theme-control-button-font-size: var(--gform-theme-control-button-font-size-md);--gform-theme-control-button-padding-inline: var(--gform-theme-control-button-padding-inline-md);--gform-theme-control-button-size: var(--gform-theme-control-button-size-md);--gform-theme-control-button-border-color-secondary: #686e77;--gform-theme-control-file-button-background-color-hover: #EBEBEB;--gform-theme-field-page-steps-number-color: rgba(17, 35, 55, 0.8);}<\/style>\n                        <div class='gform_heading'>\n                            <h2 class=\"gform_title\">Nyhetsbrev<\/h2>\n                            <p class='gform_description'>Jag vill registrera mig f\u00f6r, ABF Hallands nyhetsbrev<\/p>\n                        <\/div><form method='post' enctype='multipart\/form-data'  id='gform_10'  action='\/halland\/wp-json\/wp\/v2\/pages\/1689' data-formid='10' >\n                        <div class='gform-body gform_body'><div id='gform_fields_10' class='gform_fields top_label form_sublabel_below description_below'><fieldset id=\"field_10_1\"  class=\"gfield gfield--type-name gfield--width-half gfield_contains_required field_sublabel_below gfield--no-description field_description_below gfield_visibility_visible\"  data-js-reload=\"field_10_1\"><legend class='gfield_label gform-field-label gfield_label_before_complex'  >Namn<span class=\"gfield_required\"><span class=\"gfield_required gfield_required_text\">(Obligatoriskt)<\/span><\/span><\/legend><div class='ginput_complex ginput_container ginput_container--name no_prefix has_first_name no_middle_name has_last_name no_suffix gf_name_has_2 ginput_container_name gform-grid-row' id='input_10_1'>\n                            \n                            <span id='input_10_1_3_container' class='name_first gform-grid-col gform-grid-col--size-auto' >\n                                                    <input type='text' name='input_1.3' id='input_10_1_3' value=''   aria-required='true'     \/>\n                                                    <label for='input_10_1_3' class='gform-field-label gform-field-label--type-sub '>F\u00f6rnamn<\/label>\n                                                <\/span>\n                            \n                            <span id='input_10_1_6_container' class='name_last gform-grid-col gform-grid-col--size-auto' >\n                                                    <input type='text' name='input_1.6' id='input_10_1_6' value=''   aria-required='true'     \/>\n                                                    <label for='input_10_1_6' class='gform-field-label gform-field-label--type-sub '>Efternamn<\/label>\n                                                <\/span>\n                            \n                        <\/div><\/fieldset><div id=\"field_10_3\"  class=\"gfield gfield--type-email gfield--width-half gfield_contains_required field_sublabel_below gfield--no-description field_description_below gfield_visibility_visible\"  data-js-reload=\"field_10_3\"><label class='gfield_label gform-field-label' for='input_10_3' >E-post<span class=\"gfield_required\"><span class=\"gfield_required gfield_required_text\">(Obligatoriskt)<\/span><\/span><\/label><div class='ginput_container ginput_container_email'>\n                            <input name='input_3' id='input_10_3' type='text' value='' class='large'    aria-required=\"true\" aria-invalid=\"false\"  \/>\n                        <\/div><\/div><fieldset id=\"field_10_6\"  class=\"gfield gfield--type-consent gfield--type-choice gfield--input-type-consent field_sublabel_below gfield--has-description field_description_below gfield_visibility_visible\"  data-js-reload=\"field_10_6\"><legend class='gfield_label gform-field-label gfield_label_before_complex'  >Samtycke<\/legend><div class='ginput_container ginput_container_consent'><input name='input_6.1' id='input_10_6_1' type='checkbox' value='1'  aria-describedby=\"gfield_consent_description_10_6\"  aria-invalid=\"false\"   \/> <label class=\"gform-field-label gform-field-label--type-inline gfield_consent_label\" for='input_10_6_1' >Jag godk\u00e4nner integritetspolicyn.<\/label><input type='hidden' name='input_6.2' value='Jag godk\u00e4nner integritetspolicyn.' class='gform_hidden' \/><input type='hidden' name='input_6.3' value='4' class='gform_hidden' \/><\/div><div class='gfield_description gfield_consent_description' id='gfield_consent_description_10_6'>Genom att godk\u00e4nna integritetspolicyn samtycker du till att vi f\u00e5r anv\u00e4nda de uppgifter du anger f\u00f6r att skicka v\u00e5rt nyhetsbrev till din e-post.<\/div><\/fieldset><\/div><\/div>\n        <div class='gform_footer top_label'> <input type='submit' id='gform_submit_button_10' class='gform_button button' value='Skicka'  onclick='if(window[\"gf_submitting_10\"]){return false;}  window[\"gf_submitting_10\"]=true;  ' onkeypress='if( event.keyCode == 13 ){ if(window[\"gf_submitting_10\"]){return false;} window[\"gf_submitting_10\"]=true;  jQuery(\"#gform_10\").trigger(\"submit\",[true]); }' \/> \n            <input type='hidden' class='gform_hidden' name='is_submit_10' value='1' \/>\n            <input type='hidden' class='gform_hidden' name='gform_submit' value='10' \/>\n            \n            <input type='hidden' class='gform_hidden' name='gform_unique_id' value='' \/>\n            <input type='hidden' class='gform_hidden' name='state_10' value='WyJ7XCI2LjFcIjpcIjBiYzI5YzM5NmVjOTQ2ZTI4NzZjMDdlOWY4MzVlYzI0XCIsXCI2LjJcIjpcIjJkMWIwMTFiYTlmZmI2MmY1YjU3NjJmZGYxN2ZiZGVlXCIsXCI2LjNcIjpcIjgxMDkyZjhjMzVhNGVjNTkwMmUyYzg5MzNmMzFkN2VjXCJ9IiwiNWRmY2NkYjg4OTZhZWQ5ZjBjZGZkMWIwZjI3Yzk1YjIiXQ==' \/>\n            <input type='hidden' class='gform_hidden' name='gform_target_page_number_10' id='gform_target_page_number_10' value='0' \/>\n            <input type='hidden' class='gform_hidden' name='gform_source_page_number_10' id='gform_source_page_number_10' value='1' \/>\n            <input type='hidden' name='gform_field_values' value='' \/>\n            \n        <\/div>\n                        <\/form>\n                        <\/div><script type=\"text\/javascript\">\n\/* <![CDATA[ *\/\n gform.initializeOnLoaded( function() {gformInitSpinner( 10, 'https:\/\/www.abf.se\/wp-content\/plugins\/gravityforms\/images\/spinner.svg', false );jQuery('#gform_ajax_frame_10').on('load',function(){var contents = jQuery(this).contents().find('*').html();var is_postback = contents.indexOf('GF_AJAX_POSTBACK') >= 0;if(!is_postback){return;}var form_content = jQuery(this).contents().find('#gform_wrapper_10');var is_confirmation = jQuery(this).contents().find('#gform_confirmation_wrapper_10').length > 0;var is_redirect = contents.indexOf('gformRedirect(){') >= 0;var is_form = form_content.length > 0 && ! is_redirect && ! is_confirmation;var mt = parseInt(jQuery('html').css('margin-top'), 10) + parseInt(jQuery('body').css('margin-top'), 10) + 100;if(is_form){jQuery('#gform_wrapper_10').html(form_content.html());if(form_content.hasClass('gform_validation_error')){jQuery('#gform_wrapper_10').addClass('gform_validation_error');} else {jQuery('#gform_wrapper_10').removeClass('gform_validation_error');}setTimeout( function() { \/* delay the scroll by 50 milliseconds to fix a bug in chrome *\/  }, 50 );if(window['gformInitDatepicker']) {gformInitDatepicker();}if(window['gformInitPriceFields']) {gformInitPriceFields();}var current_page = jQuery('#gform_source_page_number_10').val();gformInitSpinner( 10, 'https:\/\/www.abf.se\/wp-content\/plugins\/gravityforms\/images\/spinner.svg', false );jQuery(document).trigger('gform_page_loaded', [10, current_page]);window['gf_submitting_10'] = false;}else if(!is_redirect){var confirmation_content = jQuery(this).contents().find('.GF_AJAX_POSTBACK').html();if(!confirmation_content){confirmation_content = contents;}setTimeout(function(){jQuery('#gform_wrapper_10').replaceWith(confirmation_content);jQuery(document).trigger('gform_confirmation_loaded', [10]);window['gf_submitting_10'] = false;wp.a11y.speak(jQuery('#gform_confirmation_message_10').text());}, 50);}else{jQuery('#gform_10').append(contents);if(window['gformRedirect']) {gformRedirect();}}jQuery(document).trigger('gform_post_render', [10, current_page]);gform.utils.trigger({ event: 'gform\/postRender', native: false, data: { formId: 10, currentPage: current_page } });} );} ); \n\/* ]]> *\/\n<\/script>\n","protected":false},"excerpt":{"rendered":"","protected":false},"author":65,"featured_media":0,"parent":0,"menu_order":0,"comment_status":"closed","ping_status":"closed","template":"","meta":{"_acf_changed":false,"footnotes":""},"class_list":["post-1689","page","type-page","status-publish","hentry"],"acf":[],"yoast_head":"<!-- This site is optimized with the Yoast SEO plugin v27.0 - https:\/\/yoast.com\/product\/yoast-seo-wordpress\/ -->\n<title>Nyhetsbrev - Halland<\/title>\n<meta name=\"robots\" content=\"index, follow, max-snippet:-1, max-image-preview:large, max-video-preview:-1\" \/>\n<link rel=\"canonical\" href=\"https:\/\/www.abf.se\/halland\/nyhetsbrev\/\" \/>\n<meta property=\"og:locale\" content=\"sv_SE\" \/>\n<meta property=\"og:type\" content=\"article\" \/>\n<meta property=\"og:title\" content=\"Nyhetsbrev - Halland\" \/>\n<meta property=\"og:url\" content=\"https:\/\/www.abf.se\/halland\/nyhetsbrev\/\" \/>\n<meta property=\"og:site_name\" content=\"Halland\" \/>\n<meta property=\"article:modified_time\" content=\"2025-03-25T10:16:50+00:00\" \/>\n<meta property=\"og:image\" content=\"https:\/\/www.abf.se\/wp-content\/uploads\/sites\/23\/2024\/04\/Nyckeln-liggande-scaled.jpg\" \/>\n\t<meta property=\"og:image:width\" content=\"2560\" \/>\n\t<meta property=\"og:image:height\" content=\"1440\" \/>\n\t<meta property=\"og:image:type\" content=\"image\/jpeg\" \/>\n<meta name=\"twitter:card\" content=\"summary_large_image\" \/>\n<script type=\"application\/ld+json\" class=\"yoast-schema-graph\">{\"@context\":\"https:\/\/schema.org\",\"@graph\":[{\"@type\":\"WebPage\",\"@id\":\"https:\/\/www.abf.se\/halland\/nyhetsbrev\/\",\"url\":\"https:\/\/www.abf.se\/halland\/nyhetsbrev\/\",\"name\":\"Nyhetsbrev - Halland\",\"isPartOf\":{\"@id\":\"https:\/\/www.abf.se\/halland\/#website\"},\"datePublished\":\"2024-11-07T12:42:40+00:00\",\"dateModified\":\"2025-03-25T10:16:50+00:00\",\"breadcrumb\":{\"@id\":\"https:\/\/www.abf.se\/halland\/nyhetsbrev\/#breadcrumb\"},\"inLanguage\":\"sv-SE\",\"potentialAction\":[{\"@type\":\"ReadAction\",\"target\":[\"https:\/\/www.abf.se\/halland\/nyhetsbrev\/\"]}]},{\"@type\":\"BreadcrumbList\",\"@id\":\"https:\/\/www.abf.se\/halland\/nyhetsbrev\/#breadcrumb\",\"itemListElement\":[{\"@type\":\"ListItem\",\"position\":1,\"name\":\"Home\",\"item\":\"https:\/\/www.abf.se\/halland\/\"},{\"@type\":\"ListItem\",\"position\":2,\"name\":\"Nyhetsbrev\"}]},{\"@type\":\"WebSite\",\"@id\":\"https:\/\/www.abf.se\/halland\/#website\",\"url\":\"https:\/\/www.abf.se\/halland\/\",\"name\":\"Halland\",\"description\":\"\",\"potentialAction\":[{\"@type\":\"SearchAction\",\"target\":{\"@type\":\"EntryPoint\",\"urlTemplate\":\"https:\/\/www.abf.se\/halland\/?s={search_term_string}\"},\"query-input\":{\"@type\":\"PropertyValueSpecification\",\"valueRequired\":true,\"valueName\":\"search_term_string\"}}],\"inLanguage\":\"sv-SE\"}]}<\/script>\n<!-- \/ Yoast SEO plugin. -->","yoast_head_json":{"title":"Nyhetsbrev - Halland","robots":{"index":"index","follow":"follow","max-snippet":"max-snippet:-1","max-image-preview":"max-image-preview:large","max-video-preview":"max-video-preview:-1"},"canonical":"https:\/\/www.abf.se\/halland\/nyhetsbrev\/","og_locale":"sv_SE","og_type":"article","og_title":"Nyhetsbrev - Halland","og_url":"https:\/\/www.abf.se\/halland\/nyhetsbrev\/","og_site_name":"Halland","article_modified_time":"2025-03-25T10:16:50+00:00","og_image":[{"width":2560,"height":1440,"url":"https:\/\/www.abf.se\/wp-content\/uploads\/sites\/23\/2024\/04\/Nyckeln-liggande-scaled.jpg","type":"image\/jpeg"}],"twitter_card":"summary_large_image","schema":{"@context":"https:\/\/schema.org","@graph":[{"@type":"WebPage","@id":"https:\/\/www.abf.se\/halland\/nyhetsbrev\/","url":"https:\/\/www.abf.se\/halland\/nyhetsbrev\/","name":"Nyhetsbrev - Halland","isPartOf":{"@id":"https:\/\/www.abf.se\/halland\/#website"},"datePublished":"2024-11-07T12:42:40+00:00","dateModified":"2025-03-25T10:16:50+00:00","breadcrumb":{"@id":"https:\/\/www.abf.se\/halland\/nyhetsbrev\/#breadcrumb"},"inLanguage":"sv-SE","potentialAction":[{"@type":"ReadAction","target":["https:\/\/www.abf.se\/halland\/nyhetsbrev\/"]}]},{"@type":"BreadcrumbList","@id":"https:\/\/www.abf.se\/halland\/nyhetsbrev\/#breadcrumb","itemListElement":[{"@type":"ListItem","position":1,"name":"Home","item":"https:\/\/www.abf.se\/halland\/"},{"@type":"ListItem","position":2,"name":"Nyhetsbrev"}]},{"@type":"WebSite","@id":"https:\/\/www.abf.se\/halland\/#website","url":"https:\/\/www.abf.se\/halland\/","name":"Halland","description":"","potentialAction":[{"@type":"SearchAction","target":{"@type":"EntryPoint","urlTemplate":"https:\/\/www.abf.se\/halland\/?s={search_term_string}"},"query-input":{"@type":"PropertyValueSpecification","valueRequired":true,"valueName":"search_term_string"}}],"inLanguage":"sv-SE"}]}},"_links":{"self":[{"href":"https:\/\/www.abf.se\/halland\/wp-json\/wp\/v2\/pages\/1689","targetHints":{"allow":["GET"]}}],"collection":[{"href":"https:\/\/www.abf.se\/halland\/wp-json\/wp\/v2\/pages"}],"about":[{"href":"https:\/\/www.abf.se\/halland\/wp-json\/wp\/v2\/types\/page"}],"author":[{"embeddable":true,"href":"https:\/\/www.abf.se\/halland\/wp-json\/wp\/v2\/users\/65"}],"replies":[{"embeddable":true,"href":"https:\/\/www.abf.se\/halland\/wp-json\/wp\/v2\/comments?post=1689"}],"version-history":[{"count":4,"href":"https:\/\/www.abf.se\/halland\/wp-json\/wp\/v2\/pages\/1689\/revisions"}],"predecessor-version":[{"id":1919,"href":"https:\/\/www.abf.se\/halland\/wp-json\/wp\/v2\/pages\/1689\/revisions\/1919"}],"wp:attachment":[{"href":"https:\/\/www.abf.se\/halland\/wp-json\/wp\/v2\/media?parent=1689"}],"curies":[{"name":"wp","href":"https:\/\/api.w.org\/{rel}","templated":true}]}}