{"id":2036,"date":"2025-06-16T09:54:45","date_gmt":"2025-06-16T07:54:45","guid":{"rendered":"https:\/\/www.abf.se\/halland\/?page_id=2036"},"modified":"2025-12-16T10:59:41","modified_gmt":"2025-12-16T09:59:41","slug":"funkiskul","status":"publish","type":"page","link":"https:\/\/www.abf.se\/halland\/lss\/funkiskul\/","title":{"rendered":"Funkiskul"},"content":{"rendered":"<div\n    class=\"acf-hero-block container-lg no-padding mb-12 js-geolocation\"\n    data-block=\"hero-block\"\n    data-index=\"0\"\n>\n    <div class=\"h-[548px]  relative rounded-[32px] overflow-hidden flex bg-gray-light\">\n        <div class=\"relative z-10 mt-auto h-auto w-full md:h-full\">\n            <div class=\"flex w-full h-full flex-col flex-wrap justify-end w-full md:w-7\/12 lg:w-1\/2 md:justify-center\">\n                <div class=\"flex flex-col gap-3 md:gap-[18px] md:transparent pt-16 pb-36 md:py-8 px-4 w-full md:max-w-[620px] mx-auto px-8\">\n\n                    <h1 class=\"hero-heading hero-heading--red-text\"><span>Funkiskul p\u00e5 Andersberg<\/span><\/h1>\n\n                                            <p class=\"mt-4 max-w-[48ch] text-white\">\n                            Funkisdansen ers\u00e4tts av den nya satsningen Funkiskul. <br \/>\r\n<br \/>\r\nOa Larsson upptr\u00e4der med livemusik och \u00f6nskel\u00e5tar eller musikquiz och bjuder upp till livekaraoke. Christine har pysselverkstad, man kan l\u00e5na   s\u00e4llskapsspel och k\u00f6pa go\u2019fika i kiosken. Det blir en trevlig stund med g\u00e4nget bakom Funkisdanserna. <br \/>\r\n<br \/>\r\nOBS! F\u00d6RANM\u00c4LAN KR\u00c4VS F\u00d6R INTR\u00c4DE BEGR\u00c4NSAT ANTAL PLATSER! ANM\u00c4LAN SENAST FREDAGEN F\u00d6RE!<br \/>\r\n<br \/>\r\nFika k\u00f6ps p\u00e5 plats med kontanter eller swish.<br \/>\r\n<br \/>\r\n\n                        <\/p>\n                    \n                                    <\/div>\n            <\/div>\n        <\/div>\n\n                    <picture class=\"as-background-image mix-blend-multiply bg-black\/40\"><img decoding=\"async\" src=\"https:\/\/www.abf.se\/halland\/resized\/?url=https%3A%2F%2Fwww.abf.se%2Fwp-content%2Fuploads%2Fsites%2F23%2F2025%2F06%2FNamnlos-design-4.png&#038;fit=crop&#038;w=1440&#038;s=3cbda6fac5d3ef8403770d1bbc683c03\" srcset=\"https:\/\/www.abf.se\/halland\/resized\/?url=https%3A%2F%2Fwww.abf.se%2Fwp-content%2Fuploads%2Fsites%2F23%2F2025%2F06%2FNamnlos-design-4.png&#038;fit=crop&#038;w=375&#038;h=540&#038;s=7ac866fe33d71c2e016944dbbc2910f9 375w, https:\/\/www.abf.se\/halland\/resized\/?url=https%3A%2F%2Fwww.abf.se%2Fwp-content%2Fuploads%2Fsites%2F23%2F2025%2F06%2FNamnlos-design-4.png&#038;fit=crop&#038;w=447&#038;h=540&#038;s=bfdcc1c373b87819ecf16339faab69a8 447w, https:\/\/www.abf.se\/halland\/resized\/?url=https%3A%2F%2Fwww.abf.se%2Fwp-content%2Fuploads%2Fsites%2F23%2F2025%2F06%2FNamnlos-design-4.png&#038;fit=crop&#038;w=519&#038;h=540&#038;s=b5c8b937ce4f2c8040ab42877569526b 519w, https:\/\/www.abf.se\/halland\/resized\/?url=https%3A%2F%2Fwww.abf.se%2Fwp-content%2Fuploads%2Fsites%2F23%2F2025%2F06%2FNamnlos-design-4.png&#038;fit=crop&#038;w=591&#038;h=540&#038;s=91491d8a23b8caa70d722efe14939424 591w, https:\/\/www.abf.se\/halland\/resized\/?url=https%3A%2F%2Fwww.abf.se%2Fwp-content%2Fuploads%2Fsites%2F23%2F2025%2F06%2FNamnlos-design-4.png&#038;fit=crop&#038;w=663&#038;h=540&#038;s=9299b3cd8840823caa294471c0e55461 663w, https:\/\/www.abf.se\/halland\/resized\/?url=https%3A%2F%2Fwww.abf.se%2Fwp-content%2Fuploads%2Fsites%2F23%2F2025%2F06%2FNamnlos-design-4.png&#038;fit=crop&#038;w=750&#038;h=540&#038;s=067438faee571fe0b0d8951d6519403b 750w, https:\/\/www.abf.se\/halland\/resized\/?url=https%3A%2F%2Fwww.abf.se%2Fwp-content%2Fuploads%2Fsites%2F23%2F2025%2F06%2FNamnlos-design-4.png&#038;fit=crop&#038;w=894&#038;h=540&#038;s=5196775e1aa41d16edcfa4f5bc1a2af1 894w, https:\/\/www.abf.se\/halland\/resized\/?url=https%3A%2F%2Fwww.abf.se%2Fwp-content%2Fuploads%2Fsites%2F23%2F2025%2F06%2FNamnlos-design-4.png&#038;fit=crop&#038;w=1038&#038;h=540&#038;s=a28261a9a433aafc99fdc3369d841ee9 1038w, https:\/\/www.abf.se\/halland\/resized\/?url=https%3A%2F%2Fwww.abf.se%2Fwp-content%2Fuploads%2Fsites%2F23%2F2025%2F06%2FNamnlos-design-4.png&#038;fit=crop&#038;w=1182&#038;h=540&#038;s=3daaff0358d4d4a4488141722c860db9 1182w, https:\/\/www.abf.se\/halland\/resized\/?url=https%3A%2F%2Fwww.abf.se%2Fwp-content%2Fuploads%2Fsites%2F23%2F2025%2F06%2FNamnlos-design-4.png&#038;fit=crop&#038;w=1326&#038;h=540&#038;s=be73ed9f2b65be6ff700a7a17b2174de 1326w, https:\/\/www.abf.se\/halland\/resized\/?url=https%3A%2F%2Fwww.abf.se%2Fwp-content%2Fuploads%2Fsites%2F23%2F2025%2F06%2FNamnlos-design-4.png&#038;fit=crop&#038;w=1440&#038;h=540&#038;s=d2b58bae939e16910db26a0f6ac73018 1440w\" alt=\"\" height=\"540\" width=\"1440\" sizes=\"(max-width: 1440px) calc(100vw - 32px), 1440px\" loading=\"eager\" fetchpriority=\"high\" aria-hidden=\"true\" role=\"presentation\" \/><\/picture>\n        \n\n            <\/div>\n\n    <\/div>\n\n<ul\n    class=\"acf-article-accordion-block accordion-group grid gap-4 my-12 article-container--wide\"\n    data-block=\"article-accordion-block \"\n    data-ui-accordion-group\n>\n\n            <li class=\"accordion\" data-ui-accordion data-ui-accordion-open=\"false\">\n        <h3>\n        <button data-ui-accordion-button class=\"accordion-toggle font-bold\" aria-expanded=\"false\" aria-controls=\"row-datumforfunkiskulvaren2026:-0\" id=\"datumforfunkiskulvaren2026:-0\">\n            Datum f\u00f6r Funkiskul v\u00e5ren 2026:\n            \n            <figure class=\"w-4.5 h-4.5\" aria-hidden=\"true\">\n            <svg width=\"20\" height=\"20\" viewBox=\"0 0 20 20\" fill=\"none\"\nclass=\"SvgIconElement\">\n<path d=\"M15.8333 7.16667L9.99992 13L4.16659 7.16667\" stroke=\"currentColor\"\/>\n<\/svg>\n            <\/figure>\n        <\/button>\n        \n                <\/h3>\n        <div class=\"accordion-content\">\n            <div id=\"row-datumforfunkiskulvaren2026:-0\" role=\"region\" class=\"accordion-content-wrap\" aria-labelledby=\"datumforfunkiskulvaren2026:-0\">\n                                            <div class=\"wysiwyg\">\n                    <p>s\u00f6ndag 19\/4: <b>Oa <\/b>bjuder in till musikquiz och livekaraoke.<\/p>\n\n                <\/div>\n                                                            <div class=\"wysiwyg\">\n                    <p>s\u00f6ndag 17\/5: <b>Oa <\/b>bjuder p\u00e5 tempofyllt rockmedley och livekaraoke.<\/p>\n\n                <\/div>\n                                                            <div class=\"wysiwyg\">\n                    <p>s\u00f6ndag 7\/6: <b>Blommiga grabbar <\/b>avslutar v\u00e5rensens Funkiskul med en hejdundrande show och Oa h\u00e5ller i sommarmusikquiz och livekaraoke ! <b><i>(OBS! H\u00f6gre intr\u00e4de p\u00e5 175 kr pga. liveband!)<\/i><\/b><\/p>\n<p>&nbsp;<\/p>\n<p>&nbsp;<\/p>\n\n                <\/div>\n                                        <\/div>\n        <\/div>\n    <\/li>\n            <li class=\"accordion\" data-ui-accordion data-ui-accordion-open=\"false\">\n        <h3>\n        <button data-ui-accordion-button class=\"accordion-toggle font-bold\" aria-expanded=\"false\" aria-controls=\"row-tid-1\" id=\"tid-1\">\n            Tid\n            \n            <figure class=\"w-4.5 h-4.5\" aria-hidden=\"true\">\n            <svg width=\"20\" height=\"20\" viewBox=\"0 0 20 20\" fill=\"none\"\nclass=\"SvgIconElement\">\n<path d=\"M15.8333 7.16667L9.99992 13L4.16659 7.16667\" stroke=\"currentColor\"\/>\n<\/svg>\n            <\/figure>\n        <\/button>\n        \n                <\/h3>\n        <div class=\"accordion-content\">\n            <div id=\"row-tid-1\" role=\"region\" class=\"accordion-content-wrap\" aria-labelledby=\"tid-1\">\n                                            <div class=\"wysiwyg\">\n                    <p>Kl. 14.00-16.00.<\/p>\n\n                <\/div>\n                                        <\/div>\n        <\/div>\n    <\/li>\n            <li class=\"accordion\" data-ui-accordion data-ui-accordion-open=\"false\">\n        <h3>\n        <button data-ui-accordion-button class=\"accordion-toggle font-bold\" aria-expanded=\"false\" aria-controls=\"row-kostnad-2\" id=\"kostnad-2\">\n            Kostnad\n            \n            <figure class=\"w-4.5 h-4.5\" aria-hidden=\"true\">\n            <svg width=\"20\" height=\"20\" viewBox=\"0 0 20 20\" fill=\"none\"\nclass=\"SvgIconElement\">\n<path d=\"M15.8333 7.16667L9.99992 13L4.16659 7.16667\" stroke=\"currentColor\"\/>\n<\/svg>\n            <\/figure>\n        <\/button>\n        \n                <\/h3>\n        <div class=\"accordion-content\">\n            <div id=\"row-kostnad-2\" role=\"region\" class=\"accordion-content-wrap\" aria-labelledby=\"kostnad-2\">\n                                            <div class=\"wysiwyg\">\n                    <p><b>Kostnad: <\/b>75 kr (betalas via faktura) <b><i>(OBS! 7\/6 blir det\u00a0 h\u00f6gre intr\u00e4de p\u00e5 175 kr.)<\/i><\/b><\/p>\n<p>&nbsp;<\/p>\n\n                <\/div>\n                                        <\/div>\n        <\/div>\n    <\/li>\n            <li class=\"accordion\" data-ui-accordion data-ui-accordion-open=\"false\">\n        <h3>\n        <button data-ui-accordion-button class=\"accordion-toggle font-bold\" aria-expanded=\"false\" aria-controls=\"row-plats-3\" id=\"plats-3\">\n            Plats\n            \n            <figure class=\"w-4.5 h-4.5\" aria-hidden=\"true\">\n            <svg width=\"20\" height=\"20\" viewBox=\"0 0 20 20\" fill=\"none\"\nclass=\"SvgIconElement\">\n<path d=\"M15.8333 7.16667L9.99992 13L4.16659 7.16667\" stroke=\"currentColor\"\/>\n<\/svg>\n            <\/figure>\n        <\/button>\n        \n                <\/h3>\n        <div class=\"accordion-content\">\n            <div id=\"row-plats-3\" role=\"region\" class=\"accordion-content-wrap\" aria-labelledby=\"plats-3\">\n                                            <div class=\"wysiwyg\">\n                    <p>Medborgarservice Andersberg: Gr\u00f6nev\u00e5ngstorg 1, Halmstad.<\/p>\n\n                <\/div>\n                                        <\/div>\n        <\/div>\n    <\/li>\n    <\/ul>\n<div\n    class=\"acf-article-text-block article-container my-12\"\n    data-block=\"article-text-block\"\n>\n    <div class=\"wysiwyg\">\n        <p>Vid fr\u00e5gor kontakta Oa Larsson p\u00e5 <b>035 17 77 53<\/b>. <b>OBS!\u00a0 F\u00f6ranm\u00e4lan kr\u00e4vs!<\/b><\/p>\n\n    <\/div>\n<\/div>\n","protected":false},"excerpt":{"rendered":"","protected":false},"author":58,"featured_media":0,"parent":381,"menu_order":0,"comment_status":"closed","ping_status":"closed","template":"","meta":{"_acf_changed":false,"footnotes":""},"class_list":["post-2036","page","type-page","status-publish","hentry"],"acf":[],"yoast_head":"<!-- This site is optimized with the Yoast SEO plugin v27.0 - https:\/\/yoast.com\/product\/yoast-seo-wordpress\/ -->\n<title>Funkiskul - Halland<\/title>\n<meta name=\"robots\" content=\"index, follow, max-snippet:-1, max-image-preview:large, max-video-preview:-1\" \/>\n<link rel=\"canonical\" href=\"https:\/\/www.abf.se\/halland\/lss\/funkiskul\/\" \/>\n<meta property=\"og:locale\" content=\"sv_SE\" \/>\n<meta property=\"og:type\" content=\"article\" \/>\n<meta property=\"og:title\" content=\"Funkiskul - Halland\" \/>\n<meta property=\"og:url\" content=\"https:\/\/www.abf.se\/halland\/lss\/funkiskul\/\" \/>\n<meta property=\"og:site_name\" content=\"Halland\" \/>\n<meta property=\"article:modified_time\" content=\"2025-12-16T09:59:41+00:00\" \/>\n<meta property=\"og:image\" content=\"https:\/\/www.abf.se\/wp-content\/uploads\/sites\/23\/2024\/04\/Nyckeln-liggande-scaled.jpg\" \/>\n\t<meta property=\"og:image:width\" content=\"2560\" \/>\n\t<meta property=\"og:image:height\" content=\"1440\" \/>\n\t<meta property=\"og:image:type\" content=\"image\/jpeg\" \/>\n<meta name=\"twitter:card\" content=\"summary_large_image\" \/>\n<script type=\"application\/ld+json\" class=\"yoast-schema-graph\">{\"@context\":\"https:\/\/schema.org\",\"@graph\":[{\"@type\":\"WebPage\",\"@id\":\"https:\/\/www.abf.se\/halland\/lss\/funkiskul\/\",\"url\":\"https:\/\/www.abf.se\/halland\/lss\/funkiskul\/\",\"name\":\"Funkiskul - Halland\",\"isPartOf\":{\"@id\":\"https:\/\/www.abf.se\/halland\/#website\"},\"datePublished\":\"2025-06-16T07:54:45+00:00\",\"dateModified\":\"2025-12-16T09:59:41+00:00\",\"breadcrumb\":{\"@id\":\"https:\/\/www.abf.se\/halland\/lss\/funkiskul\/#breadcrumb\"},\"inLanguage\":\"sv-SE\",\"potentialAction\":[{\"@type\":\"ReadAction\",\"target\":[\"https:\/\/www.abf.se\/halland\/lss\/funkiskul\/\"]}]},{\"@type\":\"BreadcrumbList\",\"@id\":\"https:\/\/www.abf.se\/halland\/lss\/funkiskul\/#breadcrumb\",\"itemListElement\":[{\"@type\":\"ListItem\",\"position\":1,\"name\":\"Home\",\"item\":\"https:\/\/www.abf.se\/halland\/\"},{\"@type\":\"ListItem\",\"position\":2,\"name\":\"LSS\",\"item\":\"https:\/\/www.abf.se\/halland\/lss\/\"},{\"@type\":\"ListItem\",\"position\":3,\"name\":\"Funkiskul\"}]},{\"@type\":\"WebSite\",\"@id\":\"https:\/\/www.abf.se\/halland\/#website\",\"url\":\"https:\/\/www.abf.se\/halland\/\",\"name\":\"Halland\",\"description\":\"\",\"potentialAction\":[{\"@type\":\"SearchAction\",\"target\":{\"@type\":\"EntryPoint\",\"urlTemplate\":\"https:\/\/www.abf.se\/halland\/?s={search_term_string}\"},\"query-input\":{\"@type\":\"PropertyValueSpecification\",\"valueRequired\":true,\"valueName\":\"search_term_string\"}}],\"inLanguage\":\"sv-SE\"}]}<\/script>\n<!-- \/ Yoast SEO plugin. -->","yoast_head_json":{"title":"Funkiskul - Halland","robots":{"index":"index","follow":"follow","max-snippet":"max-snippet:-1","max-image-preview":"max-image-preview:large","max-video-preview":"max-video-preview:-1"},"canonical":"https:\/\/www.abf.se\/halland\/lss\/funkiskul\/","og_locale":"sv_SE","og_type":"article","og_title":"Funkiskul - Halland","og_url":"https:\/\/www.abf.se\/halland\/lss\/funkiskul\/","og_site_name":"Halland","article_modified_time":"2025-12-16T09:59:41+00:00","og_image":[{"width":2560,"height":1440,"url":"https:\/\/www.abf.se\/wp-content\/uploads\/sites\/23\/2024\/04\/Nyckeln-liggande-scaled.jpg","type":"image\/jpeg"}],"twitter_card":"summary_large_image","schema":{"@context":"https:\/\/schema.org","@graph":[{"@type":"WebPage","@id":"https:\/\/www.abf.se\/halland\/lss\/funkiskul\/","url":"https:\/\/www.abf.se\/halland\/lss\/funkiskul\/","name":"Funkiskul - Halland","isPartOf":{"@id":"https:\/\/www.abf.se\/halland\/#website"},"datePublished":"2025-06-16T07:54:45+00:00","dateModified":"2025-12-16T09:59:41+00:00","breadcrumb":{"@id":"https:\/\/www.abf.se\/halland\/lss\/funkiskul\/#breadcrumb"},"inLanguage":"sv-SE","potentialAction":[{"@type":"ReadAction","target":["https:\/\/www.abf.se\/halland\/lss\/funkiskul\/"]}]},{"@type":"BreadcrumbList","@id":"https:\/\/www.abf.se\/halland\/lss\/funkiskul\/#breadcrumb","itemListElement":[{"@type":"ListItem","position":1,"name":"Home","item":"https:\/\/www.abf.se\/halland\/"},{"@type":"ListItem","position":2,"name":"LSS","item":"https:\/\/www.abf.se\/halland\/lss\/"},{"@type":"ListItem","position":3,"name":"Funkiskul"}]},{"@type":"WebSite","@id":"https:\/\/www.abf.se\/halland\/#website","url":"https:\/\/www.abf.se\/halland\/","name":"Halland","description":"","potentialAction":[{"@type":"SearchAction","target":{"@type":"EntryPoint","urlTemplate":"https:\/\/www.abf.se\/halland\/?s={search_term_string}"},"query-input":{"@type":"PropertyValueSpecification","valueRequired":true,"valueName":"search_term_string"}}],"inLanguage":"sv-SE"}]}},"_links":{"self":[{"href":"https:\/\/www.abf.se\/halland\/wp-json\/wp\/v2\/pages\/2036","targetHints":{"allow":["GET"]}}],"collection":[{"href":"https:\/\/www.abf.se\/halland\/wp-json\/wp\/v2\/pages"}],"about":[{"href":"https:\/\/www.abf.se\/halland\/wp-json\/wp\/v2\/types\/page"}],"author":[{"embeddable":true,"href":"https:\/\/www.abf.se\/halland\/wp-json\/wp\/v2\/users\/58"}],"replies":[{"embeddable":true,"href":"https:\/\/www.abf.se\/halland\/wp-json\/wp\/v2\/comments?post=2036"}],"version-history":[{"count":6,"href":"https:\/\/www.abf.se\/halland\/wp-json\/wp\/v2\/pages\/2036\/revisions"}],"predecessor-version":[{"id":2294,"href":"https:\/\/www.abf.se\/halland\/wp-json\/wp\/v2\/pages\/2036\/revisions\/2294"}],"up":[{"embeddable":true,"href":"https:\/\/www.abf.se\/halland\/wp-json\/wp\/v2\/pages\/381"}],"wp:attachment":[{"href":"https:\/\/www.abf.se\/halland\/wp-json\/wp\/v2\/media?parent=2036"}],"curies":[{"name":"wp","href":"https:\/\/api.w.org\/{rel}","templated":true}]}}