{"id":372,"date":"2024-03-18T14:30:55","date_gmt":"2024-03-18T13:30:55","guid":{"rendered":"https:\/\/www.abf.se\/halland\/?page_id=372"},"modified":"2025-03-24T13:49:24","modified_gmt":"2025-03-24T12:49:24","slug":"cirkelledare","status":"publish","type":"page","link":"https:\/\/www.abf.se\/halland\/cirkelledare\/","title":{"rendered":"Cirkelledare"},"content":{"rendered":"<div\n    class=\"acf-hero-block container-lg no-padding mb-12 js-geolocation\"\n    data-block=\"hero-block\"\n    data-index=\"0\"\n>\n    <div class=\"h-[548px]  relative rounded-[32px] overflow-hidden flex bg-gray-light\">\n        <div class=\"relative z-10 mt-auto h-auto w-full md:h-full\">\n            <div class=\"flex w-full h-full flex-col flex-wrap justify-end w-full md:w-7\/12 lg:w-1\/2 md:justify-center\">\n                <div class=\"flex flex-col gap-3 md:gap-[18px] md:transparent pt-16 pb-36 md:py-8 px-4 w-full md:max-w-[620px] mx-auto px-8\">\n\n                    <h1 class=\"hero-heading hero-heading--red-text\"><span>Jag \u00e4r eller vill bli cirkelledare hos ABF Halland<\/span><\/h1>\n\n                                            <p class=\"mt-4 max-w-[48ch] text-white\">\n                            H\u00e4r hittar du information som du som cirkelledare hos ABF Halland kommer att beh\u00f6va. Samt om du \u00e4r intresserad av att bli cirkelledare. Du hittar ocks\u00e5 information om, hur man startar en studiecirkel.\n                        <\/p>\n                    \n                                    <\/div>\n            <\/div>\n        <\/div>\n\n                    <picture class=\"as-background-image mix-blend-multiply bg-black\/40\"><img decoding=\"async\" src=\"https:\/\/www.abf.se\/halland\/resized\/?url=https%3A%2F%2Fwww.abf.se%2Fwp-content%2Fuploads%2Fsites%2F23%2F2024%2F04%2Fhero-1440x784-7.png&#038;fit=crop&#038;w=1440&#038;s=c6111c9b119c68dc73c002650d917bce\" srcset=\"https:\/\/www.abf.se\/halland\/resized\/?url=https%3A%2F%2Fwww.abf.se%2Fwp-content%2Fuploads%2Fsites%2F23%2F2024%2F04%2Fhero-1440x784-7.png&#038;fit=crop&#038;w=375&#038;h=540&#038;s=f0be7d0813132029529782df9b18bb8f 375w, https:\/\/www.abf.se\/halland\/resized\/?url=https%3A%2F%2Fwww.abf.se%2Fwp-content%2Fuploads%2Fsites%2F23%2F2024%2F04%2Fhero-1440x784-7.png&#038;fit=crop&#038;w=447&#038;h=540&#038;s=eb39e69c9a9e18bc429f40ef21710595 447w, https:\/\/www.abf.se\/halland\/resized\/?url=https%3A%2F%2Fwww.abf.se%2Fwp-content%2Fuploads%2Fsites%2F23%2F2024%2F04%2Fhero-1440x784-7.png&#038;fit=crop&#038;w=519&#038;h=540&#038;s=c1126dec5f308e1704d4500f2f0b1f3b 519w, https:\/\/www.abf.se\/halland\/resized\/?url=https%3A%2F%2Fwww.abf.se%2Fwp-content%2Fuploads%2Fsites%2F23%2F2024%2F04%2Fhero-1440x784-7.png&#038;fit=crop&#038;w=591&#038;h=540&#038;s=5fcad6ac4d503b0a8908018abed076be 591w, https:\/\/www.abf.se\/halland\/resized\/?url=https%3A%2F%2Fwww.abf.se%2Fwp-content%2Fuploads%2Fsites%2F23%2F2024%2F04%2Fhero-1440x784-7.png&#038;fit=crop&#038;w=663&#038;h=540&#038;s=506e2f1a16ff535ec2f45db1267419f7 663w, https:\/\/www.abf.se\/halland\/resized\/?url=https%3A%2F%2Fwww.abf.se%2Fwp-content%2Fuploads%2Fsites%2F23%2F2024%2F04%2Fhero-1440x784-7.png&#038;fit=crop&#038;w=750&#038;h=540&#038;s=97feb8f33067c685bfa86503e8a1147a 750w, https:\/\/www.abf.se\/halland\/resized\/?url=https%3A%2F%2Fwww.abf.se%2Fwp-content%2Fuploads%2Fsites%2F23%2F2024%2F04%2Fhero-1440x784-7.png&#038;fit=crop&#038;w=894&#038;h=540&#038;s=32908ded67b9897de36777afe02c13f8 894w, https:\/\/www.abf.se\/halland\/resized\/?url=https%3A%2F%2Fwww.abf.se%2Fwp-content%2Fuploads%2Fsites%2F23%2F2024%2F04%2Fhero-1440x784-7.png&#038;fit=crop&#038;w=1038&#038;h=540&#038;s=0a1191d1f51e9a514c78720e46736b83 1038w, https:\/\/www.abf.se\/halland\/resized\/?url=https%3A%2F%2Fwww.abf.se%2Fwp-content%2Fuploads%2Fsites%2F23%2F2024%2F04%2Fhero-1440x784-7.png&#038;fit=crop&#038;w=1182&#038;h=540&#038;s=2d0e02e335534e9a033e6b30aa7856e3 1182w, https:\/\/www.abf.se\/halland\/resized\/?url=https%3A%2F%2Fwww.abf.se%2Fwp-content%2Fuploads%2Fsites%2F23%2F2024%2F04%2Fhero-1440x784-7.png&#038;fit=crop&#038;w=1326&#038;h=540&#038;s=51ac45a6bf242567c250c0222bb8f64a 1326w, https:\/\/www.abf.se\/halland\/resized\/?url=https%3A%2F%2Fwww.abf.se%2Fwp-content%2Fuploads%2Fsites%2F23%2F2024%2F04%2Fhero-1440x784-7.png&#038;fit=crop&#038;w=1440&#038;h=540&#038;s=2ef061afe2570602a06811a147c46667 1440w\" alt=\"\" height=\"540\" width=\"1440\" sizes=\"(max-width: 1440px) calc(100vw - 32px), 1440px\" loading=\"eager\" fetchpriority=\"high\" aria-hidden=\"true\" role=\"presentation\" \/><\/picture>\n        \n\n            <\/div>\n\n    <\/div>\n\n<div\n    class=\"acf-plain-heading-block container my-16\"\n    data-block=\"plain-heading-block\"\n>\n    <div class=\"max-w-[658px] mx-auto\">\n                <h1 class=\"hero-heading\"><span>V\u00e4lkommen som cirkelledare hos ABF<\/span><\/h1>\n                            <p class=\"mt-8 body-xl text-black\">\n                N\u00e4rmare 30.000 cirkelledare har valt ABF som sitt studief\u00f6rbund.<br \/>\r\nV\u00e5ra engagerade cirkelledare \u00e4r h\u00f6rnstenen i v\u00e5r verksamhet p\u00e5 ABF Halland. Utan dem skulle en betydande del av v\u00e5r folkbildning f\u00f6rsvinna. <br \/>\r\nSom cirkelledare spelar du en nyckelroll i v\u00e5rt arbete med att utveckla folkbildningen och g\u00f6ra den tillg\u00e4nglig f\u00f6r alla.<br \/>\r\n<br \/>\r\n\n            <\/p>\n            <\/div>\n<\/div>\n<div\n    class=\"acf-quick-link-block bg-red py-12 md:py-20\"\n    data-block=\"quick-link-block\"\n>\n    <div class=\"container\">\n        \n        <div\n            class=\"px-5 content:px-0 grid grid-cols-1 gap-8 md:grid-cols-2 lg:grid-cols-4\">\n            \n            <article\nclass=\"round-corners-sm p-6 relative group grid grid-rows-[subgrid] row-[span_3] gap-4 bg-white text-red\"\n>\n            <h3\n        class=\"heading-sm group-hover:underline text-red\">\n            <a href=\"https:\/\/www.abf.se\/halland\/cirkelledare\/jag-vill-bli-cirkelledare\/\" class=\"expanded-hit-area\" target=\"\">\n                Jag vill bli cirkelledare\n            <\/a>\n        <\/h3>\n                <p class=\"body-md text-gray-text\">\n            H\u00e4r hittar du intresseanm\u00e4lan f\u00f6r att bli cirkelledare\n        <\/p>\n        <figure\n    class=\"w-[38px] h-[38px] rounded-full p-2 group-hover:scale-110 transition-transform duration-300 self-end pointer-events-none bg-red text-white\">\n        <svg width=\"20\" height=\"20\" viewBox=\"0 0 20 20\" fill=\"none\" class=\"SvgIconElement\">\n<path d=\"M4.16659 10L15.8333 10\" stroke=\"currentColor\"\/>\n<path d=\"M9.99992 4.1665L15.8333 9.99984L9.99992 15.8332\" stroke=\"currentColor\"\/>\n<\/svg>\n    <\/figure>\n<\/article>            \n            <article\nclass=\"round-corners-sm p-6 relative group grid grid-rows-[subgrid] row-[span_3] gap-4 bg-white text-red\"\n>\n            <h3\n        class=\"heading-sm group-hover:underline text-red\">\n            <a href=\"https:\/\/www.abf.se\/halland\/cirkelledare\/jag-ar-en-cirkelledare\/\" class=\"expanded-hit-area\" target=\"\">\n                Jag \u00e4r en cirkelledare\n            <\/a>\n        <\/h3>\n                <p class=\"body-md text-gray-text\">\n            H\u00e4r hittar du viktiginformation f\u00f6r dig som cirkelledare, allt fr\u00e5n tips och tricks till guider i text och snart i videoformat med.\n        <\/p>\n        <figure\n    class=\"w-[38px] h-[38px] rounded-full p-2 group-hover:scale-110 transition-transform duration-300 self-end pointer-events-none bg-red text-white\">\n        <svg width=\"20\" height=\"20\" viewBox=\"0 0 20 20\" fill=\"none\" class=\"SvgIconElement\">\n<path d=\"M4.16659 10L15.8333 10\" stroke=\"currentColor\"\/>\n<path d=\"M9.99992 4.1665L15.8333 9.99984L9.99992 15.8332\" stroke=\"currentColor\"\/>\n<\/svg>\n    <\/figure>\n<\/article>            \n            <article\nclass=\"round-corners-sm p-6 relative group grid grid-rows-[subgrid] row-[span_3] gap-4 bg-white text-red\"\n>\n            <h3\n        class=\"heading-sm group-hover:underline text-red\">\n            <a href=\"https:\/\/www.abf.se\/halland\/cirkelledare\/jag-vill-starta-en-studiecikel\/\" class=\"expanded-hit-area\" target=\"\">\n                Jag vill starta en studiecirkel\n            <\/a>\n        <\/h3>\n                <p class=\"body-md text-gray-text\">\n            Har du en idea och en grupp och vill starta en studiecirkel?\n        <\/p>\n        <figure\n    class=\"w-[38px] h-[38px] rounded-full p-2 group-hover:scale-110 transition-transform duration-300 self-end pointer-events-none bg-red text-white\">\n        <svg width=\"20\" height=\"20\" viewBox=\"0 0 20 20\" fill=\"none\" class=\"SvgIconElement\">\n<path d=\"M4.16659 10L15.8333 10\" stroke=\"currentColor\"\/>\n<path d=\"M9.99992 4.1665L15.8333 9.99984L9.99992 15.8332\" stroke=\"currentColor\"\/>\n<\/svg>\n    <\/figure>\n<\/article>            \n            <article\nclass=\"round-corners-sm p-6 relative group grid grid-rows-[subgrid] row-[span_3] gap-4 bg-white text-red\"\n>\n            <h3\n        class=\"heading-sm group-hover:underline text-red\">\n            <a href=\"https:\/\/arretjanst.abf.se\/\" class=\"expanded-hit-area\" target=\"_blank\">\n                Rapportera n\u00e4rvaro\n            <\/a>\n        <\/h3>\n                <p class=\"body-md text-gray-text\">\n            H\u00e4r hittar du enkelt till startsidan f\u00f6r e-tj\u00e4nsten.\n        <\/p>\n        <figure\n    class=\"w-[38px] h-[38px] rounded-full p-2 group-hover:scale-110 transition-transform duration-300 self-end pointer-events-none bg-red text-white\">\n        <svg width=\"20\" height=\"20\" viewBox=\"0 0 20 20\" fill=\"none\" class=\"SvgIconElement\">\n<path d=\"M4.16659 10L15.8333 10\" stroke=\"currentColor\"\/>\n<path d=\"M9.99992 4.1665L15.8333 9.99984L9.99992 15.8332\" stroke=\"currentColor\"\/>\n<\/svg>\n    <\/figure>\n<\/article>                    <\/div>\n    <\/div>\n<\/div>\n","protected":false},"excerpt":{"rendered":"","protected":false},"author":77,"featured_media":0,"parent":0,"menu_order":0,"comment_status":"closed","ping_status":"closed","template":"","meta":{"_acf_changed":false,"footnotes":""},"class_list":["post-372","page","type-page","status-publish","hentry"],"acf":[],"yoast_head":"<!-- This site is optimized with the Yoast SEO plugin v27.0 - https:\/\/yoast.com\/product\/yoast-seo-wordpress\/ -->\n<title>Cirkelledare - Halland<\/title>\n<meta name=\"robots\" content=\"index, follow, max-snippet:-1, max-image-preview:large, max-video-preview:-1\" \/>\n<link rel=\"canonical\" href=\"https:\/\/www.abf.se\/halland\/cirkelledare\/\" \/>\n<meta property=\"og:locale\" content=\"sv_SE\" \/>\n<meta property=\"og:type\" content=\"article\" \/>\n<meta property=\"og:title\" content=\"Cirkelledare - Halland\" \/>\n<meta property=\"og:url\" content=\"https:\/\/www.abf.se\/halland\/cirkelledare\/\" \/>\n<meta property=\"og:site_name\" content=\"Halland\" \/>\n<meta property=\"article:modified_time\" content=\"2025-03-24T12:49:24+00:00\" \/>\n<meta property=\"og:image\" content=\"https:\/\/www.abf.se\/wp-content\/uploads\/sites\/23\/2024\/04\/Nyckeln-liggande-scaled.jpg\" \/>\n\t<meta property=\"og:image:width\" content=\"2560\" \/>\n\t<meta property=\"og:image:height\" content=\"1440\" \/>\n\t<meta property=\"og:image:type\" content=\"image\/jpeg\" \/>\n<meta name=\"twitter:card\" content=\"summary_large_image\" \/>\n<script type=\"application\/ld+json\" class=\"yoast-schema-graph\">{\"@context\":\"https:\/\/schema.org\",\"@graph\":[{\"@type\":\"WebPage\",\"@id\":\"https:\/\/www.abf.se\/halland\/cirkelledare\/\",\"url\":\"https:\/\/www.abf.se\/halland\/cirkelledare\/\",\"name\":\"Cirkelledare - Halland\",\"isPartOf\":{\"@id\":\"https:\/\/www.abf.se\/halland\/#website\"},\"datePublished\":\"2024-03-18T13:30:55+00:00\",\"dateModified\":\"2025-03-24T12:49:24+00:00\",\"breadcrumb\":{\"@id\":\"https:\/\/www.abf.se\/halland\/cirkelledare\/#breadcrumb\"},\"inLanguage\":\"sv-SE\",\"potentialAction\":[{\"@type\":\"ReadAction\",\"target\":[\"https:\/\/www.abf.se\/halland\/cirkelledare\/\"]}]},{\"@type\":\"BreadcrumbList\",\"@id\":\"https:\/\/www.abf.se\/halland\/cirkelledare\/#breadcrumb\",\"itemListElement\":[{\"@type\":\"ListItem\",\"position\":1,\"name\":\"Home\",\"item\":\"https:\/\/www.abf.se\/halland\/\"},{\"@type\":\"ListItem\",\"position\":2,\"name\":\"Cirkelledare\"}]},{\"@type\":\"WebSite\",\"@id\":\"https:\/\/www.abf.se\/halland\/#website\",\"url\":\"https:\/\/www.abf.se\/halland\/\",\"name\":\"Halland\",\"description\":\"\",\"potentialAction\":[{\"@type\":\"SearchAction\",\"target\":{\"@type\":\"EntryPoint\",\"urlTemplate\":\"https:\/\/www.abf.se\/halland\/?s={search_term_string}\"},\"query-input\":{\"@type\":\"PropertyValueSpecification\",\"valueRequired\":true,\"valueName\":\"search_term_string\"}}],\"inLanguage\":\"sv-SE\"}]}<\/script>\n<!-- \/ Yoast SEO plugin. -->","yoast_head_json":{"title":"Cirkelledare - Halland","robots":{"index":"index","follow":"follow","max-snippet":"max-snippet:-1","max-image-preview":"max-image-preview:large","max-video-preview":"max-video-preview:-1"},"canonical":"https:\/\/www.abf.se\/halland\/cirkelledare\/","og_locale":"sv_SE","og_type":"article","og_title":"Cirkelledare - Halland","og_url":"https:\/\/www.abf.se\/halland\/cirkelledare\/","og_site_name":"Halland","article_modified_time":"2025-03-24T12:49:24+00:00","og_image":[{"width":2560,"height":1440,"url":"https:\/\/www.abf.se\/wp-content\/uploads\/sites\/23\/2024\/04\/Nyckeln-liggande-scaled.jpg","type":"image\/jpeg"}],"twitter_card":"summary_large_image","schema":{"@context":"https:\/\/schema.org","@graph":[{"@type":"WebPage","@id":"https:\/\/www.abf.se\/halland\/cirkelledare\/","url":"https:\/\/www.abf.se\/halland\/cirkelledare\/","name":"Cirkelledare - Halland","isPartOf":{"@id":"https:\/\/www.abf.se\/halland\/#website"},"datePublished":"2024-03-18T13:30:55+00:00","dateModified":"2025-03-24T12:49:24+00:00","breadcrumb":{"@id":"https:\/\/www.abf.se\/halland\/cirkelledare\/#breadcrumb"},"inLanguage":"sv-SE","potentialAction":[{"@type":"ReadAction","target":["https:\/\/www.abf.se\/halland\/cirkelledare\/"]}]},{"@type":"BreadcrumbList","@id":"https:\/\/www.abf.se\/halland\/cirkelledare\/#breadcrumb","itemListElement":[{"@type":"ListItem","position":1,"name":"Home","item":"https:\/\/www.abf.se\/halland\/"},{"@type":"ListItem","position":2,"name":"Cirkelledare"}]},{"@type":"WebSite","@id":"https:\/\/www.abf.se\/halland\/#website","url":"https:\/\/www.abf.se\/halland\/","name":"Halland","description":"","potentialAction":[{"@type":"SearchAction","target":{"@type":"EntryPoint","urlTemplate":"https:\/\/www.abf.se\/halland\/?s={search_term_string}"},"query-input":{"@type":"PropertyValueSpecification","valueRequired":true,"valueName":"search_term_string"}}],"inLanguage":"sv-SE"}]}},"_links":{"self":[{"href":"https:\/\/www.abf.se\/halland\/wp-json\/wp\/v2\/pages\/372","targetHints":{"allow":["GET"]}}],"collection":[{"href":"https:\/\/www.abf.se\/halland\/wp-json\/wp\/v2\/pages"}],"about":[{"href":"https:\/\/www.abf.se\/halland\/wp-json\/wp\/v2\/types\/page"}],"author":[{"embeddable":true,"href":"https:\/\/www.abf.se\/halland\/wp-json\/wp\/v2\/users\/77"}],"replies":[{"embeddable":true,"href":"https:\/\/www.abf.se\/halland\/wp-json\/wp\/v2\/comments?post=372"}],"version-history":[{"count":28,"href":"https:\/\/www.abf.se\/halland\/wp-json\/wp\/v2\/pages\/372\/revisions"}],"predecessor-version":[{"id":1904,"href":"https:\/\/www.abf.se\/halland\/wp-json\/wp\/v2\/pages\/372\/revisions\/1904"}],"wp:attachment":[{"href":"https:\/\/www.abf.se\/halland\/wp-json\/wp\/v2\/media?parent=372"}],"curies":[{"name":"wp","href":"https:\/\/api.w.org\/{rel}","templated":true}]}}