{"id":473,"date":"2024-03-27T14:05:34","date_gmt":"2024-03-27T13:05:34","guid":{"rendered":"https:\/\/www.abf.se\/halland\/?page_id=473"},"modified":"2024-09-10T12:10:20","modified_gmt":"2024-09-10T10:10:20","slug":"asylsokande-och-nyanlanda-sv","status":"publish","type":"page","link":"https:\/\/www.abf.se\/halland\/asylsokande-och-nyanlanda-sv\/","title":{"rendered":"Asyls\u00f6kande och Nyanl\u00e4nda-sv"},"content":{"rendered":"<div\n    class=\"acf-hero-block container-lg no-padding mb-12 js-geolocation\"\n    data-block=\"hero-block\"\n    data-index=\"0\"\n>\n    <div class=\"h-[548px]  relative rounded-[32px] overflow-hidden flex bg-gray-light\">\n        <div class=\"relative z-10 mt-auto h-auto w-full md:h-full\">\n            <div class=\"flex w-full h-full flex-col flex-wrap justify-end w-full md:w-7\/12 lg:w-1\/2 md:justify-center\">\n                <div class=\"flex flex-col gap-3 md:gap-[18px] md:transparent pt-16 pb-36 md:py-8 px-4 w-full md:max-w-[620px] mx-auto px-8\">\n\n                    <h1 class=\"hero-heading hero-heading--red-text\"><span>ABF v\u00e4lkomnar alla asyls\u00f6kande och nyanl\u00e4nda<\/span><\/h1>\n\n                                            <p class=\"mt-4 max-w-[48ch] text-white\">\n                            Vi erbjuder ett brett utbud av kurser och resurser f\u00f6r asyls\u00f6kande och nyanl\u00e4nda i hela Halland, inklusive svenska och engelska spr\u00e5kkurser, m\u00e5lningskurser, datorkurser samt information om det svenska samh\u00e4llet och mycket mer.\n                        <\/p>\n                    \n                                        <div class=\"flex flex-row flex-wrap gap-y-2 gap-x-1\">\n                                                <a class=\"label-md py-[3px] px-[6px] rounded-[44px] text-red bg-white\" href=\"https:\/\/www.abf.se\/halland\/asylsokande-och-nyanlanda\/\" target=\"\">Read this information in English<\/a>\n                                            <\/div>\n                                    <\/div>\n            <\/div>\n        <\/div>\n\n                    <picture class=\"as-background-image mix-blend-multiply bg-black\/40\"><img decoding=\"async\" src=\"https:\/\/www.abf.se\/halland\/resized\/?url=https%3A%2F%2Fwww.abf.se%2Fwp-content%2Fuploads%2Fsites%2F23%2F2024%2F03%2F4-1.png&#038;fit=crop&#038;w=1440&#038;s=e8e1e3bdc0b2acc2a7fb51292f36baef\" srcset=\"https:\/\/www.abf.se\/halland\/resized\/?url=https%3A%2F%2Fwww.abf.se%2Fwp-content%2Fuploads%2Fsites%2F23%2F2024%2F03%2F4-1.png&#038;fit=crop&#038;w=375&#038;h=540&#038;s=00ef65d408575d7588db5a24eca99923 375w, https:\/\/www.abf.se\/halland\/resized\/?url=https%3A%2F%2Fwww.abf.se%2Fwp-content%2Fuploads%2Fsites%2F23%2F2024%2F03%2F4-1.png&#038;fit=crop&#038;w=447&#038;h=540&#038;s=3cba620a7f3179b49161e8ad9b1ba759 447w, https:\/\/www.abf.se\/halland\/resized\/?url=https%3A%2F%2Fwww.abf.se%2Fwp-content%2Fuploads%2Fsites%2F23%2F2024%2F03%2F4-1.png&#038;fit=crop&#038;w=519&#038;h=540&#038;s=e669c222514fd38e1674a36390a91907 519w, https:\/\/www.abf.se\/halland\/resized\/?url=https%3A%2F%2Fwww.abf.se%2Fwp-content%2Fuploads%2Fsites%2F23%2F2024%2F03%2F4-1.png&#038;fit=crop&#038;w=591&#038;h=540&#038;s=595b275c5ef41b5208d4d4d3e13cb9af 591w, https:\/\/www.abf.se\/halland\/resized\/?url=https%3A%2F%2Fwww.abf.se%2Fwp-content%2Fuploads%2Fsites%2F23%2F2024%2F03%2F4-1.png&#038;fit=crop&#038;w=663&#038;h=540&#038;s=1f1f72b4162507a719199932800c4a97 663w, https:\/\/www.abf.se\/halland\/resized\/?url=https%3A%2F%2Fwww.abf.se%2Fwp-content%2Fuploads%2Fsites%2F23%2F2024%2F03%2F4-1.png&#038;fit=crop&#038;w=750&#038;h=540&#038;s=cabae87aaf4e5efd258f0c90d195a16e 750w, https:\/\/www.abf.se\/halland\/resized\/?url=https%3A%2F%2Fwww.abf.se%2Fwp-content%2Fuploads%2Fsites%2F23%2F2024%2F03%2F4-1.png&#038;fit=crop&#038;w=894&#038;h=540&#038;s=1ae3aec231d2c78e2a4f6c395745d902 894w, https:\/\/www.abf.se\/halland\/resized\/?url=https%3A%2F%2Fwww.abf.se%2Fwp-content%2Fuploads%2Fsites%2F23%2F2024%2F03%2F4-1.png&#038;fit=crop&#038;w=1038&#038;h=540&#038;s=6c7aadb1cc8a1d68d14b6652384e0554 1038w, https:\/\/www.abf.se\/halland\/resized\/?url=https%3A%2F%2Fwww.abf.se%2Fwp-content%2Fuploads%2Fsites%2F23%2F2024%2F03%2F4-1.png&#038;fit=crop&#038;w=1182&#038;h=540&#038;s=d68141f7a114ecde8c170a5f1f2e7882 1182w, https:\/\/www.abf.se\/halland\/resized\/?url=https%3A%2F%2Fwww.abf.se%2Fwp-content%2Fuploads%2Fsites%2F23%2F2024%2F03%2F4-1.png&#038;fit=crop&#038;w=1326&#038;h=540&#038;s=ed8f61e52c39f9b03104059ed6d2c846 1326w, https:\/\/www.abf.se\/halland\/resized\/?url=https%3A%2F%2Fwww.abf.se%2Fwp-content%2Fuploads%2Fsites%2F23%2F2024%2F03%2F4-1.png&#038;fit=crop&#038;w=1440&#038;h=540&#038;s=c12296858204750c581dba457cbcf345 1440w\" alt=\"\" height=\"540\" width=\"1440\" sizes=\"(max-width: 1440px) calc(100vw - 32px), 1440px\" loading=\"eager\" fetchpriority=\"high\" aria-hidden=\"true\" role=\"presentation\" \/><\/picture>\n        \n\n                    <figure class=\"absolute bottom-0  md:w-1\/2 transform right-0 translate-x-10 md:translate-x-32\">\n                <img decoding=\"async\"\n                    alt=\"\"\n                    aria-hidden=\"true\"\n                    class=\"h-auto w-full\"\n                    role=\"presentation\"\n                    src=\"\/assets\/images\/two_circles_bottom.svg\"\n                >\n            <\/figure>\n            <\/div>\n\n    <\/div>\n\n<div\n    class=\"acf-text-image-block container my-12 md:my-15\"\n    data-block=\"text-image-block\"\n>\n    <div\n    class=\"flex flex-col items-center md:flex-row gap-8 md:gap-0 justify-between\">\n                        <div class=\"w-full md:w-1\/2 md:order-2\">\n            <picture><img decoding=\"async\" src=\"https:\/\/www.abf.se\/halland\/resized\/?url=https%3A%2F%2Fwww.abf.se%2Fwp-content%2Fuploads%2Fsites%2F23%2F2024%2F03%2F2-1.png&#038;fit=crop&#038;w=578&#038;s=829845bce1541d9f5201bc02c58d6386\" srcset=\"https:\/\/www.abf.se\/halland\/resized\/?url=https%3A%2F%2Fwww.abf.se%2Fwp-content%2Fuploads%2Fsites%2F23%2F2024%2F03%2F2-1.png&#038;fit=crop&#038;w=144&#038;h=126&#038;s=5f9f57f5f8f0623c2cad66c0ce945826 144w, https:\/\/www.abf.se\/halland\/resized\/?url=https%3A%2F%2Fwww.abf.se%2Fwp-content%2Fuploads%2Fsites%2F23%2F2024%2F03%2F2-1.png&#038;fit=crop&#038;w=240&#038;h=211&#038;s=f1e8fe750d2d79091c5f42a13930dc80 240w, https:\/\/www.abf.se\/halland\/resized\/?url=https%3A%2F%2Fwww.abf.se%2Fwp-content%2Fuploads%2Fsites%2F23%2F2024%2F03%2F2-1.png&#038;fit=crop&#038;w=288&#038;h=253&#038;s=8c57ee67e4a29b788370ec1e1b2fcca4 288w, https:\/\/www.abf.se\/halland\/resized\/?url=https%3A%2F%2Fwww.abf.se%2Fwp-content%2Fuploads%2Fsites%2F23%2F2024%2F03%2F2-1.png&#038;fit=crop&#038;w=336&#038;h=295&#038;s=8d228437abee066b9f50969f0b595f70 336w, https:\/\/www.abf.se\/halland\/resized\/?url=https%3A%2F%2Fwww.abf.se%2Fwp-content%2Fuploads%2Fsites%2F23%2F2024%2F03%2F2-1.png&#038;fit=crop&#038;w=432&#038;h=380&#038;s=bf72a4eef66d836e618a07694ec0f28e 432w, https:\/\/www.abf.se\/halland\/resized\/?url=https%3A%2F%2Fwww.abf.se%2Fwp-content%2Fuploads%2Fsites%2F23%2F2024%2F03%2F2-1.png&#038;fit=crop&#038;w=480&#038;h=422&#038;s=f28814e9e63f0a601e6e8006604f819a 480w, https:\/\/www.abf.se\/halland\/resized\/?url=https%3A%2F%2Fwww.abf.se%2Fwp-content%2Fuploads%2Fsites%2F23%2F2024%2F03%2F2-1.png&#038;fit=crop&#038;w=528&#038;h=464&#038;s=2cdd2b49fee05d3efe9b538e4dfc5ed3 528w, https:\/\/www.abf.se\/halland\/resized\/?url=https%3A%2F%2Fwww.abf.se%2Fwp-content%2Fuploads%2Fsites%2F23%2F2024%2F03%2F2-1.png&#038;fit=crop&#038;w=578&#038;h=509&#038;s=088171024a99f4e99052472acbc28606 578w, https:\/\/www.abf.se\/halland\/resized\/?url=https%3A%2F%2Fwww.abf.se%2Fwp-content%2Fuploads%2Fsites%2F23%2F2024%2F03%2F2-1.png&#038;fit=crop&#038;w=672&#038;h=591&#038;s=bb4ffd1e0d383a296f7218d27d8eeb4e 672w, https:\/\/www.abf.se\/halland\/resized\/?url=https%3A%2F%2Fwww.abf.se%2Fwp-content%2Fuploads%2Fsites%2F23%2F2024%2F03%2F2-1.png&#038;fit=crop&#038;w=864&#038;h=760&#038;s=a2e3c50301e19476856c3a60b9230957 864w, https:\/\/www.abf.se\/halland\/resized\/?url=https%3A%2F%2Fwww.abf.se%2Fwp-content%2Fuploads%2Fsites%2F23%2F2024%2F03%2F2-1.png&#038;fit=crop&#038;w=1056&#038;h=929&#038;s=a1feac87a1ddc6adcb3f62a274a447c9 1056w\" alt=\"\" height=\"509\" width=\"578\" sizes=\"auto, (max-width: 768px) 100vw,\n                (max-width: 1280px) 50vw, 578px\" loading=\"lazy\" fetchpriority=\"low\" \/><\/picture>\n\n        <\/div>\n        \n        <div class=\"w-full md:w-1\/2 md:order-1\">\n        <div class=\"mx-auto md:max-w-[368px]\">\n            <h2 class=\"heading-lg\">Svenska fr\u00e5n dag 1 och vardagsvenska<\/h2>\n            <div class=\"mb-6 mt-4 wysiwyg\">\n                <p>\u00c4r du ny i Sverige och vill l\u00e4ra dig svenska?<\/p>\n<p>Med v\u00e5ra svenskkurser vill vi ge dig som \u00e4r asyls\u00f6kande kunskaper i svenska samtidigt som du l\u00e4r dig om Sverige. Vi har duktiga ledare som hj\u00e4lper dig att b\u00e5de prata, skriva och f\u00f6rst\u00e5 svenska. De anpassar undervisningen efter gruppens behov och den kursplan som finns. Deltagare i denna kurs f\u00e5r ett tryckt studiematerial som g\u00f6r det m\u00f6jligt att studera mellan tr\u00e4ffarna.<\/p>\n<p><strong>Var och N\u00e4r?<\/strong><\/p>\n<p>m\u00e5n, ons, och tors 9.30-12:00 i Halmstad<\/p>\n<p>Klicka h\u00e4r f\u00f6r mer info om <a href=\"https:\/\/www.abf.se\/halland\/vara-kontor-i-halland\/\">v\u00e5ra lokaler<\/a>.<\/p>\n\n            <\/div>\n                                            <a href='mailto:manar.wassouf@abf.se' class=\"default-button\" target=\"\">Anm\u00e4lan till kursen<\/a>\n                    <\/div>\n        <\/div>\n    <\/div>\n<\/div><div\n    class=\"acf-text-image-block container my-12 md:my-15\"\n    data-block=\"text-image-block\"\n>\n    <div\n    class=\"flex flex-col items-center md:flex-row gap-8 md:gap-0 justify-between\">\n                        <div class=\"w-full md:w-1\/2 md:order-1\">\n            <picture><img decoding=\"async\" src=\"https:\/\/www.abf.se\/halland\/resized\/?url=https%3A%2F%2Fwww.abf.se%2Fwp-content%2Fuploads%2Fsites%2F23%2F2024%2F03%2Fbild-och-text-682-x-601-px.png&#038;fit=crop&#038;w=578&#038;s=81378420cdb692ab570cec1aee6b6d61\" srcset=\"https:\/\/www.abf.se\/halland\/resized\/?url=https%3A%2F%2Fwww.abf.se%2Fwp-content%2Fuploads%2Fsites%2F23%2F2024%2F03%2Fbild-och-text-682-x-601-px.png&#038;fit=crop&#038;w=144&#038;h=126&#038;s=353e0d84d18c81ae0e1234402d8e3b7c 144w, https:\/\/www.abf.se\/halland\/resized\/?url=https%3A%2F%2Fwww.abf.se%2Fwp-content%2Fuploads%2Fsites%2F23%2F2024%2F03%2Fbild-och-text-682-x-601-px.png&#038;fit=crop&#038;w=240&#038;h=211&#038;s=a20c833e8d78b14a8b66032c2c01cbb7 240w, https:\/\/www.abf.se\/halland\/resized\/?url=https%3A%2F%2Fwww.abf.se%2Fwp-content%2Fuploads%2Fsites%2F23%2F2024%2F03%2Fbild-och-text-682-x-601-px.png&#038;fit=crop&#038;w=288&#038;h=253&#038;s=d9ae6138968ddb5cfc55606a21660920 288w, https:\/\/www.abf.se\/halland\/resized\/?url=https%3A%2F%2Fwww.abf.se%2Fwp-content%2Fuploads%2Fsites%2F23%2F2024%2F03%2Fbild-och-text-682-x-601-px.png&#038;fit=crop&#038;w=336&#038;h=295&#038;s=d5e566c28a846d406b92fda29aa6b05d 336w, https:\/\/www.abf.se\/halland\/resized\/?url=https%3A%2F%2Fwww.abf.se%2Fwp-content%2Fuploads%2Fsites%2F23%2F2024%2F03%2Fbild-och-text-682-x-601-px.png&#038;fit=crop&#038;w=432&#038;h=380&#038;s=ead83869c5d907dd968eebdf5c585b77 432w, https:\/\/www.abf.se\/halland\/resized\/?url=https%3A%2F%2Fwww.abf.se%2Fwp-content%2Fuploads%2Fsites%2F23%2F2024%2F03%2Fbild-och-text-682-x-601-px.png&#038;fit=crop&#038;w=480&#038;h=422&#038;s=0ce14f428c170138f2432121660e5f61 480w, https:\/\/www.abf.se\/halland\/resized\/?url=https%3A%2F%2Fwww.abf.se%2Fwp-content%2Fuploads%2Fsites%2F23%2F2024%2F03%2Fbild-och-text-682-x-601-px.png&#038;fit=crop&#038;w=528&#038;h=464&#038;s=4d1e671a9549ab26bc7b4b039329cf01 528w, https:\/\/www.abf.se\/halland\/resized\/?url=https%3A%2F%2Fwww.abf.se%2Fwp-content%2Fuploads%2Fsites%2F23%2F2024%2F03%2Fbild-och-text-682-x-601-px.png&#038;fit=crop&#038;w=578&#038;h=509&#038;s=786ac55930f71c63337cc03fc36c92bc 578w, https:\/\/www.abf.se\/halland\/resized\/?url=https%3A%2F%2Fwww.abf.se%2Fwp-content%2Fuploads%2Fsites%2F23%2F2024%2F03%2Fbild-och-text-682-x-601-px.png&#038;fit=crop&#038;w=672&#038;h=591&#038;s=82c80d1ea18ebd900215dcf54f8f0b38 672w, https:\/\/www.abf.se\/halland\/resized\/?url=https%3A%2F%2Fwww.abf.se%2Fwp-content%2Fuploads%2Fsites%2F23%2F2024%2F03%2Fbild-och-text-682-x-601-px.png&#038;fit=crop&#038;w=864&#038;h=760&#038;s=bd0615660d38039e587f022469059b68 864w, https:\/\/www.abf.se\/halland\/resized\/?url=https%3A%2F%2Fwww.abf.se%2Fwp-content%2Fuploads%2Fsites%2F23%2F2024%2F03%2Fbild-och-text-682-x-601-px.png&#038;fit=crop&#038;w=1056&#038;h=929&#038;s=8c3dbc9580653ef748473e17cf78e5d2 1056w\" alt=\"\" height=\"509\" width=\"578\" sizes=\"auto, (max-width: 768px) 100vw,\n                (max-width: 1280px) 50vw, 578px\" loading=\"lazy\" fetchpriority=\"low\" \/><\/picture>\n\n        <\/div>\n        \n        <div class=\"w-full md:w-1\/2 md:order-2\">\n        <div class=\"mx-auto md:max-w-[368px]\">\n            <h2 class=\"heading-lg\">Skapa kreativa konstverk<\/h2>\n            <div class=\"mb-6 mt-4 wysiwyg\">\n                <p>Varje fredag mellan 10 och 12 har du m\u00f6jlighet att utforska din kreativa sida genom att skapa konstverk tillsammans med v\u00e5ra skickliga ledare Faten. Vi erbjuder en m\u00e4ngd olika aktiviteter inklusive tillverkning av accessoarer, m\u00e5lning p\u00e5 duk och glas, samt skapande av presenter och mycket mer.<\/p>\n<p><strong>Var och N\u00e4r?<\/strong><\/p>\n<p>fredag 10:00-12:00 p\u00e5 ABF i Halmstad.<\/p>\n<p>Klicka h\u00e4r f\u00f6r mer info om <a href=\"https:\/\/www.abf.se\/halland\/vara-kontor-i-halland\/\">v\u00e5ra lokaler<\/a>.<\/p>\n\n            <\/div>\n                                            <a href='mailto:manar.wassouf@abf.se' class=\"default-button\" target=\"\">Kontakta oss<\/a>\n                    <\/div>\n        <\/div>\n    <\/div>\n<\/div><div\n    class=\"acf-section-breaker-text my-8 container-lg\"\n    data-block=\"section-breaker-text\"\n>\n    <div class=\"round-corners-lg overflow-hidden pt-36 pb-8 px-5 md:p-16 relative grid grid-cols-1 md:grid-cols-2 lg:grid-cols-5 grid-flow-col-dense\">\n\n            <picture class=\"as-background-image\"><img decoding=\"async\" src=\"https:\/\/www.abf.se\/halland\/resized\/?url=https%3A%2F%2Fwww.abf.se%2Fwp-content%2Fuploads%2Fsites%2F23%2F2024%2F03%2Ftext-med-bildbakgrund-1.png&#038;fit=crop&#038;w=1440&#038;s=9d413b025ad76d9c3368d4e41963791e\" srcset=\"https:\/\/www.abf.se\/halland\/resized\/?url=https%3A%2F%2Fwww.abf.se%2Fwp-content%2Fuploads%2Fsites%2F23%2F2024%2F03%2Ftext-med-bildbakgrund-1.png&#038;fit=crop&#038;w=375&#038;h=540&#038;s=4de9abfd503a5b83caa281e6d9ddaef5 375w, https:\/\/www.abf.se\/halland\/resized\/?url=https%3A%2F%2Fwww.abf.se%2Fwp-content%2Fuploads%2Fsites%2F23%2F2024%2F03%2Ftext-med-bildbakgrund-1.png&#038;fit=crop&#038;w=499&#038;h=540&#038;s=9066a299fd106174d1b352e84b7d8c10 499w, https:\/\/www.abf.se\/halland\/resized\/?url=https%3A%2F%2Fwww.abf.se%2Fwp-content%2Fuploads%2Fsites%2F23%2F2024%2F03%2Ftext-med-bildbakgrund-1.png&#038;fit=crop&#038;w=623&#038;h=540&#038;s=fee7413ee14dc5581f1a8639a1f2b0bd 623w, https:\/\/www.abf.se\/halland\/resized\/?url=https%3A%2F%2Fwww.abf.se%2Fwp-content%2Fuploads%2Fsites%2F23%2F2024%2F03%2Ftext-med-bildbakgrund-1.png&#038;fit=crop&#038;w=747&#038;h=540&#038;s=6ad059d6d7c21fdd1333a6fe5324ef5a 747w, https:\/\/www.abf.se\/halland\/resized\/?url=https%3A%2F%2Fwww.abf.se%2Fwp-content%2Fuploads%2Fsites%2F23%2F2024%2F03%2Ftext-med-bildbakgrund-1.png&#038;fit=crop&#038;w=750&#038;h=540&#038;s=3f017efb0b20f794432b7167e00bcfe0 750w, https:\/\/www.abf.se\/halland\/resized\/?url=https%3A%2F%2Fwww.abf.se%2Fwp-content%2Fuploads%2Fsites%2F23%2F2024%2F03%2Ftext-med-bildbakgrund-1.png&#038;fit=crop&#038;w=871&#038;h=540&#038;s=275875596bb54c60c4e295a008d2f76e 871w, https:\/\/www.abf.se\/halland\/resized\/?url=https%3A%2F%2Fwww.abf.se%2Fwp-content%2Fuploads%2Fsites%2F23%2F2024%2F03%2Ftext-med-bildbakgrund-1.png&#038;fit=crop&#038;w=995&#038;h=540&#038;s=abcd182d2d2e37586ce4b94604be144a 995w, https:\/\/www.abf.se\/halland\/resized\/?url=https%3A%2F%2Fwww.abf.se%2Fwp-content%2Fuploads%2Fsites%2F23%2F2024%2F03%2Ftext-med-bildbakgrund-1.png&#038;fit=crop&#038;w=998&#038;h=540&#038;s=d308b57b582771f4df45d6732aba7dd8 998w, https:\/\/www.abf.se\/halland\/resized\/?url=https%3A%2F%2Fwww.abf.se%2Fwp-content%2Fuploads%2Fsites%2F23%2F2024%2F03%2Ftext-med-bildbakgrund-1.png&#038;fit=crop&#038;w=1119&#038;h=540&#038;s=6da8d6993161a765984bd4b3e2184047 1119w, https:\/\/www.abf.se\/halland\/resized\/?url=https%3A%2F%2Fwww.abf.se%2Fwp-content%2Fuploads%2Fsites%2F23%2F2024%2F03%2Ftext-med-bildbakgrund-1.png&#038;fit=crop&#038;w=1243&#038;h=540&#038;s=b4d148a04e407c8342dfb4ea644e020d 1243w, https:\/\/www.abf.se\/halland\/resized\/?url=https%3A%2F%2Fwww.abf.se%2Fwp-content%2Fuploads%2Fsites%2F23%2F2024%2F03%2Ftext-med-bildbakgrund-1.png&#038;fit=crop&#038;w=1246&#038;h=540&#038;s=ed269271f1585c207e98c926a766bc11 1246w, https:\/\/www.abf.se\/halland\/resized\/?url=https%3A%2F%2Fwww.abf.se%2Fwp-content%2Fuploads%2Fsites%2F23%2F2024%2F03%2Ftext-med-bildbakgrund-1.png&#038;fit=crop&#038;w=1367&#038;h=540&#038;s=1fee36ee8da2c23082fc56bf806a5155 1367w, https:\/\/www.abf.se\/halland\/resized\/?url=https%3A%2F%2Fwww.abf.se%2Fwp-content%2Fuploads%2Fsites%2F23%2F2024%2F03%2Ftext-med-bildbakgrund-1.png&#038;fit=crop&#038;w=1440&#038;h=540&#038;s=9de3be5d10d8827b77b5c63adf615bc2 1440w, https:\/\/www.abf.se\/halland\/resized\/?url=https%3A%2F%2Fwww.abf.se%2Fwp-content%2Fuploads%2Fsites%2F23%2F2024%2F03%2Ftext-med-bildbakgrund-1.png&#038;fit=crop&#038;w=1494&#038;h=540&#038;s=c699e0330210f956cc0c8cb8e8d38e2c 1494w, https:\/\/www.abf.se\/halland\/resized\/?url=https%3A%2F%2Fwww.abf.se%2Fwp-content%2Fuploads%2Fsites%2F23%2F2024%2F03%2Ftext-med-bildbakgrund-1.png&#038;fit=crop&#038;w=1742&#038;h=540&#038;s=04dd273e5c74d57f7386c005554b32a4 1742w, https:\/\/www.abf.se\/halland\/resized\/?url=https%3A%2F%2Fwww.abf.se%2Fwp-content%2Fuploads%2Fsites%2F23%2F2024%2F03%2Ftext-med-bildbakgrund-1.png&#038;fit=crop&#038;w=1990&#038;h=540&#038;s=fd92a4f8f083cf449b70eeb925041c35 1990w, https:\/\/www.abf.se\/halland\/resized\/?url=https%3A%2F%2Fwww.abf.se%2Fwp-content%2Fuploads%2Fsites%2F23%2F2024%2F03%2Ftext-med-bildbakgrund-1.png&#038;fit=crop&#038;w=2238&#038;h=540&#038;s=d87b308de9a54fa1c5e62505697e1476 2238w, https:\/\/www.abf.se\/halland\/resized\/?url=https%3A%2F%2Fwww.abf.se%2Fwp-content%2Fuploads%2Fsites%2F23%2F2024%2F03%2Ftext-med-bildbakgrund-1.png&#038;fit=crop&#038;w=2486&#038;h=540&#038;s=5f7f32e232c432eb28fd097d3fd726ea 2486w, https:\/\/www.abf.se\/halland\/resized\/?url=https%3A%2F%2Fwww.abf.se%2Fwp-content%2Fuploads%2Fsites%2F23%2F2024%2F03%2Ftext-med-bildbakgrund-1.png&#038;fit=crop&#038;w=2734&#038;h=540&#038;s=78709052ca468d04db7e561800801948 2734w\" alt=\"\" height=\"540\" width=\"1440\" sizes=\"auto, \n            (max-width: 1440px) calc(100vw - 32px), 1440px\" loading=\"lazy\" fetchpriority=\"low\" aria-hidden=\"true\" role=\"presentation\" \/><\/picture>\n                <div class=\"bg-white round-corners-sm px-10 py-11 col-span-1  relative z-10 col-start-4 col-end-[-1]\">\n            <h2 class=\"heading-lg mb-4\">Rusta och Matcha<\/h2>\n            <div style=\"font-size: 1.25rem; color: black;\" class=\"body-xl wysiwyg\"><p>\u00c4r du inskriven p\u00e5 arbetsf\u00f6rmedlingen och s\u00f6ker du jobb eller studie?<\/p>\n<\/div>\n                                            <a href='https:\/\/www.abf.se\/halland\/rusta-och-matcha-2\/' class=\"default-button mt-8\" target=\"\">L\u00e4s mer om Rusta och Matcha<\/a>\n                    \n        <\/div>\n    <\/div>\n<\/div>\n","protected":false},"excerpt":{"rendered":"","protected":false},"author":77,"featured_media":0,"parent":0,"menu_order":0,"comment_status":"closed","ping_status":"closed","template":"","meta":{"_acf_changed":false,"footnotes":""},"class_list":["post-473","page","type-page","status-publish","hentry"],"acf":[],"yoast_head":"<!-- This site is optimized with the Yoast SEO plugin v27.0 - https:\/\/yoast.com\/product\/yoast-seo-wordpress\/ -->\n<title>Asyls\u00f6kande och Nyanl\u00e4nda-sv - Halland<\/title>\n<meta name=\"robots\" content=\"index, follow, max-snippet:-1, max-image-preview:large, max-video-preview:-1\" \/>\n<link rel=\"canonical\" href=\"https:\/\/www.abf.se\/halland\/asylsokande-och-nyanlanda-sv\/\" \/>\n<meta property=\"og:locale\" content=\"sv_SE\" \/>\n<meta property=\"og:type\" content=\"article\" \/>\n<meta property=\"og:title\" content=\"Asyls\u00f6kande och Nyanl\u00e4nda-sv - Halland\" \/>\n<meta property=\"og:url\" content=\"https:\/\/www.abf.se\/halland\/asylsokande-och-nyanlanda-sv\/\" \/>\n<meta property=\"og:site_name\" content=\"Halland\" \/>\n<meta property=\"article:modified_time\" content=\"2024-09-10T10:10:20+00:00\" \/>\n<meta property=\"og:image\" content=\"https:\/\/www.abf.se\/wp-content\/uploads\/sites\/23\/2024\/04\/Nyckeln-liggande-scaled.jpg\" \/>\n\t<meta property=\"og:image:width\" content=\"2560\" \/>\n\t<meta property=\"og:image:height\" content=\"1440\" \/>\n\t<meta property=\"og:image:type\" content=\"image\/jpeg\" \/>\n<meta name=\"twitter:card\" content=\"summary_large_image\" \/>\n<script type=\"application\/ld+json\" class=\"yoast-schema-graph\">{\"@context\":\"https:\/\/schema.org\",\"@graph\":[{\"@type\":\"WebPage\",\"@id\":\"https:\/\/www.abf.se\/halland\/asylsokande-och-nyanlanda-sv\/\",\"url\":\"https:\/\/www.abf.se\/halland\/asylsokande-och-nyanlanda-sv\/\",\"name\":\"Asyls\u00f6kande och Nyanl\u00e4nda-sv - Halland\",\"isPartOf\":{\"@id\":\"https:\/\/www.abf.se\/halland\/#website\"},\"datePublished\":\"2024-03-27T13:05:34+00:00\",\"dateModified\":\"2024-09-10T10:10:20+00:00\",\"breadcrumb\":{\"@id\":\"https:\/\/www.abf.se\/halland\/asylsokande-och-nyanlanda-sv\/#breadcrumb\"},\"inLanguage\":\"sv-SE\",\"potentialAction\":[{\"@type\":\"ReadAction\",\"target\":[\"https:\/\/www.abf.se\/halland\/asylsokande-och-nyanlanda-sv\/\"]}]},{\"@type\":\"BreadcrumbList\",\"@id\":\"https:\/\/www.abf.se\/halland\/asylsokande-och-nyanlanda-sv\/#breadcrumb\",\"itemListElement\":[{\"@type\":\"ListItem\",\"position\":1,\"name\":\"Home\",\"item\":\"https:\/\/www.abf.se\/halland\/\"},{\"@type\":\"ListItem\",\"position\":2,\"name\":\"Asyls\u00f6kande och Nyanl\u00e4nda-sv\"}]},{\"@type\":\"WebSite\",\"@id\":\"https:\/\/www.abf.se\/halland\/#website\",\"url\":\"https:\/\/www.abf.se\/halland\/\",\"name\":\"Halland\",\"description\":\"\",\"potentialAction\":[{\"@type\":\"SearchAction\",\"target\":{\"@type\":\"EntryPoint\",\"urlTemplate\":\"https:\/\/www.abf.se\/halland\/?s={search_term_string}\"},\"query-input\":{\"@type\":\"PropertyValueSpecification\",\"valueRequired\":true,\"valueName\":\"search_term_string\"}}],\"inLanguage\":\"sv-SE\"}]}<\/script>\n<!-- \/ Yoast SEO plugin. -->","yoast_head_json":{"title":"Asyls\u00f6kande och Nyanl\u00e4nda-sv - Halland","robots":{"index":"index","follow":"follow","max-snippet":"max-snippet:-1","max-image-preview":"max-image-preview:large","max-video-preview":"max-video-preview:-1"},"canonical":"https:\/\/www.abf.se\/halland\/asylsokande-och-nyanlanda-sv\/","og_locale":"sv_SE","og_type":"article","og_title":"Asyls\u00f6kande och Nyanl\u00e4nda-sv - Halland","og_url":"https:\/\/www.abf.se\/halland\/asylsokande-och-nyanlanda-sv\/","og_site_name":"Halland","article_modified_time":"2024-09-10T10:10:20+00:00","og_image":[{"width":2560,"height":1440,"url":"https:\/\/www.abf.se\/wp-content\/uploads\/sites\/23\/2024\/04\/Nyckeln-liggande-scaled.jpg","type":"image\/jpeg"}],"twitter_card":"summary_large_image","schema":{"@context":"https:\/\/schema.org","@graph":[{"@type":"WebPage","@id":"https:\/\/www.abf.se\/halland\/asylsokande-och-nyanlanda-sv\/","url":"https:\/\/www.abf.se\/halland\/asylsokande-och-nyanlanda-sv\/","name":"Asyls\u00f6kande och Nyanl\u00e4nda-sv - Halland","isPartOf":{"@id":"https:\/\/www.abf.se\/halland\/#website"},"datePublished":"2024-03-27T13:05:34+00:00","dateModified":"2024-09-10T10:10:20+00:00","breadcrumb":{"@id":"https:\/\/www.abf.se\/halland\/asylsokande-och-nyanlanda-sv\/#breadcrumb"},"inLanguage":"sv-SE","potentialAction":[{"@type":"ReadAction","target":["https:\/\/www.abf.se\/halland\/asylsokande-och-nyanlanda-sv\/"]}]},{"@type":"BreadcrumbList","@id":"https:\/\/www.abf.se\/halland\/asylsokande-och-nyanlanda-sv\/#breadcrumb","itemListElement":[{"@type":"ListItem","position":1,"name":"Home","item":"https:\/\/www.abf.se\/halland\/"},{"@type":"ListItem","position":2,"name":"Asyls\u00f6kande och Nyanl\u00e4nda-sv"}]},{"@type":"WebSite","@id":"https:\/\/www.abf.se\/halland\/#website","url":"https:\/\/www.abf.se\/halland\/","name":"Halland","description":"","potentialAction":[{"@type":"SearchAction","target":{"@type":"EntryPoint","urlTemplate":"https:\/\/www.abf.se\/halland\/?s={search_term_string}"},"query-input":{"@type":"PropertyValueSpecification","valueRequired":true,"valueName":"search_term_string"}}],"inLanguage":"sv-SE"}]}},"_links":{"self":[{"href":"https:\/\/www.abf.se\/halland\/wp-json\/wp\/v2\/pages\/473","targetHints":{"allow":["GET"]}}],"collection":[{"href":"https:\/\/www.abf.se\/halland\/wp-json\/wp\/v2\/pages"}],"about":[{"href":"https:\/\/www.abf.se\/halland\/wp-json\/wp\/v2\/types\/page"}],"author":[{"embeddable":true,"href":"https:\/\/www.abf.se\/halland\/wp-json\/wp\/v2\/users\/77"}],"replies":[{"embeddable":true,"href":"https:\/\/www.abf.se\/halland\/wp-json\/wp\/v2\/comments?post=473"}],"version-history":[{"count":14,"href":"https:\/\/www.abf.se\/halland\/wp-json\/wp\/v2\/pages\/473\/revisions"}],"predecessor-version":[{"id":1610,"href":"https:\/\/www.abf.se\/halland\/wp-json\/wp\/v2\/pages\/473\/revisions\/1610"}],"wp:attachment":[{"href":"https:\/\/www.abf.se\/halland\/wp-json\/wp\/v2\/media?parent=473"}],"curies":[{"name":"wp","href":"https:\/\/api.w.org\/{rel}","templated":true}]}}