{"id":658,"date":"2024-04-04T15:54:44","date_gmt":"2024-04-04T13:54:44","guid":{"rendered":"https:\/\/www.abf.se\/halland\/?page_id=658"},"modified":"2024-04-15T15:45:55","modified_gmt":"2024-04-15T13:45:55","slug":"moten-i-foreningen","status":"publish","type":"page","link":"https:\/\/www.abf.se\/halland\/foreningar\/foreningskunskap\/moten-i-foreningen\/","title":{"rendered":"M\u00f6ten i F\u00f6reningen"},"content":{"rendered":"<div\n    class=\"acf-hero-block container-lg no-padding mb-12 js-geolocation\"\n    data-block=\"hero-block\"\n    data-index=\"0\"\n>\n    <div class=\"h-[548px]  relative rounded-[32px] overflow-hidden flex bg-gray-light\">\n        <div class=\"relative z-10 mt-auto h-auto w-full md:h-full\">\n            <div class=\"flex w-full h-full flex-col flex-wrap justify-end w-full md:w-7\/12 lg:w-1\/2 md:justify-center\">\n                <div class=\"flex flex-col gap-3 md:gap-[18px] md:transparent pt-16 pb-36 md:py-8 px-4 w-full md:max-w-[620px] mx-auto px-8\">\n\n                    <h1 class=\"hero-heading hero-heading--red-text\"><span>M\u00f6ten i F\u00f6reningen<\/span><\/h1>\n\n                                            <p class=\"mt-4 max-w-[48ch] text-white\">\n                            Eftersom f\u00f6reningar \u00e4r s\u00e5 olika till storlek och inriktning kan man t\u00e4nka sig att m\u00f6tena ocks\u00e5 kan se ut p\u00e5 alla m\u00f6jliga s\u00e4tt. Men i praktiken anv\u00e4nds n\u00e4stan alltid den modell f\u00f6r m\u00f6ten som sedan mycket l\u00e4nge \u00e4r en del av det svenska f\u00f6reningslivet. Kring den finns en rad regler f\u00f6r hur m\u00f6tet ska g\u00e5 till, det som kallas m\u00f6testeknik.\n                        <\/p>\n                    \n                                    <\/div>\n            <\/div>\n        <\/div>\n\n                    <picture class=\"as-background-image mix-blend-multiply bg-black\/40\"><img decoding=\"async\" src=\"https:\/\/www.abf.se\/halland\/resized\/?url=https%3A%2F%2Fwww.abf.se%2Fwp-content%2Fuploads%2F2024%2F04%2FSamhalle-Politik-Fackligt-01.jpg&#038;fit=crop&#038;w=1440&#038;s=dc79ef60cc933c926d45da32b60507f7\" srcset=\"https:\/\/www.abf.se\/halland\/resized\/?url=https%3A%2F%2Fwww.abf.se%2Fwp-content%2Fuploads%2F2024%2F04%2FSamhalle-Politik-Fackligt-01.jpg&#038;fit=crop&#038;w=375&#038;h=540&#038;s=8787921626f266bd6f3167be84bc9b54 375w, https:\/\/www.abf.se\/halland\/resized\/?url=https%3A%2F%2Fwww.abf.se%2Fwp-content%2Fuploads%2F2024%2F04%2FSamhalle-Politik-Fackligt-01.jpg&#038;fit=crop&#038;w=447&#038;h=540&#038;s=149eefd2e4687f72ec95d069ea82926a 447w, https:\/\/www.abf.se\/halland\/resized\/?url=https%3A%2F%2Fwww.abf.se%2Fwp-content%2Fuploads%2F2024%2F04%2FSamhalle-Politik-Fackligt-01.jpg&#038;fit=crop&#038;w=519&#038;h=540&#038;s=d4c9d5e9224f2ea6971a381f427e934f 519w, https:\/\/www.abf.se\/halland\/resized\/?url=https%3A%2F%2Fwww.abf.se%2Fwp-content%2Fuploads%2F2024%2F04%2FSamhalle-Politik-Fackligt-01.jpg&#038;fit=crop&#038;w=591&#038;h=540&#038;s=73ae63015b00122016111098004b03c8 591w, https:\/\/www.abf.se\/halland\/resized\/?url=https%3A%2F%2Fwww.abf.se%2Fwp-content%2Fuploads%2F2024%2F04%2FSamhalle-Politik-Fackligt-01.jpg&#038;fit=crop&#038;w=663&#038;h=540&#038;s=f044b60ecf5c1e481418c1949cfed72a 663w, https:\/\/www.abf.se\/halland\/resized\/?url=https%3A%2F%2Fwww.abf.se%2Fwp-content%2Fuploads%2F2024%2F04%2FSamhalle-Politik-Fackligt-01.jpg&#038;fit=crop&#038;w=750&#038;h=540&#038;s=d4d3712be41669e721f7cbba9cced7a8 750w, https:\/\/www.abf.se\/halland\/resized\/?url=https%3A%2F%2Fwww.abf.se%2Fwp-content%2Fuploads%2F2024%2F04%2FSamhalle-Politik-Fackligt-01.jpg&#038;fit=crop&#038;w=894&#038;h=540&#038;s=8ca03e83d7f6aab9f4fb1589eaafd47e 894w, https:\/\/www.abf.se\/halland\/resized\/?url=https%3A%2F%2Fwww.abf.se%2Fwp-content%2Fuploads%2F2024%2F04%2FSamhalle-Politik-Fackligt-01.jpg&#038;fit=crop&#038;w=1038&#038;h=540&#038;s=969e274ad2e60095be51a062d11eb440 1038w, https:\/\/www.abf.se\/halland\/resized\/?url=https%3A%2F%2Fwww.abf.se%2Fwp-content%2Fuploads%2F2024%2F04%2FSamhalle-Politik-Fackligt-01.jpg&#038;fit=crop&#038;w=1182&#038;h=540&#038;s=f3a2571c9552d5ad75e49d261939bf18 1182w, https:\/\/www.abf.se\/halland\/resized\/?url=https%3A%2F%2Fwww.abf.se%2Fwp-content%2Fuploads%2F2024%2F04%2FSamhalle-Politik-Fackligt-01.jpg&#038;fit=crop&#038;w=1326&#038;h=540&#038;s=2e42e8cc05cdd759ffb6587149f1533a 1326w, https:\/\/www.abf.se\/halland\/resized\/?url=https%3A%2F%2Fwww.abf.se%2Fwp-content%2Fuploads%2F2024%2F04%2FSamhalle-Politik-Fackligt-01.jpg&#038;fit=crop&#038;w=1440&#038;h=540&#038;s=dad44a4517201b0fefb83c1cbe8743e6 1440w\" alt=\"\" height=\"540\" width=\"1440\" sizes=\"(max-width: 1440px) calc(100vw - 32px), 1440px\" loading=\"eager\" fetchpriority=\"high\" aria-hidden=\"true\" role=\"presentation\" \/><\/picture>\n        \n\n            <\/div>\n\n    <\/div>\n\n<ul\n    class=\"acf-article-accordion-block accordion-group grid gap-4 my-12 article-container\"\n    data-block=\"article-accordion-block \"\n    data-ui-accordion-group\n>\n\n            <li class=\"accordion\" data-ui-accordion data-ui-accordion-open=\"false\">\n        <h3>\n        <button data-ui-accordion-button class=\"accordion-toggle font-bold\" aria-expanded=\"false\" aria-controls=\"row-motesteknik-0\" id=\"motesteknik-0\">\n            M\u00f6testeknik\n            \n            <figure class=\"w-4.5 h-4.5\" aria-hidden=\"true\">\n            <svg width=\"20\" height=\"20\" viewBox=\"0 0 20 20\" fill=\"none\"\nclass=\"SvgIconElement\">\n<path d=\"M15.8333 7.16667L9.99992 13L4.16659 7.16667\" stroke=\"currentColor\"\/>\n<\/svg>\n            <\/figure>\n        <\/button>\n        \n                <\/h3>\n        <div class=\"accordion-content\">\n            <div id=\"row-motesteknik-0\" role=\"region\" class=\"accordion-content-wrap\" aria-labelledby=\"motesteknik-0\">\n                                            <div class=\"wysiwyg\">\n                    <p>M\u00f6testekniken \u00e4r n\u00e5got man m\u00e5ste l\u00e4ra sig. Och det \u00e4r en hel del att l\u00e4ra om man vill beh\u00e4rska m\u00f6testeknikens minsta skrymsle. Men det \u00e4r oftast tillr\u00e4ckligt om man kan n\u00e5gra enkla regler f\u00f6r hur ett m\u00f6te genomf\u00f6rs. \u00c4nd\u00e5 tycker en del att m\u00f6testekniken \u00e4r skr\u00e4mmande. De tror att den \u00e4r till f\u00f6r att ge de m\u00f6tesvana ett \u00f6vertag \u00f6ver de ovana. De blir tveksamma till att yttra sig p\u00e5 ett m\u00f6te f\u00f6r att de kanske inte g\u00f6r det p\u00e5 r\u00e4tt s\u00e4tt. M\u00f6testekniken uppfattas som ett hinder f\u00f6r inflytande.<\/p>\n<p>Det finns olika syften med m\u00f6tesreglerna. Ett \u00e4r att det ska r\u00e5da ordning och reda p\u00e5 m\u00f6tet: \u00e4mnena ska behandlas ett i taget, inte alla p\u00e5 en g\u00e5ng. Ett annat syfte \u00e4r att det ska bli ett resultat av diskussionen, man ska komma fram till ett beslut. \u00c4ven om beslutet blir att skjuta upp fr\u00e5gan och ta upp den n\u00e4sta g\u00e5ng. <\/p>\n<p>Ett ytterligare syfte \u00e4r att se till att alla ska f\u00e5 yttra sig (men inte hur l\u00e4nge som helst) utan att riskera att bli avbrutna. <\/p>\n<p>M\u00f6tet ska inte domineras av dem som talar h\u00f6gst eller mest. Det \u00e4r ocks\u00e5 meningen att de beslut man fattar p\u00e5 m\u00f6tet ska st\u00f6djas av majoriteten av dem som deltar . D\u00e4rf\u00f6r beh\u00f6ver man r\u00f6sta om beslut ibland.<\/p>\n\n                <\/div>\n                                        <\/div>\n        <\/div>\n    <\/li>\n            <li class=\"accordion\" data-ui-accordion data-ui-accordion-open=\"false\">\n        <h3>\n        <button data-ui-accordion-button class=\"accordion-toggle font-bold\" aria-expanded=\"false\" aria-controls=\"row-styrelsemote-1\" id=\"styrelsemote-1\">\n            Styrelsem\u00f6te\n            \n            <figure class=\"w-4.5 h-4.5\" aria-hidden=\"true\">\n            <svg width=\"20\" height=\"20\" viewBox=\"0 0 20 20\" fill=\"none\"\nclass=\"SvgIconElement\">\n<path d=\"M15.8333 7.16667L9.99992 13L4.16659 7.16667\" stroke=\"currentColor\"\/>\n<\/svg>\n            <\/figure>\n        <\/button>\n        \n                <\/h3>\n        <div class=\"accordion-content\">\n            <div id=\"row-styrelsemote-1\" role=\"region\" class=\"accordion-content-wrap\" aria-labelledby=\"styrelsemote-1\">\n                                            <div class=\"wysiwyg\">\n                    <p>P\u00e5 styrelsem\u00f6tet deltar de som ing\u00e5r i styrelsen.<br \/>\nStyrelsen brukar tr\u00e4ffas ganska ofta, kanske varannan vecka.<br \/>\nP\u00e5 m\u00f6tena ser man till att de beslut som tagits p\u00e5 medlemsm\u00f6tena verkligen genomf\u00f6rs.<br \/>\nStyrelsen kan ocks\u00e5 beh\u00f6va f\u00f6rbereda ett kommande medlemsm\u00f6te.<br \/>\nMan hanterar ocks\u00e5 de l\u00f6pande \u00e4renden som f\u00f6reningen har. Exempelvis kan det vara l\u00e4mpligt att kass\u00f6ren l\u00e4mnar en liten rapport om den aktuella ekonomin.<br \/>\nStyrelsem\u00f6tena \u00e4r ofta r\u00e4tt korta.<br \/>\nI en styrelse k\u00e4nner ledam\u00f6terna varandra v\u00e4l och det brukar r\u00e5da en avsp\u00e4nd st\u00e4mning d\u00e4r alla har l\u00e4tt att tala med varandra.<br \/>\nDet finns \u00e4nd\u00e5 sk\u00e4l att h\u00e5lla p\u00e5 m\u00f6tesreglerna.<br \/>\nKom ih\u00e5g att det ska finnas dagordning och protokoll och att s\u00e4rskilt protokollen som skrivs ing\u00e5r i den historia som f\u00f6reningen h\u00e5ller p\u00e5 att skapa!<\/p>\n\n                <\/div>\n                                        <\/div>\n        <\/div>\n    <\/li>\n            <li class=\"accordion\" data-ui-accordion data-ui-accordion-open=\"false\">\n        <h3>\n        <button data-ui-accordion-button class=\"accordion-toggle font-bold\" aria-expanded=\"false\" aria-controls=\"row-medlemsmotet-2\" id=\"medlemsmotet-2\">\n            Medlemsm\u00f6tet\n            \n            <figure class=\"w-4.5 h-4.5\" aria-hidden=\"true\">\n            <svg width=\"20\" height=\"20\" viewBox=\"0 0 20 20\" fill=\"none\"\nclass=\"SvgIconElement\">\n<path d=\"M15.8333 7.16667L9.99992 13L4.16659 7.16667\" stroke=\"currentColor\"\/>\n<\/svg>\n            <\/figure>\n        <\/button>\n        \n                <\/h3>\n        <div class=\"accordion-content\">\n            <div id=\"row-medlemsmotet-2\" role=\"region\" class=\"accordion-content-wrap\" aria-labelledby=\"medlemsmotet-2\">\n                                            <div class=\"wysiwyg\">\n                    <p>Hur ofta medlemsm\u00f6ten intr\u00e4ffar varierar mycket. I vissa f\u00f6reningar kan de f\u00f6rekomma varje m\u00e5nad, i andra n\u00e5gra g\u00e5nger om \u00e5ret. Det beror p\u00e5 hur mycket verksamhet f\u00f6reningen har och hur m\u00e5nga beslut som m\u00e5ste fattas.<br \/>\nHit \u00e4r alla medlemmar v\u00e4lkomna. H\u00e4r har styrelsen en m\u00f6jlighet att f\u00e5nga upp medlemmarnas \u00f6nskem\u00e5l och medlemmarna fattar beslut som styrelsen sedan ska se till blir verkst\u00e4llda.<\/p>\n<p>Det \u00e4r viktigt att medlemmarna tycker att det att lockande att g\u00e5 p\u00e5 medlemsm\u00f6tena. Det ska finnas med n\u00e5got p\u00e5 dagordningen (som skickas ut i f\u00f6rv\u00e4g) som de \u00e4r intresserade av, vill diskutera och ta st\u00e4llning till. Det \u00e4r bra om deltagarna vet p\u00e5 ett ungef\u00e4r hur l\u00e4nge m\u00f6tet h\u00e5ller p\u00e5. Ange g\u00e4rna p\u00e5 kallelsen hur l\u00e5ng tid m\u00f6tet ber\u00e4knas ta.<\/p>\n<p>Kom ih\u00e5g att det inte \u00e4r m\u00e5nga som gillar maratonm\u00f6ten! Ofta f\u00f6rekommer att man f\u00f6renar m\u00f6tet med n\u00e5gon gemensam aktivitet efter\u00e5t, till exempel lite mat och dryck eller ett kort kulturinslag, eller tar paus mitt i m\u00f6tet f\u00f6r kaffe eller te.<\/p>\n\n                <\/div>\n                                        <\/div>\n        <\/div>\n    <\/li>\n            <li class=\"accordion\" data-ui-accordion data-ui-accordion-open=\"false\">\n        <h3>\n        <button data-ui-accordion-button class=\"accordion-toggle font-bold\" aria-expanded=\"false\" aria-controls=\"row-arsmotet-3\" id=\"arsmotet-3\">\n            \u00c5rsm\u00f6tet\n            \n            <figure class=\"w-4.5 h-4.5\" aria-hidden=\"true\">\n            <svg width=\"20\" height=\"20\" viewBox=\"0 0 20 20\" fill=\"none\"\nclass=\"SvgIconElement\">\n<path d=\"M15.8333 7.16667L9.99992 13L4.16659 7.16667\" stroke=\"currentColor\"\/>\n<\/svg>\n            <\/figure>\n        <\/button>\n        \n                <\/h3>\n        <div class=\"accordion-content\">\n            <div id=\"row-arsmotet-3\" role=\"region\" class=\"accordion-content-wrap\" aria-labelledby=\"arsmotet-3\">\n                                            <div class=\"wysiwyg\">\n                    <p>\u00c5rsm\u00f6tet \u00e4ger rum en g\u00e5ng om \u00e5ret och \u00e4r f\u00f6reningens viktigaste m\u00f6te.<br \/>\nTill \u00e5rsm\u00f6tet ska styrelsen redovisa sin \u00e5rsber\u00e4ttelse (en framst\u00e4llning \u00f6ver vad som h\u00e4nt i f\u00f6reningen under det g\u00e5ngna \u00e5ret) och revisorerna sin revisionsber\u00e4ttelse.<br \/>\nDessa b\u00f6r s\u00e4ndas ut till medlemmarna i samband med att kallelsen skickas ut.<br \/>\nEn del f\u00f6reningar har i sina stadgar n\u00e5got om i hur god tid kallelsen till \u00e5rsm\u00f6tet ska skickas.<br \/>\n\u00c4ven om f\u00f6reningen saknar en s\u00e5dan punkt i stadgarna m\u00e5ste kallelse och \u00e5rsber\u00e4ttelse g\u00e5 ut i s\u00e5 god tid att medlemmarna hinner planera f\u00f6r m\u00f6tet, helst ett par veckor innan m\u00f6tet ska \u00e4ga rum.<\/p>\n<p>P\u00e5 \u00e5rsm\u00f6tet v\u00e4ljs ny styrelse, revisorer och valberedning. Man diskuterar ocks\u00e5 den framtida verksamheten. Beh\u00f6ver f\u00f6reningen \u00e4ndra sina stadgar eller sitt m\u00e5l \u00e4r det ocks\u00e5 en sak f\u00f6r \u00e5rsm\u00f6tet (i f\u00f6reningens stadgar b\u00f6r det st\u00e5 hur man \u00e4ndrar stadgar eller m\u00e5l, exempelvis att \u00e4ndringarna m\u00e5ste tas av tv\u00e5 medlemsm\u00f6ten med en majoritet av r\u00f6sterna).<\/p>\n<p>Dagordningen f\u00f6r \u00e5rsm\u00f6tet \u00e4r ofta densamma \u00e5r efter \u00e5r. En del f\u00f6reningar har till och med valt att ta med \u00e5rsm\u00f6tets dagordning i sina stadgar.<\/p>\n\n                <\/div>\n                                        <\/div>\n        <\/div>\n    <\/li>\n            <li class=\"accordion\" data-ui-accordion data-ui-accordion-open=\"false\">\n        <h3>\n        <button data-ui-accordion-button class=\"accordion-toggle font-bold\" aria-expanded=\"false\" aria-controls=\"row-oppetmote-4\" id=\"oppetmote-4\">\n            \u00d6ppet m\u00f6te\n            \n            <figure class=\"w-4.5 h-4.5\" aria-hidden=\"true\">\n            <svg width=\"20\" height=\"20\" viewBox=\"0 0 20 20\" fill=\"none\"\nclass=\"SvgIconElement\">\n<path d=\"M15.8333 7.16667L9.99992 13L4.16659 7.16667\" stroke=\"currentColor\"\/>\n<\/svg>\n            <\/figure>\n        <\/button>\n        \n                <\/h3>\n        <div class=\"accordion-content\">\n            <div id=\"row-oppetmote-4\" role=\"region\" class=\"accordion-content-wrap\" aria-labelledby=\"oppetmote-4\">\n                                            <div class=\"wysiwyg\">\n                    <p>Ett \u00f6ppet m\u00f6te \u00e4r ett m\u00f6te som man har f\u00f6r allm\u00e4nheten, dvs. inte bara f\u00f6reningens medlemmar \u00e4r v\u00e4lkomna. Anledningen kan vara att man vill informera om sin verksamhet, ber\u00e4tta hur f\u00f6reningen f\u00f6rs\u00f6kt l\u00f6sa ett lokalt problem (till exempel en trafikfr\u00e5ga), skapa opinion i n\u00e5gon fr\u00e5ga eller v\u00e4rva flera medlemmar. Ofta har man flera av dessa syften samtidigt. Om m\u00f6tet h\u00e5lls i anslutning till n\u00e5got evenemang en utst\u00e4llning, en konsert &#8211; eller med en intressant inbjuden f\u00f6rel\u00e4- sare kan det samla m\u00e5nga deltagare.<\/p>\n<p>Inf\u00f6r ett \u00f6ppet m\u00f6te b\u00f6r man f\u00f6rbereda sig s\u00e5 att f\u00f6reningen framst\u00e5r i all sin glans f\u00f6r omv\u00e4rlden. Vill ni v\u00e4rva medlemmar, t\u00e4nk p\u00e5 att ha ett skriftligt informationsmaterial som folk kan ta med sig och att det d\u00e4r klart framg\u00e5r hur man blir medlem. Naturligtvis b\u00f6r man \u00e4ven h\u00e4r ber\u00e4tta lite om vad f\u00f6reningen g\u00f6r.<\/p>\n<p>Ett beslut om ett \u00f6ppet m\u00f6te kan man ta p\u00e5 ett medlemsm\u00f6te. Det \u00e4r bra om s\u00e5 m\u00e5nga som m\u00f6jligt av medlemmarna f\u00e5r vara med och f\u00f6rbereda det \u00f6ppna m\u00f6tet.<\/p>\n\n                <\/div>\n                                        <\/div>\n        <\/div>\n    <\/li>\n    <\/ul>\n","protected":false},"excerpt":{"rendered":"","protected":false},"author":77,"featured_media":0,"parent":513,"menu_order":1,"comment_status":"closed","ping_status":"closed","template":"","meta":{"_acf_changed":false,"footnotes":""},"class_list":["post-658","page","type-page","status-publish","hentry"],"acf":[],"yoast_head":"<!-- This site is optimized with the Yoast SEO plugin v27.0 - https:\/\/yoast.com\/product\/yoast-seo-wordpress\/ -->\n<title>M\u00f6ten i F\u00f6reningen - Halland<\/title>\n<meta name=\"robots\" content=\"index, follow, max-snippet:-1, max-image-preview:large, max-video-preview:-1\" \/>\n<link rel=\"canonical\" href=\"https:\/\/www.abf.se\/halland\/foreningar\/foreningskunskap\/moten-i-foreningen\/\" \/>\n<meta property=\"og:locale\" content=\"sv_SE\" \/>\n<meta property=\"og:type\" content=\"article\" \/>\n<meta property=\"og:title\" content=\"M\u00f6ten i F\u00f6reningen - Halland\" \/>\n<meta property=\"og:url\" content=\"https:\/\/www.abf.se\/halland\/foreningar\/foreningskunskap\/moten-i-foreningen\/\" \/>\n<meta property=\"og:site_name\" content=\"Halland\" \/>\n<meta property=\"article:modified_time\" content=\"2024-04-15T13:45:55+00:00\" \/>\n<meta property=\"og:image\" content=\"https:\/\/www.abf.se\/wp-content\/uploads\/sites\/23\/2024\/04\/Nyckeln-liggande-scaled.jpg\" \/>\n\t<meta property=\"og:image:width\" content=\"2560\" \/>\n\t<meta property=\"og:image:height\" content=\"1440\" \/>\n\t<meta property=\"og:image:type\" content=\"image\/jpeg\" \/>\n<meta name=\"twitter:card\" content=\"summary_large_image\" \/>\n<script type=\"application\/ld+json\" class=\"yoast-schema-graph\">{\"@context\":\"https:\/\/schema.org\",\"@graph\":[{\"@type\":\"WebPage\",\"@id\":\"https:\/\/www.abf.se\/halland\/foreningar\/foreningskunskap\/moten-i-foreningen\/\",\"url\":\"https:\/\/www.abf.se\/halland\/foreningar\/foreningskunskap\/moten-i-foreningen\/\",\"name\":\"M\u00f6ten i F\u00f6reningen - Halland\",\"isPartOf\":{\"@id\":\"https:\/\/www.abf.se\/halland\/#website\"},\"datePublished\":\"2024-04-04T13:54:44+00:00\",\"dateModified\":\"2024-04-15T13:45:55+00:00\",\"breadcrumb\":{\"@id\":\"https:\/\/www.abf.se\/halland\/foreningar\/foreningskunskap\/moten-i-foreningen\/#breadcrumb\"},\"inLanguage\":\"sv-SE\",\"potentialAction\":[{\"@type\":\"ReadAction\",\"target\":[\"https:\/\/www.abf.se\/halland\/foreningar\/foreningskunskap\/moten-i-foreningen\/\"]}]},{\"@type\":\"BreadcrumbList\",\"@id\":\"https:\/\/www.abf.se\/halland\/foreningar\/foreningskunskap\/moten-i-foreningen\/#breadcrumb\",\"itemListElement\":[{\"@type\":\"ListItem\",\"position\":1,\"name\":\"Home\",\"item\":\"https:\/\/www.abf.se\/halland\/\"},{\"@type\":\"ListItem\",\"position\":2,\"name\":\"F\u00f6reningar\",\"item\":\"https:\/\/www.abf.se\/halland\/foreningar\/\"},{\"@type\":\"ListItem\",\"position\":3,\"name\":\"F\u00f6reningskunskap\",\"item\":\"https:\/\/www.abf.se\/halland\/foreningar\/foreningskunskap\/\"},{\"@type\":\"ListItem\",\"position\":4,\"name\":\"M\u00f6ten i F\u00f6reningen\"}]},{\"@type\":\"WebSite\",\"@id\":\"https:\/\/www.abf.se\/halland\/#website\",\"url\":\"https:\/\/www.abf.se\/halland\/\",\"name\":\"Halland\",\"description\":\"\",\"potentialAction\":[{\"@type\":\"SearchAction\",\"target\":{\"@type\":\"EntryPoint\",\"urlTemplate\":\"https:\/\/www.abf.se\/halland\/?s={search_term_string}\"},\"query-input\":{\"@type\":\"PropertyValueSpecification\",\"valueRequired\":true,\"valueName\":\"search_term_string\"}}],\"inLanguage\":\"sv-SE\"}]}<\/script>\n<!-- \/ Yoast SEO plugin. -->","yoast_head_json":{"title":"M\u00f6ten i F\u00f6reningen - Halland","robots":{"index":"index","follow":"follow","max-snippet":"max-snippet:-1","max-image-preview":"max-image-preview:large","max-video-preview":"max-video-preview:-1"},"canonical":"https:\/\/www.abf.se\/halland\/foreningar\/foreningskunskap\/moten-i-foreningen\/","og_locale":"sv_SE","og_type":"article","og_title":"M\u00f6ten i F\u00f6reningen - Halland","og_url":"https:\/\/www.abf.se\/halland\/foreningar\/foreningskunskap\/moten-i-foreningen\/","og_site_name":"Halland","article_modified_time":"2024-04-15T13:45:55+00:00","og_image":[{"width":2560,"height":1440,"url":"https:\/\/www.abf.se\/wp-content\/uploads\/sites\/23\/2024\/04\/Nyckeln-liggande-scaled.jpg","type":"image\/jpeg"}],"twitter_card":"summary_large_image","schema":{"@context":"https:\/\/schema.org","@graph":[{"@type":"WebPage","@id":"https:\/\/www.abf.se\/halland\/foreningar\/foreningskunskap\/moten-i-foreningen\/","url":"https:\/\/www.abf.se\/halland\/foreningar\/foreningskunskap\/moten-i-foreningen\/","name":"M\u00f6ten i F\u00f6reningen - Halland","isPartOf":{"@id":"https:\/\/www.abf.se\/halland\/#website"},"datePublished":"2024-04-04T13:54:44+00:00","dateModified":"2024-04-15T13:45:55+00:00","breadcrumb":{"@id":"https:\/\/www.abf.se\/halland\/foreningar\/foreningskunskap\/moten-i-foreningen\/#breadcrumb"},"inLanguage":"sv-SE","potentialAction":[{"@type":"ReadAction","target":["https:\/\/www.abf.se\/halland\/foreningar\/foreningskunskap\/moten-i-foreningen\/"]}]},{"@type":"BreadcrumbList","@id":"https:\/\/www.abf.se\/halland\/foreningar\/foreningskunskap\/moten-i-foreningen\/#breadcrumb","itemListElement":[{"@type":"ListItem","position":1,"name":"Home","item":"https:\/\/www.abf.se\/halland\/"},{"@type":"ListItem","position":2,"name":"F\u00f6reningar","item":"https:\/\/www.abf.se\/halland\/foreningar\/"},{"@type":"ListItem","position":3,"name":"F\u00f6reningskunskap","item":"https:\/\/www.abf.se\/halland\/foreningar\/foreningskunskap\/"},{"@type":"ListItem","position":4,"name":"M\u00f6ten i F\u00f6reningen"}]},{"@type":"WebSite","@id":"https:\/\/www.abf.se\/halland\/#website","url":"https:\/\/www.abf.se\/halland\/","name":"Halland","description":"","potentialAction":[{"@type":"SearchAction","target":{"@type":"EntryPoint","urlTemplate":"https:\/\/www.abf.se\/halland\/?s={search_term_string}"},"query-input":{"@type":"PropertyValueSpecification","valueRequired":true,"valueName":"search_term_string"}}],"inLanguage":"sv-SE"}]}},"_links":{"self":[{"href":"https:\/\/www.abf.se\/halland\/wp-json\/wp\/v2\/pages\/658","targetHints":{"allow":["GET"]}}],"collection":[{"href":"https:\/\/www.abf.se\/halland\/wp-json\/wp\/v2\/pages"}],"about":[{"href":"https:\/\/www.abf.se\/halland\/wp-json\/wp\/v2\/types\/page"}],"author":[{"embeddable":true,"href":"https:\/\/www.abf.se\/halland\/wp-json\/wp\/v2\/users\/77"}],"replies":[{"embeddable":true,"href":"https:\/\/www.abf.se\/halland\/wp-json\/wp\/v2\/comments?post=658"}],"version-history":[{"count":9,"href":"https:\/\/www.abf.se\/halland\/wp-json\/wp\/v2\/pages\/658\/revisions"}],"predecessor-version":[{"id":938,"href":"https:\/\/www.abf.se\/halland\/wp-json\/wp\/v2\/pages\/658\/revisions\/938"}],"up":[{"embeddable":true,"href":"https:\/\/www.abf.se\/halland\/wp-json\/wp\/v2\/pages\/513"}],"wp:attachment":[{"href":"https:\/\/www.abf.se\/halland\/wp-json\/wp\/v2\/media?parent=658"}],"curies":[{"name":"wp","href":"https:\/\/api.w.org\/{rel}","templated":true}]}}