{"id":671,"date":"2024-04-05T12:57:12","date_gmt":"2024-04-05T10:57:12","guid":{"rendered":"https:\/\/www.abf.se\/halland\/?page_id=671"},"modified":"2025-03-26T09:31:13","modified_gmt":"2025-03-26T08:31:13","slug":"om-abf-halland","status":"publish","type":"page","link":"https:\/\/www.abf.se\/halland\/om-abf-halland\/","title":{"rendered":"Om ABF Halland"},"content":{"rendered":"<div\n    class=\"acf-hero-block container-lg no-padding mb-12 js-geolocation\"\n    data-block=\"hero-block\"\n    data-index=\"0\"\n>\n    <div class=\"h-[548px]  relative rounded-[32px] overflow-hidden flex bg-gray-light\">\n        <div class=\"relative z-10 mt-auto h-auto w-full md:h-full\">\n            <div class=\"flex w-full h-full flex-col flex-wrap justify-end w-full md:w-7\/12 lg:w-1\/2 md:justify-center\">\n                <div class=\"flex flex-col gap-3 md:gap-[18px] md:transparent pt-16 pb-36 md:py-8 px-4 w-full md:max-w-[620px] mx-auto px-8\">\n\n                    <h1 class=\"hero-heading hero-heading--red-text\"><span>Om ABF Halland<\/span><\/h1>\n\n                    \n                                        <div class=\"flex flex-row flex-wrap gap-y-2 gap-x-1\">\n                                                <a class=\"label-md py-[3px] px-[6px] rounded-[44px] text-red bg-white\" href=\"http:\/\/test\" target=\"\">Kontakta oss<\/a>\n                                            <\/div>\n                                    <\/div>\n            <\/div>\n        <\/div>\n\n                    <picture class=\"as-background-image mix-blend-multiply bg-black\/40\"><img decoding=\"async\" src=\"https:\/\/www.abf.se\/halland\/resized\/?url=https%3A%2F%2Fwww.abf.se%2Fwp-content%2Fuploads%2Fsites%2F23%2F2024%2F03%2Fpexels-flickr-156921.jpg&#038;fit=crop&#038;w=1440&#038;s=321a8a351ca2789a88235697569c9a30\" srcset=\"https:\/\/www.abf.se\/halland\/resized\/?url=https%3A%2F%2Fwww.abf.se%2Fwp-content%2Fuploads%2Fsites%2F23%2F2024%2F03%2Fpexels-flickr-156921.jpg&#038;fit=crop&#038;w=375&#038;h=540&#038;s=8b510b9c226a90732789da7b1b8954f9 375w, https:\/\/www.abf.se\/halland\/resized\/?url=https%3A%2F%2Fwww.abf.se%2Fwp-content%2Fuploads%2Fsites%2F23%2F2024%2F03%2Fpexels-flickr-156921.jpg&#038;fit=crop&#038;w=447&#038;h=540&#038;s=0fb0f6f91d8717156ffbb582dc987b25 447w, https:\/\/www.abf.se\/halland\/resized\/?url=https%3A%2F%2Fwww.abf.se%2Fwp-content%2Fuploads%2Fsites%2F23%2F2024%2F03%2Fpexels-flickr-156921.jpg&#038;fit=crop&#038;w=519&#038;h=540&#038;s=c637db5439f21e16fe8275f96c2e53c4 519w, https:\/\/www.abf.se\/halland\/resized\/?url=https%3A%2F%2Fwww.abf.se%2Fwp-content%2Fuploads%2Fsites%2F23%2F2024%2F03%2Fpexels-flickr-156921.jpg&#038;fit=crop&#038;w=591&#038;h=540&#038;s=692f302884020cc2f66185bbeb2d00c4 591w, https:\/\/www.abf.se\/halland\/resized\/?url=https%3A%2F%2Fwww.abf.se%2Fwp-content%2Fuploads%2Fsites%2F23%2F2024%2F03%2Fpexels-flickr-156921.jpg&#038;fit=crop&#038;w=663&#038;h=540&#038;s=00f5998a44d5876122934de40df3ab59 663w, https:\/\/www.abf.se\/halland\/resized\/?url=https%3A%2F%2Fwww.abf.se%2Fwp-content%2Fuploads%2Fsites%2F23%2F2024%2F03%2Fpexels-flickr-156921.jpg&#038;fit=crop&#038;w=750&#038;h=540&#038;s=b27984cfbe5b34a6fad24b5c3360bc7f 750w, https:\/\/www.abf.se\/halland\/resized\/?url=https%3A%2F%2Fwww.abf.se%2Fwp-content%2Fuploads%2Fsites%2F23%2F2024%2F03%2Fpexels-flickr-156921.jpg&#038;fit=crop&#038;w=894&#038;h=540&#038;s=2e294fd41f0fa6f1724a7d537743cc25 894w, https:\/\/www.abf.se\/halland\/resized\/?url=https%3A%2F%2Fwww.abf.se%2Fwp-content%2Fuploads%2Fsites%2F23%2F2024%2F03%2Fpexels-flickr-156921.jpg&#038;fit=crop&#038;w=1038&#038;h=540&#038;s=6af10e5e8270e758646f54e2e8bccb80 1038w, https:\/\/www.abf.se\/halland\/resized\/?url=https%3A%2F%2Fwww.abf.se%2Fwp-content%2Fuploads%2Fsites%2F23%2F2024%2F03%2Fpexels-flickr-156921.jpg&#038;fit=crop&#038;w=1182&#038;h=540&#038;s=b9afe2643b241efee7e3446f418f988f 1182w, https:\/\/www.abf.se\/halland\/resized\/?url=https%3A%2F%2Fwww.abf.se%2Fwp-content%2Fuploads%2Fsites%2F23%2F2024%2F03%2Fpexels-flickr-156921.jpg&#038;fit=crop&#038;w=1326&#038;h=540&#038;s=9f1a85c885d1fd243dc5153951319717 1326w, https:\/\/www.abf.se\/halland\/resized\/?url=https%3A%2F%2Fwww.abf.se%2Fwp-content%2Fuploads%2Fsites%2F23%2F2024%2F03%2Fpexels-flickr-156921.jpg&#038;fit=crop&#038;w=1440&#038;h=540&#038;s=a6081ef229b09c2fa6981c277721af7a 1440w\" alt=\"\" height=\"540\" width=\"1440\" sizes=\"(max-width: 1440px) calc(100vw - 32px), 1440px\" loading=\"eager\" fetchpriority=\"high\" aria-hidden=\"true\" role=\"presentation\" \/><\/picture>\n        \n\n                    <figure class=\"absolute bottom-0  md:w-1\/2 transform right-0 translate-x-10 md:translate-x-32\">\n                <img decoding=\"async\"\n                    alt=\"\"\n                    aria-hidden=\"true\"\n                    class=\"h-auto w-full\"\n                    role=\"presentation\"\n                    src=\"\/assets\/images\/two_circles_bottom.svg\"\n                >\n            <\/figure>\n            <\/div>\n\n    <\/div>\n\n<div\n    class=\"acf-article-text-block article-container my-12\"\n    data-block=\"article-text-block\"\n>\n    <div class=\"wysiwyg\">\n        <h2>Om ABF<\/h2>\n<p>ABF \u00e4r din plats f\u00f6r folkbildning, samh\u00e4llsf\u00f6r\u00e4ndring och framtidstro. Vi \u00e4r ett studief\u00f6rbund och en m\u00f6tesplats. Genom att organisera oss och l\u00e4ra av varandra, l\u00e4gger vi tillsammans grunden till en h\u00e5llbar v\u00e4rld.<\/p>\n\n    <\/div>\n<\/div>\n<div\n        class=\"acf-article-video-block article-container-lg my-12 external-video\"\n        data-block=\"article-video-block\"\n    >\n                    <h2 class=\"heading-md mb-3 text-black\">Folkbildning v\u00e4xer fram och ABF bildas<\/h2>\n                \n                    <iframe loading=\"lazy\" title=\"Folkbildningen va\u0308xer fram och ABF bildas\" src=\"https:\/\/player.vimeo.com\/video\/760032025?dnt=1&amp;app_id=122963\" width=\"500\" height=\"281\" frameborder=\"0\" allow=\"autoplay; fullscreen; picture-in-picture; clipboard-write; encrypted-media\"><\/iframe>\n                            <\/div>\n<div\n    class=\"acf-article-text-block article-container my-12\"\n    data-block=\"article-text-block\"\n>\n    <div class=\"wysiwyg\">\n        <h2>Vad \u00e4r ABF?<\/h2>\n<p>Vi har r\u00f6tter i arbetarr\u00f6relsen och arbetar f\u00f6r att motverka klassamh\u00e4llet. Vi \u00e4r en sammanh\u00e5llande kraft f\u00f6r m\u00e4nniskor som vill f\u00f6r\u00e4ndra tillsammans. Vi tror att n\u00e4r vi lyssnar och l\u00e4r av varandra \u00f6ppnar vi nya v\u00e4rldar och hittar nya l\u00f6sningar. \u00a0<b><strong>\u00a0<\/strong><\/b><\/p>\n<p><span data-contrast=\"auto\">Folkbildningen<\/span><span data-contrast=\"auto\">s<\/span><span data-contrast=\"auto\">\u00a0<\/span><span data-contrast=\"auto\">uppdrag \u00e4r att<\/span><span data-contrast=\"auto\">\u00a0skapa engagemang och\u00a0<\/span><span data-contrast=\"auto\">att\u00a0<\/span><span data-contrast=\"auto\">m\u00f6jligg\u00f6ra\u00a0<\/span><span data-contrast=\"auto\">gemensamt l\u00e4rande. Att inspirera och organisera. Att utmana och omforma. S\u00e5 la vi tillsammans grunden till den svenska demokratin. S\u00e5 kan vi l\u00e4gga grunden till en h\u00e5llbar v\u00e4rld.\u00a0\u00a0<\/span><span data-ccp-props=\"{&quot;201341983&quot;:0,&quot;335559739&quot;:160,&quot;335559740&quot;:259}\">\u00a0<\/span><\/p>\n<h2>Vad \u00e4r folkbildning?<\/h2>\n<p>Folkbildning \u00e4r till exempel studiecirklar, f\u00f6rel\u00e4sningar och workshops som h\u00e5lls p\u00e5 studief\u00f6rbund som ABF, p\u00e5 bibliotek och folkh\u00f6gskolor. Folkbildning \u00e4r att man l\u00e4r sig tillsammans med andra p\u00e5 ett demokratiskt s\u00e4tt.\u00a0Ni best\u00e4mmer\u00a0<b><strong>vad<\/strong><\/b>\u00a0ni vill l\u00e4ra er, och\u00a0<b><strong>hur<\/strong><\/b>\u00a0ni vill l\u00e4ra er det.<\/p>\n<h2>Det h\u00e4r kan du g\u00f6ra hos ABF Halland<\/h2>\n<p>P\u00e5 ABF Halland kan du engagera dig i f\u00f6reningsliv, g\u00e5 p\u00e5 f\u00f6rel\u00e4sningar och delta i studiecirklar.<\/p>\n<ul>\n<li>Delta i en studiecirkel eller kurs<\/li>\n<li>G\u00e5 p\u00e5 en f\u00f6rel\u00e4sning eller ett seminarie<\/li>\n<li>Starta en egen studiecirkel<\/li>\n<li>Utbilda dig till cirkelledare<\/li>\n<li>Utveckla din f\u00f6rening eller studiegrupp<\/li>\n<li>Arrangera folkbildande aktiviteter i v\u00e5ra lokaler<\/li>\n<li>F\u00e5 hj\u00e4lp att s\u00f6ka och driva projekt<\/li>\n<\/ul>\n\n    <\/div>\n<\/div>\n<div class=\"my-8 container-lg acf-link-block\" data-block=\"link-block\" class=\"acf-link-block\" data-block=\"link-block\">\n    <div class=\"w-full bg-red  round-corners-lg px-4 md:px-8 py-11 md:py-16\">\n        <h2 class=\"heading-lg mb-7 text-center text-white\">\n            Intressanta sidor att bes\u00f6ka:\n        <\/h2>\n            <ul class=\"grid grid-cols-1 gap-x-4 gap-y-3 md:grid-cols-2\">\n                                                        <li>\n                        <a\n    class=\"large-button-link\"\n    href=\"https:\/\/www.abf.se\/halland\/vara-kontor-i-halland\/\"\n    target=\"\"\n>\n    <span class=\"flex-1\">V\u00e5ra kontor i Halland<\/span>\n\n    <figure\n        aria-hidden=\"true\"\n        class=\"w-5\"\n    >\n                    <svg width=\"20\" height=\"20\" viewBox=\"0 0 20 20\" fill=\"none\" class=\"SvgIconElement\">\n<path d=\"M4.16659 10L15.8333 10\" stroke=\"currentColor\"\/>\n<path d=\"M9.99992 4.1665L15.8333 9.99984L9.99992 15.8332\" stroke=\"currentColor\"\/>\n<\/svg>\n            <\/figure>\n<\/a>\n                    <\/li>\n                                                        <li>\n                        <a\n    class=\"large-button-link\"\n    href=\"https:\/\/www.abf.se\/halland\/kurs-sok\/\"\n    target=\"\"\n>\n    <span class=\"flex-1\">S\u00f6k kurser och evenemang<\/span>\n\n    <figure\n        aria-hidden=\"true\"\n        class=\"w-5\"\n    >\n                    <svg width=\"20\" height=\"20\" viewBox=\"0 0 20 20\" fill=\"none\" class=\"SvgIconElement\">\n<path d=\"M4.16659 10L15.8333 10\" stroke=\"currentColor\"\/>\n<path d=\"M9.99992 4.1665L15.8333 9.99984L9.99992 15.8332\" stroke=\"currentColor\"\/>\n<\/svg>\n            <\/figure>\n<\/a>\n                    <\/li>\n                                                        <li>\n                        <a\n    class=\"large-button-link\"\n    href=\"https:\/\/www.abf.se\/halland\/cirkelledare\/jag-vill-starta-en-studiecikel\/\"\n    target=\"\"\n>\n    <span class=\"flex-1\">Starta en studiecirkel<\/span>\n\n    <figure\n        aria-hidden=\"true\"\n        class=\"w-5\"\n    >\n                    <svg width=\"20\" height=\"20\" viewBox=\"0 0 20 20\" fill=\"none\" class=\"SvgIconElement\">\n<path d=\"M4.16659 10L15.8333 10\" stroke=\"currentColor\"\/>\n<path d=\"M9.99992 4.1665L15.8333 9.99984L9.99992 15.8332\" stroke=\"currentColor\"\/>\n<\/svg>\n            <\/figure>\n<\/a>\n                    <\/li>\n                                                        <li>\n                        <a\n    class=\"large-button-link\"\n    href=\"https:\/\/www.abf.se\/halland\/foreningar\/\"\n    target=\"\"\n>\n    <span class=\"flex-1\">Allt om f\u00f6reningar<\/span>\n\n    <figure\n        aria-hidden=\"true\"\n        class=\"w-5\"\n    >\n                    <svg width=\"20\" height=\"20\" viewBox=\"0 0 20 20\" fill=\"none\" class=\"SvgIconElement\">\n<path d=\"M4.16659 10L15.8333 10\" stroke=\"currentColor\"\/>\n<path d=\"M9.99992 4.1665L15.8333 9.99984L9.99992 15.8332\" stroke=\"currentColor\"\/>\n<\/svg>\n            <\/figure>\n<\/a>\n                    <\/li>\n                            <\/ul>\n        <\/ul>\n    <\/div>\n<\/div>","protected":false},"excerpt":{"rendered":"","protected":false},"author":77,"featured_media":0,"parent":0,"menu_order":0,"comment_status":"closed","ping_status":"closed","template":"","meta":{"_acf_changed":false,"footnotes":""},"class_list":["post-671","page","type-page","status-publish","hentry"],"acf":[],"yoast_head":"<!-- This site is optimized with the Yoast SEO plugin v27.0 - https:\/\/yoast.com\/product\/yoast-seo-wordpress\/ -->\n<title>Om ABF Halland - Halland<\/title>\n<meta name=\"robots\" content=\"index, follow, max-snippet:-1, max-image-preview:large, max-video-preview:-1\" \/>\n<link rel=\"canonical\" href=\"https:\/\/www.abf.se\/halland\/om-abf-halland\/\" \/>\n<meta property=\"og:locale\" content=\"sv_SE\" \/>\n<meta property=\"og:type\" content=\"article\" \/>\n<meta property=\"og:title\" content=\"Om ABF Halland - Halland\" \/>\n<meta property=\"og:url\" content=\"https:\/\/www.abf.se\/halland\/om-abf-halland\/\" \/>\n<meta property=\"og:site_name\" content=\"Halland\" \/>\n<meta property=\"article:modified_time\" content=\"2025-03-26T08:31:13+00:00\" \/>\n<meta property=\"og:image\" content=\"https:\/\/www.abf.se\/wp-content\/uploads\/sites\/23\/2024\/04\/Nyckeln-liggande-scaled.jpg\" \/>\n\t<meta property=\"og:image:width\" content=\"2560\" \/>\n\t<meta property=\"og:image:height\" content=\"1440\" \/>\n\t<meta property=\"og:image:type\" content=\"image\/jpeg\" \/>\n<meta name=\"twitter:card\" content=\"summary_large_image\" \/>\n<script type=\"application\/ld+json\" class=\"yoast-schema-graph\">{\"@context\":\"https:\/\/schema.org\",\"@graph\":[{\"@type\":\"WebPage\",\"@id\":\"https:\/\/www.abf.se\/halland\/om-abf-halland\/\",\"url\":\"https:\/\/www.abf.se\/halland\/om-abf-halland\/\",\"name\":\"Om ABF Halland - Halland\",\"isPartOf\":{\"@id\":\"https:\/\/www.abf.se\/halland\/#website\"},\"datePublished\":\"2024-04-05T10:57:12+00:00\",\"dateModified\":\"2025-03-26T08:31:13+00:00\",\"breadcrumb\":{\"@id\":\"https:\/\/www.abf.se\/halland\/om-abf-halland\/#breadcrumb\"},\"inLanguage\":\"sv-SE\",\"potentialAction\":[{\"@type\":\"ReadAction\",\"target\":[\"https:\/\/www.abf.se\/halland\/om-abf-halland\/\"]}]},{\"@type\":\"BreadcrumbList\",\"@id\":\"https:\/\/www.abf.se\/halland\/om-abf-halland\/#breadcrumb\",\"itemListElement\":[{\"@type\":\"ListItem\",\"position\":1,\"name\":\"Home\",\"item\":\"https:\/\/www.abf.se\/halland\/\"},{\"@type\":\"ListItem\",\"position\":2,\"name\":\"Om ABF Halland\"}]},{\"@type\":\"WebSite\",\"@id\":\"https:\/\/www.abf.se\/halland\/#website\",\"url\":\"https:\/\/www.abf.se\/halland\/\",\"name\":\"Halland\",\"description\":\"\",\"potentialAction\":[{\"@type\":\"SearchAction\",\"target\":{\"@type\":\"EntryPoint\",\"urlTemplate\":\"https:\/\/www.abf.se\/halland\/?s={search_term_string}\"},\"query-input\":{\"@type\":\"PropertyValueSpecification\",\"valueRequired\":true,\"valueName\":\"search_term_string\"}}],\"inLanguage\":\"sv-SE\"}]}<\/script>\n<!-- \/ Yoast SEO plugin. -->","yoast_head_json":{"title":"Om ABF Halland - Halland","robots":{"index":"index","follow":"follow","max-snippet":"max-snippet:-1","max-image-preview":"max-image-preview:large","max-video-preview":"max-video-preview:-1"},"canonical":"https:\/\/www.abf.se\/halland\/om-abf-halland\/","og_locale":"sv_SE","og_type":"article","og_title":"Om ABF Halland - Halland","og_url":"https:\/\/www.abf.se\/halland\/om-abf-halland\/","og_site_name":"Halland","article_modified_time":"2025-03-26T08:31:13+00:00","og_image":[{"width":2560,"height":1440,"url":"https:\/\/www.abf.se\/wp-content\/uploads\/sites\/23\/2024\/04\/Nyckeln-liggande-scaled.jpg","type":"image\/jpeg"}],"twitter_card":"summary_large_image","schema":{"@context":"https:\/\/schema.org","@graph":[{"@type":"WebPage","@id":"https:\/\/www.abf.se\/halland\/om-abf-halland\/","url":"https:\/\/www.abf.se\/halland\/om-abf-halland\/","name":"Om ABF Halland - Halland","isPartOf":{"@id":"https:\/\/www.abf.se\/halland\/#website"},"datePublished":"2024-04-05T10:57:12+00:00","dateModified":"2025-03-26T08:31:13+00:00","breadcrumb":{"@id":"https:\/\/www.abf.se\/halland\/om-abf-halland\/#breadcrumb"},"inLanguage":"sv-SE","potentialAction":[{"@type":"ReadAction","target":["https:\/\/www.abf.se\/halland\/om-abf-halland\/"]}]},{"@type":"BreadcrumbList","@id":"https:\/\/www.abf.se\/halland\/om-abf-halland\/#breadcrumb","itemListElement":[{"@type":"ListItem","position":1,"name":"Home","item":"https:\/\/www.abf.se\/halland\/"},{"@type":"ListItem","position":2,"name":"Om ABF Halland"}]},{"@type":"WebSite","@id":"https:\/\/www.abf.se\/halland\/#website","url":"https:\/\/www.abf.se\/halland\/","name":"Halland","description":"","potentialAction":[{"@type":"SearchAction","target":{"@type":"EntryPoint","urlTemplate":"https:\/\/www.abf.se\/halland\/?s={search_term_string}"},"query-input":{"@type":"PropertyValueSpecification","valueRequired":true,"valueName":"search_term_string"}}],"inLanguage":"sv-SE"}]}},"_links":{"self":[{"href":"https:\/\/www.abf.se\/halland\/wp-json\/wp\/v2\/pages\/671","targetHints":{"allow":["GET"]}}],"collection":[{"href":"https:\/\/www.abf.se\/halland\/wp-json\/wp\/v2\/pages"}],"about":[{"href":"https:\/\/www.abf.se\/halland\/wp-json\/wp\/v2\/types\/page"}],"author":[{"embeddable":true,"href":"https:\/\/www.abf.se\/halland\/wp-json\/wp\/v2\/users\/77"}],"replies":[{"embeddable":true,"href":"https:\/\/www.abf.se\/halland\/wp-json\/wp\/v2\/comments?post=671"}],"version-history":[{"count":14,"href":"https:\/\/www.abf.se\/halland\/wp-json\/wp\/v2\/pages\/671\/revisions"}],"predecessor-version":[{"id":1945,"href":"https:\/\/www.abf.se\/halland\/wp-json\/wp\/v2\/pages\/671\/revisions\/1945"}],"wp:attachment":[{"href":"https:\/\/www.abf.se\/halland\/wp-json\/wp\/v2\/media?parent=671"}],"curies":[{"name":"wp","href":"https:\/\/api.w.org\/{rel}","templated":true}]}}