{"id":852,"date":"2024-04-09T14:12:09","date_gmt":"2024-04-09T12:12:09","guid":{"rendered":"https:\/\/www.abf.se\/halland\/?page_id=852"},"modified":"2024-08-05T11:12:43","modified_gmt":"2024-08-05T09:12:43","slug":"konstituering","status":"publish","type":"page","link":"https:\/\/www.abf.se\/halland\/foreningar\/foreningskunskap\/konstituering\/","title":{"rendered":"Konstituering"},"content":{"rendered":"<div\n    class=\"acf-hero-block container-lg no-padding mb-12 js-geolocation\"\n    data-block=\"hero-block\"\n    data-index=\"0\"\n>\n    <div class=\"h-[548px]  relative rounded-[32px] overflow-hidden flex bg-gray-light\">\n        <div class=\"relative z-10 mt-auto h-auto w-full md:h-full\">\n            <div class=\"flex w-full h-full flex-col flex-wrap justify-end w-full md:w-7\/12 lg:w-1\/2 md:justify-center\">\n                <div class=\"flex flex-col gap-3 md:gap-[18px] md:transparent pt-16 pb-36 md:py-8 px-4 w-full md:max-w-[620px] mx-auto px-8\">\n\n                    <h1 class=\"hero-heading hero-heading--red-text\"><span>Konstituering<\/span><\/h1>\n\n                                            <p class=\"mt-4 max-w-[48ch] text-white\">\n                            Att f\u00f6reningen bildas p\u00e5 ett \u00f6ppet m\u00f6te kallas att den konstitueras.<br \/>\r\nEtt par andra viktiga ord i sammanhanget \u00e4r begreppen juridisk person och firmatecknare.\n                        <\/p>\n                    \n                                    <\/div>\n            <\/div>\n        <\/div>\n\n                    <picture class=\"as-background-image mix-blend-multiply bg-black\/40\"><img decoding=\"async\" src=\"https:\/\/www.abf.se\/halland\/resized\/?url=https%3A%2F%2Fwww.abf.se%2Fwp-content%2Fuploads%2F2024%2F04%2Fsamhalle-politik-fackligt4.jpg&#038;fit=crop&#038;w=1440&#038;s=6b3115514bd1aa47ed30d3fe94bf844f\" srcset=\"https:\/\/www.abf.se\/halland\/resized\/?url=https%3A%2F%2Fwww.abf.se%2Fwp-content%2Fuploads%2F2024%2F04%2Fsamhalle-politik-fackligt4.jpg&#038;fit=crop&#038;w=375&#038;h=540&#038;s=e2726dcb3b7f4476ab02c14b274e8a7a 375w, https:\/\/www.abf.se\/halland\/resized\/?url=https%3A%2F%2Fwww.abf.se%2Fwp-content%2Fuploads%2F2024%2F04%2Fsamhalle-politik-fackligt4.jpg&#038;fit=crop&#038;w=447&#038;h=540&#038;s=5f72f0b78e58a09d2807297f2ce41e44 447w, https:\/\/www.abf.se\/halland\/resized\/?url=https%3A%2F%2Fwww.abf.se%2Fwp-content%2Fuploads%2F2024%2F04%2Fsamhalle-politik-fackligt4.jpg&#038;fit=crop&#038;w=519&#038;h=540&#038;s=db09aa25d26026815bcfe9ee85531053 519w, https:\/\/www.abf.se\/halland\/resized\/?url=https%3A%2F%2Fwww.abf.se%2Fwp-content%2Fuploads%2F2024%2F04%2Fsamhalle-politik-fackligt4.jpg&#038;fit=crop&#038;w=591&#038;h=540&#038;s=aa70db6a749e753b39d79d2e78f86570 591w, https:\/\/www.abf.se\/halland\/resized\/?url=https%3A%2F%2Fwww.abf.se%2Fwp-content%2Fuploads%2F2024%2F04%2Fsamhalle-politik-fackligt4.jpg&#038;fit=crop&#038;w=663&#038;h=540&#038;s=87a6cad3ef1191f17c3ec46da8ff6c57 663w, https:\/\/www.abf.se\/halland\/resized\/?url=https%3A%2F%2Fwww.abf.se%2Fwp-content%2Fuploads%2F2024%2F04%2Fsamhalle-politik-fackligt4.jpg&#038;fit=crop&#038;w=750&#038;h=540&#038;s=c7cbaef6d5a3caff2d39e912a7e120c2 750w, https:\/\/www.abf.se\/halland\/resized\/?url=https%3A%2F%2Fwww.abf.se%2Fwp-content%2Fuploads%2F2024%2F04%2Fsamhalle-politik-fackligt4.jpg&#038;fit=crop&#038;w=894&#038;h=540&#038;s=9a695ab33f31f8248e6b01b6d34a3339 894w, https:\/\/www.abf.se\/halland\/resized\/?url=https%3A%2F%2Fwww.abf.se%2Fwp-content%2Fuploads%2F2024%2F04%2Fsamhalle-politik-fackligt4.jpg&#038;fit=crop&#038;w=1038&#038;h=540&#038;s=918f0a5bfb93381da60426d7d636f1f2 1038w, https:\/\/www.abf.se\/halland\/resized\/?url=https%3A%2F%2Fwww.abf.se%2Fwp-content%2Fuploads%2F2024%2F04%2Fsamhalle-politik-fackligt4.jpg&#038;fit=crop&#038;w=1182&#038;h=540&#038;s=696994f43194e1c2289367e07a051c8b 1182w, https:\/\/www.abf.se\/halland\/resized\/?url=https%3A%2F%2Fwww.abf.se%2Fwp-content%2Fuploads%2F2024%2F04%2Fsamhalle-politik-fackligt4.jpg&#038;fit=crop&#038;w=1326&#038;h=540&#038;s=975ab0e703031edcee17d7835ca19194 1326w, https:\/\/www.abf.se\/halland\/resized\/?url=https%3A%2F%2Fwww.abf.se%2Fwp-content%2Fuploads%2F2024%2F04%2Fsamhalle-politik-fackligt4.jpg&#038;fit=crop&#038;w=1440&#038;h=540&#038;s=69576fbe2cbc23dfcf48fc42c732403c 1440w\" alt=\"\" height=\"540\" width=\"1440\" sizes=\"(max-width: 1440px) calc(100vw - 32px), 1440px\" loading=\"eager\" fetchpriority=\"high\" aria-hidden=\"true\" role=\"presentation\" \/><\/picture>\n        \n\n            <\/div>\n\n    <\/div>\n\n<ul\n    class=\"acf-article-accordion-block accordion-group grid gap-4 my-12 article-container--wide\"\n    data-block=\"article-accordion-block \"\n    data-ui-accordion-group\n>\n\n            <li class=\"accordion\" data-ui-accordion data-ui-accordion-open=\"false\">\n        <h3>\n        <button data-ui-accordion-button class=\"accordion-toggle font-bold\" aria-expanded=\"false\" aria-controls=\"row-enjuridiskperson-0\" id=\"enjuridiskperson-0\">\n            En juridisk person\n            \n            <figure class=\"w-4.5 h-4.5\" aria-hidden=\"true\">\n            <svg width=\"20\" height=\"20\" viewBox=\"0 0 20 20\" fill=\"none\"\nclass=\"SvgIconElement\">\n<path d=\"M15.8333 7.16667L9.99992 13L4.16659 7.16667\" stroke=\"currentColor\"\/>\n<\/svg>\n            <\/figure>\n        <\/button>\n        \n                <\/h3>\n        <div class=\"accordion-content\">\n            <div id=\"row-enjuridiskperson-0\" role=\"region\" class=\"accordion-content-wrap\" aria-labelledby=\"enjuridiskperson-0\">\n                                            <div class=\"wysiwyg\">\n                    <p>N\u00e4r f\u00f6reningen har ett namn, ett m\u00e5l, styrelse och stadgar samt \u00e4r konstituerad kan den bli en juridisk person.<br \/>\nDet betyder att alla i styrelsen och f\u00f6reningen har ett gemensamt ansvar f\u00f6r f\u00f6reningens verksamhet och ekonomi. Det \u00e4r allts\u00e5 ingen enskild ansvarar f\u00f6r detta.<br \/>\n\u00c4r f\u00f6reningen en juridisk person kan den s\u00f6ka l\u00e5n och bidrag i f\u00f6reningens namn. Den kan \u00f6ppna post- och bankgiro, men f\u00f6rst m\u00e5ste f\u00f6reningen ha ett eget organisationsnummer. Ocks\u00e5 f\u00f6r att betala ut gager, arvoden och andra ers\u00e4ttningar m\u00e5ste den ha ett organisationsnummer. Det ans\u00f6ker man om hos den lokala skattemyndigheten. D\u00e5 registrerar man f\u00f6reningen formellt och f\u00f6reningen blir skyldig att deklarera. Mera om f\u00f6reningens ekonomi tar vi upp l\u00e4ngre fram.<\/p>\n\n                <\/div>\n                                        <\/div>\n        <\/div>\n    <\/li>\n            <li class=\"accordion\" data-ui-accordion data-ui-accordion-open=\"false\">\n        <h3>\n        <button data-ui-accordion-button class=\"accordion-toggle font-bold\" aria-expanded=\"false\" aria-controls=\"row-enfirmtecknare-1\" id=\"enfirmtecknare-1\">\n            En firmtecknare\n            \n            <figure class=\"w-4.5 h-4.5\" aria-hidden=\"true\">\n            <svg width=\"20\" height=\"20\" viewBox=\"0 0 20 20\" fill=\"none\"\nclass=\"SvgIconElement\">\n<path d=\"M15.8333 7.16667L9.99992 13L4.16659 7.16667\" stroke=\"currentColor\"\/>\n<\/svg>\n            <\/figure>\n        <\/button>\n        \n                <\/h3>\n        <div class=\"accordion-content\">\n            <div id=\"row-enfirmtecknare-1\" role=\"region\" class=\"accordion-content-wrap\" aria-labelledby=\"enfirmtecknare-1\">\n                                            <div class=\"wysiwyg\">\n                    <p>\u00c4ven om f\u00f6reningen blir en juridisk person kan inte vem som helst i f\u00f6reningen hantera f\u00f6reningens ekonomi. F\u00f6r det beh\u00f6vs en eller flera firmatecknare. En firmatecknare \u00e4r just en person som har r\u00e4tt att sk\u00f6ta ekonomi och ha kontakter f\u00f6r f\u00f6reningen.<br \/>\nBara firmatecknaren har r\u00e4tt att skriva under avtal, underteckna handlingar f\u00f6r f\u00f6reningen eller ta ut pengar i f\u00f6reningens namn. Vanligen \u00e4r ordf\u00f6randen eller kass\u00f6ren firmatecknare, och det kan ocks\u00e5 vara s\u00e5 att tv\u00e5 personer kan vara firmatecknare tillsammans. D\u00e5 m\u00e5ste kontrakt och andra handlingar vara undertecknade av b\u00e5da.<\/p>\n\n                <\/div>\n                                        <\/div>\n        <\/div>\n    <\/li>\n            <li class=\"accordion\" data-ui-accordion data-ui-accordion-open=\"false\">\n        <h3>\n        <button data-ui-accordion-button class=\"accordion-toggle font-bold\" aria-expanded=\"false\" aria-controls=\"row-attblisynlig-2\" id=\"attblisynlig-2\">\n            Att bli synlig\n            \n            <figure class=\"w-4.5 h-4.5\" aria-hidden=\"true\">\n            <svg width=\"20\" height=\"20\" viewBox=\"0 0 20 20\" fill=\"none\"\nclass=\"SvgIconElement\">\n<path d=\"M15.8333 7.16667L9.99992 13L4.16659 7.16667\" stroke=\"currentColor\"\/>\n<\/svg>\n            <\/figure>\n        <\/button>\n        \n                <\/h3>\n        <div class=\"accordion-content\">\n            <div id=\"row-attblisynlig-2\" role=\"region\" class=\"accordion-content-wrap\" aria-labelledby=\"attblisynlig-2\">\n                                            <div class=\"wysiwyg\">\n                    <p>F\u00f6reningen beh\u00f6ver bli synlig f\u00f6r omgivningen och vill s\u00e4kert framtr\u00e4da p\u00e5 ett s\u00e4tt som g\u00f6r att man k\u00e4nner igen den fr\u00e5n g\u00e5ng till g\u00e5ng.<br \/>\nUtforma en logotype, dvs. en symbol eller ett s\u00e4rskilt utf\u00f6rande av namnet, som anv\u00e4nds d\u00e5 f\u00f6reningen ska synas. G\u00f6r ocks\u00e5 medlemskort f\u00f6r medlemmarna. Kanske beh\u00f6ver f\u00f6reningen \u00e4ven brevpapper och kuvert med logotypen. S\u00e5dana igenk\u00e4nningstecken \u00e4r i dag l\u00e4tta att g\u00f6ra p\u00e5 dator med l\u00e4mpligt program. Med en bra skrivare kan man sj\u00e4lv skriva ut b\u00e5de medlemskort och brevpapper utan att anlita ett tryckeri.<\/p>\n\n                <\/div>\n                                        <\/div>\n        <\/div>\n    <\/li>\n    <\/ul>\n","protected":false},"excerpt":{"rendered":"","protected":false},"author":77,"featured_media":0,"parent":513,"menu_order":2,"comment_status":"closed","ping_status":"closed","template":"","meta":{"_acf_changed":false,"footnotes":""},"class_list":["post-852","page","type-page","status-publish","hentry"],"acf":[],"yoast_head":"<!-- This site is optimized with the Yoast SEO plugin v27.0 - https:\/\/yoast.com\/product\/yoast-seo-wordpress\/ -->\n<title>Konstituering - Halland<\/title>\n<meta name=\"robots\" content=\"index, follow, max-snippet:-1, max-image-preview:large, max-video-preview:-1\" \/>\n<link rel=\"canonical\" href=\"https:\/\/www.abf.se\/halland\/foreningar\/foreningskunskap\/konstituering\/\" \/>\n<meta property=\"og:locale\" content=\"sv_SE\" \/>\n<meta property=\"og:type\" content=\"article\" \/>\n<meta property=\"og:title\" content=\"Konstituering - Halland\" \/>\n<meta property=\"og:url\" content=\"https:\/\/www.abf.se\/halland\/foreningar\/foreningskunskap\/konstituering\/\" \/>\n<meta property=\"og:site_name\" content=\"Halland\" \/>\n<meta property=\"article:modified_time\" content=\"2024-08-05T09:12:43+00:00\" \/>\n<meta property=\"og:image\" content=\"https:\/\/www.abf.se\/wp-content\/uploads\/sites\/23\/2024\/04\/Nyckeln-liggande-scaled.jpg\" \/>\n\t<meta property=\"og:image:width\" content=\"2560\" \/>\n\t<meta property=\"og:image:height\" content=\"1440\" \/>\n\t<meta property=\"og:image:type\" content=\"image\/jpeg\" \/>\n<meta name=\"twitter:card\" content=\"summary_large_image\" \/>\n<script type=\"application\/ld+json\" class=\"yoast-schema-graph\">{\"@context\":\"https:\/\/schema.org\",\"@graph\":[{\"@type\":\"WebPage\",\"@id\":\"https:\/\/www.abf.se\/halland\/foreningar\/foreningskunskap\/konstituering\/\",\"url\":\"https:\/\/www.abf.se\/halland\/foreningar\/foreningskunskap\/konstituering\/\",\"name\":\"Konstituering - Halland\",\"isPartOf\":{\"@id\":\"https:\/\/www.abf.se\/halland\/#website\"},\"datePublished\":\"2024-04-09T12:12:09+00:00\",\"dateModified\":\"2024-08-05T09:12:43+00:00\",\"breadcrumb\":{\"@id\":\"https:\/\/www.abf.se\/halland\/foreningar\/foreningskunskap\/konstituering\/#breadcrumb\"},\"inLanguage\":\"sv-SE\",\"potentialAction\":[{\"@type\":\"ReadAction\",\"target\":[\"https:\/\/www.abf.se\/halland\/foreningar\/foreningskunskap\/konstituering\/\"]}]},{\"@type\":\"BreadcrumbList\",\"@id\":\"https:\/\/www.abf.se\/halland\/foreningar\/foreningskunskap\/konstituering\/#breadcrumb\",\"itemListElement\":[{\"@type\":\"ListItem\",\"position\":1,\"name\":\"Home\",\"item\":\"https:\/\/www.abf.se\/halland\/\"},{\"@type\":\"ListItem\",\"position\":2,\"name\":\"F\u00f6reningar\",\"item\":\"https:\/\/www.abf.se\/halland\/foreningar\/\"},{\"@type\":\"ListItem\",\"position\":3,\"name\":\"F\u00f6reningskunskap\",\"item\":\"https:\/\/www.abf.se\/halland\/foreningar\/foreningskunskap\/\"},{\"@type\":\"ListItem\",\"position\":4,\"name\":\"Konstituering\"}]},{\"@type\":\"WebSite\",\"@id\":\"https:\/\/www.abf.se\/halland\/#website\",\"url\":\"https:\/\/www.abf.se\/halland\/\",\"name\":\"Halland\",\"description\":\"\",\"potentialAction\":[{\"@type\":\"SearchAction\",\"target\":{\"@type\":\"EntryPoint\",\"urlTemplate\":\"https:\/\/www.abf.se\/halland\/?s={search_term_string}\"},\"query-input\":{\"@type\":\"PropertyValueSpecification\",\"valueRequired\":true,\"valueName\":\"search_term_string\"}}],\"inLanguage\":\"sv-SE\"}]}<\/script>\n<!-- \/ Yoast SEO plugin. -->","yoast_head_json":{"title":"Konstituering - Halland","robots":{"index":"index","follow":"follow","max-snippet":"max-snippet:-1","max-image-preview":"max-image-preview:large","max-video-preview":"max-video-preview:-1"},"canonical":"https:\/\/www.abf.se\/halland\/foreningar\/foreningskunskap\/konstituering\/","og_locale":"sv_SE","og_type":"article","og_title":"Konstituering - Halland","og_url":"https:\/\/www.abf.se\/halland\/foreningar\/foreningskunskap\/konstituering\/","og_site_name":"Halland","article_modified_time":"2024-08-05T09:12:43+00:00","og_image":[{"width":2560,"height":1440,"url":"https:\/\/www.abf.se\/wp-content\/uploads\/sites\/23\/2024\/04\/Nyckeln-liggande-scaled.jpg","type":"image\/jpeg"}],"twitter_card":"summary_large_image","schema":{"@context":"https:\/\/schema.org","@graph":[{"@type":"WebPage","@id":"https:\/\/www.abf.se\/halland\/foreningar\/foreningskunskap\/konstituering\/","url":"https:\/\/www.abf.se\/halland\/foreningar\/foreningskunskap\/konstituering\/","name":"Konstituering - Halland","isPartOf":{"@id":"https:\/\/www.abf.se\/halland\/#website"},"datePublished":"2024-04-09T12:12:09+00:00","dateModified":"2024-08-05T09:12:43+00:00","breadcrumb":{"@id":"https:\/\/www.abf.se\/halland\/foreningar\/foreningskunskap\/konstituering\/#breadcrumb"},"inLanguage":"sv-SE","potentialAction":[{"@type":"ReadAction","target":["https:\/\/www.abf.se\/halland\/foreningar\/foreningskunskap\/konstituering\/"]}]},{"@type":"BreadcrumbList","@id":"https:\/\/www.abf.se\/halland\/foreningar\/foreningskunskap\/konstituering\/#breadcrumb","itemListElement":[{"@type":"ListItem","position":1,"name":"Home","item":"https:\/\/www.abf.se\/halland\/"},{"@type":"ListItem","position":2,"name":"F\u00f6reningar","item":"https:\/\/www.abf.se\/halland\/foreningar\/"},{"@type":"ListItem","position":3,"name":"F\u00f6reningskunskap","item":"https:\/\/www.abf.se\/halland\/foreningar\/foreningskunskap\/"},{"@type":"ListItem","position":4,"name":"Konstituering"}]},{"@type":"WebSite","@id":"https:\/\/www.abf.se\/halland\/#website","url":"https:\/\/www.abf.se\/halland\/","name":"Halland","description":"","potentialAction":[{"@type":"SearchAction","target":{"@type":"EntryPoint","urlTemplate":"https:\/\/www.abf.se\/halland\/?s={search_term_string}"},"query-input":{"@type":"PropertyValueSpecification","valueRequired":true,"valueName":"search_term_string"}}],"inLanguage":"sv-SE"}]}},"_links":{"self":[{"href":"https:\/\/www.abf.se\/halland\/wp-json\/wp\/v2\/pages\/852","targetHints":{"allow":["GET"]}}],"collection":[{"href":"https:\/\/www.abf.se\/halland\/wp-json\/wp\/v2\/pages"}],"about":[{"href":"https:\/\/www.abf.se\/halland\/wp-json\/wp\/v2\/types\/page"}],"author":[{"embeddable":true,"href":"https:\/\/www.abf.se\/halland\/wp-json\/wp\/v2\/users\/77"}],"replies":[{"embeddable":true,"href":"https:\/\/www.abf.se\/halland\/wp-json\/wp\/v2\/comments?post=852"}],"version-history":[{"count":3,"href":"https:\/\/www.abf.se\/halland\/wp-json\/wp\/v2\/pages\/852\/revisions"}],"predecessor-version":[{"id":1565,"href":"https:\/\/www.abf.se\/halland\/wp-json\/wp\/v2\/pages\/852\/revisions\/1565"}],"up":[{"embeddable":true,"href":"https:\/\/www.abf.se\/halland\/wp-json\/wp\/v2\/pages\/513"}],"wp:attachment":[{"href":"https:\/\/www.abf.se\/halland\/wp-json\/wp\/v2\/media?parent=852"}],"curies":[{"name":"wp","href":"https:\/\/api.w.org\/{rel}","templated":true}]}}