{"id":855,"date":"2024-04-09T14:29:12","date_gmt":"2024-04-09T12:29:12","guid":{"rendered":"https:\/\/www.abf.se\/halland\/?page_id=855"},"modified":"2024-04-15T15:46:46","modified_gmt":"2024-04-15T13:46:46","slug":"styrelse-och-medlemmar","status":"publish","type":"page","link":"https:\/\/www.abf.se\/halland\/foreningar\/foreningskunskap\/styrelse-och-medlemmar\/","title":{"rendered":"Styrelse och medlemmar"},"content":{"rendered":"<div\n    class=\"acf-hero-block container-lg no-padding mb-12 js-geolocation\"\n    data-block=\"hero-block\"\n    data-index=\"0\"\n>\n    <div class=\"h-[548px]  relative rounded-[32px] overflow-hidden flex bg-gray-light\">\n        <div class=\"relative z-10 mt-auto h-auto w-full md:h-full\">\n            <div class=\"flex w-full h-full flex-col flex-wrap justify-end w-full md:w-7\/12 lg:w-1\/2 md:justify-center\">\n                <div class=\"flex flex-col gap-3 md:gap-[18px] md:transparent pt-16 pb-36 md:py-8 px-4 w-full md:max-w-[620px] mx-auto px-8\">\n\n                    <h1 class=\"hero-heading hero-heading--red-text\"><span>Styrelse och medlemmar<\/span><\/h1>\n\n                                            <p class=\"mt-4 max-w-[48ch] text-white\">\n                            Inom varje f\u00f6rening finns det n\u00e5gra poster eller uppdrag som man v\u00e4ljer folk till. Vi kan ocks\u00e5 kalla dem roller som m\u00e5ste spelas av vissa personer under en begr\u00e4nsad tid, oftast ett eller tv\u00e5 \u00e5r.<br \/>\r\n\n                        <\/p>\n                    \n                                    <\/div>\n            <\/div>\n        <\/div>\n\n                    <picture class=\"as-background-image mix-blend-multiply bg-black\/40\"><img decoding=\"async\" src=\"https:\/\/www.abf.se\/halland\/resized\/?url=https%3A%2F%2Fwww.abf.se%2Fwp-content%2Fuploads%2Fsites%2F23%2F2024%2F04%2Fpeople-2557396_1280.jpg&#038;fit=crop&#038;w=1440&#038;s=107a30b10896ed16221d86d91278cf15\" srcset=\"https:\/\/www.abf.se\/halland\/resized\/?url=https%3A%2F%2Fwww.abf.se%2Fwp-content%2Fuploads%2Fsites%2F23%2F2024%2F04%2Fpeople-2557396_1280.jpg&#038;fit=crop&#038;w=375&#038;h=540&#038;s=3b0f835258e791651a12cabffc448bbb 375w, https:\/\/www.abf.se\/halland\/resized\/?url=https%3A%2F%2Fwww.abf.se%2Fwp-content%2Fuploads%2Fsites%2F23%2F2024%2F04%2Fpeople-2557396_1280.jpg&#038;fit=crop&#038;w=447&#038;h=540&#038;s=0b13818b3a968da5bbd8b4e149afbe18 447w, https:\/\/www.abf.se\/halland\/resized\/?url=https%3A%2F%2Fwww.abf.se%2Fwp-content%2Fuploads%2Fsites%2F23%2F2024%2F04%2Fpeople-2557396_1280.jpg&#038;fit=crop&#038;w=519&#038;h=540&#038;s=ce813fbc5e2479621035b7b00d52f703 519w, https:\/\/www.abf.se\/halland\/resized\/?url=https%3A%2F%2Fwww.abf.se%2Fwp-content%2Fuploads%2Fsites%2F23%2F2024%2F04%2Fpeople-2557396_1280.jpg&#038;fit=crop&#038;w=591&#038;h=540&#038;s=1d5b4cb573f81eb3ad81f4375928f6aa 591w, https:\/\/www.abf.se\/halland\/resized\/?url=https%3A%2F%2Fwww.abf.se%2Fwp-content%2Fuploads%2Fsites%2F23%2F2024%2F04%2Fpeople-2557396_1280.jpg&#038;fit=crop&#038;w=663&#038;h=540&#038;s=ad1898fff7e51f6d1171731bdede4fa0 663w, https:\/\/www.abf.se\/halland\/resized\/?url=https%3A%2F%2Fwww.abf.se%2Fwp-content%2Fuploads%2Fsites%2F23%2F2024%2F04%2Fpeople-2557396_1280.jpg&#038;fit=crop&#038;w=750&#038;h=540&#038;s=c6c17a51d967d88e4477e1d4974d6f12 750w, https:\/\/www.abf.se\/halland\/resized\/?url=https%3A%2F%2Fwww.abf.se%2Fwp-content%2Fuploads%2Fsites%2F23%2F2024%2F04%2Fpeople-2557396_1280.jpg&#038;fit=crop&#038;w=894&#038;h=540&#038;s=d2c70563f67c2c20578b780d9995d75d 894w, https:\/\/www.abf.se\/halland\/resized\/?url=https%3A%2F%2Fwww.abf.se%2Fwp-content%2Fuploads%2Fsites%2F23%2F2024%2F04%2Fpeople-2557396_1280.jpg&#038;fit=crop&#038;w=1038&#038;h=540&#038;s=dfa6f93808b35aed7761be04ed5f6445 1038w, https:\/\/www.abf.se\/halland\/resized\/?url=https%3A%2F%2Fwww.abf.se%2Fwp-content%2Fuploads%2Fsites%2F23%2F2024%2F04%2Fpeople-2557396_1280.jpg&#038;fit=crop&#038;w=1182&#038;h=540&#038;s=5bcc9a66f2bfe4e34fffa42e0ec9cda0 1182w, https:\/\/www.abf.se\/halland\/resized\/?url=https%3A%2F%2Fwww.abf.se%2Fwp-content%2Fuploads%2Fsites%2F23%2F2024%2F04%2Fpeople-2557396_1280.jpg&#038;fit=crop&#038;w=1326&#038;h=540&#038;s=da28c392b94fc7de6492b733ee43b714 1326w, https:\/\/www.abf.se\/halland\/resized\/?url=https%3A%2F%2Fwww.abf.se%2Fwp-content%2Fuploads%2Fsites%2F23%2F2024%2F04%2Fpeople-2557396_1280.jpg&#038;fit=crop&#038;w=1440&#038;h=540&#038;s=a4c066c4bbeec3de9d6518876527fe02 1440w\" alt=\"\" height=\"540\" width=\"1440\" sizes=\"(max-width: 1440px) calc(100vw - 32px), 1440px\" loading=\"eager\" fetchpriority=\"high\" aria-hidden=\"true\" role=\"presentation\" \/><\/picture>\n        \n\n            <\/div>\n\n    <\/div>\n\n<div\n    class=\"acf-article-text-block article-container my-12\"\n    data-block=\"article-text-block\"\n>\n    <div class=\"wysiwyg\">\n        <p>Antalet s\u00e5dana f\u00f6rtroendevalda, som de ocks\u00e5 kallas, varierar mellan olika f\u00f6reningar. Ett minimum \u00e4r att det finns en ordf\u00f6rande, en sekreterare och en kass\u00f6r. De ing\u00e5r i f\u00f6reningens styrelse.<br \/>\nTill f\u00f6reningens styrelse finns det ocks\u00e5 suppleanter (ers\u00e4ttare). Dessutom ska n\u00e5gra se till att det finns kandidater till de olika posterna i styrelsen.<br \/>\nDe som g\u00f6r det ing\u00e5r i en valberedning. I en f\u00f6rening m\u00e5ste det ocks\u00e5 finnas en eller flera revisorer.<br \/>\nL\u00e5t oss se lite n\u00e4rmare p\u00e5 vad de h\u00e4r rollerna inneb\u00e4r.<\/p>\n\n    <\/div>\n<\/div>\n<ul\n    class=\"acf-article-accordion-block accordion-group grid gap-4 my-12 article-container--wide\"\n    data-block=\"article-accordion-block \"\n    data-ui-accordion-group\n>\n\n            <li class=\"accordion\" data-ui-accordion data-ui-accordion-open=\"false\">\n        <h3>\n        <button data-ui-accordion-button class=\"accordion-toggle font-bold\" aria-expanded=\"false\" aria-controls=\"row-ordforande-0\" id=\"ordforande-0\">\n            Ordf\u00f6rande\n            \n            <figure class=\"w-4.5 h-4.5\" aria-hidden=\"true\">\n            <svg width=\"20\" height=\"20\" viewBox=\"0 0 20 20\" fill=\"none\"\nclass=\"SvgIconElement\">\n<path d=\"M15.8333 7.16667L9.99992 13L4.16659 7.16667\" stroke=\"currentColor\"\/>\n<\/svg>\n            <\/figure>\n        <\/button>\n        \n                <\/h3>\n        <div class=\"accordion-content\">\n            <div id=\"row-ordforande-0\" role=\"region\" class=\"accordion-content-wrap\" aria-labelledby=\"ordforande-0\">\n                                            <div class=\"wysiwyg\">\n                    <p>Det \u00e4r ordf\u00f6randen som har det st\u00f6rsta ansvaret f\u00f6r att arbetet fungerar som det \u00e4r t\u00e4nkt. Han eller hon \u00e4r f\u00f6reningens ledare. Det finns m\u00e5nga typer av ledare och flera kan fungera v\u00e4l i en f\u00f6rening. Det \u00e4r inte alls s\u00e4kert att den sj\u00e4lvklare ordf\u00f6randen \u00e4r n\u00e5gon som har l\u00e4tt f\u00f6r att f\u00f6ra talan eller dominera \u00f6ver andra. En viktig egenskap \u00e4r f\u00f6rm\u00e5gan att lyssna och praktiskt se till s\u00e5 att alla medlemmar f\u00e5r komma till tals.<\/p>\n<p>Vad ska en ordf\u00f6rande kunna?<br \/>\nDet \u00e4r n\u00f6dv\u00e4ndigt att ordf\u00f6randen kan hantera den m\u00f6testeknik som anv\u00e4nds i n\u00e4stan alla f\u00f6reningar. Detta f\u00f6r att det \u00e4r ordf\u00f6randen som ofta \u2013 men inte alltid \u2013 sitter som ordf\u00f6rande p\u00e5 de m\u00f6ten som styrelsen eller hela f\u00f6reningen har.<br \/>\nOrdf\u00f6randen \u00e4r ocks\u00e5 ansvarig f\u00f6r att det g\u00e5r ut kallelser till m\u00f6tena, att det finns en dagordning och att det skrivs protokoll fr\u00e5n m\u00f6tena. Det inneb\u00e4r inte att ordf\u00f6randen g\u00f6r jobbet sj\u00e4lv. Sekreteraren \u00e4r den som skriver protokollen, ofta \u00e4ven dagordning och kallelse.<br \/>\nEtt vanligt problem i f\u00f6reningar \u00e4r att de som valts till posterna i styrelsen g\u00f6r allting sj\u00e4lva, medan andra medlemmar i f\u00f6reningen mest \u00e4r passiva. H\u00e4r \u00e4r ordf\u00f6randens inst\u00e4llning mycket viktig. Han eller hon ska kunna f\u00f6rdela arbetsuppgifter och \u00e4ven samla in id\u00e9er fr\u00e5n medlemmarna. Ordf\u00f6randen ska ha en dialog med medlemmar och vara den som v\u00e4gleder f\u00f6reningen i dess arbete fram\u00e5t.<\/p>\n<p>I m\u00e5nga f\u00f6reningar v\u00e4ljer man en vice ordf\u00f6rande som kan rycka in d\u00e5 ordf\u00f6randen har f\u00f6rhinder.<\/p>\n\n                <\/div>\n                                        <\/div>\n        <\/div>\n    <\/li>\n            <li class=\"accordion\" data-ui-accordion data-ui-accordion-open=\"false\">\n        <h3>\n        <button data-ui-accordion-button class=\"accordion-toggle font-bold\" aria-expanded=\"false\" aria-controls=\"row-sekreterare-1\" id=\"sekreterare-1\">\n            Sekreterare\n            \n            <figure class=\"w-4.5 h-4.5\" aria-hidden=\"true\">\n            <svg width=\"20\" height=\"20\" viewBox=\"0 0 20 20\" fill=\"none\"\nclass=\"SvgIconElement\">\n<path d=\"M15.8333 7.16667L9.99992 13L4.16659 7.16667\" stroke=\"currentColor\"\/>\n<\/svg>\n            <\/figure>\n        <\/button>\n        \n                <\/h3>\n        <div class=\"accordion-content\">\n            <div id=\"row-sekreterare-1\" role=\"region\" class=\"accordion-content-wrap\" aria-labelledby=\"sekreterare-1\">\n                                            <div class=\"wysiwyg\">\n                    <p>Sekreteraren har till uppgift att h\u00e5lla ordning p\u00e5 f\u00f6reningens dokument och framf\u00f6rallt att skriva protokoll fr\u00e5n m\u00f6ten. l\u00e4s mer om Protokollet fram\u00f6ver.<\/p>\n\n                <\/div>\n                                        <\/div>\n        <\/div>\n    <\/li>\n            <li class=\"accordion\" data-ui-accordion data-ui-accordion-open=\"false\">\n        <h3>\n        <button data-ui-accordion-button class=\"accordion-toggle font-bold\" aria-expanded=\"false\" aria-controls=\"row-kassor-2\" id=\"kassor-2\">\n            Kass\u00f6r\n            \n            <figure class=\"w-4.5 h-4.5\" aria-hidden=\"true\">\n            <svg width=\"20\" height=\"20\" viewBox=\"0 0 20 20\" fill=\"none\"\nclass=\"SvgIconElement\">\n<path d=\"M15.8333 7.16667L9.99992 13L4.16659 7.16667\" stroke=\"currentColor\"\/>\n<\/svg>\n            <\/figure>\n        <\/button>\n        \n                <\/h3>\n        <div class=\"accordion-content\">\n            <div id=\"row-kassor-2\" role=\"region\" class=\"accordion-content-wrap\" aria-labelledby=\"kassor-2\">\n                                            <div class=\"wysiwyg\">\n                    <p>De flesta aktiviteter som m\u00e4nniskor kan syssla med innefattar f\u00f6rr eller senare pengar. \u00c4ven en liten f\u00f6rening, som inte har n\u00e5gra anst\u00e4llda, inte hyr n\u00e5gon lokal och har sm\u00e5 utgifter och int\u00e4kter, m\u00e5ste redan fr\u00e5n b\u00f6rjan se allvarligt p\u00e5 sina ekonomiska fr\u00e5gor.<\/p>\n<p>Det finns m\u00e5nga exempel p\u00e5 intressant f\u00f6reningsverksamhet som har st\u00f6tt p\u00e5 problem p\u00e5 grund av slarv med pengar och ekonomiska trassel. Kass\u00f6ren \u00e4r vanligtvis firmatecknare tillsammans med ordf\u00f6randen och har ansvar f\u00f6r f\u00f6reningens ekonomi, att h\u00e5lla koll p\u00e5 tillg\u00e5ngarna och kontrollera in- och utbetalningar. Kass\u00f6ren f\u00f6r en ordnad bokf\u00f6ring, d\u00e4r varje transaktion f\u00f6rses med en verifikation. Bokf\u00f6ringen sk\u00f6ts vanligtvis med hj\u00e4lp av ett bokf\u00f6ringsprogram i datorn. Det \u00e4r viktigt att kass\u00f6ren har kunskap om bokf\u00f6ring och kan hantera ett enkelt bokf\u00f6ringsprogram, s\u00e4rskilt om f\u00f6reningen betalar ut l\u00f6n eller annan ers\u00e4ttning och d\u00e4rmed \u00e4r bokf\u00f6ringsskyldig enligt lag. Kass\u00f6ren b\u00f6r \u00e4ven uppr\u00e4tta en budget f\u00f6r f\u00f6reningens verksamhet under \u00e5ret, baserad p\u00e5 styrelsens planer f\u00f6r det kommande \u00e5ret, f\u00f6r att f\u00e5 ordning p\u00e5 ekonomin.<\/p>\n\n                <\/div>\n                                        <\/div>\n        <\/div>\n    <\/li>\n            <li class=\"accordion\" data-ui-accordion data-ui-accordion-open=\"false\">\n        <h3>\n        <button data-ui-accordion-button class=\"accordion-toggle font-bold\" aria-expanded=\"false\" aria-controls=\"row-revisor-3\" id=\"revisor-3\">\n            Revis\u00f6r\n            \n            <figure class=\"w-4.5 h-4.5\" aria-hidden=\"true\">\n            <svg width=\"20\" height=\"20\" viewBox=\"0 0 20 20\" fill=\"none\"\nclass=\"SvgIconElement\">\n<path d=\"M15.8333 7.16667L9.99992 13L4.16659 7.16667\" stroke=\"currentColor\"\/>\n<\/svg>\n            <\/figure>\n        <\/button>\n        \n                <\/h3>\n        <div class=\"accordion-content\">\n            <div id=\"row-revisor-3\" role=\"region\" class=\"accordion-content-wrap\" aria-labelledby=\"revisor-3\">\n                                            <div class=\"wysiwyg\">\n                    <p>F\u00f6reningens ekonomi ska redovisas s\u00e5 tydligt att den kan granskas av en utomst\u00e5ende, en revisor. Detta \u00e4r en post som v\u00e4ljs p\u00e5 f\u00f6reningens \u00e5rsm\u00f6te. Ofta v\u00e4ljer man tv\u00e5 revisorer med suppleanter.<\/p>\n<p>Revisorerna \u00e4r d\u00e5 ett par av f\u00f6reningens medlemmar. Det b\u00e4sta \u00e4r om revisorerna har en oberoende roll i f\u00f6rh\u00e5llande till styrelsen. Det ska inte kunna uppst\u00e5 n\u00e5gon misstanke om j\u00e4v, dvs. att revisorerna g\u00e5r styrelsens eller kass\u00f6rens \u00e4renden. Den som t\u00e4nker n\u00e4rmare efter inser snart att det ligger i f\u00f6reningens intresse att ekonomin granskas och att medlemmarna kan lita p\u00e5 styrelsens f\u00f6rm\u00e5ga att hantera ekonomin.<\/p>\n<p>P\u00e5 f\u00f6reningens \u00e5rsm\u00f6te ska revisorerna l\u00e4mna en s\u00e5 kallad revisionsber\u00e4ttelse. I den ger revisorerna information om styrelsens och det egna arbetet under \u00e5ret. De tillstyrker eller avstyrker ansvarsfrihet f\u00f6r styrelsen som har lett f\u00f6reningen. Om ekonomin \u00e4r i ordning ger man styrelsen ansvarsfrihet.<\/p>\n\n                <\/div>\n                                        <\/div>\n        <\/div>\n    <\/li>\n            <li class=\"accordion\" data-ui-accordion data-ui-accordion-open=\"false\">\n        <h3>\n        <button data-ui-accordion-button class=\"accordion-toggle font-bold\" aria-expanded=\"false\" aria-controls=\"row-studieorganisator-4\" id=\"studieorganisator-4\">\n            Studieorganisat\u00f6r\n            \n            <figure class=\"w-4.5 h-4.5\" aria-hidden=\"true\">\n            <svg width=\"20\" height=\"20\" viewBox=\"0 0 20 20\" fill=\"none\"\nclass=\"SvgIconElement\">\n<path d=\"M15.8333 7.16667L9.99992 13L4.16659 7.16667\" stroke=\"currentColor\"\/>\n<\/svg>\n            <\/figure>\n        <\/button>\n        \n                <\/h3>\n        <div class=\"accordion-content\">\n            <div id=\"row-studieorganisator-4\" role=\"region\" class=\"accordion-content-wrap\" aria-labelledby=\"studieorganisator-4\">\n                                            <div class=\"wysiwyg\">\n                    <p>I vissa f\u00f6reningar, d\u00e4r det finns ett behov av att utbilda medlemmarna, brukar man utse en s\u00e4rskild studieorganisat\u00f6r.<br \/>\nDenna person har till uppgift att organisera utbildningarna, vara kontaktperson till det studief\u00f6rbund som f\u00f6reningen eventuellt samarbetar med och sist men inte minst f\u00f6rs\u00f6ka engagera medlemmarna att delta i studiecirklar och kurser.<br \/>\nStudieorganisat\u00f6r \u00e4r ingen obligatorisk f\u00f6rtroendepost i en f\u00f6rening, utan kan v\u00e4ljas om den beh\u00f6vs. Men utbildningsfr\u00e5gor kan ocks\u00e5 klaras av styrelsen gemensamt.<\/p>\n\n                <\/div>\n                                        <\/div>\n        <\/div>\n    <\/li>\n            <li class=\"accordion\" data-ui-accordion data-ui-accordion-open=\"false\">\n        <h3>\n        <button data-ui-accordion-button class=\"accordion-toggle font-bold\" aria-expanded=\"false\" aria-controls=\"row-suppleanter-5\" id=\"suppleanter-5\">\n            Suppleanter\n            \n            <figure class=\"w-4.5 h-4.5\" aria-hidden=\"true\">\n            <svg width=\"20\" height=\"20\" viewBox=\"0 0 20 20\" fill=\"none\"\nclass=\"SvgIconElement\">\n<path d=\"M15.8333 7.16667L9.99992 13L4.16659 7.16667\" stroke=\"currentColor\"\/>\n<\/svg>\n            <\/figure>\n        <\/button>\n        \n                <\/h3>\n        <div class=\"accordion-content\">\n            <div id=\"row-suppleanter-5\" role=\"region\" class=\"accordion-content-wrap\" aria-labelledby=\"suppleanter-5\">\n                                            <div class=\"wysiwyg\">\n                    <p>Till styrelseposterna v\u00e4ljs suppleanter. Det kan h\u00e4nda \u2013 och h\u00e4nder ofta- att n\u00e5gon av de ordinarie ledam\u00f6terna i styrelsen inte kan n\u00e4rvara och d\u00e5 deltar suppleanten i st\u00e4llet. Normalt kallas suppleanterna till styrelsem\u00f6ten, \u00e4ven om ingen ordinarie styrelsemedlem \u00e4r fr\u00e5nvarande. Det \u00e4r f\u00f6rst\u00e5s bara en f\u00f6rdel om suppleanterna \u00e4r insatta i styrelsens arbete och kan f\u00f6lja det regelbundet. N\u00e4r styrelsen r\u00f6star har dock bara den suppleant som verkligen tj\u00e4nstg\u00f6r som suppleant r\u00f6str\u00e4tt.<\/p>\n\n                <\/div>\n                                        <\/div>\n        <\/div>\n    <\/li>\n            <li class=\"accordion\" data-ui-accordion data-ui-accordion-open=\"false\">\n        <h3>\n        <button data-ui-accordion-button class=\"accordion-toggle font-bold\" aria-expanded=\"false\" aria-controls=\"row-valberedning-6\" id=\"valberedning-6\">\n            Valberedning\n            \n            <figure class=\"w-4.5 h-4.5\" aria-hidden=\"true\">\n            <svg width=\"20\" height=\"20\" viewBox=\"0 0 20 20\" fill=\"none\"\nclass=\"SvgIconElement\">\n<path d=\"M15.8333 7.16667L9.99992 13L4.16659 7.16667\" stroke=\"currentColor\"\/>\n<\/svg>\n            <\/figure>\n        <\/button>\n        \n                <\/h3>\n        <div class=\"accordion-content\">\n            <div id=\"row-valberedning-6\" role=\"region\" class=\"accordion-content-wrap\" aria-labelledby=\"valberedning-6\">\n                                            <div class=\"wysiwyg\">\n                    <p>P\u00e5 f\u00f6reningens \u00e5rsm\u00f6te v\u00e4ljs en valberedning som oftast best\u00e5r av ett par tre personer. Valberedningen har till uppgift att ta fram f\u00f6rslag till ledam\u00f6ter i en ny styrelse, samt f\u00f6rslag till nya revisorer och ny valberedning, till kommande \u00e5rsm\u00f6te. I de flesta f\u00f6reningar konstruerar man styrelsen s\u00e5 att den f\u00f6rsta g\u00e5ngen best\u00e5r av n\u00e5gra som \u00e4r valda p\u00e5 ett \u00e5r, andra som v\u00e4ljs f\u00f6r tv\u00e5 \u00e5r. D\u00e5 beh\u00f6ver man inte v\u00e4lja en helt ny styrelse varje \u00e5r. N\u00e5gra personer har ett \u00e5r kvar n\u00e4r de nya kom- mer till, och det blir ett naturligt sammanhang mellan den nya och den gamla styrelsens arbete.<br \/>\nValberedningens arbete \u00e4r som mest intensivt n\u00e4rmast f\u00f6re \u00e5rs- m\u00f6tet, men den b\u00f6r t\u00e4nka mera l\u00e5ngsiktigt och vara ute i god tid. De ledam\u00f6ter som f\u00f6resl\u00e5s ska f\u00f6rst\u00e5s vara p\u00e5litliga och kunniga personer som valberedningen bed\u00f6mer kan g\u00f6ra en bra insats f\u00f6r f\u00f6reningen. N\u00e4r valberedningen f\u00f6resl\u00e5r namn, kan den ocks\u00e5 t\u00e4nka p\u00e5 att de f\u00f6reslagna personerna fungerar bra tillsammans. De som f\u00f6resl\u00e5s p\u00e5 \u00e5rsm\u00f6tet b\u00f6r vara tillfr\u00e5gade i f\u00f6rv\u00e4g.<\/p>\n\n                <\/div>\n                                        <\/div>\n        <\/div>\n    <\/li>\n    <\/ul>\n","protected":false},"excerpt":{"rendered":"","protected":false},"author":77,"featured_media":0,"parent":513,"menu_order":3,"comment_status":"closed","ping_status":"closed","template":"","meta":{"_acf_changed":false,"footnotes":""},"class_list":["post-855","page","type-page","status-publish","hentry"],"acf":[],"yoast_head":"<!-- This site is optimized with the Yoast SEO plugin v27.0 - https:\/\/yoast.com\/product\/yoast-seo-wordpress\/ -->\n<title>Styrelse och medlemmar - Halland<\/title>\n<meta name=\"robots\" content=\"index, follow, max-snippet:-1, max-image-preview:large, max-video-preview:-1\" \/>\n<link rel=\"canonical\" href=\"https:\/\/www.abf.se\/halland\/foreningar\/foreningskunskap\/styrelse-och-medlemmar\/\" \/>\n<meta property=\"og:locale\" content=\"sv_SE\" \/>\n<meta property=\"og:type\" content=\"article\" \/>\n<meta property=\"og:title\" content=\"Styrelse och medlemmar - Halland\" \/>\n<meta property=\"og:url\" content=\"https:\/\/www.abf.se\/halland\/foreningar\/foreningskunskap\/styrelse-och-medlemmar\/\" \/>\n<meta property=\"og:site_name\" content=\"Halland\" \/>\n<meta property=\"article:modified_time\" content=\"2024-04-15T13:46:46+00:00\" \/>\n<meta property=\"og:image\" content=\"https:\/\/www.abf.se\/wp-content\/uploads\/sites\/23\/2024\/04\/Nyckeln-liggande-scaled.jpg\" \/>\n\t<meta property=\"og:image:width\" content=\"2560\" \/>\n\t<meta property=\"og:image:height\" content=\"1440\" \/>\n\t<meta property=\"og:image:type\" content=\"image\/jpeg\" \/>\n<meta name=\"twitter:card\" content=\"summary_large_image\" \/>\n<script type=\"application\/ld+json\" class=\"yoast-schema-graph\">{\"@context\":\"https:\/\/schema.org\",\"@graph\":[{\"@type\":\"WebPage\",\"@id\":\"https:\/\/www.abf.se\/halland\/foreningar\/foreningskunskap\/styrelse-och-medlemmar\/\",\"url\":\"https:\/\/www.abf.se\/halland\/foreningar\/foreningskunskap\/styrelse-och-medlemmar\/\",\"name\":\"Styrelse och medlemmar - Halland\",\"isPartOf\":{\"@id\":\"https:\/\/www.abf.se\/halland\/#website\"},\"datePublished\":\"2024-04-09T12:29:12+00:00\",\"dateModified\":\"2024-04-15T13:46:46+00:00\",\"breadcrumb\":{\"@id\":\"https:\/\/www.abf.se\/halland\/foreningar\/foreningskunskap\/styrelse-och-medlemmar\/#breadcrumb\"},\"inLanguage\":\"sv-SE\",\"potentialAction\":[{\"@type\":\"ReadAction\",\"target\":[\"https:\/\/www.abf.se\/halland\/foreningar\/foreningskunskap\/styrelse-och-medlemmar\/\"]}]},{\"@type\":\"BreadcrumbList\",\"@id\":\"https:\/\/www.abf.se\/halland\/foreningar\/foreningskunskap\/styrelse-och-medlemmar\/#breadcrumb\",\"itemListElement\":[{\"@type\":\"ListItem\",\"position\":1,\"name\":\"Home\",\"item\":\"https:\/\/www.abf.se\/halland\/\"},{\"@type\":\"ListItem\",\"position\":2,\"name\":\"F\u00f6reningar\",\"item\":\"https:\/\/www.abf.se\/halland\/foreningar\/\"},{\"@type\":\"ListItem\",\"position\":3,\"name\":\"F\u00f6reningskunskap\",\"item\":\"https:\/\/www.abf.se\/halland\/foreningar\/foreningskunskap\/\"},{\"@type\":\"ListItem\",\"position\":4,\"name\":\"Styrelse och medlemmar\"}]},{\"@type\":\"WebSite\",\"@id\":\"https:\/\/www.abf.se\/halland\/#website\",\"url\":\"https:\/\/www.abf.se\/halland\/\",\"name\":\"Halland\",\"description\":\"\",\"potentialAction\":[{\"@type\":\"SearchAction\",\"target\":{\"@type\":\"EntryPoint\",\"urlTemplate\":\"https:\/\/www.abf.se\/halland\/?s={search_term_string}\"},\"query-input\":{\"@type\":\"PropertyValueSpecification\",\"valueRequired\":true,\"valueName\":\"search_term_string\"}}],\"inLanguage\":\"sv-SE\"}]}<\/script>\n<!-- \/ Yoast SEO plugin. -->","yoast_head_json":{"title":"Styrelse och medlemmar - Halland","robots":{"index":"index","follow":"follow","max-snippet":"max-snippet:-1","max-image-preview":"max-image-preview:large","max-video-preview":"max-video-preview:-1"},"canonical":"https:\/\/www.abf.se\/halland\/foreningar\/foreningskunskap\/styrelse-och-medlemmar\/","og_locale":"sv_SE","og_type":"article","og_title":"Styrelse och medlemmar - Halland","og_url":"https:\/\/www.abf.se\/halland\/foreningar\/foreningskunskap\/styrelse-och-medlemmar\/","og_site_name":"Halland","article_modified_time":"2024-04-15T13:46:46+00:00","og_image":[{"width":2560,"height":1440,"url":"https:\/\/www.abf.se\/wp-content\/uploads\/sites\/23\/2024\/04\/Nyckeln-liggande-scaled.jpg","type":"image\/jpeg"}],"twitter_card":"summary_large_image","schema":{"@context":"https:\/\/schema.org","@graph":[{"@type":"WebPage","@id":"https:\/\/www.abf.se\/halland\/foreningar\/foreningskunskap\/styrelse-och-medlemmar\/","url":"https:\/\/www.abf.se\/halland\/foreningar\/foreningskunskap\/styrelse-och-medlemmar\/","name":"Styrelse och medlemmar - Halland","isPartOf":{"@id":"https:\/\/www.abf.se\/halland\/#website"},"datePublished":"2024-04-09T12:29:12+00:00","dateModified":"2024-04-15T13:46:46+00:00","breadcrumb":{"@id":"https:\/\/www.abf.se\/halland\/foreningar\/foreningskunskap\/styrelse-och-medlemmar\/#breadcrumb"},"inLanguage":"sv-SE","potentialAction":[{"@type":"ReadAction","target":["https:\/\/www.abf.se\/halland\/foreningar\/foreningskunskap\/styrelse-och-medlemmar\/"]}]},{"@type":"BreadcrumbList","@id":"https:\/\/www.abf.se\/halland\/foreningar\/foreningskunskap\/styrelse-och-medlemmar\/#breadcrumb","itemListElement":[{"@type":"ListItem","position":1,"name":"Home","item":"https:\/\/www.abf.se\/halland\/"},{"@type":"ListItem","position":2,"name":"F\u00f6reningar","item":"https:\/\/www.abf.se\/halland\/foreningar\/"},{"@type":"ListItem","position":3,"name":"F\u00f6reningskunskap","item":"https:\/\/www.abf.se\/halland\/foreningar\/foreningskunskap\/"},{"@type":"ListItem","position":4,"name":"Styrelse och medlemmar"}]},{"@type":"WebSite","@id":"https:\/\/www.abf.se\/halland\/#website","url":"https:\/\/www.abf.se\/halland\/","name":"Halland","description":"","potentialAction":[{"@type":"SearchAction","target":{"@type":"EntryPoint","urlTemplate":"https:\/\/www.abf.se\/halland\/?s={search_term_string}"},"query-input":{"@type":"PropertyValueSpecification","valueRequired":true,"valueName":"search_term_string"}}],"inLanguage":"sv-SE"}]}},"_links":{"self":[{"href":"https:\/\/www.abf.se\/halland\/wp-json\/wp\/v2\/pages\/855","targetHints":{"allow":["GET"]}}],"collection":[{"href":"https:\/\/www.abf.se\/halland\/wp-json\/wp\/v2\/pages"}],"about":[{"href":"https:\/\/www.abf.se\/halland\/wp-json\/wp\/v2\/types\/page"}],"author":[{"embeddable":true,"href":"https:\/\/www.abf.se\/halland\/wp-json\/wp\/v2\/users\/77"}],"replies":[{"embeddable":true,"href":"https:\/\/www.abf.se\/halland\/wp-json\/wp\/v2\/comments?post=855"}],"version-history":[{"count":5,"href":"https:\/\/www.abf.se\/halland\/wp-json\/wp\/v2\/pages\/855\/revisions"}],"predecessor-version":[{"id":861,"href":"https:\/\/www.abf.se\/halland\/wp-json\/wp\/v2\/pages\/855\/revisions\/861"}],"up":[{"embeddable":true,"href":"https:\/\/www.abf.se\/halland\/wp-json\/wp\/v2\/pages\/513"}],"wp:attachment":[{"href":"https:\/\/www.abf.se\/halland\/wp-json\/wp\/v2\/media?parent=855"}],"curies":[{"name":"wp","href":"https:\/\/api.w.org\/{rel}","templated":true}]}}