{"id":865,"date":"2024-04-09T15:05:23","date_gmt":"2024-04-09T13:05:23","guid":{"rendered":"https:\/\/www.abf.se\/halland\/?page_id=865"},"modified":"2024-04-15T15:43:04","modified_gmt":"2024-04-15T13:43:04","slug":"forenings-ekonomi","status":"publish","type":"page","link":"https:\/\/www.abf.se\/halland\/foreningar\/foreningskunskap\/forenings-ekonomi\/","title":{"rendered":"F\u00f6renings ekonomi"},"content":{"rendered":"<div\n    class=\"acf-hero-block container-lg no-padding mb-12 js-geolocation\"\n    data-block=\"hero-block\"\n    data-index=\"0\"\n>\n    <div class=\"h-[548px]  relative rounded-[32px] overflow-hidden flex bg-gray-light\">\n        <div class=\"relative z-10 mt-auto h-auto w-full md:h-full\">\n            <div class=\"flex w-full h-full flex-col flex-wrap justify-end w-full md:w-7\/12 lg:w-1\/2 md:justify-center\">\n                <div class=\"flex flex-col gap-3 md:gap-[18px] md:transparent pt-16 pb-36 md:py-8 px-4 w-full md:max-w-[620px] mx-auto px-8\">\n\n                    <h1 class=\"hero-heading hero-heading--red-text\"><span>F\u00f6renings ekonomi<\/span><\/h1>\n\n                                            <p class=\"mt-4 max-w-[48ch] text-white\">\n                            Pengar \u00e4r ofta ett bekymmer. F\u00f6r privatpersoner, f\u00f6retag, organisationer och naturligtvis f\u00f6r f\u00f6reningar. S\u00e5 snart man s\u00e4tter ig\u00e5ng en verksamhet m\u00e4rker man att saker och ting kostar.\n                        <\/p>\n                    \n                                    <\/div>\n            <\/div>\n        <\/div>\n\n                    <picture class=\"as-background-image mix-blend-multiply bg-black\/40\"><img decoding=\"async\" src=\"https:\/\/www.abf.se\/halland\/resized\/?url=https%3A%2F%2Fwww.abf.se%2Fwp-content%2Fuploads%2Fsites%2F23%2F2024%2F04%2Fmoney-2696219_1280.jpg&#038;fit=crop&#038;w=1440&#038;s=138fd587eaa6efb0dc0ee7e73aa7a3d9\" srcset=\"https:\/\/www.abf.se\/halland\/resized\/?url=https%3A%2F%2Fwww.abf.se%2Fwp-content%2Fuploads%2Fsites%2F23%2F2024%2F04%2Fmoney-2696219_1280.jpg&#038;fit=crop&#038;w=375&#038;h=540&#038;s=b488718742feb1e86fb096a074bbc6af 375w, https:\/\/www.abf.se\/halland\/resized\/?url=https%3A%2F%2Fwww.abf.se%2Fwp-content%2Fuploads%2Fsites%2F23%2F2024%2F04%2Fmoney-2696219_1280.jpg&#038;fit=crop&#038;w=447&#038;h=540&#038;s=30375e6ca01b0d678c9961659c013ec7 447w, https:\/\/www.abf.se\/halland\/resized\/?url=https%3A%2F%2Fwww.abf.se%2Fwp-content%2Fuploads%2Fsites%2F23%2F2024%2F04%2Fmoney-2696219_1280.jpg&#038;fit=crop&#038;w=519&#038;h=540&#038;s=4e09009c2300a5680967c1416fb8bc0f 519w, https:\/\/www.abf.se\/halland\/resized\/?url=https%3A%2F%2Fwww.abf.se%2Fwp-content%2Fuploads%2Fsites%2F23%2F2024%2F04%2Fmoney-2696219_1280.jpg&#038;fit=crop&#038;w=591&#038;h=540&#038;s=6c2ac0ca070f72811401bd4f0639f304 591w, https:\/\/www.abf.se\/halland\/resized\/?url=https%3A%2F%2Fwww.abf.se%2Fwp-content%2Fuploads%2Fsites%2F23%2F2024%2F04%2Fmoney-2696219_1280.jpg&#038;fit=crop&#038;w=663&#038;h=540&#038;s=6d5f97660a8b5c95e76689fbbf0dc608 663w, https:\/\/www.abf.se\/halland\/resized\/?url=https%3A%2F%2Fwww.abf.se%2Fwp-content%2Fuploads%2Fsites%2F23%2F2024%2F04%2Fmoney-2696219_1280.jpg&#038;fit=crop&#038;w=750&#038;h=540&#038;s=2c48da00e17d3e07b66584a7dcf40490 750w, https:\/\/www.abf.se\/halland\/resized\/?url=https%3A%2F%2Fwww.abf.se%2Fwp-content%2Fuploads%2Fsites%2F23%2F2024%2F04%2Fmoney-2696219_1280.jpg&#038;fit=crop&#038;w=894&#038;h=540&#038;s=9764307a15d5911025d2528bd7b111ae 894w, https:\/\/www.abf.se\/halland\/resized\/?url=https%3A%2F%2Fwww.abf.se%2Fwp-content%2Fuploads%2Fsites%2F23%2F2024%2F04%2Fmoney-2696219_1280.jpg&#038;fit=crop&#038;w=1038&#038;h=540&#038;s=bd2833622078923fad8e8d9077515bc5 1038w, https:\/\/www.abf.se\/halland\/resized\/?url=https%3A%2F%2Fwww.abf.se%2Fwp-content%2Fuploads%2Fsites%2F23%2F2024%2F04%2Fmoney-2696219_1280.jpg&#038;fit=crop&#038;w=1182&#038;h=540&#038;s=35c29ebf7335022a1285e32a225ec1bd 1182w, https:\/\/www.abf.se\/halland\/resized\/?url=https%3A%2F%2Fwww.abf.se%2Fwp-content%2Fuploads%2Fsites%2F23%2F2024%2F04%2Fmoney-2696219_1280.jpg&#038;fit=crop&#038;w=1326&#038;h=540&#038;s=c96a0cd0e95b2ea22c8458df7fe5358b 1326w, https:\/\/www.abf.se\/halland\/resized\/?url=https%3A%2F%2Fwww.abf.se%2Fwp-content%2Fuploads%2Fsites%2F23%2F2024%2F04%2Fmoney-2696219_1280.jpg&#038;fit=crop&#038;w=1440&#038;h=540&#038;s=d2281439f10adc84dc1d21c1e92884c8 1440w\" alt=\"\" height=\"540\" width=\"1440\" sizes=\"(max-width: 1440px) calc(100vw - 32px), 1440px\" loading=\"eager\" fetchpriority=\"high\" aria-hidden=\"true\" role=\"presentation\" \/><\/picture>\n        \n\n            <\/div>\n\n    <\/div>\n\n<div\n    class=\"acf-article-text-block article-container my-12\"\n    data-block=\"article-text-block\"\n>\n    <div class=\"wysiwyg\">\n        <p>I en liten f\u00f6rening handlar det inte om n\u00e5gra stora pengar, men det g\u00e5r inte att f\u00e5 allting gratis. Till en b\u00f6rjan kan det handla om s\u00e5dant som porto, papper och p\u00e4rmar och annan n\u00f6dv\u00e4ndig utrustning. Vill man servera n\u00e5got \u00e4tbart i anslutning till ett m\u00f6te kostar maten pengar. Efter en tid kanske man beh\u00f6ver hyra en lokal, anlita hantverkshj\u00e4lp, skaffa m\u00f6bler, g\u00f6ra n\u00e5gon resa&#8230; och allt kostar pengar.<\/p>\n<p>I en ideell f\u00f6rening kostar d\u00e4remot varken medlemmar eller styrelseledam\u00f6ter n\u00e5got. Arbetet i en ideell f\u00f6rening \u00e4r just ideellt, dvs. Man arbetar utan ers\u00e4ttning och av intresse och engagemang. Och det ideella arbetets betydelse i svenskt f\u00f6reningsliv kan knappast \u00f6verskattas. Exempelvis skulle idrottsr\u00f6relsen varit mycket mindre om inte massvis med ideellt arbete lagts ner genom m\u00e5nga \u00e5r.<\/p>\n<p>Vi har tidigare betonat att det \u00e4r viktigt att f\u00f6reningen, dvs. i f\u00f6rsta hand kass\u00f6ren, har bra kontroll \u00f6ver f\u00f6reningens pengar och redovisning. Allt ska vara i ordning och det ska g\u00e5 att granska i efterhand.<br \/>\nEn ideell f\u00f6rening \u00e4r ingen aff\u00e4rsdrivande verksamhet och den ska inte g\u00e5 med vinst. En f\u00f6rening som efter en tid har samlat stora belopp p\u00e5 sina konton har f\u00f6rmodligen misslyckats med sin f\u00f6reningsid\u00e9.<\/p>\n<p>Men en f\u00f6rening ska heller inte g\u00e5 med f\u00f6rlust. Inte vara beroende att medlemmarna skjuter till privata pengar f\u00f6r att det ska fungera. F\u00f6reningen ska ocks\u00e5 vara mycket f\u00f6rsiktig med att lana. Och medveten om att alla l\u00e5n ska betalas igen med r\u00e4nta.<\/p>\n<p><strong>Hur ska nu f\u00f6reningen f\u00e5 in de pengar som beh\u00f6vs f\u00f6r att bedriva verksamheten? Det finns flera v\u00e4gar att g\u00e5.<\/strong><\/p>\n\n    <\/div>\n<\/div>\n<ul\n    class=\"acf-article-accordion-block accordion-group grid gap-4 my-12 article-container\"\n    data-block=\"article-accordion-block \"\n    data-ui-accordion-group\n>\n\n            <li class=\"accordion\" data-ui-accordion data-ui-accordion-open=\"false\">\n        <h3>\n        <button data-ui-accordion-button class=\"accordion-toggle font-bold\" aria-expanded=\"false\" aria-controls=\"row-avgifter-0\" id=\"avgifter-0\">\n            Avgifter\n            \n            <figure class=\"w-4.5 h-4.5\" aria-hidden=\"true\">\n            <svg width=\"20\" height=\"20\" viewBox=\"0 0 20 20\" fill=\"none\"\nclass=\"SvgIconElement\">\n<path d=\"M15.8333 7.16667L9.99992 13L4.16659 7.16667\" stroke=\"currentColor\"\/>\n<\/svg>\n            <\/figure>\n        <\/button>\n        \n                <\/h3>\n        <div class=\"accordion-content\">\n            <div id=\"row-avgifter-0\" role=\"region\" class=\"accordion-content-wrap\" aria-labelledby=\"avgifter-0\">\n                                            <div class=\"wysiwyg\">\n                    <p>I stadgarna ska det finnas ett avsnitt som hur medlemsavgiften i f\u00f6reningen best\u00e4ms. En del f\u00f6reningar v\u00e4ljer att inte ta ut n\u00e5gon avgift alls.<br \/>\nHar man en avgift \u00e4r det f\u00f6rst\u00e5s viktigt att avgiften inte \u00e4r s\u00e5 h\u00f6g att den blir ett hinder f\u00f6r intresserade att delta. <\/p>\n<p>Avgiften ska k\u00e4nnas rimlig. Och betalar man f\u00f6r att vara med, d\u00e5 har man kanske ocks\u00e5 st\u00f6rre krav p\u00e5 att f\u00f6reningen verkligen ska ge n\u00e5got i utbyte.<br \/>\nOm f\u00f6reningen har m\u00e5nga medlemmar kan avgifterna ge en bra grundpl\u00e5t f\u00f6r verksamheten.<\/p>\n\n                <\/div>\n                                        <\/div>\n        <\/div>\n    <\/li>\n            <li class=\"accordion\" data-ui-accordion data-ui-accordion-open=\"false\">\n        <h3>\n        <button data-ui-accordion-button class=\"accordion-toggle font-bold\" aria-expanded=\"false\" aria-controls=\"row-studieforbund-1\" id=\"studieforbund-1\">\n            Studief\u00f6rbund\n            \n            <figure class=\"w-4.5 h-4.5\" aria-hidden=\"true\">\n            <svg width=\"20\" height=\"20\" viewBox=\"0 0 20 20\" fill=\"none\"\nclass=\"SvgIconElement\">\n<path d=\"M15.8333 7.16667L9.99992 13L4.16659 7.16667\" stroke=\"currentColor\"\/>\n<\/svg>\n            <\/figure>\n        <\/button>\n        \n                <\/h3>\n        <div class=\"accordion-content\">\n            <div id=\"row-studieforbund-1\" role=\"region\" class=\"accordion-content-wrap\" aria-labelledby=\"studieforbund-1\">\n                                            <div class=\"wysiwyg\">\n                    <p>M\u00e5nga f\u00f6reningar samarbetar med studief\u00f6rbund. Studief\u00f6rbunden \u00e4r rikst\u00e4ckande organisationer men har lokalavdelningar p\u00e5 m\u00e5nga orter. <\/p>\n<p>Studief\u00f6rbunden har varierande profil och inriktning. I vart och ett av dem ing\u00e5r olika medlemsorganisationer som f\u00e5r hj\u00e4lp med sina studier, var och en genom &#8221;sitt&#8221; studief\u00f6rbund.<\/p>\n<p>Naturligtvis \u00e4r studief\u00f6rbunden till f\u00f6r att ge m\u00e4nniskor en m\u00f6jlighet att studera. Men formerna f\u00f6r studier \u00e4r mycket friare och m\u00e5ngsidigare an inom skolor. Studieformerna inriktas efter deltagarnas<br \/>\nintresse och ambition. Och n\u00e4stan varje f\u00f6rening har i sin verksamhet behov av n\u00e5got som kan kallas utbildning eller bildning. S\u00e4rskilt inom kulturverksamheter \u00e4r det vanligt att f\u00f6reningar och studief\u00f6rbund samverkar.<\/p>\n<p>Studief\u00f6rbunden st\u00e5r ocks\u00e5 f\u00f6r arrangemang som konserter, debatter, temakv\u00e4llar, utflykter m.m., och s\u00e5dana arrangemang g\u00f6rs ofta i samarbete med f\u00f6reningar.<\/p>\n\n                <\/div>\n                                        <\/div>\n        <\/div>\n    <\/li>\n            <li class=\"accordion\" data-ui-accordion data-ui-accordion-open=\"false\">\n        <h3>\n        <button data-ui-accordion-button class=\"accordion-toggle font-bold\" aria-expanded=\"false\" aria-controls=\"row-kommun,statocheu-2\" id=\"kommun,statocheu-2\">\n            Kommun, stat och EU\n            \n            <figure class=\"w-4.5 h-4.5\" aria-hidden=\"true\">\n            <svg width=\"20\" height=\"20\" viewBox=\"0 0 20 20\" fill=\"none\"\nclass=\"SvgIconElement\">\n<path d=\"M15.8333 7.16667L9.99992 13L4.16659 7.16667\" stroke=\"currentColor\"\/>\n<\/svg>\n            <\/figure>\n        <\/button>\n        \n                <\/h3>\n        <div class=\"accordion-content\">\n            <div id=\"row-kommun,statocheu-2\" role=\"region\" class=\"accordion-content-wrap\" aria-labelledby=\"kommun,statocheu-2\">\n                                            <div class=\"wysiwyg\">\n                    <p>Det \u00e4r vanligt att kommuner ger bidrag till f\u00f6reningar. Anledningen till det \u00e4r att m\u00e5nga politiker tycker det \u00e4r bra med ett livaktigt f\u00f6reningsliv och d\u00e4rf\u00f6r st\u00f6djer det. Men m\u00f6jligheterna att f\u00e5 st\u00f6d \u00e4r olika i olika kommuner. Dels styrs en del kommuner av politiker som inte s\u00e4tter f\u00f6reningslivet lika h\u00f6gt som andra. Dels har kommunerna olika mycket pengar att dela ut. I en fattig kommun d\u00e4r man m\u00e5ste sk\u00e4ra ner i olika verksamheter drabbas f\u00f6reningslivet ofta f\u00f6rst av nedsk\u00e4rningarna. Sedan varierar antalet f\u00f6reningar p\u00e5 olika orter. Ju fler f\u00f6reningar som vill dela p\u00e5 kakan, desto mindre m\u00f6jligheter att verkligen f\u00e5 en bit.<\/p>\n<p>Staten st\u00f6der ocks\u00e5 f\u00f6reningslivet och kan ge bidrag genom olika myndigheter. P\u00e5 senare \u00e5r har ocks\u00e5 EU blivit en m\u00f6jlig bidragsgivare. I b\u00e5da fallen handlar det oftast om att man ger bidrag till best\u00e4mda projekt som man finner det angel\u00e4get att st\u00f6dja.<\/p>\n\n                <\/div>\n                                        <\/div>\n        <\/div>\n    <\/li>\n            <li class=\"accordion\" data-ui-accordion data-ui-accordion-open=\"false\">\n        <h3>\n        <button data-ui-accordion-button class=\"accordion-toggle font-bold\" aria-expanded=\"false\" aria-controls=\"row-projekt-3\" id=\"projekt-3\">\n            Projekt\n            \n            <figure class=\"w-4.5 h-4.5\" aria-hidden=\"true\">\n            <svg width=\"20\" height=\"20\" viewBox=\"0 0 20 20\" fill=\"none\"\nclass=\"SvgIconElement\">\n<path d=\"M15.8333 7.16667L9.99992 13L4.16659 7.16667\" stroke=\"currentColor\"\/>\n<\/svg>\n            <\/figure>\n        <\/button>\n        \n                <\/h3>\n        <div class=\"accordion-content\">\n            <div id=\"row-projekt-3\" role=\"region\" class=\"accordion-content-wrap\" aria-labelledby=\"projekt-3\">\n                                            <div class=\"wysiwyg\">\n                    <p>Ett projekt genomf\u00f6rs av m\u00e4nniskor som samlas i en projektgrupp och med en best\u00e4md tidsplan genomf\u00f6r det de vill g\u00f6ra. Att arbeta med projekt kan vara ett bra kompletterande arbetss\u00e4tt f\u00f6r att bredda f\u00f6reningens verksamhet och klara ekonomin. <\/p>\n<p>Projektet ska ha en budget, dvs. en ekonomisk plan f\u00f6r vad projektet kommer att kosta.<br \/>\nAllt s\u00e5dant &#8211; och ofta betydligt mer m\u00e5ste kunna redovisas n\u00e4r man s\u00f6ker projektbidrag. D\u00e4rf\u00f6r kan det vara sv\u00e5rt att s\u00f6ka projektbidrag. Det st\u00e4lls ofta h\u00e5rda krav p\u00e5 korrekt ifyllda blanketter, tidsplanering, ekonomiska kalkyler och annat. H\u00e4r vill vi peka p\u00e5 m\u00f6jligheten men kan inte ta upp hur allting ska g\u00e5 till.<\/p>\n<p>I sammanhang d\u00e4r man s\u00f6ker projektbidrag eller samarbete \u00e4r det viktigt att man kan presentera sin f\u00f6rening p\u00e5 ett bra s\u00e4tt. F\u00f6reningen ska framst\u00e5 som seri\u00f6s. Den ska ge ett intryck av att den klarar av att genomf\u00f6ra projektet eller samarbetet p\u00e5 ett bra s\u00e4tt. Det formella<br \/>\nkring f\u00f6reningen ska vara riktigt. F\u00f6reningens syfte ska st\u00e5 i f\u00f6rgrunden &#8211; inte viljan att f\u00e5 bidrag.<\/p>\n\n                <\/div>\n                                        <\/div>\n        <\/div>\n    <\/li>\n            <li class=\"accordion\" data-ui-accordion data-ui-accordion-open=\"false\">\n        <h3>\n        <button data-ui-accordion-button class=\"accordion-toggle font-bold\" aria-expanded=\"false\" aria-controls=\"row-fonder-4\" id=\"fonder-4\">\n            Fonder\n            \n            <figure class=\"w-4.5 h-4.5\" aria-hidden=\"true\">\n            <svg width=\"20\" height=\"20\" viewBox=\"0 0 20 20\" fill=\"none\"\nclass=\"SvgIconElement\">\n<path d=\"M15.8333 7.16667L9.99992 13L4.16659 7.16667\" stroke=\"currentColor\"\/>\n<\/svg>\n            <\/figure>\n        <\/button>\n        \n                <\/h3>\n        <div class=\"accordion-content\">\n            <div id=\"row-fonder-4\" role=\"region\" class=\"accordion-content-wrap\" aria-labelledby=\"fonder-4\">\n                                            <div class=\"wysiwyg\">\n                    <p>Det finns en stor m\u00e4ngd fonder i Sverige. Ofta har de uppst\u00e5tt privata donationer och f\u00f6rvaltas av stiftelser. M\u00e5nga av dem ger bidrag i form av stipendier, projektbidrag eller st\u00f6d till organisationer.<\/p>\n<p>M\u00e5nga g\u00e5nger \u00e4r bidragen ur fonderna riktade \u00e5t ett best\u00e4mt h\u00e5ll, Man kan bara komma ifr\u00e5ga om man \u00e4r till exempel finsk medborgare, f\u00f6dd i \u00d6sterg\u00f6tland eller l\u00e4karstuderande. D\u00e5 l\u00f6nar det sig inte f\u00f6r andra att s\u00f6ka.<br \/>\nIbland annonseras efter s\u00f6kande till de bidrag som fonderna delar ut. Det st\u00f6rsta problemet med fonderna \u00e4r annars att de \u00e4r s\u00e5 ok\u00e4nda f\u00f6r de flesta. Vilka fonder finns och vad \u00e4r de till f\u00f6r? \u00c4ven h\u00e4r finns speciallitteratur att v\u00e4nda sig till.<\/p>\n\n                <\/div>\n                                        <\/div>\n        <\/div>\n    <\/li>\n            <li class=\"accordion\" data-ui-accordion data-ui-accordion-open=\"false\">\n        <h3>\n        <button data-ui-accordion-button class=\"accordion-toggle font-bold\" aria-expanded=\"false\" aria-controls=\"row-sponsring-5\" id=\"sponsring-5\">\n            Sponsring\n            \n            <figure class=\"w-4.5 h-4.5\" aria-hidden=\"true\">\n            <svg width=\"20\" height=\"20\" viewBox=\"0 0 20 20\" fill=\"none\"\nclass=\"SvgIconElement\">\n<path d=\"M15.8333 7.16667L9.99992 13L4.16659 7.16667\" stroke=\"currentColor\"\/>\n<\/svg>\n            <\/figure>\n        <\/button>\n        \n                <\/h3>\n        <div class=\"accordion-content\">\n            <div id=\"row-sponsring-5\" role=\"region\" class=\"accordion-content-wrap\" aria-labelledby=\"sponsring-5\">\n                                            <div class=\"wysiwyg\">\n                    <p>Sponsring inneb\u00e4r att (oftast) ett f\u00f6retag l\u00e4mnar ett bidrag till f\u00f6reningen. F\u00f6retaget g\u00f6r det emellertid inte villkorsl\u00f6st utan vill ha en motprestation. Det brukar vara att f\u00f6retagets namn exponeras i skrift eller tal, att det tackas vid n\u00e5got evenemang eller liknande. Sponsringen \u00e4r ett inslag i f\u00f6retagets marknadsf\u00f6ring. Genom att omv\u00e4rlden f\u00e5r veta att f\u00f6retaget st\u00f6tt en f\u00f6rening f\u00e5r f\u00f6retaget ett h\u00f6gre anseende. Vilket \u00e4r l\u00f6nsamt.<br \/>\nSponsring \u00e4r vanligast i idrotts- och kultursammanhang. Sponsringen har varit omtalad under senare \u00e5r och m\u00e5nga har f\u00e5tt intrycket att det \u00e4r l\u00e4tt att f\u00e5 sponsorer. Men det \u00e4r det inte. F\u00f6r m\u00e5nga f\u00f6reningar med en tillbakadragen profil \u00e4r sponsring i praktiken helt orealistisk. \u00c4ven k\u00e4nda idrottsklubbar kan f\u00e5 jaga sponsorer med stor energi.<\/p>\n\n                <\/div>\n                                        <\/div>\n        <\/div>\n    <\/li>\n    <\/ul>\n","protected":false},"excerpt":{"rendered":"","protected":false},"author":77,"featured_media":0,"parent":513,"menu_order":5,"comment_status":"closed","ping_status":"closed","template":"","meta":{"_acf_changed":false,"footnotes":""},"class_list":["post-865","page","type-page","status-publish","hentry"],"acf":[],"yoast_head":"<!-- This site is optimized with the Yoast SEO plugin v27.0 - https:\/\/yoast.com\/product\/yoast-seo-wordpress\/ -->\n<title>F\u00f6renings ekonomi - Halland<\/title>\n<meta name=\"robots\" content=\"index, follow, max-snippet:-1, max-image-preview:large, max-video-preview:-1\" \/>\n<link rel=\"canonical\" href=\"https:\/\/www.abf.se\/halland\/foreningar\/foreningskunskap\/forenings-ekonomi\/\" \/>\n<meta property=\"og:locale\" content=\"sv_SE\" \/>\n<meta property=\"og:type\" content=\"article\" \/>\n<meta property=\"og:title\" content=\"F\u00f6renings ekonomi - Halland\" \/>\n<meta property=\"og:url\" content=\"https:\/\/www.abf.se\/halland\/foreningar\/foreningskunskap\/forenings-ekonomi\/\" \/>\n<meta property=\"og:site_name\" content=\"Halland\" \/>\n<meta property=\"article:modified_time\" content=\"2024-04-15T13:43:04+00:00\" \/>\n<meta property=\"og:image\" content=\"https:\/\/www.abf.se\/wp-content\/uploads\/sites\/23\/2024\/04\/Nyckeln-liggande-scaled.jpg\" \/>\n\t<meta property=\"og:image:width\" content=\"2560\" \/>\n\t<meta property=\"og:image:height\" content=\"1440\" \/>\n\t<meta property=\"og:image:type\" content=\"image\/jpeg\" \/>\n<meta name=\"twitter:card\" content=\"summary_large_image\" \/>\n<script type=\"application\/ld+json\" class=\"yoast-schema-graph\">{\"@context\":\"https:\/\/schema.org\",\"@graph\":[{\"@type\":\"WebPage\",\"@id\":\"https:\/\/www.abf.se\/halland\/foreningar\/foreningskunskap\/forenings-ekonomi\/\",\"url\":\"https:\/\/www.abf.se\/halland\/foreningar\/foreningskunskap\/forenings-ekonomi\/\",\"name\":\"F\u00f6renings ekonomi - Halland\",\"isPartOf\":{\"@id\":\"https:\/\/www.abf.se\/halland\/#website\"},\"datePublished\":\"2024-04-09T13:05:23+00:00\",\"dateModified\":\"2024-04-15T13:43:04+00:00\",\"breadcrumb\":{\"@id\":\"https:\/\/www.abf.se\/halland\/foreningar\/foreningskunskap\/forenings-ekonomi\/#breadcrumb\"},\"inLanguage\":\"sv-SE\",\"potentialAction\":[{\"@type\":\"ReadAction\",\"target\":[\"https:\/\/www.abf.se\/halland\/foreningar\/foreningskunskap\/forenings-ekonomi\/\"]}]},{\"@type\":\"BreadcrumbList\",\"@id\":\"https:\/\/www.abf.se\/halland\/foreningar\/foreningskunskap\/forenings-ekonomi\/#breadcrumb\",\"itemListElement\":[{\"@type\":\"ListItem\",\"position\":1,\"name\":\"Home\",\"item\":\"https:\/\/www.abf.se\/halland\/\"},{\"@type\":\"ListItem\",\"position\":2,\"name\":\"F\u00f6reningar\",\"item\":\"https:\/\/www.abf.se\/halland\/foreningar\/\"},{\"@type\":\"ListItem\",\"position\":3,\"name\":\"F\u00f6reningskunskap\",\"item\":\"https:\/\/www.abf.se\/halland\/foreningar\/foreningskunskap\/\"},{\"@type\":\"ListItem\",\"position\":4,\"name\":\"F\u00f6renings ekonomi\"}]},{\"@type\":\"WebSite\",\"@id\":\"https:\/\/www.abf.se\/halland\/#website\",\"url\":\"https:\/\/www.abf.se\/halland\/\",\"name\":\"Halland\",\"description\":\"\",\"potentialAction\":[{\"@type\":\"SearchAction\",\"target\":{\"@type\":\"EntryPoint\",\"urlTemplate\":\"https:\/\/www.abf.se\/halland\/?s={search_term_string}\"},\"query-input\":{\"@type\":\"PropertyValueSpecification\",\"valueRequired\":true,\"valueName\":\"search_term_string\"}}],\"inLanguage\":\"sv-SE\"}]}<\/script>\n<!-- \/ Yoast SEO plugin. -->","yoast_head_json":{"title":"F\u00f6renings ekonomi - Halland","robots":{"index":"index","follow":"follow","max-snippet":"max-snippet:-1","max-image-preview":"max-image-preview:large","max-video-preview":"max-video-preview:-1"},"canonical":"https:\/\/www.abf.se\/halland\/foreningar\/foreningskunskap\/forenings-ekonomi\/","og_locale":"sv_SE","og_type":"article","og_title":"F\u00f6renings ekonomi - Halland","og_url":"https:\/\/www.abf.se\/halland\/foreningar\/foreningskunskap\/forenings-ekonomi\/","og_site_name":"Halland","article_modified_time":"2024-04-15T13:43:04+00:00","og_image":[{"width":2560,"height":1440,"url":"https:\/\/www.abf.se\/wp-content\/uploads\/sites\/23\/2024\/04\/Nyckeln-liggande-scaled.jpg","type":"image\/jpeg"}],"twitter_card":"summary_large_image","schema":{"@context":"https:\/\/schema.org","@graph":[{"@type":"WebPage","@id":"https:\/\/www.abf.se\/halland\/foreningar\/foreningskunskap\/forenings-ekonomi\/","url":"https:\/\/www.abf.se\/halland\/foreningar\/foreningskunskap\/forenings-ekonomi\/","name":"F\u00f6renings ekonomi - Halland","isPartOf":{"@id":"https:\/\/www.abf.se\/halland\/#website"},"datePublished":"2024-04-09T13:05:23+00:00","dateModified":"2024-04-15T13:43:04+00:00","breadcrumb":{"@id":"https:\/\/www.abf.se\/halland\/foreningar\/foreningskunskap\/forenings-ekonomi\/#breadcrumb"},"inLanguage":"sv-SE","potentialAction":[{"@type":"ReadAction","target":["https:\/\/www.abf.se\/halland\/foreningar\/foreningskunskap\/forenings-ekonomi\/"]}]},{"@type":"BreadcrumbList","@id":"https:\/\/www.abf.se\/halland\/foreningar\/foreningskunskap\/forenings-ekonomi\/#breadcrumb","itemListElement":[{"@type":"ListItem","position":1,"name":"Home","item":"https:\/\/www.abf.se\/halland\/"},{"@type":"ListItem","position":2,"name":"F\u00f6reningar","item":"https:\/\/www.abf.se\/halland\/foreningar\/"},{"@type":"ListItem","position":3,"name":"F\u00f6reningskunskap","item":"https:\/\/www.abf.se\/halland\/foreningar\/foreningskunskap\/"},{"@type":"ListItem","position":4,"name":"F\u00f6renings ekonomi"}]},{"@type":"WebSite","@id":"https:\/\/www.abf.se\/halland\/#website","url":"https:\/\/www.abf.se\/halland\/","name":"Halland","description":"","potentialAction":[{"@type":"SearchAction","target":{"@type":"EntryPoint","urlTemplate":"https:\/\/www.abf.se\/halland\/?s={search_term_string}"},"query-input":{"@type":"PropertyValueSpecification","valueRequired":true,"valueName":"search_term_string"}}],"inLanguage":"sv-SE"}]}},"_links":{"self":[{"href":"https:\/\/www.abf.se\/halland\/wp-json\/wp\/v2\/pages\/865","targetHints":{"allow":["GET"]}}],"collection":[{"href":"https:\/\/www.abf.se\/halland\/wp-json\/wp\/v2\/pages"}],"about":[{"href":"https:\/\/www.abf.se\/halland\/wp-json\/wp\/v2\/types\/page"}],"author":[{"embeddable":true,"href":"https:\/\/www.abf.se\/halland\/wp-json\/wp\/v2\/users\/77"}],"replies":[{"embeddable":true,"href":"https:\/\/www.abf.se\/halland\/wp-json\/wp\/v2\/comments?post=865"}],"version-history":[{"count":4,"href":"https:\/\/www.abf.se\/halland\/wp-json\/wp\/v2\/pages\/865\/revisions"}],"predecessor-version":[{"id":870,"href":"https:\/\/www.abf.se\/halland\/wp-json\/wp\/v2\/pages\/865\/revisions\/870"}],"up":[{"embeddable":true,"href":"https:\/\/www.abf.se\/halland\/wp-json\/wp\/v2\/pages\/513"}],"wp:attachment":[{"href":"https:\/\/www.abf.se\/halland\/wp-json\/wp\/v2\/media?parent=865"}],"curies":[{"name":"wp","href":"https:\/\/api.w.org\/{rel}","templated":true}]}}