{"id":901,"date":"2024-04-10T10:42:12","date_gmt":"2024-04-10T08:42:12","guid":{"rendered":"https:\/\/www.abf.se\/halland\/?page_id=901"},"modified":"2025-10-24T13:06:32","modified_gmt":"2025-10-24T11:06:32","slug":"funkisfestivalen-halmstad","status":"publish","type":"page","link":"https:\/\/www.abf.se\/halland\/funkisfestivalen-halmstad\/","title":{"rendered":"Funkisfestivalen Halmstad"},"content":{"rendered":"<div\n    class=\"acf-hero-block container-lg no-padding mb-12 js-geolocation\"\n    data-block=\"hero-block\"\n    data-index=\"0\"\n>\n    <div class=\"h-[548px]  relative rounded-[32px] overflow-hidden flex bg-gray-light\">\n        <div class=\"relative z-10 mt-auto h-auto w-full md:h-full\">\n            <div class=\"flex w-full h-full flex-col flex-wrap justify-end w-full md:w-7\/12 lg:w-1\/2 md:justify-center\">\n                <div class=\"flex flex-col gap-3 md:gap-[18px] md:transparent pt-16 pb-36 md:py-8 px-4 w-full md:max-w-[620px] mx-auto px-8\">\n\n                    <h1 class=\"hero-heading hero-heading--red-text\"><span>Funkisfestivalen Halmstad<\/span><\/h1>\n\n                                            <p class=\"mt-4 max-w-[48ch] text-white\">\n                            FOTO: Andreas Svensson\n                        <\/p>\n                    \n                                    <\/div>\n            <\/div>\n        <\/div>\n\n                    <picture class=\"as-background-image mix-blend-multiply bg-black\/40\"><img decoding=\"async\" src=\"https:\/\/www.abf.se\/halland\/resized\/?url=https%3A%2F%2Fwww.abf.se%2Fwp-content%2Fuploads%2Fsites%2F23%2F2025%2F10%2FFunkis-header-scaled.jpg&#038;fit=crop&#038;w=1440&#038;s=d8be4b3fcfb22e50b3dcbfa1f8c4fded\" srcset=\"https:\/\/www.abf.se\/halland\/resized\/?url=https%3A%2F%2Fwww.abf.se%2Fwp-content%2Fuploads%2Fsites%2F23%2F2025%2F10%2FFunkis-header-scaled.jpg&#038;fit=crop&#038;w=375&#038;h=540&#038;s=fab83db2101adbdeaf07c09af9580e1b 375w, https:\/\/www.abf.se\/halland\/resized\/?url=https%3A%2F%2Fwww.abf.se%2Fwp-content%2Fuploads%2Fsites%2F23%2F2025%2F10%2FFunkis-header-scaled.jpg&#038;fit=crop&#038;w=447&#038;h=540&#038;s=75611ac5c00a6973764d118c8e4788e4 447w, https:\/\/www.abf.se\/halland\/resized\/?url=https%3A%2F%2Fwww.abf.se%2Fwp-content%2Fuploads%2Fsites%2F23%2F2025%2F10%2FFunkis-header-scaled.jpg&#038;fit=crop&#038;w=519&#038;h=540&#038;s=e769dd5ac789764856e9a0cb1406ab5d 519w, https:\/\/www.abf.se\/halland\/resized\/?url=https%3A%2F%2Fwww.abf.se%2Fwp-content%2Fuploads%2Fsites%2F23%2F2025%2F10%2FFunkis-header-scaled.jpg&#038;fit=crop&#038;w=591&#038;h=540&#038;s=2f03328de68109de338a0991235c3ca1 591w, https:\/\/www.abf.se\/halland\/resized\/?url=https%3A%2F%2Fwww.abf.se%2Fwp-content%2Fuploads%2Fsites%2F23%2F2025%2F10%2FFunkis-header-scaled.jpg&#038;fit=crop&#038;w=663&#038;h=540&#038;s=ecf7d2e0590c3c4734adfe7ba0af6e66 663w, https:\/\/www.abf.se\/halland\/resized\/?url=https%3A%2F%2Fwww.abf.se%2Fwp-content%2Fuploads%2Fsites%2F23%2F2025%2F10%2FFunkis-header-scaled.jpg&#038;fit=crop&#038;w=750&#038;h=540&#038;s=5662252099f4eee4f8e9d098e17530c0 750w, https:\/\/www.abf.se\/halland\/resized\/?url=https%3A%2F%2Fwww.abf.se%2Fwp-content%2Fuploads%2Fsites%2F23%2F2025%2F10%2FFunkis-header-scaled.jpg&#038;fit=crop&#038;w=894&#038;h=540&#038;s=72fc50903beba3486a2d99c8f3e6ce03 894w, https:\/\/www.abf.se\/halland\/resized\/?url=https%3A%2F%2Fwww.abf.se%2Fwp-content%2Fuploads%2Fsites%2F23%2F2025%2F10%2FFunkis-header-scaled.jpg&#038;fit=crop&#038;w=1038&#038;h=540&#038;s=4e29bd0169faa8aa1ec550faa34b425d 1038w, https:\/\/www.abf.se\/halland\/resized\/?url=https%3A%2F%2Fwww.abf.se%2Fwp-content%2Fuploads%2Fsites%2F23%2F2025%2F10%2FFunkis-header-scaled.jpg&#038;fit=crop&#038;w=1182&#038;h=540&#038;s=e1b85e9f43aa7e8f5894cbf18f4004a3 1182w, https:\/\/www.abf.se\/halland\/resized\/?url=https%3A%2F%2Fwww.abf.se%2Fwp-content%2Fuploads%2Fsites%2F23%2F2025%2F10%2FFunkis-header-scaled.jpg&#038;fit=crop&#038;w=1326&#038;h=540&#038;s=7a78d2bdfe5dfb050913885ed0fd265b 1326w, https:\/\/www.abf.se\/halland\/resized\/?url=https%3A%2F%2Fwww.abf.se%2Fwp-content%2Fuploads%2Fsites%2F23%2F2025%2F10%2FFunkis-header-scaled.jpg&#038;fit=crop&#038;w=1440&#038;h=540&#038;s=9bc4c29e7f5834e7d476cb5379aed3e7 1440w\" alt=\"\" height=\"540\" width=\"1440\" sizes=\"(max-width: 1440px) calc(100vw - 32px), 1440px\" loading=\"eager\" fetchpriority=\"high\" aria-hidden=\"true\" role=\"presentation\" \/><\/picture>\n        \n\n                    <figure class=\"absolute bottom-0  md:w-1\/2 transform right-0 translate-x-10 md:translate-x-32\">\n                <img decoding=\"async\"\n                    alt=\"\"\n                    aria-hidden=\"true\"\n                    class=\"h-auto w-full\"\n                    role=\"presentation\"\n                    src=\"\/assets\/images\/two_circles_bottom.svg\"\n                >\n            <\/figure>\n            <\/div>\n\n    <\/div>\n\n<div\n    class=\"acf-article-image-block mb-12 article-container-lg\"\n    data-block=\"article-image-block\"\n>\n<div class=\"\">\n\n        <figure>\n        \n            <picture class=\"round-corners-lg w-full\"><img decoding=\"async\" src=\"https:\/\/www.abf.se\/halland\/resized\/?url=https%3A%2F%2Fwww.abf.se%2Fwp-content%2Fuploads%2Fsites%2F23%2F2025%2F10%2FFunkisfestivalbilden-3000x2000-med-logga-1-scaled.jpg&#038;fit=contain&#038;w=788&#038;s=09160b66d6b218043cac096cc53a3e0d\" srcset=\"https:\/\/www.abf.se\/halland\/resized\/?url=https%3A%2F%2Fwww.abf.se%2Fwp-content%2Fuploads%2Fsites%2F23%2F2025%2F10%2FFunkisfestivalbilden-3000x2000-med-logga-1-scaled.jpg&#038;fit=contain&#038;w=375&#038;h=249&#038;s=19824d429c0474269d072d873fe313d1 375w, https:\/\/www.abf.se\/halland\/resized\/?url=https%3A%2F%2Fwww.abf.se%2Fwp-content%2Fuploads%2Fsites%2F23%2F2025%2F10%2FFunkisfestivalbilden-3000x2000-med-logga-1-scaled.jpg&#038;fit=contain&#038;w=447&#038;h=297&#038;s=a24bbe751be032bb6cbdc423717a1733 447w, https:\/\/www.abf.se\/halland\/resized\/?url=https%3A%2F%2Fwww.abf.se%2Fwp-content%2Fuploads%2Fsites%2F23%2F2025%2F10%2FFunkisfestivalbilden-3000x2000-med-logga-1-scaled.jpg&#038;fit=contain&#038;w=519&#038;h=345&#038;s=888a4425ac79461be206d717b74d1538 519w, https:\/\/www.abf.se\/halland\/resized\/?url=https%3A%2F%2Fwww.abf.se%2Fwp-content%2Fuploads%2Fsites%2F23%2F2025%2F10%2FFunkisfestivalbilden-3000x2000-med-logga-1-scaled.jpg&#038;fit=contain&#038;w=591&#038;h=393&#038;s=5824f147ab711d5d8406d745bc426668 591w, https:\/\/www.abf.se\/halland\/resized\/?url=https%3A%2F%2Fwww.abf.se%2Fwp-content%2Fuploads%2Fsites%2F23%2F2025%2F10%2FFunkisfestivalbilden-3000x2000-med-logga-1-scaled.jpg&#038;fit=contain&#038;w=663&#038;h=441&#038;s=261b29e6dede2802757043737e8fe689 663w, https:\/\/www.abf.se\/halland\/resized\/?url=https%3A%2F%2Fwww.abf.se%2Fwp-content%2Fuploads%2Fsites%2F23%2F2025%2F10%2FFunkisfestivalbilden-3000x2000-med-logga-1-scaled.jpg&#038;fit=contain&#038;w=735&#038;h=489&#038;s=e5f3b703e514cd2eadd1a0704b7e943d 735w, https:\/\/www.abf.se\/halland\/resized\/?url=https%3A%2F%2Fwww.abf.se%2Fwp-content%2Fuploads%2Fsites%2F23%2F2025%2F10%2FFunkisfestivalbilden-3000x2000-med-logga-1-scaled.jpg&#038;fit=contain&#038;w=750&#038;h=499&#038;s=5f4cad0f70cb53a35202aae7650cc1f5 750w, https:\/\/www.abf.se\/halland\/resized\/?url=https%3A%2F%2Fwww.abf.se%2Fwp-content%2Fuploads%2Fsites%2F23%2F2025%2F10%2FFunkisfestivalbilden-3000x2000-med-logga-1-scaled.jpg&#038;fit=contain&#038;w=788&#038;s=09160b66d6b218043cac096cc53a3e0d 788w, https:\/\/www.abf.se\/halland\/resized\/?url=https%3A%2F%2Fwww.abf.se%2Fwp-content%2Fuploads%2Fsites%2F23%2F2025%2F10%2FFunkisfestivalbilden-3000x2000-med-logga-1-scaled.jpg&#038;fit=contain&#038;w=894&#038;h=595&#038;s=28261a0c52593664724957174dbadcc5 894w, https:\/\/www.abf.se\/halland\/resized\/?url=https%3A%2F%2Fwww.abf.se%2Fwp-content%2Fuploads%2Fsites%2F23%2F2025%2F10%2FFunkisfestivalbilden-3000x2000-med-logga-1-scaled.jpg&#038;fit=contain&#038;w=1038&#038;h=691&#038;s=1d5c6a0f3c676ad8aac60b4dca1ae549 1038w, https:\/\/www.abf.se\/halland\/resized\/?url=https%3A%2F%2Fwww.abf.se%2Fwp-content%2Fuploads%2Fsites%2F23%2F2025%2F10%2FFunkisfestivalbilden-3000x2000-med-logga-1-scaled.jpg&#038;fit=contain&#038;w=1182&#038;h=787&#038;s=6f402353d30882c3fb9fc5b0b333ef41 1182w, https:\/\/www.abf.se\/halland\/resized\/?url=https%3A%2F%2Fwww.abf.se%2Fwp-content%2Fuploads%2Fsites%2F23%2F2025%2F10%2FFunkisfestivalbilden-3000x2000-med-logga-1-scaled.jpg&#038;fit=contain&#038;w=1326&#038;h=883&#038;s=fdad041f32769e2d1b7904875ee538e9 1326w, https:\/\/www.abf.se\/halland\/resized\/?url=https%3A%2F%2Fwww.abf.se%2Fwp-content%2Fuploads%2Fsites%2F23%2F2025%2F10%2FFunkisfestivalbilden-3000x2000-med-logga-1-scaled.jpg&#038;fit=contain&#038;w=1470&#038;h=979&#038;s=37c2bca8e0f1de4f755ec207f409da4c 1470w\" alt=\"Affisch\" height=\"525\" width=\"788\" sizes=\"auto, (max-width: 768px) calc(100vw - 40px), 788px\" loading=\"lazy\" fetchpriority=\"low\" class=\"round-corners-lg w-full\" \/><\/picture>\n                        <\/figure>\n        <\/div>\n\n<\/div>\n<div\n    class=\"acf-article-text-block article-container my-12\"\n    data-block=\"article-text-block\"\n>\n    <div class=\"wysiwyg\">\n        <h2>Funkisfestivalen Halmstad \u2013 Musikgl\u00e4dje, gemenskap och stj\u00e4rnljus!<\/h2>\n<h3>Funkisfestivalen \u00e4r Sveriges st\u00f6rsta melodifestival f\u00f6r personer med funktionsneds\u00e4ttning inom LSS, och i Halmstad arrangeras den lokala delt\u00e4vlingen av ABF Halland i samarbete med Halmstads kommun.<\/h3>\n<p>H\u00e4r st\u00e5r gl\u00e4dje, delaktighet och kultur f\u00f6r alla i centrum! Deltagarna f\u00e5r chansen att st\u00e5 p\u00e5 scen, sjunga inf\u00f6r publik och visa sina fantastiska talanger. Oavsett om du \u00e4r med som artist, publik eller volont\u00e4r blir det en kv\u00e4ll fylld av v\u00e4rme, musik och gemenskap.<\/p>\n<p>8 artister repar under h\u00f6sten f\u00f6r att sedan st\u00e4lla sig p\u00e5 scen i februari och kompas av bandet Kvarti\u00e5tta. Det blir \u00e4ven dans fr\u00e5n Kulturskolan, teater med Festivalteatern och \u00e4nnu mera dans och s\u00e5ng. I centrum st\u00e5r personer med intellektuella och neuropsykiatriska funktionsneds\u00e4ttningar, i publiken \u00e4r cirka 1500 personer.<\/p>\n<p>Vinnaren fr\u00e5n Halmstad g\u00e5r vidare till den stora regionfinalen, d\u00e4r chansen finns att ta sig hela v\u00e4gen till den nationella finalen i Stockholm.<\/p>\n<ul>\n<li>N\u00e4r: 6 februari 2026<\/li>\n<li>Var: <a href=\"https:\/\/www.halmstadarena.se\/om-halmstad-arena\/hitta-hit.html\" target=\"_blank\" rel=\"noopener\">Halmstad Arena<\/a><\/li>\n<li>Biljetter via: <a href=\"https:\/\/www.ticketmaster.se\/event\/funkisfestivalen-halmstad-2026-biljetter\/1177285701\" target=\"_blank\" rel=\"noopener\">www.ticketmaster.com<\/a><\/li>\n<\/ul>\n<p>Titta g\u00e4rna p\u00e5 tidigare \u00e5r via v\u00e5r Youtube: www.youtube.com\/funkisfestivalenhalmstad<\/p>\n<hr \/>\n<p>Vill du vara med som deltagare, publik eller samarbetspartner?<br \/>\nKontakta oss p\u00e5 ABF Halland f\u00f6r mer information:<br \/>\n\ud83d\udce7 <a href=\"mailto:sofie.johansson@abf.se\">sofie.johansson@abf.se<\/a><br \/>\n\ud83d\udcde 072-700 44 04<\/p>\n\n    <\/div>\n<\/div>\n<div class=\"my-8 container-lg acf-link-block\" data-block=\"link-block\" class=\"acf-link-block\" data-block=\"link-block\">\n    <div class=\"w-full bg-red  round-corners-lg px-4 md:px-8 py-11 md:py-16\">\n        <h2 class=\"heading-lg mb-7 text-center text-white\">\n            \n        <\/h2>\n            <ul class=\"grid grid-cols-1 gap-x-4 gap-y-3 md:grid-cols-2\">\n                                                        <li>\n                        <a\n    class=\"large-button-link\"\n    href=\"https:\/\/www.instagram.com\/funkisfestivalenhalmstad\/\"\n    target=\"\"\n>\n    <span class=\"flex-1\">Funkisfestivalen Halmstad Instagram<\/span>\n\n    <figure\n        aria-hidden=\"true\"\n        class=\"w-5\"\n    >\n                    <svg width=\"20\" height=\"20\" viewBox=\"0 0 20 20\" fill=\"none\" class=\"SvgIconElement\">\n<path d=\"M4.16659 10L15.8333 10\" stroke=\"currentColor\"\/>\n<path d=\"M9.99992 4.1665L15.8333 9.99984L9.99992 15.8332\" stroke=\"currentColor\"\/>\n<\/svg>\n            <\/figure>\n<\/a>\n                    <\/li>\n                                                        <li>\n                        <a\n    class=\"large-button-link\"\n    href=\"https:\/\/www.facebook.com\/funkisfestivalenhalmstad\"\n    target=\"_blank\"\n>\n    <span class=\"flex-1\">Funkisfestivalen Halmstad Facebook<\/span>\n\n    <figure\n        aria-hidden=\"true\"\n        class=\"w-5\"\n    >\n                    <svg width=\"20\" height=\"20\" viewBox=\"0 0 20 20\" fill=\"none\" class=\"SvgIconElement\">\n<path d=\"M4.16659 10L15.8333 10\" stroke=\"currentColor\"\/>\n<path d=\"M9.99992 4.1665L15.8333 9.99984L9.99992 15.8332\" stroke=\"currentColor\"\/>\n<\/svg>\n            <\/figure>\n<\/a>\n                    <\/li>\n                                                        <li>\n                        <a\n    class=\"large-button-link\"\n    href=\"https:\/\/www.youtube.com\/c\/funkisfestivalenhalmstad\"\n    target=\"_blank\"\n>\n    <span class=\"flex-1\">Funkisfestivalen Halmstad Youtube<\/span>\n\n    <figure\n        aria-hidden=\"true\"\n        class=\"w-5\"\n    >\n                    <svg width=\"20\" height=\"20\" viewBox=\"0 0 20 20\" fill=\"none\" class=\"SvgIconElement\">\n<path d=\"M4.16659 10L15.8333 10\" stroke=\"currentColor\"\/>\n<path d=\"M9.99992 4.1665L15.8333 9.99984L9.99992 15.8332\" stroke=\"currentColor\"\/>\n<\/svg>\n            <\/figure>\n<\/a>\n                    <\/li>\n                                                        <li>\n                        <a\n    class=\"large-button-link\"\n    href=\"https:\/\/www.halmstad.se\/funkisfestivalen\"\n    target=\"_blank\"\n>\n    <span class=\"flex-1\">Funkisfestivalen Halmstad Halmstads kommun<\/span>\n\n    <figure\n        aria-hidden=\"true\"\n        class=\"w-5\"\n    >\n                    <svg width=\"20\" height=\"20\" viewBox=\"0 0 20 20\" fill=\"none\" class=\"SvgIconElement\">\n<path d=\"M4.16659 10L15.8333 10\" stroke=\"currentColor\"\/>\n<path d=\"M9.99992 4.1665L15.8333 9.99984L9.99992 15.8332\" stroke=\"currentColor\"\/>\n<\/svg>\n            <\/figure>\n<\/a>\n                    <\/li>\n                            <\/ul>\n        <\/ul>\n    <\/div>\n<\/div><div class=\"my-8 container-lg acf-file-link-block\" data-block=\"file-link-block\" class=\"acf-file-link-block\" data-block=\"file-link-block\">\n    <div class=\"w-full bg-red  round-corners-lg px-4 md:px-8 py-11 md:py-16\">\n        <h2 class=\"heading-lg mb-7 text-center text-white\">\n            Vill er organisation samarbeta med Funkisfestivalen Halmstad?\n        <\/h2>\n            <ul class=\"grid grid-cols-1 gap-x-4 gap-y-3 md:grid-cols-2\">\n                                            <li>\n\n                    <a\n    class=\"large-button-link\"\n    href=\"https:\/\/www.abf.se\/wp-content\/uploads\/sites\/23\/2024\/04\/samarbete-med-funkisfestivalen.pdf\"\n    download=\"samarbete-med-funkisfestivalen.pdf\"\n>\n    <span class=\"flex-1\"><span class=\"flex flex-row items-baseline gap-2\">\n                                                            <figure\n                                    aria-hidden=\"true\"\n                                    class=\"w-4 self-center\"\n                                >\n                                    <svg width=\"76\" height=\"76\" viewBox=\"0 0 76 76\" fill=\"none\" class=\"SvgIconElement\">\n<path d=\"M19 0C13.7533 0 9.5 4.25329 9.5 9.5V66.5C9.5 71.7467 13.7533 76 19 76H57C62.2467 76 66.5 71.7467 66.5 66.5V9.5C66.5 4.25329 62.2467 0 57 0H19ZM19 4.75H57C59.6234 4.75 61.75 6.87665 61.75 9.5V66.5C61.75 69.1234 59.6234 71.25 57 71.25H19C16.3766 71.25 14.25 69.1234 14.25 66.5V9.5C14.25 6.87665 16.3766 4.75 19 4.75Z\" fill=\"currentColor\"\/>\n<path d=\"M21.8645 57.4116C20.8758 57.0506 20.2113 56.2798 19.7822 55.4217C18.8586 53.5745 19.1652 51.7324 20.1655 50.1816C21.1051 48.7249 22.6625 47.4865 24.4224 46.4471C26.4036 45.2769 28.8434 44.2422 31.4645 43.3832C32.4482 41.6175 33.411 39.7407 34.3117 37.8332C35.1109 36.1408 35.8511 34.4459 36.5075 32.8048C35.5974 30.6795 34.884 28.5789 34.4678 26.6541C34.0564 24.7518 33.9011 22.8699 34.2452 21.2559C34.6035 19.5754 35.5468 18.063 37.3387 17.3462C38.2486 16.9823 39.2348 16.7745 40.1952 16.9799C41.246 17.2046 42.005 17.8667 42.4598 18.7146C42.8789 19.4957 43.0305 20.4038 43.0628 21.2717C43.0959 22.161 43.0079 23.149 42.8384 24.1858C42.4426 26.6078 41.5535 29.5752 40.3673 32.7102C41.0707 34.2196 41.879 35.7474 42.7561 37.2274C43.4847 38.4568 44.2478 39.6313 45.0214 40.7179C47.3724 40.5692 49.5564 40.6297 51.3621 40.9546C53.0905 41.2656 54.8485 41.8821 55.9217 43.1623C56.496 43.8474 56.8379 44.6837 56.8722 45.6257C56.9053 46.5367 56.6481 47.437 56.2184 48.2965C55.8172 49.0988 55.2692 49.7936 54.5341 50.2747C53.7836 50.7657 52.9487 50.9609 52.1138 50.9274C50.5401 50.8642 49.0071 49.9973 47.6792 48.9487C46.2515 47.8212 44.7767 46.2537 43.3531 44.4374C41.8318 44.6027 40.2295 44.8535 38.6046 45.1837C36.9969 45.5105 35.3987 45.9086 33.8681 46.3642C32.2628 49.1343 30.5983 51.6308 29.018 53.5358C27.6372 55.2002 26.1312 56.651 24.6193 57.274C23.8195 57.6035 22.8469 57.7703 21.8645 57.4116ZM28.4125 48.3829C27.6261 48.7457 26.8953 49.124 26.2341 49.5145C24.6764 50.4346 23.6635 51.3309 23.1593 52.1127C22.7157 52.8004 22.7047 53.3007 22.9686 53.8284C23.0197 53.9307 23.0625 53.9967 23.0934 54.0377C23.1327 54.0279 23.1882 54.0106 23.2621 53.9801C23.9119 53.7124 24.9479 52.8624 26.2761 51.2613C26.9655 50.4302 27.6832 49.4599 28.4125 48.3829ZM36.2044 42.0617C36.768 41.9302 37.3323 41.807 37.8951 41.6926C38.9293 41.4824 39.9701 41.2994 41.0022 41.1476C40.5518 40.4599 40.1136 39.7562 39.6914 39.0437C39.3085 38.3977 38.9355 37.739 38.5756 37.0725C38.239 37.8351 37.8906 38.5974 37.5331 39.3544C37.1048 40.2615 36.6606 41.1669 36.2044 42.0617ZM47.8239 44.207C48.534 44.975 49.2282 45.6325 49.8871 46.1529C51.0296 47.0551 51.8239 47.3504 52.2567 47.3677C52.425 47.3745 52.5132 47.3396 52.5834 47.2936C52.669 47.2376 52.8394 47.0885 53.032 46.7033C53.2792 46.2088 53.3175 45.9059 53.312 45.7554C53.3077 45.6359 53.2768 45.5526 53.1915 45.4509C52.9455 45.1574 52.2373 44.7318 50.7313 44.4608C49.8859 44.3087 48.9052 44.2253 47.8239 44.207ZM38.3724 27.5439C38.8087 26.0968 39.1337 24.7671 39.3226 23.6112C39.4685 22.7183 39.5243 21.9807 39.5028 21.4042C39.484 20.8994 39.409 20.6084 39.3507 20.4641C39.236 20.4733 39.0165 20.512 38.6618 20.6539C38.2486 20.8192 37.9091 21.1559 37.7294 21.9987C37.5356 22.9081 37.5871 24.2239 37.9498 25.9011C38.064 26.4293 38.2057 26.9784 38.3724 27.5439Z\" fill=\"currentColor\"\/>\n<\/svg>\n        \n                                <\/figure>\n                            \n                            <span class=\"mr-2 flex-1\">\n                                Samarbeta med Funkisfestivalen Halmstad\n                                                                    <span class=\"label-md ml-1\">\n                                        (pdf, 23,15 Mb)\n                                    <\/span>\n                                                            <\/span>\n\n\n                        <\/span><\/span>\n\n    <figure\n        aria-hidden=\"true\"\n        class=\"w-5\"\n    >\n                    <svg width=\"20\" height=\"20\" viewBox=\"0 0 20 20\" fill=\"none\"\nclass=\"SvgIconElement\">\n<path d=\"M10 3V11.5\" stroke=\"currentColor\"\/>\n<path d=\"M6.5 8.5L10 12L13.5 8.5\" stroke=\"currentColor\"\/>\n<path d=\"M2.5 10.5V17H17.5V10.5\" stroke=\"currentColor\"\/>\n<\/svg>\n            <\/figure>\n<\/a>\n                <\/li>\n                    <\/ul>\n        <\/ul>\n    <\/div>\n<\/div>","protected":false},"excerpt":{"rendered":"","protected":false},"author":58,"featured_media":0,"parent":0,"menu_order":0,"comment_status":"closed","ping_status":"closed","template":"","meta":{"_acf_changed":false,"footnotes":""},"class_list":["post-901","page","type-page","status-publish","hentry"],"acf":[],"yoast_head":"<!-- This site is optimized with the Yoast SEO plugin v27.0 - https:\/\/yoast.com\/product\/yoast-seo-wordpress\/ -->\n<title>Funkisfestivalen Halmstad - Halland<\/title>\n<meta name=\"robots\" content=\"index, follow, max-snippet:-1, max-image-preview:large, max-video-preview:-1\" \/>\n<link rel=\"canonical\" href=\"https:\/\/www.abf.se\/halland\/funkisfestivalen-halmstad\/\" \/>\n<meta property=\"og:locale\" content=\"sv_SE\" \/>\n<meta property=\"og:type\" content=\"article\" \/>\n<meta property=\"og:title\" content=\"Funkisfestivalen Halmstad - Halland\" \/>\n<meta property=\"og:url\" content=\"https:\/\/www.abf.se\/halland\/funkisfestivalen-halmstad\/\" \/>\n<meta property=\"og:site_name\" content=\"Halland\" \/>\n<meta property=\"article:modified_time\" content=\"2025-10-24T11:06:32+00:00\" \/>\n<meta property=\"og:image\" content=\"https:\/\/www.abf.se\/wp-content\/uploads\/sites\/23\/2024\/04\/Nyckeln-liggande-scaled.jpg\" \/>\n\t<meta property=\"og:image:width\" content=\"2560\" \/>\n\t<meta property=\"og:image:height\" content=\"1440\" \/>\n\t<meta property=\"og:image:type\" content=\"image\/jpeg\" \/>\n<meta name=\"twitter:card\" content=\"summary_large_image\" \/>\n<script type=\"application\/ld+json\" class=\"yoast-schema-graph\">{\"@context\":\"https:\/\/schema.org\",\"@graph\":[{\"@type\":\"WebPage\",\"@id\":\"https:\/\/www.abf.se\/halland\/funkisfestivalen-halmstad\/\",\"url\":\"https:\/\/www.abf.se\/halland\/funkisfestivalen-halmstad\/\",\"name\":\"Funkisfestivalen Halmstad - Halland\",\"isPartOf\":{\"@id\":\"https:\/\/www.abf.se\/halland\/#website\"},\"datePublished\":\"2024-04-10T08:42:12+00:00\",\"dateModified\":\"2025-10-24T11:06:32+00:00\",\"breadcrumb\":{\"@id\":\"https:\/\/www.abf.se\/halland\/funkisfestivalen-halmstad\/#breadcrumb\"},\"inLanguage\":\"sv-SE\",\"potentialAction\":[{\"@type\":\"ReadAction\",\"target\":[\"https:\/\/www.abf.se\/halland\/funkisfestivalen-halmstad\/\"]}]},{\"@type\":\"BreadcrumbList\",\"@id\":\"https:\/\/www.abf.se\/halland\/funkisfestivalen-halmstad\/#breadcrumb\",\"itemListElement\":[{\"@type\":\"ListItem\",\"position\":1,\"name\":\"Home\",\"item\":\"https:\/\/www.abf.se\/halland\/\"},{\"@type\":\"ListItem\",\"position\":2,\"name\":\"Funkisfestivalen Halmstad\"}]},{\"@type\":\"WebSite\",\"@id\":\"https:\/\/www.abf.se\/halland\/#website\",\"url\":\"https:\/\/www.abf.se\/halland\/\",\"name\":\"Halland\",\"description\":\"\",\"potentialAction\":[{\"@type\":\"SearchAction\",\"target\":{\"@type\":\"EntryPoint\",\"urlTemplate\":\"https:\/\/www.abf.se\/halland\/?s={search_term_string}\"},\"query-input\":{\"@type\":\"PropertyValueSpecification\",\"valueRequired\":true,\"valueName\":\"search_term_string\"}}],\"inLanguage\":\"sv-SE\"}]}<\/script>\n<!-- \/ Yoast SEO plugin. -->","yoast_head_json":{"title":"Funkisfestivalen Halmstad - Halland","robots":{"index":"index","follow":"follow","max-snippet":"max-snippet:-1","max-image-preview":"max-image-preview:large","max-video-preview":"max-video-preview:-1"},"canonical":"https:\/\/www.abf.se\/halland\/funkisfestivalen-halmstad\/","og_locale":"sv_SE","og_type":"article","og_title":"Funkisfestivalen Halmstad - Halland","og_url":"https:\/\/www.abf.se\/halland\/funkisfestivalen-halmstad\/","og_site_name":"Halland","article_modified_time":"2025-10-24T11:06:32+00:00","og_image":[{"width":2560,"height":1440,"url":"https:\/\/www.abf.se\/wp-content\/uploads\/sites\/23\/2024\/04\/Nyckeln-liggande-scaled.jpg","type":"image\/jpeg"}],"twitter_card":"summary_large_image","schema":{"@context":"https:\/\/schema.org","@graph":[{"@type":"WebPage","@id":"https:\/\/www.abf.se\/halland\/funkisfestivalen-halmstad\/","url":"https:\/\/www.abf.se\/halland\/funkisfestivalen-halmstad\/","name":"Funkisfestivalen Halmstad - Halland","isPartOf":{"@id":"https:\/\/www.abf.se\/halland\/#website"},"datePublished":"2024-04-10T08:42:12+00:00","dateModified":"2025-10-24T11:06:32+00:00","breadcrumb":{"@id":"https:\/\/www.abf.se\/halland\/funkisfestivalen-halmstad\/#breadcrumb"},"inLanguage":"sv-SE","potentialAction":[{"@type":"ReadAction","target":["https:\/\/www.abf.se\/halland\/funkisfestivalen-halmstad\/"]}]},{"@type":"BreadcrumbList","@id":"https:\/\/www.abf.se\/halland\/funkisfestivalen-halmstad\/#breadcrumb","itemListElement":[{"@type":"ListItem","position":1,"name":"Home","item":"https:\/\/www.abf.se\/halland\/"},{"@type":"ListItem","position":2,"name":"Funkisfestivalen Halmstad"}]},{"@type":"WebSite","@id":"https:\/\/www.abf.se\/halland\/#website","url":"https:\/\/www.abf.se\/halland\/","name":"Halland","description":"","potentialAction":[{"@type":"SearchAction","target":{"@type":"EntryPoint","urlTemplate":"https:\/\/www.abf.se\/halland\/?s={search_term_string}"},"query-input":{"@type":"PropertyValueSpecification","valueRequired":true,"valueName":"search_term_string"}}],"inLanguage":"sv-SE"}]}},"_links":{"self":[{"href":"https:\/\/www.abf.se\/halland\/wp-json\/wp\/v2\/pages\/901","targetHints":{"allow":["GET"]}}],"collection":[{"href":"https:\/\/www.abf.se\/halland\/wp-json\/wp\/v2\/pages"}],"about":[{"href":"https:\/\/www.abf.se\/halland\/wp-json\/wp\/v2\/types\/page"}],"author":[{"embeddable":true,"href":"https:\/\/www.abf.se\/halland\/wp-json\/wp\/v2\/users\/58"}],"replies":[{"embeddable":true,"href":"https:\/\/www.abf.se\/halland\/wp-json\/wp\/v2\/comments?post=901"}],"version-history":[{"count":18,"href":"https:\/\/www.abf.se\/halland\/wp-json\/wp\/v2\/pages\/901\/revisions"}],"predecessor-version":[{"id":2223,"href":"https:\/\/www.abf.se\/halland\/wp-json\/wp\/v2\/pages\/901\/revisions\/2223"}],"wp:attachment":[{"href":"https:\/\/www.abf.se\/halland\/wp-json\/wp\/v2\/media?parent=901"}],"curies":[{"name":"wp","href":"https:\/\/api.w.org\/{rel}","templated":true}]}}