{"id":990,"date":"2024-04-15T10:42:24","date_gmt":"2024-04-15T08:42:24","guid":{"rendered":"https:\/\/www.abf.se\/halland\/?page_id=990"},"modified":"2024-04-15T10:42:25","modified_gmt":"2024-04-15T08:42:25","slug":"for-volontarer","status":"publish","type":"page","link":"https:\/\/www.abf.se\/halland\/for-volontarer\/","title":{"rendered":"F\u00f6r Volont\u00e4rer"},"content":{"rendered":"<div\n    class=\"acf-hero-block container-lg no-padding mb-12 js-geolocation\"\n    data-block=\"hero-block\"\n    data-index=\"0\"\n>\n    <div class=\"h-[548px]  relative rounded-[32px] overflow-hidden flex bg-gray-light\">\n        <div class=\"relative z-10 mt-auto h-auto w-full md:h-full\">\n            <div class=\"flex w-full h-full flex-col flex-wrap justify-end w-full md:w-7\/12 lg:w-1\/2 md:justify-center\">\n                <div class=\"flex flex-col gap-3 md:gap-[18px] md:transparent pt-16 pb-36 md:py-8 px-4 w-full md:max-w-[620px] mx-auto px-8\">\n\n                    <h1 class=\"hero-heading hero-heading--red-text\"><span>Vi \u00e4lskar volont\u00e4rer<\/span><\/h1>\n\n                                            <p class=\"mt-4 max-w-[48ch] text-white\">\n                            I rollen som volont\u00e4r p\u00e5 ABF, f\u00e5r du m\u00f6jlighet att aktivt bidra till samh\u00e4llet och skapa en meningsfull skillnad i m\u00e4nniskors liv.\n                        <\/p>\n                    \n                                    <\/div>\n            <\/div>\n        <\/div>\n\n                    <picture class=\"as-background-image mix-blend-multiply bg-black\/40\"><img decoding=\"async\" src=\"https:\/\/www.abf.se\/halland\/resized\/?url=https%3A%2F%2Fwww.abf.se%2Fwp-content%2Fuploads%2F2024%2F04%2Freligion-psykologi-pedagogik.jpg&#038;fit=crop&#038;w=1440&#038;s=73bf5f7add1580055e6beba540d15724\" srcset=\"https:\/\/www.abf.se\/halland\/resized\/?url=https%3A%2F%2Fwww.abf.se%2Fwp-content%2Fuploads%2F2024%2F04%2Freligion-psykologi-pedagogik.jpg&#038;fit=crop&#038;w=375&#038;h=540&#038;s=5b6bab61ef2cee82115538752f074fd4 375w, https:\/\/www.abf.se\/halland\/resized\/?url=https%3A%2F%2Fwww.abf.se%2Fwp-content%2Fuploads%2F2024%2F04%2Freligion-psykologi-pedagogik.jpg&#038;fit=crop&#038;w=447&#038;h=540&#038;s=79f8412c312bec8b8630dc31dc3efb36 447w, https:\/\/www.abf.se\/halland\/resized\/?url=https%3A%2F%2Fwww.abf.se%2Fwp-content%2Fuploads%2F2024%2F04%2Freligion-psykologi-pedagogik.jpg&#038;fit=crop&#038;w=519&#038;h=540&#038;s=421bbfec71a8416b02ab78c74631f67f 519w, https:\/\/www.abf.se\/halland\/resized\/?url=https%3A%2F%2Fwww.abf.se%2Fwp-content%2Fuploads%2F2024%2F04%2Freligion-psykologi-pedagogik.jpg&#038;fit=crop&#038;w=591&#038;h=540&#038;s=45cc59dcd234a2e1e5fecee229c161bc 591w, https:\/\/www.abf.se\/halland\/resized\/?url=https%3A%2F%2Fwww.abf.se%2Fwp-content%2Fuploads%2F2024%2F04%2Freligion-psykologi-pedagogik.jpg&#038;fit=crop&#038;w=663&#038;h=540&#038;s=64baa4b76fce8c51cf48379d3c2c8d13 663w, https:\/\/www.abf.se\/halland\/resized\/?url=https%3A%2F%2Fwww.abf.se%2Fwp-content%2Fuploads%2F2024%2F04%2Freligion-psykologi-pedagogik.jpg&#038;fit=crop&#038;w=750&#038;h=540&#038;s=8e4d9e4337437af69a3534377503002d 750w, https:\/\/www.abf.se\/halland\/resized\/?url=https%3A%2F%2Fwww.abf.se%2Fwp-content%2Fuploads%2F2024%2F04%2Freligion-psykologi-pedagogik.jpg&#038;fit=crop&#038;w=894&#038;h=540&#038;s=bad77f8896c9370f8034434008aab31a 894w, https:\/\/www.abf.se\/halland\/resized\/?url=https%3A%2F%2Fwww.abf.se%2Fwp-content%2Fuploads%2F2024%2F04%2Freligion-psykologi-pedagogik.jpg&#038;fit=crop&#038;w=1038&#038;h=540&#038;s=c323f338025396f96b4c51e074294432 1038w, https:\/\/www.abf.se\/halland\/resized\/?url=https%3A%2F%2Fwww.abf.se%2Fwp-content%2Fuploads%2F2024%2F04%2Freligion-psykologi-pedagogik.jpg&#038;fit=crop&#038;w=1182&#038;h=540&#038;s=e04fed6ae32059f40f450f75dd6d44ab 1182w, https:\/\/www.abf.se\/halland\/resized\/?url=https%3A%2F%2Fwww.abf.se%2Fwp-content%2Fuploads%2F2024%2F04%2Freligion-psykologi-pedagogik.jpg&#038;fit=crop&#038;w=1326&#038;h=540&#038;s=f242dc6ca0984c33af6a4ef2c92d3d86 1326w, https:\/\/www.abf.se\/halland\/resized\/?url=https%3A%2F%2Fwww.abf.se%2Fwp-content%2Fuploads%2F2024%2F04%2Freligion-psykologi-pedagogik.jpg&#038;fit=crop&#038;w=1440&#038;h=540&#038;s=fc7c5510fc5b82a1f2e95dee00e32c1c 1440w\" alt=\"\" height=\"540\" width=\"1440\" sizes=\"(max-width: 1440px) calc(100vw - 32px), 1440px\" loading=\"eager\" fetchpriority=\"high\" aria-hidden=\"true\" role=\"presentation\" \/><\/picture>\n        \n\n                    <figure class=\"absolute bottom-0  md:w-1\/2 transform right-0 translate-x-10 md:translate-x-32\">\n                <img decoding=\"async\"\n                    alt=\"\"\n                    aria-hidden=\"true\"\n                    class=\"h-auto w-full\"\n                    role=\"presentation\"\n                    src=\"\/assets\/images\/two_circles_bottom.svg\"\n                >\n            <\/figure>\n            <\/div>\n\n    <\/div>\n\n<div\n    class=\"acf-text-image-block container my-12 md:my-15\"\n    data-block=\"text-image-block\"\n>\n    <div\n    class=\"flex flex-col items-center md:flex-row gap-8 md:gap-0 justify-between\">\n                        <div class=\"w-full md:w-1\/2 md:order-2\">\n            <picture><img decoding=\"async\" src=\"https:\/\/www.abf.se\/halland\/resized\/?url=https%3A%2F%2Fwww.abf.se%2Fwp-content%2Fuploads%2Fsites%2F23%2F2024%2F04%2Fvolunteer-6800977_1280.jpg&#038;fit=crop&#038;w=578&#038;s=db4959ccef8c61029722f0176aa37741\" srcset=\"https:\/\/www.abf.se\/halland\/resized\/?url=https%3A%2F%2Fwww.abf.se%2Fwp-content%2Fuploads%2Fsites%2F23%2F2024%2F04%2Fvolunteer-6800977_1280.jpg&#038;fit=crop&#038;w=144&#038;h=126&#038;s=7c50988cc3328cd383434667a1b9916c 144w, https:\/\/www.abf.se\/halland\/resized\/?url=https%3A%2F%2Fwww.abf.se%2Fwp-content%2Fuploads%2Fsites%2F23%2F2024%2F04%2Fvolunteer-6800977_1280.jpg&#038;fit=crop&#038;w=240&#038;h=211&#038;s=fea07cc369568a479254d8d4e44b6aa3 240w, https:\/\/www.abf.se\/halland\/resized\/?url=https%3A%2F%2Fwww.abf.se%2Fwp-content%2Fuploads%2Fsites%2F23%2F2024%2F04%2Fvolunteer-6800977_1280.jpg&#038;fit=crop&#038;w=288&#038;h=253&#038;s=052af4e45d5d53e114f05ec3c4c6cab0 288w, https:\/\/www.abf.se\/halland\/resized\/?url=https%3A%2F%2Fwww.abf.se%2Fwp-content%2Fuploads%2Fsites%2F23%2F2024%2F04%2Fvolunteer-6800977_1280.jpg&#038;fit=crop&#038;w=336&#038;h=295&#038;s=e0c90ac72316c9f57c3e41e0be29f835 336w, https:\/\/www.abf.se\/halland\/resized\/?url=https%3A%2F%2Fwww.abf.se%2Fwp-content%2Fuploads%2Fsites%2F23%2F2024%2F04%2Fvolunteer-6800977_1280.jpg&#038;fit=crop&#038;w=432&#038;h=380&#038;s=65d889875cfc28fd0e3be6a52d184008 432w, https:\/\/www.abf.se\/halland\/resized\/?url=https%3A%2F%2Fwww.abf.se%2Fwp-content%2Fuploads%2Fsites%2F23%2F2024%2F04%2Fvolunteer-6800977_1280.jpg&#038;fit=crop&#038;w=480&#038;h=422&#038;s=b287d9a68af05e5d4b1f05402e69cd9b 480w, https:\/\/www.abf.se\/halland\/resized\/?url=https%3A%2F%2Fwww.abf.se%2Fwp-content%2Fuploads%2Fsites%2F23%2F2024%2F04%2Fvolunteer-6800977_1280.jpg&#038;fit=crop&#038;w=528&#038;h=464&#038;s=47fc966d43f53cae5890229b395c5a58 528w, https:\/\/www.abf.se\/halland\/resized\/?url=https%3A%2F%2Fwww.abf.se%2Fwp-content%2Fuploads%2Fsites%2F23%2F2024%2F04%2Fvolunteer-6800977_1280.jpg&#038;fit=crop&#038;w=578&#038;h=509&#038;s=7dfc2b47040b06812f42e3ab5519d407 578w, https:\/\/www.abf.se\/halland\/resized\/?url=https%3A%2F%2Fwww.abf.se%2Fwp-content%2Fuploads%2Fsites%2F23%2F2024%2F04%2Fvolunteer-6800977_1280.jpg&#038;fit=crop&#038;w=672&#038;h=591&#038;s=ea9d3c41da491e957100208a2d4de786 672w, https:\/\/www.abf.se\/halland\/resized\/?url=https%3A%2F%2Fwww.abf.se%2Fwp-content%2Fuploads%2Fsites%2F23%2F2024%2F04%2Fvolunteer-6800977_1280.jpg&#038;fit=crop&#038;w=864&#038;h=760&#038;s=c0968457aa8dd45fb3d89d94a24701db 864w, https:\/\/www.abf.se\/halland\/resized\/?url=https%3A%2F%2Fwww.abf.se%2Fwp-content%2Fuploads%2Fsites%2F23%2F2024%2F04%2Fvolunteer-6800977_1280.jpg&#038;fit=crop&#038;w=1056&#038;h=929&#038;s=65c3b7c83e70b000d382612b91af52c8 1056w\" alt=\"\" height=\"509\" width=\"578\" sizes=\"auto, (max-width: 768px) 100vw,\n                (max-width: 1280px) 50vw, 578px\" loading=\"lazy\" fetchpriority=\"low\" \/><\/picture>\n\n        <\/div>\n        \n        <div class=\"w-full md:w-1\/2 md:order-1\">\n        <div class=\"mx-auto md:max-w-[368px]\">\n            <h2 class=\"heading-lg\"><\/h2>\n            <div class=\"mb-6 mt-4 wysiwyg\">\n                <p>Volont\u00e4rarbete kan ta m\u00e5nga former, inklusive \u00f6vers\u00e4ttning till olika spr\u00e5k f\u00f6r att n\u00e5 en bredare publik, att vara en v\u00e4rdefull resurs vid organisering av evenemang, och att erbjuda st\u00f6d och v\u00e4gledning till dem som beh\u00f6ver det mest.<\/p>\n<p>Som volont\u00e4r p\u00e5 ABF Halland finns en rad sp\u00e4nnande m\u00f6jligheter att v\u00e4lja mellan. Du kan engagera dig i utbildningsprogram, kulturella evenemang, samh\u00e4llsprojekt, eller bidra till att fr\u00e4mja m\u00e5ngfald och inkludering. V\u00e5ra volont\u00e4rer \u00e4r hj\u00e4rtat och sj\u00e4len i v\u00e5rt arbete, och deras insatser g\u00f6r verklig skillnad i v\u00e5rt samh\u00e4lle.<\/p>\n<p>F\u00f6r att ta reda p\u00e5 mer om vilka volont\u00e4rm\u00f6jligheter som finns tillg\u00e4ngliga p\u00e5 ABF Halland , \u00e4r du v\u00e4lkommen att kontakta oss via l\u00e4nken nedan.<\/p>\n\n            <\/div>\n                                            <a href='https:\/\/www.abf.se\/halland\/kontakta-oss-formular-sv\/' class=\"default-button\" target=\"\">Kontakta oss<\/a>\n                    <\/div>\n        <\/div>\n    <\/div>\n<\/div>","protected":false},"excerpt":{"rendered":"","protected":false},"author":77,"featured_media":0,"parent":0,"menu_order":0,"comment_status":"closed","ping_status":"closed","template":"","meta":{"_acf_changed":false,"footnotes":""},"class_list":["post-990","page","type-page","status-publish","hentry"],"acf":[],"yoast_head":"<!-- This site is optimized with the Yoast SEO plugin v27.0 - https:\/\/yoast.com\/product\/yoast-seo-wordpress\/ -->\n<title>F\u00f6r Volont\u00e4rer - Halland<\/title>\n<meta name=\"robots\" content=\"index, follow, max-snippet:-1, max-image-preview:large, max-video-preview:-1\" \/>\n<link rel=\"canonical\" href=\"https:\/\/www.abf.se\/halland\/for-volontarer\/\" \/>\n<meta property=\"og:locale\" content=\"sv_SE\" \/>\n<meta property=\"og:type\" content=\"article\" \/>\n<meta property=\"og:title\" content=\"F\u00f6r Volont\u00e4rer - Halland\" \/>\n<meta property=\"og:url\" content=\"https:\/\/www.abf.se\/halland\/for-volontarer\/\" \/>\n<meta property=\"og:site_name\" content=\"Halland\" \/>\n<meta property=\"article:modified_time\" content=\"2024-04-15T08:42:25+00:00\" \/>\n<meta property=\"og:image\" content=\"https:\/\/www.abf.se\/wp-content\/uploads\/sites\/23\/2024\/04\/Nyckeln-liggande-scaled.jpg\" \/>\n\t<meta property=\"og:image:width\" content=\"2560\" \/>\n\t<meta property=\"og:image:height\" content=\"1440\" \/>\n\t<meta property=\"og:image:type\" content=\"image\/jpeg\" \/>\n<meta name=\"twitter:card\" content=\"summary_large_image\" \/>\n<script type=\"application\/ld+json\" class=\"yoast-schema-graph\">{\"@context\":\"https:\/\/schema.org\",\"@graph\":[{\"@type\":\"WebPage\",\"@id\":\"https:\/\/www.abf.se\/halland\/for-volontarer\/\",\"url\":\"https:\/\/www.abf.se\/halland\/for-volontarer\/\",\"name\":\"F\u00f6r Volont\u00e4rer - Halland\",\"isPartOf\":{\"@id\":\"https:\/\/www.abf.se\/halland\/#website\"},\"datePublished\":\"2024-04-15T08:42:24+00:00\",\"dateModified\":\"2024-04-15T08:42:25+00:00\",\"breadcrumb\":{\"@id\":\"https:\/\/www.abf.se\/halland\/for-volontarer\/#breadcrumb\"},\"inLanguage\":\"sv-SE\",\"potentialAction\":[{\"@type\":\"ReadAction\",\"target\":[\"https:\/\/www.abf.se\/halland\/for-volontarer\/\"]}]},{\"@type\":\"BreadcrumbList\",\"@id\":\"https:\/\/www.abf.se\/halland\/for-volontarer\/#breadcrumb\",\"itemListElement\":[{\"@type\":\"ListItem\",\"position\":1,\"name\":\"Home\",\"item\":\"https:\/\/www.abf.se\/halland\/\"},{\"@type\":\"ListItem\",\"position\":2,\"name\":\"F\u00f6r Volont\u00e4rer\"}]},{\"@type\":\"WebSite\",\"@id\":\"https:\/\/www.abf.se\/halland\/#website\",\"url\":\"https:\/\/www.abf.se\/halland\/\",\"name\":\"Halland\",\"description\":\"\",\"potentialAction\":[{\"@type\":\"SearchAction\",\"target\":{\"@type\":\"EntryPoint\",\"urlTemplate\":\"https:\/\/www.abf.se\/halland\/?s={search_term_string}\"},\"query-input\":{\"@type\":\"PropertyValueSpecification\",\"valueRequired\":true,\"valueName\":\"search_term_string\"}}],\"inLanguage\":\"sv-SE\"}]}<\/script>\n<!-- \/ Yoast SEO plugin. -->","yoast_head_json":{"title":"F\u00f6r Volont\u00e4rer - Halland","robots":{"index":"index","follow":"follow","max-snippet":"max-snippet:-1","max-image-preview":"max-image-preview:large","max-video-preview":"max-video-preview:-1"},"canonical":"https:\/\/www.abf.se\/halland\/for-volontarer\/","og_locale":"sv_SE","og_type":"article","og_title":"F\u00f6r Volont\u00e4rer - Halland","og_url":"https:\/\/www.abf.se\/halland\/for-volontarer\/","og_site_name":"Halland","article_modified_time":"2024-04-15T08:42:25+00:00","og_image":[{"width":2560,"height":1440,"url":"https:\/\/www.abf.se\/wp-content\/uploads\/sites\/23\/2024\/04\/Nyckeln-liggande-scaled.jpg","type":"image\/jpeg"}],"twitter_card":"summary_large_image","schema":{"@context":"https:\/\/schema.org","@graph":[{"@type":"WebPage","@id":"https:\/\/www.abf.se\/halland\/for-volontarer\/","url":"https:\/\/www.abf.se\/halland\/for-volontarer\/","name":"F\u00f6r Volont\u00e4rer - Halland","isPartOf":{"@id":"https:\/\/www.abf.se\/halland\/#website"},"datePublished":"2024-04-15T08:42:24+00:00","dateModified":"2024-04-15T08:42:25+00:00","breadcrumb":{"@id":"https:\/\/www.abf.se\/halland\/for-volontarer\/#breadcrumb"},"inLanguage":"sv-SE","potentialAction":[{"@type":"ReadAction","target":["https:\/\/www.abf.se\/halland\/for-volontarer\/"]}]},{"@type":"BreadcrumbList","@id":"https:\/\/www.abf.se\/halland\/for-volontarer\/#breadcrumb","itemListElement":[{"@type":"ListItem","position":1,"name":"Home","item":"https:\/\/www.abf.se\/halland\/"},{"@type":"ListItem","position":2,"name":"F\u00f6r Volont\u00e4rer"}]},{"@type":"WebSite","@id":"https:\/\/www.abf.se\/halland\/#website","url":"https:\/\/www.abf.se\/halland\/","name":"Halland","description":"","potentialAction":[{"@type":"SearchAction","target":{"@type":"EntryPoint","urlTemplate":"https:\/\/www.abf.se\/halland\/?s={search_term_string}"},"query-input":{"@type":"PropertyValueSpecification","valueRequired":true,"valueName":"search_term_string"}}],"inLanguage":"sv-SE"}]}},"_links":{"self":[{"href":"https:\/\/www.abf.se\/halland\/wp-json\/wp\/v2\/pages\/990","targetHints":{"allow":["GET"]}}],"collection":[{"href":"https:\/\/www.abf.se\/halland\/wp-json\/wp\/v2\/pages"}],"about":[{"href":"https:\/\/www.abf.se\/halland\/wp-json\/wp\/v2\/types\/page"}],"author":[{"embeddable":true,"href":"https:\/\/www.abf.se\/halland\/wp-json\/wp\/v2\/users\/77"}],"replies":[{"embeddable":true,"href":"https:\/\/www.abf.se\/halland\/wp-json\/wp\/v2\/comments?post=990"}],"version-history":[{"count":1,"href":"https:\/\/www.abf.se\/halland\/wp-json\/wp\/v2\/pages\/990\/revisions"}],"predecessor-version":[{"id":992,"href":"https:\/\/www.abf.se\/halland\/wp-json\/wp\/v2\/pages\/990\/revisions\/992"}],"wp:attachment":[{"href":"https:\/\/www.abf.se\/halland\/wp-json\/wp\/v2\/media?parent=990"}],"curies":[{"name":"wp","href":"https:\/\/api.w.org\/{rel}","templated":true}]}}