{"id":65,"date":"2024-04-16T11:13:34","date_gmt":"2024-04-16T09:13:34","guid":{"rendered":"https:\/\/www.abf.se\/vastra-halsingland\/?page_id=65"},"modified":"2025-02-24T13:23:26","modified_gmt":"2025-02-24T12:23:26","slug":"starta-studiecirkel","status":"publish","type":"page","link":"https:\/\/www.abf.se\/halsingland\/starta-studiecirkel\/","title":{"rendered":"Starta studiecirkel"},"content":{"rendered":"<div\n    class=\"acf-plain-heading-block container my-16\"\n    data-block=\"plain-heading-block\"\n>\n    <div class=\"max-w-[658px] mx-auto\">\n                <h1 class=\"hero-heading\"><span>Starta en studiecirkel<\/span><\/h1>\n                            <p class=\"mt-8 body-xl text-black\">\n                Vill du och dina v\u00e4nner eller din f\u00f6rening l\u00e4ra er n\u00e5got nytt tillsammans? <br \/>\r\nHos ABF kan ni starta en studiecirkel och f\u00e5 hj\u00e4lp med t. ex lokal, material, pedagogik och mycket annat.\n            <\/p>\n            <\/div>\n<\/div>\n<div\n    class=\"acf-article-text-block article-container my-12\"\n    data-block=\"article-text-block\"\n>\n    <div class=\"wysiwyg\">\n        <p><strong>En studiecirkel kr\u00e4ver:<\/strong><\/p>\n<ul>\n<li>minst 3 deltagare (inkl. cirkelledaren)<\/li>\n<li>minst 3 tr\u00e4ffar och 9 studietimmar (studietimme = 45 minuter)<\/li>\n<\/ul>\n<p>Cirkelledaren registrerar n\u00e4rvaron i en e-tj\u00e4nst, samt skriver en kort arbetsplan tillsammans med deltagarna.<\/p>\n<p>Eftersom man inom folkbildningen l\u00e4r sig tillsammans, s\u00e5 beh\u00f6ver du som cirkelledare inte vara &#8221;proffs&#8221; p\u00e5 det ni l\u00e4r er i cirkeln, utan vara den som organiserar den och f\u00e5r alla deltagare att k\u00e4nna sig trygga och v\u00e4lkomna.<\/p>\n<p>Vi ser fram emot att h\u00f6ra fr\u00e5n dig om dina tankar p\u00e5 att starta en studiecirkel!<\/p>\n\n    <\/div>\n<\/div>\n<div\n    class=\"acf-article-cta-link-block article-container my-8\"\n    data-block=\"article-cta-link-block\"\n>\n<div>\n    <a class=\"inline-flex flex-row items-center gap-4 text-link underline text-red-dark\"\n        href=\"https:\/\/www.abf.se\/vastra-halsingland\/kontakt\/\"\n            >\n        <span class=\"\">\n        Kontakta oss\n        <\/span>\n        <figure aria-hidden=\"true\" class=\"rounded-full bg-red-dark w-8 h-8 p-1 text-white\">\n            <svg width=\"20\" height=\"20\" viewBox=\"0 0 20 20\" fill=\"none\" class=\"SvgIconElement\">\n<path d=\"M4.16659 10L15.8333 10\" stroke=\"currentColor\"\/>\n<path d=\"M9.99992 4.1665L15.8333 9.99984L9.99992 15.8332\" stroke=\"currentColor\"\/>\n<\/svg>\n        <\/figure>\n    <\/a>\n<\/div>\n<\/div>\n","protected":false},"excerpt":{"rendered":"","protected":false},"author":74,"featured_media":0,"parent":0,"menu_order":0,"comment_status":"closed","ping_status":"closed","template":"","meta":{"_acf_changed":false,"footnotes":""},"class_list":["post-65","page","type-page","status-publish","hentry"],"acf":[],"yoast_head":"<!-- This site is optimized with the Yoast SEO plugin v27.0 - https:\/\/yoast.com\/product\/yoast-seo-wordpress\/ -->\n<title>Starta studiecirkel - H\u00e4lsingland<\/title>\n<meta name=\"robots\" content=\"index, follow, max-snippet:-1, max-image-preview:large, max-video-preview:-1\" \/>\n<link rel=\"canonical\" href=\"https:\/\/www.abf.se\/halsingland\/starta-studiecirkel\/\" \/>\n<meta property=\"og:locale\" content=\"sv_SE\" \/>\n<meta property=\"og:type\" content=\"article\" \/>\n<meta property=\"og:title\" content=\"Starta studiecirkel - H\u00e4lsingland\" \/>\n<meta property=\"og:url\" content=\"https:\/\/www.abf.se\/halsingland\/starta-studiecirkel\/\" \/>\n<meta property=\"og:site_name\" content=\"H\u00e4lsingland\" \/>\n<meta property=\"article:modified_time\" content=\"2025-02-24T12:23:26+00:00\" \/>\n<meta property=\"og:image\" content=\"https:\/\/www.abf.se\/wp-content\/uploads\/sites\/60\/2024\/04\/Nyckeln-liggande-scaled.jpg\" \/>\n\t<meta property=\"og:image:width\" content=\"2560\" \/>\n\t<meta property=\"og:image:height\" content=\"1440\" \/>\n\t<meta property=\"og:image:type\" content=\"image\/jpeg\" \/>\n<meta name=\"twitter:card\" content=\"summary_large_image\" \/>\n<script type=\"application\/ld+json\" class=\"yoast-schema-graph\">{\"@context\":\"https:\/\/schema.org\",\"@graph\":[{\"@type\":\"WebPage\",\"@id\":\"https:\/\/www.abf.se\/halsingland\/starta-studiecirkel\/\",\"url\":\"https:\/\/www.abf.se\/halsingland\/starta-studiecirkel\/\",\"name\":\"Starta studiecirkel - H\u00e4lsingland\",\"isPartOf\":{\"@id\":\"https:\/\/www.abf.se\/halsingland\/#website\"},\"datePublished\":\"2024-04-16T09:13:34+00:00\",\"dateModified\":\"2025-02-24T12:23:26+00:00\",\"breadcrumb\":{\"@id\":\"https:\/\/www.abf.se\/halsingland\/starta-studiecirkel\/#breadcrumb\"},\"inLanguage\":\"sv-SE\",\"potentialAction\":[{\"@type\":\"ReadAction\",\"target\":[\"https:\/\/www.abf.se\/halsingland\/starta-studiecirkel\/\"]}]},{\"@type\":\"BreadcrumbList\",\"@id\":\"https:\/\/www.abf.se\/halsingland\/starta-studiecirkel\/#breadcrumb\",\"itemListElement\":[{\"@type\":\"ListItem\",\"position\":1,\"name\":\"Home\",\"item\":\"https:\/\/www.abf.se\/halsingland\/\"},{\"@type\":\"ListItem\",\"position\":2,\"name\":\"Starta studiecirkel\"}]},{\"@type\":\"WebSite\",\"@id\":\"https:\/\/www.abf.se\/halsingland\/#website\",\"url\":\"https:\/\/www.abf.se\/halsingland\/\",\"name\":\"H\u00e4lsingland\",\"description\":\"\",\"potentialAction\":[{\"@type\":\"SearchAction\",\"target\":{\"@type\":\"EntryPoint\",\"urlTemplate\":\"https:\/\/www.abf.se\/halsingland\/?s={search_term_string}\"},\"query-input\":{\"@type\":\"PropertyValueSpecification\",\"valueRequired\":true,\"valueName\":\"search_term_string\"}}],\"inLanguage\":\"sv-SE\"}]}<\/script>\n<!-- \/ Yoast SEO plugin. -->","yoast_head_json":{"title":"Starta studiecirkel - H\u00e4lsingland","robots":{"index":"index","follow":"follow","max-snippet":"max-snippet:-1","max-image-preview":"max-image-preview:large","max-video-preview":"max-video-preview:-1"},"canonical":"https:\/\/www.abf.se\/halsingland\/starta-studiecirkel\/","og_locale":"sv_SE","og_type":"article","og_title":"Starta studiecirkel - H\u00e4lsingland","og_url":"https:\/\/www.abf.se\/halsingland\/starta-studiecirkel\/","og_site_name":"H\u00e4lsingland","article_modified_time":"2025-02-24T12:23:26+00:00","og_image":[{"width":2560,"height":1440,"url":"https:\/\/www.abf.se\/wp-content\/uploads\/sites\/60\/2024\/04\/Nyckeln-liggande-scaled.jpg","type":"image\/jpeg"}],"twitter_card":"summary_large_image","schema":{"@context":"https:\/\/schema.org","@graph":[{"@type":"WebPage","@id":"https:\/\/www.abf.se\/halsingland\/starta-studiecirkel\/","url":"https:\/\/www.abf.se\/halsingland\/starta-studiecirkel\/","name":"Starta studiecirkel - H\u00e4lsingland","isPartOf":{"@id":"https:\/\/www.abf.se\/halsingland\/#website"},"datePublished":"2024-04-16T09:13:34+00:00","dateModified":"2025-02-24T12:23:26+00:00","breadcrumb":{"@id":"https:\/\/www.abf.se\/halsingland\/starta-studiecirkel\/#breadcrumb"},"inLanguage":"sv-SE","potentialAction":[{"@type":"ReadAction","target":["https:\/\/www.abf.se\/halsingland\/starta-studiecirkel\/"]}]},{"@type":"BreadcrumbList","@id":"https:\/\/www.abf.se\/halsingland\/starta-studiecirkel\/#breadcrumb","itemListElement":[{"@type":"ListItem","position":1,"name":"Home","item":"https:\/\/www.abf.se\/halsingland\/"},{"@type":"ListItem","position":2,"name":"Starta studiecirkel"}]},{"@type":"WebSite","@id":"https:\/\/www.abf.se\/halsingland\/#website","url":"https:\/\/www.abf.se\/halsingland\/","name":"H\u00e4lsingland","description":"","potentialAction":[{"@type":"SearchAction","target":{"@type":"EntryPoint","urlTemplate":"https:\/\/www.abf.se\/halsingland\/?s={search_term_string}"},"query-input":{"@type":"PropertyValueSpecification","valueRequired":true,"valueName":"search_term_string"}}],"inLanguage":"sv-SE"}]}},"_links":{"self":[{"href":"https:\/\/www.abf.se\/halsingland\/wp-json\/wp\/v2\/pages\/65","targetHints":{"allow":["GET"]}}],"collection":[{"href":"https:\/\/www.abf.se\/halsingland\/wp-json\/wp\/v2\/pages"}],"about":[{"href":"https:\/\/www.abf.se\/halsingland\/wp-json\/wp\/v2\/types\/page"}],"author":[{"embeddable":true,"href":"https:\/\/www.abf.se\/halsingland\/wp-json\/wp\/v2\/users\/74"}],"replies":[{"embeddable":true,"href":"https:\/\/www.abf.se\/halsingland\/wp-json\/wp\/v2\/comments?post=65"}],"version-history":[{"count":7,"href":"https:\/\/www.abf.se\/halsingland\/wp-json\/wp\/v2\/pages\/65\/revisions"}],"predecessor-version":[{"id":313,"href":"https:\/\/www.abf.se\/halsingland\/wp-json\/wp\/v2\/pages\/65\/revisions\/313"}],"wp:attachment":[{"href":"https:\/\/www.abf.se\/halsingland\/wp-json\/wp\/v2\/media?parent=65"}],"curies":[{"name":"wp","href":"https:\/\/api.w.org\/{rel}","templated":true}]}}