{"id":96,"date":"2024-04-17T12:01:12","date_gmt":"2024-04-17T10:01:12","guid":{"rendered":"https:\/\/www.abf.se\/vastra-halsingland\/?page_id=96"},"modified":"2025-05-26T15:02:02","modified_gmt":"2025-05-26T13:02:02","slug":"cirkelledarutbildning","status":"publish","type":"page","link":"https:\/\/www.abf.se\/halsingland\/cirkelledarutbildning\/","title":{"rendered":"Cirkelledarutbildningar"},"content":{"rendered":"<div\n    class=\"acf-plain-heading-block container my-16\"\n    data-block=\"plain-heading-block\"\n>\n    <div class=\"max-w-[658px] mx-auto\">\n                <h1 class=\"hero-heading\"><span>Cirkelledarutbildningar<\/span><\/h1>\n                            <p class=\"mt-8 body-xl text-black\">\n                Som cirkelledare \u00e4r du en ambassad\u00f6r f\u00f6r ABF och vi tycker att det \u00e4r viktigt att du har m\u00f6jlighet att utvecklas inom din roll.\n            <\/p>\n            <\/div>\n<\/div>\n<div\n    class=\"acf-text-image-block container my-12 md:my-15\"\n    data-block=\"text-image-block\"\n>\n    <div\n    class=\"flex flex-col items-center md:flex-row gap-8 md:gap-0 justify-between\">\n                        <div class=\"w-full md:w-1\/2 md:order-2\">\n            <picture><img decoding=\"async\" src=\"https:\/\/www.abf.se\/halsingland\/resized\/?url=https%3A%2F%2Fwww.abf.se%2Fwp-content%2Fuploads%2Fsites%2F60%2F2024%2F04%2FALLA-lowres-scaled.jpg&#038;fit=crop&#038;w=578&#038;s=d0f3623268da06054acee56741ff1982\" srcset=\"https:\/\/www.abf.se\/halsingland\/resized\/?url=https%3A%2F%2Fwww.abf.se%2Fwp-content%2Fuploads%2Fsites%2F60%2F2024%2F04%2FALLA-lowres-scaled.jpg&#038;fit=crop&#038;w=144&#038;h=126&#038;s=b6cb073c4c8717b446c9135a4b8d42a5 144w, https:\/\/www.abf.se\/halsingland\/resized\/?url=https%3A%2F%2Fwww.abf.se%2Fwp-content%2Fuploads%2Fsites%2F60%2F2024%2F04%2FALLA-lowres-scaled.jpg&#038;fit=crop&#038;w=240&#038;h=211&#038;s=f9212805ce94e8a083b8ad72c23f216d 240w, https:\/\/www.abf.se\/halsingland\/resized\/?url=https%3A%2F%2Fwww.abf.se%2Fwp-content%2Fuploads%2Fsites%2F60%2F2024%2F04%2FALLA-lowres-scaled.jpg&#038;fit=crop&#038;w=288&#038;h=253&#038;s=a09431953062717be830c890ef803d0e 288w, https:\/\/www.abf.se\/halsingland\/resized\/?url=https%3A%2F%2Fwww.abf.se%2Fwp-content%2Fuploads%2Fsites%2F60%2F2024%2F04%2FALLA-lowres-scaled.jpg&#038;fit=crop&#038;w=336&#038;h=295&#038;s=3f5865de9714f26584765efda60bfe15 336w, https:\/\/www.abf.se\/halsingland\/resized\/?url=https%3A%2F%2Fwww.abf.se%2Fwp-content%2Fuploads%2Fsites%2F60%2F2024%2F04%2FALLA-lowres-scaled.jpg&#038;fit=crop&#038;w=432&#038;h=380&#038;s=83460449f40f34de769c856b6e20a335 432w, https:\/\/www.abf.se\/halsingland\/resized\/?url=https%3A%2F%2Fwww.abf.se%2Fwp-content%2Fuploads%2Fsites%2F60%2F2024%2F04%2FALLA-lowres-scaled.jpg&#038;fit=crop&#038;w=480&#038;h=422&#038;s=2b5b3a30bb69f381393790027b6ef2af 480w, https:\/\/www.abf.se\/halsingland\/resized\/?url=https%3A%2F%2Fwww.abf.se%2Fwp-content%2Fuploads%2Fsites%2F60%2F2024%2F04%2FALLA-lowres-scaled.jpg&#038;fit=crop&#038;w=528&#038;h=464&#038;s=1a3f202852da201f4f6507736a1afd72 528w, https:\/\/www.abf.se\/halsingland\/resized\/?url=https%3A%2F%2Fwww.abf.se%2Fwp-content%2Fuploads%2Fsites%2F60%2F2024%2F04%2FALLA-lowres-scaled.jpg&#038;fit=crop&#038;w=578&#038;h=509&#038;s=e5610dfc4a7ec440fdf170991f20c325 578w, https:\/\/www.abf.se\/halsingland\/resized\/?url=https%3A%2F%2Fwww.abf.se%2Fwp-content%2Fuploads%2Fsites%2F60%2F2024%2F04%2FALLA-lowres-scaled.jpg&#038;fit=crop&#038;w=672&#038;h=591&#038;s=0174f90f1548ea8c9ff99883797db776 672w, https:\/\/www.abf.se\/halsingland\/resized\/?url=https%3A%2F%2Fwww.abf.se%2Fwp-content%2Fuploads%2Fsites%2F60%2F2024%2F04%2FALLA-lowres-scaled.jpg&#038;fit=crop&#038;w=864&#038;h=760&#038;s=dd7491dcf1e993082f14c9e66366750c 864w, https:\/\/www.abf.se\/halsingland\/resized\/?url=https%3A%2F%2Fwww.abf.se%2Fwp-content%2Fuploads%2Fsites%2F60%2F2024%2F04%2FALLA-lowres-scaled.jpg&#038;fit=crop&#038;w=1056&#038;h=929&#038;s=a6ae52fb601e39c5a8a9df9a8a3fa0e0 1056w\" alt=\"\" height=\"509\" width=\"578\" sizes=\"auto, (max-width: 768px) 100vw,\n                (max-width: 1280px) 50vw, 578px\" loading=\"lazy\" fetchpriority=\"low\" \/><\/picture>\n\n        <\/div>\n        \n        <div class=\"w-full md:w-1\/2 md:order-1\">\n        <div class=\"mx-auto md:max-w-[368px]\">\n            <h2 class=\"heading-lg\"><\/h2>\n            <div class=\"mb-6 mt-4 wysiwyg\">\n                <p>Du kommer att bjudas in till ABF:s cirkelledarutbildning GRUND, som \u00e4r f\u00f6rsta steget i v\u00e5r utbildningstrappa. Vi vill med den utbildningen skapa ett intresse och en f\u00f6rst\u00e5else f\u00f6r vad ABF och folkbildning egentligen \u00e4r. Du f\u00e5r ocks\u00e5 mer kunskap om studiecirkelns pedagogik. Denna grundutbildning \u00e4r oftast en heldag (helg) och \u00e4r s\u00e5 klart kostnadsfri, samt att vi bjuder p\u00e5 fika och l\u00e4ttare lunch. H\u00f6r av dig till oss om vilka datum vi just nu har att erbjuda f\u00f6r denna inspirerande dag.<\/p>\n<p>GRUND \u00e4r bara b\u00f6rjan och n\u00e4r du har g\u00e5tt den s\u00e5 finns forts\u00e4ttnings- och f\u00f6rdjupningsutbildningar som du kan delta i. H\u00e4r diskuteras sp\u00e4nnande \u00e4mnen som ledarskap, gruppdynamik, folkbildningshistoria mm. H\u00f6r av dig till oss om du vill veta mer.<\/p>\n\n            <\/div>\n                                            <a href='https:\/\/www.abf.se\/vastra-halsingland\/kontakt\/' class=\"default-button\" target=\"\">Kontakta oss<\/a>\n                    <\/div>\n        <\/div>\n    <\/div>\n<\/div><div\n    class=\"acf-article-cta-link-block article-container my-8\"\n    data-block=\"article-cta-link-block\"\n>\n<div>\n    <a class=\"inline-flex flex-row items-center gap-4 text-link underline text-red-dark\"\n        href=\"https:\/\/www.abf.se\/vastra-halsingland\/kurs-sok\/?q=cirkelledarutbildning&amp;sort=\"\n            >\n        <span class=\"\">\n        H\u00e4r hittar du aktuella cirkelledarutbildningar\n        <\/span>\n        <figure aria-hidden=\"true\" class=\"rounded-full bg-red-dark w-8 h-8 p-1 text-white\">\n            <svg width=\"20\" height=\"20\" viewBox=\"0 0 20 20\" fill=\"none\" class=\"SvgIconElement\">\n<path d=\"M4.16659 10L15.8333 10\" stroke=\"currentColor\"\/>\n<path d=\"M9.99992 4.1665L15.8333 9.99984L9.99992 15.8332\" stroke=\"currentColor\"\/>\n<\/svg>\n        <\/figure>\n    <\/a>\n<\/div>\n<\/div>\n","protected":false},"excerpt":{"rendered":"","protected":false},"author":74,"featured_media":0,"parent":0,"menu_order":0,"comment_status":"closed","ping_status":"closed","template":"","meta":{"_acf_changed":false,"footnotes":""},"class_list":["post-96","page","type-page","status-publish","hentry"],"acf":[],"yoast_head":"<!-- This site is optimized with the Yoast SEO plugin v27.0 - https:\/\/yoast.com\/product\/yoast-seo-wordpress\/ -->\n<title>Cirkelledarutbildningar - H\u00e4lsingland<\/title>\n<meta name=\"robots\" content=\"index, follow, max-snippet:-1, max-image-preview:large, max-video-preview:-1\" \/>\n<link rel=\"canonical\" href=\"https:\/\/www.abf.se\/halsingland\/cirkelledarutbildning\/\" \/>\n<meta property=\"og:locale\" content=\"sv_SE\" \/>\n<meta property=\"og:type\" content=\"article\" \/>\n<meta property=\"og:title\" content=\"Cirkelledarutbildningar - H\u00e4lsingland\" \/>\n<meta property=\"og:url\" content=\"https:\/\/www.abf.se\/halsingland\/cirkelledarutbildning\/\" \/>\n<meta property=\"og:site_name\" content=\"H\u00e4lsingland\" \/>\n<meta property=\"article:modified_time\" content=\"2025-05-26T13:02:02+00:00\" \/>\n<meta property=\"og:image\" content=\"https:\/\/www.abf.se\/wp-content\/uploads\/sites\/60\/2024\/04\/Nyckeln-liggande-scaled.jpg\" \/>\n\t<meta property=\"og:image:width\" content=\"2560\" \/>\n\t<meta property=\"og:image:height\" content=\"1440\" \/>\n\t<meta property=\"og:image:type\" content=\"image\/jpeg\" \/>\n<meta name=\"twitter:card\" content=\"summary_large_image\" \/>\n<script type=\"application\/ld+json\" class=\"yoast-schema-graph\">{\"@context\":\"https:\/\/schema.org\",\"@graph\":[{\"@type\":\"WebPage\",\"@id\":\"https:\/\/www.abf.se\/halsingland\/cirkelledarutbildning\/\",\"url\":\"https:\/\/www.abf.se\/halsingland\/cirkelledarutbildning\/\",\"name\":\"Cirkelledarutbildningar - H\u00e4lsingland\",\"isPartOf\":{\"@id\":\"https:\/\/www.abf.se\/halsingland\/#website\"},\"datePublished\":\"2024-04-17T10:01:12+00:00\",\"dateModified\":\"2025-05-26T13:02:02+00:00\",\"breadcrumb\":{\"@id\":\"https:\/\/www.abf.se\/halsingland\/cirkelledarutbildning\/#breadcrumb\"},\"inLanguage\":\"sv-SE\",\"potentialAction\":[{\"@type\":\"ReadAction\",\"target\":[\"https:\/\/www.abf.se\/halsingland\/cirkelledarutbildning\/\"]}]},{\"@type\":\"BreadcrumbList\",\"@id\":\"https:\/\/www.abf.se\/halsingland\/cirkelledarutbildning\/#breadcrumb\",\"itemListElement\":[{\"@type\":\"ListItem\",\"position\":1,\"name\":\"Home\",\"item\":\"https:\/\/www.abf.se\/halsingland\/\"},{\"@type\":\"ListItem\",\"position\":2,\"name\":\"Cirkelledarutbildningar\"}]},{\"@type\":\"WebSite\",\"@id\":\"https:\/\/www.abf.se\/halsingland\/#website\",\"url\":\"https:\/\/www.abf.se\/halsingland\/\",\"name\":\"H\u00e4lsingland\",\"description\":\"\",\"potentialAction\":[{\"@type\":\"SearchAction\",\"target\":{\"@type\":\"EntryPoint\",\"urlTemplate\":\"https:\/\/www.abf.se\/halsingland\/?s={search_term_string}\"},\"query-input\":{\"@type\":\"PropertyValueSpecification\",\"valueRequired\":true,\"valueName\":\"search_term_string\"}}],\"inLanguage\":\"sv-SE\"}]}<\/script>\n<!-- \/ Yoast SEO plugin. -->","yoast_head_json":{"title":"Cirkelledarutbildningar - H\u00e4lsingland","robots":{"index":"index","follow":"follow","max-snippet":"max-snippet:-1","max-image-preview":"max-image-preview:large","max-video-preview":"max-video-preview:-1"},"canonical":"https:\/\/www.abf.se\/halsingland\/cirkelledarutbildning\/","og_locale":"sv_SE","og_type":"article","og_title":"Cirkelledarutbildningar - H\u00e4lsingland","og_url":"https:\/\/www.abf.se\/halsingland\/cirkelledarutbildning\/","og_site_name":"H\u00e4lsingland","article_modified_time":"2025-05-26T13:02:02+00:00","og_image":[{"width":2560,"height":1440,"url":"https:\/\/www.abf.se\/wp-content\/uploads\/sites\/60\/2024\/04\/Nyckeln-liggande-scaled.jpg","type":"image\/jpeg"}],"twitter_card":"summary_large_image","schema":{"@context":"https:\/\/schema.org","@graph":[{"@type":"WebPage","@id":"https:\/\/www.abf.se\/halsingland\/cirkelledarutbildning\/","url":"https:\/\/www.abf.se\/halsingland\/cirkelledarutbildning\/","name":"Cirkelledarutbildningar - H\u00e4lsingland","isPartOf":{"@id":"https:\/\/www.abf.se\/halsingland\/#website"},"datePublished":"2024-04-17T10:01:12+00:00","dateModified":"2025-05-26T13:02:02+00:00","breadcrumb":{"@id":"https:\/\/www.abf.se\/halsingland\/cirkelledarutbildning\/#breadcrumb"},"inLanguage":"sv-SE","potentialAction":[{"@type":"ReadAction","target":["https:\/\/www.abf.se\/halsingland\/cirkelledarutbildning\/"]}]},{"@type":"BreadcrumbList","@id":"https:\/\/www.abf.se\/halsingland\/cirkelledarutbildning\/#breadcrumb","itemListElement":[{"@type":"ListItem","position":1,"name":"Home","item":"https:\/\/www.abf.se\/halsingland\/"},{"@type":"ListItem","position":2,"name":"Cirkelledarutbildningar"}]},{"@type":"WebSite","@id":"https:\/\/www.abf.se\/halsingland\/#website","url":"https:\/\/www.abf.se\/halsingland\/","name":"H\u00e4lsingland","description":"","potentialAction":[{"@type":"SearchAction","target":{"@type":"EntryPoint","urlTemplate":"https:\/\/www.abf.se\/halsingland\/?s={search_term_string}"},"query-input":{"@type":"PropertyValueSpecification","valueRequired":true,"valueName":"search_term_string"}}],"inLanguage":"sv-SE"}]}},"_links":{"self":[{"href":"https:\/\/www.abf.se\/halsingland\/wp-json\/wp\/v2\/pages\/96","targetHints":{"allow":["GET"]}}],"collection":[{"href":"https:\/\/www.abf.se\/halsingland\/wp-json\/wp\/v2\/pages"}],"about":[{"href":"https:\/\/www.abf.se\/halsingland\/wp-json\/wp\/v2\/types\/page"}],"author":[{"embeddable":true,"href":"https:\/\/www.abf.se\/halsingland\/wp-json\/wp\/v2\/users\/74"}],"replies":[{"embeddable":true,"href":"https:\/\/www.abf.se\/halsingland\/wp-json\/wp\/v2\/comments?post=96"}],"version-history":[{"count":6,"href":"https:\/\/www.abf.se\/halsingland\/wp-json\/wp\/v2\/pages\/96\/revisions"}],"predecessor-version":[{"id":463,"href":"https:\/\/www.abf.se\/halsingland\/wp-json\/wp\/v2\/pages\/96\/revisions\/463"}],"wp:attachment":[{"href":"https:\/\/www.abf.se\/halsingland\/wp-json\/wp\/v2\/media?parent=96"}],"curies":[{"name":"wp","href":"https:\/\/api.w.org\/{rel}","templated":true}]}}