{"id":411,"date":"2024-04-19T13:33:42","date_gmt":"2024-04-19T11:33:42","guid":{"rendered":"https:\/\/www.abf.se\/huddinge\/?page_id=411"},"modified":"2026-03-30T11:44:27","modified_gmt":"2026-03-30T09:44:27","slug":"om-abf-huddinge","status":"publish","type":"page","link":"https:\/\/www.abf.se\/huddinge\/om-abf-huddinge\/","title":{"rendered":"Om ABF Huddinge"},"content":{"rendered":"<div\n    class=\"acf-hero-block container-lg no-padding mb-12 js-geolocation\"\n    data-block=\"hero-block\"\n    data-index=\"0\"\n>\n    <div class=\"h-[548px]  relative rounded-[32px] overflow-hidden flex bg-gray-light\">\n        <div class=\"relative z-10 mt-auto h-auto w-full md:h-full\">\n            <div class=\"flex w-full h-full flex-col flex-wrap justify-end w-full md:w-7\/12 lg:w-1\/2 md:justify-center\">\n                <div class=\"flex flex-col gap-3 md:gap-[18px] md:transparent pt-16 pb-36 md:py-8 px-4 w-full md:max-w-[620px] mx-auto px-8\">\n\n                    <h1 class=\"hero-heading\"><span>Om ABF Huddinge<\/span><\/h1>\n\n                    \n                                    <\/div>\n            <\/div>\n        <\/div>\n\n                    <picture class=\"as-background-image mix-blend-multiply bg-black\/40\"><img decoding=\"async\" src=\"https:\/\/www.abf.se\/huddinge\/resized\/?url=https%3A%2F%2Fwww.abf.se%2Fwp-content%2Fuploads%2F2023%2F11%2Fcare-for-u-2_foto-istock_IMGP.jpg&#038;fit=crop&#038;w=1440&#038;s=cf8b1238689feeb81061ba34ddfae111\" srcset=\"https:\/\/www.abf.se\/huddinge\/resized\/?url=https%3A%2F%2Fwww.abf.se%2Fwp-content%2Fuploads%2F2023%2F11%2Fcare-for-u-2_foto-istock_IMGP.jpg&#038;fit=crop&#038;w=375&#038;h=540&#038;s=5466f9cb5f77b303e130177b1b2deef0 375w, https:\/\/www.abf.se\/huddinge\/resized\/?url=https%3A%2F%2Fwww.abf.se%2Fwp-content%2Fuploads%2F2023%2F11%2Fcare-for-u-2_foto-istock_IMGP.jpg&#038;fit=crop&#038;w=447&#038;h=540&#038;s=99661b6ff22ac871a9729ec60b76c5d1 447w, https:\/\/www.abf.se\/huddinge\/resized\/?url=https%3A%2F%2Fwww.abf.se%2Fwp-content%2Fuploads%2F2023%2F11%2Fcare-for-u-2_foto-istock_IMGP.jpg&#038;fit=crop&#038;w=519&#038;h=540&#038;s=63512d64138bb90ac4ba51bedde1c384 519w, https:\/\/www.abf.se\/huddinge\/resized\/?url=https%3A%2F%2Fwww.abf.se%2Fwp-content%2Fuploads%2F2023%2F11%2Fcare-for-u-2_foto-istock_IMGP.jpg&#038;fit=crop&#038;w=591&#038;h=540&#038;s=9f47c4f5ff63a3f9c06ac2c171bd4dff 591w, https:\/\/www.abf.se\/huddinge\/resized\/?url=https%3A%2F%2Fwww.abf.se%2Fwp-content%2Fuploads%2F2023%2F11%2Fcare-for-u-2_foto-istock_IMGP.jpg&#038;fit=crop&#038;w=663&#038;h=540&#038;s=3b2d1f8f4cd35fd2ea3c651d4748c2f5 663w, https:\/\/www.abf.se\/huddinge\/resized\/?url=https%3A%2F%2Fwww.abf.se%2Fwp-content%2Fuploads%2F2023%2F11%2Fcare-for-u-2_foto-istock_IMGP.jpg&#038;fit=crop&#038;w=750&#038;h=540&#038;s=c7870209726a7817c2974aa3309801a2 750w, https:\/\/www.abf.se\/huddinge\/resized\/?url=https%3A%2F%2Fwww.abf.se%2Fwp-content%2Fuploads%2F2023%2F11%2Fcare-for-u-2_foto-istock_IMGP.jpg&#038;fit=crop&#038;w=894&#038;h=540&#038;s=3a2650032bc23977f65550da127424fe 894w, https:\/\/www.abf.se\/huddinge\/resized\/?url=https%3A%2F%2Fwww.abf.se%2Fwp-content%2Fuploads%2F2023%2F11%2Fcare-for-u-2_foto-istock_IMGP.jpg&#038;fit=crop&#038;w=1038&#038;h=540&#038;s=ce9ee93c717d8f3da1192d4c88dac392 1038w, https:\/\/www.abf.se\/huddinge\/resized\/?url=https%3A%2F%2Fwww.abf.se%2Fwp-content%2Fuploads%2F2023%2F11%2Fcare-for-u-2_foto-istock_IMGP.jpg&#038;fit=crop&#038;w=1182&#038;h=540&#038;s=c96d52dfc48b8af9ea4d3cda4fac04fd 1182w, https:\/\/www.abf.se\/huddinge\/resized\/?url=https%3A%2F%2Fwww.abf.se%2Fwp-content%2Fuploads%2F2023%2F11%2Fcare-for-u-2_foto-istock_IMGP.jpg&#038;fit=crop&#038;w=1326&#038;h=540&#038;s=1a20a3455c70455e94da69c3fa4d4b54 1326w, https:\/\/www.abf.se\/huddinge\/resized\/?url=https%3A%2F%2Fwww.abf.se%2Fwp-content%2Fuploads%2F2023%2F11%2Fcare-for-u-2_foto-istock_IMGP.jpg&#038;fit=crop&#038;w=1440&#038;h=540&#038;s=43404830cf0ea2f1f4ad052260555ca0 1440w\" alt=\"\" height=\"540\" width=\"1440\" sizes=\"(max-width: 1440px) calc(100vw - 32px), 1440px\" loading=\"eager\" fetchpriority=\"high\" aria-hidden=\"true\" role=\"presentation\" \/><\/picture>\n        \n\n                    <figure class=\"absolute bottom-0  md:w-1\/2 transform right-0 translate-x-10 md:translate-x-32\">\n                <img decoding=\"async\"\n                    alt=\"\"\n                    aria-hidden=\"true\"\n                    class=\"h-auto w-full\"\n                    role=\"presentation\"\n                    src=\"\/assets\/images\/two_circles_bottom.svg\"\n                >\n            <\/figure>\n            <\/div>\n\n    <\/div>\n\n<div\n    class=\"acf-plain-heading-block container my-16\"\n    data-block=\"plain-heading-block\"\n>\n    <div class=\"max-w-[658px] mx-auto\">\n                <h1 class=\"hero-heading hero-heading--red-text\"><span>Om ABF Huddinge<\/span><\/h1>\n                            <p class=\"mt-8 body-xl text-black\">\n                ABF Huddinge  &#8211; f\u00f6reningarnas f\u00f6rening \u00e4r en m\u00e5ngfald av stora och sm\u00e5 f\u00f6reningar, f\u00f6renade av grundl\u00e4ggande v\u00e4rderingar om m\u00e4nniskov\u00e4rde, j\u00e4mlikhet, demokrati och r\u00e4tten till l\u00e4rande. <br \/>\r\n<br \/>\r\n\n            <\/p>\n            <\/div>\n<\/div>\n<div\n    class=\"acf-article-text-block article-container my-12\"\n    data-block=\"article-text-block\"\n>\n    <div class=\"wysiwyg\">\n        <p>ABF Huddinge har tre stora m\u00f6tesplatser i Huddinge kommun &#8211; centrala Huddinge, V\u00e5rby g\u00e5rd och Flemingsberg. D\u00e4rut\u00f6ver finns en f\u00f6reningslokal i Skog\u00e5s, replokaler i centrala Huddinge, en dansstudio i centrala Huddinge samt v\u00e4vlokal i V\u00e5rby g\u00e5rd.<\/p>\n<p>ABF arbetar med folkbildning. Studiecirkeln \u00e4r grunden i ABFs verksamhet. I en studiecirkel f\u00e5r du studera, diskutera eller \u00f6va dig p\u00e5 n\u00e5got tillsammans med andra. F\u00f6rutom studiecirklar erbjuder vi \u00e4ven kurser, f\u00f6rel\u00e4sningar och kulturevenemang.<\/p>\n\n    <\/div>\n<\/div>\n<div\n    class=\"acf-article-cta-link-block article-container my-8\"\n    data-block=\"article-cta-link-block\"\n>\n<div>\n    <a class=\"inline-flex flex-row items-center gap-4 text-link underline text-red-dark\"\n        href=\"https:\/\/www.abf.se\/huddinge\/kontakt\/\"\n            >\n        <span class=\"\">\n        Kontakta oss\n        <\/span>\n        <figure aria-hidden=\"true\" class=\"rounded-full bg-red-dark w-8 h-8 p-1 text-white\">\n            <svg width=\"20\" height=\"20\" viewBox=\"0 0 20 20\" fill=\"none\" class=\"SvgIconElement\">\n<path d=\"M4.16659 10L15.8333 10\" stroke=\"currentColor\"\/>\n<path d=\"M9.99992 4.1665L15.8333 9.99984L9.99992 15.8332\" stroke=\"currentColor\"\/>\n<\/svg>\n        <\/figure>\n    <\/a>\n<\/div>\n<\/div>\n<div\n    class=\"acf-article-cta-link-block article-container my-8\"\n    data-block=\"article-cta-link-block\"\n>\n<div>\n    <a class=\"inline-flex flex-row items-center gap-4 text-link underline text-red-dark\"\n        href=\"https:\/\/www.abf.se\/wp-content\/uploads\/sites\/26\/2026\/03\/Verksamhetsberattelse-2025.pdf\"\n                target=\"_blank\"\n            >\n        <span class=\"\">\n        Verksamhetsber\u00e4ttelse 2025\n        <\/span>\n        <figure aria-hidden=\"true\" class=\"rounded-full bg-red-dark w-8 h-8 p-1 text-white\">\n            <svg width=\"20\" height=\"20\" viewBox=\"0 0 20 20\" fill=\"none\" class=\"SvgIconElement\">\n<path d=\"M4.16659 10L15.8333 10\" stroke=\"currentColor\"\/>\n<path d=\"M9.99992 4.1665L15.8333 9.99984L9.99992 15.8332\" stroke=\"currentColor\"\/>\n<\/svg>\n        <\/figure>\n    <\/a>\n<\/div>\n<\/div>\n","protected":false},"excerpt":{"rendered":"","protected":false},"author":92,"featured_media":0,"parent":0,"menu_order":0,"comment_status":"closed","ping_status":"closed","template":"","meta":{"_acf_changed":false,"footnotes":""},"class_list":["post-411","page","type-page","status-publish","hentry"],"acf":[],"yoast_head":"<!-- This site is optimized with the Yoast SEO plugin v27.0 - https:\/\/yoast.com\/product\/yoast-seo-wordpress\/ -->\n<title>Om ABF Huddinge - Huddinge<\/title>\n<meta name=\"robots\" content=\"index, follow, max-snippet:-1, max-image-preview:large, max-video-preview:-1\" \/>\n<link rel=\"canonical\" href=\"https:\/\/www.abf.se\/huddinge\/om-abf-huddinge\/\" \/>\n<meta property=\"og:locale\" content=\"sv_SE\" \/>\n<meta property=\"og:type\" content=\"article\" \/>\n<meta property=\"og:title\" content=\"Om ABF Huddinge - Huddinge\" \/>\n<meta property=\"og:url\" content=\"https:\/\/www.abf.se\/huddinge\/om-abf-huddinge\/\" \/>\n<meta property=\"og:site_name\" content=\"Huddinge\" \/>\n<meta property=\"article:modified_time\" content=\"2026-03-30T09:44:27+00:00\" \/>\n<meta property=\"og:image\" content=\"https:\/\/www.abf.se\/wp-content\/uploads\/sites\/26\/2024\/04\/Nyckeln-liggande-scaled.jpg\" \/>\n\t<meta property=\"og:image:width\" content=\"2560\" \/>\n\t<meta property=\"og:image:height\" content=\"1440\" \/>\n\t<meta property=\"og:image:type\" content=\"image\/jpeg\" \/>\n<meta name=\"twitter:card\" content=\"summary_large_image\" \/>\n<script type=\"application\/ld+json\" class=\"yoast-schema-graph\">{\"@context\":\"https:\/\/schema.org\",\"@graph\":[{\"@type\":\"WebPage\",\"@id\":\"https:\/\/www.abf.se\/huddinge\/om-abf-huddinge\/\",\"url\":\"https:\/\/www.abf.se\/huddinge\/om-abf-huddinge\/\",\"name\":\"Om ABF Huddinge - Huddinge\",\"isPartOf\":{\"@id\":\"https:\/\/www.abf.se\/huddinge\/#website\"},\"datePublished\":\"2024-04-19T11:33:42+00:00\",\"dateModified\":\"2026-03-30T09:44:27+00:00\",\"breadcrumb\":{\"@id\":\"https:\/\/www.abf.se\/huddinge\/om-abf-huddinge\/#breadcrumb\"},\"inLanguage\":\"sv-SE\",\"potentialAction\":[{\"@type\":\"ReadAction\",\"target\":[\"https:\/\/www.abf.se\/huddinge\/om-abf-huddinge\/\"]}]},{\"@type\":\"BreadcrumbList\",\"@id\":\"https:\/\/www.abf.se\/huddinge\/om-abf-huddinge\/#breadcrumb\",\"itemListElement\":[{\"@type\":\"ListItem\",\"position\":1,\"name\":\"Home\",\"item\":\"https:\/\/www.abf.se\/huddinge\/\"},{\"@type\":\"ListItem\",\"position\":2,\"name\":\"Om ABF Huddinge\"}]},{\"@type\":\"WebSite\",\"@id\":\"https:\/\/www.abf.se\/huddinge\/#website\",\"url\":\"https:\/\/www.abf.se\/huddinge\/\",\"name\":\"Huddinge\",\"description\":\"\",\"potentialAction\":[{\"@type\":\"SearchAction\",\"target\":{\"@type\":\"EntryPoint\",\"urlTemplate\":\"https:\/\/www.abf.se\/huddinge\/?s={search_term_string}\"},\"query-input\":{\"@type\":\"PropertyValueSpecification\",\"valueRequired\":true,\"valueName\":\"search_term_string\"}}],\"inLanguage\":\"sv-SE\"}]}<\/script>\n<!-- \/ Yoast SEO plugin. -->","yoast_head_json":{"title":"Om ABF Huddinge - Huddinge","robots":{"index":"index","follow":"follow","max-snippet":"max-snippet:-1","max-image-preview":"max-image-preview:large","max-video-preview":"max-video-preview:-1"},"canonical":"https:\/\/www.abf.se\/huddinge\/om-abf-huddinge\/","og_locale":"sv_SE","og_type":"article","og_title":"Om ABF Huddinge - Huddinge","og_url":"https:\/\/www.abf.se\/huddinge\/om-abf-huddinge\/","og_site_name":"Huddinge","article_modified_time":"2026-03-30T09:44:27+00:00","og_image":[{"width":2560,"height":1440,"url":"https:\/\/www.abf.se\/wp-content\/uploads\/sites\/26\/2024\/04\/Nyckeln-liggande-scaled.jpg","type":"image\/jpeg"}],"twitter_card":"summary_large_image","schema":{"@context":"https:\/\/schema.org","@graph":[{"@type":"WebPage","@id":"https:\/\/www.abf.se\/huddinge\/om-abf-huddinge\/","url":"https:\/\/www.abf.se\/huddinge\/om-abf-huddinge\/","name":"Om ABF Huddinge - Huddinge","isPartOf":{"@id":"https:\/\/www.abf.se\/huddinge\/#website"},"datePublished":"2024-04-19T11:33:42+00:00","dateModified":"2026-03-30T09:44:27+00:00","breadcrumb":{"@id":"https:\/\/www.abf.se\/huddinge\/om-abf-huddinge\/#breadcrumb"},"inLanguage":"sv-SE","potentialAction":[{"@type":"ReadAction","target":["https:\/\/www.abf.se\/huddinge\/om-abf-huddinge\/"]}]},{"@type":"BreadcrumbList","@id":"https:\/\/www.abf.se\/huddinge\/om-abf-huddinge\/#breadcrumb","itemListElement":[{"@type":"ListItem","position":1,"name":"Home","item":"https:\/\/www.abf.se\/huddinge\/"},{"@type":"ListItem","position":2,"name":"Om ABF Huddinge"}]},{"@type":"WebSite","@id":"https:\/\/www.abf.se\/huddinge\/#website","url":"https:\/\/www.abf.se\/huddinge\/","name":"Huddinge","description":"","potentialAction":[{"@type":"SearchAction","target":{"@type":"EntryPoint","urlTemplate":"https:\/\/www.abf.se\/huddinge\/?s={search_term_string}"},"query-input":{"@type":"PropertyValueSpecification","valueRequired":true,"valueName":"search_term_string"}}],"inLanguage":"sv-SE"}]}},"_links":{"self":[{"href":"https:\/\/www.abf.se\/huddinge\/wp-json\/wp\/v2\/pages\/411","targetHints":{"allow":["GET"]}}],"collection":[{"href":"https:\/\/www.abf.se\/huddinge\/wp-json\/wp\/v2\/pages"}],"about":[{"href":"https:\/\/www.abf.se\/huddinge\/wp-json\/wp\/v2\/types\/page"}],"author":[{"embeddable":true,"href":"https:\/\/www.abf.se\/huddinge\/wp-json\/wp\/v2\/users\/92"}],"replies":[{"embeddable":true,"href":"https:\/\/www.abf.se\/huddinge\/wp-json\/wp\/v2\/comments?post=411"}],"version-history":[{"count":15,"href":"https:\/\/www.abf.se\/huddinge\/wp-json\/wp\/v2\/pages\/411\/revisions"}],"predecessor-version":[{"id":1547,"href":"https:\/\/www.abf.se\/huddinge\/wp-json\/wp\/v2\/pages\/411\/revisions\/1547"}],"wp:attachment":[{"href":"https:\/\/www.abf.se\/huddinge\/wp-json\/wp\/v2\/media?parent=411"}],"curies":[{"name":"wp","href":"https:\/\/api.w.org\/{rel}","templated":true}]}}