{"id":488,"date":"2024-04-22T13:59:36","date_gmt":"2024-04-22T11:59:36","guid":{"rendered":"https:\/\/www.abf.se\/huddinge\/?page_id=488"},"modified":"2025-03-27T10:41:35","modified_gmt":"2025-03-27T09:41:35","slug":"cirkelledare","status":"publish","type":"page","link":"https:\/\/www.abf.se\/huddinge\/cirkelledare\/","title":{"rendered":"Cirkelledare"},"content":{"rendered":"<div\n    class=\"acf-hero-block container-lg no-padding mb-12 js-geolocation\"\n    data-block=\"hero-block\"\n    data-index=\"0\"\n>\n    <div class=\"h-[548px]  relative rounded-[32px] overflow-hidden flex bg-gray-light\">\n        <div class=\"relative z-10 mt-auto h-auto w-full md:h-full\">\n            <div class=\"flex w-full h-full flex-col flex-wrap justify-end w-full md:w-7\/12 lg:w-1\/2 md:justify-center\">\n                <div class=\"flex flex-col gap-3 md:gap-[18px] md:transparent pt-16 pb-36 md:py-8 px-4 w-full md:max-w-[620px] mx-auto px-8\">\n\n                    <h1 class=\"hero-heading\"><span>Cirkelledare<\/span><\/h1>\n\n                    \n                                    <\/div>\n            <\/div>\n        <\/div>\n\n                    <picture class=\"as-background-image mix-blend-multiply bg-black\/40\"><img decoding=\"async\" src=\"https:\/\/www.abf.se\/huddinge\/resized\/?url=https%3A%2F%2Fwww.abf.se%2Fwp-content%2Fuploads%2F2023%2F11%2FTrion-liggande_IMGP.jpg&#038;fit=crop&#038;w=1440&#038;s=a7f51792ec937614cb940e79b276ba83\" srcset=\"https:\/\/www.abf.se\/huddinge\/resized\/?url=https%3A%2F%2Fwww.abf.se%2Fwp-content%2Fuploads%2F2023%2F11%2FTrion-liggande_IMGP.jpg&#038;fit=crop&#038;w=375&#038;h=540&#038;s=4668a83b67c9deaae527b55fbc9f952b 375w, https:\/\/www.abf.se\/huddinge\/resized\/?url=https%3A%2F%2Fwww.abf.se%2Fwp-content%2Fuploads%2F2023%2F11%2FTrion-liggande_IMGP.jpg&#038;fit=crop&#038;w=447&#038;h=540&#038;s=2009488c0d55ee71ac88a4d484aaa970 447w, https:\/\/www.abf.se\/huddinge\/resized\/?url=https%3A%2F%2Fwww.abf.se%2Fwp-content%2Fuploads%2F2023%2F11%2FTrion-liggande_IMGP.jpg&#038;fit=crop&#038;w=519&#038;h=540&#038;s=391c729f7f81bf498a4f6dac2ecf8d89 519w, https:\/\/www.abf.se\/huddinge\/resized\/?url=https%3A%2F%2Fwww.abf.se%2Fwp-content%2Fuploads%2F2023%2F11%2FTrion-liggande_IMGP.jpg&#038;fit=crop&#038;w=591&#038;h=540&#038;s=fa3e578ddcac5e4a3bdf5ffc0e1898b8 591w, https:\/\/www.abf.se\/huddinge\/resized\/?url=https%3A%2F%2Fwww.abf.se%2Fwp-content%2Fuploads%2F2023%2F11%2FTrion-liggande_IMGP.jpg&#038;fit=crop&#038;w=663&#038;h=540&#038;s=892cb72cbbbda1dfe22b7109ec27c2e6 663w, https:\/\/www.abf.se\/huddinge\/resized\/?url=https%3A%2F%2Fwww.abf.se%2Fwp-content%2Fuploads%2F2023%2F11%2FTrion-liggande_IMGP.jpg&#038;fit=crop&#038;w=750&#038;h=540&#038;s=b75e1d8aa29fdd449eca18014c44ba38 750w, https:\/\/www.abf.se\/huddinge\/resized\/?url=https%3A%2F%2Fwww.abf.se%2Fwp-content%2Fuploads%2F2023%2F11%2FTrion-liggande_IMGP.jpg&#038;fit=crop&#038;w=894&#038;h=540&#038;s=9663f7a36d5d673ae0dc9f9e178751de 894w, https:\/\/www.abf.se\/huddinge\/resized\/?url=https%3A%2F%2Fwww.abf.se%2Fwp-content%2Fuploads%2F2023%2F11%2FTrion-liggande_IMGP.jpg&#038;fit=crop&#038;w=1038&#038;h=540&#038;s=09f963809e47dd53e60a593a992e7513 1038w, https:\/\/www.abf.se\/huddinge\/resized\/?url=https%3A%2F%2Fwww.abf.se%2Fwp-content%2Fuploads%2F2023%2F11%2FTrion-liggande_IMGP.jpg&#038;fit=crop&#038;w=1182&#038;h=540&#038;s=6205cd001d0d50afd895886e0038fd33 1182w, https:\/\/www.abf.se\/huddinge\/resized\/?url=https%3A%2F%2Fwww.abf.se%2Fwp-content%2Fuploads%2F2023%2F11%2FTrion-liggande_IMGP.jpg&#038;fit=crop&#038;w=1326&#038;h=540&#038;s=ef7431775355fe5a163295b043cb2b2c 1326w, https:\/\/www.abf.se\/huddinge\/resized\/?url=https%3A%2F%2Fwww.abf.se%2Fwp-content%2Fuploads%2F2023%2F11%2FTrion-liggande_IMGP.jpg&#038;fit=crop&#038;w=1440&#038;h=540&#038;s=fa6d9f2675fd4b9b979174cbcaff02aa 1440w\" alt=\"\" height=\"540\" width=\"1440\" sizes=\"(max-width: 1440px) calc(100vw - 32px), 1440px\" loading=\"eager\" fetchpriority=\"high\" aria-hidden=\"true\" role=\"presentation\" \/><\/picture>\n        \n\n            <\/div>\n\n    <\/div>\n\n<div\n    class=\"acf-article-text-block article-container my-12\"\n    data-block=\"article-text-block\"\n>\n    <div class=\"wysiwyg\">\n        <h2 class=\"heading-lg\">Vill du vara med och g\u00f6ra skillnad?<\/h2>\n<div class=\"mb-6 mt-4 wysiwyg\">\n<p>Bli en del av ABF som cirkelledare och uppt\u00e4ck de otaliga f\u00f6rdelarna med att leda en cirkel! Att vara cirkelledare hos ABF \u00e4r inte bara en m\u00f6jlighet att dela med dig av din kunskap och passion \u2013 det \u00e4r ocks\u00e5 en fantastisk chans att skapa meningsfulla m\u00f6ten och bidra till samh\u00e4llets utveckling p\u00e5 lokal niv\u00e5.<\/p>\n<p>Som cirkelledare p\u00e5 ABF f\u00e5r du uppt\u00e4ck nytt och utvecklas i ditt ledarskap och l\u00e4ra dig tillsammans med andra!<\/p>\n<\/div>\n<h3>Regler f\u00f6r cirkelledare<\/h3>\n<p>ABF rapporterar varje \u00e5r tusentals studiecirklar, kulturprogram och kurser. Dessa finansieras av statsbidrag. Det \u00e4r ABF som har ansvaret f\u00f6r att dessa rapporteras enligt regelverket men du som cirkelledare har en viktig roll i v\u00e5rt kvalitetsarbete.<\/p>\n<p>Det \u00e4r viktigt att all verksamhet som rapporteras som underlag f\u00f6r statsbidrag sker s\u00e5 som den rapporteras. Det betyder att det \u00e4r viktigt att du meddelar ABF om ni g\u00f6r n\u00e5gra f\u00f6r\u00e4ndringar i er studiecirkel. Det kan exempelvis handla om en deltagare som slutar eller tillkommer, ni kanske best\u00e4mmer er f\u00f6r att byta dag, tid eller lokal. Oavsett vilket m\u00e5ste ABF informeras om alla \u00e4ndringar.<\/p>\n<p>N\u00e4r du leder en studiecirkel eller en kurs hos ABF ska du rapportera n\u00e4rvaro f\u00f6r dig och dina cirkeldeltagare. Du hittar mer information <a href=\"https:\/\/www.abf.se\/huddinge\/jag-ar-cirkelledare\/\">f\u00f6r dig som cirkelledare<\/a> h\u00e4r och om <a href=\"https:\/\/www.abf.se\/huddinge\/guide-till-narvarorapportering\/\">hur du n\u00e4rvarorapporterar h\u00e4r<\/a>.<\/p>\n<p>\u00c4r du intresserad av att bli cirkelledare hos oss? Skicka in en <a href=\"https:\/\/www.abf.se\/huddinge\/bli-cirkelledare\/\">intresseanm\u00e4lan<\/a> s\u00e5 h\u00f6r vi av oss!<\/p>\n\n    <\/div>\n<\/div>\n","protected":false},"excerpt":{"rendered":"","protected":false},"author":92,"featured_media":0,"parent":0,"menu_order":1,"comment_status":"closed","ping_status":"closed","template":"","meta":{"_acf_changed":false,"footnotes":""},"class_list":["post-488","page","type-page","status-publish","hentry"],"acf":[],"yoast_head":"<!-- This site is optimized with the Yoast SEO plugin v27.0 - https:\/\/yoast.com\/product\/yoast-seo-wordpress\/ -->\n<title>Cirkelledare - Huddinge<\/title>\n<meta name=\"robots\" content=\"index, follow, max-snippet:-1, max-image-preview:large, max-video-preview:-1\" \/>\n<link rel=\"canonical\" href=\"https:\/\/www.abf.se\/huddinge\/cirkelledare\/\" \/>\n<meta property=\"og:locale\" content=\"sv_SE\" \/>\n<meta property=\"og:type\" content=\"article\" \/>\n<meta property=\"og:title\" content=\"Cirkelledare - Huddinge\" \/>\n<meta property=\"og:url\" content=\"https:\/\/www.abf.se\/huddinge\/cirkelledare\/\" \/>\n<meta property=\"og:site_name\" content=\"Huddinge\" \/>\n<meta property=\"article:modified_time\" content=\"2025-03-27T09:41:35+00:00\" \/>\n<meta property=\"og:image\" content=\"https:\/\/www.abf.se\/wp-content\/uploads\/sites\/26\/2024\/04\/Nyckeln-liggande-scaled.jpg\" \/>\n\t<meta property=\"og:image:width\" content=\"2560\" \/>\n\t<meta property=\"og:image:height\" content=\"1440\" \/>\n\t<meta property=\"og:image:type\" content=\"image\/jpeg\" \/>\n<meta name=\"twitter:card\" content=\"summary_large_image\" \/>\n<script type=\"application\/ld+json\" class=\"yoast-schema-graph\">{\"@context\":\"https:\/\/schema.org\",\"@graph\":[{\"@type\":\"WebPage\",\"@id\":\"https:\/\/www.abf.se\/huddinge\/cirkelledare\/\",\"url\":\"https:\/\/www.abf.se\/huddinge\/cirkelledare\/\",\"name\":\"Cirkelledare - Huddinge\",\"isPartOf\":{\"@id\":\"https:\/\/www.abf.se\/huddinge\/#website\"},\"datePublished\":\"2024-04-22T11:59:36+00:00\",\"dateModified\":\"2025-03-27T09:41:35+00:00\",\"breadcrumb\":{\"@id\":\"https:\/\/www.abf.se\/huddinge\/cirkelledare\/#breadcrumb\"},\"inLanguage\":\"sv-SE\",\"potentialAction\":[{\"@type\":\"ReadAction\",\"target\":[\"https:\/\/www.abf.se\/huddinge\/cirkelledare\/\"]}]},{\"@type\":\"BreadcrumbList\",\"@id\":\"https:\/\/www.abf.se\/huddinge\/cirkelledare\/#breadcrumb\",\"itemListElement\":[{\"@type\":\"ListItem\",\"position\":1,\"name\":\"Home\",\"item\":\"https:\/\/www.abf.se\/huddinge\/\"},{\"@type\":\"ListItem\",\"position\":2,\"name\":\"Cirkelledare\"}]},{\"@type\":\"WebSite\",\"@id\":\"https:\/\/www.abf.se\/huddinge\/#website\",\"url\":\"https:\/\/www.abf.se\/huddinge\/\",\"name\":\"Huddinge\",\"description\":\"\",\"potentialAction\":[{\"@type\":\"SearchAction\",\"target\":{\"@type\":\"EntryPoint\",\"urlTemplate\":\"https:\/\/www.abf.se\/huddinge\/?s={search_term_string}\"},\"query-input\":{\"@type\":\"PropertyValueSpecification\",\"valueRequired\":true,\"valueName\":\"search_term_string\"}}],\"inLanguage\":\"sv-SE\"}]}<\/script>\n<!-- \/ Yoast SEO plugin. -->","yoast_head_json":{"title":"Cirkelledare - Huddinge","robots":{"index":"index","follow":"follow","max-snippet":"max-snippet:-1","max-image-preview":"max-image-preview:large","max-video-preview":"max-video-preview:-1"},"canonical":"https:\/\/www.abf.se\/huddinge\/cirkelledare\/","og_locale":"sv_SE","og_type":"article","og_title":"Cirkelledare - Huddinge","og_url":"https:\/\/www.abf.se\/huddinge\/cirkelledare\/","og_site_name":"Huddinge","article_modified_time":"2025-03-27T09:41:35+00:00","og_image":[{"width":2560,"height":1440,"url":"https:\/\/www.abf.se\/wp-content\/uploads\/sites\/26\/2024\/04\/Nyckeln-liggande-scaled.jpg","type":"image\/jpeg"}],"twitter_card":"summary_large_image","schema":{"@context":"https:\/\/schema.org","@graph":[{"@type":"WebPage","@id":"https:\/\/www.abf.se\/huddinge\/cirkelledare\/","url":"https:\/\/www.abf.se\/huddinge\/cirkelledare\/","name":"Cirkelledare - Huddinge","isPartOf":{"@id":"https:\/\/www.abf.se\/huddinge\/#website"},"datePublished":"2024-04-22T11:59:36+00:00","dateModified":"2025-03-27T09:41:35+00:00","breadcrumb":{"@id":"https:\/\/www.abf.se\/huddinge\/cirkelledare\/#breadcrumb"},"inLanguage":"sv-SE","potentialAction":[{"@type":"ReadAction","target":["https:\/\/www.abf.se\/huddinge\/cirkelledare\/"]}]},{"@type":"BreadcrumbList","@id":"https:\/\/www.abf.se\/huddinge\/cirkelledare\/#breadcrumb","itemListElement":[{"@type":"ListItem","position":1,"name":"Home","item":"https:\/\/www.abf.se\/huddinge\/"},{"@type":"ListItem","position":2,"name":"Cirkelledare"}]},{"@type":"WebSite","@id":"https:\/\/www.abf.se\/huddinge\/#website","url":"https:\/\/www.abf.se\/huddinge\/","name":"Huddinge","description":"","potentialAction":[{"@type":"SearchAction","target":{"@type":"EntryPoint","urlTemplate":"https:\/\/www.abf.se\/huddinge\/?s={search_term_string}"},"query-input":{"@type":"PropertyValueSpecification","valueRequired":true,"valueName":"search_term_string"}}],"inLanguage":"sv-SE"}]}},"_links":{"self":[{"href":"https:\/\/www.abf.se\/huddinge\/wp-json\/wp\/v2\/pages\/488","targetHints":{"allow":["GET"]}}],"collection":[{"href":"https:\/\/www.abf.se\/huddinge\/wp-json\/wp\/v2\/pages"}],"about":[{"href":"https:\/\/www.abf.se\/huddinge\/wp-json\/wp\/v2\/types\/page"}],"author":[{"embeddable":true,"href":"https:\/\/www.abf.se\/huddinge\/wp-json\/wp\/v2\/users\/92"}],"replies":[{"embeddable":true,"href":"https:\/\/www.abf.se\/huddinge\/wp-json\/wp\/v2\/comments?post=488"}],"version-history":[{"count":9,"href":"https:\/\/www.abf.se\/huddinge\/wp-json\/wp\/v2\/pages\/488\/revisions"}],"predecessor-version":[{"id":606,"href":"https:\/\/www.abf.se\/huddinge\/wp-json\/wp\/v2\/pages\/488\/revisions\/606"}],"wp:attachment":[{"href":"https:\/\/www.abf.se\/huddinge\/wp-json\/wp\/v2\/media?parent=488"}],"curies":[{"name":"wp","href":"https:\/\/api.w.org\/{rel}","templated":true}]}}