{"id":577,"date":"2024-04-22T18:39:12","date_gmt":"2024-04-22T16:39:12","guid":{"rendered":"https:\/\/www.abf.se\/huddinge\/?page_id=577"},"modified":"2025-03-27T10:52:01","modified_gmt":"2025-03-27T09:52:01","slug":"cirkelledarutbildning","status":"publish","type":"page","link":"https:\/\/www.abf.se\/huddinge\/cirkelledare\/cirkelledarutbildning\/","title":{"rendered":"Cirkelledarutbildning"},"content":{"rendered":"<div\n    class=\"acf-hero-block container-lg no-padding mb-12 js-geolocation\"\n    data-block=\"hero-block\"\n    data-index=\"0\"\n>\n    <div class=\"h-[548px]  relative rounded-[32px] overflow-hidden flex bg-gray-light\">\n        <div class=\"relative z-10 mt-auto h-auto w-full md:h-full\">\n            <div class=\"flex w-full h-full flex-col flex-wrap justify-end w-full md:w-7\/12 lg:w-1\/2 md:justify-center\">\n                <div class=\"flex flex-col gap-3 md:gap-[18px] md:transparent pt-16 pb-36 md:py-8 px-4 w-full md:max-w-[620px] mx-auto px-8\">\n\n                    <h1 class=\"hero-heading\"><span>Cirkelledarutbildning<\/span><\/h1>\n\n                    \n                                    <\/div>\n            <\/div>\n        <\/div>\n\n                    <picture class=\"as-background-image mix-blend-multiply bg-black\/40\"><img decoding=\"async\" src=\"https:\/\/www.abf.se\/huddinge\/resized\/?url=https%3A%2F%2Fwww.abf.se%2Fwp-content%2Fuploads%2F2023%2F11%2Fcare-for-u-2_foto-istock_IMGP.jpg&#038;fit=crop&#038;w=1440&#038;s=cf8b1238689feeb81061ba34ddfae111\" srcset=\"https:\/\/www.abf.se\/huddinge\/resized\/?url=https%3A%2F%2Fwww.abf.se%2Fwp-content%2Fuploads%2F2023%2F11%2Fcare-for-u-2_foto-istock_IMGP.jpg&#038;fit=crop&#038;w=375&#038;h=540&#038;s=5466f9cb5f77b303e130177b1b2deef0 375w, https:\/\/www.abf.se\/huddinge\/resized\/?url=https%3A%2F%2Fwww.abf.se%2Fwp-content%2Fuploads%2F2023%2F11%2Fcare-for-u-2_foto-istock_IMGP.jpg&#038;fit=crop&#038;w=447&#038;h=540&#038;s=99661b6ff22ac871a9729ec60b76c5d1 447w, https:\/\/www.abf.se\/huddinge\/resized\/?url=https%3A%2F%2Fwww.abf.se%2Fwp-content%2Fuploads%2F2023%2F11%2Fcare-for-u-2_foto-istock_IMGP.jpg&#038;fit=crop&#038;w=519&#038;h=540&#038;s=63512d64138bb90ac4ba51bedde1c384 519w, https:\/\/www.abf.se\/huddinge\/resized\/?url=https%3A%2F%2Fwww.abf.se%2Fwp-content%2Fuploads%2F2023%2F11%2Fcare-for-u-2_foto-istock_IMGP.jpg&#038;fit=crop&#038;w=591&#038;h=540&#038;s=9f47c4f5ff63a3f9c06ac2c171bd4dff 591w, https:\/\/www.abf.se\/huddinge\/resized\/?url=https%3A%2F%2Fwww.abf.se%2Fwp-content%2Fuploads%2F2023%2F11%2Fcare-for-u-2_foto-istock_IMGP.jpg&#038;fit=crop&#038;w=663&#038;h=540&#038;s=3b2d1f8f4cd35fd2ea3c651d4748c2f5 663w, https:\/\/www.abf.se\/huddinge\/resized\/?url=https%3A%2F%2Fwww.abf.se%2Fwp-content%2Fuploads%2F2023%2F11%2Fcare-for-u-2_foto-istock_IMGP.jpg&#038;fit=crop&#038;w=750&#038;h=540&#038;s=c7870209726a7817c2974aa3309801a2 750w, https:\/\/www.abf.se\/huddinge\/resized\/?url=https%3A%2F%2Fwww.abf.se%2Fwp-content%2Fuploads%2F2023%2F11%2Fcare-for-u-2_foto-istock_IMGP.jpg&#038;fit=crop&#038;w=894&#038;h=540&#038;s=3a2650032bc23977f65550da127424fe 894w, https:\/\/www.abf.se\/huddinge\/resized\/?url=https%3A%2F%2Fwww.abf.se%2Fwp-content%2Fuploads%2F2023%2F11%2Fcare-for-u-2_foto-istock_IMGP.jpg&#038;fit=crop&#038;w=1038&#038;h=540&#038;s=ce9ee93c717d8f3da1192d4c88dac392 1038w, https:\/\/www.abf.se\/huddinge\/resized\/?url=https%3A%2F%2Fwww.abf.se%2Fwp-content%2Fuploads%2F2023%2F11%2Fcare-for-u-2_foto-istock_IMGP.jpg&#038;fit=crop&#038;w=1182&#038;h=540&#038;s=c96d52dfc48b8af9ea4d3cda4fac04fd 1182w, https:\/\/www.abf.se\/huddinge\/resized\/?url=https%3A%2F%2Fwww.abf.se%2Fwp-content%2Fuploads%2F2023%2F11%2Fcare-for-u-2_foto-istock_IMGP.jpg&#038;fit=crop&#038;w=1326&#038;h=540&#038;s=1a20a3455c70455e94da69c3fa4d4b54 1326w, https:\/\/www.abf.se\/huddinge\/resized\/?url=https%3A%2F%2Fwww.abf.se%2Fwp-content%2Fuploads%2F2023%2F11%2Fcare-for-u-2_foto-istock_IMGP.jpg&#038;fit=crop&#038;w=1440&#038;h=540&#038;s=43404830cf0ea2f1f4ad052260555ca0 1440w\" alt=\"\" height=\"540\" width=\"1440\" sizes=\"(max-width: 1440px) calc(100vw - 32px), 1440px\" loading=\"eager\" fetchpriority=\"high\" aria-hidden=\"true\" role=\"presentation\" \/><\/picture>\n        \n\n                    <figure class=\"absolute bottom-0  md:w-1\/2 transform right-0 translate-x-10 md:translate-x-32\">\n                <img decoding=\"async\"\n                    alt=\"\"\n                    aria-hidden=\"true\"\n                    class=\"h-auto w-full\"\n                    role=\"presentation\"\n                    src=\"\/assets\/images\/two_circles_bottom.svg\"\n                >\n            <\/figure>\n            <\/div>\n\n    <\/div>\n\n<div\n    class=\"acf-article-text-block article-container my-12\"\n    data-block=\"article-text-block\"\n>\n    <div class=\"wysiwyg\">\n        <p>Som cirkelledare \u00e4r du en ambassad\u00f6r f\u00f6r ABF och vi tycker att det \u00e4r viktigt att du har m\u00f6jlighet att forts\u00e4tta utvecklas som ledare.<\/p>\n<p>Du kommer att bjudas in till ABFs cirkelledarutbildning GRUND som \u00e4r f\u00f6rsta steget i v\u00e5r utbildningstrappa. Vi vill med utbildningen skapa ett intresse och en f\u00f6rst\u00e5else f\u00f6r vad ABF och folkbildning egentligen \u00e4r. H\u00e4r f\u00e5r du mer kunskap om folkbildning, studiecirkelpedagogik med mera.<\/p>\n<p>GRUND \u00e4r bara b\u00f6rjan och n\u00e4r du har g\u00e5tt den finns flera forts\u00e4ttnings och f\u00f6rdjupningsutbildningar som du kan delta i. H\u00e4r diskuteras sp\u00e4nnande \u00e4mnen som ledarskap, gruppdynamik, folkbildningshistoria, distanspedagogik, teknik f\u00f6r studiecirkeln m.m.<\/p>\n<p>Vill du veta mer?<\/p>\n<p><strong>Kontakta oss: 08-774 02 70 eller <a href=\"mailto:info.huddinge@abf.se\">info.huddinge@abf.se<\/a><\/strong><\/p>\n\n    <\/div>\n<\/div>\n<div\n    class=\"acf-section-breaker-text my-8 container-lg\"\n    data-block=\"section-breaker-text\"\n>\n    <div class=\"round-corners-lg overflow-hidden pt-36 pb-8 px-5 md:p-16 relative grid grid-cols-1 md:grid-cols-2 lg:grid-cols-5 grid-flow-col-dense\">\n\n            <picture class=\"as-background-image\"><img decoding=\"async\" src=\"https:\/\/www.abf.se\/huddinge\/resized\/?url=https%3A%2F%2Fwww.abf.se%2Fwp-content%2Fuploads%2F2024%2F04%2FABF_header_1805-5812.jpg&#038;fit=crop&#038;w=1440&#038;s=78ff7251a4b66d8db0168cc5df44b98d\" srcset=\"https:\/\/www.abf.se\/huddinge\/resized\/?url=https%3A%2F%2Fwww.abf.se%2Fwp-content%2Fuploads%2F2024%2F04%2FABF_header_1805-5812.jpg&#038;fit=crop&#038;w=375&#038;h=540&#038;s=8f96e9efe7c97e69f6811b344a2194a1 375w, https:\/\/www.abf.se\/huddinge\/resized\/?url=https%3A%2F%2Fwww.abf.se%2Fwp-content%2Fuploads%2F2024%2F04%2FABF_header_1805-5812.jpg&#038;fit=crop&#038;w=499&#038;h=540&#038;s=0efcfea890ccd0bdf2289e9b9f9f9f4f 499w, https:\/\/www.abf.se\/huddinge\/resized\/?url=https%3A%2F%2Fwww.abf.se%2Fwp-content%2Fuploads%2F2024%2F04%2FABF_header_1805-5812.jpg&#038;fit=crop&#038;w=623&#038;h=540&#038;s=2d21384a0448cba1e946458d95374ad9 623w, https:\/\/www.abf.se\/huddinge\/resized\/?url=https%3A%2F%2Fwww.abf.se%2Fwp-content%2Fuploads%2F2024%2F04%2FABF_header_1805-5812.jpg&#038;fit=crop&#038;w=747&#038;h=540&#038;s=67a5bbf5b378df2c1998cb1129193ed8 747w, https:\/\/www.abf.se\/huddinge\/resized\/?url=https%3A%2F%2Fwww.abf.se%2Fwp-content%2Fuploads%2F2024%2F04%2FABF_header_1805-5812.jpg&#038;fit=crop&#038;w=750&#038;h=540&#038;s=7a4605ae03a3c3604ed757de88f2cd80 750w, https:\/\/www.abf.se\/huddinge\/resized\/?url=https%3A%2F%2Fwww.abf.se%2Fwp-content%2Fuploads%2F2024%2F04%2FABF_header_1805-5812.jpg&#038;fit=crop&#038;w=871&#038;h=540&#038;s=ce53325dcab71ac3e30663da296a09e7 871w, https:\/\/www.abf.se\/huddinge\/resized\/?url=https%3A%2F%2Fwww.abf.se%2Fwp-content%2Fuploads%2F2024%2F04%2FABF_header_1805-5812.jpg&#038;fit=crop&#038;w=995&#038;h=540&#038;s=3cb05933b25baba33341ce91ad8ae4df 995w, https:\/\/www.abf.se\/huddinge\/resized\/?url=https%3A%2F%2Fwww.abf.se%2Fwp-content%2Fuploads%2F2024%2F04%2FABF_header_1805-5812.jpg&#038;fit=crop&#038;w=998&#038;h=540&#038;s=5548085100fa0ed7f8f5c3bb85670afb 998w, https:\/\/www.abf.se\/huddinge\/resized\/?url=https%3A%2F%2Fwww.abf.se%2Fwp-content%2Fuploads%2F2024%2F04%2FABF_header_1805-5812.jpg&#038;fit=crop&#038;w=1119&#038;h=540&#038;s=88d68e353f14203c9b1737bde16b3501 1119w, https:\/\/www.abf.se\/huddinge\/resized\/?url=https%3A%2F%2Fwww.abf.se%2Fwp-content%2Fuploads%2F2024%2F04%2FABF_header_1805-5812.jpg&#038;fit=crop&#038;w=1243&#038;h=540&#038;s=a78364b36cfc1fd7b78ef7fdff5e42fc 1243w, https:\/\/www.abf.se\/huddinge\/resized\/?url=https%3A%2F%2Fwww.abf.se%2Fwp-content%2Fuploads%2F2024%2F04%2FABF_header_1805-5812.jpg&#038;fit=crop&#038;w=1246&#038;h=540&#038;s=25de2e5156148d4f8a86dcd027c0550e 1246w, https:\/\/www.abf.se\/huddinge\/resized\/?url=https%3A%2F%2Fwww.abf.se%2Fwp-content%2Fuploads%2F2024%2F04%2FABF_header_1805-5812.jpg&#038;fit=crop&#038;w=1367&#038;h=540&#038;s=c1930a6fbb58aaa46cbb67f8e2136238 1367w, https:\/\/www.abf.se\/huddinge\/resized\/?url=https%3A%2F%2Fwww.abf.se%2Fwp-content%2Fuploads%2F2024%2F04%2FABF_header_1805-5812.jpg&#038;fit=crop&#038;w=1440&#038;h=540&#038;s=eef9a1fd2f073e5cf3dfbd086c1b6e98 1440w, https:\/\/www.abf.se\/huddinge\/resized\/?url=https%3A%2F%2Fwww.abf.se%2Fwp-content%2Fuploads%2F2024%2F04%2FABF_header_1805-5812.jpg&#038;fit=crop&#038;w=1494&#038;h=540&#038;s=f45212e712154180bc467a814bdb11fa 1494w, https:\/\/www.abf.se\/huddinge\/resized\/?url=https%3A%2F%2Fwww.abf.se%2Fwp-content%2Fuploads%2F2024%2F04%2FABF_header_1805-5812.jpg&#038;fit=crop&#038;w=1742&#038;h=540&#038;s=49d296fa8cf3f0dd80d6236c711efb00 1742w, https:\/\/www.abf.se\/huddinge\/resized\/?url=https%3A%2F%2Fwww.abf.se%2Fwp-content%2Fuploads%2F2024%2F04%2FABF_header_1805-5812.jpg&#038;fit=crop&#038;w=1990&#038;h=540&#038;s=c421093cc30b9b849d7dfcdb6139fb8a 1990w, https:\/\/www.abf.se\/huddinge\/resized\/?url=https%3A%2F%2Fwww.abf.se%2Fwp-content%2Fuploads%2F2024%2F04%2FABF_header_1805-5812.jpg&#038;fit=crop&#038;w=2238&#038;h=540&#038;s=4ba879b4320e1a1d58a35caa568232b2 2238w, https:\/\/www.abf.se\/huddinge\/resized\/?url=https%3A%2F%2Fwww.abf.se%2Fwp-content%2Fuploads%2F2024%2F04%2FABF_header_1805-5812.jpg&#038;fit=crop&#038;w=2486&#038;h=540&#038;s=1895edabcc02eae805f15979b32ca4e9 2486w, https:\/\/www.abf.se\/huddinge\/resized\/?url=https%3A%2F%2Fwww.abf.se%2Fwp-content%2Fuploads%2F2024%2F04%2FABF_header_1805-5812.jpg&#038;fit=crop&#038;w=2734&#038;h=540&#038;s=899af447648d52bcde66fa89797aab39 2734w\" alt=\"\" height=\"540\" width=\"1440\" sizes=\"auto, \n            (max-width: 1440px) calc(100vw - 32px), 1440px\" loading=\"lazy\" fetchpriority=\"low\" aria-hidden=\"true\" role=\"presentation\" \/><\/picture>\n                <div class=\"bg-white round-corners-sm px-10 py-11 col-span-1  relative z-10 col-start-4 col-end-[-1]\">\n            <h2 class=\"heading-lg mb-4\">Utbildning<\/h2>\n            <div style=\"font-size: 1.25rem; color: black;\" class=\"body-xl wysiwyg\"><p>Delta p\u00e5 en av v\u00e5ra utvecklande cirkelledarutbildningar<\/p>\n<\/div>\n                                            <a href='https:\/\/www.abf.se\/huddinge\/kurs-sok\/?q=Cirkelledarutbildning' class=\"default-button mt-8\" target=\"\">Aktuella cirkelledarutbildningar<\/a>\n                    \n        <\/div>\n    <\/div>\n<\/div>\n","protected":false},"excerpt":{"rendered":"","protected":false},"author":92,"featured_media":0,"parent":488,"menu_order":0,"comment_status":"closed","ping_status":"closed","template":"","meta":{"_acf_changed":false,"footnotes":""},"class_list":["post-577","page","type-page","status-publish","hentry"],"acf":[],"yoast_head":"<!-- This site is optimized with the Yoast SEO plugin v27.0 - https:\/\/yoast.com\/product\/yoast-seo-wordpress\/ -->\n<title>Cirkelledarutbildning - Huddinge<\/title>\n<meta name=\"robots\" content=\"index, follow, max-snippet:-1, max-image-preview:large, max-video-preview:-1\" \/>\n<link rel=\"canonical\" href=\"https:\/\/www.abf.se\/huddinge\/cirkelledare\/cirkelledarutbildning\/\" \/>\n<meta property=\"og:locale\" content=\"sv_SE\" \/>\n<meta property=\"og:type\" content=\"article\" \/>\n<meta property=\"og:title\" content=\"Cirkelledarutbildning - Huddinge\" \/>\n<meta property=\"og:url\" content=\"https:\/\/www.abf.se\/huddinge\/cirkelledare\/cirkelledarutbildning\/\" \/>\n<meta property=\"og:site_name\" content=\"Huddinge\" \/>\n<meta property=\"article:modified_time\" content=\"2025-03-27T09:52:01+00:00\" \/>\n<meta property=\"og:image\" content=\"https:\/\/www.abf.se\/wp-content\/uploads\/sites\/26\/2024\/04\/Nyckeln-liggande-scaled.jpg\" \/>\n\t<meta property=\"og:image:width\" content=\"2560\" \/>\n\t<meta property=\"og:image:height\" content=\"1440\" \/>\n\t<meta property=\"og:image:type\" content=\"image\/jpeg\" \/>\n<meta name=\"twitter:card\" content=\"summary_large_image\" \/>\n<script type=\"application\/ld+json\" class=\"yoast-schema-graph\">{\"@context\":\"https:\/\/schema.org\",\"@graph\":[{\"@type\":\"WebPage\",\"@id\":\"https:\/\/www.abf.se\/huddinge\/cirkelledare\/cirkelledarutbildning\/\",\"url\":\"https:\/\/www.abf.se\/huddinge\/cirkelledare\/cirkelledarutbildning\/\",\"name\":\"Cirkelledarutbildning - Huddinge\",\"isPartOf\":{\"@id\":\"https:\/\/www.abf.se\/huddinge\/#website\"},\"datePublished\":\"2024-04-22T16:39:12+00:00\",\"dateModified\":\"2025-03-27T09:52:01+00:00\",\"breadcrumb\":{\"@id\":\"https:\/\/www.abf.se\/huddinge\/cirkelledare\/cirkelledarutbildning\/#breadcrumb\"},\"inLanguage\":\"sv-SE\",\"potentialAction\":[{\"@type\":\"ReadAction\",\"target\":[\"https:\/\/www.abf.se\/huddinge\/cirkelledare\/cirkelledarutbildning\/\"]}]},{\"@type\":\"BreadcrumbList\",\"@id\":\"https:\/\/www.abf.se\/huddinge\/cirkelledare\/cirkelledarutbildning\/#breadcrumb\",\"itemListElement\":[{\"@type\":\"ListItem\",\"position\":1,\"name\":\"Home\",\"item\":\"https:\/\/www.abf.se\/huddinge\/\"},{\"@type\":\"ListItem\",\"position\":2,\"name\":\"Cirkelledare\",\"item\":\"https:\/\/www.abf.se\/huddinge\/cirkelledare\/\"},{\"@type\":\"ListItem\",\"position\":3,\"name\":\"Cirkelledarutbildning\"}]},{\"@type\":\"WebSite\",\"@id\":\"https:\/\/www.abf.se\/huddinge\/#website\",\"url\":\"https:\/\/www.abf.se\/huddinge\/\",\"name\":\"Huddinge\",\"description\":\"\",\"potentialAction\":[{\"@type\":\"SearchAction\",\"target\":{\"@type\":\"EntryPoint\",\"urlTemplate\":\"https:\/\/www.abf.se\/huddinge\/?s={search_term_string}\"},\"query-input\":{\"@type\":\"PropertyValueSpecification\",\"valueRequired\":true,\"valueName\":\"search_term_string\"}}],\"inLanguage\":\"sv-SE\"}]}<\/script>\n<!-- \/ Yoast SEO plugin. -->","yoast_head_json":{"title":"Cirkelledarutbildning - Huddinge","robots":{"index":"index","follow":"follow","max-snippet":"max-snippet:-1","max-image-preview":"max-image-preview:large","max-video-preview":"max-video-preview:-1"},"canonical":"https:\/\/www.abf.se\/huddinge\/cirkelledare\/cirkelledarutbildning\/","og_locale":"sv_SE","og_type":"article","og_title":"Cirkelledarutbildning - Huddinge","og_url":"https:\/\/www.abf.se\/huddinge\/cirkelledare\/cirkelledarutbildning\/","og_site_name":"Huddinge","article_modified_time":"2025-03-27T09:52:01+00:00","og_image":[{"width":2560,"height":1440,"url":"https:\/\/www.abf.se\/wp-content\/uploads\/sites\/26\/2024\/04\/Nyckeln-liggande-scaled.jpg","type":"image\/jpeg"}],"twitter_card":"summary_large_image","schema":{"@context":"https:\/\/schema.org","@graph":[{"@type":"WebPage","@id":"https:\/\/www.abf.se\/huddinge\/cirkelledare\/cirkelledarutbildning\/","url":"https:\/\/www.abf.se\/huddinge\/cirkelledare\/cirkelledarutbildning\/","name":"Cirkelledarutbildning - Huddinge","isPartOf":{"@id":"https:\/\/www.abf.se\/huddinge\/#website"},"datePublished":"2024-04-22T16:39:12+00:00","dateModified":"2025-03-27T09:52:01+00:00","breadcrumb":{"@id":"https:\/\/www.abf.se\/huddinge\/cirkelledare\/cirkelledarutbildning\/#breadcrumb"},"inLanguage":"sv-SE","potentialAction":[{"@type":"ReadAction","target":["https:\/\/www.abf.se\/huddinge\/cirkelledare\/cirkelledarutbildning\/"]}]},{"@type":"BreadcrumbList","@id":"https:\/\/www.abf.se\/huddinge\/cirkelledare\/cirkelledarutbildning\/#breadcrumb","itemListElement":[{"@type":"ListItem","position":1,"name":"Home","item":"https:\/\/www.abf.se\/huddinge\/"},{"@type":"ListItem","position":2,"name":"Cirkelledare","item":"https:\/\/www.abf.se\/huddinge\/cirkelledare\/"},{"@type":"ListItem","position":3,"name":"Cirkelledarutbildning"}]},{"@type":"WebSite","@id":"https:\/\/www.abf.se\/huddinge\/#website","url":"https:\/\/www.abf.se\/huddinge\/","name":"Huddinge","description":"","potentialAction":[{"@type":"SearchAction","target":{"@type":"EntryPoint","urlTemplate":"https:\/\/www.abf.se\/huddinge\/?s={search_term_string}"},"query-input":{"@type":"PropertyValueSpecification","valueRequired":true,"valueName":"search_term_string"}}],"inLanguage":"sv-SE"}]}},"_links":{"self":[{"href":"https:\/\/www.abf.se\/huddinge\/wp-json\/wp\/v2\/pages\/577","targetHints":{"allow":["GET"]}}],"collection":[{"href":"https:\/\/www.abf.se\/huddinge\/wp-json\/wp\/v2\/pages"}],"about":[{"href":"https:\/\/www.abf.se\/huddinge\/wp-json\/wp\/v2\/types\/page"}],"author":[{"embeddable":true,"href":"https:\/\/www.abf.se\/huddinge\/wp-json\/wp\/v2\/users\/92"}],"replies":[{"embeddable":true,"href":"https:\/\/www.abf.se\/huddinge\/wp-json\/wp\/v2\/comments?post=577"}],"version-history":[{"count":18,"href":"https:\/\/www.abf.se\/huddinge\/wp-json\/wp\/v2\/pages\/577\/revisions"}],"predecessor-version":[{"id":1204,"href":"https:\/\/www.abf.se\/huddinge\/wp-json\/wp\/v2\/pages\/577\/revisions\/1204"}],"up":[{"embeddable":true,"href":"https:\/\/www.abf.se\/huddinge\/wp-json\/wp\/v2\/pages\/488"}],"wp:attachment":[{"href":"https:\/\/www.abf.se\/huddinge\/wp-json\/wp\/v2\/media?parent=577"}],"curies":[{"name":"wp","href":"https:\/\/api.w.org\/{rel}","templated":true}]}}