{"id":1014,"date":"2025-05-22T10:32:22","date_gmt":"2025-05-22T08:32:22","guid":{"rendered":"https:\/\/www.abf.se\/jamtland-harjedalen\/?page_id=1014"},"modified":"2025-05-22T10:34:04","modified_gmt":"2025-05-22T08:34:04","slug":"malarkurser-fackligakurser-moten-forelasningar-poddstudio","status":"publish","type":"page","link":"https:\/\/www.abf.se\/jamtland-harjedalen\/malarkurser-fackligakurser-moten-forelasningar-poddstudio\/","title":{"rendered":"ABF J\u00e4mtland\/H\u00e4rjedalen &#8211; Huvudkontor"},"content":{"rendered":"<div\n    class=\"acf-article-text-block article-container my-12\"\n    data-block=\"article-text-block\"\n>\n    <div class=\"wysiwyg\">\n        <p>P\u00e5 huvudkontoret hittar du v\u00e5ra lokaler f\u00f6r m\u00e5nga av v\u00e5ra kurser, allt fr\u00e5n m\u00e5laratelj\u00e9 till poddstudio. Vill du starta din egna kurs utifr\u00e5n n\u00e5got du brinner f\u00f6r s\u00e5 maila till <a href=\"mailto:info.jh@abf.se\">info.jh@abf.se<\/a> eller s\u00e5 ringer du 063-57 00 00 och ber\u00e4tta s\u00e5 hj\u00e4lper vi dig att komma ig\u00e5ng<\/p>\n\n    <\/div>\n<\/div>\n","protected":false},"excerpt":{"rendered":"","protected":false},"author":34,"featured_media":0,"parent":0,"menu_order":0,"comment_status":"closed","ping_status":"closed","template":"","meta":{"_acf_changed":false,"footnotes":""},"class_list":["post-1014","page","type-page","status-publish","hentry"],"acf":[],"yoast_head":"<!-- This site is optimized with the Yoast SEO plugin v27.0 - https:\/\/yoast.com\/product\/yoast-seo-wordpress\/ -->\n<title>ABF J\u00e4mtland\/H\u00e4rjedalen - Huvudkontor - J\u00e4mtland H\u00e4rjedalen<\/title>\n<meta name=\"description\" content=\"Huvudkontoret ligger i \u00d6stersund p\u00e5 Midg\u00e5rdsgatan 8 (vid Willy\u00b4s) Gratis parkering vid Storsj\u00f6torg. Cirklar och kurser i m\u00e5nga \u00e4mnen.\" \/>\n<meta name=\"robots\" content=\"index, follow, max-snippet:-1, max-image-preview:large, max-video-preview:-1\" \/>\n<link rel=\"canonical\" href=\"https:\/\/www.abf.se\/jamtland-harjedalen\/malarkurser-fackligakurser-moten-forelasningar-poddstudio\/\" \/>\n<meta property=\"og:locale\" content=\"sv_SE\" \/>\n<meta property=\"og:type\" content=\"article\" \/>\n<meta property=\"og:title\" content=\"ABF J\u00e4mtland\/H\u00e4rjedalen - Huvudkontor - J\u00e4mtland H\u00e4rjedalen\" \/>\n<meta property=\"og:description\" content=\"Huvudkontoret ligger i \u00d6stersund p\u00e5 Midg\u00e5rdsgatan 8 (vid Willy\u00b4s) Gratis parkering vid Storsj\u00f6torg. Cirklar och kurser i m\u00e5nga \u00e4mnen.\" \/>\n<meta property=\"og:url\" content=\"https:\/\/www.abf.se\/jamtland-harjedalen\/malarkurser-fackligakurser-moten-forelasningar-poddstudio\/\" \/>\n<meta property=\"og:site_name\" content=\"J\u00e4mtland H\u00e4rjedalen\" \/>\n<meta property=\"article:modified_time\" content=\"2025-05-22T08:34:04+00:00\" \/>\n<meta property=\"og:image\" content=\"https:\/\/www.abf.se\/wp-content\/uploads\/sites\/30\/2024\/04\/Nyckeln-liggande-scaled.jpg\" \/>\n\t<meta property=\"og:image:width\" content=\"2560\" \/>\n\t<meta property=\"og:image:height\" content=\"1440\" \/>\n\t<meta property=\"og:image:type\" content=\"image\/jpeg\" \/>\n<meta name=\"twitter:card\" content=\"summary_large_image\" \/>\n<script type=\"application\/ld+json\" class=\"yoast-schema-graph\">{\"@context\":\"https:\/\/schema.org\",\"@graph\":[{\"@type\":\"WebPage\",\"@id\":\"https:\/\/www.abf.se\/jamtland-harjedalen\/malarkurser-fackligakurser-moten-forelasningar-poddstudio\/\",\"url\":\"https:\/\/www.abf.se\/jamtland-harjedalen\/malarkurser-fackligakurser-moten-forelasningar-poddstudio\/\",\"name\":\"ABF J\u00e4mtland\/H\u00e4rjedalen - Huvudkontor - J\u00e4mtland H\u00e4rjedalen\",\"isPartOf\":{\"@id\":\"https:\/\/www.abf.se\/jamtland-harjedalen\/#website\"},\"datePublished\":\"2025-05-22T08:32:22+00:00\",\"dateModified\":\"2025-05-22T08:34:04+00:00\",\"description\":\"Huvudkontoret ligger i \u00d6stersund p\u00e5 Midg\u00e5rdsgatan 8 (vid Willy\u00b4s) Gratis parkering vid Storsj\u00f6torg. Cirklar och kurser i m\u00e5nga \u00e4mnen.\",\"breadcrumb\":{\"@id\":\"https:\/\/www.abf.se\/jamtland-harjedalen\/malarkurser-fackligakurser-moten-forelasningar-poddstudio\/#breadcrumb\"},\"inLanguage\":\"sv-SE\",\"potentialAction\":[{\"@type\":\"ReadAction\",\"target\":[\"https:\/\/www.abf.se\/jamtland-harjedalen\/malarkurser-fackligakurser-moten-forelasningar-poddstudio\/\"]}]},{\"@type\":\"BreadcrumbList\",\"@id\":\"https:\/\/www.abf.se\/jamtland-harjedalen\/malarkurser-fackligakurser-moten-forelasningar-poddstudio\/#breadcrumb\",\"itemListElement\":[{\"@type\":\"ListItem\",\"position\":1,\"name\":\"Home\",\"item\":\"https:\/\/www.abf.se\/jamtland-harjedalen\/\"},{\"@type\":\"ListItem\",\"position\":2,\"name\":\"ABF J\u00e4mtland\/H\u00e4rjedalen &#8211; Huvudkontor\"}]},{\"@type\":\"WebSite\",\"@id\":\"https:\/\/www.abf.se\/jamtland-harjedalen\/#website\",\"url\":\"https:\/\/www.abf.se\/jamtland-harjedalen\/\",\"name\":\"J\u00e4mtland H\u00e4rjedalen\",\"description\":\"\",\"potentialAction\":[{\"@type\":\"SearchAction\",\"target\":{\"@type\":\"EntryPoint\",\"urlTemplate\":\"https:\/\/www.abf.se\/jamtland-harjedalen\/?s={search_term_string}\"},\"query-input\":{\"@type\":\"PropertyValueSpecification\",\"valueRequired\":true,\"valueName\":\"search_term_string\"}}],\"inLanguage\":\"sv-SE\"}]}<\/script>\n<!-- \/ Yoast SEO plugin. -->","yoast_head_json":{"title":"ABF J\u00e4mtland\/H\u00e4rjedalen - Huvudkontor - J\u00e4mtland H\u00e4rjedalen","description":"Huvudkontoret ligger i \u00d6stersund p\u00e5 Midg\u00e5rdsgatan 8 (vid Willy\u00b4s) Gratis parkering vid Storsj\u00f6torg. Cirklar och kurser i m\u00e5nga \u00e4mnen.","robots":{"index":"index","follow":"follow","max-snippet":"max-snippet:-1","max-image-preview":"max-image-preview:large","max-video-preview":"max-video-preview:-1"},"canonical":"https:\/\/www.abf.se\/jamtland-harjedalen\/malarkurser-fackligakurser-moten-forelasningar-poddstudio\/","og_locale":"sv_SE","og_type":"article","og_title":"ABF J\u00e4mtland\/H\u00e4rjedalen - Huvudkontor - J\u00e4mtland H\u00e4rjedalen","og_description":"Huvudkontoret ligger i \u00d6stersund p\u00e5 Midg\u00e5rdsgatan 8 (vid Willy\u00b4s) Gratis parkering vid Storsj\u00f6torg. Cirklar och kurser i m\u00e5nga \u00e4mnen.","og_url":"https:\/\/www.abf.se\/jamtland-harjedalen\/malarkurser-fackligakurser-moten-forelasningar-poddstudio\/","og_site_name":"J\u00e4mtland H\u00e4rjedalen","article_modified_time":"2025-05-22T08:34:04+00:00","og_image":[{"width":2560,"height":1440,"url":"https:\/\/www.abf.se\/wp-content\/uploads\/sites\/30\/2024\/04\/Nyckeln-liggande-scaled.jpg","type":"image\/jpeg"}],"twitter_card":"summary_large_image","schema":{"@context":"https:\/\/schema.org","@graph":[{"@type":"WebPage","@id":"https:\/\/www.abf.se\/jamtland-harjedalen\/malarkurser-fackligakurser-moten-forelasningar-poddstudio\/","url":"https:\/\/www.abf.se\/jamtland-harjedalen\/malarkurser-fackligakurser-moten-forelasningar-poddstudio\/","name":"ABF J\u00e4mtland\/H\u00e4rjedalen - Huvudkontor - J\u00e4mtland H\u00e4rjedalen","isPartOf":{"@id":"https:\/\/www.abf.se\/jamtland-harjedalen\/#website"},"datePublished":"2025-05-22T08:32:22+00:00","dateModified":"2025-05-22T08:34:04+00:00","description":"Huvudkontoret ligger i \u00d6stersund p\u00e5 Midg\u00e5rdsgatan 8 (vid Willy\u00b4s) Gratis parkering vid Storsj\u00f6torg. Cirklar och kurser i m\u00e5nga \u00e4mnen.","breadcrumb":{"@id":"https:\/\/www.abf.se\/jamtland-harjedalen\/malarkurser-fackligakurser-moten-forelasningar-poddstudio\/#breadcrumb"},"inLanguage":"sv-SE","potentialAction":[{"@type":"ReadAction","target":["https:\/\/www.abf.se\/jamtland-harjedalen\/malarkurser-fackligakurser-moten-forelasningar-poddstudio\/"]}]},{"@type":"BreadcrumbList","@id":"https:\/\/www.abf.se\/jamtland-harjedalen\/malarkurser-fackligakurser-moten-forelasningar-poddstudio\/#breadcrumb","itemListElement":[{"@type":"ListItem","position":1,"name":"Home","item":"https:\/\/www.abf.se\/jamtland-harjedalen\/"},{"@type":"ListItem","position":2,"name":"ABF J\u00e4mtland\/H\u00e4rjedalen &#8211; Huvudkontor"}]},{"@type":"WebSite","@id":"https:\/\/www.abf.se\/jamtland-harjedalen\/#website","url":"https:\/\/www.abf.se\/jamtland-harjedalen\/","name":"J\u00e4mtland H\u00e4rjedalen","description":"","potentialAction":[{"@type":"SearchAction","target":{"@type":"EntryPoint","urlTemplate":"https:\/\/www.abf.se\/jamtland-harjedalen\/?s={search_term_string}"},"query-input":{"@type":"PropertyValueSpecification","valueRequired":true,"valueName":"search_term_string"}}],"inLanguage":"sv-SE"}]}},"_links":{"self":[{"href":"https:\/\/www.abf.se\/jamtland-harjedalen\/wp-json\/wp\/v2\/pages\/1014","targetHints":{"allow":["GET"]}}],"collection":[{"href":"https:\/\/www.abf.se\/jamtland-harjedalen\/wp-json\/wp\/v2\/pages"}],"about":[{"href":"https:\/\/www.abf.se\/jamtland-harjedalen\/wp-json\/wp\/v2\/types\/page"}],"author":[{"embeddable":true,"href":"https:\/\/www.abf.se\/jamtland-harjedalen\/wp-json\/wp\/v2\/users\/34"}],"replies":[{"embeddable":true,"href":"https:\/\/www.abf.se\/jamtland-harjedalen\/wp-json\/wp\/v2\/comments?post=1014"}],"version-history":[{"count":3,"href":"https:\/\/www.abf.se\/jamtland-harjedalen\/wp-json\/wp\/v2\/pages\/1014\/revisions"}],"predecessor-version":[{"id":1018,"href":"https:\/\/www.abf.se\/jamtland-harjedalen\/wp-json\/wp\/v2\/pages\/1014\/revisions\/1018"}],"wp:attachment":[{"href":"https:\/\/www.abf.se\/jamtland-harjedalen\/wp-json\/wp\/v2\/media?parent=1014"}],"curies":[{"name":"wp","href":"https:\/\/api.w.org\/{rel}","templated":true}]}}